{"id":8071,"date":"2023-11-17T14:17:25","date_gmt":"2023-11-17T14:17:25","guid":{"rendered":"https:\/\/gpdstore.net\/Ikke%20kategoriseret\/gpd-win-4-2023-haandholdt-gaming-pc\/"},"modified":"2026-01-09T00:11:28","modified_gmt":"2026-01-09T00:11:28","slug":"gpd-win-4-2023","status":"publish","type":"product","link":"https:\/\/gpdstore.net\/da\/product\/gpd-win-4-2023\/","title":{"rendered":"GPD WIN 4 2023 H\u00e5ndholdt gaming-pc"},"content":{"rendered":"\n<figure class=\"wp-block-video\"><video controls=\"\" muted=\"\" poster=\"https:\/\/gpdstore.net\/wp-content\/uploads\/2024\/03\/gpd-win4-indiegogo-time-is-here-v0-te3iiclycf5a1.webp\" src=\"https:\/\/gpdstore.net\/wp-content\/uploads\/\"><\/video><\/figure>\n\n<div class=\"wp-block-columns is-layout-flex wp-container-core-columns-is-layout-28f84493 wp-block-columns-is-layout-flex\">\n<div class=\"wp-block-column is-layout-flow wp-block-column-is-layout-flow\" style=\"flex-basis:33.33%\">\n<figure class=\"wp-block-image size-full\"><img fetchpriority=\"high\" decoding=\"async\" width=\"1000\" height=\"1000\" src=\"https:\/\/gpdstore.net\/wp-content\/uploads\/2024\/05\/GPD-WIN-4-2024-WHITE-DONE-LISTING-IMAGE-5.jpg\" alt=\"gpd win 4 i hvid\" class=\"wp-image-1555\" srcset=\"https:\/\/gpdstore.net\/wp-content\/uploads\/2024\/05\/GPD-WIN-4-2024-WHITE-DONE-LISTING-IMAGE-5.jpg 1000w, https:\/\/gpdstore.net\/wp-content\/uploads\/2024\/05\/GPD-WIN-4-2024-WHITE-DONE-LISTING-IMAGE-5-600x600.jpg 600w, https:\/\/gpdstore.net\/wp-content\/uploads\/2024\/05\/GPD-WIN-4-2024-WHITE-DONE-LISTING-IMAGE-5-150x150.jpg 150w, https:\/\/gpdstore.net\/wp-content\/uploads\/2024\/05\/GPD-WIN-4-2024-WHITE-DONE-LISTING-IMAGE-5-768x768.jpg 768w, https:\/\/gpdstore.net\/wp-content\/uploads\/2024\/05\/GPD-WIN-4-2024-WHITE-DONE-LISTING-IMAGE-5-990x990.jpg 990w, https:\/\/gpdstore.net\/wp-content\/uploads\/2024\/05\/GPD-WIN-4-2024-WHITE-DONE-LISTING-IMAGE-5-441x441.jpg 441w, https:\/\/gpdstore.net\/wp-content\/uploads\/2024\/05\/GPD-WIN-4-2024-WHITE-DONE-LISTING-IMAGE-5-100x100.jpg 100w\" sizes=\"(max-width: 1000px) 100vw, 1000px\" \/><\/figure>\n<\/div>\n\n\n\n<div class=\"wp-block-column is-layout-flow wp-block-column-is-layout-flow\" style=\"flex-basis:66.66%\">\n<h2 class=\"wp-block-heading\"><strong>Velkommen til GPD WIN 4 2023: Din ultimative spiloplevelse p\u00e5 farten<\/strong><\/h2>\n\n\n\n<p>Sig farvel til begr\u00e6nsningerne i dit gaming-setup derhjemme og goddag til friheden til at spille hvor som helst og n\u00e5r som helst! Vi pr\u00e6senterer <strong>GPD WIN 4 2023<\/strong>, den ultimative b\u00e6rbare gaming-pc, der giver dig mulighed for at slippe din gaming-evne l\u00f8s p\u00e5 farten. Denne ekstraordin\u00e6re enhed blander problemfrit kraften fra en h\u00f8jtydende gaming-pc med bekvemmeligheden ved en h\u00e5ndholdt enhed, s\u00e5 du kan dykke ned i dine yndlingsspil, uanset hvor livet tager dig hen.  <br\/><\/p>\n<\/div>\n<\/div>\n\n<h2 class=\"wp-block-heading has-text-align-center\">Bygget til sejr: Pr\u00e6cisionsstyring, massiv lagring og avanceret k\u00f8ling<\/h2>\n\n<div class=\"wp-block-columns is-layout-flex wp-container-core-columns-is-layout-28f84493 wp-block-columns-is-layout-flex\">\n<div class=\"wp-block-column is-layout-flow wp-block-column-is-layout-flow\">\n<figure class=\"wp-block-image size-full\"><img decoding=\"async\" src=\"https:\/\/gpdstore.net\/wp-content\/uploads\/\" alt=\"analog pind til gpd win 4\" class=\"wp-image-1557\"\/><\/figure>\n\n\n\n<h3 class=\"wp-block-heading\"><strong><strong><strong>Ultimativ kontrol:<\/strong> At mestre spillet med ALPS 3D-joysticks og 6-akset bev\u00e6gelse.<\/strong><\/strong><\/h3>\n\n\n\n<p>GPD WIN 4 2023 giver en overlegen spiloplevelse med sine ALPS 3D-joysticks og spilknapper. Disse h\u00f8jkvalitetskontroller giver pr\u00e6cist input og optimal feedback, hvilket sikrer et pr\u00e6cist og medrivende gameplay. Med det 6-aksede gyroskop f\u00e5r du forbedret bev\u00e6gelseskontrol, s\u00e5 du kan bev\u00e6ge dig intuitivt i kompatible spil. De dobbelte vibrationsmotorer forbedrer din spiloplevelse yderligere og giver taktil feedback, der tilf\u00f8jer et nyt niveau af fordybelse til dine eventyr.   <\/p>\n<\/div>\n\n\n\n<div class=\"wp-block-column is-layout-flow wp-block-column-is-layout-flow\">\n<figure class=\"wp-block-image size-full\"><img decoding=\"async\" width=\"300\" height=\"300\" src=\"https:\/\/gpdstore.net\/wp-content\/uploads\/2024\/05\/078c9d42-e74f-4fb3-893b-5f22ffd9d6ed.__CR1300600600_PT0_SX300_V1___.jpg\" alt=\"ssd i gpd win 4\" class=\"wp-image-1558\" srcset=\"https:\/\/gpdstore.net\/wp-content\/uploads\/2024\/05\/078c9d42-e74f-4fb3-893b-5f22ffd9d6ed.__CR1300600600_PT0_SX300_V1___.jpg 300w, https:\/\/gpdstore.net\/wp-content\/uploads\/2024\/05\/078c9d42-e74f-4fb3-893b-5f22ffd9d6ed.__CR1300600600_PT0_SX300_V1___-150x150.jpg 150w, https:\/\/gpdstore.net\/wp-content\/uploads\/2024\/05\/078c9d42-e74f-4fb3-893b-5f22ffd9d6ed.__CR1300600600_PT0_SX300_V1___-100x100.jpg 100w\" sizes=\"(max-width: 300px) 100vw, 300px\" \/><\/figure>\n\n\n\n<h3 class=\"wp-block-heading\"><strong><strong><strong>Nul forsinkelse:<\/strong> Eliminering af indl\u00e6sningstider med op til 4 TB PCIe 4.0 SSD-lagring.<\/strong><\/strong><\/h3>\n\n\n\n<p>GPD WIN 4 2023 tilbyder rigelige opbevaringsmuligheder til at im\u00f8dekomme dit spilbibliotek og dine multimediebehov. Med en PCIe 4.0 M.2 2280 SSD kan du v\u00e6lge mellem 512 GB, 2 TB eller hele 4 TB lagerplads. Denne h\u00f8jhastigheds SSD sikrer hurtig dataadgang og reducerede indl\u00e6sningstider, s\u00e5 du kan hoppe ind i dine yndlingsspil uden forsinkelse. Med s\u00e5 stor lagerkapacitet beh\u00f8ver du aldrig at bekymre dig om at l\u00f8be t\u00f8r for plads til din voksende samling af spil, film eller andre mediefiler.    <\/p>\n<\/div>\n\n\n\n<div class=\"wp-block-column is-layout-flow wp-block-column-is-layout-flow\">\n<figure class=\"wp-block-image size-full\"><img decoding=\"async\" width=\"300\" height=\"300\" src=\"https:\/\/gpdstore.net\/wp-content\/uploads\/2024\/05\/a8eb6f30-f8ed-4e5f-8fa9-fd52740523bc.__CR1530747747_PT0_SX300_V1___.jpg\" alt=\"k&#xF8;lesystem til gpd win mini\" class=\"wp-image-1559\" srcset=\"https:\/\/gpdstore.net\/wp-content\/uploads\/2024\/05\/a8eb6f30-f8ed-4e5f-8fa9-fd52740523bc.__CR1530747747_PT0_SX300_V1___.jpg 300w, https:\/\/gpdstore.net\/wp-content\/uploads\/2024\/05\/a8eb6f30-f8ed-4e5f-8fa9-fd52740523bc.__CR1530747747_PT0_SX300_V1___-150x150.jpg 150w, https:\/\/gpdstore.net\/wp-content\/uploads\/2024\/05\/a8eb6f30-f8ed-4e5f-8fa9-fd52740523bc.__CR1530747747_PT0_SX300_V1___-100x100.jpg 100w\" sizes=\"(max-width: 300px) 100vw, 300px\" \/><\/figure>\n\n\n\n<h3 class=\"wp-block-heading\"><strong><strong><strong>Maksimal ydelse:<\/strong> Forebyggelse af neddrosling med det 50 % mere effektive Dual Heat Pipe-k\u00f8lesystem.<\/strong><\/strong><\/h3>\n\n\n\n<p>GPD WIN 4 2023 har et sofistikeret k\u00f8lesystem, der sikrer optimal ydeevne selv under lange spilsessioner. Med tykke dobbelte varmer\u00f8r \u00f8ger denne b\u00e6rbare gaming-pc den termiske effektivitet med 50 % i forhold til tidligere modeller. Den forbedrede varmeafledning sikrer, at din enhed forbliver k\u00f8lig under store belastninger, hvilket forhindrer neddrosling af ydeevnen og opretholder et j\u00e6vnt og uafbrudt gameplay.  <\/p>\n<\/div>\n<\/div>\n\n<h2 class=\"wp-block-heading\">GPD WIN 4 2024: Et gennembrud inden for b\u00e6rbare gaming-pc&#8217;er<\/h2>\n\n<figure class=\"wp-block-image size-large\"><img decoding=\"async\" src=\"https:\/\/gpdstore.net\/wp-content\/uploads\/\" alt=\"gpd win 4 i hvid\" class=\"wp-image-1626\"\/><\/figure>\n\n<h2 class=\"wp-block-heading\"><strong>Uovertruffen ydeevne: Med AMD Ryzen 7- og 5-processorer<\/strong><\/h2>\n\n<p>Kernen i <strong>GPD WIN 4 2023<\/strong> er et valg mellem <a href=\"https:\/\/www.amd.com\/en\/products\/apu\/amd-ryzen-7-7840u\" target=\"_blank\" rel=\"noreferrer noopener\">AMD Ryzen 7 7840U-processoren<\/a> med 8 kerner og 16 tr\u00e5de, der k\u00f8rer op til 5,1 GHz, og <a href=\"https:\/\/www.amd.com\/en\/products\/apu\/amd-ryzen-5-7640u\" target=\"_blank\" rel=\"noreferrer noopener\">AMD Ryzen 5 7640U<\/a> med 6 kerner og 12 tr\u00e5de, der n\u00e5r hastigheder p\u00e5 op til 4,9 GHz. Sammen med AMD Radeon GPU&#8217;er sikrer <strong>GPD WIN 4 2023<\/strong> et j\u00e6vnt gameplay i selv de mest kr\u00e6vende titler. Dets kraftfulde grafikkort leverer fantastiske billeder og j\u00e6vne billedhastigheder og giver en medrivende spiloplevelse, uanset om du udforsker store \u00e5bne verdener eller deltager i intense multiplayer-kampe.<\/p>\n\n<h2 class=\"wp-block-heading\"><strong>Slip din kreativitet l\u00f8s: Op til 64 GB LPDDR5X RAM<\/strong><\/h2>\n\n<p>For at supplere den utrolige ydeevne er <strong>GPD WIN 4 2023<\/strong> udstyret med 32 GB eller 64 GB LPDDR5X RAM p\u00e5 7840U-modellen og 16 GB <a href=\"https:\/\/en.wikipedia.org\/wiki\/LPDDR\" target=\"_blank\" rel=\"noreferrer noopener\">LPDDR5X<\/a> RAM p\u00e5 7640U-modellen. Med en lynhurtig hukommelseshastighed p\u00e5 6400 MT\/s kan du opleve hurtige indl\u00e6sningstider og problemfri multitasking. Sig farvel til lag og nyd uafbrudt spil, mens du l\u00f8ser opgaver, udforsker nye riger eller skaber dine virtuelle mesterv\u00e6rker.<\/p>\n\n<h2 class=\"wp-block-heading\"><strong>F\u00e6ngslende visualiseringer: 6&#8243; ber\u00f8ringsf\u00f8lsom sk\u00e6rm<\/strong><\/h2>\n\n<p>Oplev spil som aldrig f\u00f8r med <strong>GPD WIN 4 2023<\/strong>&#8216;s fantastiske 6&#8243; ber\u00f8ringssk\u00e6rm. Med Full HD-opl\u00f8sning (1920&#215;1080) og en pixelt\u00e6thed p\u00e5 368 <a href=\"https:\/\/en.wikipedia.org\/wiki\/Pixel_density\" target=\"_blank\" rel=\"noreferrer noopener\">PPI<\/a> gengives hvert eneste billede med pr\u00e6cision og klarhed. Sk\u00e6rmen underst\u00f8tter en opdateringshastighed p\u00e5 44 Hz og 60 Hz, hvilket sikrer et j\u00e6vnt gameplay og minimerer bev\u00e6gelsessl\u00f8ring. Fordyb dig i de f\u00e6ngslende verdener i dine yndlingsspil med billeder, der kommer til live.   <\/p>\n\n<h2 class=\"wp-block-heading\"><strong>Ubesv\u00e6ret skrivning: QWERTY-tastatur med justerbar baggrundsbelysning<\/strong><\/h2>\n\n<p><strong>GPD WIN 4 2023<\/strong> er designet til at v\u00e6re praktisk og har et QWERTY-tastatur med saksetaster. Tastaturet giver en taktil skriveoplevelse og g\u00f8r det muligt at chatte med venner, surfe p\u00e5 nettet eller tage noter uden besv\u00e6r. Den justerbare baggrundsbelysning, der altid er t\u00e6ndt, sikrer, at du kan forts\u00e6tte med at spille eller arbejde selv i svagt oplyste omgivelser. Skift problemfrit fra spil til produktivitet med <strong>GPD WIN 4 2023<\/strong>&#8216;s komfortable og alsidige tastatur.   <\/p>\n\n<h2 class=\"wp-block-heading\"><strong>Flydende navigation: Optisk fingernavigation<\/strong><\/h2>\n\n<p>Det er nemt at navigere gennem dine yndlingsspil og -programmer med <strong>GPD WIN 4 2023<\/strong>&#8216;s optiske fingernavigation. Sig farvel til besv\u00e6rlige touchpads, og nyd den pr\u00e6cise og responsive kontrol med denne intuitive funktion. Uanset om du scroller gennem menuer eller udforsker store milj\u00f8er, giver den optiske fingernavigation en j\u00e6vn og pr\u00e6cis navigation for en problemfri brugeroplevelse.  <\/p>\n\n<h2 class=\"wp-block-heading\"><strong>Alsidige tilslutningsmuligheder: USB4, OCuLink, USB Type-C og microSD-kortplads<\/strong><\/h2>\n\n<figure class=\"wp-block-image size-full\"><img decoding=\"async\" src=\"https:\/\/gpdstore.net\/wp-content\/uploads\/\" alt=\"gpd win 4 med gpd g1\" class=\"wp-image-1625\"\/><\/figure>\n\n<p><strong>GPD WIN 4 2023<\/strong> opfylder dine tilslutningsbehov med en r\u00e6kke muligheder. USB4-porten giver dig mulighed for at tilslutte eksterne enheder og periferiudstyr, hvilket udvider dine spilmuligheder. <a href=\"https:\/\/droix.net\/blogs\/oculink-transforming-graphics-card-connectivity\/\" target=\"_blank\" rel=\"noreferrer noopener\">OCuLink-porten<\/a> giver en direkte <a href=\"https:\/\/en.wikipedia.org\/wiki\/PCI_Express\" target=\"_blank\" rel=\"noreferrer noopener\">PCIe<\/a> Gen4 x4-forbindelse med en imponerende effektiv b\u00e5ndbredde p\u00e5 63 Gbps, der underst\u00f8tter lynhurtig dataoverf\u00f8rsel, og GPD G1 Docking Station giver yderligere tilslutningsmuligheder. USB Type-C-porten sikrer kompatibilitet med en r\u00e6kke forskellige enheder, og microSD-kortpladsen giver mulighed for praktisk lagerudvidelse.   <\/p>\n\n<h2 class=\"wp-block-heading\"><strong>H\u00f8jhastighedsforbindelse: Wi-Fi 6 &amp; Bluetooth 5.2<\/strong><\/h2>\n\n<p>Hold forbindelsen problemfrit med <strong>GPD WIN 4 2023<\/strong>&#8216;s Wi-Fi 6-kapacitet. Med hastigheder p\u00e5 op til 2042 Mbps kan du nyde forsinkelsesfri onlinespil, j\u00e6vn streaming og hurtige downloads. Sig farvel til forsinkelser, og nyd en stabil og responsiv forbindelse, uanset hvor dine eventyr f\u00f8rer dig hen. Uanset om du k\u00e6mper mod modstandere online eller streamer dit yndlingsindhold, holder <strong>GPD WIN 4 2023<\/strong> dig forbundet med uovertruffen hastighed.   <\/p>\n\n<h2 class=\"wp-block-heading\"><strong>Valgfrit 4G LTE-modul: Hold forbindelsen overalt<\/strong><\/h2>\n\n<p>For dem, der \u00f8nsker uafbrudt forbindelse v\u00e6k fra Wi-Fi-netv\u00e6rk, tilbyder <strong>GPD WIN 4 2023<\/strong> et valgfrit GPD 4G LTE-modul. Dette modul underst\u00f8tter 4G TD-LTE, FDD-LTE og 3G CDMA-netv\u00e6rk og sikrer, at du kan holde forbindelsen, uanset hvor du er. Du skal blot inds\u00e6tte et Nano-SIM-kort, s\u00e5 har du adgang til hurtige og p\u00e5lidelige mobildata, n\u00e5r du er p\u00e5 farten. Hold forbindelsen med venner, deltag i online multiplayer og nyd streaming-underholdning uden at v\u00e6re afh\u00e6ngig af Wi-Fi-netv\u00e6rk.   <\/p>\n\n<h2 class=\"wp-block-heading\"><strong>Vi pr\u00e6senterer MotionAssistant: L\u00f8ft din spiloplevelse<\/strong><\/h2>\n\n<p>For yderligere at forbedre din spiloplevelse er <strong>GPD WIN 4 2023<\/strong> udstyret med den kraftfulde MotionAssistant-software. Dette v\u00e6rkt\u00f8j er specielt udviklet til GPD-serien af h\u00e5ndholdte spilenheder og tilbyder en r\u00e6kke optimeringsfunktioner til at finjustere din spiloplevelse. Fra TDP -tuning i trin p\u00e5 1 W til GPU-l\u00e5sefrekvens har du fuld kontrol over din enheds ydeevne. Foruddefinerede str\u00f8mforbrugsindstillinger giver dig mulighed for at afbalancere ydeevne og batterilevetid efter dine behov. Softwaren indeholder ogs\u00e5 genvejstaster til forgrundsskift, overlay p\u00e5 gameplay-sk\u00e6rmen for hurtig adgang til vigtige funktioner og brugerdefineret mapping af bagknapper til genvejstaster. Med MotionAssistant kan du \u00e6ndre indstillinger uden at afbryde dit spil, hvilket g\u00f8r det nemmere end nogensinde at optimere din spiloplevelse.     <\/p>\n\n<h2 class=\"wp-block-heading\"><strong>Som konklusion<\/strong><\/h2>\n\n<p><strong>GPD WIN 4 2023<\/strong> omdefinerer on-the-go gaming og tilbyder en kompakt formfaktor med kraftfuld hardware, en f\u00e6ngslende sk\u00e6rm, komfortable kontroller og alsidige tilslutningsmuligheder. Uanset om du er en afslappet gamer, der nyder dine yndlingstitler, eller en seri\u00f8s entusiast, der s\u00f8ger h\u00f8jtydende gaming p\u00e5 farten, er <strong>GPD WIN 4 2023<\/strong> den perfekte ledsager. Slip din spillekraft l\u00f8s hvor som helst og n\u00e5r som helst med denne bem\u00e6rkelsesv\u00e6rdige enhed. G\u00f8r dig klar til at omdefinere b\u00e6rbar gaming med <strong>GPD WIN 4 2023<\/strong>.   <\/p>\n\n<h3 class=\"wp-block-heading\"><strong>Fordele ved GPD WIN 4 2023:<\/strong><\/h3>\n\n<ol class=\"wp-block-list\">\n<li><strong>Kraftfuld ydeevne:<\/strong> Med h\u00f8jtydende AMD Ryzen 5 &amp; 7-serie CPU og GPU, der giver exceptionel gaming-performance og multitasking-muligheder.<\/li>\n\n\n\n<li><strong>Kompakt og b\u00e6rbart design:<\/strong> Den h\u00e5ndholdte formfaktor g\u00f8r det nemt at spille p\u00e5 farten. Den er let og passer nemt i tasken, s\u00e5 du kan spille, uanset hvor du er. <\/li>\n\n\n\n<li><strong>Alsidige tilslutningsmuligheder:<\/strong> Tilbyder en r\u00e6kke tilslutningsmuligheder, herunder USB4, Oculink, USB Type-C og et slot til microSD-kort. Disse muligheder giver fleksibilitet til at tilslutte eksterne enheder og udvide lagerpladsen. <\/li>\n\n\n\n<li><strong>Muligheder for tilpasning:<\/strong> Med MotionAssistant-softwaren kan du finjustere og optimere din spiloplevelse. Fra TDP -tuning til brugerdefineret mapping af knapper &#8211; tilpas enheden, s\u00e5 den passer til dine pr\u00e6ferencer. <\/li>\n\n\n\n<li><strong>Alt-i-en gaming-l\u00f8sning:<\/strong> Kombinerer funktionaliteten fra en gaming-pc med b\u00e6rbarheden fra en h\u00e5ndholdt enhed, hvilket eliminerer behovet for separate gaming-konsoller og giver dig mulighed for at nyde en bred vifte af spil i \u00e9n enhed.<\/li>\n<\/ol>\n\n<h3 class=\"wp-block-heading\"><strong>Ulemper ved GPD WIN 4 2023:<\/strong><\/h3>\n\n<ol class=\"wp-block-list\">\n<li><strong>Begr\u00e6nset sk\u00e6rmst\u00f8rrelse:<\/strong> Med en 6&#8243; touchscreen, som kan f\u00f8les lille sammenlignet med st\u00f8rre gaming-h\u00e5ndholdte eller station\u00e6re sk\u00e6rme, hvilket potentielt kan p\u00e5virke den fordybende oplevelse for nogle gamere.<\/li>\n\n\n\n<li><strong>Reduceret st\u00f8rrelse p\u00e5 tastaturet:<\/strong> P\u00e5 grund af den kompakte formfaktor er tastaturet mindre og kan tage lidt tid at v\u00e6nne sig til for brugere, der er vant til tastaturer i fuld st\u00f8rrelse.<\/li>\n\n\n\n<li><strong>Afh\u00e6ngighed af batteri:<\/strong> Da GPD WIN 4 2023 er en b\u00e6rbar enhed, er den afh\u00e6ngig af sit interne batteri for at f\u00e5 str\u00f8m. Lange spilsessioner kan kr\u00e6ve hyppig genopladning, hvilket begr\u00e6nser m\u00e6ngden af uafbrudt spil. <\/li>\n<\/ol>\n","protected":false},"excerpt":{"rendered":"<ul>\n<li>CPU: AMD Ryzen 5 \/ 7<strong> 7640U \/ 7840U <\/strong> <\/li>\n<li>GPU: AMD Radeon<strong> 760M \/ 780M<\/strong><\/li>\n<li>RAM: op til<strong> 64 GB LPDDR5X @ 6400 MT\/s<\/strong><\/li>\n<li>OPBEVARING: op til<strong> 4 TB<\/strong> <strong>Gen 4<\/strong> PCI-E NVMe SSD<\/li>\n<li>FORBINDELSE: Underst\u00f8ttelse af Wi-Fi<strong> 6<\/strong> og Bluetooth <strong>5.2<\/strong> <\/li>\n<\/ul>\n<p><img loading=\"lazy\" decoding=\"async\" src=\"https:\/\/gpdstore.net\/wp-content\/uploads\/2024\/03\/WIN-4-FREE-GIFTS.jpg\" alt=\"\" width=\"2000\" height=\"500\" class=\"alignnone size-full wp-image-4175\" srcset=\"https:\/\/gpdstore.net\/wp-content\/uploads\/2024\/03\/WIN-4-FREE-GIFTS.jpg 2000w, https:\/\/gpdstore.net\/wp-content\/uploads\/2024\/03\/WIN-4-FREE-GIFTS-600x150.jpg 600w, https:\/\/gpdstore.net\/wp-content\/uploads\/2024\/03\/WIN-4-FREE-GIFTS-1200x300.jpg 1200w, https:\/\/gpdstore.net\/wp-content\/uploads\/2024\/03\/WIN-4-FREE-GIFTS-768x192.jpg 768w, https:\/\/gpdstore.net\/wp-content\/uploads\/2024\/03\/WIN-4-FREE-GIFTS-1536x384.jpg 1536w, https:\/\/gpdstore.net\/wp-content\/uploads\/2024\/03\/WIN-4-FREE-GIFTS-360x90.jpg 360w, https:\/\/gpdstore.net\/wp-content\/uploads\/2024\/03\/WIN-4-FREE-GIFTS-990x248.jpg 990w, https:\/\/gpdstore.net\/wp-content\/uploads\/2024\/03\/WIN-4-FREE-GIFTS-441x110.jpg 441w, https:\/\/gpdstore.net\/wp-content\/uploads\/2024\/03\/WIN-4-FREE-GIFTS-150x38.jpg 150w\" sizes=\"(max-width: 2000px) 100vw, 2000px\" \/><\/p>\n[cg_accordion title=\"INFO OM BETALING\"]<\/p>\n<p>Vi bruger den nyeste teknologi inden for betalingsbehandling, som giver dig mulighed for at betale via dit betalingskort eller PayPal for en hurtig og sikker oplevelse.[\/cg_accordion]\n[cg_accordion title=\"GARANTI\"]<\/p>\n<p>2 \u00e5rs garanti fra <a href=\"https:\/\/droix.net\/\" target=\"_blank\" rel=\"nofollow noopener\">DROIX Global<\/a> for at give dig ro i sindet[\/cg_accordion]\n[cg_accordion title=\"KVALITETSSIKRING OG TEST F\u00d8R AFSENDELSE\"]<\/p>\n<p>Sikrer kundetilfredshed p\u00e5 h\u00f8jeste niveau: Hver enhed gennemg\u00e5r strenge tests og et kvalitetssikringstjek p\u00e5 flere punkter, f\u00f8r den sendes af sted. Vores dedikerede team kontrollerer ydeevne, funktionalitet og komponentintegritet for at garantere, at din GPD-enhed er i perfekt stand ved ankomsten, hvilket giver dig tillid og ro i sindet. [\/cg_accordion]\n[cg_accordion title=\"PRISER, AFGIFTER OG FORSENDELSE\"]<\/p>\n<p><strong><u>Bem\u00e6rk:<\/u><\/strong><\/p>\n<ul>\n<li>Kunder i USA: Den viste pris inkluderer IKKE SKAT eller afgifter. Ansvaret for at toldbehandle og betale eventuelle tilknyttede skatter\/afgifter ligger hos kunden. <\/li>\n<li>EU-kunder: Den viste pris inkluderer g\u00e6ldende SKAT, som kan v\u00e6re op til 25% afh\u00e6ngigt af dit land.<\/li>\n<li>Kunder i Canada: Den viste pris inkluderer g\u00e6ldende skatter, som kan omfatte 5% GST og yderligere Provincial Sales Taxes (PST), Harmonized Sales Tax (HST) eller Quebec Sales Tax (QST), afh\u00e6ngigt af din provins.<\/li>\n<\/ul>\n<p><strong>KUN for EU-kunder:<\/strong> Express DDP (Delivered Duty Paid). Dette betyder: <\/p>\n<ul>\n<li>Alle toldafgifter og skatter er inkluderet i den pris, der vises p\u00e5 produktsiden.<\/li>\n<li>Du skal ikke betale yderligere gebyrer ved levering.<\/li>\n<li>I sj\u00e6ldne tilf\u00e6lde af toldrelaterede problemer vil vores team h\u00e5ndtere fortoldningsprocessen p\u00e5 dine vegne for at sikre en problemfri leveringsoplevelse.<\/li>\n<p>Vigtig information om returnering:<\/p>\n<li>Hvis du beslutter at returnere din ordre eller anmode om refusion, skal du v\u00e6re opm\u00e6rksom p\u00e5, at skatter og afgifter, der er betalt p\u00e5 dine vegne i henhold til DDP-vilk\u00e5r, ikke kan refunderes.<\/li>\n<p>Se vores <a href=\"https:\/\/droix.net\/terms-and-conditions\/\" target=\"_blank\" rel=\"nofollow noopener\">vilk\u00e5r og betingelser<\/a> for detaljerede oplysninger.\n<\/ul>\n<p>[\/cg_accordion]\n[cg_accordion title=\"KUNDESUPPORT\"]<\/p>\n<p>Har du et sp\u00f8rgsm\u00e5l? Vi er kun en kort sms v\u00e6k fra at have l\u00f8st dit problem! <\/p>\n<p>Se vores <a href=\"https:\/\/gpdstore.net\/da\/terms-of-service\/\" target=\"_blank\" rel=\"nofollow noopener\">vilk\u00e5r og betingelser<\/a> for detaljerede oplysninger.\n<\/ul>\n<p>[\/cg_accordion]\n[cg_accordion title=\"HVAD DER ER INKLUDERET\"]<\/p>\n<ul>\n<li>1x GPD WIN 4 2023<\/li>\n<li>1x str\u00f8madapter<\/li>\n<li>1x USB Type-C-kabel<\/li>\n<li>1x brugervejledning<\/li>\n<\/ul>\n<p>[\/cg_accordion]\n","protected":false},"featured_media":10281,"template":"","meta":{"_acf_changed":false},"product_brand":[],"product_cat":[977],"product_tag":[980],"woo-feed-brand":[981],"class_list":{"0":"post-8071","1":"product","2":"type-product","3":"status-publish","4":"has-post-thumbnail","6":"product_cat-gpd-handholdt-pc-til-gaming","7":"product_tag-gpd-win-4-da","8":"product_shipping_class-premium","9":"pa_bluetooth-5-2-da","10":"pa_brand-gpd","11":"pa_graphics-gpu-model-radeon-760m-da","12":"pa_graphics-gpu-model-radeon-780m-da","13":"pa_i-o-video-1x-oculink-da","14":"pa_i-o-video-via-1x-usb-4-0-type-c-40gb-s-da","15":"pa_memory-ram-capacity-16-gb-da","16":"pa_memory-ram-capacity-32-gb-da","17":"pa_memory-ram-capacity-64-gb","18":"pa_memory-ram-technology-lpddr5x-da","19":"pa_processor-cpu-model-amd-ryzen-5-7640u","20":"pa_processor-cpu-model-amd-ryzen-7-7840u","21":"pa_storage-capacity-1tb-da","22":"pa_storage-capacity-2tb-da","23":"pa_storage-capacity-4tb-da","24":"pa_storage-capacity-512-gb-da","25":"pa_storage-technology-pcie-gen-4-da","26":"pa_wi-fi-wi-fi-6-da","27":"woo-feed-brand-gpd-da","29":"first","30":"outofstock","31":"sale","32":"taxable","33":"shipping-taxable","34":"purchasable","35":"product-type-variable","36":"has-default-attributes"},"acf":[],"aioseo_notices":[],"_links":{"self":[{"href":"https:\/\/gpdstore.net\/da\/wp-json\/wp\/v2\/product\/8071","targetHints":{"allow":["GET"]}}],"collection":[{"href":"https:\/\/gpdstore.net\/da\/wp-json\/wp\/v2\/product"}],"about":[{"href":"https:\/\/gpdstore.net\/da\/wp-json\/wp\/v2\/types\/product"}],"wp:featuredmedia":[{"embeddable":true,"href":"https:\/\/gpdstore.net\/da\/wp-json\/wp\/v2\/media\/10281"}],"wp:attachment":[{"href":"https:\/\/gpdstore.net\/da\/wp-json\/wp\/v2\/media?parent=8071"}],"wp:term":[{"taxonomy":"product_brand","embeddable":true,"href":"https:\/\/gpdstore.net\/da\/wp-json\/wp\/v2\/product_brand?post=8071"},{"taxonomy":"product_cat","embeddable":true,"href":"https:\/\/gpdstore.net\/da\/wp-json\/wp\/v2\/product_cat?post=8071"},{"taxonomy":"product_tag","embeddable":true,"href":"https:\/\/gpdstore.net\/da\/wp-json\/wp\/v2\/product_tag?post=8071"},{"taxonomy":"woo-feed-brand","embeddable":true,"href":"https:\/\/gpdstore.net\/da\/wp-json\/wp\/v2\/woo-feed-brand?post=8071"}],"curies":[{"name":"wp","href":"https:\/\/api.w.org\/{rel}","templated":true}]}}