{"id":7823,"date":"2023-03-26T17:56:24","date_gmt":"2023-03-26T17:56:24","guid":{"rendered":"https:\/\/gpdstore.net\/Ikke%20kategoriseret\/gpd-win-max-2021-haandholdt-gaming-pc\/"},"modified":"2025-12-23T10:31:16","modified_gmt":"2025-12-23T10:31:16","slug":"gpd-win-max-2021","status":"publish","type":"product","link":"https:\/\/gpdstore.net\/da\/product\/gpd-win-max-2021\/","title":{"rendered":"GPD WIN MAX 2021 h\u00e5ndholdt gaming-pc"},"content":{"rendered":"\n<p>GPD WIN MAX 2021 er en gaming-ultrabook, der er designet til pc-gaming p\u00e5 farten. Denne kraftfulde enhed findes i to versioner, en med Intel\u00ae Core\u2122 i7-1195G7-processor og en med AMD Ryzen\u2122 7 4800U cpu. Bortset fra de forskellige cpu-muligheder er begge versioner af enheden n\u00f8jagtig de samme.<\/p>\n\n<p>Hos GPD Store er vi stolte af at kunne tilbyde GPD WIN MAX 2021 til gamere, der \u00f8nsker en h\u00f8jtydende pc-gaming-h\u00e5ndholdt, som de kan tage med sig overalt. Denne ultrabook er perfekt til gamere, der vil nyde deres yndlingsspil p\u00e5 farten uden at skulle g\u00e5 p\u00e5 kompromis med ydeevne eller kvalitet.<\/p>\n\n<p>GPD WIN MAX 2021 er en kraftfuld gaming-ultrabog, der har en 8,0 tommer IPS touch-sk\u00e6rm med en opl\u00f8sning p\u00e5 1280 x 800 pixels. Enheden leveres med integreret Intel\u00ae Iris\u00ae Xe-grafik eller AMD Radeon\u2122-grafik, hvilket g\u00f8r den perfekt til at k\u00f8re kr\u00e6vende spil og programmer.<\/p>\n\n<p>Med hensyn til processorkraft f\u00e5s GPD WIN MAX 2021 med enten Intel\u00ae Core\u2122 i7-1195G7-processor eller AMD Ryzen\u2122 7 4800U CPU. Disse kraftfulde processorer sikrer, at enheden nemt kan h\u00e5ndtere selv de mest kr\u00e6vende spil og programmer.<\/p>\n\n<p>GPD WIN MAX 2021 har ogs\u00e5 16 GB LPDDR4X 4266 MT\/s RAM og 1 TB M.2 NVMe SSD storage, som sikrer, at du har masser af plads til at gemme dine spil og andre data. Enheden har ogs\u00e5 en r\u00e6kke forskellige porte, herunder en USB Type-C-port, en USB 3.0-port, en HDMI-port og et 3,5 mm hovedtelefonstik.<\/p>\n\n<p>En af de fremtr\u00e6dende egenskaber ved GPD WIN MAX 2021 er dens kompakte st\u00f8rrelse. Selv om det er en kraftig ultrabook, m\u00e5ler enheden kun 8,5 x 5,7 x 1,1 tommer og vejer kun 1,5 kilo. Det g\u00f8r den nem at tage med overalt, uanset om du er ude at rejse eller bare vil nyde dine yndlingsspil i sofaen.<\/p>\n\n<p>GPD WIN MAX 2021 har ogs\u00e5 en indbygget spilcontroller, komplet med en D-pad, analoge sticks og triggerknapper. Det g\u00f8r det nemt at spille dine yndlingsspil uden at skulle tilslutte en ekstern controller. Enheden har ogs\u00e5 et fuldt QWERTY-tastatur, som g\u00f8r det nemt at skrive og navigere gennem menuerne.<\/p>\n\n<p>Hos GPD Store mener vi, at GPD WIN MAX 2021 er den perfekte ultrabook til gamere, der vil have en h\u00f8jtydende pc-gaming-h\u00e5ndholdt, som de kan tage med sig overalt. Denne kraftfulde enhed er perfekt til gamere, der gerne vil nyde deres yndlingsspil p\u00e5 farten uden at skulle g\u00e5 p\u00e5 kompromis med ydeevne eller kvalitet.<\/p>\n\n<p>Uanset om du er en casual gamer eller en hardcore gamer, er GPD WIN MAX 2021 den perfekte enhed til dig. Med sin kraftige processor, grafik i h\u00f8j kvalitet og kompakte st\u00f8rrelse er det den ultimative ultrabook til pc-gaming p\u00e5 farten. S\u00e5 hvorfor vente? Bes\u00f8g GPD Store i dag og f\u00e5 fingrene i GPD WIN MAX 2021.<\/p>\n","protected":false},"excerpt":{"rendered":"<ul>\n<li>AMD <strong>Ryzen 7 6800U<\/strong> @2,7GHz TDP 15-28W<\/li>\n<li>AMD Radeon 680M <strong>12 CU&#8217;er @2200 MHz<\/strong><\/li>\n<li><strong>op til 32 GB LPDDR5-6400 MT\/s<\/strong><\/li>\n<li><strong>op til 2 TB<\/strong> h\u00f8jhastigheds-PCI-E <strong>NVMe<\/strong> SSD<\/li>\n<li>Underst\u00f8ttelse af WiFi 6 og Bluetooth <strong>5.2<\/strong>  <\/li>\n<\/ul>\n<p> [cg_accordion title=\"INFO OM BETALING\"] Vi bruger den nyeste teknologi inden for betalingsbehandling, som giver dig mulighed for at betale via Apple Pay, Google Pay, dit betalings-\/kreditkort, PayPal eller BNPL-metoder som Klarna, Affirm eller AfterPay for en hurtig og sikker oplevelse.[\/cg_accordion] [cg_accordion title=\"GARANTI\"] 2 \u00e5rs garanti fra <a href=\"https:\/\/droix.net\/\" target=\"_blank\" rel=\"nofollow noopener\">DROIX Global<\/a> for at give dig ro i sindet[\/cg_accordion] [cg_accordion title=\"PRICING, TAXES AND SHIPPING\"] <strong><br \/>\n  <u>Bem\u00e6rk venligst:<\/u><br \/>\n<\/strong><\/p>\n<ul>\n<li>Kunder i USA: Den viste pris inkluderer IKKE SKAT eller afgifter. Ansvaret for at toldbehandle og betale eventuelle tilknyttede skatter\/afgifter ligger hos kunden. <\/li>\n<li>EU-kunder: Den viste pris inkluderer g\u00e6ldende SKAT, som kan v\u00e6re op til 25% afh\u00e6ngigt af dit land.<\/li>\n<li>Kunder i Canada: Den viste pris inkluderer g\u00e6ldende skatter, som kan omfatte 5% GST og yderligere Provincial Sales Taxes (PST), Harmonized Sales Tax (HST) eller Quebec Sales Tax (QST), afh\u00e6ngigt af din provins.<\/li>\n<\/ul>\n<p><strong>KUN for EU-kunder:<\/strong> Express DDP (Delivered Duty Paid). Dette betyder: <\/p>\n<ul>\n<li style=\"list-style-type: none;\">\n<ul>\n<li>Alle toldafgifter og skatter er inkluderet i den pris, der vises p\u00e5 produktsiden.<\/li>\n<li>Du skal ikke betale yderligere gebyrer ved levering.<\/li>\n<li>I sj\u00e6ldne tilf\u00e6lde af toldrelaterede problemer vil vores team h\u00e5ndtere fortoldningsprocessen p\u00e5 dine vegne for at sikre en problemfri leveringsoplevelse.<\/li>\n<p>Vigtig information om returnering:<\/p>\n<li>Hvis du beslutter at returnere din ordre eller anmode om refusion, skal du v\u00e6re opm\u00e6rksom p\u00e5, at skatter og afgifter, der er betalt p\u00e5 dine vegne i henhold til DDP-vilk\u00e5r, ikke kan refunderes.<\/li>\n<p>Se venligst vores<\/ul>\n<\/li>\n<\/ul>\n<p><a href=\"https:\/\/gpdstore.net\/da\/terms-of-service\/\" target=\"_blank\" rel=\"nofollow noopener\">Vilk\u00e5r og betingelser<\/a><\/p>\n<ul>for detaljeret information.<\/ul>\n<p>[\/cg_accordion] [cg_accordion title=\"KUNDESUPPORT\"]  Har du et sp\u00f8rgsm\u00e5l? Vi er kun en kort sms v\u00e6k fra at have l\u00f8st dit problem!   [\/cg_accordion] [cg_accordion title=\"WHAT'S INCLUDED\"]<\/p>\n<ul>\n<li>1x GPD WIN MAX 2021<\/li>\n<li>1x str\u00f8madapter<\/li>\n<li>1x USB Type-C-kabel<\/li>\n<li>1x brugervejledning<\/li>\n<\/ul>\n<p>[\/cg_accordion]<\/p>\n","protected":false},"featured_media":7824,"template":"","meta":{"_acf_changed":false},"product_brand":[],"product_cat":[977],"product_tag":[4124],"woo-feed-brand":[981],"class_list":{"0":"post-7823","1":"product","2":"type-product","3":"status-publish","4":"has-post-thumbnail","6":"product_cat-gpd-handholdt-pc-til-gaming","7":"product_tag-gpd-win-max-da","8":"product_shipping_class-premium","9":"pa_bluetooth-5-da","10":"pa_bluetooth-5-2-da","11":"pa_display-type-h-ips-da","12":"pa_graphics-gpu-model-radeon-grafik-da","13":"pa_graphics-gpu-model-intel-iris-xe-grafik-da","14":"pa_i-o-video-1x-hdmi-2-0b-da","15":"pa_memory-ram-capacity-16-gb-da","16":"pa_memory-ram-technology-lpddr4x-da","17":"pa_processor-cpu-model-amd-ryzen-7-4800u","18":"pa_processor-cpu-model-intel-core-i7-1195g7","19":"pa_storage-capacity-1tb-da","20":"pa_wi-fi-wi-fi-6-da","21":"woo-feed-brand-gpd-da","23":"first","24":"outofstock","25":"sale","26":"taxable","27":"shipping-taxable","28":"purchasable","29":"product-type-variable","30":"has-default-attributes"},"acf":[],"aioseo_notices":[],"_links":{"self":[{"href":"https:\/\/gpdstore.net\/da\/wp-json\/wp\/v2\/product\/7823","targetHints":{"allow":["GET"]}}],"collection":[{"href":"https:\/\/gpdstore.net\/da\/wp-json\/wp\/v2\/product"}],"about":[{"href":"https:\/\/gpdstore.net\/da\/wp-json\/wp\/v2\/types\/product"}],"wp:featuredmedia":[{"embeddable":true,"href":"https:\/\/gpdstore.net\/da\/wp-json\/wp\/v2\/media\/7824"}],"wp:attachment":[{"href":"https:\/\/gpdstore.net\/da\/wp-json\/wp\/v2\/media?parent=7823"}],"wp:term":[{"taxonomy":"product_brand","embeddable":true,"href":"https:\/\/gpdstore.net\/da\/wp-json\/wp\/v2\/product_brand?post=7823"},{"taxonomy":"product_cat","embeddable":true,"href":"https:\/\/gpdstore.net\/da\/wp-json\/wp\/v2\/product_cat?post=7823"},{"taxonomy":"product_tag","embeddable":true,"href":"https:\/\/gpdstore.net\/da\/wp-json\/wp\/v2\/product_tag?post=7823"},{"taxonomy":"woo-feed-brand","embeddable":true,"href":"https:\/\/gpdstore.net\/da\/wp-json\/wp\/v2\/woo-feed-brand?post=7823"}],"curies":[{"name":"wp","href":"https:\/\/api.w.org\/{rel}","templated":true}]}}