{"id":7686,"date":"2023-03-24T15:33:39","date_gmt":"2023-03-24T15:33:39","guid":{"rendered":"https:\/\/gpdstore.net\/Ikke%20kategoriseret\/gpd-win-max-2-beskyttelsesetui\/"},"modified":"2025-12-23T10:33:46","modified_gmt":"2025-12-23T10:33:46","slug":"gpd-win-max-2-protective-case","status":"publish","type":"product","link":"https:\/\/gpdstore.net\/da\/product\/gpd-win-max-2-protective-case\/","title":{"rendered":"GPD WIN Max 2 l\u00e6deretui &#8211; f\u00f8rsteklasses beskyttelse og stil!"},"content":{"rendered":"\n<p>Beskyt din <strong>GPD WIN Max 2<\/strong> med dette <strong>slanke og holdbare l\u00e6deretui<\/strong>. Dette f\u00f8rsteklasses tilbeh\u00f8r er designet til at <strong>passe perfekt<\/strong> og holder din enhed <strong>sikker og stilfuld<\/strong>, uanset om du er hjemme eller p\u00e5 farten. <\/p>\n\n<h2 class=\"wp-block-heading\"><strong>Vigtige funktioner:<\/strong><\/h2>\n\n<p><strong>F\u00f8rsteklasses l\u00e6der<\/strong> &#8211; Fremstillet af h\u00f8jkvalitetsl\u00e6der, der giver et sofistikeret look og overlegen holdbarhed.<\/p>\n\n<p><strong>Perfekt pasform og beskyttelse hele vejen rundt<\/strong> &#8211; Skr\u00e6ddersyet til <strong>GPD WIN Max 2<\/strong>, hvilket sikrer en <strong>sikker, t\u00e6tsiddende pasform<\/strong> og beskytter din enhed mod ridser, st\u00f8v og mindre slag.  <\/p>\n\n<p><strong>Bl\u00f8dt inderfor<\/strong> &#8211; Beskytter din enheds sk\u00e6rm og krop mod slid og holder den st\u00f8vfri.<\/p>\n\n<p><strong>Slank og let design<\/strong> &#8211; Giver fremragende beskyttelse uden at fylde for meget, hvilket g\u00f8r den ideel til rejser.<\/p>\n\n<p><strong>Magnetisk lukning<\/strong> &#8211; Holder din enhed sikker og giver samtidig hurtig og nem adgang.  <\/p>\n\n<p>Opgrader din <strong>GPD WIN Max 2<\/strong> med dette <strong>luksuri\u00f8se l\u00e6deretui<\/strong> &#8211; hvor <strong>stil m\u00f8der beskyttelse<\/strong>!<\/p>\n","protected":false},"excerpt":{"rendered":"<ul>\n<li><strong>Officielt<\/strong> GPD WIN Max 2 l\u00e6deretui<\/li>\n<li><strong>F\u00f8rsteklasses l\u00e6der<\/strong> &#8211; Elegant, slidst\u00e6rkt og langtidsholdbart.<\/li>\n<li><strong>Bl\u00f8dt inderfor<\/strong> &#8211; beskytter mod ridser og st\u00f8v.<\/li>\n<li><strong>Let og b\u00e6rbar<\/strong> &#8211; nem at b\u00e6re uden at fylde for meget.<\/li>\n<li><strong>Magnetisk lukning<\/strong> &#8211; sikker og bekvem adgang.<\/li>\n<\/ul>\n[cg_accordion title=\"INFO OM BETALING\"]<\/p>\n<p>Vi bruger den nyeste teknologi inden for betalingsbehandling, som giver dig mulighed for at betale via Apple Pay, Google Pay, dit betalings-\/kreditkort, PayPal eller BNPL-metoder som Klarna, Affirm eller AfterPay for en hurtig og sikker oplevelse.[\/cg_accordion]\n[cg_accordion title=\"GARANTI\"]<\/p>\n<p>2 \u00e5rs garanti fra <a href=\"https:\/\/droix.net\/\" target=\"_blank\" rel=\"nofollow noopener\">DROIX Global<\/a> for at give dig ro i sindet[\/cg_accordion]\n[cg_accordion title=\"PRISER, AFGIFTER OG FORSENDELSE\"]<\/p>\n<p><strong><u>Bem\u00e6rk:<\/u><\/strong><\/p>\n<ul>\n<li>Kunder i USA: Den viste pris inkluderer IKKE SKAT eller afgifter. Ansvaret for at toldbehandle og betale eventuelle tilknyttede skatter\/afgifter ligger hos kunden. <\/li>\n<li>EU-kunder: Den viste pris inkluderer g\u00e6ldende SKAT, som kan v\u00e6re op til 25% afh\u00e6ngigt af dit land.<\/li>\n<li>Kunder i Canada: Den viste pris inkluderer g\u00e6ldende skatter, som kan omfatte 5% GST og yderligere Provincial Sales Taxes (PST), Harmonized Sales Tax (HST) eller Quebec Sales Tax (QST), afh\u00e6ngigt af din provins.<\/li>\n<\/ul>\n<p><strong>KUN for EU-kunder:<\/strong> Express DDP (Delivered Duty Paid). Dette betyder: <\/p>\n<ul>\n<li>Alle toldafgifter og skatter er inkluderet i den pris, der vises p\u00e5 produktsiden.<\/li>\n<li>Du skal ikke betale yderligere gebyrer ved levering.<\/li>\n<li>I sj\u00e6ldne tilf\u00e6lde af toldrelaterede problemer vil vores team h\u00e5ndtere fortoldningsprocessen p\u00e5 dine vegne for at sikre en problemfri leveringsoplevelse.<\/li>\n<p>Vigtig information om returnering:<\/p>\n<li>Hvis du beslutter at returnere din ordre eller anmode om refusion, skal du v\u00e6re opm\u00e6rksom p\u00e5, at skatter og afgifter, der er betalt p\u00e5 dine vegne i henhold til DDP-vilk\u00e5r, ikke kan refunderes.<\/li>\n<p>Se vores <a href=\"https:\/\/gpdstore.net\/da\/terms-of-service\/\" target=\"_blank\" rel=\"nofollow noopener\">vilk\u00e5r og betingelser<\/a> for detaljerede oplysninger.\n<\/ul>\n<p>[\/cg_accordion]\n[cg_accordion title=\"KUNDESUPPORT\"]<\/p>\n<p>Har du et sp\u00f8rgsm\u00e5l? Vi er kun en kort sms v\u00e6k fra at have l\u00f8st dit problem!<br \/>\n[\/cg_accordion]\n[cg_accordion title=\"HVAD DER ER INKLUDERET\"]<\/p>\n<ul>\n<li>1x GPD WIN MAX 2 taske<\/li>\n<\/ul>\n<p>[\/cg_accordion]\n","protected":false},"featured_media":1075586,"template":"","meta":{"_acf_changed":false},"product_brand":[],"product_cat":[1211],"product_tag":[15868,1213],"woo-feed-brand":[981],"class_list":{"0":"post-7686","1":"product","2":"type-product","3":"status-publish","4":"has-post-thumbnail","6":"product_cat-tilbehor-da","7":"product_tag-15xmsale-da","8":"product_tag-gpd-wm2-tilbehor-da","9":"product_shipping_class-low-end","10":"pa_accessory-type-beskyttende-etui-da","11":"pa_brand-gpd","12":"woo-feed-brand-gpd-da","14":"first","15":"instock","16":"sale","17":"taxable","18":"shipping-taxable","19":"purchasable","20":"product-type-variable","21":"has-default-attributes"},"acf":[],"aioseo_notices":[],"_links":{"self":[{"href":"https:\/\/gpdstore.net\/da\/wp-json\/wp\/v2\/product\/7686","targetHints":{"allow":["GET"]}}],"collection":[{"href":"https:\/\/gpdstore.net\/da\/wp-json\/wp\/v2\/product"}],"about":[{"href":"https:\/\/gpdstore.net\/da\/wp-json\/wp\/v2\/types\/product"}],"wp:featuredmedia":[{"embeddable":true,"href":"https:\/\/gpdstore.net\/da\/wp-json\/wp\/v2\/media\/1075586"}],"wp:attachment":[{"href":"https:\/\/gpdstore.net\/da\/wp-json\/wp\/v2\/media?parent=7686"}],"wp:term":[{"taxonomy":"product_brand","embeddable":true,"href":"https:\/\/gpdstore.net\/da\/wp-json\/wp\/v2\/product_brand?post=7686"},{"taxonomy":"product_cat","embeddable":true,"href":"https:\/\/gpdstore.net\/da\/wp-json\/wp\/v2\/product_cat?post=7686"},{"taxonomy":"product_tag","embeddable":true,"href":"https:\/\/gpdstore.net\/da\/wp-json\/wp\/v2\/product_tag?post=7686"},{"taxonomy":"woo-feed-brand","embeddable":true,"href":"https:\/\/gpdstore.net\/da\/wp-json\/wp\/v2\/woo-feed-brand?post=7686"}],"curies":[{"name":"wp","href":"https:\/\/api.w.org\/{rel}","templated":true}]}}