{"id":7583,"date":"2023-03-26T17:49:20","date_gmt":"2023-03-26T17:49:20","guid":{"rendered":"https:\/\/gpdstore.net\/Ikke%20kategoriseret\/biwin-2230-nvme-lager\/"},"modified":"2025-12-23T10:30:49","modified_gmt":"2025-12-23T10:30:49","slug":"biwin-2230-nvme-storage","status":"publish","type":"product","link":"https:\/\/gpdstore.net\/da\/product\/biwin-2230-nvme-storage\/","title":{"rendered":"BiWin 2230 NVMe-lager"},"content":{"rendered":"\n<p>Leder du efter en h\u00f8jtydende lageropgradering til din GPD WIN MAX 2 eller Valve Steam Deck? Se ikke l\u00e6ngere end BiWin 22*30 PCI-e NVMe SSD! Denne kompakte, men kraftfulde SSD er designet til at levere lynhurtige l\u00e6se- og skrivehastigheder, s\u00e5 dine yndlingsspil og -programmer indl\u00e6ses hurtigt og k\u00f8rer problemfrit.<\/p>\n\n<p>Med en st\u00f8rrelse p\u00e5 kun 22 mm x 30 mm er BiWin 22*30 en af de mindste NVMe-SSD&#8217;er p\u00e5 markedet i dag. Men lad dig ikke narre af dens kompakte st\u00f8rrelse &#8211; denne SSD har et seri\u00f8st punch! Med l\u00e6sehastigheder p\u00e5 op til 3500 MB\/s og skrivehastigheder p\u00e5 op til 3000 MB\/s er den mere end i stand til at holde trit med selv de mest kr\u00e6vende spil og programmer.<\/p>\n\n<p>En af de st\u00f8rste fordele ved BiWin 2230<em>er, at den er kompatibel med b\u00e5de GPD WIN MAX 2 og Valves Steam Deck. Hvis du \u00f8nsker at opgradere lagerpladsen p\u00e5 en af disse enheder,<\/em>er<em>BiWin 2230<\/em>det perfekte valg. Du skal blot installere SSD&#8217;en i enhedens NVMe-slot, og s\u00e5 er du klar til at g\u00e5 i gang! <\/p>\n\n<p>En anden fordel ved BiWin 22*30 er, at den er kompatibel med en lang r\u00e6kke operativsystemer, herunder Windows, Linux og macOS. Det g\u00f8r den til et alsidigt valg for alle, der \u00f8nsker at opgradere deres lagerplads, uanset hvilket system de bruger.<\/p>\n\n<p>Et af de bedste steder at k\u00f8be BiWin 22*30 er selvf\u00f8lgelig i GPD Store. Som f\u00f8rende forhandler af GPD-produkter er GPD Store det perfekte sted at finde alt det tilbeh\u00f8r og de opgraderinger, du skal bruge for at f\u00e5 mest muligt ud af din GPD WIN MAX 2 eller Steam Deck. Og med hurtig levering, gode priser og f\u00f8rsteklasses kundeservice kan du handle i sikker forvisning om, at du f\u00e5r den bedst mulige handel.<\/p>\n\n<p>S\u00e5 hvis du er p\u00e5 udkig efter en h\u00f8jtydende NVMe SSD-opgradering til din GPD WIN MAX 2 eller Steam Deck, skal du ikke lede l\u00e6ngere end til BiWin 22*30. Med sin kompakte st\u00f8rrelse, lynhurtige hastigheder og brede kompatibilitet er den det perfekte valg for alle, der \u00f8nsker at tage deres spil- og computeroplevelse til det n\u00e6ste niveau. Og med GPD Store kun et klik v\u00e6k har det aldrig v\u00e6ret nemmere at f\u00e5 de produkter, du skal bruge for at f\u00e5 succes!<\/p>\n","protected":false},"excerpt":{"rendered":"<ul>\n<li>Kompatibel med Valve Steam Deck, GPD WIN Max 2, GPD WIN 4<\/li>\n<li>Op til 3200 MB\/s l\u00e6sning | 2600 MB\/s skrivning<\/li>\n<li>0,107 ms l\u00e6seforsinkelse | 0,109 ms skriveforsinkelse<\/li>\n<li>Affaldsopsamling, TRIM og moderne standby underst\u00f8ttes<\/li>\n<\/ul>\n[cg_accordion title=\"INFO OM BETALING\"]<\/p>\n<p>Vi bruger den nyeste teknologi inden for betalingsbehandling, som giver dig mulighed for at betale via Apple Pay, Google Pay, dit betalings-\/kreditkort, PayPal eller BNPL-metoder som Klarna, Affirm eller AfterPay for en hurtig og sikker oplevelse.[\/cg_accordion]\n[cg_accordion title=\"GARANTI\"]<\/p>\n<p>2 \u00e5rs garanti fra <a href=\"https:\/\/droix.net\/\" target=\"_blank\" rel=\"nofollow noopener\">DROIX Global<\/a> for at give dig ro i sindet[\/cg_accordion]\n[cg_accordion title=\"PRISER, AFGIFTER OG FORSENDELSE\"]<\/p>\n<p><strong><u>Bem\u00e6rk:<\/u><\/strong><\/p>\n<ul>\n<li>Kunder i USA: Den viste pris inkluderer IKKE SKAT eller afgifter. Ansvaret for at toldbehandle og betale eventuelle tilknyttede skatter\/afgifter ligger hos kunden. <\/li>\n<li>EU-kunder: Den viste pris inkluderer g\u00e6ldende SKAT, som kan v\u00e6re op til 25% afh\u00e6ngigt af dit land.<\/li>\n<li>Kunder i Canada: Den viste pris inkluderer g\u00e6ldende skatter, som kan omfatte 5% GST og yderligere Provincial Sales Taxes (PST), Harmonized Sales Tax (HST) eller Quebec Sales Tax (QST), afh\u00e6ngigt af din provins.<\/li>\n<\/ul>\n<p><strong>KUN for EU-kunder:<\/strong> Express DDP (Delivered Duty Paid). Dette betyder: <\/p>\n<ul>\n<li>Alle toldafgifter og skatter er inkluderet i den pris, der vises p\u00e5 produktsiden.<\/li>\n<li>Du skal ikke betale yderligere gebyrer ved levering.<\/li>\n<li>I sj\u00e6ldne tilf\u00e6lde af toldrelaterede problemer vil vores team h\u00e5ndtere fortoldningsprocessen p\u00e5 dine vegne for at sikre en problemfri leveringsoplevelse.<\/li>\n<p>Vigtig information om returnering:<\/p>\n<li>Hvis du beslutter at returnere din ordre eller anmode om refusion, skal du v\u00e6re opm\u00e6rksom p\u00e5, at skatter og afgifter, der er betalt p\u00e5 dine vegne i henhold til DDP-vilk\u00e5r, ikke kan refunderes.<\/li>\n<p>Se vores <a href=\"https:\/\/gpdstore.net\/da\/terms-of-service\/\" target=\"_blank\" rel=\"nofollow noopener\">vilk\u00e5r og betingelser<\/a> for detaljerede oplysninger.\n<\/ul>\n<p>[\/cg_accordion]\n[cg_accordion title=\"KUNDESUPPORT\"]<\/p>\n<p>Har du et sp\u00f8rgsm\u00e5l? Vi er kun en kort sms v\u00e6k fra at have l\u00f8st dit problem!<br \/>\n[\/cg_accordion]\n[cg_accordion title=\"HVAD DER ER INKLUDERET\"]<\/p>\n<ul>\n<li>1x BiWIN 2230 NVMe<\/li>\n<\/ul>\n<p>[\/cg_accordion]\n","protected":false},"featured_media":7585,"template":"","meta":{"_acf_changed":false},"product_brand":[],"product_cat":[1211],"product_tag":[3973],"woo-feed-brand":[],"class_list":{"0":"post-7583","1":"product","2":"type-product","3":"status-publish","4":"has-post-thumbnail","6":"product_cat-tilbehor-da","7":"product_tag-hardware-da-2","8":"product_shipping_class-low-end","9":"pa_accessory-type-tilfojelser","11":"first","12":"outofstock","13":"sold-individually","14":"taxable","15":"shipping-taxable","16":"purchasable","17":"product-type-simple"},"acf":[],"aioseo_notices":[],"_links":{"self":[{"href":"https:\/\/gpdstore.net\/da\/wp-json\/wp\/v2\/product\/7583","targetHints":{"allow":["GET"]}}],"collection":[{"href":"https:\/\/gpdstore.net\/da\/wp-json\/wp\/v2\/product"}],"about":[{"href":"https:\/\/gpdstore.net\/da\/wp-json\/wp\/v2\/types\/product"}],"wp:featuredmedia":[{"embeddable":true,"href":"https:\/\/gpdstore.net\/da\/wp-json\/wp\/v2\/media\/7585"}],"wp:attachment":[{"href":"https:\/\/gpdstore.net\/da\/wp-json\/wp\/v2\/media?parent=7583"}],"wp:term":[{"taxonomy":"product_brand","embeddable":true,"href":"https:\/\/gpdstore.net\/da\/wp-json\/wp\/v2\/product_brand?post=7583"},{"taxonomy":"product_cat","embeddable":true,"href":"https:\/\/gpdstore.net\/da\/wp-json\/wp\/v2\/product_cat?post=7583"},{"taxonomy":"product_tag","embeddable":true,"href":"https:\/\/gpdstore.net\/da\/wp-json\/wp\/v2\/product_tag?post=7583"},{"taxonomy":"woo-feed-brand","embeddable":true,"href":"https:\/\/gpdstore.net\/da\/wp-json\/wp\/v2\/woo-feed-brand?post=7583"}],"curies":[{"name":"wp","href":"https:\/\/api.w.org\/{rel}","templated":true}]}}