{"id":7553,"date":"2023-03-26T17:20:14","date_gmt":"2023-03-26T17:20:14","guid":{"rendered":"https:\/\/gpdstore.net\/Ikke%20kategoriseret\/gpd-win-max-2-haandholdt-gaming-pc\/"},"modified":"2026-04-02T03:46:05","modified_gmt":"2026-04-02T03:46:05","slug":"gpd-win-max-2","status":"publish","type":"product","link":"https:\/\/gpdstore.net\/da\/product\/gpd-win-max-2\/","title":{"rendered":"GPD WIN MAX 2 h\u00e5ndholdt spil-pc"},"content":{"rendered":"\n<p>GPD WIN MAX 2, der f\u00e5s i GPD Store, er en imponerende Ultrabook, der kombinerer arbejde og leg i en enkelt enhed. Denne h\u00e5ndholdte gaming-pc har en h\u00f8jtydende AMD Ryzen 7 6800U-processor med otte kerner og seksten tr\u00e5de, der kan n\u00e5 op p\u00e5 4,7 GHz mellem en konfigurerbar 15W-28W TDP. AMD Radeon 680M leverer op til 2,2 GHz kraft, hvilket sikrer j\u00e6vn grafik p\u00e5 den 10,1&#8243; IPS touchscreen-sk\u00e6rm.<\/p>\n\n<p>GPD WIN MAX 2 m\u00e5ler kun 22,7 \u00d7 16,0 \u00d7 2,3 cm (8,9 x 6,2 x 0,9 tommer) og vejer lidt over et kilo, s\u00e5 den er meget b\u00e6rbar og passer nemt ned i en taske eller et etui. Denne h\u00e5ndholdte gaming-pc underst\u00f8tter op til 32 GB LPDDR5-6400 MT\/s RAM og op til 2 TB SSD, med et ekstra slot p\u00e5 bagsiden til op til 2 TB m.2. PCIe 3.0 SSD.<\/p>\n\n<p>GPD WIN MAX 2 er ogs\u00e5 udstyret med fuld spilkontrol, herunder dobbelte analoge sticks med hall-effektsensor, et gaming D-Pad og hall-effekt-triggere. Der er endda to ekstra knapper p\u00e5 bagsiden, som kan konfigureres efter eget \u00f8nske. Denne Ultrabook kan ogs\u00e5 prale af hurtig WiFi 6 og Bluetooth 5.2, med valgfri 4G LTE-underst\u00f8ttelse til mobildata.<\/p>\n\n<p>GPD WIN MAX 2 drives af et 67Wh Li-polymer-batteri, som giver op til 14 timers let brug, 6-8 timers moderat brug og 3 timers kraftig brug. Og med en Thunderbolt 4-port kan du tilslutte et eksternt grafikkort (eGPU) for at f\u00e5 endnu hurtigere ydelse. Der er endda indbygget HDMI 2.1 til visning p\u00e5 to sk\u00e6rme.<\/p>\n\n<p>Alt i alt er GPD WIN MAX 2 en enest\u00e5ende h\u00e5ndholdt gaming-pc, der problemfrit skifter mellem arbejde og leg, og som har en fantastisk batterilevetid. Uanset om du arbejder p\u00e5 kr\u00e6vende kontordokumenter eller hygger dig med dine foretrukne AAA-spil, s\u00e5 er du d\u00e6kket ind med denne Ultrabook.<\/p>\n\n<p><\/p>\n","protected":false},"excerpt":{"rendered":"<ul>\n<li>AMD <strong>Ryzen 7 6800U<\/strong> @2,7GHz TDP 15-28W<\/li>\n<li>AMD Radeon 680M <strong>12 CU&#8217;er @2200 MHz<\/strong><\/li>\n<li><strong>op til 32 GB LPDDR5-6400 MT\/s<\/strong><\/li>\n<li><strong>op til 2 TB<\/strong> h\u00f8jhastigheds-PCI-E <strong>NVMe<\/strong> SSD<\/li>\n<li>Underst\u00f8ttelse af WiFi 6 og Bluetooth <strong>5.2<\/strong>  <\/li>\n<\/ul>\n[cg_accordion title=\"INFO OM BETALING\"]<\/p>\n<p>Vi bruger den nyeste teknologi inden for betalingsbehandling, som giver dig mulighed for at betale via dit betalingskort eller PayPal for en hurtig og sikker oplevelse.[\/cg_accordion]\n[cg_accordion title=\"GARANTI\"]<\/p>\n<p>2 \u00e5rs garanti fra <a href=\"https:\/\/droix.net\/\" target=\"_blank\" rel=\"nofollow noopener\">DROIX Global<\/a> for at give dig ro i sindet[\/cg_accordion]\n[cg_accordion title=\"PRISER, AFGIFTER OG FORSENDELSE\"]<\/p>\n<p><strong><u>Bem\u00e6rk:<\/u><\/strong><\/p>\n<ul>\n<li>Kunder i USA: Den viste pris inkluderer IKKE SKAT eller afgifter. Ansvaret for at toldbehandle og betale eventuelle tilknyttede skatter\/afgifter ligger hos kunden. <\/li>\n<li>EU-kunder: Den viste pris inkluderer g\u00e6ldende SKAT, som kan v\u00e6re op til 25% afh\u00e6ngigt af dit land.<\/li>\n<li>Kunder i Canada: Den viste pris inkluderer g\u00e6ldende skatter, som kan omfatte 5% GST og yderligere Provincial Sales Taxes (PST), Harmonized Sales Tax (HST) eller Quebec Sales Tax (QST), afh\u00e6ngigt af din provins.<\/li>\n<\/ul>\n<p><strong>KUN for EU-kunder:<\/strong> Express DDP (Delivered Duty Paid). Dette betyder: <\/p>\n<ul>\n<li>Alle toldafgifter og skatter er inkluderet i den pris, der vises p\u00e5 produktsiden.<\/li>\n<li>Du skal ikke betale yderligere gebyrer ved levering.<\/li>\n<li>I sj\u00e6ldne tilf\u00e6lde af toldrelaterede problemer vil vores team h\u00e5ndtere fortoldningsprocessen p\u00e5 dine vegne for at sikre en problemfri leveringsoplevelse.<\/li>\n<p>Vigtig information om returnering:<\/p>\n<li>Hvis du beslutter at returnere din ordre eller anmode om refusion, skal du v\u00e6re opm\u00e6rksom p\u00e5, at skatter og afgifter, der er betalt p\u00e5 dine vegne i henhold til DDP-vilk\u00e5r, ikke kan refunderes.<\/li>\n<p>Se vores <a href=\"https:\/\/droix.net\/terms-and-conditions\/\" target=\"_blank\" rel=\"nofollow noopener\">vilk\u00e5r og betingelser<\/a> for detaljerede oplysninger.\n<\/ul>\n<p>[\/cg_accordion]\n[cg_accordion title=\"KUNDESUPPORT\"]<\/p>\n<p>Har du et sp\u00f8rgsm\u00e5l? Vi er kun en kort sms v\u00e6k fra at have l\u00f8st dit problem! <\/p>\n<p>Se vores <a href=\"https:\/\/gpdstore.net\/da\/terms-of-service\/\" target=\"_blank\" rel=\"nofollow noopener\">vilk\u00e5r og betingelser<\/a> for detaljerede oplysninger.\n<\/ul>\n<p>[\/cg_accordion]\n[cg_accordion title=\"HVAD DER ER INKLUDERET\"]<\/p>\n<ul>\n<li>1x GPD WIN MAX 2<\/li>\n<li>1x str\u00f8madapter<\/li>\n<li>1x USB Type-C-kabel<\/li>\n<li>1x brugervejledning<\/li>\n<\/ul>\n<p>[\/cg_accordion]\n","protected":false},"featured_media":7555,"template":"","meta":{"_acf_changed":false},"product_brand":[],"product_cat":[977],"product_tag":[2350],"woo-feed-brand":[981],"class_list":{"0":"post-7553","1":"product","2":"type-product","3":"status-publish","4":"has-post-thumbnail","6":"product_cat-gpd-handholdt-pc-til-gaming","7":"product_tag-gpd-win-max-2-da","8":"product_shipping_class-premium","9":"pa_bluetooth-5-2-da","10":"pa_display-type-h-ips-da","11":"pa_graphics-gpu-model-radeon-680m-da","12":"pa_i-o-video-1x-hdmi-2-1-da","13":"pa_i-o-video-via-1x-usb-4-0-type-c-40gb-s-da","14":"pa_memory-ram-capacity-16-gb-da","15":"pa_memory-ram-capacity-32-gb-da","16":"pa_memory-ram-technology-lpddr5-da","17":"pa_storage-capacity-1tb-da","18":"pa_storage-capacity-2tb-da","19":"pa_wi-fi-wi-fi-6-da","20":"woo-feed-brand-gpd-da","22":"first","23":"outofstock","24":"taxable","25":"shipping-taxable","26":"purchasable","27":"product-type-variable","28":"has-default-attributes"},"acf":[],"aioseo_notices":[],"_links":{"self":[{"href":"https:\/\/gpdstore.net\/da\/wp-json\/wp\/v2\/product\/7553","targetHints":{"allow":["GET"]}}],"collection":[{"href":"https:\/\/gpdstore.net\/da\/wp-json\/wp\/v2\/product"}],"about":[{"href":"https:\/\/gpdstore.net\/da\/wp-json\/wp\/v2\/types\/product"}],"wp:featuredmedia":[{"embeddable":true,"href":"https:\/\/gpdstore.net\/da\/wp-json\/wp\/v2\/media\/7555"}],"wp:attachment":[{"href":"https:\/\/gpdstore.net\/da\/wp-json\/wp\/v2\/media?parent=7553"}],"wp:term":[{"taxonomy":"product_brand","embeddable":true,"href":"https:\/\/gpdstore.net\/da\/wp-json\/wp\/v2\/product_brand?post=7553"},{"taxonomy":"product_cat","embeddable":true,"href":"https:\/\/gpdstore.net\/da\/wp-json\/wp\/v2\/product_cat?post=7553"},{"taxonomy":"product_tag","embeddable":true,"href":"https:\/\/gpdstore.net\/da\/wp-json\/wp\/v2\/product_tag?post=7553"},{"taxonomy":"woo-feed-brand","embeddable":true,"href":"https:\/\/gpdstore.net\/da\/wp-json\/wp\/v2\/woo-feed-brand?post=7553"}],"curies":[{"name":"wp","href":"https:\/\/api.w.org\/{rel}","templated":true}]}}