{"id":6925,"date":"2024-08-22T08:22:33","date_gmt":"2024-08-22T08:22:33","guid":{"rendered":"https:\/\/gpdstore.net\/Ikke%20kategoriseret\/gpd-p2-max-2022-mini-laptop\/"},"modified":"2025-12-23T10:05:40","modified_gmt":"2025-12-23T10:05:40","slug":"gpd-p2-max-2022-mini-laptop","status":"publish","type":"product","link":"https:\/\/gpdstore.net\/da\/product\/gpd-p2-max-2022-mini-laptop\/","title":{"rendered":"GPD P2 Max 2022 Mini Laptop"},"content":{"rendered":"\n<figure class=\"wp-block-image aligncenter\"><a href=\"https:\/\/droix.net\/wp-content\/uploads\/2022\/01\/GPD-P2-MAX-2022-MARKETING-IMAGE-1.png\"><img decoding=\"async\" src=\"https:\/\/droix.net\/wp-content\/uploads\/2022\/01\/GPD-P2-MAX-2022-MARKETING-IMAGE-1.png\" alt=\"GPD P2 Max 2022 Ultrabook viser stylus\" class=\"wp-image-10581\"\/><\/a><\/figure>\n\n<figure class=\"wp-block-image aligncenter\"><a href=\"https:\/\/droix.net\/wp-content\/uploads\/2022\/01\/GPD-P2-MAX-2022-MARKETING-IMAGE-2.png\"><img decoding=\"async\" src=\"https:\/\/droix.net\/wp-content\/uploads\/2022\/01\/GPD-P2-MAX-2022-MARKETING-IMAGE-2.png\" alt=\"GPD P2 Max 2022 Ultrabook med tastatur\" class=\"wp-image-10582\"\/><\/a><\/figure>\n\n<figure class=\"wp-block-image aligncenter\"><a href=\"https:\/\/droix.net\/wp-content\/uploads\/2022\/01\/GPD-P2-MAX-2022-MARKETING-IMAGE-3.png\"><img decoding=\"async\" src=\"https:\/\/droix.net\/wp-content\/uploads\/2022\/01\/GPD-P2-MAX-2022-MARKETING-IMAGE-3.png\" alt=\"GPD P2 Max 2022 Ultrabook viser fingeraftrykssensor\" class=\"wp-image-10583\"\/><\/a><\/figure>\n\n<figure class=\"wp-block-image aligncenter\"><a href=\"https:\/\/droix.net\/wp-content\/uploads\/2022\/01\/GPD-P2-MAX-2022-MARKETING-IMAGE-4.png\"><img decoding=\"async\" src=\"https:\/\/droix.net\/wp-content\/uploads\/2022\/01\/GPD-P2-MAX-2022-MARKETING-IMAGE-4.png\" alt=\"GPD P2 Max 2022 Ultrabook viser processor\" class=\"wp-image-10584\"\/><\/a><\/figure>\n\n<figure class=\"wp-block-image aligncenter\"><a href=\"https:\/\/droix.net\/wp-content\/uploads\/2022\/01\/GPD-P2-MAX-2022-MARKETING-IMAGE-5.png\"><img decoding=\"async\" src=\"https:\/\/droix.net\/wp-content\/uploads\/2022\/01\/GPD-P2-MAX-2022-MARKETING-IMAGE-5.png\" alt=\"GPD P2 Max 2022 Ultrabook viser usb c\" class=\"wp-image-10585\"\/><\/a><\/figure>\n\n<p><span data-contrast=\"none\">En opdatering af en popul\u00e6r ultrabook er her! <strong>GPD P2 Max 2022<\/strong> indtager scenen med en r\u00e6kke opgraderinger for at holde den opdateret og relevant i den nuv\u00e6rende tidsalder! Den er den perfekte f\u00f8lgesvend til lange pendlerture, den rejsende forfatter og alle mulige andre situationer.  <\/span><\/p>\n\n<p><span data-contrast=\"none\">Kernen i <strong>P2 Max 2022<\/strong> er Intel Pentium N6000. Denne quad-core processor kombinerer energieffektivitet med respektabel ydeevne. Den h\u00e5ndterer komfortabelt alle de daglige opgaver, den uds\u00e6ttes for.  <\/span><\/p>\n\n<p><span data-contrast=\"none\"><strong>16 GB LPDDR4x RAM<\/strong> underst\u00f8tter en stabil og p\u00e5lidelig ydeevne, n\u00e5r du multitasker og producerer\/redigerer indhold. Kombiner dette med <strong>1 TB hurtig NVMe-lagerplads<\/strong>, og du har en fantastisk fleksibel, men meget b\u00e6rbar arbejdsstation. <\/span><\/p>\n\n<p><span data-contrast=\"none\">Den store <strong>8,9&#8243; sk\u00e6rm<\/strong> har en k\u00e6mpestor opl\u00f8sning p\u00e5 2560x1600p, hvilket giver dig skarpe og klare billeder til alle dine shows, fotos, videoer og meget mere. Sk\u00e6rmen er ogs\u00e5 <strong>ber\u00f8ringsf\u00f8lsom<\/strong> og kan endda bruges med stylus! <\/span><\/p>\n\n<p><span data-contrast=\"none\">Med hensyn til tilslutningsmuligheder har denne <strong>mini-laptop<\/strong> lige pr\u00e6cis nok uden at blive for klodset. Med to USB type-A-porte, en USB type-C-port, et 3,5 mm lydstik   <\/span><strong><span data-contrast=\"none\">og<\/span><\/strong><span data-contrast=\"none\">  en Micro HDMI-port, er P2 Max 2022 lige s\u00e5 behagelig p\u00e5 sk\u00f8det, som den er i en dockingstation! For dem, der foretr\u00e6kker tr\u00e5dl\u00f8s forbindelse, har <strong>GPD P2 Max 2022<\/strong> Wi-Fi 6 for maksimal netv\u00e6rkshastighed og -stabilitet. <\/span>.<\/p>\n\n<p><\/p>\n","protected":false},"excerpt":{"rendered":"<ul>\n<li>Intel\u00ae Pentium\u00ae Silver N6000-processor<\/li>\n<li><strong>16GB LPDDR4x RAM<\/strong> @2933Mhz<\/li>\n<li><strong>8,9&#8243; ber\u00f8ringssk\u00e6rm \/ fingeraftryksscanner<\/strong><\/li>\n<li><strong>1 TB<\/strong> PCI-E NVMe SSD<\/li>\n<li>Kompatibel med <strong>Windows 11<\/strong><\/li>\n<\/ul>\n<p> [cg_accordion title=\"INFO OM BETALING\"] Vi bruger den nyeste teknologi inden for betalingsbehandling, som giver dig mulighed for at betale via Apple Pay, Google Pay, dit betalings-\/kreditkort, PayPal eller BNPL-metoder som Klarna, Affirm eller AfterPay for en hurtig og sikker oplevelse.[\/cg_accordion] [cg_accordion title=\"GARANTI\"] 2 \u00e5rs garanti fra <a href=\"https:\/\/droix.net\/\" target=\"_blank\" rel=\"nofollow noopener\">DROIX Global<\/a> for at give dig ro i sindet[\/cg_accordion] [cg_accordion title=\"PRICING, TAXES AND SHIPPING\"] <strong><u>Bem\u00e6rk venligst:<\/u><\/strong><\/p>\n<ul>\n<li>Kunder i USA: Den viste pris inkluderer IKKE SKAT eller afgifter. Ansvaret for at toldbehandle og betale eventuelle tilknyttede skatter\/afgifter ligger hos kunden. <\/li>\n<li>EU-kunder: Den viste pris inkluderer g\u00e6ldende SKAT, som kan v\u00e6re op til 25% afh\u00e6ngigt af dit land.<\/li>\n<li>Kunder i Canada: Den viste pris inkluderer g\u00e6ldende skatter, som kan omfatte 5% GST og yderligere Provincial Sales Taxes (PST), Harmonized Sales Tax (HST) eller Quebec Sales Tax (QST), afh\u00e6ngigt af din provins.<\/li>\n<\/ul>\n<p><strong>KUN for EU-kunder:<\/strong> Express DDP (Delivered Duty Paid). Dette betyder: <\/p>\n<ul>\n<li style=\"list-style-type: none;\">\n<ul>\n<li>Alle toldafgifter og skatter er inkluderet i den pris, der vises p\u00e5 produktsiden.<\/li>\n<li>Du skal ikke betale yderligere gebyrer ved levering.<\/li>\n<li>I sj\u00e6ldne tilf\u00e6lde af toldrelaterede problemer vil vores team h\u00e5ndtere fortoldningsprocessen p\u00e5 dine vegne for at sikre en problemfri leveringsoplevelse.<\/li>\n<p>Vigtig information om returnering:<\/p>\n<li>Hvis du beslutter at returnere din ordre eller anmode om refusion, skal du v\u00e6re opm\u00e6rksom p\u00e5, at skatter og afgifter, der er betalt p\u00e5 dine vegne i henhold til DDP-vilk\u00e5r, ikke kan refunderes.<\/li>\n<p>Se venligst vores<\/ul>\n<\/li>\n<\/ul>\n<p><a href=\"https:\/\/gpdstore.net\/da\/terms-of-service\/\" target=\"_blank\" rel=\"nofollow noopener\">Vilk\u00e5r og betingelser<\/a><\/p>\n<ul>for detaljeret information.<\/ul>\n<p>[\/cg_accordion] [cg_accordion title=\"KUNDESUPPORT\"]  Har du et sp\u00f8rgsm\u00e5l? Vi er kun en kort sms v\u00e6k fra at have l\u00f8st dit problem!   [\/cg_accordion] [cg_accordion title=\"WHAT'S INCLUDED\"]<\/p>\n<ul>\n<li>1x USB Type-C-kabel<\/li>\n<li>1x str\u00f8madapter<\/li>\n<li>1x brugervejledning<\/li>\n<\/ul>\n<p>[\/cg_accordion]<\/p>\n","protected":false},"featured_media":6927,"template":"","meta":{"_acf_changed":false},"product_brand":[],"product_cat":[1752,1012],"product_tag":[3517],"woo-feed-brand":[981],"class_list":{"0":"post-6925","1":"product","2":"type-product","3":"status-publish","4":"has-post-thumbnail","6":"product_cat-baerbare-computere","7":"product_cat-gpd-mini-laptops","8":"product_tag-gpd-p2-max-da-2","9":"product_shipping_class-premium","10":"pa_bluetooth-5-da","11":"pa_brand-gpd","12":"pa_display-type-h-ips-da","13":"pa_graphics-gpu-model-intel-uhd-grafik-da","14":"pa_i-o-video-via-1x-usb-3-2-gen-2-type-c-da","15":"pa_memory-ram-capacity-16-gb-da","16":"pa_memory-ram-technology-lpddr4x-da","17":"pa_storage-capacity-1tb-da","18":"pa_wi-fi-wi-fi-6-da","19":"woo-feed-brand-gpd-da","21":"first","22":"outofstock","23":"sale","24":"taxable","25":"shipping-taxable","26":"purchasable","27":"product-type-variable","28":"has-default-attributes"},"acf":[],"aioseo_notices":[],"_links":{"self":[{"href":"https:\/\/gpdstore.net\/da\/wp-json\/wp\/v2\/product\/6925","targetHints":{"allow":["GET"]}}],"collection":[{"href":"https:\/\/gpdstore.net\/da\/wp-json\/wp\/v2\/product"}],"about":[{"href":"https:\/\/gpdstore.net\/da\/wp-json\/wp\/v2\/types\/product"}],"wp:featuredmedia":[{"embeddable":true,"href":"https:\/\/gpdstore.net\/da\/wp-json\/wp\/v2\/media\/6927"}],"wp:attachment":[{"href":"https:\/\/gpdstore.net\/da\/wp-json\/wp\/v2\/media?parent=6925"}],"wp:term":[{"taxonomy":"product_brand","embeddable":true,"href":"https:\/\/gpdstore.net\/da\/wp-json\/wp\/v2\/product_brand?post=6925"},{"taxonomy":"product_cat","embeddable":true,"href":"https:\/\/gpdstore.net\/da\/wp-json\/wp\/v2\/product_cat?post=6925"},{"taxonomy":"product_tag","embeddable":true,"href":"https:\/\/gpdstore.net\/da\/wp-json\/wp\/v2\/product_tag?post=6925"},{"taxonomy":"woo-feed-brand","embeddable":true,"href":"https:\/\/gpdstore.net\/da\/wp-json\/wp\/v2\/woo-feed-brand?post=6925"}],"curies":[{"name":"wp","href":"https:\/\/api.w.org\/{rel}","templated":true}]}}