{"id":6729,"date":"2024-07-12T13:07:42","date_gmt":"2024-07-12T13:07:42","guid":{"rendered":"https:\/\/gpdstore.net\/Ikke%20kategoriseret\/156-4k-baerbar-skaerm-med-beroeringsskaerm\/"},"modified":"2025-12-23T10:13:42","modified_gmt":"2025-12-23T10:13:42","slug":"15-6-4k-portable-monitor-with-touchscreen","status":"publish","type":"product","link":"https:\/\/gpdstore.net\/da\/product\/15-6-4k-portable-monitor-with-touchscreen\/","title":{"rendered":"15,6&#8243; 4K b\u00e6rbar sk\u00e6rm med ber\u00f8ringssk\u00e6rm"},"content":{"rendered":"\n<p>Vi pr\u00e6senterer den b\u00e6rbare S23b-1 4K-sk\u00e6rm: L\u00f8ft din visuelle oplevelse hvor som helst<\/p>\n\n<p>Oplev uovertruffen visuel klarhed og brillians med S23b-1 4K Portable Monitor. Denne sk\u00e6rm er designet til dem, der kr\u00e6ver det bedste inden for b\u00e6rbare sk\u00e6rme, og den leverer en fantastisk 4K UHD-opl\u00f8sning p\u00e5 en kompakt 15,6-tommers sk\u00e6rm. Uanset om du redigerer fotos i h\u00f8j opl\u00f8sning, designer indviklet grafik eller dykker ned i fordybende spilverdener, sikrer S23b-1, at alle detaljer kommer til live med enest\u00e5ende pr\u00e6cision og levende farver.<\/p>\n\n<p>Designet med et TFT IPS LCD panel, nyd overlegen farven\u00f8jagtighed og brede betragtningsvinkler, perfekt til at dele indhold med venner eller samarbejde med kolleger. Den kapacitive G+G-ber\u00f8ringssk\u00e6rm forbedrer din interaktion og giver pr\u00e6cis kontrol med problemfri navigation gennem menuer og dokumenter.<\/p>\n\n<p>Tilslutning er ubesv\u00e6ret med HDMI-miniport og to Type-C-porte, der underst\u00f8tter str\u00f8mforsyning og h\u00f8jhastighedsdataoverf\u00f8rsel p\u00e5 tv\u00e6rs af flere enheder. For ekstra bekvemmelighed er der en hovedtelefonport til privat lytning og en Micro-USB-port til eksterne enheder som tastaturer og mus.<\/p>\n\n<p>S23b-1 er fremstillet af en holdbar aluminiumslegering og kombinerer en slank, utrolig tynd profil med letv\u00e6gtsportabilitet, hvilket g\u00f8r den til den ideelle ledsager til rejser eller til at flytte mellem arbejdsomr\u00e5der. Det sammenklappelige etui kan ogs\u00e5 bruges som stativ til stabil placering p\u00e5 enhver flad overflade, hvilket sikrer alsidighed, uanset hvor du g\u00e5r.<\/p>\n\n<p>Fordele:<\/p>\n\n<ul class=\"wp-block-list\">\n<li>Fantastisk 4K UHD-sk\u00e6rm til opslugende billeder<\/li>\n\n\n\n<li>Alsidige tilslutningsmuligheder, herunder HDMI Mini- og Type-C-porte<\/li>\n\n\n\n<li>Slank, letv\u00e6gtsdesign fremstillet af aluminiumslegering af h\u00f8j kvalitet<\/li>\n\n\n\n<li>Responsiv kapacitiv G+G-ber\u00f8ringssk\u00e6rm til intuitiv interaktion<\/li>\n<\/ul>\n\n<p>Ulemper:<\/p>\n\n<ul class=\"wp-block-list\">\n<li>Begr\u00e6nset til 15,6 tommer sk\u00e6rmst\u00f8rrelse<\/li>\n\n\n\n<li>Indbyggede h\u00f8jttalere matcher m\u00e5ske ikke ekstern lydkvalitet<\/li>\n<\/ul>\n\n<p>Uanset om du er en kreativ professionel, ivrig gamer eller entusiast p\u00e5 farten, omdefinerer S23b-1 4K Portable Monitor b\u00e6rbar sk\u00e6rmkvalitet og leverer enest\u00e5ende ydeevne i en kompakt pakke.<\/p>\n","protected":false},"excerpt":{"rendered":"<ul>\n<li><strong>15,6&#8243; 4K<\/strong> b\u00e6rbar sk\u00e6rm med touchscreen til high definition<\/li>\n<li>Kompakt st\u00f8rrelse p\u00e5 14,17 x 8,4 x 0,43 tommer og en v\u00e6gt p\u00e5 <strong>920 g<\/strong><\/li>\n<li>Touchscreen kompatibel med <strong>MacOS<\/strong><\/li>\n<li>Touchscreen <strong>underst\u00f8tter touch-input<\/strong> p\u00e5 kompatible enheder<\/li>\n<li><strong>Drives af USB,<\/strong> underst\u00f8tter mini-HDMI, USB Type-C<\/li>\n<\/ul>\n[cg_accordion title=\"INFO OM BETALING\"]<\/p>\n<p>Vi bruger den nyeste teknologi inden for betalingsbehandling, som giver dig mulighed for at betale via dit betalingskort eller PayPal for en hurtig og sikker oplevelse.[\/cg_accordion]\n[cg_accordion title=\"GARANTI\"]<\/p>\n<p>2 \u00e5rs garanti fra <a href=\"https:\/\/droix.net\/\" target=\"_blank\" rel=\"nofollow noopener\">DROIX Global<\/a> for at give dig ro i sindet[\/cg_accordion]\n[cg_accordion title=\"PRISER, AFGIFTER OG FORSENDELSE\"]<\/p>\n<p><strong><u>Bem\u00e6rk:<\/u><\/strong><\/p>\n<ul>\n<li>Kunder i USA: Den viste pris inkluderer IKKE SKAT eller afgifter. Ansvaret for at toldbehandle og betale eventuelle tilknyttede skatter\/afgifter ligger hos kunden. <\/li>\n<li>EU-kunder: Den viste pris inkluderer g\u00e6ldende SKAT, som kan v\u00e6re op til 25% afh\u00e6ngigt af dit land.<\/li>\n<li>Kunder i Canada: Den viste pris inkluderer g\u00e6ldende skatter, som kan omfatte 5% GST og yderligere Provincial Sales Taxes (PST), Harmonized Sales Tax (HST) eller Quebec Sales Tax (QST), afh\u00e6ngigt af din provins.<\/li>\n<\/ul>\n<p><strong>KUN for EU-kunder:<\/strong> Express DDP (Delivered Duty Paid). Dette betyder: <\/p>\n<ul>\n<li>Alle toldafgifter og skatter er inkluderet i den pris, der vises p\u00e5 produktsiden.<\/li>\n<li>Du skal ikke betale yderligere gebyrer ved levering.<\/li>\n<li>I sj\u00e6ldne tilf\u00e6lde af toldrelaterede problemer vil vores team h\u00e5ndtere fortoldningsprocessen p\u00e5 dine vegne for at sikre en problemfri leveringsoplevelse.<\/li>\n<p>Vigtig information om returnering:<\/p>\n<li>Hvis du beslutter at returnere din ordre eller anmode om refusion, skal du v\u00e6re opm\u00e6rksom p\u00e5, at skatter og afgifter, der er betalt p\u00e5 dine vegne i henhold til DDP-vilk\u00e5r, ikke kan refunderes.<\/li>\n<p>Se vores <a href=\"https:\/\/droix.net\/terms-and-conditions\/\" target=\"_blank\" rel=\"nofollow noopener\">vilk\u00e5r og betingelser<\/a> for detaljerede oplysninger.\n<\/ul>\n<p>[\/cg_accordion]\n[cg_accordion title=\"KUNDESUPPORT\"]<\/p>\n<p>Har du et sp\u00f8rgsm\u00e5l? Vi er kun en kort sms v\u00e6k fra at have l\u00f8st dit problem! <\/p>\n<p>Se vores <a href=\"https:\/\/gpdstore.net\/da\/terms-of-service\/\" target=\"_blank\" rel=\"nofollow noopener\">vilk\u00e5r og betingelser<\/a> for detaljerede oplysninger.\n<\/ul>\n<p>[\/cg_accordion]\n[cg_accordion title=\"HVAD DER ER INKLUDERET\"]<\/p>\n<ul>\n<li>1x str\u00f8mstik (EU\/US)<\/li>\n<li>1x brugervejledning<\/li>\n<\/ul>\n<p>[\/cg_accordion]\n","protected":false},"featured_media":15920,"template":"","meta":{"_acf_changed":false},"product_brand":[],"product_cat":[2490],"product_tag":[2501,2492],"woo-feed-brand":[2493],"class_list":{"0":"post-6729","1":"product","2":"type-product","3":"status-publish","4":"has-post-thumbnail","6":"product_cat-baerbare-skaerme","7":"product_tag-30gpdsale-da","8":"product_tag-droix-baerbar-monitor-da","9":"product_shipping_class-standard","10":"pa_brand-droix","11":"woo-feed-brand-droix-da","13":"first","14":"outofstock","15":"sale","16":"taxable","17":"shipping-taxable","18":"purchasable","19":"product-type-variable","20":"has-default-attributes"},"acf":[],"aioseo_notices":[],"_links":{"self":[{"href":"https:\/\/gpdstore.net\/da\/wp-json\/wp\/v2\/product\/6729","targetHints":{"allow":["GET"]}}],"collection":[{"href":"https:\/\/gpdstore.net\/da\/wp-json\/wp\/v2\/product"}],"about":[{"href":"https:\/\/gpdstore.net\/da\/wp-json\/wp\/v2\/types\/product"}],"wp:featuredmedia":[{"embeddable":true,"href":"https:\/\/gpdstore.net\/da\/wp-json\/wp\/v2\/media\/15920"}],"wp:attachment":[{"href":"https:\/\/gpdstore.net\/da\/wp-json\/wp\/v2\/media?parent=6729"}],"wp:term":[{"taxonomy":"product_brand","embeddable":true,"href":"https:\/\/gpdstore.net\/da\/wp-json\/wp\/v2\/product_brand?post=6729"},{"taxonomy":"product_cat","embeddable":true,"href":"https:\/\/gpdstore.net\/da\/wp-json\/wp\/v2\/product_cat?post=6729"},{"taxonomy":"product_tag","embeddable":true,"href":"https:\/\/gpdstore.net\/da\/wp-json\/wp\/v2\/product_tag?post=6729"},{"taxonomy":"woo-feed-brand","embeddable":true,"href":"https:\/\/gpdstore.net\/da\/wp-json\/wp\/v2\/woo-feed-brand?post=6729"}],"curies":[{"name":"wp","href":"https:\/\/api.w.org\/{rel}","templated":true}]}}