{"id":5652,"date":"2024-07-12T08:46:50","date_gmt":"2024-07-12T08:46:50","guid":{"rendered":"https:\/\/gpdstore.net\/Ikke%20kategoriseret\/droix-pm13-2k-baerbar-skaerm\/"},"modified":"2025-09-15T21:32:17","modified_gmt":"2025-09-15T21:32:17","slug":"droix-pm13-2k-portable-monitor","status":"publish","type":"product","link":"https:\/\/gpdstore.net\/da\/product\/droix-pm13-2k-portable-monitor\/","title":{"rendered":"DroiX PM13 2K b\u00e6rbar sk\u00e6rm"},"content":{"rendered":"\n<figure class=\"wp-block-video\"><video controls=\"\" muted=\"\" poster=\"https:\/\/droix.net\/wp-content\/uploads\/2024\/03\/1.jpg\" src=\"https:\/\/droix.net\/wp-content\/uploads\/2024\/06\/pm131.mp4\"><\/video><\/figure>\n\n<div class=\"wp-block-columns is-layout-flex wp-container-core-columns-is-layout-28f84493 wp-block-columns-is-layout-flex\">\n<div class=\"wp-block-column is-layout-flow wp-block-column-is-layout-flow\" style=\"flex-basis:33.33%\">\n<figure class=\"wp-block-image size-large\"><a href=\"https:\/\/droix.net\/wp-content\/uploads\/2024\/03\/DROIX-S13-GENERIC-DONE-LISTING-IMAGE-1-1.png\"><img decoding=\"async\" src=\"https:\/\/droix.net\/wp-content\/uploads\/2024\/03\/DROIX-S13-GENERIC-DONE-LISTING-IMAGE-1-1-1024x1024.png\" alt=\"Billede af DroiX b&#xE6;rbar sk&#xE6;rm, 13 tommer, 2K, ultratynd, let og b&#xE6;rbar\" class=\"wp-image-175965\"\/><\/a><\/figure>\n<\/div>\n\n\n\n<div class=\"wp-block-column is-layout-flow wp-block-column-is-layout-flow\" style=\"flex-basis:66.66%\">\n<h3 class=\"wp-block-heading\"><strong>DroiX PM13 &#8211; 13,0 tommer 4K ultratynd b\u00e6rbar sk\u00e6rm<\/strong><\/h3>\n\n\n\n<p>DroiX PM13 er en elegant og fjerlet 13&#8243; 2K b\u00e6rbar sk\u00e6rm, der kun vejer 494 gram. Den er indkapslet i en slank aluminiumsramme og har ultratynde rammer p\u00e5 0,11&#8243; og blander p\u00e5 mesterlig vis stil med bekvemmelighed. Den levende IPS-sk\u00e6rm giver rige farver og en ekspansiv 170-graders betragtningsvinkel, hvilket giver en f\u00e6ngslende visuel oplevelse. Med kompatibilitet med mange enheder via HDMI og USB-C er PM13 den ultimative alsidige sk\u00e6rm til at opgradere din ops\u00e6tning, uanset hvor du er.  <\/p>\n<\/div>\n<\/div>\n\n<div class=\"wp-block-columns is-layout-flex wp-container-core-columns-is-layout-28f84493 wp-block-columns-is-layout-flex\">\n<div class=\"wp-block-column is-layout-flow wp-block-column-is-layout-flow\">\n<h3 class=\"wp-block-heading\">Den ideelle b\u00e6rbare sk\u00e6rm til b\u00e6rbare computere<br\/><em>Ingen kompromiser<\/em><\/h3>\n\n\n\n<p>Den b\u00e6rbare DroiX PM13-sk\u00e6rm giver en enest\u00e5ende sk\u00e6rmoplevelse med sine fremragende funktioner. Med h\u00f8j lysstyrke og HDR-underst\u00f8ttelse sikrer den klar synlighed under alle lysforhold. Den 100 % sRGB-d\u00e6kning og 16,7 millioner farver giver den pr\u00e6cise farven\u00f8jagtighed, der er afg\u00f8rende for fotoredigering og grafisk design. Dens 2K-opl\u00f8sning p\u00e5 en 13-tommers sk\u00e6rm garanterer h\u00f8j pixelt\u00e6thed, hvilket giver skarpe og levende billeder til b\u00e5de tekst og multimedier. Det g\u00f8r PM13 til et f\u00f8rstevalg for b\u00e5de professionelle og entusiaster.    <\/p>\n<\/div>\n\n\n\n<div class=\"wp-block-column is-layout-flow wp-block-column-is-layout-flow\">\n<figure class=\"wp-block-image size-full\"><a href=\"https:\/\/droix.net\/wp-content\/uploads\/2024\/03\/2.jpg\"><img decoding=\"async\" src=\"https:\/\/droix.net\/wp-content\/uploads\/2024\/03\/2.jpg\" alt=\"DroiX PM13 b&#xE6;rbar sk&#xE6;rm i h&#xF8;j kvalitet med HDR400-underst&#xF8;ttelse, QHD 2160x1350-opl&#xF8;sning og 100 % sRGB-d&#xE6;kning\" class=\"wp-image-182193\"\/><\/a><\/figure>\n<\/div>\n<\/div>\n\n<div class=\"wp-block-columns is-layout-flex wp-container-core-columns-is-layout-28f84493 wp-block-columns-is-layout-flex\">\n<div class=\"wp-block-column is-layout-flow wp-block-column-is-layout-flow\">\n<figure class=\"wp-block-image size-full\"><a href=\"https:\/\/droix.net\/wp-content\/uploads\/2024\/07\/3-1.jpg\"><img decoding=\"async\" src=\"https:\/\/droix.net\/wp-content\/uploads\/2024\/07\/3-1.jpg\" alt=\"Den b&#xE6;rbare DroiX PM13-sk&#xE6;rm er skabt til at omdefinere kompatibilitet og tilslutningsmuligheder med en lang r&#xE6;kke enheder. Med robust underst&#xF8;ttelse af USB- og ActiveDP-teknologier integreres denne sk&#xE6;rm problemfrit med forskellige moderne gadgets, fra b&#xE6;rbare computere til smartphones og meget mere. PM13 er designet til ubesv&#xE6;ret interaktion og fungerer med enheder, der underst&#xF8;tter DisplayPort over USB, har Thunderbolt-USB-porte eller f&#xF8;lger USB 4-protokollen for videoudgang. Uanset om du spiller p&#xE5; farten, &#xF8;ger produktiviteten eller nyder multimedieindhold, er PM13 din ultimative f&#xF8;lgesvend, der tilbyder uovertruffen fleksibilitet og ydeevne, uanset hvor du har brug for det.   \" class=\"wp-image-182203\"\/><\/a><\/figure>\n<\/div>\n\n\n\n<div class=\"wp-block-column is-layout-flow wp-block-column-is-layout-flow\">\n<h3 class=\"wp-block-heading\">B\u00e6rbarhed og str\u00f8m<br\/><em>Kompatibilitet<\/em><\/h3>\n\n\n\n<p>Oplev den banebrydende alsidighed i den b\u00e6rbare DroiX PM13-sk\u00e6rm, der er skabt til at omdefinere kompatibilitet og tilslutningsmuligheder med en lang r\u00e6kke enheder. Med robust underst\u00f8ttelse af USB- og ActiveDP-teknologier integreres denne sk\u00e6rm problemfrit med forskellige moderne gadgets, fra b\u00e6rbare computere til smartphones og meget mere. <\/p>\n\n\n\n<p>PM13 er designet til ubesv\u00e6ret interaktion og fungerer med enheder, der underst\u00f8tter DisplayPort over USB, har Thunderbolt-USB-porte eller f\u00f8lger USB 4-protokollen for videoudgang. Uanset om du spiller p\u00e5 farten, \u00f8ger produktiviteten eller nyder multimedieindhold, er PM13 din ultimative f\u00f8lgesvend, der tilbyder uovertruffen fleksibilitet og ydeevne, uanset hvor du har brug for det. <\/p>\n<\/div>\n<\/div>\n\n<div class=\"wp-block-columns is-layout-flex wp-container-core-columns-is-layout-28f84493 wp-block-columns-is-layout-flex\">\n<div class=\"wp-block-column is-layout-flow wp-block-column-is-layout-flow\">\n<h3 class=\"wp-block-heading\">Mere end en b\u00e6rbar sk\u00e6rm<br\/><em>Rige p\u00e5 funktioner<\/em><\/h3>\n\n\n\n<p>Den b\u00e6rbare DroiX PM13-sk\u00e6rm har et alsidigt design med en 180\u00b0 justerbar st\u00f8ttefod, s\u00e5 brugerne kan placere sk\u00e6rmen i forskellige vinkler for at opn\u00e5 optimal visningskomfort. Den har desuden integreret 75&#215;75 mm VESA-montering, som giver mulighed for fleksibel montering p\u00e5 kompatible arme eller stativer. Til lyd kommer PM13 med indbyggede stereoh\u00f8jttalere, der hver har en effekt p\u00e5 1,0 W. Selv om de ikke er us\u00e6dvanligt kraftige, tilbyder disse h\u00f8jttalere en praktisk lydl\u00f8sning uden at kr\u00e6ve eksterne enheder.   <\/p>\n\n\n\n<h3 class=\"wp-block-heading\"><br\/><\/h3>\n<\/div>\n\n\n\n<div class=\"wp-block-column is-layout-flow wp-block-column-is-layout-flow\">\n<figure class=\"wp-block-image size-full\"><a href=\"https:\/\/droix.net\/wp-content\/uploads\/2024\/07\/4.jpg\"><img decoding=\"async\" src=\"https:\/\/droix.net\/wp-content\/uploads\/2024\/07\/4.jpg\" alt=\"DroiX PM13 er en b&#xE6;rbar sk&#xE6;rm med en 180&#xB0; justerbar st&#xF8;ttefod, s&#xE5; brugerne kan placere sk&#xE6;rmen i forskellige vinkler for at opn&#xE5; optimal seerkomfort. Den har integreret 75x75 mm VESA-beslag til fleksibel montering p&#xE5; kompatible arme eller stativer. PM13 har ogs&#xE5; indbyggede stereoh&#xF8;jttalere p&#xE5; 1,0 W hver, hvilket giver en praktisk lydl&#xF8;sning uden behov for eksterne enheder.  \" class=\"wp-image-182205\"\/><\/a><\/figure>\n<\/div>\n<\/div>\n\n<div class=\"wp-block-columns is-layout-flex wp-container-core-columns-is-layout-28f84493 wp-block-columns-is-layout-flex\">\n<div class=\"wp-block-column is-layout-flow wp-block-column-is-layout-flow\">\n<figure class=\"wp-block-image size-full\"><a href=\"https:\/\/droix.net\/wp-content\/uploads\/2024\/07\/5.jpg\"><img decoding=\"async\" src=\"https:\/\/droix.net\/wp-content\/uploads\/2024\/07\/5.jpg\" alt=\"DroiX PM13 b&#xE6;rbar sk&#xE6;rm er et eksempel p&#xE5; alsidighed med omfattende kompatibilitet og tilslutningsmuligheder. Den har fire tilstande: Duplicated Mode til spejling af indhold, Extend Mode til udvidelse af arbejdsomr&#xE5;det, Second Screen til spillekonsoller og Portrait Mode til lodret orientering. Ideel til professionelle, gamere og digitale nomader, der forbedrer produktivitet og underholdning i forskellige milj&#xF8;er.  \" class=\"wp-image-182206\"\/><\/a><\/figure>\n<\/div>\n\n\n\n<div class=\"wp-block-column is-layout-flow wp-block-column-is-layout-flow\">\n<h3 class=\"wp-block-heading\">Udvidelse, duplikering, portr\u00e6t og meget mere<br\/><em>\u00c6gte alsidighed<br\/><\/em><\/h3>\n\n\n\n<p>Den b\u00e6rbare DroiX PM13-monitor er et eksempel p\u00e5 alsidighed med sine omfattende kompatibilitets- og tilslutningsmuligheder. Den tilbyder fire alsidige tilstande: Duplicated Mode til spejling af indhold, Extend Mode til udvidelse af arbejdsomr\u00e5det, Second Screen til spillekonsoller og Portrait Mode til lodret orientering. Denne tilpasningsevne g\u00f8r den til en ideel ledsager for professionelle, gamere og digitale nomader, der forbedrer produktivitet og underholdning i forskellige milj\u00f8er.  <\/p>\n\n\n\n<p>4o<\/p>\n<\/div>\n<\/div>\n\n<figure class=\"wp-block-image aligncenter size-large\"><a href=\"https:\/\/droix.net\/wp-content\/uploads\/2024\/07\/7.jpg\"><img decoding=\"async\" src=\"https:\/\/droix.net\/wp-content\/uploads\/2024\/07\/7-1024x420.jpg\" alt=\"Tilslut din Thunderbolt 3- eller 4-aktiverede MacBook problemfrit til den b&#xE6;rbare DroiX PM13-sk&#xE6;rm via dens Type-C-port med DP ALT-MODE-underst&#xF8;ttelse. Denne avancerede tilslutning sikrer b&#xE5;de videotransmission og str&#xF8;mforsyning via et enkelt Type-C-kabel, hvilket maksimerer bekvemmelighed og effektivitet. \" class=\"wp-image-182195\"\/><\/a><\/figure>\n\n<p>Tilslut din Thunderbolt 3- eller 4-aktiverede MacBook problemfrit til den b\u00e6rbare DroiX PM13-sk\u00e6rm via dens Type-C-port med DP ALT-MODE-underst\u00f8ttelse. Denne avancerede tilslutning sikrer b\u00e5de videotransmission og str\u00f8mforsyning via et enkelt Type-C-kabel, hvilket maksimerer bekvemmelighed og effektivitet. <\/p>\n\n<figure class=\"wp-block-image aligncenter size-large is-resized\"><a href=\"https:\/\/droix.net\/wp-content\/uploads\/2024\/03\/8.jpg\"><img decoding=\"async\" src=\"https:\/\/droix.net\/wp-content\/uploads\/2024\/03\/8-1024x420.jpg\" alt=\"Udnyt de avancerede funktioner i Thunderbolt 3, 4 eller USB 3.1 DP ALT-MODE p&#xE5; din smartphone til problemfrit at oprette forbindelse til den b&#xE6;rbare DroiX PM13-sk&#xE6;rm til b&#xE5;de videoudgang og str&#xF8;mforsyning. Brug Type-C-porten med DP ALT-MODE-underst&#xF8;ttelse p&#xE5; din smartphone til en str&#xF8;mlinet oplevelse med et enkelt kabel, der h&#xE5;ndterer videotransmission og str&#xF8;mforsyning. \" class=\"wp-image-182197\" style=\"width:900px;height:auto\"\/><\/a><\/figure>\n\n<p>Tilslut nemt din Windows-laptop til den b\u00e6rbare DroiX PM13-sk\u00e6rm ved hj\u00e6lp af dens HDMI- og Type-C-porte for problemfri videotransmission og str\u00f8mforsyning. Type-C-porten underst\u00f8tter str\u00f8mforsyning (PD), mens HDMI-porten sikrer high-definition videooutput, s\u00e5 du kan nyde forbedret produktivitet og underholdning uden besv\u00e6r. <\/p>\n\n<figure class=\"wp-block-image aligncenter size-large\"><a href=\"https:\/\/droix.net\/wp-content\/uploads\/2024\/03\/9.jpg\"><img decoding=\"async\" src=\"https:\/\/droix.net\/wp-content\/uploads\/2024\/03\/9-1024x420.jpg\" alt=\"Udnyt de avancerede funktioner i Thunderbolt 3, 4 eller USB 3.1 DP ALT-MODE p&#xE5; din smartphone til problemfrit at oprette forbindelse til den b&#xE6;rbare DroiX PM13-sk&#xE6;rm til b&#xE5;de videoudgang og str&#xF8;mforsyning. Brug Type-C-porten med DP ALT-MODE-underst&#xF8;ttelse p&#xE5; din smartphone til en str&#xF8;mlinet oplevelse med et enkelt kabel, der h&#xE5;ndterer videotransmission og str&#xF8;mforsyning. \" class=\"wp-image-182198\"\/><\/a><\/figure>\n\n<p>Udnyt de avancerede funktioner i Thunderbolt 3, 4 eller USB 3.1 DP ALT-MODE p\u00e5 din smartphone til problemfrit at oprette forbindelse til den b\u00e6rbare DroiX PM13-sk\u00e6rm til b\u00e5de videoudgang og str\u00f8mforsyning. Ved at bruge Type-C-porten med DP ALT-MODE-underst\u00f8ttelse p\u00e5 din smartphone kan du nyde en str\u00f8mlinet oplevelse med et enkelt kabel, der h\u00e5ndterer b\u00e5de videotransmission og str\u00f8mforsyning. <\/p>\n\n<figure class=\"wp-block-image aligncenter size-large\"><a href=\"https:\/\/droix.net\/wp-content\/uploads\/2024\/03\/11.jpg\"><img decoding=\"async\" src=\"https:\/\/droix.net\/wp-content\/uploads\/2024\/03\/11-1024x420.jpg\" alt=\"Den b&#xE6;rbare DroiX PM13-sk&#xE6;rm kan tilsluttes p&#xE5; forskellige m&#xE5;der, herunder USB, ActiveDP, DisplayPort over USB, Thunderbolt USB-porte og USB 4-protokol til videoudgang, hvilket sikrer alsidige tilslutningsmuligheder.\" class=\"wp-image-182199\"\/><\/a><\/figure>\n\n<figure class=\"wp-block-image aligncenter size-large\"><a href=\"https:\/\/droix.net\/wp-content\/uploads\/2024\/03\/12.jpg\"><img decoding=\"async\" src=\"https:\/\/droix.net\/wp-content\/uploads\/2024\/03\/12-1024x420.jpg\" alt=\"Ofte stillede sp&#xF8;rgsm&#xE5;l til den b&#xE6;rbare DroiX PM13-monitor\" class=\"wp-image-182200\"\/><\/a><\/figure>\n\n<h3 class=\"wp-block-heading\"><strong>Konklusion<\/strong><\/h3>\n\n<p>DroiX PM13 omdefinerer essensen af b\u00e6rbare sk\u00e6rme ved at kombinere h\u00f8j opl\u00f8sning, overlegen b\u00e6rbarhed og omfattende kompatibilitet i et slankt, brugervenligt design. Den er skabt til dem, der n\u00e6gter at g\u00e5 p\u00e5 kompromis med kvalitet og funktionalitet, selv n\u00e5r de er p\u00e5 farten. Omfavn fremtiden for b\u00e6rbare sk\u00e6rme med DroiX PM13, og oplev den perfekte blanding af innovation og bekvemmelighed p\u00e5 f\u00f8rste h\u00e5nd.  <\/p>\n\n<p>G\u00e5 ikke glip af muligheden for at l\u00f8fte din b\u00e6rbare sk\u00e6rmoplevelse med DroiX PM13. Forudbestil nu for at sikre dig en plads blandt de f\u00f8rste, der f\u00e5r gl\u00e6de af denne banebrydende enhed. Med begr\u00e6nset tilg\u00e6ngelighed er dette din chance for at komme foran og opleve det ultimative inden for b\u00e6rbar sk\u00e6rmteknologi. Bestil din DroiX PM13 b\u00e6rbare sk\u00e6rm i dag!   <\/p>\n\n<p>4o<\/p>\n","protected":false},"excerpt":{"rendered":"<ul>\n<li>2K 13&#8243;<strong> IPS-sk\u00e6rm<\/strong> <\/li>\n<li>100 %<strong> sRGB-d\u00e6kning<\/strong> <\/li>\n<li>450 <strong>Nits<\/strong> lysstyrke<\/li>\n<li>75x75mm<strong> VESA-beslag<\/strong> <\/li>\n<li> <strong> Indbyggede<\/strong> h\u00f8jttalere<\/li>\n<\/ul>\n<p> [cg_accordion title=\"INFO OM BETALING\"] Vi bruger den nyeste teknologi inden for betalingsbehandling, som giver dig mulighed for at betale via dit betalingskort eller PayPal for en hurtig og sikker oplevelse.[\/cg_accordion] [cg_accordion title=\"GARANTI\"] 1 eller 2 \u00e5rs* garanti fra <a href=\"https:\/\/droix.net\/\" target=\"_blank\" rel=\"nofollow noopener\">DroiX Global<\/a> for at give dig ro i sindet[\/cg_accordion] [cg_accordion title=\"FORSENDELSE OG SKATTER\"] <strong><u>Bem\u00e6rk:<\/u><\/strong> Kunder i USA: Den viste pris inkluderer alle g\u00e6ldende skatter. Kunder i EU: Den viste pris inkluderer g\u00e6ldende SKAT, som kan v\u00e6re op til 25 % afh\u00e6ngigt af dit land. Kunder i Canada: Den viste pris inkluderer 5 % GST. Forsendelse og returnering h\u00e5ndteres af <a href=\"https:\/\/droix.net\/\" target=\"_blank\" rel=\"nofollow noopener\">DroiX<\/a>, en officiel GPD-distribut\u00f8r. Vi tilbyder hurtig DHL Express DDP-forsendelse (Delivered Duty Paid). Alle toldafgifter og skatter er inkluderet i den viste pris &#8211; der kr\u00e6ves ingen yderligere betalinger ved levering. Hvis der opst\u00e5r toldproblemer, vil vores team h\u00e5ndtere fortoldningsprocedurerne p\u00e5 dine vegne. Vigtigt: I tilf\u00e6lde af returnering og ombestemmelse kan skatter og afgifter, der er betalt p\u00e5 dine vegne, ikke refunderes p\u00e5 grund af DDP-forsendelsesvilk\u00e5r. Se venligst vores <a href=\"https:\/\/gpdstore.net\/da\/terms-of-service\/\" target=\"_blank\" rel=\"nofollow noopener\">vilk\u00e5r og betingelser<\/a> for detaljerede oplysninger.        [\/cg_accordion] [cg_accordion title=\"WHAT'S INCLUDED\"]<\/p>\n<ul>\n<li>1x DroiX PM13 b\u00e6rbar sk\u00e6rm<\/li>\n<li>1x str\u00f8mstik (EU\/US)<\/li>\n<li>1x HDMI-kabel<\/li>\n<li>1x USB Type-C-kabel<\/li>\n<li>1x USB Type-A til Type-C-kabel<\/li>\n<li>1x beskyttelsesetui<\/li>\n<li>1x brugervejledning<\/li>\n<\/ul>\n<p>[\/cg_accordion]<\/p>\n","protected":false},"featured_media":818476,"template":"","meta":{"_acf_changed":false},"product_brand":[],"product_cat":[2490],"product_tag":[12722,2492],"woo-feed-brand":[2493],"class_list":{"0":"post-5652","1":"product","2":"type-product","3":"status-publish","4":"has-post-thumbnail","6":"product_cat-baerbare-skaerme","7":"product_tag-25bfsale-da","8":"product_tag-droix-baerbar-monitor-da","9":"product_shipping_class-low-end","10":"pa_brand-droix","11":"woo-feed-brand-droix-da","13":"first","14":"instock","15":"sale","16":"taxable","17":"shipping-taxable","18":"purchasable","19":"product-type-variable","20":"has-default-attributes"},"acf":[],"aioseo_notices":[],"_links":{"self":[{"href":"https:\/\/gpdstore.net\/da\/wp-json\/wp\/v2\/product\/5652","targetHints":{"allow":["GET"]}}],"collection":[{"href":"https:\/\/gpdstore.net\/da\/wp-json\/wp\/v2\/product"}],"about":[{"href":"https:\/\/gpdstore.net\/da\/wp-json\/wp\/v2\/types\/product"}],"wp:featuredmedia":[{"embeddable":true,"href":"https:\/\/gpdstore.net\/da\/wp-json\/wp\/v2\/media\/818476"}],"wp:attachment":[{"href":"https:\/\/gpdstore.net\/da\/wp-json\/wp\/v2\/media?parent=5652"}],"wp:term":[{"taxonomy":"product_brand","embeddable":true,"href":"https:\/\/gpdstore.net\/da\/wp-json\/wp\/v2\/product_brand?post=5652"},{"taxonomy":"product_cat","embeddable":true,"href":"https:\/\/gpdstore.net\/da\/wp-json\/wp\/v2\/product_cat?post=5652"},{"taxonomy":"product_tag","embeddable":true,"href":"https:\/\/gpdstore.net\/da\/wp-json\/wp\/v2\/product_tag?post=5652"},{"taxonomy":"woo-feed-brand","embeddable":true,"href":"https:\/\/gpdstore.net\/da\/wp-json\/wp\/v2\/woo-feed-brand?post=5652"}],"curies":[{"name":"wp","href":"https:\/\/api.w.org\/{rel}","templated":true}]}}