{"id":5112,"date":"2024-05-08T15:41:24","date_gmt":"2024-05-08T15:41:24","guid":{"rendered":"https:\/\/gpdstore.net\/Ikke%20kategoriseret\/gpd-win-4-dockingstation\/"},"modified":"2025-12-23T10:17:20","modified_gmt":"2025-12-23T10:17:20","slug":"gpd-win-4-docking-station","status":"publish","type":"product","link":"https:\/\/gpdstore.net\/da\/product\/gpd-win-4-docking-station\/","title":{"rendered":"GPD WIN 4-dockingstation"},"content":{"rendered":"\n<h3 class=\"wp-block-heading\"><strong>Forvandl din GPD WIN 4 til et skrivebord med den officielle dockingstation<\/strong><\/h3>\n\n<p>L\u00f8ft din h\u00e5ndholdte spiloplevelse op p\u00e5 skrivebordsniveau med GPD WIN 4-dockingstationen. Dette vigtige tilbeh\u00f8r udvider ikke kun dine tilslutningsmuligheder, men forbedrer ogs\u00e5 din enheds funktionalitet og g\u00f8r den til en fuldt udstyret station\u00e6r pc.<\/p>\n\n<h3 class=\"wp-block-heading\"><strong>Forbedret USB-forbindelse<\/strong><\/h3>\n\n<p>GPD WIN 4-dockingstationen er udstyret med tre USB 3.2 Gen 2 Type-A-porte, der leverer hastigheder p\u00e5 op til 10 Gbps til tilslutning af en r\u00e6kke eksterne enheder som tastaturer, mus og eksterne h\u00f8jhastighedslagerenheder.<\/p>\n\n<p>Den har ogs\u00e5 en USB 3.2 Gen 2 Type-C-port, der er designet til hurtig opladning og underst\u00f8tter kraftige opladere, s\u00e5 du hurtigt kan f\u00e5 str\u00f8m p\u00e5 din enhed.<\/p>\n\n<h3 class=\"wp-block-heading\"><strong>Overlegne visningsmuligheder<\/strong><\/h3>\n\n<p>Oplev billeder i h\u00f8j opl\u00f8sning ved at slutte din GPD WIN 4 til en ekstern sk\u00e6rm eller et tv via HDMI 2.0-porten. Denne ops\u00e6tning giver dig mulighed for at bruge GPD WIN 4&#8217;s sk\u00e6rm som en sekund\u00e6r sk\u00e6rm og forbedre din produktivitet og spiloplevelse med dobbelte sk\u00e6rmfunktioner.<\/p>\n\n<h3 class=\"wp-block-heading\"><strong>Hurtig og sikker internetforbindelse<\/strong><\/h3>\n\n<p>Dockingstationen har en 1Gbps RJ45 Ethernet-port, som giver en hurtig og sikker forbindelse til streaming, spil og dataoverf\u00f8rsler, der overg\u00e5r tr\u00e5dl\u00f8se hastigheder og sikkerhed.<\/p>\n\n<h3 class=\"wp-block-heading\"><strong>Kompakt design for maksimal b\u00e6rbarhed<\/strong><\/h3>\n\n<p>GPD WIN 4-dockingstationen har en kompakt formfaktor, der kun m\u00e5ler 3,4 x 5,6 x 3,2 tommer og kun vejer 224 g. Det g\u00f8r den utrolig b\u00e6rbar og nem at integrere i ethvert arbejdsomr\u00e5de uden rod. Designet omfatter en aftagelig bagside, der g\u00f8r det nemt at tilslutte og transportere dockingstationen og enheden.<\/p>\n\n<p>Desuden giver dockingstationens design den anden USB Type-C-port p\u00e5 GPD WIN 4 fri, s\u00e5 du kan tilslutte h\u00f8jtydende periferiudstyr som f.eks. en ekstern GPU, hvilket forbedrer din ops\u00e6tning yderligere.<\/p>\n\n<h3 class=\"wp-block-heading\"><strong>Fordele og ulemper ved GPD WIN 4 Docking Station<\/strong><\/h3>\n\n<h3 class=\"wp-block-heading\"><strong>Fordele:<\/strong><\/h3>\n\n<ul class=\"wp-block-list\">\n<li>Flere USB 3.2 Gen 2 Type-A-porte til forskelligt periferiudstyr<\/li>\n\n\n\n<li>HDMI 2.0-udgang til eksterne sk\u00e6rme eller tv&#8217;er<\/li>\n\n\n\n<li>H\u00f8jhastigheds-Ethernet p\u00e5 1 Gbps giver p\u00e5lidelig internetforbindelse<\/li>\n\n\n\n<li>USB Type-C-port til hurtig opladning af enheder<\/li>\n<\/ul>\n\n<h3 class=\"wp-block-heading\"><strong>Ulemper:<\/strong><\/h3>\n\n<ul class=\"wp-block-list\">\n<li>Mangler en ekstra USB Type-C-port til perifere tilslutninger<\/li>\n<\/ul>\n\n<h3 class=\"wp-block-heading\"><strong>Fordele ved at bruge en dockingstation<\/strong><\/h3>\n\n<p>En dockingstation forenkler din arbejdsgang ved at forbinde din b\u00e6rbare computer med flere eksterne enheder via et enkelt kabel. Det hj\u00e6lper ikke kun med at rydde op p\u00e5 din arbejdsplads, men \u00f8ger ogs\u00e5 din produktivitet ved at muligg\u00f8re ops\u00e6tning af to sk\u00e6rme. Desuden minimerer den slitage p\u00e5 enhedens porte og forl\u00e6nger levetiden for din GPD WIN 4, da den reducerer det hyppige behov for at tilslutte og frakoble flere kabler.<\/p>\n\n<p>Invester i GPD WIN 4-dockingstationen i dag for at forvandle dit gaming-setup og str\u00f8mline dit arbejdsomr\u00e5de, s\u00e5 din GPD WIN 4 ikke bare bliver en gaming-gadget, men en omfattende arbejdsstation.<\/p>\n","protected":false},"excerpt":{"rendered":"<ul>\n<li>Opbevar og oplad din <strong>GPD WIN 4<\/strong><\/li>\n<li>G\u00f8r din h\u00e5ndholdte til et <strong>skrivebord<\/strong><\/li>\n<li>Tilslut alle dine eksterne enheder.<\/li>\n<li>Officiel GPD Dock designet til <strong>GPD WIN 4<\/strong><\/li>\n<li>Lille, let og rejsevenlig<\/li>\n<\/ul>\n[cg_accordion title=\"INFO OM BETALING\"]<\/p>\n<p>Vi bruger den nyeste teknologi inden for betalingsbehandling, som giver dig mulighed for at betale via dit betalingskort eller PayPal for en hurtig og sikker oplevelse.[\/cg_accordion]\n[cg_accordion title=\"GARANTI\"]<\/p>\n<p>2 \u00e5rs garanti fra <a href=\"https:\/\/droix.net\/\" target=\"_blank\" rel=\"nofollow noopener\">DROIX Global<\/a> for at give dig ro i sindet[\/cg_accordion]\n[cg_accordion title=\"PRISER, AFGIFTER OG FORSENDELSE\"]<\/p>\n<p><strong><u>Bem\u00e6rk:<\/u><\/strong><br \/>\n &#8211; Kunder i USA: Den viste pris inkluderer alle g\u00e6ldende skatter.<br \/>\n &#8211; Kunder i EU: Den viste pris inkluderer g\u00e6ldende SKAT, som kan v\u00e6re op til 25 % afh\u00e6ngigt af dit land.<br \/>\n &#8211; Kunder i Canada: Den viste pris inkluderer g\u00e6ldende skatter, som kan omfatte 5% GST og yderligere provinsielle salgsafgifter (PST), harmoniseret salgsafgift (HST) eller Quebec Sales Tax (QST), afh\u00e6ngigt af din provins.[\/cg_accordion]\n[cg_accordion title=\"FORSENDELSE OG RETURNERING\"]<\/p>\n<p>Organiseret af <a href=\"https:\/\/droix.net\/\" target=\"_blank\" rel=\"nofollow noopener\">DroiX<\/a>, en officiel GPD-distribut\u00f8r, sender vi med DHL Express DDP (Delivered Duty Paid). Det betyder, at: <\/p>\n<p>Ekspres DDP (Delivered Duty Paid). Det betyder, at:<br \/>\n &#8211; Alle toldafgifter og skatter er inkluderet i den pris, der vises p\u00e5 produktsiden.<br \/>\n &#8211; Du skal ikke betale yderligere gebyrer ved levering.<br \/>\n &#8211; I sj\u00e6ldne tilf\u00e6lde af toldrelaterede problemer vil vores team h\u00e5ndtere fortoldningsprocessen p\u00e5 dine vegne for at sikre en problemfri leveringsoplevelse. <\/p>\n<p>Vigtig information om returnering:<br \/>\n &#8211; Hvis du beslutter at returnere din ordre eller anmode om tilbagebetaling, skal du v\u00e6re opm\u00e6rksom p\u00e5, at skatter og afgifter, der er betalt p\u00e5 dine vegne i henhold til DDP-vilk\u00e5r, ikke kan refunderes.<\/p>\n<p>Se vores <a href=\"https:\/\/gpdstore.net\/da\/terms-of-service\/\" target=\"_blank\" rel=\"nofollow noopener\">vilk\u00e5r og betingelser<\/a> for detaljerede oplysninger.[\/cg_accordion]\n[cg_accordion title=\"HVAD DER ER INKLUDERET\"]<\/p>\n<ul>\n<li>1x GPD WIN 4 Dock<\/li>\n<\/ul>\n<p>[\/cg_accordion]\n","protected":false},"featured_media":12197,"template":"","meta":{"_acf_changed":false},"product_brand":[],"product_cat":[1211],"product_tag":[1955],"woo-feed-brand":[981],"class_list":{"0":"post-5112","1":"product","2":"type-product","3":"status-publish","4":"has-post-thumbnail","6":"product_cat-tilbehor-da","7":"product_tag-gpd-win-4-accessory-da","8":"product_shipping_class-standard","10":"pa_accessory-type-dockingstation","11":"pa_brand-gpd","12":"woo-feed-brand-gpd-da","14":"first","15":"outofstock","16":"taxable","17":"shipping-taxable","18":"purchasable","19":"product-type-variable","20":"has-default-attributes"},"acf":[],"aioseo_notices":[],"_links":{"self":[{"href":"https:\/\/gpdstore.net\/da\/wp-json\/wp\/v2\/product\/5112","targetHints":{"allow":["GET"]}}],"collection":[{"href":"https:\/\/gpdstore.net\/da\/wp-json\/wp\/v2\/product"}],"about":[{"href":"https:\/\/gpdstore.net\/da\/wp-json\/wp\/v2\/types\/product"}],"wp:featuredmedia":[{"embeddable":true,"href":"https:\/\/gpdstore.net\/da\/wp-json\/wp\/v2\/media\/12197"}],"wp:attachment":[{"href":"https:\/\/gpdstore.net\/da\/wp-json\/wp\/v2\/media?parent=5112"}],"wp:term":[{"taxonomy":"product_brand","embeddable":true,"href":"https:\/\/gpdstore.net\/da\/wp-json\/wp\/v2\/product_brand?post=5112"},{"taxonomy":"product_cat","embeddable":true,"href":"https:\/\/gpdstore.net\/da\/wp-json\/wp\/v2\/product_cat?post=5112"},{"taxonomy":"product_tag","embeddable":true,"href":"https:\/\/gpdstore.net\/da\/wp-json\/wp\/v2\/product_tag?post=5112"},{"taxonomy":"woo-feed-brand","embeddable":true,"href":"https:\/\/gpdstore.net\/da\/wp-json\/wp\/v2\/woo-feed-brand?post=5112"}],"curies":[{"name":"wp","href":"https:\/\/api.w.org\/{rel}","templated":true}]}}