{"id":4707,"date":"2024-04-23T16:13:31","date_gmt":"2024-04-23T16:13:31","guid":{"rendered":"https:\/\/gpdstore.net\/Ikke%20kategoriseret\/gpd-stylus-til-gpd-pocket-3-and-win-max-2\/"},"modified":"2025-11-24T11:23:03","modified_gmt":"2025-11-24T11:23:03","slug":"gpd-stylus","status":"publish","type":"product","link":"https:\/\/gpdstore.net\/da\/product\/gpd-stylus\/","title":{"rendered":"GPD Stylus til GPD Pocket 3 &amp; WIN MAX 2"},"content":{"rendered":"\n<p><br\/>Vi pr\u00e6senterer GPD Stylus: dit ultimative v\u00e6rkt\u00f8j til pr\u00e6cision og komfort, designet til at forbedre funktionaliteten af din GPD Pocket 3 og GPD Win Max 2, og kompatibel med mange andre b\u00e6rbare computere og tabletmodeller. Denne stylus er fremstillet af en robust aluminiumslegering og er formet, s\u00e5 den ligger godt i h\u00e5nden, hvilket g\u00f8r den ideel til langvarig brug uden ubehag. Den har en h\u00f8jf\u00f8lsom, trykf\u00f8lsom spids p\u00e5 4096 niveauer lavet af bl\u00f8dt, fleksibelt gummi, der sikrer, at hvert str\u00f8g er lige s\u00e5 pr\u00e6cist og responsivt som en pen p\u00e5 papir. Dette niveau af n\u00f8jagtighed er perfekt til en lang r\u00e6kke aktiviteter, fra skitsering og redigering af fotos til detaljeret penselarbejde og skrivning af hurtige memoer.   <\/p>\n\n<p>Ud over sine pr\u00e6cise egenskaber er GPD Stylus konstrueret til at holde din sk\u00e6rm i perfekt stand takket v\u00e6re gummispidsen, der beskytter mod ridser og snavs. Den er ikke bare funktionel, men ogs\u00e5 let og praktisk b\u00e6rbar, komplet med et praktisk sp\u00e6nde, s\u00e5 den nemt kan s\u00e6ttes fast i en lomme eller taske &#8211; ideelt for den travle professionelle eller kreative p\u00e5 farten. L\u00f8ft dine digitale interaktioner, uanset om du navigerer gennem apps, fastholder ideer eller udforsker din kunstneriske side, med GPD Stylus &#8211; den perfekte blanding af praktisk anvendelighed og innovativt design.<\/p>\n","protected":false},"excerpt":{"rendered":"<ul>\n<li>Fungerer med<strong> GPD Pocket 3<\/strong> &amp; GPD WIN MAX 2<\/li>\n<li>Trykf\u00f8lsomhed p\u00e5 <strong>4096 niveauer<\/strong> <\/li>\n<li>Slank og ergonomisk<\/li>\n<li><strong> Metalsp\u00e6nde<\/strong><\/li>\n<li>Notatskrivning og tegnindl\u00e6sning<\/li>\n<\/ul>\n<p> [cg_accordion title=\"INFO OM BETALING\"] Vi bruger den nyeste teknologi inden for betalingsbehandling, som giver dig mulighed for at betale via Apple Pay, Google Pay, dit betalings-\/kreditkort, PayPal eller BNPL-metoder som Klarna, Affirm eller AfterPay for en hurtig og sikker oplevelse.[\/cg_accordion] [cg_accordion title=\"GARANTI\"] 2 \u00e5rs garanti fra <a href=\"https:\/\/droix.net\/\" target=\"_blank\" rel=\"nofollow noopener\">DROIX Global<\/a> for at give dig ro i sindet[\/cg_accordion] [cg_accordion title=\"PRICING, TAXES AND SHIPPING\"] <strong><u>Bem\u00e6rk venligst:<\/u><\/strong><\/p>\n<ul>\n<li>Kunder i USA: Den viste pris inkluderer IKKE SKAT eller afgifter. Ansvaret for at toldbehandle og betale eventuelle tilknyttede skatter\/afgifter ligger hos kunden. <\/li>\n<li>EU-kunder: Den viste pris inkluderer g\u00e6ldende SKAT, som kan v\u00e6re op til 25% afh\u00e6ngigt af dit land.<\/li>\n<li>Kunder i Canada: Den viste pris inkluderer g\u00e6ldende skatter, som kan omfatte 5% GST og yderligere Provincial Sales Taxes (PST), Harmonized Sales Tax (HST) eller Quebec Sales Tax (QST), afh\u00e6ngigt af din provins.<\/li>\n<\/ul>\n<p><strong>KUN for EU-kunder:<\/strong> Express DDP (Delivered Duty Paid). Dette betyder: <\/p>\n<ul>\n<li style=\"list-style-type: none;\">\n<ul>\n<li>Alle toldafgifter og skatter er inkluderet i den pris, der vises p\u00e5 produktsiden.<\/li>\n<li>Du skal ikke betale yderligere gebyrer ved levering.<\/li>\n<li>I sj\u00e6ldne tilf\u00e6lde af toldrelaterede problemer vil vores team h\u00e5ndtere fortoldningsprocessen p\u00e5 dine vegne for at sikre en problemfri leveringsoplevelse.<\/li>\n<p>Vigtig information om returnering:<\/p>\n<li>Hvis du beslutter at returnere din ordre eller anmode om refusion, skal du v\u00e6re opm\u00e6rksom p\u00e5, at skatter og afgifter, der er betalt p\u00e5 dine vegne i henhold til DDP-vilk\u00e5r, ikke kan refunderes.<\/li>\n<p>Se venligst vores<\/ul>\n<\/li>\n<\/ul>\n<p><a href=\"https:\/\/gpdstore.net\/da\/terms-of-service\/\" target=\"_blank\" rel=\"nofollow noopener\">Vilk\u00e5r og betingelser<\/a><\/p>\n<ul>for detaljeret information.<\/ul>\n<p>[\/cg_accordion] [cg_accordion title=\"KUNDESUPPORT\"]  Har du et sp\u00f8rgsm\u00e5l? Vi er kun en kort sms v\u00e6k fra at have l\u00f8st dit problem!   [\/cg_accordion] [cg_accordion title=\"WHAT'S INCLUDED\"]<\/p>\n<ul>\n<li>1x GPD Stylus<\/li>\n<\/ul>\n<p>[\/cg_accordion]<\/p>\n","protected":false},"featured_media":11922,"template":"","meta":{"_acf_changed":false},"product_brand":[],"product_cat":[1211],"product_tag":[15868,1213],"woo-feed-brand":[981],"class_list":{"0":"post-4707","1":"product","2":"type-product","3":"status-publish","4":"has-post-thumbnail","6":"product_cat-tilbehor-da","7":"product_tag-15xmsale-da","8":"product_tag-gpd-wm2-tilbehor-da","9":"product_shipping_class-low-end","10":"pa_accessory-type-stylus-da","11":"pa_brand-gpd","12":"woo-feed-brand-gpd-da","14":"first","15":"instock","16":"sale","17":"taxable","18":"shipping-taxable","19":"purchasable","20":"product-type-variable","21":"has-default-attributes"},"acf":[],"aioseo_notices":[],"_links":{"self":[{"href":"https:\/\/gpdstore.net\/da\/wp-json\/wp\/v2\/product\/4707","targetHints":{"allow":["GET"]}}],"collection":[{"href":"https:\/\/gpdstore.net\/da\/wp-json\/wp\/v2\/product"}],"about":[{"href":"https:\/\/gpdstore.net\/da\/wp-json\/wp\/v2\/types\/product"}],"wp:featuredmedia":[{"embeddable":true,"href":"https:\/\/gpdstore.net\/da\/wp-json\/wp\/v2\/media\/11922"}],"wp:attachment":[{"href":"https:\/\/gpdstore.net\/da\/wp-json\/wp\/v2\/media?parent=4707"}],"wp:term":[{"taxonomy":"product_brand","embeddable":true,"href":"https:\/\/gpdstore.net\/da\/wp-json\/wp\/v2\/product_brand?post=4707"},{"taxonomy":"product_cat","embeddable":true,"href":"https:\/\/gpdstore.net\/da\/wp-json\/wp\/v2\/product_cat?post=4707"},{"taxonomy":"product_tag","embeddable":true,"href":"https:\/\/gpdstore.net\/da\/wp-json\/wp\/v2\/product_tag?post=4707"},{"taxonomy":"woo-feed-brand","embeddable":true,"href":"https:\/\/gpdstore.net\/da\/wp-json\/wp\/v2\/woo-feed-brand?post=4707"}],"curies":[{"name":"wp","href":"https:\/\/api.w.org\/{rel}","templated":true}]}}