{"id":4550,"date":"2023-03-24T18:47:23","date_gmt":"2023-03-24T18:47:23","guid":{"rendered":"https:\/\/gpdstore.net\/Ikke%20kategoriseret\/gpd-win-4-handholdt-gaming-pc\/"},"modified":"2025-12-23T10:34:00","modified_gmt":"2025-12-23T10:34:00","slug":"gpd-win-4","status":"publish","type":"product","link":"https:\/\/gpdstore.net\/da\/product\/gpd-win-4\/","title":{"rendered":"GPD WIN 4 h\u00e5ndholdt spil-pc"},"content":{"rendered":"\n<p>Hvis du er en ivrig gamer, der elsker at tage dit spil med p\u00e5 farten, vil du blive glad for at h\u00f8re om den nyeste h\u00e5ndholdte gaming-pc fra GPD, GPD WIN 4. Med sin kompakte st\u00f8rrelse og kraftfulde specifikationer vil denne enhed helt sikkert imponere selv de mest kr\u00e6vende gamere. <\/p>\n\n<p>Med en st\u00f8rrelse p\u00e5 kun 8,6 x 3,6 x 1,10 tommer (22,0 \u00d7 9,2 \u00d7 2,8 cm) og en v\u00e6gt p\u00e5 kun ca. 570 g er GPD WIN 4 utrolig b\u00e6rbar. Den er endnu mindre end sin forg\u00e6nger, GPD WIN 3, s\u00e5 den er nem at putte i en lille taske eller jakkelomme og tage med overalt. <\/p>\n\n<p>En af de fremtr\u00e6dende funktioner i GPD WIN 4 er dens AMD Ryzen 7 6800U-processor med otte kerner og seksten tr\u00e5de, der k\u00f8rer op til 4,7 GHz ved 28 W TDP. Dette, kombineret med Radeon 680M op til 2,2 GHz, giver mulighed for problemfrit at spille de nyeste AAA Windows-spil p\u00e5 denne h\u00e5ndholdte gaming-pc ved spilbare indstillinger. Uanset om du er til first-person shooters, rollespil eller sportssimulationer, s\u00e5 har GPD WIN 4 alt, hvad du skal bruge.  <\/p>\n\n<p>Med hensyn til hukommelse og lagerplads tilbyder GPD WIN 4 et valg mellem 16 GB eller 32 GB LPDDR5-6400 MT&#8217;s RAM og op til 2 TB hurtig SSD, der underst\u00f8tter op til M.2. PCIe 4.0 NVMe 2280 SSD. Det betyder, at du har masser af plads til at gemme dine spil og andre filer, og med de lynhurtige l\u00e6se- og skrivehastigheder p\u00e5 SSD beh\u00f8ver du ikke vente l\u00e6nge p\u00e5, at dine spil bliver indl\u00e6st.  <\/p>\n\n<p>GPD WIN 4 har ogs\u00e5 hurtige tr\u00e5dl\u00f8se forbindelser med 802.11 a\/b\/g\/n\/ac\/ax WiFi 6 og Bluetooth 5.2. Og hvis du er p\u00e5 farten og har brug for internetadgang, kan du k\u00f8be et separat modul, der underst\u00f8tter 4G LTE nano-simkort til mobildata. <\/p>\n\n<p>Enheden har en 6-tommers H-IPS touchscreen med en oprindelig opl\u00f8sning p\u00e5 1920&#215;1080, der underst\u00f8tter b\u00e5de 40 Hz og 60 Hz for konfigurerbare billedhastigheder. Det sikrer, at \u00e6ldre spil k\u00f8rer problemfrit p\u00e5 GPD WIN 4 uden problemer med sk\u00e6rmrotation, som kan opst\u00e5 med andre h\u00e5ndholdte enheder. <\/p>\n\n<p>GPD WIN 4 har ogs\u00e5 et imponerende kontrol- og designskema, der minder om Sony PSP, med dobbelte hallsensor-joysticks, D-pad i klassisk stil og line\u00e6re analoge triggerknapper med LED-belysning. Derudover er der to knapper, der kan tilpasses, p\u00e5 bagsiden af enheden, s\u00e5 du kan indstille dine kontroller, som du vil. <\/p>\n\n<p>Hvis du vil presse GPD WIN 4&#8217;s ydeevne endnu mere, kan du tilslutte et eksternt grafikkort (eGPU) via den hurtige USB 4-port, som underst\u00f8tter op til 40 Gbps. Enheden har ogs\u00e5 en USB 3.2 Gen 2-port til data og opladning samt en USB Type A-port til ekstra periferiudstyr. <\/p>\n\n<p>Med et 45,62Wh li-polymer batteri kan GPD WIN 4 holde i op til 10 timer ved let brug, 3-6 timer ved moderat brug og omkring 2 timer ved kraftig brug. Det betyder, at du kan spille dine yndlingsspil p\u00e5 farten uden at bekymre dig om at l\u00f8be t\u00f8r for str\u00f8m. <\/p>\n\n<p>Konklusionen er, at GPD WIN 4 er en meget b\u00e6rbar spillemaskine, der er perfekt til spil p\u00e5 farten. Uanset om du pendler til arbejde, er ude at rejse eller bare slapper af derhjemme, vil denne h\u00e5ndholdte gaming-pc helt sikkert give dig timevis af underholdning. S\u00e5 hvorfor ikke k\u00f8be en i dag og opleve high-end AAA?  <\/p>\n","protected":false},"excerpt":{"rendered":"<ul>\n<li><strong>AMD Ryzen 7 6800U<\/strong> \/ AMD Radeon 680M<\/li>\n<li><strong>op til 32GB<\/strong> LPDDR5 @ 6400 MT\/s<\/li>\n<li><strong>Op til 2 TB<\/strong> h\u00f8jhastigheds PCI-E <strong>M.2<\/strong> 2280 SSD<\/li>\n<li><strong>6&#8243;<\/strong> ber\u00f8ringssk\u00e6rm <strong>med H-IPS-teknologi<\/strong> <\/li>\n<li>Underst\u00f8ttelse af <strong>WiFi 6<\/strong> og <strong>Bluetooth 5.2<\/strong>  <\/li>\n<\/ul>\n<p><img fetchpriority=\"high\" decoding=\"async\" src=\"https:\/\/gpdstore.net\/wp-content\/uploads\/2024\/03\/WIN-4-FREE-GIFTS.jpg\" alt=\"\" width=\"2000\" height=\"500\" class=\"alignnone size-full wp-image-4175\" srcset=\"https:\/\/gpdstore.net\/wp-content\/uploads\/2024\/03\/WIN-4-FREE-GIFTS.jpg 2000w, https:\/\/gpdstore.net\/wp-content\/uploads\/2024\/03\/WIN-4-FREE-GIFTS-600x150.jpg 600w, https:\/\/gpdstore.net\/wp-content\/uploads\/2024\/03\/WIN-4-FREE-GIFTS-1200x300.jpg 1200w, https:\/\/gpdstore.net\/wp-content\/uploads\/2024\/03\/WIN-4-FREE-GIFTS-768x192.jpg 768w, https:\/\/gpdstore.net\/wp-content\/uploads\/2024\/03\/WIN-4-FREE-GIFTS-1536x384.jpg 1536w, https:\/\/gpdstore.net\/wp-content\/uploads\/2024\/03\/WIN-4-FREE-GIFTS-360x90.jpg 360w, https:\/\/gpdstore.net\/wp-content\/uploads\/2024\/03\/WIN-4-FREE-GIFTS-990x248.jpg 990w, https:\/\/gpdstore.net\/wp-content\/uploads\/2024\/03\/WIN-4-FREE-GIFTS-441x110.jpg 441w, https:\/\/gpdstore.net\/wp-content\/uploads\/2024\/03\/WIN-4-FREE-GIFTS-150x38.jpg 150w\" sizes=\"(max-width: 2000px) 100vw, 2000px\" \/><\/p>\n[cg_accordion title=\"INFO OM BETALING\"]<\/p>\n<p>Vi bruger den nyeste teknologi inden for betalingsbehandling, som giver dig mulighed for at betale via dit betalingskort eller PayPal for en hurtig og sikker oplevelse.[\/cg_accordion]\n[cg_accordion title=\"GARANTI\"]<\/p>\n<p>2 \u00e5rs garanti fra <a href=\"https:\/\/droix.net\/\" target=\"_blank\" rel=\"nofollow noopener\">DROIX Global<\/a> for at give dig ro i sindet[\/cg_accordion]\n[cg_accordion title=\"KVALITETSSIKRING OG TEST F\u00d8R AFSENDELSE\"]<\/p>\n<p>Sikrer kundetilfredshed p\u00e5 h\u00f8jeste niveau: Hver enhed gennemg\u00e5r strenge tests og et kvalitetssikringstjek p\u00e5 flere punkter, f\u00f8r den sendes af sted. Vores dedikerede team kontrollerer ydeevne, funktionalitet og komponentintegritet for at garantere, at din GPD-enhed er i perfekt stand ved ankomsten, hvilket giver dig tillid og ro i sindet. [\/cg_accordion]\n[cg_accordion title=\"PRISER, AFGIFTER OG FORSENDELSE\"]<\/p>\n<p><strong><u>Bem\u00e6rk:<\/u><\/strong><\/p>\n<ul>\n<li>Kunder i USA: Den viste pris inkluderer IKKE SKAT eller afgifter. Ansvaret for at toldbehandle og betale eventuelle tilknyttede skatter\/afgifter ligger hos kunden. <\/li>\n<li>EU-kunder: Den viste pris inkluderer g\u00e6ldende SKAT, som kan v\u00e6re op til 25% afh\u00e6ngigt af dit land.<\/li>\n<li>Kunder i Canada: Den viste pris inkluderer g\u00e6ldende skatter, som kan omfatte 5% GST og yderligere Provincial Sales Taxes (PST), Harmonized Sales Tax (HST) eller Quebec Sales Tax (QST), afh\u00e6ngigt af din provins.<\/li>\n<\/ul>\n<p><strong>KUN for EU-kunder:<\/strong> Express DDP (Delivered Duty Paid). Dette betyder: <\/p>\n<ul>\n<li>Alle toldafgifter og skatter er inkluderet i den pris, der vises p\u00e5 produktsiden.<\/li>\n<li>Du skal ikke betale yderligere gebyrer ved levering.<\/li>\n<li>I sj\u00e6ldne tilf\u00e6lde af toldrelaterede problemer vil vores team h\u00e5ndtere fortoldningsprocessen p\u00e5 dine vegne for at sikre en problemfri leveringsoplevelse.<\/li>\n<p>Vigtig information om returnering:<\/p>\n<li>Hvis du beslutter at returnere din ordre eller anmode om refusion, skal du v\u00e6re opm\u00e6rksom p\u00e5, at skatter og afgifter, der er betalt p\u00e5 dine vegne i henhold til DDP-vilk\u00e5r, ikke kan refunderes.<\/li>\n<p>Se vores <a href=\"https:\/\/droix.net\/terms-and-conditions\/\" target=\"_blank\" rel=\"nofollow noopener\">vilk\u00e5r og betingelser<\/a> for detaljerede oplysninger.\n<\/ul>\n<p>[\/cg_accordion]\n[cg_accordion title=\"KUNDESUPPORT\"]<\/p>\n<p>Har du et sp\u00f8rgsm\u00e5l? Vi er kun en kort sms v\u00e6k fra at have l\u00f8st dit problem! <\/p>\n<p>Se vores <a href=\"https:\/\/gpdstore.net\/da\/terms-of-service\/\" target=\"_blank\" rel=\"nofollow noopener\">vilk\u00e5r og betingelser<\/a> for detaljerede oplysninger.\n<\/ul>\n<p>[\/cg_accordion]\n[cg_accordion title=\"HVAD DER ER INKLUDERET\"]<\/p>\n<ul>\n<li>1x GPD WIN 4<\/li>\n<li>1x str\u00f8madapter<\/li>\n<li>1x USB Type-C-kabel<\/li>\n<li>1x brugervejledning<\/li>\n<\/ul>\n<p>[\/cg_accordion]\n","protected":false},"featured_media":4551,"template":"","meta":{"_acf_changed":false},"product_brand":[],"product_cat":[977],"product_tag":[979,980],"woo-feed-brand":[981],"class_list":{"0":"post-4550","1":"product","2":"type-product","3":"status-publish","4":"has-post-thumbnail","6":"product_cat-gpd-handholdt-pc-til-gaming","7":"product_tag-10gpdsale-da","8":"product_tag-gpd-win-4-da","9":"product_shipping_class-premium","10":"pa_bluetooth-5-2-da","11":"pa_display-type-h-ips-da","12":"pa_graphics-gpu-model-radeon-680m-da","13":"pa_i-o-video-via-1x-usb-4-0-type-c-40gb-s-da","14":"pa_memory-ram-capacity-16-gb-da","15":"pa_memory-ram-capacity-32-gb-da","16":"pa_memory-ram-technology-lpddr5-da","17":"pa_processor-cpu-model-ryzen-7-6800u","18":"pa_storage-capacity-512-gb-da","19":"pa_storage-capacity-1tb-da","20":"pa_storage-capacity-2tb-da","21":"pa_wi-fi-wi-fi-6-da","22":"woo-feed-brand-gpd-da","24":"first","25":"outofstock","26":"sale","27":"taxable","28":"shipping-taxable","29":"purchasable","30":"product-type-variable","31":"has-default-attributes"},"acf":[],"aioseo_notices":[],"_links":{"self":[{"href":"https:\/\/gpdstore.net\/da\/wp-json\/wp\/v2\/product\/4550","targetHints":{"allow":["GET"]}}],"collection":[{"href":"https:\/\/gpdstore.net\/da\/wp-json\/wp\/v2\/product"}],"about":[{"href":"https:\/\/gpdstore.net\/da\/wp-json\/wp\/v2\/types\/product"}],"wp:featuredmedia":[{"embeddable":true,"href":"https:\/\/gpdstore.net\/da\/wp-json\/wp\/v2\/media\/4551"}],"wp:attachment":[{"href":"https:\/\/gpdstore.net\/da\/wp-json\/wp\/v2\/media?parent=4550"}],"wp:term":[{"taxonomy":"product_brand","embeddable":true,"href":"https:\/\/gpdstore.net\/da\/wp-json\/wp\/v2\/product_brand?post=4550"},{"taxonomy":"product_cat","embeddable":true,"href":"https:\/\/gpdstore.net\/da\/wp-json\/wp\/v2\/product_cat?post=4550"},{"taxonomy":"product_tag","embeddable":true,"href":"https:\/\/gpdstore.net\/da\/wp-json\/wp\/v2\/product_tag?post=4550"},{"taxonomy":"woo-feed-brand","embeddable":true,"href":"https:\/\/gpdstore.net\/da\/wp-json\/wp\/v2\/woo-feed-brand?post=4550"}],"curies":[{"name":"wp","href":"https:\/\/api.w.org\/{rel}","templated":true}]}}