{"id":1199144,"date":"2025-10-08T14:34:02","date_gmt":"2025-10-08T14:34:02","guid":{"rendered":"https:\/\/gpdstore.net\/product\/biwin-mini-ssd\/"},"modified":"2026-01-19T15:23:33","modified_gmt":"2026-01-19T15:23:33","slug":"biwin-mini-ssd","status":"publish","type":"product","link":"https:\/\/gpdstore.net\/da\/product\/biwin-mini-ssd\/","title":{"rendered":"BIWIN Mini SSD"},"content":{"rendered":"\n<h2 class=\"wp-block-heading\"><strong>Slip din enheds sande potentiale l\u00f8s<\/strong><\/h2>\n\n<p>I eliteteknologiens verden er hastighed alt. BIWIN Mini SSD er en erkl\u00e6ring om kompromisl\u00f8s kraft, konstrueret med PCIe Gen4x2-teknologi for at opn\u00e5 en svimlende teoretisk hastighed p\u00e5 <strong>3.700 MB\/s<\/strong>.<sup><\/sup> Dette er ikke bare en opgradering; det er en revolution i en pakke, der er mindre end et frim\u00e6rke. <\/p>\n\n<p>For brugere af n\u00e6ste generations h\u00e5ndholdte enheder som <a href=\"https:\/\/gpdstore.net\/da\/product\/gpd-win-5\/\" target=\"_blank\" rel=\"noopener\" title=\"\">GPD WIN 5<\/a> er BIWIN Mini SSD n\u00f8glen til at l\u00e5se op for din enheds maksimale lagerhastighed. Selvom disse enheder bruger et PCIe 4&#215;1 slot, leverer vores Mini SSD stadig en fantastisk <strong>~1.700 MB\/s<\/strong> ydeevne i den virkelige verden &#8211; hvilket overg\u00e5r hastighederne p\u00e5 ethvert microSD-kort og sikrer, at dine spil indl\u00e6ses lynhurtigt.<\/p>\n\n<p>Smedet til ekstremerne, dens <strong>IP68 vandt\u00e6tte<\/strong> og <strong>3 meter faldsikre<\/strong> krop betyder, at denne kraft matches af legendarisk holdbarhed.<sup><\/sup> Med en kapacitet p\u00e5 op til <strong>2 TB<\/strong> er BIWIN Mini SSD den ultimative, kompromisl\u00f8se lagringsl\u00f8sning til dem, der kr\u00e6ver det absolut bedste.<\/p>\n","protected":false},"excerpt":{"rendered":"<ul>\n<li>Gr\u00e6nseflade: <strong>PCIe Gen4x2<\/strong> med **NVMe 1.4**-protokol<\/li>\n<li>Formfaktor: <strong>Ultrakompakt LGA-pakke<\/strong> (15,0 mm \u00d7 17,0 mm \u00d7 1,4 mm)<\/li>\n<li>Ydeevne: Op til **3.700 MB\/s l\u00e6sning** \/ Op til **3.400 MB\/s skrivning**.<\/li>\n<li>Kapacitet: 512 GB, 1 TB eller 2 TB 3D TLC NAND<\/li>\n<li>Holdbarhed: <strong>IP68<\/strong> st\u00f8v- og vandt\u00e6thed \/ **3 meter fald** Overlevelse<\/li>\n<li>Teknologi: Dynamisk **SLC-caching** og **Wear Leveling**.<\/li>\n<\/ul>\n[cg_accordion title=\"INFO OM BETALING\"]<\/p>\n<p>Vi bruger den nyeste teknologi inden for betalingsbehandling, som giver dig mulighed for at betale via dit betalingskort eller PayPal for en hurtig og sikker oplevelse.[\/cg_accordion]\n[cg_accordion title=\"GARANTI\"]<\/p>\n<p>2 \u00e5rs garanti fra <a href=\"https:\/\/droix.net\/\" target=\"_blank\" rel=\"nofollow noopener\">DROIX Global<\/a> for at give dig ro i sindet[\/cg_accordion]\n[cg_accordion title=\"KVALITETSSIKRING OG TEST F\u00d8R AFSENDELSE\"]<\/p>\n<p>Sikrer kundetilfredshed p\u00e5 h\u00f8jeste niveau: Hver enhed gennemg\u00e5r strenge tests og et kvalitetssikringstjek p\u00e5 flere punkter, f\u00f8r den sendes af sted. Vores dedikerede team kontrollerer ydeevne, funktionalitet og komponentintegritet for at garantere, at din GPD-enhed er i perfekt stand ved ankomsten, hvilket giver dig tillid og ro i sindet. [\/cg_accordion]\n[cg_accordion title=\"PRISER, AFGIFTER OG FORSENDELSE\"]<\/p>\n<p><strong><u>Bem\u00e6rk:<\/u><\/strong><\/p>\n<ul>\n<li>Kunder i USA: Den viste pris inkluderer IKKE SKAT eller afgifter. Ansvaret for at toldbehandle og betale eventuelle tilknyttede skatter\/afgifter ligger hos kunden. <\/li>\n<li>EU-kunder: Den viste pris inkluderer g\u00e6ldende SKAT, som kan v\u00e6re op til 25% afh\u00e6ngigt af dit land.<\/li>\n<li>Kunder i Canada: Den viste pris inkluderer g\u00e6ldende skatter, som kan omfatte 5% GST og yderligere Provincial Sales Taxes (PST), Harmonized Sales Tax (HST) eller Quebec Sales Tax (QST), afh\u00e6ngigt af din provins.<\/li>\n<\/ul>\n<p>For vores kunder i USA: Ordrer afsendes DAP (Delivered At Place). Kunderne er ansvarlige for at betale alle g\u00e6ldende afgifter, men vi tr\u00e6kker p\u00e5 vores omfattende erfaring med forsendelse fra Storbritannien for at sikre, at du betaler mindst muligt. Baseret p\u00e5 vores registreringer overstiger disse gebyrer typisk ikke 10 % af varens v\u00e6rdi.  <\/p>\n<p><strong>KUN for EU-kunder:<\/strong> Express DDP (Delivered Duty Paid). Dette betyder: <\/p>\n<ul>\n<li>Alle toldafgifter og skatter er inkluderet i den pris, der vises p\u00e5 produktsiden.<\/li>\n<li>Du skal ikke betale yderligere gebyrer ved levering.<\/li>\n<li>I sj\u00e6ldne tilf\u00e6lde af toldrelaterede problemer vil vores team h\u00e5ndtere fortoldningsprocessen p\u00e5 dine vegne for at sikre en problemfri leveringsoplevelse.<\/li>\n<p>Vigtig information om returnering:<\/p>\n<li>Hvis du beslutter at returnere din ordre eller anmode om refusion, skal du v\u00e6re opm\u00e6rksom p\u00e5, at skatter og afgifter, der er betalt p\u00e5 dine vegne i henhold til DDP-vilk\u00e5r, ikke kan refunderes.<\/li>\n<p>Se vores <a href=\"https:\/\/droix.net\/terms-and-conditions\/\" target=\"_blank\" rel=\"nofollow noopener\">vilk\u00e5r og betingelser<\/a> for detaljerede oplysninger.\n<\/ul>\n<p>[\/cg_accordion]\n[cg_accordion title=\"KUNDESUPPORT\"]<\/p>\n<p>Har du et sp\u00f8rgsm\u00e5l? Vi er kun en kort sms v\u00e6k fra at have l\u00f8st dit problem! <\/p>\n<p>Se vores <a href=\"https:\/\/gpdstore.net\/da\/terms-of-service\/\" target=\"_blank\" rel=\"nofollow noopener\">vilk\u00e5r og betingelser<\/a> for detaljerede oplysninger.\n<\/ul>\n<p>[\/cg_accordion]\n[cg_accordion title=\"HVAD DER ER INKLUDERET\"]<\/p>\n<ul>\n<li>1x BIWIN Mini SSD<\/li>\n<\/ul>\n<p>[\/cg_accordion]\n","protected":false},"featured_media":1196735,"template":"","meta":{"_acf_changed":false},"product_brand":[],"product_cat":[1211],"product_tag":[],"woo-feed-brand":[],"class_list":{"0":"post-1199144","1":"product","2":"type-product","3":"status-publish","4":"has-post-thumbnail","6":"product_cat-tilbehor-da","7":"product_shipping_class-premium","8":"pa_brand-biwin","9":"pa_storage-capacity-512-gb-da","10":"pa_storage-capacity-512gb-fr","11":"pa_storage-capacity-512gb","12":"pa_storage-capacity-1tb","13":"pa_storage-capacity-1tb-da","14":"pa_storage-capacity-1tb-fr","15":"pa_storage-capacity-2tb","16":"pa_storage-capacity-2tb-da","17":"pa_storage-capacity-2tb-fr","19":"first","20":"instock","21":"taxable","22":"shipping-taxable","23":"purchasable","24":"product-type-variable","25":"has-default-attributes"},"acf":[],"aioseo_notices":[],"_links":{"self":[{"href":"https:\/\/gpdstore.net\/da\/wp-json\/wp\/v2\/product\/1199144","targetHints":{"allow":["GET"]}}],"collection":[{"href":"https:\/\/gpdstore.net\/da\/wp-json\/wp\/v2\/product"}],"about":[{"href":"https:\/\/gpdstore.net\/da\/wp-json\/wp\/v2\/types\/product"}],"wp:featuredmedia":[{"embeddable":true,"href":"https:\/\/gpdstore.net\/da\/wp-json\/wp\/v2\/media\/1196735"}],"wp:attachment":[{"href":"https:\/\/gpdstore.net\/da\/wp-json\/wp\/v2\/media?parent=1199144"}],"wp:term":[{"taxonomy":"product_brand","embeddable":true,"href":"https:\/\/gpdstore.net\/da\/wp-json\/wp\/v2\/product_brand?post=1199144"},{"taxonomy":"product_cat","embeddable":true,"href":"https:\/\/gpdstore.net\/da\/wp-json\/wp\/v2\/product_cat?post=1199144"},{"taxonomy":"product_tag","embeddable":true,"href":"https:\/\/gpdstore.net\/da\/wp-json\/wp\/v2\/product_tag?post=1199144"},{"taxonomy":"woo-feed-brand","embeddable":true,"href":"https:\/\/gpdstore.net\/da\/wp-json\/wp\/v2\/woo-feed-brand?post=1199144"}],"curies":[{"name":"wp","href":"https:\/\/api.w.org\/{rel}","templated":true}]}}