{"id":1069289,"date":"2025-01-27T10:09:41","date_gmt":"2025-01-27T10:09:41","guid":{"rendered":"https:\/\/gpdstore.net\/?post_type=product&#038;p=1069289"},"modified":"2026-03-29T00:51:18","modified_gmt":"2026-03-29T00:51:18","slug":"gpd-win-mini-grips-2025","status":"publish","type":"product","link":"https:\/\/gpdstore.net\/da\/product\/gpd-win-mini-grips-2025\/","title":{"rendered":"GPD WIN Mini Grips 2025"},"content":{"rendered":"\n<h2 class=\"wp-block-heading\">Produktoversigt:<\/h2>\n\n<p><strong>GPD Win Mini Grips 2025<\/strong> er designet til at give \u00f8get komfort og kontrol under dine gamingsessioner. Disse ergonomiske greb monteres problemfrit p\u00e5 din GPD Win Mini og giver et sikkert og behageligt greb, reducerer tr\u00e6thed og sikrer pr\u00e6cis kontrol under l\u00e6ngerevarende spil. <\/p>\n\n<ol class=\"wp-block-list\">\n<li><strong>Ergonomisk design<\/strong> for maksimal komfort under spillet.<\/li>\n\n\n\n<li><strong>Passer perfekt<\/strong> til GPD Win Mini-konsollen.<\/li>\n\n\n\n<li>Slidst\u00e6rkt materiale til <strong>langvarig brug<\/strong>.<\/li>\n\n\n\n<li>Let at s\u00e6tte p\u00e5 og tage af for <strong>hurtig ops\u00e6tning<\/strong>.<\/li>\n\n\n\n<li>Forbedret greb for <strong>bedre kontrol og pr\u00e6cision<\/strong>.<\/li>\n<\/ol>\n\n<hr class=\"wp-block-separator has-alpha-channel-opacity\"\/>\n\n<h2 class=\"wp-block-heading\">Hvorfor v\u00e6lge GPD Win Mini Grips 2025?<\/h2>\n\n<p>Uanset om du k\u00e6mper i intense multiplayer-kampe eller nyder lange singleplayer-kampagner, giver GPD Win Mini Grips 2025 en mere fordybende og behagelig spiloplevelse. Deres ergonomiske design og sikre pasform sikrer, at du kan spille i timevis uden ubehag eller at glide.<\/p>\n\n<hr class=\"wp-block-separator has-alpha-channel-opacity\"\/>\n\n<h2 class=\"wp-block-heading\">Specifikationer:<\/h2>\n\n<ul class=\"wp-block-list\">\n<li><strong>Materiale:<\/strong> Slidst\u00e6rk plast med ergonomisk struktureret overflade<\/li>\n\n\n\n<li><strong>Kompatibilitet:<\/strong> GPD Win Mini 2025-konsol<\/li>\n\n\n\n<li><strong>Funktioner:<\/strong> Let, holdbar og nem at montere<\/li>\n<\/ul>\n\n<p>Opgrader din GPD Win Mini med disse greb, s\u00e5 du f\u00e5r en behagelig og pr\u00e6cis spiloplevelse &#8211; fordi hvert eneste tr\u00e6k t\u00e6ller!<\/p>\n\n<p><\/p>\n","protected":false},"excerpt":{"rendered":"<ul>\n<li><strong>Ergonomisk design<\/strong> for maksimal komfort under spillet.<\/li>\n<li><strong>Passer perfekt<\/strong> til GPD Win Mini-konsollen.<\/li>\n<li>Slidst\u00e6rkt materiale til <strong>langvarig brug<\/strong>.<\/li>\n<li>Let at s\u00e6tte p\u00e5 og tage af for <strong>hurtig ops\u00e6tning<\/strong>.<\/li>\n<li>Forbedret greb for <strong>bedre kontrol og pr\u00e6cision<\/strong>.<\/li>\n<\/ul>\n[cg_accordion title=\"INFO OM BETALING\"]<\/p>\n<p>Vi bruger den nyeste teknologi inden for betalingsbehandling, som giver dig mulighed for at betale via dit betalingskort eller PayPal for en hurtig og sikker oplevelse.[\/cg_accordion]\n[cg_accordion title=\"GARANTI\"]<\/p>\n<p>2 \u00e5rs garanti fra <a href=\"https:\/\/droix.net\/\" target=\"_blank\" rel=\"nofollow noopener\">DROIX Global<\/a> for at give dig ro i sindet[\/cg_accordion]\n[cg_accordion title=\"KVALITETSSIKRING OG TEST F\u00d8R AFSENDELSE\"]<\/p>\n<p>Sikrer kundetilfredshed p\u00e5 h\u00f8jeste niveau: Hver enhed gennemg\u00e5r strenge tests og et kvalitetssikringstjek p\u00e5 flere punkter, f\u00f8r den sendes af sted. Vores dedikerede team kontrollerer ydeevne, funktionalitet og komponentintegritet for at garantere, at din GPD-enhed er i perfekt stand ved ankomsten, hvilket giver dig tillid og ro i sindet. [\/cg_accordion]\n[cg_accordion title=\"PRISER, AFGIFTER OG FORSENDELSE\"]<\/p>\n<p><strong><u>Bem\u00e6rk:<\/u><\/strong><\/p>\n<ul>\n<li>Kunder i USA: Den viste pris inkluderer IKKE SKAT eller afgifter. Ansvaret for at toldbehandle og betale eventuelle tilknyttede skatter\/afgifter ligger hos kunden. <\/li>\n<li>EU-kunder: Den viste pris inkluderer g\u00e6ldende SKAT, som kan v\u00e6re op til 25% afh\u00e6ngigt af dit land.<\/li>\n<li>Kunder i Canada: Den viste pris inkluderer g\u00e6ldende skatter, som kan omfatte 5% GST og yderligere Provincial Sales Taxes (PST), Harmonized Sales Tax (HST) eller Quebec Sales Tax (QST), afh\u00e6ngigt af din provins.<\/li>\n<\/ul>\n<p>For vores kunder i USA: Ordrer afsendes DAP (Delivered At Place). Kunderne er ansvarlige for at betale alle g\u00e6ldende afgifter, men vi tr\u00e6kker p\u00e5 vores omfattende erfaring med forsendelse fra Storbritannien for at sikre, at du betaler mindst muligt. Baseret p\u00e5 vores registreringer overstiger disse gebyrer typisk ikke 10 % af varens v\u00e6rdi.  <\/p>\n<p><strong>KUN for EU-kunder:<\/strong> Express DDP (Delivered Duty Paid). Dette betyder: <\/p>\n<ul>\n<li>Alle toldafgifter og skatter er inkluderet i den pris, der vises p\u00e5 produktsiden.<\/li>\n<li>Du skal ikke betale yderligere gebyrer ved levering.<\/li>\n<li>I sj\u00e6ldne tilf\u00e6lde af toldrelaterede problemer vil vores team h\u00e5ndtere fortoldningsprocessen p\u00e5 dine vegne for at sikre en problemfri leveringsoplevelse.<\/li>\n<p>Vigtig information om returnering:<\/p>\n<li>Hvis du beslutter at returnere din ordre eller anmode om refusion, skal du v\u00e6re opm\u00e6rksom p\u00e5, at skatter og afgifter, der er betalt p\u00e5 dine vegne i henhold til DDP-vilk\u00e5r, ikke kan refunderes.<\/li>\n<p>Se vores <a href=\"https:\/\/droix.net\/terms-and-conditions\/\" target=\"_blank\" rel=\"nofollow noopener\">vilk\u00e5r og betingelser<\/a> for detaljerede oplysninger.\n<\/ul>\n<p>[\/cg_accordion]\n[cg_accordion title=\"KUNDESUPPORT\"]<\/p>\n<p>Har du et sp\u00f8rgsm\u00e5l? Vi er kun en kort sms v\u00e6k fra at have l\u00f8st dit problem! <\/p>\n<p>Se vores <a href=\"https:\/\/gpdstore.net\/da\/terms-of-service\/\" target=\"_blank\" rel=\"nofollow noopener\">vilk\u00e5r og betingelser<\/a> for detaljerede oplysninger.\n<\/ul>\n<p>[\/cg_accordion]\n[cg_accordion title=\"HVAD DER ER INKLUDERET\"]<\/p>\n<ul>\n<li>1x GPD WIN Mini Grips 2025<\/li>\n<\/ul>\n<p>[\/cg_accordion]\n","protected":false},"featured_media":11047,"template":"","meta":{"_acf_changed":false},"product_brand":[],"product_cat":[1211],"product_tag":[],"woo-feed-brand":[981],"class_list":{"0":"post-1069289","1":"product","2":"type-product","3":"status-publish","4":"has-post-thumbnail","6":"product_cat-tilbehor-da","7":"product_shipping_class-low-end","8":"pa_accessory-type-greb","9":"pa_brand-gpd","10":"woo-feed-brand-gpd-da","12":"first","13":"instock","14":"sale","15":"taxable","16":"shipping-taxable","17":"purchasable","18":"product-type-simple"},"acf":[],"aioseo_notices":[],"_links":{"self":[{"href":"https:\/\/gpdstore.net\/da\/wp-json\/wp\/v2\/product\/1069289","targetHints":{"allow":["GET"]}}],"collection":[{"href":"https:\/\/gpdstore.net\/da\/wp-json\/wp\/v2\/product"}],"about":[{"href":"https:\/\/gpdstore.net\/da\/wp-json\/wp\/v2\/types\/product"}],"wp:featuredmedia":[{"embeddable":true,"href":"https:\/\/gpdstore.net\/da\/wp-json\/wp\/v2\/media\/11047"}],"wp:attachment":[{"href":"https:\/\/gpdstore.net\/da\/wp-json\/wp\/v2\/media?parent=1069289"}],"wp:term":[{"taxonomy":"product_brand","embeddable":true,"href":"https:\/\/gpdstore.net\/da\/wp-json\/wp\/v2\/product_brand?post=1069289"},{"taxonomy":"product_cat","embeddable":true,"href":"https:\/\/gpdstore.net\/da\/wp-json\/wp\/v2\/product_cat?post=1069289"},{"taxonomy":"product_tag","embeddable":true,"href":"https:\/\/gpdstore.net\/da\/wp-json\/wp\/v2\/product_tag?post=1069289"},{"taxonomy":"woo-feed-brand","embeddable":true,"href":"https:\/\/gpdstore.net\/da\/wp-json\/wp\/v2\/woo-feed-brand?post=1069289"}],"curies":[{"name":"wp","href":"https:\/\/api.w.org\/{rel}","templated":true}]}}