{"id":1062055,"date":"2025-01-09T09:45:24","date_gmt":"2025-01-09T09:45:24","guid":{"rendered":"https:\/\/gpdstore.net\/?post_type=product&#038;p=1062055"},"modified":"2026-03-29T00:39:37","modified_gmt":"2026-03-29T00:39:37","slug":"gpd-win-max-2-2025-4g-lte-add-on","status":"publish","type":"product","link":"https:\/\/gpdstore.net\/da\/product\/gpd-win-max-2-2025-4g-lte-add-on\/","title":{"rendered":"GPD WIN MAX 2025 4G LTE-tilf\u00f8jelse"},"content":{"rendered":"\n<h2 class=\"wp-block-heading\">Oplev \u00e6gte b\u00e6rbarhed med 4G LTE-modultilf\u00f8jelsen til GPD WIN MAX 2 (2025)<\/h2>\n\n<p>Forvandl din <a href=\"https:\/\/gpdstore.net\/gpd-win-max-2-2025-review\/gpd-win-max-2-2025\/\" target=\"_blank\" rel=\"noreferrer noopener\">GPD WIN MAX 2 (2025)<\/a> til det ultimative b\u00e6rbare kraftv\u00e6rk til spil og produktivitet med det valgfrie 4G LTE-modul. Modulet er udviklet eksklusivt til denne enhed og sikrer problemfri forbindelse, s\u00e5 du kan v\u00e6re online n\u00e5r som helst og hvor som helst. <\/p>\n\n<p>Dette modul er designet med pr\u00e6cision og brugervenlighed for \u00f8je og underst\u00f8tter en lang r\u00e6kke netv\u00e6rk, herunder <strong>4G TD-LTE, FDD-LTE og 3G CDMA<\/strong>, hvilket giver uovertruffen alsidighed og global kompatibilitet. Der kr\u00e6ves ingen adskillelse eller kompleks installation &#8211; den bagudvendte 4G-modulplads giver mulighed for hurtig og ligetil ops\u00e6tning. <\/p>\n\n<p>Uanset om du spiller, arbejder eller streamer, leverer 4G LTE-modulet en stabil h\u00f8jhastighedsydelse, der kan m\u00e5le sig med almindelige b\u00e6rbare computere. Med dette vigtige tilbeh\u00f8r kan du nyde uafbrudt spil og produktivitet, selv i komplekse scenarier eller p\u00e5 farten.<\/p>\n\n<h4 class=\"wp-block-heading\">Funktioner:<\/h4>\n\n<ul class=\"wp-block-list\">\n<li><strong>Form\u00e5lsbestemt design<\/strong>: Fremstillet eksklusivt til GPD WIN MAX 2 (2025) for at sikre en perfekt pasform og problemfri funktionalitet.<\/li>\n\n\n\n<li><strong>P\u00e5lidelig forbindelse<\/strong>: Muligg\u00f8r h\u00f8jhastigheds 4G LTE-adgang, hvilket g\u00f8r den ideel til spil, streaming og arbejde.<\/li>\n\n\n\n<li><strong>Underst\u00f8ttelse af globale netv\u00e6rk<\/strong>: Kompatibel med 4G TD-LTE, FDD-LTE og 3G CDMA til brug i hele verden.<\/li>\n\n\n\n<li><strong>Ubesv\u00e6ret installation<\/strong>: Hurtig og sikker ops\u00e6tning via den bagudvendte 4G-modulplads.<\/li>\n<\/ul>\n\n<h4 class=\"wp-block-heading\">Meddelelser:<\/h4>\n\n<ol class=\"wp-block-list\">\n<li>Dette tilbeh\u00f8r er <strong>ikke kompatibelt<\/strong> med tidligere modeller i GPD WIN Max-serien, herunder <strong>2024-, 2023- og 2021-versionerne<\/strong>. Det er udelukkende designet til <strong>GPD WIN Max 2 (2025).<\/strong> <\/li>\n\n\n\n<li>Tjek venligst din enheds model\u00e5r for at sikre kompatibilitet f\u00f8r k\u00f8b.<\/li>\n<\/ol>\n","protected":false},"excerpt":{"rendered":"<ul>\n<li>Designet specielt til GPD WIN MAX 2 (2025)<\/li>\n<li>Underst\u00f8tter &#8211; 4G TD-LTE, FDD-LTE, 3G CDMA.<\/li>\n<li>Underst\u00f8ttelse af 4G TD-LTE, FDD-LTE og 3G CDMA<\/li>\n<li>Nano-SIM-slot til nem brug<\/li>\n<li>Quectel EG25-G Model<\/li>\n<\/ul>\n<pre><b>VIGTIGT<\/b>\nINSTALLATION KR\u00c6VER \u00c5BNINGSANORDNING\nKOMPONENTERNE ER SM\u00c5 OG SKR\u00d8BELIGE\nVI ER IKKE ANSVARLIGE FOR EVENTUELLE SKADER P\u00c5 KUNDEN.<\/pre>\n[cg_accordion title=\"INFO OM BETALING\"]<\/p>\n<p>Vi bruger den nyeste teknologi inden for betalingsbehandling, som giver dig mulighed for at betale via dit betalingskort eller PayPal for en hurtig og sikker oplevelse.[\/cg_accordion]\n[cg_accordion title=\"GARANTI\"]<\/p>\n<p>2 \u00e5rs garanti fra <a href=\"https:\/\/droix.net\/\" target=\"_blank\" rel=\"nofollow noopener\">DROIX Global<\/a> for at give dig ro i sindet[\/cg_accordion]\n[cg_accordion title=\"KVALITETSSIKRING OG TEST F\u00d8R AFSENDELSE\"]<\/p>\n<p>Sikrer kundetilfredshed p\u00e5 h\u00f8jeste niveau: Hver enhed gennemg\u00e5r strenge tests og et kvalitetssikringstjek p\u00e5 flere punkter, f\u00f8r den sendes af sted. Vores dedikerede team kontrollerer ydeevne, funktionalitet og komponentintegritet for at garantere, at din GPD-enhed er i perfekt stand ved ankomsten, hvilket giver dig tillid og ro i sindet. [\/cg_accordion]\n[cg_accordion title=\"PRISER, AFGIFTER OG FORSENDELSE\"]<\/p>\n<p><strong><u>Bem\u00e6rk:<\/u><\/strong><\/p>\n<ul>\n<li>Kunder i USA: Den viste pris inkluderer IKKE SKAT eller afgifter. Ansvaret for at toldbehandle og betale eventuelle tilknyttede skatter\/afgifter ligger hos kunden. <\/li>\n<li>EU-kunder: Den viste pris inkluderer g\u00e6ldende SKAT, som kan v\u00e6re op til 25% afh\u00e6ngigt af dit land.<\/li>\n<li>Kunder i Canada: Den viste pris inkluderer g\u00e6ldende skatter, som kan omfatte 5% GST og yderligere Provincial Sales Taxes (PST), Harmonized Sales Tax (HST) eller Quebec Sales Tax (QST), afh\u00e6ngigt af din provins.<\/li>\n<\/ul>\n<p>For vores kunder i USA: Ordrer afsendes DAP (Delivered At Place). Kunderne er ansvarlige for at betale alle g\u00e6ldende afgifter, men vi tr\u00e6kker p\u00e5 vores omfattende erfaring med forsendelse fra Storbritannien for at sikre, at du betaler mindst muligt. Baseret p\u00e5 vores registreringer overstiger disse gebyrer typisk ikke 10 % af varens v\u00e6rdi.  <\/p>\n<p><strong>KUN for EU-kunder:<\/strong> Express DDP (Delivered Duty Paid). Dette betyder: <\/p>\n<ul>\n<li>Alle toldafgifter og skatter er inkluderet i den pris, der vises p\u00e5 produktsiden.<\/li>\n<li>Du skal ikke betale yderligere gebyrer ved levering.<\/li>\n<li>I sj\u00e6ldne tilf\u00e6lde af toldrelaterede problemer vil vores team h\u00e5ndtere fortoldningsprocessen p\u00e5 dine vegne for at sikre en problemfri leveringsoplevelse.<\/li>\n<p>Vigtig information om returnering:<\/p>\n<li>Hvis du beslutter at returnere din ordre eller anmode om refusion, skal du v\u00e6re opm\u00e6rksom p\u00e5, at skatter og afgifter, der er betalt p\u00e5 dine vegne i henhold til DDP-vilk\u00e5r, ikke kan refunderes.<\/li>\n<p>Se vores <a href=\"https:\/\/droix.net\/terms-and-conditions\/\" target=\"_blank\" rel=\"nofollow noopener\">vilk\u00e5r og betingelser<\/a> for detaljerede oplysninger.\n<\/ul>\n<p>[\/cg_accordion]\n[cg_accordion title=\"KUNDESUPPORT\"]<\/p>\n<p>Har du et sp\u00f8rgsm\u00e5l? Vi er kun en kort sms v\u00e6k fra at have l\u00f8st dit problem! <\/p>\n<p>Se vores <a href=\"https:\/\/gpdstore.net\/da\/terms-of-service\/\" target=\"_blank\" rel=\"nofollow noopener\">vilk\u00e5r og betingelser<\/a> for detaljerede oplysninger.\n<\/ul>\n<p>[\/cg_accordion]\n[cg_accordion title=\"HVAD DER ER INKLUDERET\"]<\/p>\n<ul>\n<li>1x GPD WIN MAX 2 2025 LTE-modul<\/li>\n<\/ul>\n<p>[\/cg_accordion]\n","protected":false},"featured_media":11603,"template":"","meta":{"_acf_changed":false},"product_brand":[],"product_cat":[1211],"product_tag":[15837,1213],"woo-feed-brand":[],"class_list":{"0":"post-1062055","1":"product","2":"type-product","3":"status-publish","4":"has-post-thumbnail","6":"product_cat-tilbehor-da","7":"product_tag-20xmsale-da-2","8":"product_tag-gpd-wm2-tilbehor-da","9":"product_shipping_class-low-end","11":"pa_accessory-type-tilfojelser","12":"pa_brand-gpd","14":"first","15":"instock","16":"sale","17":"taxable","18":"shipping-taxable","19":"purchasable","20":"product-type-simple"},"acf":[],"aioseo_notices":[],"_links":{"self":[{"href":"https:\/\/gpdstore.net\/da\/wp-json\/wp\/v2\/product\/1062055","targetHints":{"allow":["GET"]}}],"collection":[{"href":"https:\/\/gpdstore.net\/da\/wp-json\/wp\/v2\/product"}],"about":[{"href":"https:\/\/gpdstore.net\/da\/wp-json\/wp\/v2\/types\/product"}],"wp:featuredmedia":[{"embeddable":true,"href":"https:\/\/gpdstore.net\/da\/wp-json\/wp\/v2\/media\/11603"}],"wp:attachment":[{"href":"https:\/\/gpdstore.net\/da\/wp-json\/wp\/v2\/media?parent=1062055"}],"wp:term":[{"taxonomy":"product_brand","embeddable":true,"href":"https:\/\/gpdstore.net\/da\/wp-json\/wp\/v2\/product_brand?post=1062055"},{"taxonomy":"product_cat","embeddable":true,"href":"https:\/\/gpdstore.net\/da\/wp-json\/wp\/v2\/product_cat?post=1062055"},{"taxonomy":"product_tag","embeddable":true,"href":"https:\/\/gpdstore.net\/da\/wp-json\/wp\/v2\/product_tag?post=1062055"},{"taxonomy":"woo-feed-brand","embeddable":true,"href":"https:\/\/gpdstore.net\/da\/wp-json\/wp\/v2\/woo-feed-brand?post=1062055"}],"curies":[{"name":"wp","href":"https:\/\/api.w.org\/{rel}","templated":true}]}}