{"id":4562,"date":"2023-03-23T16:49:44","date_gmt":"2023-03-23T16:49:44","guid":{"rendered":"https:\/\/gpdstore.net\/cookies-politik\/"},"modified":"2024-12-11T13:39:05","modified_gmt":"2024-12-11T13:39:05","slug":"cookies-politik","status":"publish","type":"page","link":"https:\/\/gpdstore.net\/da\/cookies-politik\/","title":{"rendered":"Politik for cookies"},"content":{"rendered":"\n<p>F\u00f8lgende cookiepolitik skal ses i sammenh\u00e6ng med (parret med), &#8220;som \u00e9n&#8221; med <a href=\"https:\/\/gpdstore.net\/da\/servicevilkar\/\" target=\"_blank\" data-type=\"URL\" data-id=\"\/terms-of-service\/\" rel=\"noreferrer noopener\">vilk\u00e5r og betingelser<\/a>, <a href=\"https:\/\/gpdstore.net\/da\/politik-for-tilbagebetaling-og-returnering\/\" target=\"_blank\" data-type=\"URL\" data-id=\"\/refund-and-returns-policy\/\" rel=\"noreferrer noopener\">retur- og tilbagebetalingspolitik<\/a> og <a href=\"https:\/\/gpdstore.net\/da\/privatlivspolitik\/\" target=\"_blank\" data-type=\"URL\" data-id=\"\/privacy-policy\/\" rel=\"noreferrer noopener\">privatlivspolitik<\/a>.<\/p>\n\n<ol class=\"wp-block-list\">\n<li>Disse salgsbetingelser g\u00e6lder for alle varer, der leveres af DroiX US Corp (leverand\u00f8ren).\n<ol class=\"wp-block-list\">\n<li>I den angivne kontrakt er referencer til: Vi (DroiX US Corp) er leverand\u00f8ren, og du (kunden)<\/li>\n<\/ol>\n<\/li>\n<\/ol>\n\n<ol class=\"wp-block-list\">\n<li>Leverand\u00f8rens hjemmeside bruger cookies til at skelne mellem kunden, dvs. dig, og andre brugere af hjemmesiden. Dette hj\u00e6lper leverand\u00f8ren med at give dig en god oplevelse, n\u00e5r du surfer p\u00e5 leverand\u00f8rens websted, og giver ogs\u00e5 leverand\u00f8ren mulighed for at forbedre vores websted. Ved at forts\u00e6tte med at surfe p\u00e5 webstedet accepterer du leverand\u00f8rens brug af cookies.  <\/li>\n\n\n\n<li>En cookie er en lille fil med bogstaver og tal, som leverand\u00f8ren gemmer i din browser eller p\u00e5 harddisken p\u00e5 din computer eller mobiltelefon, hvis du accepterer det. Cookies indeholder oplysninger, der overf\u00f8res til din computers harddisk. <\/li>\n\n\n\n<li>Leverand\u00f8ren bruger f\u00f8lgende cookies:\n<ol class=\"wp-block-list\">\n<li>Strengt n\u00f8dvendige cookies. Dette er cookies, der er n\u00f8dvendige for driften af leverand\u00f8rens websted. De omfatter f.eks. cookies, der g\u00f8r det muligt for dig at logge ind p\u00e5 sikre omr\u00e5der af leverand\u00f8rens websted og udf\u00f8re transaktioner.  <\/li>\n\n\n\n<li>Analytiske\/pr\u00e6stationscookies. De giver leverand\u00f8ren mulighed for at genkende og t\u00e6lle antallet af bes\u00f8gende og se, hvordan de bes\u00f8gende bev\u00e6ger sig rundt p\u00e5 leverand\u00f8rens hjemmeside, n\u00e5r de bruger den. Dette hj\u00e6lper leverand\u00f8ren med at forbedre den m\u00e5de, hjemmesiden fungerer p\u00e5, f.eks. ved at sikre, at brugerne finder det, de leder efter, nemt og uden besv\u00e6r.  <\/li>\n\n\n\n<li>Leverand\u00f8ren bruger Google Analytics-cookies. Google Analytics indsamler oplysninger anonymt. Det rapporterer tendenser p\u00e5 webstedet uden at identificere individuelle bes\u00f8gende. Du kan frav\u00e6lge Google Analytics uden at p\u00e5virke, hvordan du bes\u00f8ger dette websted. Klik her for at f\u00e5 flere oplysninger om Google Analytics.    <\/li>\n\n\n\n<li>M\u00e5lrettede cookies. Disse cookies registrerer dit bes\u00f8g p\u00e5 leverand\u00f8rens websted, de sider, du har bes\u00f8gt, og de links, du har fulgt. Leverand\u00f8ren bruger disse oplysninger til at g\u00f8re webstedet og de reklamer, der vises p\u00e5 det, mere relevante for dine interesser. Leverand\u00f8ren kan ogs\u00e5 dele disse oplysninger med tredjeparter til dette form\u00e5l.   <\/li>\n<\/ol>\n<\/li>\n\n\n\n<li>Bem\u00e6rk, at tredjeparter (herunder f.eks. reklamenetv\u00e6rk og udbydere af eksterne tjenester som f.eks. webtrafikanalysetjenester) ogs\u00e5 kan bruge cookies, som leverand\u00f8ren ikke har nogen kontrol over. Disse cookies vil sandsynligvis v\u00e6re analytiske\/pr\u00e6stationscookies eller m\u00e5lrettede cookies. <\/li>\n\n\n\n<li>Du kan blokere cookies ved at aktivere den indstilling i din browser, der giver dig mulighed for at afvise indstillingen af alle eller nogle cookies. Men hvis du bruger dine browserindstillinger til at blokere alle cookies (herunder vigtige cookies), kan du muligvis ikke f\u00e5 adgang til hele eller dele af leverand\u00f8rens websted. <\/li>\n<\/ol>\n\n<p>Cookiepolitik sidst opdateret: 23. marts 2023 &#8211; 4:48PM.<\/p>\n","protected":false},"excerpt":{"rendered":"<p>F\u00f8lgende cookiepolitik skal ses i sammenh\u00e6ng med (parret med), &#8220;som \u00e9n&#8221; med vilk\u00e5r og betingelser, retur- og tilbagebetalingspolitik og privatlivspolitik. Cookiepolitik sidst opdateret: 23. marts 2023 &#8211; 4:48PM.<\/p>\n","protected":false},"author":1,"featured_media":0,"parent":0,"menu_order":0,"comment_status":"closed","ping_status":"closed","template":"template-fullwidth.php","meta":{"_acf_changed":false,"footnotes":""},"class_list":["post-4562","page","type-page","status-publish","hentry"],"acf":[],"aioseo_notices":[],"_links":{"self":[{"href":"https:\/\/gpdstore.net\/da\/wp-json\/wp\/v2\/pages\/4562","targetHints":{"allow":["GET"]}}],"collection":[{"href":"https:\/\/gpdstore.net\/da\/wp-json\/wp\/v2\/pages"}],"about":[{"href":"https:\/\/gpdstore.net\/da\/wp-json\/wp\/v2\/types\/page"}],"author":[{"embeddable":true,"href":"https:\/\/gpdstore.net\/da\/wp-json\/wp\/v2\/users\/1"}],"replies":[{"embeddable":true,"href":"https:\/\/gpdstore.net\/da\/wp-json\/wp\/v2\/comments?post=4562"}],"version-history":[{"count":0,"href":"https:\/\/gpdstore.net\/da\/wp-json\/wp\/v2\/pages\/4562\/revisions"}],"wp:attachment":[{"href":"https:\/\/gpdstore.net\/da\/wp-json\/wp\/v2\/media?parent=4562"}],"curies":[{"name":"wp","href":"https:\/\/api.w.org\/{rel}","templated":true}]}}