{"id":4426,"date":"2023-03-23T16:52:33","date_gmt":"2023-03-23T16:52:33","guid":{"rendered":"https:\/\/gpdstore.net\/politik-for-tilbagebetaling-og-returnering\/"},"modified":"2025-05-11T15:03:24","modified_gmt":"2025-05-11T15:03:24","slug":"refund-and-returns-policy","status":"publish","type":"page","link":"https:\/\/gpdstore.net\/da\/refund-and-returns-policy\/","title":{"rendered":"Politik for tilbagebetaling og returnering"},"content":{"rendered":"\n<p>F\u00f8lgende vilk\u00e5r og betingelser skal ses i sammenh\u00e6ng med (parret med), &#8220;som en helhed&#8221; med <a href=\"https:\/\/gpdstore.net\/da\/terms-of-service\/\" data-type=\"URL\" data-id=\"\/terms-of-service\/\" target=\"_blank\" rel=\"noreferrer noopener\">servicevilk\u00e5rene<\/a>, <a href=\"https:\/\/gpdstore.net\/da\/privatlivspolitik\/\" target=\"_blank\" rel=\"noreferrer noopener\">privatlivspolitikken<\/a> og <a href=\"https:\/\/gpdstore.net\/da\/cookies-politik\/\" data-type=\"URL\" data-id=\"\/cookies-policy\/\" target=\"_blank\" rel=\"noreferrer noopener\">cookiepolitikken<\/a><\/p>\n\n<h3 class=\"wp-block-heading\" id=\"h-cancellations\">AFBESTILLINGER  <\/h3>\n\n<ol class=\"wp-block-list\">\n<li>Forudsat at du ikke er erhvervskunde, har du ret til at annullere kontrakten til enhver tid indtil udgangen af 30 kalenderdage efter, at du har modtaget varerne (se nedenfor).<\/li>\n\n\n\n<li>For at ud\u00f8ve din fortrydelsesret skal du give skriftlig meddelelse til leverand\u00f8ren pr. h\u00e5nd, post, e-mail, sociale medier eller via websiden med oplysninger om de bestilte varer og (hvor det er relevant) deres levering. Det er ikke tilstr\u00e6kkeligt at give besked via telefon.<\/li>\n\n\n\n<li>Hvis du ud\u00f8ver din fortrydelsesret, efter at varerne er blevet leveret til dig, er du ansvarlig for at returnere varerne til leverand\u00f8ren for egen regning, undtagen i tilf\u00e6lde af defekte eller forkert beskrevne varer. Varerne skal returneres til den adresse, som leverand\u00f8ren har oplyst. Du skal udvise rimelig omhu for at sikre, at varerne ikke beskadiges i mellemtiden eller under transporten.\n<ol class=\"wp-block-list\">\n<li>I tilf\u00e6lde af defekte eller forkert beskrevne varer skal leverand\u00f8ren, efter at have modtaget meddelelse i overensstemmelse med vilk\u00e5rene og betingelserne, enten afhente varerne hos dig eller bede dig om selv at returnere varerne og samtidig give dig en acceptabel returmetode.  <\/li>\n<\/ol>\n<\/li>\n\n\n\n<li>En ordre, der annulleres undervejs, vil blive p\u00e5lagt det almindelige annulleringsgebyr plus ekstra transportomkostninger p\u00e5 kundens regning.<\/li>\n<\/ol>\n\n<h3 class=\"wp-block-heading\" id=\"h-returns\">RETURNERINGER<\/h3>\n\n<ol class=\"wp-block-list\">\n<li>Personaliserede varer kan ikke returneres. Bem\u00e6rk, at dette ikke p\u00e5virker dine lovbestemte rettigheder.<\/li>\n\n\n\n<li>Computersystemer, der er bygget efter kundens individuelle specifikationer, er undtaget fra fortrydelsesretten i henhold til fjernsalgsreglerne.<\/li>\n\n\n\n<li>Varerne skal v\u00e6re i den originale emballage, hvis den er en del af varen, f.eks. en kasse med varer). Du har en juridisk forpligtelse til at tage rimelig vare p\u00e5 varerne, mens de er i din besiddelse. Hvis du ikke overholder denne forpligtelse, kan leverand\u00f8ren have ret til at anl\u00e6gge sag mod dig og kr\u00e6ve erstatning p\u00e5 op til 50 % af v\u00e6rdien (genopfyldningsgebyr). Dette g\u00e6lder for alle varer, der returneres.<\/li>\n\n\n\n<li>N\u00e5r kunden har f\u00e5et et RMA-nummer og returinstruktioner, skal kunden s\u00f8rge for, at varen leveres til leverand\u00f8rens adresse, der er angivet i returinstruktionerne. Leverand\u00f8ren p\u00e5tager sig intet ansvar for manglende eller forkert leverede varer. Vi anbefaler, at alle returneringer sendes til leverand\u00f8ren med en sporet, signeret og forsikret metode.<\/li>\n\n\n\n<li>I henhold til <a href=\"https:\/\/www.legislation.gov.uk\/ukpga\/2015\/15\/contents\/enacted\" target=\"_blank\" rel=\"noreferrer noopener\">Consumer Rights Act 2015<\/a> refunderer leverand\u00f8ren ikke eventuelle forsendelsesomkostninger for speciallevering.<\/li>\n\n\n\n<li>Hvis der angives en fejl i forbindelse med ud\u00f8velsen af returretten, og denne fejl ikke findes p\u00e5 enheden, forbeholder leverand\u00f8ren sig ret til at tilbageholde et bel\u00f8b p\u00e5 h\u00f8jst 10 \u00a3 eller 5 % af produktet for den forudbetalte etiket, der er udleveret til kunden.<\/li>\n\n\n\n<li>Hvis en refusion eller godtg\u00f8relse skal betales til dig, vil leverand\u00f8ren overf\u00f8re pengene ved hj\u00e6lp af den samme metode, som du oprindeligt brugte til at betale for dit k\u00f8b. Hvis leverand\u00f8ren ikke kan refundere via den oprindelige betalingsmetode, vil du blive kontaktet for at aftale et alternativ.<\/li>\n\n\n\n<li>Hvis du har undladt at tage rimelig vare p\u00e5 varerne, forbeholder leverand\u00f8ren sig ret til at n\u00e6gte tilbagebetaling og returnere varerne til dig for din egen regning.<\/li>\n\n\n\n<li>Refusioner omfatter ikke importmoms\/afgifter, der allerede er betalt til de relevante myndigheder.<\/li>\n<\/ol>\n\n<p><\/p>\n","protected":false},"excerpt":{"rendered":"<p>F\u00f8lgende vilk\u00e5r og betingelser skal ses i sammenh\u00e6ng med (parret med), &#8220;som en helhed&#8221; med servicevilk\u00e5rene, privatlivspolitikken og cookiepolitikken AFBESTILLINGER RETURNERINGER<\/p>\n","protected":false},"author":1,"featured_media":0,"parent":0,"menu_order":0,"comment_status":"closed","ping_status":"closed","template":"template-fullwidth.php","meta":{"_acf_changed":false,"footnotes":""},"class_list":["post-4426","page","type-page","status-publish","hentry"],"acf":[],"aioseo_notices":[],"_links":{"self":[{"href":"https:\/\/gpdstore.net\/da\/wp-json\/wp\/v2\/pages\/4426","targetHints":{"allow":["GET"]}}],"collection":[{"href":"https:\/\/gpdstore.net\/da\/wp-json\/wp\/v2\/pages"}],"about":[{"href":"https:\/\/gpdstore.net\/da\/wp-json\/wp\/v2\/types\/page"}],"author":[{"embeddable":true,"href":"https:\/\/gpdstore.net\/da\/wp-json\/wp\/v2\/users\/1"}],"replies":[{"embeddable":true,"href":"https:\/\/gpdstore.net\/da\/wp-json\/wp\/v2\/comments?post=4426"}],"version-history":[{"count":0,"href":"https:\/\/gpdstore.net\/da\/wp-json\/wp\/v2\/pages\/4426\/revisions"}],"wp:attachment":[{"href":"https:\/\/gpdstore.net\/da\/wp-json\/wp\/v2\/media?parent=4426"}],"curies":[{"name":"wp","href":"https:\/\/api.w.org\/{rel}","templated":true}]}}