{"id":83187,"date":"2024-07-12T13:07:42","date_gmt":"2024-07-12T13:07:42","guid":{"rendered":"https:\/\/gpdstore.net\/neza\u0159azen\u00e9\/156-prenosny-monitor-4k-s-dotykovou-obrazovkou\/"},"modified":"2025-12-23T10:13:41","modified_gmt":"2025-12-23T10:13:41","slug":"15-6-4k-portable-monitor-with-touchscreen","status":"publish","type":"product","link":"https:\/\/gpdstore.net\/cs\/product\/15-6-4k-portable-monitor-with-touchscreen\/","title":{"rendered":"15,6&#8243; p\u0159enosn\u00fd monitor 4K s dotykovou obrazovkou"},"content":{"rendered":"\n<p>P\u0159edstavujeme p\u0159enosn\u00fd monitor S23b-1 4K: Zlep\u0161ete sv\u016fj vizu\u00e1ln\u00ed z\u00e1\u017eitek kdekoli<\/p>\n\n<p>S p\u0159enosn\u00fdm monitorem S23b-1 4K si u\u017eijete bezkonkuren\u010dn\u00ed \u010distotu a jas obrazu. Tento monitor je ur\u010den pro ty, kte\u0159\u00ed vy\u017eaduj\u00ed to nejlep\u0161\u00ed z p\u0159enosn\u00fdch displej\u016f, a p\u0159in\u00e1\u0161\u00ed ohromuj\u00edc\u00ed rozli\u0161en\u00ed 4K UHD na kompaktn\u00ed 15,6palcov\u00e9 obrazovce. A\u0165 u\u017e upravujete fotografie ve vysok\u00e9m rozli\u0161en\u00ed, navrhujete slo\u017eitou grafiku nebo se no\u0159\u00edte do pohlcuj\u00edc\u00edch hern\u00edch sv\u011bt\u016f, S23b-1 zajist\u00ed, \u017ee ka\u017ed\u00fd detail o\u017eije s v\u00fdjime\u010dnou p\u0159esnost\u00ed a \u017eiv\u00fdmi barvami.<\/p>\n\n<p>D\u00edky panelu TFT IPS LCD si m\u016f\u017eete vychutnat vynikaj\u00edc\u00ed p\u0159esnost barev a \u0161irok\u00e9 pozorovac\u00ed \u00fahly, kter\u00e9 jsou ide\u00e1ln\u00ed pro sd\u00edlen\u00ed obsahu s p\u0159\u00e1teli nebo spolupr\u00e1ci s kolegy. Kapacitn\u00ed dotykov\u00e1 obrazovka G+G zlep\u0161uje va\u0161i interakci a nab\u00edz\u00ed p\u0159esn\u00e9 ovl\u00e1d\u00e1n\u00ed s plynulou navigac\u00ed v nab\u00eddk\u00e1ch a dokumentech.<\/p>\n\n<p>P\u0159ipojen\u00ed je snadn\u00e9 d\u00edky mini portu HDMI a dv\u011bma port\u016fm typu C, kter\u00e9 podporuj\u00ed nap\u00e1jen\u00ed a vysokorychlostn\u00ed p\u0159enos dat mezi v\u00edce za\u0159\u00edzen\u00edmi. Pro v\u011bt\u0161\u00ed pohodl\u00ed je k dispozici port pro sluch\u00e1tka pro soukrom\u00fd poslech a port Micro-USB pro p\u0159ipojen\u00ed perifern\u00edch za\u0159\u00edzen\u00ed, jako jsou kl\u00e1vesnice a my\u0161i.<\/p>\n\n<p>Po\u010d\u00edta\u010d S23b-1 je vyroben z odoln\u00e9 hlin\u00edkov\u00e9 slitiny a kombinuje elegantn\u00ed, neuv\u011b\u0159iteln\u011b \u0161t\u00edhl\u00fd profil s lehkou p\u0159enosnost\u00ed, tak\u017ee je ide\u00e1ln\u00edm spole\u010dn\u00edkem na cesty nebo na cesty mezi pracovn\u00edmi prostory. Skl\u00e1dac\u00ed pouzdro slou\u017e\u00ed jako stoj\u00e1nek pro stabiln\u00ed um\u00edst\u011bn\u00ed na jak\u00e9mkoli rovn\u00e9m povrchu, co\u017e zaji\u0161\u0165uje v\u0161estrannost, a\u0165 jste kdekoli.<\/p>\n\n<p>Klady:<\/p>\n\n<ul class=\"wp-block-list\">\n<li>Ohromuj\u00edc\u00ed displej 4K UHD pro pohlcuj\u00edc\u00ed obraz<\/li>\n\n\n\n<li>V\u0161estrann\u00e9 mo\u017enosti p\u0159ipojen\u00ed v\u010detn\u011b port\u016f HDMI Mini a Type-C<\/li>\n\n\n\n<li>Elegantn\u00ed, lehk\u00fd design z vysoce kvalitn\u00ed hlin\u00edkov\u00e9 slitiny<\/li>\n\n\n\n<li>Citliv\u00fd kapacitn\u00ed dotykov\u00fd displej G+G pro intuitivn\u00ed interakci<\/li>\n<\/ul>\n\n<p>Nev\u00fdhody:<\/p>\n\n<ul class=\"wp-block-list\">\n<li>Omezen\u00ed na 15,6palcovou obrazovku<\/li>\n\n\n\n<li>Vestav\u011bn\u00e9 reproduktory nemus\u00ed odpov\u00eddat kvalit\u011b extern\u00edho zvuku<\/li>\n<\/ul>\n\n<p>A\u0165 u\u017e jste kreativn\u00ed profesion\u00e1l, v\u00e1\u0161niv\u00fd hr\u00e1\u010d nebo nad\u0161enec na cest\u00e1ch, p\u0159enosn\u00fd monitor S23b-1 4K nov\u011b definuje dokonalost p\u0159enosn\u00fdch displej\u016f a poskytuje v\u00fdjime\u010dn\u00fd v\u00fdkon v kompaktn\u00edm balen\u00ed.<\/p>\n","protected":false},"excerpt":{"rendered":"<ul>\n<li><strong>15,6&#8243;<\/strong> p\u0159enosn\u00fd monitor <strong>4K<\/strong> s dotykovou obrazovkou pro vysok\u00e9 rozli\u0161en\u00ed<\/li>\n<li>Kompaktn\u00ed rozm\u011bry 14,17 x 8,4 x 0,43 palce a <strong>hmotnost 920 g.<\/strong><\/li>\n<li>Dotykov\u00fd displej Kompatibiln\u00ed se <strong>syst\u00e9mem MacOS<\/strong><\/li>\n<li>Dotykov\u00e1 obrazovka <strong>podporuje dotykov\u00fd vstup na<\/strong> kompatibiln\u00edch za\u0159\u00edzen\u00edch<\/li>\n<li><strong>Nap\u00e1jen\u00ed p\u0159es USB<\/strong>, podpora mini-HDMI, USB Type-C<\/li>\n<\/ul>\n[cg_accordion title=\"INFORMACE O PLATB\u011a\"]<\/p>\n<p>Pou\u017e\u00edv\u00e1me nejnov\u011bj\u0161\u00ed technologii zpracov\u00e1n\u00ed plateb, kter\u00e1 v\u00e1m umo\u017en\u00ed prov\u00e9st platbu prost\u0159ednictv\u00edm debetn\u00ed\/kreditn\u00ed karty nebo slu\u017eby PayPal, co\u017e je rychl\u00e9 a bezpe\u010dn\u00e9.[\/cg_accordion]\n[cg_accordion title=\"Z\u00c1RUKA\"]<\/p>\n<p>2 roky z\u00e1ruky od spole\u010dnosti <a href=\"https:\/\/droix.net\/\" target=\"_blank\" rel=\"nofollow noopener\">DROIX Global pro<\/a> v\u00e1\u0161 klid.[\/cg_accordion]\n[cg_accordion title=\"CENY, DAN\u011a A DOPRAVA\"]<\/p>\n<p><strong><u>Pozn\u00e1mka:<\/u><\/strong><\/p>\n<ul>\n<li>Z\u00e1kazn\u00edci ze Spojen\u00fdch st\u00e1t\u016f: Z\u00e1kazn\u00edci: Zobrazen\u00e1 cena NEZAHRNUJE DAN\u011a ani cla. Odpov\u011bdnost za celn\u00ed odbaven\u00ed a zaplacen\u00ed souvisej\u00edc\u00ed dan\u011b\/celn\u00ed sazby nese z\u00e1kazn\u00edk. <\/li>\n<li>Z\u00e1kazn\u00edci z EU: V zobrazen\u00e9 cen\u011b je zahrnuta p\u0159\u00edslu\u0161n\u00e1 DA\u0147, kter\u00e1 m\u016f\u017ee \u010dinit a\u017e 25 % v z\u00e1vislosti na va\u0161\u00ed zemi.<\/li>\n<li>Z\u00e1kazn\u00edci z Kanady: V z\u00e1vislosti na va\u0161\u00ed provincii m\u016f\u017ee zobrazen\u00e1 cena zahrnovat p\u0159\u00edslu\u0161n\u00e9 dan\u011b, kter\u00e9 mohou zahrnovat 5% GST a dal\u0161\u00ed provin\u010dn\u00ed dan\u011b z prodeje (PST), harmonizovanou da\u0148 z prodeje (HST) nebo quebeckou da\u0148 z prodeje (QST).<\/li>\n<\/ul>\n<p><strong>Pouze pro z\u00e1kazn\u00edky z EU:<\/strong> Expresn\u00ed DDP (Delivered Duty Paid). To znamen\u00e1: <\/p>\n<ul>\n<li>Ve\u0161ker\u00e1 cla a dan\u011b jsou zahrnuty v cen\u011b uveden\u00e9 na str\u00e1nce produktu.<\/li>\n<li>P\u0159i doru\u010den\u00ed nemus\u00edte platit \u017e\u00e1dn\u00e9 dal\u0161\u00ed poplatky.<\/li>\n<li>Ve v\u00fdjime\u010dn\u00fdch p\u0159\u00edpadech, kdy se vyskytnou probl\u00e9my souvisej\u00edc\u00ed s celn\u00edm \u0159\u00edzen\u00edm, se n\u00e1\u0161 t\u00fdm postar\u00e1 o celn\u00ed odbaven\u00ed va\u0161\u00edm jm\u00e9nem, aby bylo doru\u010den\u00ed bezprobl\u00e9mov\u00e9.<\/li>\n<p>D\u016fle\u017eit\u00e9 informace o vr\u00e1cen\u00ed zbo\u017e\u00ed:<\/p>\n<li>Pokud se rozhodnete objedn\u00e1vku vr\u00e1tit nebo po\u017e\u00e1dat o vr\u00e1cen\u00ed pen\u011bz, m\u011bjte na pam\u011bti, \u017ee dan\u011b a cla zaplacen\u00e9 za v\u00e1s podle podm\u00ednek DDP nelze vr\u00e1tit.<\/li>\n<p>Podrobn\u00e9 informace naleznete v na\u0161ich <a href=\"https:\/\/droix.net\/terms-and-conditions\/\" target=\"_blank\" rel=\"nofollow noopener\">smluvn\u00edch podm\u00ednk\u00e1ch<\/a>.\n<\/ul>\n<p>[\/cg_accordion]\n[cg_accordion title=\"Z\u00c1KAZNICK\u00c1 PODPORA\"]<\/p>\n<p>M\u00e1te dotaz? V\u00e1\u0161 probl\u00e9m vy\u0159e\u0161\u00edme kr\u00e1tkou textovou zpr\u00e1vou! <\/p>\n<p>Podrobn\u00e9 informace naleznete v na\u0161ich <a href=\"https:\/\/gpdstore.net\/cs\/terms-of-service\/\" target=\"_blank\" rel=\"nofollow noopener\">smluvn\u00edch podm\u00ednk\u00e1ch<\/a>.\n<\/ul>\n<p>[\/cg_accordion]\n[cg_accordion title=\"CO JE SOU\u010c\u00c1ST\u00cd BALEN\u00cd\"]<\/p>\n<ul>\n<li>1x nap\u00e1jec\u00ed z\u00e1str\u010dka (EU\/USA)<\/li>\n<li>1x u\u017eivatelsk\u00e1 p\u0159\u00edru\u010dka<\/li>\n<\/ul>\n<p>[\/cg_accordion]\n","protected":false},"featured_media":83284,"template":"","meta":{"_acf_changed":false},"product_brand":[],"product_cat":[5475],"product_tag":[18426,5477],"woo-feed-brand":[5478],"class_list":{"0":"post-83187","1":"product","2":"type-product","3":"status-publish","4":"has-post-thumbnail","6":"product_cat-prenosne-monitory-cs","7":"product_tag-30gpdsale-cs","8":"product_tag-droix-portable-monitor-cs","9":"product_shipping_class-standard","10":"pa_brand-droix","11":"woo-feed-brand-droix-cs","13":"first","14":"outofstock","15":"sale","16":"taxable","17":"shipping-taxable","18":"purchasable","19":"product-type-variable","20":"has-default-attributes"},"acf":[],"aioseo_notices":[],"_links":{"self":[{"href":"https:\/\/gpdstore.net\/cs\/wp-json\/wp\/v2\/product\/83187","targetHints":{"allow":["GET"]}}],"collection":[{"href":"https:\/\/gpdstore.net\/cs\/wp-json\/wp\/v2\/product"}],"about":[{"href":"https:\/\/gpdstore.net\/cs\/wp-json\/wp\/v2\/types\/product"}],"wp:featuredmedia":[{"embeddable":true,"href":"https:\/\/gpdstore.net\/cs\/wp-json\/wp\/v2\/media\/83284"}],"wp:attachment":[{"href":"https:\/\/gpdstore.net\/cs\/wp-json\/wp\/v2\/media?parent=83187"}],"wp:term":[{"taxonomy":"product_brand","embeddable":true,"href":"https:\/\/gpdstore.net\/cs\/wp-json\/wp\/v2\/product_brand?post=83187"},{"taxonomy":"product_cat","embeddable":true,"href":"https:\/\/gpdstore.net\/cs\/wp-json\/wp\/v2\/product_cat?post=83187"},{"taxonomy":"product_tag","embeddable":true,"href":"https:\/\/gpdstore.net\/cs\/wp-json\/wp\/v2\/product_tag?post=83187"},{"taxonomy":"woo-feed-brand","embeddable":true,"href":"https:\/\/gpdstore.net\/cs\/wp-json\/wp\/v2\/woo-feed-brand?post=83187"}],"curies":[{"name":"wp","href":"https:\/\/api.w.org\/{rel}","templated":true}]}}