{"id":808707,"date":"2024-11-21T09:56:41","date_gmt":"2024-11-21T09:56:41","guid":{"rendered":"https:\/\/gpdstore.net\/?post_type=product&#038;p=808707"},"modified":"2025-12-23T10:03:32","modified_gmt":"2025-12-23T10:03:32","slug":"gpd-duo-protective-case","status":"publish","type":"product","link":"https:\/\/gpdstore.net\/cs\/product\/gpd-duo-protective-case\/","title":{"rendered":"Ochrann\u00e9 pouzdro GPD DUO"},"content":{"rendered":"\n<p>Chra\u0148te sv\u00e9 za\u0159\u00edzen\u00ed GPD DUO stylov\u011b pomoc\u00ed <strong>ofici\u00e1ln\u00edho ochrann\u00e9ho pouzdra GPD DUO<\/strong>. Toto elegantn\u00ed a odoln\u00e9 pouzdro, navr\u017een\u00e9 v\u00fdhradn\u011b pro za\u0159\u00edzen\u00ed GPD DUO, nab\u00edz\u00ed dokonalou kombinaci funk\u010dnosti a ochrany. A\u0165 u\u017e doj\u00ed\u017ed\u00edte do pr\u00e1ce, cestujete, nebo jen ukl\u00e1d\u00e1te sv\u00e9 za\u0159\u00edzen\u00ed, toto pouzdro zajist\u00ed, \u017ee va\u0161e za\u0159\u00edzen\u00ed GPD DUO z\u016fstane v bezpe\u010d\u00ed.  <\/p>\n\n<p>Pouzdro m\u00e1 <strong>pevn\u00fd l\u00e1tkov\u00fd exteri\u00e9r<\/strong>, kter\u00fd chr\u00e1n\u00ed za\u0159\u00edzen\u00ed p\u0159ed vn\u011bj\u0161\u00edm po\u0161kozen\u00edm, a <strong>m\u011bkk\u00fd polstrovan\u00fd interi\u00e9r<\/strong>, kter\u00fd chr\u00e1n\u00ed p\u0159ed po\u0161kr\u00e1b\u00e1n\u00edm a n\u00e1razy. D\u00edky kompaktn\u00edmu designu se do n\u011bj snadno vejde va\u0161e za\u0159\u00edzen\u00ed GPD DUO a z\u00e1rove\u0148 v n\u011bm z\u016fstane m\u00edsto pro nezbytn\u00e9 p\u0159\u00edslu\u0161enstv\u00ed. <\/p>\n\n<p>Kufr je vybaven <strong>dvojit\u00fdmi dr\u017eadly<\/strong> pro snadn\u00e9 p\u0159en\u00e1\u0161en\u00ed a <strong>nastaviteln\u00fdm ramenn\u00edm popruhem<\/strong>, tak\u017ee jej m\u016f\u017eete nosit tak, jak v\u00e1m to nejl\u00e9pe vyhovuje. D\u00edky sv\u00e9 lehk\u00e9 konstrukci je ide\u00e1ln\u00ed pro u\u017eivatele na cest\u00e1ch, kte\u0159\u00ed cht\u011bj\u00ed spolehlivou ochranu bez zbyte\u010dn\u00e9ho objemu. <\/p>\n\n<h3 class=\"wp-block-heading\"><strong>Kl\u00ed\u010dov\u00e9 vlastnosti:<\/strong><\/h3>\n\n<ul class=\"wp-block-list\">\n<li>Ofici\u00e1ln\u00ed produkt GPD navr\u017een\u00fd speci\u00e1ln\u011b pro GPD DUO<\/li>\n\n\n\n<li>Odoln\u00e1 vn\u011bj\u0161\u00ed tkanina pro lep\u0161\u00ed ochranu<\/li>\n\n\n\n<li>M\u011bkk\u00fd, polstrovan\u00fd vnit\u0159ek chr\u00e1n\u00ed za\u0159\u00edzen\u00ed p\u0159ed po\u0161kr\u00e1b\u00e1n\u00edm a n\u00e1razy<\/li>\n\n\n\n<li>Dvojit\u00e1 dr\u017eadla a nastaviteln\u00fd ramenn\u00ed popruh pro v\u0161estrann\u00e9 mo\u017enosti no\u0161en\u00ed<\/li>\n\n\n\n<li>Kompaktn\u00ed a lehk\u00e1 konstrukce pro maxim\u00e1ln\u00ed p\u0159enosnost<\/li>\n<\/ul>\n\n<p>Vezm\u011bte si sv\u016fj notebook GPD DUO kamkoli s jistotou, proto\u017ee v\u00edte, \u017ee je chr\u00e1n\u011bn pouzdrem, kter\u00e9 kombinuje prakti\u010dnost, odolnost a styl.<\/p>\n\n<p><\/p>\n","protected":false},"excerpt":{"rendered":"<ul>\n<li>Ofici\u00e1ln\u00ed produkt <strong>GPD<\/strong> <\/li>\n<li>Navr\u017eeno speci\u00e1ln\u011b pro <strong>GPD DUO<\/strong><\/li>\n<li>Odoln\u00e1 vn\u011bj\u0161\u00ed tkanina pro lep\u0161\u00ed ochranu<\/li>\n<li>M\u011bkk\u00fd, polstrovan\u00fd interi\u00e9r zabra\u0148uj\u00edc\u00ed po\u0161kr\u00e1b\u00e1n\u00ed a n\u00e1raz\u016fm<\/li>\n<li>Obsahuje dvojit\u00e9 rukojeti a nastaviteln\u00fd ramenn\u00ed popruh pro v\u0161estrann\u00e9 mo\u017enosti p\u0159en\u00e1\u0161en\u00ed.<\/li>\n<\/ul>\n[cg_accordion title=\"INFORMACE O PLATB\u011a\"]<\/p>\n<p>Pou\u017e\u00edv\u00e1me nejnov\u011bj\u0161\u00ed technologie zpracov\u00e1n\u00ed plateb, kter\u00e9 v\u00e1m umo\u017e\u0148uj\u00ed prov\u00e9st platbu prost\u0159ednictv\u00edm Apple Pay, Google Pay, va\u0161\u00ed debetn\u00ed\/kreditn\u00ed karty, PayPal nebo metod BNPL, jako jsou Klarna, Affirm nebo AfterPay, a zajistit tak rychl\u00e9 a bezpe\u010dn\u00e9 zpracov\u00e1n\u00ed.[\/cg_accordion]\n[cg_accordion title=\"Z\u00c1RUKA\"]<\/p>\n<p>2 roky z\u00e1ruky od spole\u010dnosti <a href=\"https:\/\/droix.net\/\" target=\"_blank\" rel=\"nofollow noopener\">DROIX Global<\/a> pro v\u00e1\u0161 klid.[\/cg_accordion]\n[cg_accordion title=\"CENY, DAN\u011a A DOPRAVA\"]<\/p>\n<p><strong><u>Pozn\u00e1mka:<\/u><\/strong><\/p>\n<ul>\n<li>Z\u00e1kazn\u00edci ze Spojen\u00fdch st\u00e1t\u016f: Z\u00e1kazn\u00edci: Zobrazen\u00e1 cena NEZAHRNUJE DA\u0147 ani clo. Odpov\u011bdnost za celn\u00ed odbaven\u00ed a zaplacen\u00ed p\u0159\u00edpadn\u00e9 dan\u011b\/celn\u00ed poplatky nese z\u00e1kazn\u00edk. <\/li>\n<li>Z\u00e1kazn\u00edci z EU: V zobrazen\u00e9 cen\u011b je zahrnuta p\u0159\u00edslu\u0161n\u00e1 DA\u0147, kter\u00e1 m\u016f\u017ee \u010dinit a\u017e 25 % v z\u00e1vislosti na va\u0161\u00ed zemi.<\/li>\n<li>Z\u00e1kazn\u00edci z Kanady: V z\u00e1vislosti na va\u0161\u00ed provincii m\u016f\u017ee zobrazen\u00e1 cena zahrnovat p\u0159\u00edslu\u0161n\u00e9 dan\u011b, kter\u00e9 mohou zahrnovat 5% GST a dal\u0161\u00ed provin\u010dn\u00ed dan\u011b z prodeje (PST), harmonizovanou da\u0148 z prodeje (HST) nebo quebeckou da\u0148 z prodeje (QST).<\/li>\n<\/ul>\n<p><strong>Pouze pro z\u00e1kazn\u00edky z EU:<\/strong> Expresn\u00ed DDP (Delivered Duty Paid). To znamen\u00e1: <\/p>\n<ul>\n<li>Ve\u0161ker\u00e1 cla a dan\u011b jsou zahrnuty v cen\u011b uveden\u00e9 na str\u00e1nce produktu.<\/li>\n<li>P\u0159i doru\u010den\u00ed nemus\u00edte platit \u017e\u00e1dn\u00e9 dal\u0161\u00ed poplatky.<\/li>\n<li>Ve v\u00fdjime\u010dn\u00fdch p\u0159\u00edpadech, kdy se vyskytnou probl\u00e9my souvisej\u00edc\u00ed s celn\u00edm \u0159\u00edzen\u00edm, se n\u00e1\u0161 t\u00fdm postar\u00e1 o celn\u00ed odbaven\u00ed va\u0161\u00edm jm\u00e9nem, aby bylo doru\u010den\u00ed bezprobl\u00e9mov\u00e9.<\/li>\n<p>D\u016fle\u017eit\u00e9 informace o vr\u00e1cen\u00ed zbo\u017e\u00ed:<\/p>\n<li>Pokud se rozhodnete objedn\u00e1vku vr\u00e1tit nebo po\u017e\u00e1dat o vr\u00e1cen\u00ed pen\u011bz, m\u011bjte na pam\u011bti, \u017ee dan\u011b a cla zaplacen\u00e9 za v\u00e1s podle podm\u00ednek DDP nelze vr\u00e1tit.<\/li>\n<p>Podrobn\u00e9 informace naleznete v na\u0161ich <a href=\"https:\/\/gpdstore.net\/cs\/terms-of-service\/\" target=\"_blank\" rel=\"nofollow noopener\">smluvn\u00edch podm\u00ednk\u00e1ch<\/a>.\n<\/ul>\n<p>[\/cg_accordion]\n[cg_accordion title=\"Z\u00c1KAZNICK\u00c1 PODPORA\"]<\/p>\n<p>M\u00e1te dotaz? Od vy\u0159e\u0161en\u00ed va\u0161eho probl\u00e9mu n\u00e1s d\u011bl\u00ed jen kr\u00e1tk\u00e1 textov\u00e1 zpr\u00e1va!<br \/>\n[\/cg_accordion]\n[cg_accordion title=\"CO JE SOU\u010c\u00c1ST\u00cd BALEN\u00cd\"]<\/p>\n<ul>\n<li>1x pouzdro GPD DUO<\/li>\n<\/ul>\n<p>[\/cg_accordion]\n","protected":false},"featured_media":818161,"template":"","meta":{"_acf_changed":false},"product_brand":[],"product_cat":[5402],"product_tag":[15838],"woo-feed-brand":[],"class_list":{"0":"post-808707","1":"product","2":"type-product","3":"status-publish","4":"has-post-thumbnail","6":"product_cat-prislusenstvi","7":"product_tag-20xmsale-cs-2","8":"product_shipping_class-low-end","9":"pa_accessory-type-ochranne-pouzdro","10":"pa_brand-gpd","12":"first","13":"instock","14":"sale","15":"taxable","16":"shipping-taxable","17":"purchasable","18":"product-type-simple"},"acf":[],"aioseo_notices":[],"_links":{"self":[{"href":"https:\/\/gpdstore.net\/cs\/wp-json\/wp\/v2\/product\/808707","targetHints":{"allow":["GET"]}}],"collection":[{"href":"https:\/\/gpdstore.net\/cs\/wp-json\/wp\/v2\/product"}],"about":[{"href":"https:\/\/gpdstore.net\/cs\/wp-json\/wp\/v2\/types\/product"}],"wp:featuredmedia":[{"embeddable":true,"href":"https:\/\/gpdstore.net\/cs\/wp-json\/wp\/v2\/media\/818161"}],"wp:attachment":[{"href":"https:\/\/gpdstore.net\/cs\/wp-json\/wp\/v2\/media?parent=808707"}],"wp:term":[{"taxonomy":"product_brand","embeddable":true,"href":"https:\/\/gpdstore.net\/cs\/wp-json\/wp\/v2\/product_brand?post=808707"},{"taxonomy":"product_cat","embeddable":true,"href":"https:\/\/gpdstore.net\/cs\/wp-json\/wp\/v2\/product_cat?post=808707"},{"taxonomy":"product_tag","embeddable":true,"href":"https:\/\/gpdstore.net\/cs\/wp-json\/wp\/v2\/product_tag?post=808707"},{"taxonomy":"woo-feed-brand","embeddable":true,"href":"https:\/\/gpdstore.net\/cs\/wp-json\/wp\/v2\/woo-feed-brand?post=808707"}],"curies":[{"name":"wp","href":"https:\/\/api.w.org\/{rel}","templated":true}]}}