{"id":80032,"date":"2024-04-23T16:13:31","date_gmt":"2024-04-23T16:13:31","guid":{"rendered":"https:\/\/gpdstore.net\/neza\u0159azen\u00e9\/gpd-stylus-pro-gpd-pocket-3-a-win-max-2\/"},"modified":"2025-11-24T11:22:47","modified_gmt":"2025-11-24T11:22:47","slug":"gpd-stylus","status":"publish","type":"product","link":"https:\/\/gpdstore.net\/cs\/product\/gpd-stylus\/","title":{"rendered":"GPD Stylus pro GPD Pocket 3 a WIN MAX 2"},"content":{"rendered":"\n<p><br\/>P\u0159edstavujeme stylus GPD: v\u00e1\u0161 dokonal\u00fd n\u00e1stroj pro p\u0159esnost a pohodl\u00ed, kter\u00fd je navr\u017een tak, aby vylep\u0161il funk\u010dnost va\u0161ich GPD Pocket 3 a GPD Win Max 2 a je kompatibiln\u00ed s mnoha dal\u0161\u00edmi modely notebook\u016f a tablet\u016f. Tento stylus je vyroben z robustn\u00ed hlin\u00edkov\u00e9 slitiny a je tvarov\u00e1n tak, aby v\u00e1m pohodln\u011b padl do ruky, tak\u017ee je ide\u00e1ln\u00ed pro dlouhodob\u00e9 pou\u017e\u00edv\u00e1n\u00ed bez nepohodl\u00ed. M\u016f\u017ee se pochlubit vysoce citliv\u00fdm hrotem citliv\u00fdm na tlak 4096, kter\u00fd je vyroben z m\u011bkk\u00e9 a pru\u017en\u00e9 gumy, co\u017e zaji\u0161\u0165uje, \u017ee ka\u017ed\u00fd tah je stejn\u011b p\u0159esn\u00fd a citliv\u00fd jako tu\u017eka na pap\u00ed\u0159e. Tato \u00farove\u0148 p\u0159esnosti je ide\u00e1ln\u00ed pro \u0161irokou \u0161k\u00e1lu \u010dinnost\u00ed, od skicov\u00e1n\u00ed a \u00faprav fotografi\u00ed a\u017e po detailn\u00ed pr\u00e1ci se \u0161t\u011btcem a psan\u00ed rychl\u00fdch pozn\u00e1mek.   <\/p>\n\n<p>Krom\u011b p\u0159esn\u00fdch funkc\u00ed je stylus GPD navr\u017een tak, aby udr\u017eoval obrazovku v bezvadn\u00e9m stavu d\u00edky gumov\u00e9mu hrotu, kter\u00fd chr\u00e1n\u00ed p\u0159ed po\u0161kr\u00e1b\u00e1n\u00edm a ne\u010distotami. Je nejen funk\u010dn\u00ed, ale tak\u00e9 lehk\u00fd a pohodln\u011b p\u0159enosn\u00fd, dopln\u011bn\u00fd praktickou sponou pro snadn\u00e9 p\u0159ipevn\u011bn\u00ed ke kapse nebo kuf\u0159\u00edku &#8211; ide\u00e1ln\u00ed pro zanepr\u00e1zdn\u011bn\u00e9 profesion\u00e1ly nebo tv\u016frce na cest\u00e1ch. Se stylusem GPD &#8211; dokonalou kombinac\u00ed prakti\u010dnosti a inovativn\u00edho designu &#8211; zlep\u0161\u00edte sv\u00e9 digit\u00e1ln\u00ed interakce, a\u0165 u\u017e proch\u00e1z\u00edte aplikace, zaznamen\u00e1v\u00e1te n\u00e1pady nebo zkoum\u00e1te svou um\u011bleckou str\u00e1nku.<\/p>\n","protected":false},"excerpt":{"rendered":"<ul>\n<li>Funguje s<strong> GPD Pocket 3 a<\/strong> <strong> GPD WIN MAX 2<\/strong><\/li>\n<li><strong>4096\u00farov\u0148ov\u00e1<\/strong> citlivost na tlak<\/li>\n<li>Elegantn\u00ed a ergonomick\u00fd<\/li>\n<li>Kovov\u00e1<strong> spona<\/strong><\/li>\n<li>Psan\u00ed pozn\u00e1mek a zad\u00e1v\u00e1n\u00ed znak\u016f<\/li>\n<\/ul>\n<p> [cg_accordion title=\"INFORMACE O PLATB\u011a\"] Pou\u017e\u00edv\u00e1me nejnov\u011bj\u0161\u00ed technologie zpracov\u00e1n\u00ed plateb, kter\u00e9 v\u00e1m umo\u017e\u0148uj\u00ed prov\u00e9st platbu prost\u0159ednictv\u00edm Apple Pay, Google Pay, va\u0161\u00ed debetn\u00ed\/kreditn\u00ed karty, PayPal nebo metod BNPL, jako jsou Klarna, Affirm nebo AfterPay, a zajistit tak rychl\u00e9 a bezpe\u010dn\u00e9 zpracov\u00e1n\u00ed.[\/cg_accordion] [cg_accordion title=\"Z\u00c1RUKA\"] 2 roky z\u00e1ruky od spole\u010dnosti <a href=\"https:\/\/droix.net\/\" target=\"_blank\" rel=\"nofollow noopener\">DROIX Global<\/a> pro v\u00e1\u0161 klid.[\/cg_accordion] [cg_accordion title=\"PRICING, TAXES AND SHIPPING\"] <strong><u>Pozn:<\/u><\/strong><\/p>\n<ul>\n<li>Z\u00e1kazn\u00edci ze Spojen\u00fdch st\u00e1t\u016f: Z\u00e1kazn\u00edci: Zobrazen\u00e1 cena NEZAHRNUJE DAN\u011a ani cla. Odpov\u011bdnost za celn\u00ed odbaven\u00ed a zaplacen\u00ed souvisej\u00edc\u00ed dan\u011b\/celn\u00ed sazby nese z\u00e1kazn\u00edk. <\/li>\n<li>Z\u00e1kazn\u00edci z EU: V zobrazen\u00e9 cen\u011b je zahrnuta p\u0159\u00edslu\u0161n\u00e1 DA\u0147, kter\u00e1 m\u016f\u017ee \u010dinit a\u017e 25 % v z\u00e1vislosti na va\u0161\u00ed zemi.<\/li>\n<li>Z\u00e1kazn\u00edci z Kanady: V z\u00e1vislosti na va\u0161\u00ed provincii m\u016f\u017ee zobrazen\u00e1 cena zahrnovat p\u0159\u00edslu\u0161n\u00e9 dan\u011b, kter\u00e9 mohou zahrnovat 5% GST a dal\u0161\u00ed provin\u010dn\u00ed dan\u011b z prodeje (PST), harmonizovanou da\u0148 z prodeje (HST) nebo quebeckou da\u0148 z prodeje (QST).<\/li>\n<\/ul>\n<p><strong>Pouze pro z\u00e1kazn\u00edky z EU:<\/strong> Expresn\u00ed DDP (Delivered Duty Paid). To znamen\u00e1: <\/p>\n<ul>\n<li style=\"list-style-type: none;\">\n<ul>\n<li>Ve\u0161ker\u00e1 cla a dan\u011b jsou zahrnuty v cen\u011b uveden\u00e9 na str\u00e1nce produktu.<\/li>\n<li>P\u0159i doru\u010den\u00ed nemus\u00edte platit \u017e\u00e1dn\u00e9 dal\u0161\u00ed poplatky.<\/li>\n<li>Ve v\u00fdjime\u010dn\u00fdch p\u0159\u00edpadech, kdy se vyskytnou probl\u00e9my souvisej\u00edc\u00ed s celn\u00edm \u0159\u00edzen\u00edm, se n\u00e1\u0161 t\u00fdm postar\u00e1 o celn\u00ed odbaven\u00ed va\u0161\u00edm jm\u00e9nem, aby bylo doru\u010den\u00ed bezprobl\u00e9mov\u00e9.<\/li>\n<p>D\u016fle\u017eit\u00e9 informace o vr\u00e1cen\u00ed zbo\u017e\u00ed:<\/p>\n<li>Pokud se rozhodnete objedn\u00e1vku vr\u00e1tit nebo po\u017e\u00e1dat o vr\u00e1cen\u00ed pen\u011bz, m\u011bjte na pam\u011bti, \u017ee dan\u011b a cla zaplacen\u00e9 za v\u00e1s podle podm\u00ednek DDP nelze vr\u00e1tit.<\/li>\n<p>Pod\u00edvejte se pros\u00edm na na\u0161e<\/ul>\n<\/li>\n<\/ul>\n<p><a href=\"https:\/\/gpdstore.net\/cs\/terms-of-service\/\" target=\"_blank\" rel=\"nofollow noopener\">Podm\u00ednky a pravidla<\/a><\/p>\n<ul>podrobn\u00e9 informace.<\/ul>\n<p>[\/cg_accordion] [cg_accordion title=\"Z\u00c1KAZNICK\u00c1 PODPORA\"]  M\u00e1te dotaz? V\u00e1\u0161 probl\u00e9m vy\u0159e\u0161\u00edme kr\u00e1tkou textovou zpr\u00e1vou!   [\/cg_accordion] [cg_accordion title=\"WHAT'S INCLUDED\"]<\/p>\n<ul>\n<li>1x GPD Stylus<\/li>\n<\/ul>\n<p>[\/cg_accordion]<\/p>\n","protected":false},"featured_media":80116,"template":"","meta":{"_acf_changed":false},"product_brand":[],"product_cat":[5402],"product_tag":[15867,6076],"woo-feed-brand":[5594],"class_list":{"0":"post-80032","1":"product","2":"type-product","3":"status-publish","4":"has-post-thumbnail","6":"product_cat-prislusenstvi","7":"product_tag-15xmsale-cs","8":"product_tag-gpd-wm2-prislusenstvi","9":"product_shipping_class-low-end","10":"pa_accessory-type-stylus-cs","11":"pa_brand-gpd","12":"woo-feed-brand-gpd-cs","14":"first","15":"instock","16":"sale","17":"taxable","18":"shipping-taxable","19":"purchasable","20":"product-type-variable","21":"has-default-attributes"},"acf":[],"aioseo_notices":[],"_links":{"self":[{"href":"https:\/\/gpdstore.net\/cs\/wp-json\/wp\/v2\/product\/80032","targetHints":{"allow":["GET"]}}],"collection":[{"href":"https:\/\/gpdstore.net\/cs\/wp-json\/wp\/v2\/product"}],"about":[{"href":"https:\/\/gpdstore.net\/cs\/wp-json\/wp\/v2\/types\/product"}],"wp:featuredmedia":[{"embeddable":true,"href":"https:\/\/gpdstore.net\/cs\/wp-json\/wp\/v2\/media\/80116"}],"wp:attachment":[{"href":"https:\/\/gpdstore.net\/cs\/wp-json\/wp\/v2\/media?parent=80032"}],"wp:term":[{"taxonomy":"product_brand","embeddable":true,"href":"https:\/\/gpdstore.net\/cs\/wp-json\/wp\/v2\/product_brand?post=80032"},{"taxonomy":"product_cat","embeddable":true,"href":"https:\/\/gpdstore.net\/cs\/wp-json\/wp\/v2\/product_cat?post=80032"},{"taxonomy":"product_tag","embeddable":true,"href":"https:\/\/gpdstore.net\/cs\/wp-json\/wp\/v2\/product_tag?post=80032"},{"taxonomy":"woo-feed-brand","embeddable":true,"href":"https:\/\/gpdstore.net\/cs\/wp-json\/wp\/v2\/woo-feed-brand?post=80032"}],"curies":[{"name":"wp","href":"https:\/\/api.w.org\/{rel}","templated":true}]}}