{"id":75866,"date":"2024-05-08T15:41:24","date_gmt":"2024-05-08T15:41:24","guid":{"rendered":"https:\/\/gpdstore.net\/neza\u0159azen\u00e9\/dokovaci-stanice-gpd-win-4\/"},"modified":"2025-12-23T10:17:19","modified_gmt":"2025-12-23T10:17:19","slug":"gpd-win-4-docking-station","status":"publish","type":"product","link":"https:\/\/gpdstore.net\/cs\/product\/gpd-win-4-docking-station\/","title":{"rendered":"Dokovac\u00ed stanice GPD WIN 4"},"content":{"rendered":"\n<h3 class=\"wp-block-heading\"><strong>P\u0159em\u011b\u0148te sv\u016fj GPD WIN 4 na stoln\u00ed po\u010d\u00edta\u010d pomoc\u00ed ofici\u00e1ln\u00ed dokovac\u00ed stanice<\/strong><\/h3>\n\n<p>S dokovac\u00ed stanic\u00ed GPD WIN 4 pov\u00fd\u0161\u00edte z\u00e1\u017eitek z kapesn\u00edho hran\u00ed na \u00farove\u0148 stoln\u00edho po\u010d\u00edta\u010de. Toto nezbytn\u00e9 p\u0159\u00edslu\u0161enstv\u00ed nejen roz\u0161i\u0159uje mo\u017enosti p\u0159ipojen\u00ed, ale tak\u00e9 roz\u0161i\u0159uje funk\u010dnost va\u0161eho za\u0159\u00edzen\u00ed a m\u011bn\u00ed jej v pln\u011b vybaven\u00fd stoln\u00ed po\u010d\u00edta\u010d.<\/p>\n\n<h3 class=\"wp-block-heading\"><strong>Vylep\u0161en\u00e9 p\u0159ipojen\u00ed USB<\/strong><\/h3>\n\n<p>Dokovac\u00ed stanice GPD WIN 4 je vybavena t\u0159emi porty USB 3.2 Gen 2 Type-A, kter\u00e9 poskytuj\u00ed rychlost a\u017e 10 Gb\/s pro p\u0159ipojen\u00ed r\u016fzn\u00fdch perifern\u00edch za\u0159\u00edzen\u00ed, jako jsou kl\u00e1vesnice, my\u0161i a vysokorychlostn\u00ed extern\u00ed \u00falo\u017en\u00e1 za\u0159\u00edzen\u00ed.<\/p>\n\n<p>Je tak\u00e9 vybaven portem USB 3.2 Gen 2 Type-C ur\u010den\u00fdm pro rychl\u00e9 nab\u00edjen\u00ed, kter\u00fd podporuje v\u00fdkonn\u00e9 nab\u00edje\u010dky pro rychl\u00e9 dobit\u00ed va\u0161eho za\u0159\u00edzen\u00ed.<\/p>\n\n<h3 class=\"wp-block-heading\"><strong>Vynikaj\u00edc\u00ed mo\u017enosti zobrazen\u00ed<\/strong><\/h3>\n\n<p>P\u0159ipojen\u00edm za\u0159\u00edzen\u00ed GPD WIN 4 k extern\u00edmu monitoru nebo televizoru prost\u0159ednictv\u00edm portu HDMI 2.0 si m\u016f\u017eete vychutnat obraz ve vysok\u00e9m rozli\u0161en\u00ed. Toto nastaven\u00ed umo\u017e\u0148uje pou\u017e\u00edvat displej GPD WIN 4 jako sekund\u00e1rn\u00ed obrazovku a zv\u00fd\u0161it tak produktivitu a hern\u00ed z\u00e1\u017eitek d\u00edky funkci dvou displej\u016f.<\/p>\n\n<h3 class=\"wp-block-heading\"><strong>Rychl\u00e9 a bezpe\u010dn\u00e9 p\u0159ipojen\u00ed k internetu<\/strong><\/h3>\n\n<p>Dokovac\u00ed stanice je vybavena ethernetov\u00fdm portem RJ45 s rychlost\u00ed 1 Gb\/s, kter\u00fd poskytuje rychl\u00e9 a bezpe\u010dn\u00e9 p\u0159ipojen\u00ed pro streamov\u00e1n\u00ed, hran\u00ed her a datov\u00e9 p\u0159enosy, \u010d\u00edm\u017e p\u0159ekon\u00e1v\u00e1 rychlost a zabezpe\u010den\u00ed bezdr\u00e1tov\u00e9ho p\u0159ipojen\u00ed.<\/p>\n\n<h3 class=\"wp-block-heading\"><strong>Kompaktn\u00ed design pro maxim\u00e1ln\u00ed p\u0159enosnost<\/strong><\/h3>\n\n<p>Dokovac\u00ed stanice GPD WIN 4 se m\u016f\u017ee pochlubit kompaktn\u00edmi rozm\u011bry pouh\u00fdch 3,4 x 5,6 x 3,2 palce a hmotnost\u00ed pouze 224 g. D\u00edky tomu je neuv\u011b\u0159iteln\u011b p\u0159enosn\u00fd a lze jej snadno za\u010dlenit do jak\u00e9hokoli pracovn\u00edho prostoru bez nepo\u0159\u00e1dku. Jeho konstrukce zahrnuje odn\u00edmatelnou zadn\u00ed \u010d\u00e1st, kter\u00e1 umo\u017e\u0148uje snadn\u00e9 p\u0159ipojen\u00ed a p\u0159epravu doku a za\u0159\u00edzen\u00ed.<\/p>\n\n<p>D\u00edky konstrukci dokovac\u00ed stanice je nav\u00edc druh\u00fd port USB typu C na GPD WIN 4 voln\u00fd, tak\u017ee k n\u011bmu m\u016f\u017eete p\u0159ipojit v\u00fdkonn\u00e9 periferie, nap\u0159\u00edklad extern\u00ed grafick\u00fd procesor, a d\u00e1le tak vylep\u0161it svou sestavu.<\/p>\n\n<h3 class=\"wp-block-heading\"><strong>V\u00fdhody a nev\u00fdhody dokovac\u00ed stanice GPD WIN 4<\/strong><\/h3>\n\n<h3 class=\"wp-block-heading\"><strong>Klady:<\/strong><\/h3>\n\n<ul class=\"wp-block-list\">\n<li>V\u00edce port\u016f USB 3.2 Gen 2 Type-A pro r\u016fzn\u00e1 perifern\u00ed za\u0159\u00edzen\u00ed<\/li>\n\n\n\n<li>V\u00fdstup HDMI 2.0 pro extern\u00ed monitory nebo televizory<\/li>\n\n\n\n<li>Vysokorychlostn\u00ed 1Gb\/s Ethernet pro spolehliv\u00e9 p\u0159ipojen\u00ed k internetu<\/li>\n\n\n\n<li>Port USB typu C pro rychl\u00e9 nab\u00edjen\u00ed za\u0159\u00edzen\u00ed<\/li>\n<\/ul>\n\n<h3 class=\"wp-block-heading\"><strong>Nev\u00fdhody:<\/strong><\/h3>\n\n<ul class=\"wp-block-list\">\n<li>Chyb\u00ed dal\u0161\u00ed port USB typu C pro p\u0159ipojen\u00ed periferi\u00ed<\/li>\n<\/ul>\n\n<h3 class=\"wp-block-heading\"><strong>V\u00fdhody pou\u017e\u00edv\u00e1n\u00ed dokovac\u00ed stanice<\/strong><\/h3>\n\n<p>Dokovac\u00ed stanice zjednodu\u0161uje pr\u00e1ci t\u00edm, \u017ee p\u0159ipojuje notebook k v\u00edce perifern\u00edm za\u0159\u00edzen\u00edm pomoc\u00ed jedin\u00e9ho kabelu. To v\u00e1m nejen pom\u016f\u017ee zmen\u0161it pracovn\u00ed prostor, ale tak\u00e9 zv\u00fd\u0161\u00ed va\u0161i produktivitu t\u00edm, \u017ee umo\u017en\u00ed nastaven\u00ed dvou displej\u016f. Nav\u00edc minimalizuje opot\u0159eben\u00ed port\u016f za\u0159\u00edzen\u00ed a prodlu\u017euje \u017eivotnost za\u0159\u00edzen\u00ed GPD WIN 4, proto\u017ee sni\u017euje nutnost \u010dast\u00e9ho p\u0159ipojov\u00e1n\u00ed a odpojov\u00e1n\u00ed v\u00edce kabel\u016f.<\/p>\n\n<p>Investujte do dokovac\u00ed stanice GPD WIN 4 je\u0161t\u011b dnes a prom\u011b\u0148te sv\u00e9 hern\u00ed nastaven\u00ed a zefektivn\u011bte sv\u016fj pracovn\u00ed prostor, aby se v\u00e1\u0161 GPD WIN 4 nestal jen hern\u00edm gadgetem, ale komplexn\u00ed pracovn\u00ed stanic\u00ed.<\/p>\n","protected":false},"excerpt":{"rendered":"<ul>\n<li>Ukl\u00e1d\u00e1n\u00ed a nab\u00edjen\u00ed <strong>GPD WIN 4<\/strong><\/li>\n<li>P\u0159em\u011b\u0148te kapesn\u00ed po\u010d\u00edta\u010d na <strong>stoln\u00ed po\u010d\u00edta\u010d<\/strong><\/li>\n<li>P\u0159ipojte v\u0161echny periferie.<\/li>\n<li>Ofici\u00e1ln\u00ed dokovac\u00ed stanice GPD ur\u010den\u00e1 pro <strong>GPD WIN 4<\/strong><\/li>\n<li>Mal\u00fd, lehk\u00fd a vhodn\u00fd na cesty<\/li>\n<\/ul>\n[cg_accordion title=\"INFORMACE O PLATB\u011a\"]<\/p>\n<p>Pou\u017e\u00edv\u00e1me nejnov\u011bj\u0161\u00ed technologii zpracov\u00e1n\u00ed plateb, kter\u00e1 v\u00e1m umo\u017en\u00ed prov\u00e9st platbu prost\u0159ednictv\u00edm debetn\u00ed\/kreditn\u00ed karty nebo slu\u017eby PayPal, co\u017e je rychl\u00e9 a bezpe\u010dn\u00e9.[\/cg_accordion]\n[cg_accordion title=\"Z\u00c1RUKA\"]<\/p>\n<p>2 roky z\u00e1ruky od spole\u010dnosti <a href=\"https:\/\/droix.net\/\" target=\"_blank\" rel=\"nofollow noopener\">DROIX Global pro<\/a> v\u00e1\u0161 klid.[\/cg_accordion]\n[cg_accordion title=\"CENY, DAN\u011a A DOPRAVA\"]<\/p>\n<p><strong><u>Pozn\u00e1mka:<\/u><\/strong><br \/>\n &#8211; Z\u00e1kazn\u00edci ze Spojen\u00fdch st\u00e1t\u016f: Z\u00e1kazn\u00edci: Zobrazen\u00e1 cena zahrnuje v\u0161echny p\u0159\u00edslu\u0161n\u00e9 dan\u011b.<br \/>\n &#8211; Z\u00e1kazn\u00edci z EU: V z\u00e1vislosti na zemi, ve kter\u00e9 se nach\u00e1z\u00edte, m\u016f\u017ee b\u00fdt zobrazen\u00e1 cena v\u010detn\u011b p\u0159\u00edslu\u0161n\u00e9 dan\u011b a\u017e 25 %.<br \/>\n &#8211; Z\u00e1kazn\u00edci z Kanady: V z\u00e1vislosti na va\u0161\u00ed provincii m\u016f\u017ee zobrazen\u00e1 cena zahrnovat p\u0159\u00edslu\u0161n\u00e9 dan\u011b, kter\u00e9 mohou zahrnovat 5% GST a dal\u0161\u00ed provin\u010dn\u00ed dan\u011b z prodeje (PST), harmonizovanou da\u0148 z prodeje (HST) nebo quebeckou da\u0148 z prodeje (QST).[\/cg_accordion]\n[cg_accordion title=\"DOPRAVA A VR\u00c1CEN\u00cd ZBO\u017d\u00cd\"]<\/p>\n<p>Organizuje <a href=\"https:\/\/droix.net\/\" target=\"_blank\" rel=\"nofollow noopener\">DroiX,<\/a> ofici\u00e1ln\u00ed distributor GPD, z\u00e1silky zas\u00edl\u00e1me pomoc\u00ed DHL Express DDP (Delivered Duty Paid). To znamen\u00e1, \u017ee: <\/p>\n<p>Expresn\u00ed DDP (Delivered Duty Paid). To znamen\u00e1:<br \/>\n &#8211; Ve\u0161ker\u00e1 cla a dan\u011b jsou zahrnuty v cen\u011b zobrazen\u00e9 na str\u00e1nce produktu.<br \/>\n &#8211; P\u0159i doru\u010den\u00ed nebudete muset platit \u017e\u00e1dn\u00e9 dal\u0161\u00ed poplatky.<br \/>\n &#8211; Ve vz\u00e1cn\u00fdch p\u0159\u00edpadech probl\u00e9m\u016f souvisej\u00edc\u00edch s clem se n\u00e1\u0161 t\u00fdm postar\u00e1 o celn\u00ed odbaven\u00ed va\u0161\u00edm jm\u00e9nem, aby zajistil bezprobl\u00e9mov\u00e9 doru\u010den\u00ed. <\/p>\n<p>D\u016fle\u017eit\u00e9 informace o vr\u00e1cen\u00ed zbo\u017e\u00ed:<br \/>\n &#8211; Pokud se rozhodnete svou objedn\u00e1vku vr\u00e1tit nebo po\u017e\u00e1dat o vr\u00e1cen\u00ed pen\u011bz, m\u011bjte pros\u00edm na pam\u011bti, \u017ee dan\u011b a cla zaplacen\u00e9 za v\u00e1s podle podm\u00ednek DDP nelze vr\u00e1tit.<\/p>\n<p>Podrobn\u00e9 informace naleznete v na\u0161ich <a href=\"https:\/\/gpdstore.net\/cs\/terms-of-service\/\" target=\"_blank\" rel=\"nofollow noopener\">smluvn\u00edch podm\u00ednk\u00e1ch<\/a>.[\/cg_accordion]\n[cg_accordion title=\"CO JE SOU\u010c\u00c1ST\u00cd BALEN\u00cd\"]<\/p>\n<ul>\n<li>1x dokovac\u00ed stanice GPD WIN 4<\/li>\n<\/ul>\n<p>[\/cg_accordion]\n","protected":false},"featured_media":75878,"template":"","meta":{"_acf_changed":false},"product_brand":[],"product_cat":[5402],"product_tag":[5952],"woo-feed-brand":[5594],"class_list":{"0":"post-75866","1":"product","2":"type-product","3":"status-publish","4":"has-post-thumbnail","6":"product_cat-prislusenstvi","7":"product_tag-gpd-win-4-accessory-cs-2","8":"product_shipping_class-low-end","9":"product_shipping_class-standard","11":"pa_accessory-type-dokovaci-stanice","12":"pa_brand-gpd","13":"woo-feed-brand-gpd-cs","15":"first","16":"outofstock","17":"taxable","18":"shipping-taxable","19":"purchasable","20":"product-type-variable","21":"has-default-attributes"},"acf":[],"aioseo_notices":[],"_links":{"self":[{"href":"https:\/\/gpdstore.net\/cs\/wp-json\/wp\/v2\/product\/75866","targetHints":{"allow":["GET"]}}],"collection":[{"href":"https:\/\/gpdstore.net\/cs\/wp-json\/wp\/v2\/product"}],"about":[{"href":"https:\/\/gpdstore.net\/cs\/wp-json\/wp\/v2\/types\/product"}],"wp:featuredmedia":[{"embeddable":true,"href":"https:\/\/gpdstore.net\/cs\/wp-json\/wp\/v2\/media\/75878"}],"wp:attachment":[{"href":"https:\/\/gpdstore.net\/cs\/wp-json\/wp\/v2\/media?parent=75866"}],"wp:term":[{"taxonomy":"product_brand","embeddable":true,"href":"https:\/\/gpdstore.net\/cs\/wp-json\/wp\/v2\/product_brand?post=75866"},{"taxonomy":"product_cat","embeddable":true,"href":"https:\/\/gpdstore.net\/cs\/wp-json\/wp\/v2\/product_cat?post=75866"},{"taxonomy":"product_tag","embeddable":true,"href":"https:\/\/gpdstore.net\/cs\/wp-json\/wp\/v2\/product_tag?post=75866"},{"taxonomy":"woo-feed-brand","embeddable":true,"href":"https:\/\/gpdstore.net\/cs\/wp-json\/wp\/v2\/woo-feed-brand?post=75866"}],"curies":[{"name":"wp","href":"https:\/\/api.w.org\/{rel}","templated":true}]}}