{"id":63282,"date":"2024-05-17T08:24:33","date_gmt":"2024-05-17T08:24:33","guid":{"rendered":"https:\/\/gpdstore.net\/neza\u0159azen\u00e9\/dokovaci-stanice-gpd-g1-2023-egpu\/"},"modified":"2025-12-23T10:17:35","modified_gmt":"2025-12-23T10:17:35","slug":"gpd-g1-2023-egpu-docking-station","status":"publish","type":"product","link":"https:\/\/gpdstore.net\/cs\/product\/gpd-g1-2023-egpu-docking-station\/","title":{"rendered":"GPD G1 (2023) Dokovac\u00ed stanice eGPU"},"content":{"rendered":"\n<h3 class=\"wp-block-heading\">P\u0159edstavujeme GPD G1: Dokovac\u00ed stanice s extern\u00edm GPU<\/h3>\n\n<p>Odemkn\u011bte si dokonal\u00fd hern\u00ed z\u00e1\u017eitek s p\u0159elomovou dokovac\u00ed stanic\u00ed GPD G1. Toto inovativn\u00ed za\u0159\u00edzen\u00ed je navr\u017eeno tak, aby zv\u00fd\u0161ilo v\u00e1\u0161 hern\u00ed v\u00fdkon, a je kompatibiln\u00ed s p\u0159ipravovan\u00fdmi za\u0159\u00edzen\u00edmi GPD WIN MAX 2 2023, GPD Mini a aktualizovan\u00fdm GPD WIN 4 2023 s podporou Oculinku. GPD G1 nab\u00edz\u00ed kompatibilitu s Oculink a USB 4.0 a p\u0159in\u00e1\u0161\u00ed v\u0161estrannost a pohodl\u00ed do va\u0161\u00ed hern\u00ed sestavy.<\/p>\n\n<h3 class=\"wp-block-heading\">V\u00fdkonn\u00e1 grafick\u00e1 jednotka<\/h3>\n\n<p>Z\u00e1kladem dokovac\u00ed stanice GPD G1 je grafick\u00fd procesor AMD Radeon RX 7600M XT vyu\u017e\u00edvaj\u00edc\u00ed nejnov\u011bj\u0161\u00ed architekturu RDNA 3.0. Tento extern\u00ed grafick\u00fd procesor s p\u0159ipojen\u00edm Oculink p\u0159in\u00e1\u0161\u00ed ohromuj\u00edc\u00ed vizu\u00e1ln\u00ed efekty a v\u00fdjime\u010dn\u00fd v\u00fdkon. A\u0165 u\u017e prozkoum\u00e1v\u00e1te rozs\u00e1hl\u00e9 sv\u011bty, nebo jste v z\u00e1palu boje, GPD G1 zajist\u00ed precizn\u00ed vykreslen\u00ed ka\u017ed\u00e9ho detailu. Se z\u00e1kladn\u00edm taktem 1500 MHz, hern\u00edm taktem 2300 MHz a taktem boost 2615 MHz poskytuje GPD G1 v\u00fdkon pot\u0159ebn\u00fd k ovl\u00e1dnut\u00ed jak\u00e9koli hry.<\/p>\n\n<h3 class=\"wp-block-heading\">Plynul\u00e9 a citliv\u00e9 hran\u00ed<\/h3>\n\n<p>GPD G1 je vybaven 8 GB pam\u011bti GDDR6 RAM a podporuje bezprobl\u00e9mov\u00fd multitasking a plynul\u00e9 hran\u00ed. Takt pam\u011bti 2250 MHz zaru\u010duje rychl\u00e9 na\u010d\u00edt\u00e1n\u00ed a minim\u00e1ln\u00ed zpo\u017ed\u011bn\u00ed. Rozlu\u010d se se zadrh\u00e1v\u00e1n\u00edm sn\u00edmkov\u00e9 frekvence a u\u017e\u00edvej si nep\u0159eru\u0161ovan\u00e9 hern\u00ed seance. D\u00edky podpo\u0159e rozhran\u00ed USB 4.0 spl\u0148uje GPD G1 va\u0161e hern\u00ed po\u017eadavky a poskytuje \u0161pi\u010dkov\u00fd v\u00fdkon pro va\u0161e obl\u00edben\u00e9 hry.<\/p>\n\n<h3 class=\"wp-block-heading\">Uvoln\u011bte svou konektivitu<\/h3>\n\n<p>Dokovac\u00ed stanice GPD G1 Dock nab\u00edz\u00ed rozs\u00e1hl\u00e9 mo\u017enosti p\u0159ipojen\u00ed d\u00edky port\u016fm Oculink (SFF-8612) a USB 4, kter\u00e9 zaji\u0161\u0165uj\u00ed kompatibilitu s celou \u0159adou za\u0159\u00edzen\u00ed v\u010detn\u011b Thunderbolt 3 a Thunderbolt 4. Snadno p\u0159ipojte GPD WIN MAX 2 2023, GPD Mini nebo aktualizovan\u00fd GPD WIN 4 prost\u0159ednictv\u00edm Oculinku a u\u017eijte si vylep\u0161en\u00e9 hran\u00ed. GPD G1 podporuje tak\u00e9 rozhran\u00ed USB 4, kter\u00e9 umo\u017e\u0148uje roz\u0161\u00ed\u0159enou grafiku v r\u016fzn\u00fdch syst\u00e9mech.<\/p>\n\n<h3 class=\"wp-block-heading\">Roz\u0161i\u0159te sv\u00e9 vizu\u00e1ln\u00ed obzory<\/h3>\n\n<p>Roz\u0161i\u0159te svou vizu\u00e1ln\u00ed sestavu d\u00edky rozs\u00e1hl\u00e9 nab\u00eddce videoport\u016f za\u0159\u00edzen\u00ed GPD G1. D\u00edky portu HDMI 2.1 a dv\u011bma port\u016fm DisplayPort 1.4a m\u016f\u017eete p\u0159ipojit a\u017e t\u0159i extern\u00ed obrazovky a u\u017e\u00edt si panoramatick\u00e9 hran\u00ed. Pono\u0159te se do akce s GPD G1 eGPU a o\u017eivte sv\u00e9 hry s jedine\u010dn\u00fdm realismem.<\/p>\n\n<h3 class=\"wp-block-heading\">Bezprobl\u00e9mov\u00e9 p\u0159enosy dat<\/h3>\n\n<p>Dokovac\u00ed stanice GPD G1 obsahuje t\u0159i porty USB 3.2 pro snadn\u00e9 p\u0159ipojen\u00ed perifern\u00edch za\u0159\u00edzen\u00ed a udr\u017euje va\u0161i hern\u00ed sestavu p\u0159ehlednou. Port SD 4.0 umo\u017e\u0148uje rychl\u00fd p\u0159enos soubor\u016f a p\u0159\u00edstup k m\u00e9di\u00edm. P\u0159ipojte se k hostitelsk\u00e9mu za\u0159\u00edzen\u00ed USB4 a maximalizujte rychlost p\u0159enosu dat.<\/p>\n\n<h3 class=\"wp-block-heading\">\u00da\u010dinn\u00e9 chlazen\u00ed pro maxim\u00e1ln\u00ed v\u00fdkon<\/h3>\n\n<p>Aktivn\u00ed chladic\u00ed syst\u00e9m GPD G1 \u00fa\u010dinn\u011b odv\u00e1d\u00ed teplo a zaji\u0161\u0165uje stabiln\u00ed teploty GPU b\u011bhem intenzivn\u00edch hern\u00edch seanc\u00ed. Rozlu\u010dte se s p\u0159eh\u0159\u00edv\u00e1n\u00edm a u\u017eijte si nep\u0159eru\u0161ovan\u00e9 hran\u00ed, proto\u017ee mechanismus vzduchov\u00e9ho chlazen\u00ed udr\u017euje optim\u00e1ln\u00ed v\u00fdkon syst\u00e9mu.<\/p>\n\n<h3 class=\"wp-block-heading\">Nekompromisn\u00ed nap\u00e1jen\u00ed<\/h3>\n\n<p>Dokovac\u00ed stanice GPD G1 obsahuje integrovan\u00fd 240W zdroj GaN, kter\u00fd zaji\u0161\u0165uje spolehliv\u00e9 nap\u00e1jen\u00ed grafick\u00e9ho procesoru. S celkov\u00fdm grafick\u00fdm v\u00fdkonem 120 W je GPD G1 optimalizov\u00e1na pro vysoce v\u00fdkonn\u00e9 hran\u00ed her a vykresluje grafiku rychle a p\u0159esn\u011b.<\/p>\n\n<h3 class=\"wp-block-heading\">Kompaktn\u00ed design, velk\u00fd v\u00fdkon<\/h3>\n\n<p>Navzdory kompaktn\u00edm rozm\u011br\u016fm (225 \u00d7 111 \u00d7 30 mm) a n\u00edzk\u00e9 hmotnosti (0,92 kg) m\u00e1 GPD G1 vysok\u00fd v\u00fdkon. A\u0165 u\u017e doma, na cest\u00e1ch nebo na hern\u00edch akc\u00edch, GPD G1 je p\u0159enosn\u00fd v\u00fdkonn\u00fd po\u010d\u00edta\u010d pro ka\u017ed\u00e9ho hern\u00edho nad\u0161ence.<\/p>\n\n<h3 class=\"wp-block-heading\">Z\u00e1v\u011br<\/h3>\n\n<p>Dokovac\u00ed stanice GPD G1 eGPU je dokonal\u00fdm p\u0159\u00edslu\u0161enstv\u00edm pro hr\u00e1\u010de, kte\u0159\u00ed hledaj\u00ed v\u00fdkon, v\u0161estrannost a pohodl\u00ed. Tato dokovac\u00ed stanice je kompatibiln\u00ed s p\u0159ipravovan\u00fdmi modely GPD WIN MAX 2 2023, GPD Mini a aktualizovan\u00fdm modelem GPD WIN 4, spolu s podporou Oculink a USB 4.0, a nab\u00edz\u00ed tak jedine\u010dnou konektivitu. Grafick\u00fd procesor AMD Radeon RX 7600M XT zaji\u0161\u0165uje \u00fachvatn\u00fd obraz a v\u00fdkon, zat\u00edmco 8 GB pam\u011bti GDDR6 RAM podporuje plynul\u00e9 a svi\u017en\u00e9 hran\u00ed. Roz\u0161i\u0159te sv\u00e9 vizu\u00e1ln\u00ed nastaven\u00ed, u\u017e\u00edvejte si bezprobl\u00e9mov\u00e9 p\u0159enosy dat a vyu\u017e\u00edvejte efektivn\u00ed chlazen\u00ed a spolehliv\u00e9 nap\u00e1jen\u00ed. Zlep\u0161ete sv\u00e9 hern\u00ed z\u00e1\u017eitky s dokovac\u00ed stanic\u00ed GPD G1.<\/p>\n\n<h3 class=\"wp-block-heading\">V\u00fdhody a nev\u00fdhody<\/h3>\n\n<p><strong>Klady:<\/strong><\/p>\n\n<ul class=\"wp-block-list\">\n<li><strong>V\u0161estrann\u00e1 kompatibilita:<\/strong> Podporuje GPD WIN MAX 2 2024, GPD Mini 2024, aktualizovan\u00e9 GPD WIN 4 2023 a Win 4 2024 a za\u0159\u00edzen\u00ed USB 4, kter\u00e1 nab\u00edzej\u00ed vylep\u0161enou grafiku na v\u00edce syst\u00e9mech.<\/li>\n\n\n\n<li><strong>V\u00fdkonn\u00e1 grafika:<\/strong> Je vybaven grafick\u00fdm procesorem AMD Radeon RX 7600M XT s architekturou RDNA 3.0, kter\u00fd poskytuje v\u00fdjime\u010dnou grafiku a plynul\u00e9 hran\u00ed.<\/li>\n\n\n\n<li><strong>Roz\u0161i\u0159iteln\u00e9 vizu\u00e1ln\u00ed nastaven\u00ed:<\/strong> V\u00edce grafick\u00fdch a video port\u016f, v\u010detn\u011b HDMI 2.1 a DP 1.4a, podporuje a\u017e t\u0159i extern\u00ed obrazovky pro pohlcuj\u00edc\u00ed hern\u00ed z\u00e1\u017eitek.<\/li>\n\n\n\n<li><strong>\u00da\u010dinn\u00fd chladic\u00ed syst\u00e9m:<\/strong> Aktivn\u00ed chladic\u00ed mechanismus zabra\u0148uje p\u0159eh\u0159\u00e1t\u00ed a zaji\u0161\u0165uje optim\u00e1ln\u00ed v\u00fdkon p\u0159i del\u0161\u00edch hern\u00edch seanc\u00edch.<\/li>\n\n\n\n<li><strong>P\u0159enosn\u00fd a kompaktn\u00ed design:<\/strong> D\u00edky kompaktn\u00edm rozm\u011br\u016fm a lehk\u00e9 konstrukci je vysoce p\u0159enosn\u00fd, ide\u00e1ln\u00ed pro hr\u00e1\u010de na cest\u00e1ch.<\/li>\n<\/ul>\n\n<p><strong>Nev\u00fdhody :<\/strong><\/p>\n\n<ul class=\"wp-block-list\">\n<li><strong>Omezen\u00e1 kompatibilita zna\u010dky:<\/strong> Kompatibilita se za\u0159\u00edzen\u00edmi, kter\u00e1 nejsou zna\u010dky GPD, a se za\u0159\u00edzen\u00edmi bez port\u016f USB 4 m\u016f\u017ee b\u00fdt omezen\u00e1.<\/li>\n\n\n\n<li><strong>Omezen\u00e9 mo\u017enosti GPU:<\/strong> Jedinou mo\u017enost\u00ed GPU je AMD Radeon RX 7600M XT, co\u017e nemus\u00ed uspokojit u\u017eivatele, kte\u0159\u00ed hledaj\u00ed jin\u00e9 nebo p\u0159izp\u016fsobiteln\u00e9 GPU.<\/li>\n<\/ul>\n","protected":false},"excerpt":{"rendered":"<ul>\n<li>GPU: AMD Radeon\u2122<strong> RX 7600M XT<\/strong> eGPU<\/li>\n<li>KOMPATIBILITA:<strong> OCuLink, USB 4, Thunderbolt 3 a 4<\/strong><\/li>\n<li>OCULINK:<strong> P\u0159ipojen\u00ed PCI Express<\/strong><\/li>\n<li>USB 4:<strong> a\u017e 40 Gb\/s<\/strong><\/li>\n<li>ZA\u0158\u00cdZEN\u00cd GPD OCULINK: <strong>WIN 4 2023<\/strong>,<strong> WIN MAX 2 2023<\/strong> a<strong> WIN Mini<\/strong>.<\/li>\n<\/ul>\n[cg_accordion title=\"INFORMACE O PLATB\u011a\"]<\/p>\n<p>Pou\u017e\u00edv\u00e1me nejnov\u011bj\u0161\u00ed technologii zpracov\u00e1n\u00ed plateb, kter\u00e1 v\u00e1m umo\u017en\u00ed prov\u00e9st platbu prost\u0159ednictv\u00edm debetn\u00ed\/kreditn\u00ed karty nebo slu\u017eby PayPal, co\u017e je rychl\u00e9 a bezpe\u010dn\u00e9.[\/cg_accordion]\n[cg_accordion title=\"Z\u00c1RUKA\"]<\/p>\n<p>2 roky z\u00e1ruky od spole\u010dnosti <a href=\"https:\/\/droix.net\/\" target=\"_blank\" rel=\"nofollow noopener\">DROIX Global pro<\/a> v\u00e1\u0161 klid.[\/cg_accordion]\n[cg_accordion title=\"CENY, DAN\u011a A DOPRAVA\"]<\/p>\n<p><strong><u>Pozn\u00e1mka:<\/u><\/strong><\/p>\n<ul>\n<li>Z\u00e1kazn\u00edci ze Spojen\u00fdch st\u00e1t\u016f: Z\u00e1kazn\u00edci: Zobrazen\u00e1 cena NEZAHRNUJE DAN\u011a ani cla. Odpov\u011bdnost za celn\u00ed odbaven\u00ed a zaplacen\u00ed souvisej\u00edc\u00ed dan\u011b\/celn\u00ed sazby nese z\u00e1kazn\u00edk. <\/li>\n<li>Z\u00e1kazn\u00edci z EU: V zobrazen\u00e9 cen\u011b je zahrnuta p\u0159\u00edslu\u0161n\u00e1 DA\u0147, kter\u00e1 m\u016f\u017ee \u010dinit a\u017e 25 % v z\u00e1vislosti na va\u0161\u00ed zemi.<\/li>\n<li>Z\u00e1kazn\u00edci z Kanady: V z\u00e1vislosti na va\u0161\u00ed provincii m\u016f\u017ee zobrazen\u00e1 cena zahrnovat p\u0159\u00edslu\u0161n\u00e9 dan\u011b, kter\u00e9 mohou zahrnovat 5% GST a dal\u0161\u00ed provin\u010dn\u00ed dan\u011b z prodeje (PST), harmonizovanou da\u0148 z prodeje (HST) nebo quebeckou da\u0148 z prodeje (QST).<\/li>\n<\/ul>\n<p><strong>Pouze pro z\u00e1kazn\u00edky z EU:<\/strong> Expresn\u00ed DDP (Delivered Duty Paid). To znamen\u00e1: <\/p>\n<ul>\n<li>Ve\u0161ker\u00e1 cla a dan\u011b jsou zahrnuty v cen\u011b uveden\u00e9 na str\u00e1nce produktu.<\/li>\n<li>P\u0159i doru\u010den\u00ed nemus\u00edte platit \u017e\u00e1dn\u00e9 dal\u0161\u00ed poplatky.<\/li>\n<li>Ve v\u00fdjime\u010dn\u00fdch p\u0159\u00edpadech, kdy se vyskytnou probl\u00e9my souvisej\u00edc\u00ed s celn\u00edm \u0159\u00edzen\u00edm, se n\u00e1\u0161 t\u00fdm postar\u00e1 o celn\u00ed odbaven\u00ed va\u0161\u00edm jm\u00e9nem, aby bylo doru\u010den\u00ed bezprobl\u00e9mov\u00e9.<\/li>\n<p>D\u016fle\u017eit\u00e9 informace o vr\u00e1cen\u00ed zbo\u017e\u00ed:<\/p>\n<li>Pokud se rozhodnete objedn\u00e1vku vr\u00e1tit nebo po\u017e\u00e1dat o vr\u00e1cen\u00ed pen\u011bz, m\u011bjte na pam\u011bti, \u017ee dan\u011b a cla zaplacen\u00e9 za v\u00e1s podle podm\u00ednek DDP nelze vr\u00e1tit.<\/li>\n<p>Podrobn\u00e9 informace naleznete v na\u0161ich <a href=\"https:\/\/droix.net\/terms-and-conditions\/\" target=\"_blank\" rel=\"nofollow noopener\">smluvn\u00edch podm\u00ednk\u00e1ch<\/a>.\n<\/ul>\n<p>[\/cg_accordion]\n[cg_accordion title=\"Z\u00c1KAZNICK\u00c1 PODPORA\"]<\/p>\n<p>M\u00e1te dotaz? V\u00e1\u0161 probl\u00e9m vy\u0159e\u0161\u00edme kr\u00e1tkou textovou zpr\u00e1vou! [\/cg_accordion]\n<p>Podrobn\u00e9 informace naleznete v na\u0161ich <a href=\"https:\/\/gpdstore.net\/cs\/terms-of-service\/\" target=\"_blank\" rel=\"nofollow noopener\">smluvn\u00edch podm\u00ednk\u00e1ch<\/a>.\n<\/ul>\n<p>[\/]<\/p>\n[cg_accordion title=\"CO JE SOU\u010c\u00c1ST\u00cd BALEN\u00cd\"]<\/p>\n<ul>\n<li>1x GPD G1 2023<\/li>\n<li>1x nap\u00e1jec\u00ed adapt\u00e9r<\/li>\n<li>1x kabel USB typu C<\/li>\n<li>1x u\u017eivatelsk\u00e1 p\u0159\u00edru\u010dka<\/li>\n<\/ul>\n<p>[\/cg_accordion]\n","protected":false},"featured_media":63400,"template":"","meta":{"_acf_changed":false},"product_brand":[],"product_cat":[5402],"product_tag":[11972,5593],"woo-feed-brand":[5594],"class_list":{"0":"post-63282","1":"product","2":"type-product","3":"status-publish","4":"has-post-thumbnail","6":"product_cat-prislusenstvi","7":"product_tag-10bfsale-cs","8":"product_tag-gpd-g1-cs","9":"product_shipping_class-premium","10":"pa_brand-biwin","11":"pa_brand-droix","12":"pa_brand-gpd","13":"pa_brand-gulikit","14":"pa_graphics-gpu-model-radeon-rx-7600m-xt-cs","15":"pa_i-o-video-1x-oculink-cs","16":"pa_i-o-video-pres-1x-usb-4-0-type-c-40gb-s","17":"woo-feed-brand-gpd-cs","19":"first","20":"outofstock","21":"sale","22":"taxable","23":"shipping-taxable","24":"purchasable","25":"product-type-variable","26":"has-default-attributes"},"acf":[],"aioseo_notices":[],"_links":{"self":[{"href":"https:\/\/gpdstore.net\/cs\/wp-json\/wp\/v2\/product\/63282","targetHints":{"allow":["GET"]}}],"collection":[{"href":"https:\/\/gpdstore.net\/cs\/wp-json\/wp\/v2\/product"}],"about":[{"href":"https:\/\/gpdstore.net\/cs\/wp-json\/wp\/v2\/types\/product"}],"wp:featuredmedia":[{"embeddable":true,"href":"https:\/\/gpdstore.net\/cs\/wp-json\/wp\/v2\/media\/63400"}],"wp:attachment":[{"href":"https:\/\/gpdstore.net\/cs\/wp-json\/wp\/v2\/media?parent=63282"}],"wp:term":[{"taxonomy":"product_brand","embeddable":true,"href":"https:\/\/gpdstore.net\/cs\/wp-json\/wp\/v2\/product_brand?post=63282"},{"taxonomy":"product_cat","embeddable":true,"href":"https:\/\/gpdstore.net\/cs\/wp-json\/wp\/v2\/product_cat?post=63282"},{"taxonomy":"product_tag","embeddable":true,"href":"https:\/\/gpdstore.net\/cs\/wp-json\/wp\/v2\/product_tag?post=63282"},{"taxonomy":"woo-feed-brand","embeddable":true,"href":"https:\/\/gpdstore.net\/cs\/wp-json\/wp\/v2\/woo-feed-brand?post=63282"}],"curies":[{"name":"wp","href":"https:\/\/api.w.org\/{rel}","templated":true}]}}