{"id":62203,"date":"2024-07-12T09:49:06","date_gmt":"2024-07-12T09:49:06","guid":{"rendered":"https:\/\/gpdstore.net\/neza\u0159azen\u00e9\/156%e2%80%b3-prenosny-monitor-4k-s-adobe-rgb\/"},"modified":"2025-12-23T10:15:20","modified_gmt":"2025-12-23T10:15:20","slug":"15-6-4k-portable-monitor-with-adobe-rgb","status":"publish","type":"product","link":"https:\/\/gpdstore.net\/cs\/product\/15-6-4k-portable-monitor-with-adobe-rgb\/","title":{"rendered":"15,6\u2033 p\u0159enosn\u00fd monitor 4K s Adobe RGB"},"content":{"rendered":"\n<p>P\u0159edstavujeme 15,6&#8243; p\u0159enosn\u00fd monitor S23B-5 s rozli\u0161en\u00edm 4K: \u0161pi\u010dkov\u00e9 mobiln\u00ed displeje s ultra vysok\u00fdm rozli\u0161en\u00edm<\/p>\n\n<p>Hled\u00e1te p\u0159enosn\u00fd monitor, kter\u00fd poskytuje v\u00fdjime\u010dn\u00fd obraz a v\u00fdkon na cest\u00e1ch? Seznamte se s p\u0159enosn\u00fdm monitorem 4K S23B-5. Toto vysp\u011bl\u00e9 za\u0159\u00edzen\u00ed p\u0159in\u00e1\u0161\u00ed mobiln\u00ed displeje s ultra vysok\u00fdm rozli\u0161en\u00edm na dosah ruky a nab\u00edz\u00ed ohromuj\u00edc\u00ed \u010distotu a p\u0159esnost rozli\u0161en\u00ed 4K UHD. A\u0165 u\u017e jste hr\u00e1\u010d, profesion\u00e1ln\u00ed st\u0159iha\u010d videa, grafik nebo nad\u0161enec do mobiln\u00ed produktivity, tento p\u0159enosn\u00fd monitor s vysok\u00fdm rozli\u0161en\u00edm je va\u0161\u00edm dokonal\u00fdm spole\u010dn\u00edkem.<\/p>\n\n<p>Pohlcuj\u00edc\u00ed vizu\u00e1ln\u00ed z\u00e1\u017eitek s cestovn\u00edmi monitory 4K UHD P\u0159ipravte se na pohlcuj\u00edc\u00ed vizu\u00e1ln\u00ed z\u00e1\u017eitek s monitorem S23B-5. Toto za\u0159\u00edzen\u00ed s 15,6palcov\u00fdm dotykov\u00fdm monitorem se m\u016f\u017ee pochlubit displejem s rozli\u0161en\u00edm 4K UHD, kter\u00fd o\u017eivuje obsah s pozoruhodn\u00fdmi detaily a \u017eiv\u00fdmi barvami. D\u00edky rozli\u0161en\u00ed 3840 x 2160 a 10bitov\u00e9 barevn\u00e9 hloubce je ka\u017ed\u00fd obraz a video na t\u00e9to p\u0159enosn\u00e9 obrazovce 4K vykresleno s \u00fa\u017easnou \u010distotou, tak\u017ee \u017e\u00e1dn\u00fd detail nez\u016fstane bez pov\u0161imnut\u00ed. A\u0165 u\u017e sledujete filmy, hrajete hry nebo upravujete fotografie a videa, S23B-5 v\u00e1m poskytne vizu\u00e1ln\u00ed z\u00e1\u017eitek.<\/p>\n\n<p>Elegantn\u00ed a citliv\u00fd kapacitn\u00ed 10bodov\u00fd dotykov\u00fd displej Interakce s po\u010d\u00edta\u010dem S23B-5 je d\u00edky kapacitn\u00edmu 10bodov\u00e9mu dotykov\u00e9mu displeji pot\u011b\u0161en\u00edm. Tento p\u0159enosn\u00fd monitor s pln\u011b laminovanou dotykovou obrazovkou G+G nab\u00edz\u00ed plynulou a p\u0159esnou dotykovou odezvu, kter\u00e1 umo\u017e\u0148uje bezprobl\u00e9movou navigaci v nab\u00eddk\u00e1ch, ovl\u00e1d\u00e1n\u00ed aplikac\u00ed a prov\u00e1d\u011bn\u00ed p\u0159\u00edkaz\u016f. A\u0165 u\u017e zv\u011bt\u0161ujete fotografie, proch\u00e1z\u00edte webov\u00e9 str\u00e1nky nebo vytv\u00e1\u0159\u00edte slo\u017eit\u00e9 n\u00e1vrhy, dotykov\u00fd displej S23B-5 zaji\u0161\u0165uje rychlou odezvu a p\u0159esnost, co\u017e zvy\u0161uje produktivitu a kreativitu.<\/p>\n\n<p>Uvoln\u011bte svou kreativitu na cest\u00e1ch S23B-5 je navr\u017een pro kreativn\u00ed profesion\u00e1ly a je va\u0161\u00edm dokonal\u00fdm spole\u010dn\u00edkem pro st\u0159ih videa, grafick\u00fd design a \u00fapravu fotografi\u00ed. D\u00edky 100% pokryt\u00ed barevn\u00e9ho prostoru Adobe RGB zaji\u0161\u0165uje tento p\u0159enosn\u00fd monitor v\u011brn\u00e9 barvy pro p\u0159esn\u00e9 nastaven\u00ed barev a \u00fa\u017easn\u00e9 v\u00fdsledky. Displej s vysok\u00fdm rozli\u0161en\u00edm a 10bitovou barevnou hloubkou umo\u017e\u0148uje pracovat se slo\u017eit\u00fdmi detaily a dos\u00e1hnout vizu\u00e1ln\u00ed p\u0159esnosti, kter\u00e1 je pro profesion\u00e1ln\u00ed tv\u016fr\u010d\u00ed pr\u00e1ci kl\u00ed\u010dov\u00e1.<\/p>\n\n<p>Bezprobl\u00e9mov\u00e9 p\u0159ipojen\u00ed pro v\u011bt\u0161\u00ed v\u0161estrannost P\u0159ipojen\u00ed je s modelem S23B-5 snadn\u00e9. Tento cestovn\u00ed monitor s rozli\u0161en\u00edm 4K UHD je vybaven portem HD Mini, porty typu C pro p\u0159enos dat a nap\u00e1jen\u00ed, portem pro sluch\u00e1tka (3,5 mm) a portem Micro-USB pro p\u0159ipojen\u00ed perifern\u00edch za\u0159\u00edzen\u00ed, jako jsou kl\u00e1vesnice a my\u0161i. A\u0165 u\u017e p\u0159ipoj\u00edte chytr\u00fd telefon, notebook, PlayStation, Xbox nebo jin\u00e9 kompatibiln\u00ed za\u0159\u00edzen\u00ed, S23B-5 zajist\u00ed kompatibilitu a roz\u0161\u00ed\u0159\u00ed prostor na obrazovce, \u010d\u00edm\u017e zv\u00fd\u0161\u00ed produktivitu nebo hern\u00ed z\u00e1\u017eitek, a\u0165 jste kdekoli.<\/p>\n\n<p>Vestav\u011bn\u00e1 baterie pro nep\u0159etr\u017eit\u00e9 pou\u017e\u00edv\u00e1n\u00ed Krom\u011b v\u00fdkonu a v\u0161estrannosti je S23B-5 neuv\u011b\u0159iteln\u011b pohodln\u00e1 d\u00edky vestav\u011bn\u00e9 polymerov\u00e9 baterii 10000 mAh. U\u017e\u00edvejte si neru\u0161en\u00e9 pou\u017e\u00edv\u00e1n\u00ed na cest\u00e1ch, sch\u016fzk\u00e1ch nebo p\u0159i pr\u00e1ci na d\u00e1lku. Baterie s dlouhou v\u00fddr\u017e\u00ed umo\u017e\u0148uje svobodn\u011b pracovat, hr\u00e1t si nebo tvo\u0159it bez starost\u00ed o nap\u00e1jen\u00ed. Z\u016fsta\u0148te produktivn\u00ed a bavte se na cest\u00e1ch.<\/p>\n\n<p>Pr\u00e9miov\u00e1 kvalita proveden\u00ed a p\u0159enosn\u00fd design Model S23B-5 je vyroben z vysoce kvalitn\u00ed hlin\u00edkov\u00e9 slitiny, je odoln\u00fd a p\u016fsob\u00ed pr\u00e9miov\u00fdm dojmem. D\u00edky sv\u00e9mu elegantn\u00edmu a tenk\u00e9mu designu s rozm\u011bry pouh\u00fdch 357 x 223 x 9 mm a hmotnost\u00ed 1300 g je snadno p\u0159enosn\u00fd a lze jej snadno p\u0159en\u00e1\u0161et v ta\u0161ce nebo batohu. S23B-5 je navr\u017een tak, aby se stal va\u0161\u00edm spolehliv\u00fdm spole\u010dn\u00edkem, kter\u00fd zajist\u00ed, \u017ee nebude ohro\u017eena produktivita ani z\u00e1bava, a\u0165 u\u017e jste kdekoli.<\/p>\n\n<p>Poutav\u00fd zvukov\u00fd z\u00e1\u017eitek Monitor S23B-5 nab\u00edz\u00ed v\u00edce ne\u017e jen ohromuj\u00edc\u00ed obraz, ale tak\u00e9 pohlcuj\u00edc\u00ed zvukov\u00fd z\u00e1\u017eitek d\u00edky dv\u011bma 1,0W reproduktor\u016fm. Vychutnejte si \u010dist\u00fd a jasn\u00fd zvuk p\u0159i sledov\u00e1n\u00ed film\u016f, hran\u00ed her nebo multimedi\u00e1ln\u00edch aktivit\u00e1ch. A\u0165 u\u017e se jedn\u00e1 o videokonferenci, poslech hudby nebo sledov\u00e1n\u00ed po\u0159ad\u016f, S23B-5 umocn\u00ed v\u00e1\u0161 smyslov\u00fd z\u00e1\u017eitek a u\u010din\u00ed ho poutav\u00fdm a strhuj\u00edc\u00edm.<\/p>\n\n<p>Zv\u00fd\u0161en\u00e9 pohodl\u00ed p\u0159i sledov\u00e1n\u00ed Na va\u0161em pohodl\u00ed z\u00e1le\u017e\u00ed, zejm\u00e9na p\u0159i del\u0161\u00edm sledov\u00e1n\u00ed obrazovky. Monitor S23B-5 zaji\u0161\u0165uje optim\u00e1ln\u00ed pohodl\u00ed p\u0159i sledov\u00e1n\u00ed d\u00edky \u0161irok\u00fdm pozorovac\u00edm \u00fahl\u016fm a nastaviteln\u00fdm hodnot\u00e1m. D\u00edky pozorovac\u00edmu \u00fahlu 85 stup\u0148\u016f ve v\u0161ech sm\u011brech (U\/D\/L\/R) si vychutnejte jasn\u00fd obraz a \u017eiv\u00e9 barvy z r\u016fzn\u00fdch perspektiv. Monitor S23B-5 umo\u017e\u0148uje pohodln\u00e9 a dlouhodob\u00e9 pou\u017e\u00edv\u00e1n\u00ed bez nam\u00e1h\u00e1n\u00ed o\u010d\u00ed nebo zhor\u0161ov\u00e1n\u00ed polohy, a\u0165 u\u017e jde o spolupr\u00e1ci, sd\u00edlen\u00ed obsahu nebo nastaven\u00ed monitoru do preferovan\u00e9 polohy pro sledov\u00e1n\u00ed.<\/p>\n\n<p>Ide\u00e1ln\u00ed pro hern\u00ed nad\u0161ence Pro hern\u00ed nad\u0161ence je S23B-5 dokonal\u00fdm p\u0159enosn\u00fdm hern\u00edm monitorem s rozli\u0161en\u00edm 4K. D\u00edky rozli\u0161en\u00ed 4K UHD, p\u0159esn\u00e9 p\u0159esnosti barev a rychl\u00e9 dob\u011b odezvy 25 ms poskytuje tento monitor nep\u0159ekonateln\u00fd hern\u00ed z\u00e1\u017eitek. Pono\u0159te se do realistick\u00e9 grafiky, syt\u00fdch barev a ostr\u00fdch detail\u016f, kter\u00e9 va\u0161e hern\u00ed dobrodru\u017estv\u00ed je\u0161t\u011b v\u00edce vylep\u0161\u00ed. S23B-5 zaji\u0161\u0165uje, \u017ee ka\u017ed\u00fd sn\u00edmek je jasn\u00fd, co\u017e umo\u017e\u0148uje rychl\u00e9 reakce a konkuren\u010dn\u00ed v\u00fdhodu v rychl\u00fdch ak\u010dn\u00edch hr\u00e1ch, pohlcuj\u00edc\u00edch RPG nebo vizu\u00e1ln\u011b ohromuj\u00edc\u00edch sv\u011btech.<\/p>\n\n<p>Zvy\u0161te produktivitu na cest\u00e1ch S23B-5 je v\u00fdkonn\u00fdm za\u0159\u00edzen\u00edm nejen pro z\u00e1bavu a hran\u00ed her. A\u0165 u\u017e jste digit\u00e1ln\u00ed nom\u00e1d, student nebo profesion\u00e1l a pot\u0159ebujete p\u0159enosn\u00fd pracovn\u00ed prostor, tento monitor spln\u00ed va\u0161e pot\u0159eby. Roz\u0161i\u0159te si obrazovku notebooku nebo smartphonu, snadno vykon\u00e1vejte v\u00edce \u00fakol\u016f a zvy\u0161te efektivitu a pracovn\u00ed postupy. Upravujte dokumenty, vytv\u00e1\u0159ejte prezentace nebo analyzujte data d\u00edky dodate\u010dn\u00e9mu prostoru na obrazovce, kter\u00fd nab\u00edz\u00ed S23B-5. Jeho displej s vysok\u00fdm rozli\u0161en\u00edm a p\u0159esn\u00e1 reprodukce barev zaji\u0161\u0165uj\u00ed pr\u00e1ci se slo\u017eit\u00fdmi detaily a zachov\u00e1n\u00ed konzistence nap\u0159\u00ed\u010d za\u0159\u00edzen\u00edmi. S23B-5 je va\u0161e p\u0159enosn\u00e9 centrum produktivity, kter\u00e9 v\u00e1m umo\u017en\u00ed dos\u00e1hnout v\u00edce i na cest\u00e1ch.<\/p>\n\n<p>Z\u00e1v\u011br Z\u00e1v\u011brem lze \u0159\u00edci, \u017ee p\u0159enosn\u00fd monitor S23B-5 4K je v\u00fdjime\u010dn\u00e9 za\u0159\u00edzen\u00ed, kter\u00e9 v\u00e1m na dosah ruky p\u0159in\u00e1\u0161\u00ed mobiln\u00ed displeje s ultra vysok\u00fdm rozli\u0161en\u00edm. Tento p\u0159enosn\u00fd monitor s rozli\u0161en\u00edm 4K UHD, kapacitn\u00ed 10bodovou dotykovou obrazovkou a \u0161irok\u00fdm barevn\u00fdm gamutem nab\u00edz\u00ed \u00fa\u017easn\u00fd obraz a v\u00fdjime\u010dn\u00fd v\u00fdkon. A\u0165 u\u017e jste hr\u00e1\u010d, kreativn\u00ed profesion\u00e1l nebo si cen\u00edte produktivity na cest\u00e1ch, notebook S23B-5 je p\u0159izp\u016fsoben va\u0161im pot\u0159eb\u00e1m. Jeho v\u0161estrann\u00e9 mo\u017enosti p\u0159ipojen\u00ed, vestav\u011bn\u00e1 baterie a prvot\u0159\u00eddn\u00ed kvalita proveden\u00ed z n\u011bj d\u011blaj\u00ed v\u00fdjime\u010dnou volbu.<\/p>\n\n<p>Klady: Ohromuj\u00edc\u00ed vizu\u00e1ln\u00ed efekty: S23B-5 nab\u00edz\u00ed 4K UHD displej s v\u00fdjime\u010dnou p\u0159esnost\u00ed barev, ide\u00e1ln\u00ed pro hran\u00ed her, st\u0159ih videa, grafick\u00fd design a \u00fapravu fotografi\u00ed. Funkce dotykov\u00e9 obrazovky: Kapacitn\u00ed 10bodov\u00e1 dotykov\u00e1 obrazovka poskytuje citlivou a intuitivn\u00ed u\u017eivatelskou zku\u0161enost a umo\u017e\u0148uje snadnou navigaci a p\u0159esn\u00e9 ovl\u00e1d\u00e1n\u00ed. P\u0159enositelnost: S23B-5 je tenk\u00fd a lehk\u00fd a je velmi snadno p\u0159enosn\u00fd na cesty, slu\u017eebn\u00ed cesty a vzd\u00e1lenou pr\u00e1ci. V\u0161estrann\u00e9 p\u0159ipojen\u00ed: V\u00edce port\u016f v\u010detn\u011b HD Mini, Type C, Headphone a Micro-USB zaji\u0161\u0165uje kompatibilitu se smartphony, notebooky a hern\u00edmi konzolemi. Vestav\u011bn\u00e1 baterie: S23B-5 je vybaven polymerovou bateri\u00ed s kapacitou 10000 mAh, kter\u00e1 umo\u017e\u0148uje nep\u0159etr\u017eit\u00e9 pou\u017e\u00edv\u00e1n\u00ed na cest\u00e1ch bez pot\u0159eby zdroje energie.<\/p>\n\n<p>Nev\u00fdhody: Omezen\u00e9 mo\u017enosti velikosti: Dostupn\u00e9 pouze v 15,6palcov\u00e9 velikosti, co\u017e nemus\u00ed vyhovovat u\u017eivatel\u016fm, kte\u0159\u00ed preferuj\u00ed v\u011bt\u0161\u00ed nebo men\u0161\u00ed p\u0159enosn\u00e9 monitory. Zvukov\u00fd v\u00fdstup: Vestav\u011bn\u00e9 reproduktory se nemus\u00ed vyrovnat extern\u00edm reproduktor\u016fm nebo sluch\u00e1tk\u016fm pro ty, kte\u0159\u00ed cht\u011bj\u00ed za\u017e\u00edt pohlcuj\u00edc\u00ed zvuk.<\/p>\n","protected":false},"excerpt":{"rendered":"<ul>\n<li><strong>100% barevn\u00fd<\/strong> gamut <strong>Adobe<\/strong> <strong>15,6palcov\u00fd<\/strong> p\u0159enosn\u00fd monitor <strong>UHD 4K<\/strong> <\/li>\n<li>10bodov\u00fd kapacitn\u00ed dotykov\u00fd monitor<\/li>\n<li>Dotykov\u00fd displej Kompatibiln\u00ed se <strong>syst\u00e9mem MacOS<\/strong><\/li>\n<li>Vestav\u011bn\u00e1 baterie 10000 mAh<\/li>\n<li><strong>Nap\u00e1jen\u00ed p\u0159es USB<\/strong>, podpora mini-HDMI, USB Type-C<\/li>\n<\/ul>\n[cg_accordion title=\"INFORMACE O PLATB\u011a\"]<\/p>\n<p>Pou\u017e\u00edv\u00e1me nejnov\u011bj\u0161\u00ed technologie zpracov\u00e1n\u00ed plateb, kter\u00e9 v\u00e1m umo\u017e\u0148uj\u00ed prov\u00e9st platbu prost\u0159ednictv\u00edm Apple Pay, Google Pay, va\u0161\u00ed debetn\u00ed\/kreditn\u00ed karty, PayPal nebo metod BNPL, jako jsou Klarna, Affirm nebo AfterPay, a zajistit tak rychl\u00e9 a bezpe\u010dn\u00e9 zpracov\u00e1n\u00ed.[\/cg_accordion]\n[cg_accordion title=\"Z\u00c1RUKA\"]<\/p>\n<p>2 roky z\u00e1ruky od spole\u010dnosti <a href=\"https:\/\/droix.net\/\" target=\"_blank\" rel=\"nofollow noopener\">DROIX Global pro<\/a> v\u00e1\u0161 klid.[\/cg_accordion]\n[cg_accordion title=\"CENY, DAN\u011a A DOPRAVA\"]<\/p>\n<p><strong><u>Pozn\u00e1mka:<\/u><\/strong><\/p>\n<ul>\n<li>Z\u00e1kazn\u00edci ze Spojen\u00fdch st\u00e1t\u016f: Z\u00e1kazn\u00edci: Zobrazen\u00e1 cena NEZAHRNUJE DAN\u011a ani cla. Odpov\u011bdnost za celn\u00ed odbaven\u00ed a zaplacen\u00ed souvisej\u00edc\u00ed dan\u011b\/celn\u00ed sazby nese z\u00e1kazn\u00edk. <\/li>\n<li>Z\u00e1kazn\u00edci z EU: V zobrazen\u00e9 cen\u011b je zahrnuta p\u0159\u00edslu\u0161n\u00e1 DA\u0147, kter\u00e1 m\u016f\u017ee \u010dinit a\u017e 25 % v z\u00e1vislosti na va\u0161\u00ed zemi.<\/li>\n<li>Z\u00e1kazn\u00edci z Kanady: V z\u00e1vislosti na va\u0161\u00ed provincii m\u016f\u017ee zobrazen\u00e1 cena zahrnovat p\u0159\u00edslu\u0161n\u00e9 dan\u011b, kter\u00e9 mohou zahrnovat 5% GST a dal\u0161\u00ed provin\u010dn\u00ed dan\u011b z prodeje (PST), harmonizovanou da\u0148 z prodeje (HST) nebo quebeckou da\u0148 z prodeje (QST).<\/li>\n<\/ul>\n<p><strong>Pouze pro z\u00e1kazn\u00edky z EU:<\/strong> Expresn\u00ed DDP (Delivered Duty Paid). To znamen\u00e1: <\/p>\n<ul>\n<li>Ve\u0161ker\u00e1 cla a dan\u011b jsou zahrnuty v cen\u011b uveden\u00e9 na str\u00e1nce produktu.<\/li>\n<li>P\u0159i doru\u010den\u00ed nemus\u00edte platit \u017e\u00e1dn\u00e9 dal\u0161\u00ed poplatky.<\/li>\n<li>Ve v\u00fdjime\u010dn\u00fdch p\u0159\u00edpadech, kdy se vyskytnou probl\u00e9my souvisej\u00edc\u00ed s celn\u00edm \u0159\u00edzen\u00edm, se n\u00e1\u0161 t\u00fdm postar\u00e1 o celn\u00ed odbaven\u00ed va\u0161\u00edm jm\u00e9nem, aby bylo doru\u010den\u00ed bezprobl\u00e9mov\u00e9.<\/li>\n<p>D\u016fle\u017eit\u00e9 informace o vr\u00e1cen\u00ed zbo\u017e\u00ed:<\/p>\n<li>Pokud se rozhodnete objedn\u00e1vku vr\u00e1tit nebo po\u017e\u00e1dat o vr\u00e1cen\u00ed pen\u011bz, m\u011bjte na pam\u011bti, \u017ee dan\u011b a cla zaplacen\u00e9 za v\u00e1s podle podm\u00ednek DDP nelze vr\u00e1tit.<\/li>\n<p>Podrobn\u00e9 informace naleznete v na\u0161ich <a href=\"https:\/\/gpdstore.net\/cs\/terms-of-service\/\" target=\"_blank\" rel=\"nofollow noopener\">smluvn\u00edch podm\u00ednk\u00e1ch<\/a>.\n<\/ul>\n<p>[\/cg_accordion]\n[cg_accordion title=\"Z\u00c1KAZNICK\u00c1 PODPORA\"]<\/p>\n<p>M\u00e1te dotaz? V\u00e1\u0161 probl\u00e9m vy\u0159e\u0161\u00edme kr\u00e1tkou textovou zpr\u00e1vou!<br \/>\n[\/cg_accordion]\n[cg_accordion title=\"CO JE SOU\u010c\u00c1ST\u00cd BALEN\u00cd\"]<\/p>\n<ul>\n<li>1x nap\u00e1jec\u00ed z\u00e1str\u010dka (EU\/USA)<\/li>\n<li>1x u\u017eivatelsk\u00e1 p\u0159\u00edru\u010dka<\/li>\n<\/ul>\n<p>[\/cg_accordion]\n","protected":false},"featured_media":62298,"template":"","meta":{"_acf_changed":false},"product_brand":[],"product_cat":[5475],"product_tag":[18426,5477],"woo-feed-brand":[5478],"class_list":{"0":"post-62203","1":"product","2":"type-product","3":"status-publish","4":"has-post-thumbnail","6":"product_cat-prenosne-monitory-cs","7":"product_tag-30gpdsale-cs","8":"product_tag-droix-portable-monitor-cs","9":"product_shipping_class-standard","10":"pa_brand-droix","11":"woo-feed-brand-droix-cs","13":"first","14":"outofstock","15":"sale","16":"taxable","17":"shipping-taxable","18":"purchasable","19":"product-type-variable","20":"has-default-attributes"},"acf":[],"aioseo_notices":[],"_links":{"self":[{"href":"https:\/\/gpdstore.net\/cs\/wp-json\/wp\/v2\/product\/62203","targetHints":{"allow":["GET"]}}],"collection":[{"href":"https:\/\/gpdstore.net\/cs\/wp-json\/wp\/v2\/product"}],"about":[{"href":"https:\/\/gpdstore.net\/cs\/wp-json\/wp\/v2\/types\/product"}],"wp:featuredmedia":[{"embeddable":true,"href":"https:\/\/gpdstore.net\/cs\/wp-json\/wp\/v2\/media\/62298"}],"wp:attachment":[{"href":"https:\/\/gpdstore.net\/cs\/wp-json\/wp\/v2\/media?parent=62203"}],"wp:term":[{"taxonomy":"product_brand","embeddable":true,"href":"https:\/\/gpdstore.net\/cs\/wp-json\/wp\/v2\/product_brand?post=62203"},{"taxonomy":"product_cat","embeddable":true,"href":"https:\/\/gpdstore.net\/cs\/wp-json\/wp\/v2\/product_cat?post=62203"},{"taxonomy":"product_tag","embeddable":true,"href":"https:\/\/gpdstore.net\/cs\/wp-json\/wp\/v2\/product_tag?post=62203"},{"taxonomy":"woo-feed-brand","embeddable":true,"href":"https:\/\/gpdstore.net\/cs\/wp-json\/wp\/v2\/woo-feed-brand?post=62203"}],"curies":[{"name":"wp","href":"https:\/\/api.w.org\/{rel}","templated":true}]}}