{"id":50068,"date":"2024-07-12T08:46:50","date_gmt":"2024-07-12T08:46:50","guid":{"rendered":"https:\/\/gpdstore.net\/neza\u0159azen\u00e9\/prenosny-monitor-droix-pm13-2k\/"},"modified":"2025-09-15T21:32:50","modified_gmt":"2025-09-15T21:32:50","slug":"prenosny-monitor-droix-pm13-2k","status":"publish","type":"product","link":"https:\/\/gpdstore.net\/cs\/product\/prenosny-monitor-droix-pm13-2k\/","title":{"rendered":"P\u0159enosn\u00fd monitor DroiX PM13 2K"},"content":{"rendered":"\n<figure class=\"wp-block-video\"><video controls=\"\" muted=\"\" poster=\"https:\/\/droix.net\/wp-content\/uploads\/2024\/03\/1.jpg\" src=\"https:\/\/droix.net\/wp-content\/uploads\/2024\/06\/pm131.mp4\"><\/video><\/figure>\n\n<div class=\"wp-block-columns is-layout-flex wp-container-core-columns-is-layout-28f84493 wp-block-columns-is-layout-flex\">\n<div class=\"wp-block-column is-layout-flow wp-block-column-is-layout-flow\" style=\"flex-basis:33.33%\">\n<figure class=\"wp-block-image size-large\"><a href=\"https:\/\/droix.net\/wp-content\/uploads\/2024\/03\/DROIX-S13-GENERIC-DONE-LISTING-IMAGE-1-1.png\"><img decoding=\"async\" src=\"https:\/\/droix.net\/wp-content\/uploads\/2024\/03\/DROIX-S13-GENERIC-DONE-LISTING-IMAGE-1-1-1024x1024.png\" alt=\"Obr&#xE1;zek p&#x159;enosn&#xE9;ho monitoru DroiX, 13palcov&#xFD;, 2K, velmi tenk&#xFD;, lehk&#xFD; a p&#x159;enosn&#xFD;\" class=\"wp-image-175965\"\/><\/a><\/figure>\n<\/div>\n\n\n\n<div class=\"wp-block-column is-layout-flow wp-block-column-is-layout-flow\" style=\"flex-basis:66.66%\">\n<h2 class=\"wp-block-heading\"><strong>DroiX PM13 &#8211; 13,0&#8243; 4K ultratenk\u00fd p\u0159enosn\u00fd monitor<\/strong><\/h2>\n\n\n\n<p>DroiX PM13 je elegantn\u00ed a lehk\u00fd 13&#8243; p\u0159enosn\u00fd monitor s rozli\u0161en\u00edm 2K, kter\u00fd v\u00e1\u017e\u00ed pouh\u00fdch 494 gram\u016f. Je zasazen do tenk\u00e9ho hlin\u00edkov\u00e9ho r\u00e1mu a m\u00e1 velmi tenk\u00e9 r\u00e1me\u010dky o velikosti 0,11&#8243;, tak\u017ee mistrovsky spojuje styl s pohodl\u00edm. \u017div\u00fd displej IPS nab\u00edz\u00ed syt\u00e9 barvy a rozs\u00e1hl\u00fd pozorovac\u00ed \u00fahel 170 stup\u0148\u016f, co\u017e p\u0159in\u00e1\u0161\u00ed \u00fachvatn\u00fd vizu\u00e1ln\u00ed z\u00e1\u017eitek. D\u00edky kompatibilit\u011b zahrnuj\u00edc\u00ed \u0159adu za\u0159\u00edzen\u00ed prost\u0159ednictv\u00edm rozhran\u00ed HDMI a USB-C je PM13 dokonalou univerz\u00e1ln\u00ed obrazovkou pro vylep\u0161en\u00ed va\u0161\u00ed sestavy, a\u0165 jste kdekoli.  <\/p>\n<\/div>\n<\/div>\n\n<div class=\"wp-block-columns is-layout-flex wp-container-core-columns-is-layout-28f84493 wp-block-columns-is-layout-flex\">\n<div class=\"wp-block-column is-layout-flow wp-block-column-is-layout-flow\">\n<h3 class=\"wp-block-heading\">Ide\u00e1ln\u00ed p\u0159enosn\u00fd monitor pro notebooky<br\/><em>\u017d\u00e1dn\u00e9 kompromisy<\/em><\/h3>\n\n\n\n<p>P\u0159enosn\u00fd monitor DroiX PM13 nab\u00edz\u00ed v\u00fdjime\u010dn\u00fd z\u00e1\u017eitek ze zobrazen\u00ed d\u00edky sv\u00fdm vynikaj\u00edc\u00edm funkc\u00edm. Py\u0161n\u00ed se vysok\u00fdm jasem a podporou HDR a zaji\u0161\u0165uje jasnou viditelnost za jak\u00fdchkoli sv\u011bteln\u00fdch podm\u00ednek. Stoprocentn\u00ed pokryt\u00ed sRGB a 16,7 milionu barev zaji\u0161\u0165uj\u00ed p\u0159esnou barevnou p\u0159esnost, kter\u00e1 je kl\u00ed\u010dov\u00e1 pro \u00fapravu fotografi\u00ed a grafick\u00fd design. Jeho rozli\u0161en\u00ed 2K na 13palcov\u00e9 obrazovce zaru\u010duje vysokou hustotu pixel\u016f a vytv\u00e1\u0159\u00ed ostr\u00fd a \u017eiv\u00fd obraz pro text i multim\u00e9dia. D\u00edky tomu je PM13 \u0161pi\u010dkovou volbou pro profesion\u00e1ly i nad\u0161ence.    <\/p>\n<\/div>\n\n\n\n<div class=\"wp-block-column is-layout-flow wp-block-column-is-layout-flow\">\n<figure class=\"wp-block-image size-full\"><a href=\"https:\/\/droix.net\/wp-content\/uploads\/2024\/03\/2.jpg\"><img decoding=\"async\" src=\"https:\/\/droix.net\/wp-content\/uploads\/2024\/03\/2.jpg\" alt=\"Vysoce kvalitn&#xED; p&#x159;enosn&#xFD; displej DroiX PM13 s podporou HDR400, rozli&#x161;en&#xED;m QHD 2160x1350 a 100% pokryt&#xED;m sRGB\" class=\"wp-image-182193\"\/><\/a><\/figure>\n<\/div>\n<\/div>\n\n<div class=\"wp-block-columns is-layout-flex wp-container-core-columns-is-layout-28f84493 wp-block-columns-is-layout-flex\">\n<div class=\"wp-block-column is-layout-flow wp-block-column-is-layout-flow\">\n<figure class=\"wp-block-image size-full\"><a href=\"https:\/\/droix.net\/wp-content\/uploads\/2024\/07\/3-1.jpg\"><img decoding=\"async\" src=\"https:\/\/droix.net\/wp-content\/uploads\/2024\/07\/3-1.jpg\" alt=\"P&#x159;enosn&#xFD; monitor DroiX PM13, kter&#xFD; byl navr&#x17E;en tak, aby nov&#x11B; definoval kompatibilitu a mo&#x17E;nosti p&#x159;ipojen&#xED; k &#x161;irok&#xE9; &#x161;k&#xE1;le za&#x159;&#xED;zen&#xED;. Tento monitor se vyzna&#x10D;uje robustn&#xED; podporou technologi&#xED; USB a ActiveDP a lze jej bez probl&#xE9;m&#x16F; integrovat s r&#x16F;zn&#xFD;mi modern&#xED;mi p&#x159;&#xED;stroji, od notebook&#x16F; po chytr&#xE9; telefony a dal&#x161;&#xED;. Monitor PM13 je navr&#x17E;en pro bezprobl&#xE9;movou interakci a spolupracuje se za&#x159;&#xED;zen&#xED;mi, kter&#xE1; podporuj&#xED; DisplayPort p&#x159;es USB, maj&#xED; porty Thunderbolt USB nebo se &#x159;&#xED;d&#xED; protokolem USB 4 pro v&#xFD;stup videa. A&#x165; u&#x17E; hrajete hry na cest&#xE1;ch, zvy&#x161;ujete produktivitu nebo si u&#x17E;&#xED;v&#xE1;te multimedi&#xE1;ln&#xED; obsah, monitor PM13 je va&#x161;&#xED;m dokonal&#xFD;m spole&#x10D;n&#xED;kem, kter&#xFD; nab&#xED;z&#xED; bezkonkuren&#x10D;n&#xED; flexibilitu a v&#xFD;kon, a&#x165; u&#x17E; jej pot&#x159;ebujete kdekoli.   \" class=\"wp-image-182203\"\/><\/a><\/figure>\n<\/div>\n\n\n\n<div class=\"wp-block-column is-layout-flow wp-block-column-is-layout-flow\">\n<h3 class=\"wp-block-heading\">P\u0159enosnost a nap\u00e1jen\u00ed<br\/><em>Kompatibilita<\/em><\/h3>\n\n\n\n<p>Vyzkou\u0161ejte \u0161pi\u010dkovou v\u0161estrannost p\u0159enosn\u00e9ho monitoru DroiX PM13, kter\u00fd je navr\u017een tak, aby nov\u011b definoval kompatibilitu a mo\u017enosti p\u0159ipojen\u00ed k \u0161irok\u00e9 \u0161k\u00e1le za\u0159\u00edzen\u00ed. Tento monitor se vyzna\u010duje robustn\u00ed podporou technologi\u00ed USB a ActiveDP a lze jej bez probl\u00e9m\u016f integrovat s r\u016fzn\u00fdmi modern\u00edmi p\u0159\u00edstroji, od notebook\u016f po chytr\u00e9 telefony a dal\u0161\u00ed. <\/p>\n\n\n\n<p>Model PM13 je navr\u017een pro snadnou interakci a spolupracuje se za\u0159\u00edzen\u00edmi, kter\u00e1 podporuj\u00ed DisplayPort p\u0159es USB, maj\u00ed porty Thunderbolt USB nebo pou\u017e\u00edvaj\u00ed protokol USB 4 pro v\u00fdstup videa. A\u0165 u\u017e hrajete hry na cest\u00e1ch, zvy\u0161ujete produktivitu nebo si u\u017e\u00edv\u00e1te multimedi\u00e1ln\u00ed obsah, PM13 je va\u0161\u00edm dokonal\u00fdm spole\u010dn\u00edkem, kter\u00fd nab\u00edz\u00ed bezkonkuren\u010dn\u00ed flexibilitu a v\u00fdkon, a\u0165 u\u017e ho pot\u0159ebujete kdekoli. <\/p>\n<\/div>\n<\/div>\n\n<div class=\"wp-block-columns is-layout-flex wp-container-core-columns-is-layout-28f84493 wp-block-columns-is-layout-flex\">\n<div class=\"wp-block-column is-layout-flow wp-block-column-is-layout-flow\">\n<h3 class=\"wp-block-heading\">V\u00edce ne\u017e p\u0159enosn\u00fd monitor<br\/><em>Bohat\u00e9 funkce<\/em><\/h3>\n\n\n\n<p>P\u0159enosn\u00fd monitor DroiX PM13 se m\u016f\u017ee pochlubit v\u0161estrann\u00fdm designem s nastaviteln\u00fdm stojanem v \u00fahlu 180\u00b0, kter\u00fd u\u017eivatel\u016fm umo\u017e\u0148uje nastavit obrazovku do r\u016fzn\u00fdch \u00fahl\u016f pro optim\u00e1ln\u00ed pohodl\u00ed p\u0159i sledov\u00e1n\u00ed. Krom\u011b toho obsahuje integrovanou podporu dr\u017e\u00e1ku VESA 75&#215;75 mm, kter\u00e1 umo\u017e\u0148uje flexibiln\u00ed mont\u00e1\u017e na kompatibiln\u00ed ramena nebo stojany. Pro ozvu\u010den\u00ed je monitor PM13 vybaven vestav\u011bn\u00fdmi stereofonn\u00edmi reproduktory, z nich\u017e ka\u017ed\u00fd m\u00e1 v\u00fdkon 1,0 W. A\u010dkoli tyto reproduktory nejsou v\u00fdjime\u010dn\u011b v\u00fdkonn\u00e9, nab\u00edzej\u00ed pohodln\u00e9 \u0159e\u0161en\u00ed zvuku bez nutnosti pou\u017eit\u00ed extern\u00edch za\u0159\u00edzen\u00ed.   <\/p>\n\n\n\n<h3 class=\"wp-block-heading\"><br\/><\/h3>\n<\/div>\n\n\n\n<div class=\"wp-block-column is-layout-flow wp-block-column-is-layout-flow\">\n<figure class=\"wp-block-image size-full\"><a href=\"https:\/\/droix.net\/wp-content\/uploads\/2024\/07\/4.jpg\"><img decoding=\"async\" src=\"https:\/\/droix.net\/wp-content\/uploads\/2024\/07\/4.jpg\" alt=\"P&#x159;enosn&#xFD; monitor DroiX PM13 je vybaven stojanem nastaviteln&#xFD;m v &#xFA;hlu 180&#xB0;, kter&#xFD; u&#x17E;ivatel&#x16F;m umo&#x17E;&#x148;uje nastavit obrazovku do r&#x16F;zn&#xFD;ch &#xFA;hl&#x16F; pro optim&#xE1;ln&#xED; pohodl&#xED; p&#x159;i sledov&#xE1;n&#xED;. Obsahuje integrovanou podp&#x11B;ru dr&#x17E;&#xE1;ku VESA 75x75 mm pro flexibiln&#xED; mont&#xE1;&#x17E; na kompatibiln&#xED; ramena nebo stojany. Monitor PM13 je tak&#xE9; vybaven vestav&#x11B;n&#xFD;mi stereofonn&#xED;mi reproduktory, z nich&#x17E; ka&#x17E;d&#xFD; m&#xE1; v&#xFD;kon 1,0 W, a poskytuje tak pohodln&#xE9; &#x159;e&#x161;en&#xED; zvuku, ani&#x17E; by vy&#x17E;adoval extern&#xED; za&#x159;&#xED;zen&#xED;.  \" class=\"wp-image-182205\"\/><\/a><\/figure>\n<\/div>\n<\/div>\n\n<div class=\"wp-block-columns is-layout-flex wp-container-core-columns-is-layout-28f84493 wp-block-columns-is-layout-flex\">\n<div class=\"wp-block-column is-layout-flow wp-block-column-is-layout-flow\">\n<figure class=\"wp-block-image size-full\"><a href=\"https:\/\/droix.net\/wp-content\/uploads\/2024\/07\/5.jpg\"><img decoding=\"async\" src=\"https:\/\/droix.net\/wp-content\/uploads\/2024\/07\/5.jpg\" alt=\"P&#x159;enosn&#xFD; monitor DroiX PM13 je p&#x159;&#xED;kladem v&#x161;estrannosti s rozs&#xE1;hl&#xFD;mi mo&#x17E;nostmi kompatibility a p&#x159;ipojen&#xED;. Je vybaven &#x10D;ty&#x159;mi re&#x17E;imy: Re&#x17E;im Duplicated pro zrcadlen&#xED; obsahu, re&#x17E;im Extend pro roz&#x161;&#xED;&#x159;en&#xED; pracovn&#xED; plochy, re&#x17E;im Second Screen pro hern&#xED; konzole a re&#x17E;im Portrait pro vertik&#xE1;ln&#xED; orientaci. Ide&#xE1;ln&#xED; pro profesion&#xE1;ly, hr&#xE1;&#x10D;e a digit&#xE1;ln&#xED; nom&#xE1;dy, zvy&#x161;uje produktivitu a z&#xE1;bavu v r&#x16F;zn&#xFD;ch prost&#x159;ed&#xED;ch.  \" class=\"wp-image-182206\"\/><\/a><\/figure>\n<\/div>\n\n\n\n<div class=\"wp-block-column is-layout-flow wp-block-column-is-layout-flow\">\n<h3 class=\"wp-block-heading\">Roz\u0161\u00ed\u0159en\u00ed, duplikace, portr\u00e9t a dal\u0161\u00ed<br\/><em>Skute\u010dn\u00e1 v\u0161estrannost<br\/><\/em><\/h3>\n\n\n\n<p>P\u0159enosn\u00fd monitor DroiX PM13 je p\u0159\u00edkladem v\u0161estrannosti d\u00edky rozs\u00e1hl\u00fdm mo\u017enostem kompatibility a p\u0159ipojen\u00ed. Nab\u00edz\u00ed \u010dty\u0159i v\u0161estrann\u00e9 re\u017eimy: Duplikovan\u00fd re\u017eim pro zrcadlen\u00ed obsahu, re\u017eim Extend pro roz\u0161\u00ed\u0159en\u00ed pracovn\u00ed plochy, re\u017eim Second Screen pro hern\u00ed konzole a re\u017eim Portrait pro vertik\u00e1ln\u00ed orientaci. Tato p\u0159izp\u016fsobivost z n\u011bj \u010din\u00ed ide\u00e1ln\u00edho spole\u010dn\u00edka pro profesion\u00e1ly, hr\u00e1\u010de a digit\u00e1ln\u00ed nom\u00e1dy, kter\u00fd zvy\u0161uje produktivitu a z\u00e1bavu v r\u016fzn\u00fdch prost\u0159ed\u00edch.  <\/p>\n\n\n\n<p>4o<\/p>\n<\/div>\n<\/div>\n\n<figure class=\"wp-block-image aligncenter size-large\"><a href=\"https:\/\/droix.net\/wp-content\/uploads\/2024\/07\/7.jpg\"><img decoding=\"async\" src=\"https:\/\/droix.net\/wp-content\/uploads\/2024\/07\/7-1024x420.jpg\" alt=\"P&#x159;ipojte sv&#x16F;j MacBook s rozhran&#xED;m Thunderbolt 3 nebo 4 k p&#x159;enosn&#xE9;mu monitoru DroiX PM13 prost&#x159;ednictv&#xED;m portu Type-C s podporou re&#x17E;imu DP ALT-MODE. Toto pokro&#x10D;il&#xE9; p&#x159;ipojen&#xED; zaji&#x161;&#x165;uje p&#x159;enos obrazu i nap&#xE1;jen&#xED; prost&#x159;ednictv&#xED;m jedin&#xE9;ho kabelu Type-C, &#x10D;&#xED;m&#x17E; maximalizuje pohodl&#xED; a efektivitu. \" class=\"wp-image-182195\"\/><\/a><\/figure>\n\n<p>P\u0159ipojte sv\u016fj MacBook s rozhran\u00edm Thunderbolt 3 nebo 4 k p\u0159enosn\u00e9mu monitoru DroiX PM13 prost\u0159ednictv\u00edm portu Type-C s podporou re\u017eimu DP ALT-MODE. Toto pokro\u010dil\u00e9 p\u0159ipojen\u00ed zaji\u0161\u0165uje p\u0159enos obrazu i nap\u00e1jen\u00ed prost\u0159ednictv\u00edm jedin\u00e9ho kabelu Type-C, \u010d\u00edm\u017e maximalizuje pohodl\u00ed a efektivitu. <\/p>\n\n<figure class=\"wp-block-image aligncenter size-large is-resized\"><a href=\"https:\/\/droix.net\/wp-content\/uploads\/2024\/03\/8.jpg\"><img decoding=\"async\" src=\"https:\/\/droix.net\/wp-content\/uploads\/2024\/03\/8-1024x420.jpg\" alt=\"Vyu&#x17E;ijte pokro&#x10D;il&#xE9; mo&#x17E;nosti rozhran&#xED; Thunderbolt 3, 4 nebo USB 3.1 DP ALT-MODE ve sv&#xE9;m chytr&#xE9;m telefonu a bez probl&#xE9;m&#x16F; se p&#x159;ipojte k p&#x159;enosn&#xE9;mu monitoru DroiX PM13 pro v&#xFD;stup videa i nap&#xE1;jen&#xED;. Vyu&#x17E;ijte port Type-C s podporou re&#x17E;imu DP ALT-MODE ve sv&#xE9;m chytr&#xE9;m telefonu pro zefektivn&#x11B;n&#xED; pr&#xE1;ce s jedin&#xFD;m kabelem, kter&#xFD; zaji&#x161;&#x165;uje p&#x159;enos videa i nap&#xE1;jen&#xED;. \" class=\"wp-image-182197\" style=\"width:900px;height:auto\"\/><\/a><\/figure>\n\n<p>K p\u0159enosn\u00e9mu monitoru DroiX PM13 snadno p\u0159ipoj\u00edte notebook se syst\u00e9mem Windows pomoc\u00ed port\u016f HDMI a Type-C pro bezprobl\u00e9mov\u00fd p\u0159enos obrazu a nap\u00e1jen\u00ed. Port Type-C podporuje nap\u00e1jen\u00ed (PD), zat\u00edmco port HDMI zaji\u0161\u0165uje obrazov\u00fd v\u00fdstup ve vysok\u00e9m rozli\u0161en\u00ed, tak\u017ee si m\u016f\u017eete bez probl\u00e9m\u016f u\u017e\u00edvat vy\u0161\u0161\u00ed produktivitu a z\u00e1bavu. <\/p>\n\n<figure class=\"wp-block-image aligncenter size-large\"><a href=\"https:\/\/droix.net\/wp-content\/uploads\/2024\/03\/9.jpg\"><img decoding=\"async\" src=\"https:\/\/droix.net\/wp-content\/uploads\/2024\/03\/9-1024x420.jpg\" alt=\"Vyu&#x17E;ijte pokro&#x10D;il&#xE9; mo&#x17E;nosti rozhran&#xED; Thunderbolt 3, 4 nebo USB 3.1 DP ALT-MODE ve sv&#xE9;m chytr&#xE9;m telefonu a bez probl&#xE9;m&#x16F; se p&#x159;ipojte k p&#x159;enosn&#xE9;mu monitoru DroiX PM13 pro v&#xFD;stup videa i nap&#xE1;jen&#xED;. Vyu&#x17E;ijte port Type-C s podporou re&#x17E;imu DP ALT-MODE ve sv&#xE9;m chytr&#xE9;m telefonu pro zefektivn&#x11B;n&#xED; pr&#xE1;ce s jedin&#xFD;m kabelem, kter&#xFD; zaji&#x161;&#x165;uje p&#x159;enos videa i nap&#xE1;jen&#xED;. \" class=\"wp-image-182198\"\/><\/a><\/figure>\n\n<p>Vyu\u017eijte pokro\u010dil\u00e9 mo\u017enosti rozhran\u00ed Thunderbolt 3, 4 nebo USB 3.1 DP ALT-MODE ve sv\u00e9m chytr\u00e9m telefonu a bez probl\u00e9m\u016f se p\u0159ipojte k p\u0159enosn\u00e9mu monitoru DroiX PM13 pro v\u00fdstup videa i nap\u00e1jen\u00ed. Vyu\u017eit\u00edm portu Type-C s podporou DP ALT-MODE ve smartphonu si m\u016f\u017eete vychutnat zjednodu\u0161en\u00fd z\u00e1\u017eitek s jedin\u00fdm kabelem, kter\u00fd zvl\u00e1dne p\u0159enos videa i nap\u00e1jen\u00ed. <\/p>\n\n<figure class=\"wp-block-image aligncenter size-large\"><a href=\"https:\/\/droix.net\/wp-content\/uploads\/2024\/03\/11.jpg\"><img decoding=\"async\" src=\"https:\/\/droix.net\/wp-content\/uploads\/2024\/03\/11-1024x420.jpg\" alt=\"P&#x159;enosn&#xFD; monitor DroiX PM13 lze p&#x159;ipojit r&#x16F;zn&#xFD;mi zp&#x16F;soby: p&#x159;es USB, ActiveDP, DisplayPort p&#x159;es USB, porty Thunderbolt USB a protokol USB 4 pro v&#xFD;stup videa, co&#x17E; zaji&#x161;&#x165;uje v&#x161;estrann&#xE9; mo&#x17E;nosti p&#x159;ipojen&#xED;.\" class=\"wp-image-182199\"\/><\/a><\/figure>\n\n<figure class=\"wp-block-image aligncenter size-large\"><a href=\"https:\/\/droix.net\/wp-content\/uploads\/2024\/03\/12.jpg\"><img decoding=\"async\" src=\"https:\/\/droix.net\/wp-content\/uploads\/2024\/03\/12-1024x420.jpg\" alt=\"&#x10C;asto kladen&#xE9; dotazy k p&#x159;enosn&#xE9;mu monitoru DroiX PM13\" class=\"wp-image-182200\"\/><\/a><\/figure>\n\n<h3 class=\"wp-block-heading\"><strong>Z\u00e1v\u011br<\/strong><\/h3>\n\n<p>DroiX PM13 nov\u011b definuje podstatu p\u0159enosn\u00fdch monitor\u016f, proto\u017ee kombinuje vysok\u00e9 rozli\u0161en\u00ed, vynikaj\u00edc\u00ed p\u0159enosnost a rozs\u00e1hlou kompatibilitu v elegantn\u00edm, u\u017eivatelsky p\u0159\u00edv\u011btiv\u00e9m designu. Je vytvo\u0159en pro ty, kte\u0159\u00ed odm\u00edtaj\u00ed d\u011blat kompromisy v kvalit\u011b a funk\u010dnosti, a to i na cest\u00e1ch. P\u0159ijm\u011bte budoucnost p\u0159enosn\u00fdch monitor\u016f s monitorem DroiX PM13 a vyzkou\u0161ejte si na vlastn\u00ed k\u016f\u017ei dokonalou kombinaci inovac\u00ed a pohodl\u00ed.  <\/p>\n\n<p>Nenechte si uj\u00edt p\u0159\u00edle\u017eitost vylep\u0161it sv\u00e9 z\u00e1\u017eitky s p\u0159enosn\u00fdm monitorem DroiX PM13. P\u0159edobjednejte si jej nyn\u00ed a zajist\u011bte si m\u00edsto mezi prvn\u00edmi, kte\u0159\u00ed si budou moci u\u017e\u00edvat toto p\u0159evratn\u00e9 za\u0159\u00edzen\u00ed. Vzhledem k omezen\u00e9 dostupnosti m\u00e1te \u0161anci p\u0159edb\u011bhnout a vyzkou\u0161et si \u0161pi\u010dkovou technologii p\u0159enosn\u00fdch monitor\u016f. Objednejte si p\u0159enosn\u00fd monitor DroiX PM13 je\u0161t\u011b dnes!   <\/p>\n","protected":false},"excerpt":{"rendered":"<ul>\n<li>13&#8243;<strong> IPS<\/strong> displej s rozli\u0161en\u00edm 2K<\/li>\n<li>100% pokryt\u00ed<strong> sRGB<\/strong> <\/li>\n<li>Jas 450 <strong>nit\u016f<\/strong> <\/li>\n<li>Dr\u017e\u00e1k<strong> VESA<\/strong> 75&#215;75 mm<\/li>\n<li> <strong> Vestav\u011bn\u00e9<\/strong> reproduktory<\/li>\n<\/ul>\n<p> [cg_accordion title=\"INFORMACE O PLATB\u011a\"] Pou\u017e\u00edv\u00e1me nejnov\u011bj\u0161\u00ed technologii zpracov\u00e1n\u00ed plateb, kter\u00e1 v\u00e1m umo\u017en\u00ed prov\u00e9st platbu prost\u0159ednictv\u00edm debetn\u00ed\/kreditn\u00ed karty nebo slu\u017eby PayPal, co\u017e je rychl\u00e9 a bezpe\u010dn\u00e9.[\/cg_accordion] [cg_accordion title=\"Z\u00c1RUKA\"] Z\u00e1ruka 1 nebo 2 roky* od <a href=\"https:\/\/droix.net\/\" target=\"_blank\" rel=\"nofollow noopener\">DroiX Global<\/a> pro v\u00e1\u0161 klid.[\/cg_accordion] [cg_accordion title=\"DOPRAVA A DAN\u011a\"] <strong><u>Pozn\u00e1mka:<\/u><\/strong> Z\u00e1kazn\u00edci ze Spojen\u00fdch st\u00e1t\u016f: Z\u00e1kazn\u00edci: Zobrazen\u00e1 cena zahrnuje v\u0161echny p\u0159\u00edslu\u0161n\u00e9 dan\u011b. Z\u00e1kazn\u00edci z EU: V z\u00e1vislosti na zemi, ve kter\u00e9 se nach\u00e1z\u00edte, m\u016f\u017ee b\u00fdt zobrazen\u00e1 cena v\u010detn\u011b p\u0159\u00edslu\u0161n\u00e9 dan\u011b a\u017e 25 %. Z\u00e1kazn\u00edci z Kanady: Zobrazen\u00e1 cena zahrnuje 5 % GST. P\u0159epravu a vr\u00e1cen\u00ed zbo\u017e\u00ed zaji\u0161\u0165uje spole\u010dnost <a href=\"https:\/\/droix.net\/\" target=\"_blank\" rel=\"nofollow noopener\">DroiX<\/a>, ofici\u00e1ln\u00ed distributor GPD. Nab\u00edz\u00edme rychlou p\u0159epravu DHL Express DDP (Delivered Duty Paid). Ve\u0161ker\u00e1 cla a dan\u011b jsou zahrnuty v zobrazen\u00e9 cen\u011b &#8211; p\u0159i doru\u010den\u00ed nebudou vy\u017eadov\u00e1ny \u017e\u00e1dn\u00e9 dal\u0161\u00ed platby. Pokud se vyskytnou jak\u00e9koli celn\u00ed probl\u00e9my, n\u00e1\u0161 t\u00fdm vy\u0159\u00edd\u00ed celn\u00ed \u0159\u00edzen\u00ed va\u0161\u00edm jm\u00e9nem. D\u016fle\u017eit\u00e9: V p\u0159\u00edpad\u011b vr\u00e1cen\u00ed zbo\u017e\u00ed a zm\u011bny n\u00e1zoru nelze dan\u011b a cla zaplacen\u00e9 va\u0161\u00edm jm\u00e9nem vr\u00e1tit vzhledem k podm\u00ednk\u00e1m p\u0159epravy DDP. Podrobn\u00e9 informace naleznete v na\u0161ich <a href=\"https:\/\/gpdstore.net\/cs\/terms-of-service\/\" target=\"_blank\" rel=\"nofollow noopener\">obchodn\u00edch podm\u00ednk\u00e1ch<\/a>.        [\/cg_accordion] [cg_accordion title=\"WHAT'S INCLUDED\"]<\/p>\n<ul>\n<li>1x p\u0159enosn\u00fd monitor DroiX PM13<\/li>\n<li>1x nap\u00e1jec\u00ed z\u00e1str\u010dka (EU\/USA)<\/li>\n<li>1x kabel HDMI<\/li>\n<li>1x kabel USB typu C<\/li>\n<li>1x kabel USB typu A na typ C<\/li>\n<li>1x ochrann\u00e9 pouzdro<\/li>\n<li>1x u\u017eivatelsk\u00e1 p\u0159\u00edru\u010dka<\/li>\n<\/ul>\n<p>[\/cg_accordion]<\/p>\n","protected":false},"featured_media":818475,"template":"","meta":{"_acf_changed":false},"product_brand":[],"product_cat":[5475],"product_tag":[12723,5477],"woo-feed-brand":[5478],"class_list":{"0":"post-50068","1":"product","2":"type-product","3":"status-publish","4":"has-post-thumbnail","6":"product_cat-prenosne-monitory-cs","7":"product_tag-25bfsale-cs","8":"product_tag-droix-portable-monitor-cs","9":"product_shipping_class-low-end","10":"pa_brand-droix","11":"woo-feed-brand-droix-cs","13":"first","14":"instock","15":"sale","16":"taxable","17":"shipping-taxable","18":"purchasable","19":"product-type-variable","20":"has-default-attributes"},"acf":[],"aioseo_notices":[],"_links":{"self":[{"href":"https:\/\/gpdstore.net\/cs\/wp-json\/wp\/v2\/product\/50068","targetHints":{"allow":["GET"]}}],"collection":[{"href":"https:\/\/gpdstore.net\/cs\/wp-json\/wp\/v2\/product"}],"about":[{"href":"https:\/\/gpdstore.net\/cs\/wp-json\/wp\/v2\/types\/product"}],"wp:featuredmedia":[{"embeddable":true,"href":"https:\/\/gpdstore.net\/cs\/wp-json\/wp\/v2\/media\/818475"}],"wp:attachment":[{"href":"https:\/\/gpdstore.net\/cs\/wp-json\/wp\/v2\/media?parent=50068"}],"wp:term":[{"taxonomy":"product_brand","embeddable":true,"href":"https:\/\/gpdstore.net\/cs\/wp-json\/wp\/v2\/product_brand?post=50068"},{"taxonomy":"product_cat","embeddable":true,"href":"https:\/\/gpdstore.net\/cs\/wp-json\/wp\/v2\/product_cat?post=50068"},{"taxonomy":"product_tag","embeddable":true,"href":"https:\/\/gpdstore.net\/cs\/wp-json\/wp\/v2\/product_tag?post=50068"},{"taxonomy":"woo-feed-brand","embeddable":true,"href":"https:\/\/gpdstore.net\/cs\/wp-json\/wp\/v2\/woo-feed-brand?post=50068"}],"curies":[{"name":"wp","href":"https:\/\/api.w.org\/{rel}","templated":true}]}}