{"id":351536,"date":"2024-08-12T15:14:19","date_gmt":"2024-08-12T15:14:19","guid":{"rendered":"https:\/\/gpdstore.net\/neza\u0159azen\u00e9\/droix-nh8-usb-hub-s-nvme\/"},"modified":"2025-12-23T10:13:44","modified_gmt":"2025-12-23T10:13:44","slug":"droix-nh8-nvme-usb-hub","status":"publish","type":"product","link":"https:\/\/gpdstore.net\/cs\/product\/droix-nh8-nvme-usb-hub\/","title":{"rendered":"DroiX NH8 USB Hub s NVMe"},"content":{"rendered":"\n<h3 class=\"wp-block-heading\">P\u0159edstavujeme rozbo\u010dova\u010d DroiX NH8 se slotem NVMe: va\u0161e dokonal\u00e9 \u0159e\u0161en\u00ed p\u0159ipojen\u00ed!<\/h3>\n\n<h3 class=\"wp-block-heading\">Bleskov\u011b rychl\u00fd gigabitov\u00fd Ethernet<\/h3>\n\n<p>Vstupte do budoucnosti internetov\u00e9ho p\u0159ipojen\u00ed s rozbo\u010dova\u010dem DroiX NH8! Tento rozbo\u010dova\u010d s robustn\u00edm portem 10\/100\/1000M RJ45 Gigabit Ethernet poskytuje bleskurychl\u00e9, stabiln\u00ed a mimo\u0159\u00e1dn\u011b spolehliv\u00e9 p\u0159ipojen\u00ed k internetu. A\u0165 u\u017e hrajete hry, streamujete nebo vedete d\u016fle\u017eit\u00fd videohovor, za\u017eijte plynul\u00fd v\u00fdkon bez zpo\u017ed\u011bn\u00ed, kter\u00fd m\u016f\u017ee poskytnout pouze kabelov\u00e9 p\u0159ipojen\u00ed. Rozlu\u010dte se s probl\u00e9my s Wi-Fi a p\u0159iv\u00edtejte konzistentn\u00ed vysokorychlostn\u00ed p\u0159\u00edstup!   <\/p>\n\n<h3 class=\"wp-block-heading\">\u00dachvatn\u00fd v\u00fdstup videa<\/h3>\n\n<p>Zm\u011b\u0148te sv\u016fj vizu\u00e1ln\u00ed z\u00e1\u017eitek d\u00edky podpo\u0159e HDMI 2.0 v rozbo\u010dova\u010di DroiX NH8. A\u0165 u\u017e se pono\u0159\u00edte do filmu v rozli\u0161en\u00ed 4K, prezentujete klientovi nebo hrajete hry ve vysok\u00e9m rozli\u0161en\u00ed, rozbo\u010dova\u010d poskytuje ohromuj\u00edc\u00ed obraz v rozli\u0161en\u00ed 4096 \u00d7 2160 s plynulou obnovovac\u00ed frekvenc\u00ed 60 Hz. P\u0159ipravte se, \u017ee v\u00e1s uchv\u00e1t\u00ed \u017eiv\u00e9 barvy a ostr\u00e9 detaily, kter\u00e9 v\u00e1s pohlt\u00ed v ka\u017ed\u00e9m sn\u00edmku.  <\/p>\n\n<h3 class=\"wp-block-heading\">Roz\u0161\u00ed\u0159en\u00ed \u00falo\u017ei\u0161t\u011b bez n\u00e1mahy<\/h3>\n\n<p>Doch\u00e1z\u00ed v\u00e1m \u00falo\u017ei\u0161t\u011b? Rozbo\u010dova\u010d DroiX NH8 v\u00e1m pom\u016f\u017ee. D\u00edky vestav\u011bn\u00e9mu slotu PCIe NVMe nebylo roz\u0161\u00ed\u0159en\u00ed \u00falo\u017ei\u0161t\u011b nikdy jednodu\u0161\u0161\u00ed. Tento slot je ide\u00e1ln\u00ed pro vysoce v\u00fdkonn\u00e9 aplikace nebo \u00falo\u017ei\u0161t\u011b velk\u00fdch soubor\u016f a podporuje bleskov\u011b rychl\u00fd p\u0159enos dat, \u010d\u00edm\u017e zaji\u0161\u0165uje plynul\u00fd a efektivn\u00ed chod va\u0161eho syst\u00e9mu. P\u0159izp\u016fsobte si \u00falo\u017ei\u0161t\u011b sv\u00fdm pot\u0159eb\u00e1m a udr\u017eujte za\u0159\u00edzen\u00ed v co nejlep\u0161\u00edm v\u00fdkonu.    <\/p>\n\n<h3 class=\"wp-block-heading\">Vysokorychlostn\u00ed p\u0159enos dat<\/h3>\n\n<p>Pot\u0159ebujete bleskov\u011b p\u0159en\u00e9st velk\u00e9 soubory? Rozbo\u010dova\u010d DroiX NH8 je vybaven portem USB typu A 3.0, kter\u00fd zaji\u0161\u0165uje rychl\u00fd p\u0159enos dat, tak\u017ee spr\u00e1va soubor\u016f je hra\u010dka. A\u0165 u\u017e p\u0159ipojujete perifern\u00ed za\u0159\u00edzen\u00ed, nab\u00edj\u00edte za\u0159\u00edzen\u00ed nebo p\u0159en\u00e1\u0161\u00edte data, tento rozbo\u010dova\u010d zajist\u00ed, \u017ee v\u0161e prob\u011bhne rychle a efektivn\u011b, a u\u0161et\u0159\u00ed v\u00e1m tak drahocenn\u00fd \u010das.  <\/p>\n\n<h3 class=\"wp-block-heading\">Univerz\u00e1ln\u00ed kompatibilita s USB typu C<\/h3>\n\n<p>Rozbo\u010dova\u010d DroiX NH8 je vybaven univerz\u00e1ln\u00edm kabelem USB typu C, kter\u00fd nab\u00edz\u00ed univerz\u00e1ln\u00ed kompatibilitu s celou \u0159adou za\u0159\u00edzen\u00ed. Tento univerz\u00e1ln\u00ed kabel podporuje nejen rychl\u00fd p\u0159enos dat, ale tak\u00e9 efektivn\u00ed nab\u00edjen\u00ed, co\u017e z n\u011bj \u010din\u00ed nepostradateln\u00e9ho spole\u010dn\u00edka pro va\u0161e pot\u0159eby p\u0159ipojen\u00ed. U\u017e \u017e\u00e1dn\u00e9 t\u00e1p\u00e1n\u00ed s n\u011bkolika kabely &#8211; z\u016fsta\u0148te snadno p\u0159ipojeni.  <\/p>\n\n<h3 class=\"wp-block-heading\">Bezprobl\u00e9mov\u00fd p\u0159\u00edstup k m\u00e9di\u00edm<\/h3>\n\n<p>Pomoc\u00ed integrovan\u00e9 \u010dte\u010dky karet SD v rozbo\u010dova\u010di DroiX NH8 m\u016f\u017eete snadno p\u0159istupovat k m\u00e9di\u00edm a p\u0159en\u00e1\u0161et je. Tato funkce podporuje karty Micro SD i SD a umo\u017e\u0148uje rychl\u00e9 z\u00e1lohov\u00e1n\u00ed nebo p\u0159\u00edstup k soubor\u016fm, a\u0165 u\u017e jde o fotografie, videa nebo d\u016fle\u017eit\u00e9 dokumenty. Pohodl\u00ed je\u0161t\u011b nikdy nebylo tak dostupn\u00e9.  <\/p>\n\n<h3 class=\"wp-block-heading\">Bezkonkuren\u010dn\u00ed v\u0161estrannost<\/h3>\n\n<p>Rozbo\u010dova\u010d DroiX NH8 vynik\u00e1 svou bezkonkuren\u010dn\u00ed v\u0161estrannost\u00ed. Tento rozbo\u010dova\u010d je navr\u017een pro bezprobl\u00e9movou spolupr\u00e1ci s \u0161irokou \u0161k\u00e1lou za\u0159\u00edzen\u00ed USB typu C &#8211; a\u0165 u\u017e se jedn\u00e1 o po\u010d\u00edta\u010de, mini po\u010d\u00edta\u010de, notebooky, p\u0159enosn\u00e1 hern\u00ed za\u0159\u00edzen\u00ed nebo dal\u0161\u00ed &#8211; a p\u0159izp\u016fsob\u00ed se va\u0161im pot\u0159eb\u00e1m a poskytuje \u0161pi\u010dkov\u00fd v\u00fdkon ve v\u0161ech oblastech. Nen\u00ed to jen rozbo\u010dova\u010d, je to v\u00fdkonn\u00fd zdroj p\u0159ipojen\u00ed.  <\/p>\n\n<h3 class=\"wp-block-heading\">Z\u00e1v\u011br: Zlep\u0161ete sv\u00e9 zku\u0161enosti s p\u0159ipojen\u00edm<\/h3>\n\n<p>Rozbo\u010dova\u010d DroiX NH8 je v\u00edc ne\u017e jen n\u00e1stroj pro p\u0159ipojen\u00ed; je to komplexn\u00ed \u0159e\u0161en\u00ed navr\u017een\u00e9 tak, aby spl\u0148ovalo rozmanit\u00e9 pot\u0159eby dne\u0161n\u00edch technicky zdatn\u00fdch u\u017eivatel\u016f. Ka\u017ed\u00e1 funkce je odrazem \u0161pi\u010dkov\u00e9ho designu, v\u00fdjime\u010dn\u00e9ho v\u00fdkonu a pokrokov\u00e9ho p\u0159\u00edstupu k p\u0159ipojen\u00ed. Pozvedn\u011bte sv\u00e9 zku\u0161enosti a zm\u011b\u0148te zp\u016fsob, jak\u00fdm se p\u0159ipojujete, s rozbo\u010dova\u010dem DroiX NH8!  <\/p>\n\n<p>V\u00edce informac\u00ed najdete v na\u0161em pr\u016fvodci <strong>Za\u010d\u00edn\u00e1me s rozbo\u010dova\u010dem USB Droix NH8<\/strong>.<\/p>\n\n<p><\/p>\n","protected":false},"excerpt":{"rendered":"<ul>\n<li>DroiX<strong> NH8 <\/strong>USB Hub s NVMe<\/li>\n<li><strong>10\/100\/1000M<\/strong> Gigabit Ethernet<\/li>\n<li><strong>Vestav\u011bn\u00fd slot PCIe NVMe pro<\/strong> roz\u0161\u00ed\u0159en\u00ed \u00falo\u017ei\u0161t\u011b<\/li>\n<li><strong>V\u00fdstup na displej 4K<\/strong> p\u0159es HDMI<\/li>\n<li><strong>Slot pro karty MicroSD \/ SD<\/strong> &#8211; a\u017e 5 Gb\/s<\/li>\n<\/ul>\n[cg_accordion title=\"INFORMACE O PLATB\u011a\"]<\/p>\n<p>Pou\u017e\u00edv\u00e1me nejnov\u011bj\u0161\u00ed technologii zpracov\u00e1n\u00ed plateb, kter\u00e1 v\u00e1m umo\u017en\u00ed prov\u00e9st platbu prost\u0159ednictv\u00edm debetn\u00ed\/kreditn\u00ed karty nebo slu\u017eby PayPal, co\u017e je rychl\u00e9 a bezpe\u010dn\u00e9.[\/cg_accordion]\n[cg_accordion title=\"Z\u00c1RUKA\"]<\/p>\n<p>2 roky z\u00e1ruky od spole\u010dnosti <a href=\"https:\/\/droix.net\/\" target=\"_blank\" rel=\"nofollow noopener\">DROIX Global pro<\/a> v\u00e1\u0161 klid.[\/cg_accordion]\n[cg_accordion title=\"ZAJI\u0160T\u011aN\u00cd KVALITY A P\u0158EDEXPEDI\u010cN\u00cd TESTOV\u00c1N\u00cd\"]<\/p>\n<p>Zaji\u0161t\u011bn\u00ed spokojenosti z\u00e1kazn\u00edk\u016f na nejvy\u0161\u0161\u00ed \u00farovni: P\u0159ed odesl\u00e1n\u00edm proch\u00e1z\u00ed ka\u017ed\u00e9 za\u0159\u00edzen\u00ed p\u0159\u00edsn\u00fdm testov\u00e1n\u00edm a v\u00edcebodovou kontrolou kvality. N\u00e1\u0161 specializovan\u00fd t\u00fdm ov\u011b\u0159uje v\u00fdkon, funk\u010dnost a integritu sou\u010d\u00e1st\u00ed, aby bylo zaru\u010deno, \u017ee va\u0161e za\u0159\u00edzen\u00ed GPD je p\u0159i doru\u010den\u00ed v perfektn\u00edm funk\u010dn\u00edm stavu, co\u017e v\u00e1m poskytne jistotu a klid. [\/cg_accordion]\n[cg_accordion title=\"CENY, DAN\u011a A DOPRAVA\"]<\/p>\n<p><strong><u>Pozn\u00e1mka:<\/u><\/strong><\/p>\n<ul>\n<li>Z\u00e1kazn\u00edci ze Spojen\u00fdch st\u00e1t\u016f: Z\u00e1kazn\u00edci: Zobrazen\u00e1 cena NEZAHRNUJE DAN\u011a ani cla. Odpov\u011bdnost za celn\u00ed odbaven\u00ed a zaplacen\u00ed souvisej\u00edc\u00ed dan\u011b\/celn\u00ed sazby nese z\u00e1kazn\u00edk. <\/li>\n<li>Z\u00e1kazn\u00edci z EU: V zobrazen\u00e9 cen\u011b je zahrnuta p\u0159\u00edslu\u0161n\u00e1 DA\u0147, kter\u00e1 m\u016f\u017ee \u010dinit a\u017e 25 % v z\u00e1vislosti na va\u0161\u00ed zemi.<\/li>\n<li>Z\u00e1kazn\u00edci z Kanady: V z\u00e1vislosti na va\u0161\u00ed provincii m\u016f\u017ee zobrazen\u00e1 cena zahrnovat p\u0159\u00edslu\u0161n\u00e9 dan\u011b, kter\u00e9 mohou zahrnovat 5% GST a dal\u0161\u00ed provin\u010dn\u00ed dan\u011b z prodeje (PST), harmonizovanou da\u0148 z prodeje (HST) nebo quebeckou da\u0148 z prodeje (QST).<\/li>\n<\/ul>\n<p><strong>Pouze pro z\u00e1kazn\u00edky z EU:<\/strong> Expresn\u00ed DDP (Delivered Duty Paid). To znamen\u00e1: <\/p>\n<ul>\n<li>Ve\u0161ker\u00e1 cla a dan\u011b jsou zahrnuty v cen\u011b uveden\u00e9 na str\u00e1nce produktu.<\/li>\n<li>P\u0159i doru\u010den\u00ed nemus\u00edte platit \u017e\u00e1dn\u00e9 dal\u0161\u00ed poplatky.<\/li>\n<li>Ve v\u00fdjime\u010dn\u00fdch p\u0159\u00edpadech, kdy se vyskytnou probl\u00e9my souvisej\u00edc\u00ed s celn\u00edm \u0159\u00edzen\u00edm, se n\u00e1\u0161 t\u00fdm postar\u00e1 o celn\u00ed odbaven\u00ed va\u0161\u00edm jm\u00e9nem, aby bylo doru\u010den\u00ed bezprobl\u00e9mov\u00e9.<\/li>\n<p>D\u016fle\u017eit\u00e9 informace o vr\u00e1cen\u00ed zbo\u017e\u00ed:<\/p>\n<li>Pokud se rozhodnete objedn\u00e1vku vr\u00e1tit nebo po\u017e\u00e1dat o vr\u00e1cen\u00ed pen\u011bz, m\u011bjte na pam\u011bti, \u017ee dan\u011b a cla zaplacen\u00e9 za v\u00e1s podle podm\u00ednek DDP nelze vr\u00e1tit.<\/li>\n<p>Podrobn\u00e9 informace naleznete v na\u0161ich <a href=\"https:\/\/droix.net\/terms-and-conditions\/\" target=\"_blank\" rel=\"nofollow noopener\">smluvn\u00edch podm\u00ednk\u00e1ch<\/a>.\n<\/ul>\n<p>[\/cg_accordion]\n[cg_accordion title=\"Z\u00c1KAZNICK\u00c1 PODPORA\"]<\/p>\n<p>M\u00e1te dotaz? V\u00e1\u0161 probl\u00e9m vy\u0159e\u0161\u00edme kr\u00e1tkou textovou zpr\u00e1vou! <\/p>\n<p>Podrobn\u00e9 informace naleznete v na\u0161ich <a href=\"https:\/\/gpdstore.net\/cs\/terms-of-service\/\" target=\"_blank\" rel=\"nofollow noopener\">smluvn\u00edch podm\u00ednk\u00e1ch<\/a>.\n<\/ul>\n<p>[\/cg_accordion]\n[cg_accordion title=\"CO JE SOU\u010c\u00c1ST\u00cd BALEN\u00cd\"]<\/p>\n<ul>\n<li>1x DroiX NH8 USB Hub s NVMe<\/li>\n<\/ul>\n<p>[\/cg_accordion]\n","protected":false},"featured_media":218763,"template":"","meta":{"_acf_changed":false},"product_brand":[],"product_cat":[5402],"product_tag":[18422,6969],"woo-feed-brand":[5478],"class_list":{"0":"post-351536","1":"product","2":"type-product","3":"status-publish","4":"has-post-thumbnail","6":"product_cat-prislusenstvi","7":"product_tag-40xmsale-cs","8":"product_tag-droix-hub-cs","9":"product_shipping_class-low-end","10":"pa_brand-droix","11":"pa_i-o-video-1x-hdmi-cs","12":"woo-feed-brand-droix-cs","14":"first","15":"outofstock","16":"sale","17":"taxable","18":"shipping-taxable","19":"purchasable","20":"product-type-variable","21":"has-default-attributes"},"acf":[],"aioseo_notices":[],"_links":{"self":[{"href":"https:\/\/gpdstore.net\/cs\/wp-json\/wp\/v2\/product\/351536","targetHints":{"allow":["GET"]}}],"collection":[{"href":"https:\/\/gpdstore.net\/cs\/wp-json\/wp\/v2\/product"}],"about":[{"href":"https:\/\/gpdstore.net\/cs\/wp-json\/wp\/v2\/types\/product"}],"wp:featuredmedia":[{"embeddable":true,"href":"https:\/\/gpdstore.net\/cs\/wp-json\/wp\/v2\/media\/218763"}],"wp:attachment":[{"href":"https:\/\/gpdstore.net\/cs\/wp-json\/wp\/v2\/media?parent=351536"}],"wp:term":[{"taxonomy":"product_brand","embeddable":true,"href":"https:\/\/gpdstore.net\/cs\/wp-json\/wp\/v2\/product_brand?post=351536"},{"taxonomy":"product_cat","embeddable":true,"href":"https:\/\/gpdstore.net\/cs\/wp-json\/wp\/v2\/product_cat?post=351536"},{"taxonomy":"product_tag","embeddable":true,"href":"https:\/\/gpdstore.net\/cs\/wp-json\/wp\/v2\/product_tag?post=351536"},{"taxonomy":"woo-feed-brand","embeddable":true,"href":"https:\/\/gpdstore.net\/cs\/wp-json\/wp\/v2\/woo-feed-brand?post=351536"}],"curies":[{"name":"wp","href":"https:\/\/api.w.org\/{rel}","templated":true}]}}