{"id":350567,"date":"2024-08-22T08:22:33","date_gmt":"2024-08-22T08:22:33","guid":{"rendered":"https:\/\/gpdstore.net\/neza\u0159azen\u00e9\/mini-notebook-gpd-p2-max-2022\/"},"modified":"2025-12-23T10:05:35","modified_gmt":"2025-12-23T10:05:35","slug":"gpd-p2-max-2022-mini-laptop","status":"publish","type":"product","link":"https:\/\/gpdstore.net\/cs\/product\/gpd-p2-max-2022-mini-laptop\/","title":{"rendered":"GPD P2 Max 2022 Mini notebook"},"content":{"rendered":"\n<figure class=\"wp-block-image aligncenter\"><a href=\"https:\/\/droix.net\/wp-content\/uploads\/2022\/01\/GPD-P2-MAX-2022-MARKETING-IMAGE-1.png\"><img decoding=\"async\" src=\"https:\/\/droix.net\/wp-content\/uploads\/2022\/01\/GPD-P2-MAX-2022-MARKETING-IMAGE-1.png\" alt=\"GPD P2 Max 2022 Ultrabook se stylusem\" class=\"wp-image-10581\"\/><\/a><\/figure>\n\n<figure class=\"wp-block-image aligncenter\"><a href=\"https:\/\/droix.net\/wp-content\/uploads\/2022\/01\/GPD-P2-MAX-2022-MARKETING-IMAGE-2.png\"><img decoding=\"async\" src=\"https:\/\/droix.net\/wp-content\/uploads\/2022\/01\/GPD-P2-MAX-2022-MARKETING-IMAGE-2.png\" alt=\"GPD P2 Max 2022 Ultrabook zobrazuj&#xED;c&#xED; kl&#xE1;vesnici\" class=\"wp-image-10582\"\/><\/a><\/figure>\n\n<figure class=\"wp-block-image aligncenter\"><a href=\"https:\/\/droix.net\/wp-content\/uploads\/2022\/01\/GPD-P2-MAX-2022-MARKETING-IMAGE-3.png\"><img decoding=\"async\" src=\"https:\/\/droix.net\/wp-content\/uploads\/2022\/01\/GPD-P2-MAX-2022-MARKETING-IMAGE-3.png\" alt=\"GPD P2 Max 2022 Ultrabook se sn&#xED;ma&#x10D;em otisk&#x16F; prst&#x16F;\" class=\"wp-image-10583\"\/><\/a><\/figure>\n\n<figure class=\"wp-block-image aligncenter\"><a href=\"https:\/\/droix.net\/wp-content\/uploads\/2022\/01\/GPD-P2-MAX-2022-MARKETING-IMAGE-4.png\"><img decoding=\"async\" src=\"https:\/\/droix.net\/wp-content\/uploads\/2022\/01\/GPD-P2-MAX-2022-MARKETING-IMAGE-4.png\" alt=\"GPD P2 Max 2022 Ultrabook s procesorem\" class=\"wp-image-10584\"\/><\/a><\/figure>\n\n<figure class=\"wp-block-image aligncenter\"><a href=\"https:\/\/droix.net\/wp-content\/uploads\/2022\/01\/GPD-P2-MAX-2022-MARKETING-IMAGE-5.png\"><img decoding=\"async\" src=\"https:\/\/droix.net\/wp-content\/uploads\/2022\/01\/GPD-P2-MAX-2022-MARKETING-IMAGE-5.png\" alt=\"GPD P2 Max 2022 Ultrabook zobrazuj&#xED;c&#xED; usb c\" class=\"wp-image-10585\"\/><\/a><\/figure>\n\n<p><span data-contrast=\"none\">Osv\u011b\u017een\u00ed obl\u00edben\u00e9ho ultrabooku je tady! Na sc\u00e9nu p\u0159ich\u00e1z\u00ed <strong>GPD P2 Max 2022<\/strong> s \u0159adou vylep\u0161en\u00ed, kter\u00e1 jej udr\u017euj\u00ed v aktu\u00e1ln\u00edm stavu a odpov\u00eddaj\u00ed sou\u010dasn\u00e9 dob\u011b! Je to ide\u00e1ln\u00ed spole\u010dn\u00edk pro dlouh\u00e9 doj\u00ed\u017ed\u011bn\u00ed do pr\u00e1ce, spisovatele na cest\u00e1ch a pro v\u0161echny dal\u0161\u00ed situace.  <\/span><\/p>\n\n<p><span data-contrast=\"none\">Srdcem po\u010d\u00edta\u010de <strong>P2 Max 2022<\/strong> je procesor Intel Pentium N6000. Tento \u010dty\u0159j\u00e1drov\u00fd procesor kombinuje energetickou \u00fa\u010dinnost s \u00factyhodn\u00fdm v\u00fdkonem. Pohodln\u011b zvl\u00e1dne v\u0161echny ka\u017edodenn\u00ed \u00fakoly, kter\u00e9 na n\u011bj budou kladeny.  <\/span><\/p>\n\n<p><span data-contrast=\"none\"><strong>16 GB pam\u011bti LPDDR4x RAM<\/strong> zaji\u0161\u0165uje stabiln\u00ed a spolehliv\u00fd v\u00fdkon p\u0159i multitaskingu a tvorb\u011b\/editaci obsahu. V kombinaci s <strong>1 TB rychl\u00e9ho<\/strong> \u00falo\u017ei\u0161t\u011b <strong>NVMe<\/strong> z\u00edsk\u00e1te \u00fa\u017easn\u011b flexibiln\u00ed a z\u00e1rove\u0148 vysoce p\u0159enosnou pracovn\u00ed stanici. <\/span><\/p>\n\n<p><span data-contrast=\"none\">Rozm\u011brn\u00fd <strong>8,9palcov\u00fd displej<\/strong> se py\u0161n\u00ed obrovsk\u00fdm rozli\u0161en\u00edm 2560 \u00d7 1600p, kter\u00e9 v\u00e1m poskytne ostr\u00fd a jasn\u00fd obraz pro v\u0161echny va\u0161e po\u0159ady, fotografie, videa a dal\u0161\u00ed. Tento displej je tak\u00e9 <strong>citliv\u00fd na dotyk<\/strong> a lze jej pou\u017e\u00edvat i se stylusy! <\/span><\/p>\n\n<p><span data-contrast=\"none\">Co se t\u00fd\u010de konektivity, m\u00e1 tento <strong>mini notebook<\/strong> k dispozici tak akor\u00e1t, ani\u017e by byl p\u0159\u00edli\u0161 objemn\u00fd. Dva porty USB typu A, port USB typu C, 3,5mm audio konektor.   <\/span><strong><span data-contrast=\"none\">a<\/span><\/strong><span data-contrast=\"none\">  a portem Micro HDMI, je P2 Max 2022 stejn\u011b pohodln\u00fd na kl\u00edn\u011b jako na dokovac\u00ed stanici! Pro ty, kte\u0159\u00ed d\u00e1vaj\u00ed p\u0159ednost bezdr\u00e1tov\u00e9mu p\u0159ipojen\u00ed, je <strong>GPD P2 Max 2022<\/strong> vybaven Wi-Fi 6 pro maxim\u00e1ln\u00ed rychlost a stabilitu s\u00edt\u011b. <\/span>.<\/p>\n\n<p><\/p>\n","protected":false},"excerpt":{"rendered":"<ul>\n<li>Procesor Intel\u00ae Pentium\u00ae Silver N6000<\/li>\n<li><strong>16GB LPDDR4x RAM<\/strong> @2933Mhz<\/li>\n<li><strong>8,9&#8243; dotykov\u00fd displej \/ sn\u00edma\u010d otisk\u016f prst\u016f<\/strong><\/li>\n<li><strong>1 TB<\/strong> PCI-E NVMe SSD<\/li>\n<li>Kompatibiln\u00ed s <strong>Windows 11<\/strong><\/li>\n<\/ul>\n<p> [cg_accordion title=\"INFORMACE O PLATB\u011a\"] Pou\u017e\u00edv\u00e1me nejnov\u011bj\u0161\u00ed technologie zpracov\u00e1n\u00ed plateb, kter\u00e9 v\u00e1m umo\u017e\u0148uj\u00ed prov\u00e9st platbu prost\u0159ednictv\u00edm Apple Pay, Google Pay, va\u0161\u00ed debetn\u00ed\/kreditn\u00ed karty, PayPal nebo metod BNPL, jako jsou Klarna, Affirm nebo AfterPay, a zajistit tak rychl\u00e9 a bezpe\u010dn\u00e9 zpracov\u00e1n\u00ed.[\/cg_accordion] [cg_accordion title=\"Z\u00c1RUKA\"] 2 roky z\u00e1ruky od spole\u010dnosti <a href=\"https:\/\/droix.net\/\" target=\"_blank\" rel=\"nofollow noopener\">DROIX Global<\/a> pro v\u00e1\u0161 klid.[\/cg_accordion] [cg_accordion title=\"PRICING, TAXES AND SHIPPING\"] <strong><u>Pozn:<\/u><\/strong><\/p>\n<ul>\n<li>Z\u00e1kazn\u00edci ze Spojen\u00fdch st\u00e1t\u016f: Z\u00e1kazn\u00edci: Zobrazen\u00e1 cena NEZAHRNUJE DAN\u011a ani cla. Odpov\u011bdnost za celn\u00ed odbaven\u00ed a zaplacen\u00ed souvisej\u00edc\u00ed dan\u011b\/celn\u00ed sazby nese z\u00e1kazn\u00edk. <\/li>\n<li>Z\u00e1kazn\u00edci z EU: V zobrazen\u00e9 cen\u011b je zahrnuta p\u0159\u00edslu\u0161n\u00e1 DA\u0147, kter\u00e1 m\u016f\u017ee \u010dinit a\u017e 25 % v z\u00e1vislosti na va\u0161\u00ed zemi.<\/li>\n<li>Z\u00e1kazn\u00edci z Kanady: V z\u00e1vislosti na va\u0161\u00ed provincii m\u016f\u017ee zobrazen\u00e1 cena zahrnovat p\u0159\u00edslu\u0161n\u00e9 dan\u011b, kter\u00e9 mohou zahrnovat 5% GST a dal\u0161\u00ed provin\u010dn\u00ed dan\u011b z prodeje (PST), harmonizovanou da\u0148 z prodeje (HST) nebo quebeckou da\u0148 z prodeje (QST).<\/li>\n<\/ul>\n<p><strong>Pouze pro z\u00e1kazn\u00edky z EU:<\/strong> Expresn\u00ed DDP (Delivered Duty Paid). To znamen\u00e1: <\/p>\n<ul>\n<li style=\"list-style-type: none;\">\n<ul>\n<li>Ve\u0161ker\u00e1 cla a dan\u011b jsou zahrnuty v cen\u011b uveden\u00e9 na str\u00e1nce produktu.<\/li>\n<li>P\u0159i doru\u010den\u00ed nemus\u00edte platit \u017e\u00e1dn\u00e9 dal\u0161\u00ed poplatky.<\/li>\n<li>Ve v\u00fdjime\u010dn\u00fdch p\u0159\u00edpadech, kdy se vyskytnou probl\u00e9my souvisej\u00edc\u00ed s celn\u00edm \u0159\u00edzen\u00edm, se n\u00e1\u0161 t\u00fdm postar\u00e1 o celn\u00ed odbaven\u00ed va\u0161\u00edm jm\u00e9nem, aby bylo doru\u010den\u00ed bezprobl\u00e9mov\u00e9.<\/li>\n<p>D\u016fle\u017eit\u00e9 informace o vr\u00e1cen\u00ed zbo\u017e\u00ed:<\/p>\n<li>Pokud se rozhodnete objedn\u00e1vku vr\u00e1tit nebo po\u017e\u00e1dat o vr\u00e1cen\u00ed pen\u011bz, m\u011bjte na pam\u011bti, \u017ee dan\u011b a cla zaplacen\u00e9 za v\u00e1s podle podm\u00ednek DDP nelze vr\u00e1tit.<\/li>\n<p>Pod\u00edvejte se pros\u00edm na na\u0161e<\/ul>\n<\/li>\n<\/ul>\n<p><a href=\"https:\/\/gpdstore.net\/cs\/terms-of-service\/\" target=\"_blank\" rel=\"nofollow noopener\">Podm\u00ednky a pravidla<\/a><\/p>\n<ul>podrobn\u00e9 informace.<\/ul>\n<p>[\/cg_accordion] [cg_accordion title=\"Z\u00c1KAZNICK\u00c1 PODPORA\"]  M\u00e1te dotaz? V\u00e1\u0161 probl\u00e9m vy\u0159e\u0161\u00edme kr\u00e1tkou textovou zpr\u00e1vou!   [\/cg_accordion] [cg_accordion title=\"WHAT'S INCLUDED\"]<\/p>\n<ul>\n<li>1x kabel USB typu C<\/li>\n<li>1x nap\u00e1jec\u00ed adapt\u00e9r<\/li>\n<li>1x u\u017eivatelsk\u00e1 p\u0159\u00edru\u010dka<\/li>\n<\/ul>\n<p>[\/cg_accordion]<\/p>\n","protected":false},"featured_media":350571,"template":"","meta":{"_acf_changed":false},"product_brand":[],"product_cat":[8800,17542],"product_tag":[10174],"woo-feed-brand":[5594],"class_list":{"0":"post-350567","1":"product","2":"type-product","3":"status-publish","4":"has-post-thumbnail","6":"product_cat-notebooky","7":"product_cat-mini-notebooky-gpd-cs","8":"product_tag-gpd-p2-max-cs-2","9":"product_shipping_class-premium","10":"pa_bluetooth-5-cs","11":"pa_brand-gpd","12":"pa_display-type-h-ips-cs","13":"pa_graphics-gpu-model-grafika-intel-uhd-graphics","14":"pa_i-o-video-pres-1x-usb-3-2-gen-2-type-c","15":"pa_memory-ram-capacity-16-gb-cs","16":"pa_memory-ram-technology-lpddr4x-cs","17":"pa_storage-capacity-1-tb-cs","18":"pa_wi-fi-wi-fi-6-cs","19":"woo-feed-brand-gpd-cs","21":"first","22":"outofstock","23":"sale","24":"taxable","25":"shipping-taxable","26":"purchasable","27":"product-type-variable","28":"has-default-attributes"},"acf":[],"aioseo_notices":[],"_links":{"self":[{"href":"https:\/\/gpdstore.net\/cs\/wp-json\/wp\/v2\/product\/350567","targetHints":{"allow":["GET"]}}],"collection":[{"href":"https:\/\/gpdstore.net\/cs\/wp-json\/wp\/v2\/product"}],"about":[{"href":"https:\/\/gpdstore.net\/cs\/wp-json\/wp\/v2\/types\/product"}],"wp:featuredmedia":[{"embeddable":true,"href":"https:\/\/gpdstore.net\/cs\/wp-json\/wp\/v2\/media\/350571"}],"wp:attachment":[{"href":"https:\/\/gpdstore.net\/cs\/wp-json\/wp\/v2\/media?parent=350567"}],"wp:term":[{"taxonomy":"product_brand","embeddable":true,"href":"https:\/\/gpdstore.net\/cs\/wp-json\/wp\/v2\/product_brand?post=350567"},{"taxonomy":"product_cat","embeddable":true,"href":"https:\/\/gpdstore.net\/cs\/wp-json\/wp\/v2\/product_cat?post=350567"},{"taxonomy":"product_tag","embeddable":true,"href":"https:\/\/gpdstore.net\/cs\/wp-json\/wp\/v2\/product_tag?post=350567"},{"taxonomy":"woo-feed-brand","embeddable":true,"href":"https:\/\/gpdstore.net\/cs\/wp-json\/wp\/v2\/woo-feed-brand?post=350567"}],"curies":[{"name":"wp","href":"https:\/\/api.w.org\/{rel}","templated":true}]}}