{"id":348326,"date":"2024-08-12T15:37:31","date_gmt":"2024-08-12T15:37:31","guid":{"rendered":"https:\/\/gpdstore.net\/neza\u0159azen\u00e9\/droix-nt8-clear-usb-hub\/"},"modified":"2025-12-23T10:13:34","modified_gmt":"2025-12-23T10:13:34","slug":"droix-nt8-clear-usb-hub","status":"publish","type":"product","link":"https:\/\/gpdstore.net\/cs\/product\/droix-nt8-clear-usb-hub\/","title":{"rendered":"DroiX NT8 Clear USB Hub"},"content":{"rendered":"\n<h3 class=\"wp-block-heading\">DroiX NT8 Clear USB Hub: Budoucnost k\u0159i\u0161\u0165\u00e1lov\u011b \u010dist\u00e9ho p\u0159ipojen\u00ed!  <\/h3>\n\n<h3 class=\"wp-block-heading\">Za\u017eijte rychlost gigabitov\u00e9ho Ethernetu  <\/h3>\n\n<p>U\u017e v\u00e1s nebav\u00ed pomal\u00fd internet? Vstupte do budoucnosti s rozbo\u010dova\u010dem DroiX NT8 Clear USB! Toto nen\u00ed jen tak ledajak\u00fd rozbo\u010dova\u010d &#8211; je to va\u0161e br\u00e1na do bleskurychl\u00e9ho sv\u011bta 10\/100\/1000M RJ45 Gigabit Ethernet. A\u0165 u\u017e streamujete v rozli\u0161en\u00ed HD, hrajete online hry nebo proch\u00e1z\u00edte web s v\u00edce otev\u0159en\u00fdmi kartami, budete m\u00edt k dispozici bleskov\u011b rychl\u00e9 a stabiln\u00ed p\u0159ipojen\u00ed. Rozlu\u010dte se s vyrovn\u00e1vac\u00ed pam\u011bt\u00ed a zpo\u017ed\u011bn\u00edm &#8211; v\u0161e se na\u010d\u00edt\u00e1 rychlost\u00ed dne\u0161ka!<\/p>\n\n<h3 class=\"wp-block-heading\">Rychl\u00e9 a efektivn\u00ed nap\u00e1jen\u00ed  <\/h3>\n\n<p>Ve sv\u011bt\u011b, kter\u00fd se nikdy nezastav\u00ed, mus\u00ed va\u0161e za\u0159\u00edzen\u00ed dr\u017eet krok. DroiX NT8 je navr\u017een s ohledem na v\u00fdkon a podporuje a\u017e 100W PD nab\u00edjen\u00ed. Tento rozbo\u010dova\u010d zajist\u00ed rychl\u00e9, spolehliv\u00e9 a efektivn\u00ed nab\u00edjen\u00ed, a\u0165 u\u017e jde o notebook, p\u0159enosnou hern\u00ed konzoli nebo jak\u00e9koli za\u0159\u00edzen\u00ed s rozhran\u00edm USB typu C. U\u017e nemus\u00edte \u010dekat &#8211; va\u0161e za\u0159\u00edzen\u00ed budou zapnut\u00e1 a p\u0159ipraven\u00e1, kdykoli budete cht\u00edt.<\/p>\n\n<h3 class=\"wp-block-heading\">Ohromuj\u00edc\u00ed obraz v rozli\u0161en\u00ed 4K  <\/h3>\n\n<p>Tou\u017e\u00edte po k\u0159i\u0161\u0165\u00e1lov\u011b \u010dist\u00e9m obrazu? Rozbo\u010dova\u010d DroiX NT8 Clear USB p\u0159in\u00e1\u0161\u00ed filmov\u00fd z\u00e1\u017eitek p\u0159\u00edmo na dosah ruky. D\u00edky videov\u00fdstupu HDMI 2.0 si m\u016f\u017eete vychutnat mimo\u0159\u00e1dn\u011b ostr\u00e9 rozli\u0161en\u00ed 4096&#215;2160 4K p\u0159i 60 Hz. A\u0165 u\u017e jde o pr\u00e1ci, z\u00e1bavu nebo hran\u00ed her, vizu\u00e1ln\u00ed efekty jsou tak jasn\u00e9 a pohlcuj\u00edc\u00ed, \u017ee si budete p\u0159ipadat, jako byste byli p\u0159\u00edmo v akci.<\/p>\n\n<h3 class=\"wp-block-heading\">Bezkonkuren\u010dn\u00ed p\u0159ipojen\u00ed USB  <\/h3>\n\n<p>Pro\u010d se omezovat jen na n\u011bkolik spojen\u00ed? Rozbo\u010dova\u010d DroiX NT8 Clear USB nab\u00edz\u00ed t\u0159i porty USB typu A 3.0, tak\u017ee m\u016f\u017eete bez probl\u00e9m\u016f p\u0159ipojit v\u0161echna sv\u00e1 za\u0159\u00edzen\u00ed. P\u0159en\u00e1\u0161ejte data bleskovou rychlost\u00ed, p\u0159ipojujte perifern\u00ed za\u0159\u00edzen\u00ed nebo nab\u00edjejte sv\u00e1 za\u0159\u00edzen\u00ed &#8211; to v\u0161e s v\u0161estrannost\u00ed a v\u00fdkonem, kter\u00fd po\u017eadujete. Se za\u0159\u00edzen\u00edm DroiX NT8 jste v\u017edy p\u0159ipraveni se p\u0159ipojit a vyrazit.<\/p>\n\n<h3 class=\"wp-block-heading\">Modern\u00ed kabel USB typu C  <\/h3>\n\n<p>Budoucnost p\u0159ipojen\u00ed je tady s kabelem USB typu C v DroiX NT8. Toto modern\u00ed \u0159e\u0161en\u00ed je navr\u017eeno pro rychlej\u0161\u00ed p\u0159enos dat a efektivn\u00ed nab\u00edjen\u00ed a zaji\u0161\u0165uje zjednodu\u0161en\u00e9 a univerz\u00e1ln\u00ed p\u0159ipojen\u00ed. Tento rozbo\u010dova\u010d, kter\u00fd je kompatibiln\u00ed s celou \u0159adou za\u0159\u00edzen\u00ed, je skute\u010dn\u011b investic\u00ed do budoucnosti, kter\u00e1 v\u00e1m zajist\u00ed snadn\u00e9 p\u0159ipojen\u00ed.<\/p>\n\n<h3 class=\"wp-block-heading\">Bezprobl\u00e9mov\u00fd p\u0159\u00edstup k m\u00e9di\u00edm  <\/h3>\n\n<p>D\u00edky dv\u011bma \u010dte\u010dk\u00e1m karet SD v za\u0159\u00edzen\u00ed DroiX NT8 z\u00edsk\u00e1te p\u0159\u00edstup k multimedi\u00e1ln\u00edm soubor\u016fm b\u011bhem n\u011bkolika sekund. A\u0165 u\u017e jde o fotografie, videa nebo d\u016fle\u017eit\u00e9 dokumenty, tyto \u010dte\u010dky podporuj\u00ed karty Micro SD i SD a nab\u00edzej\u00ed p\u0159enosovou rychlost a\u017e 480 Mb\/s. V\u0161echna d\u016fle\u017eit\u00e1 data budete m\u00edt rychle a bez probl\u00e9m\u016f po ruce.<\/p>\n\n<h3 class=\"wp-block-heading\">Kompaktn\u00ed design, masivn\u00ed dopad  <\/h3>\n\n<p>Ve sv\u011bt\u011b objemn\u00fdch p\u0159\u00edstroj\u016f vynik\u00e1 DroiX NT8 sv\u00fdm elegantn\u00edm a kompaktn\u00edm designem. S rozm\u011bry pouh\u00fdch 104 x 43 x 13 mm je ide\u00e1ln\u00edm spole\u010dn\u00edkem pro ty, kte\u0159\u00ed jsou na cest\u00e1ch. A\u0165 u\u017e jste v kav\u00e1rn\u011b, na sch\u016fzce nebo na cest\u00e1ch, tento rozbo\u010dova\u010d je dostate\u010dn\u011b mal\u00fd na to, abyste ho mohli nosit v\u0161ude s sebou, a z\u00e1rove\u0148 dostate\u010dn\u011b v\u00fdkonn\u00fd na to, aby m\u011bl velk\u00fd vliv na va\u0161e pot\u0159eby p\u0159ipojen\u00ed.<\/p>\n\n<h3 class=\"wp-block-heading\">Univerz\u00e1ln\u00ed kompatibilita  <\/h3>\n\n<p>Rozbo\u010dova\u010d DroiX NT8 Clear USB nen\u00ed jen univerz\u00e1ln\u00ed &#8211; je univerz\u00e1ln\u011b kompatibiln\u00ed. Je navr\u017een pro bezprobl\u00e9movou spolupr\u00e1ci se za\u0159\u00edzen\u00edmi USB typu C, jako jsou po\u010d\u00edta\u010de, mini po\u010d\u00edta\u010de, notebooky, p\u0159enosn\u00e1 hern\u00ed za\u0159\u00edzen\u00ed a dal\u0161\u00ed, a p\u0159edstavuje univerz\u00e1ln\u00ed \u0159e\u0161en\u00ed, kter\u00e9 jste hledali. U\u017e nemus\u00edte \u017eonglovat s v\u00edce rozbo\u010dova\u010di &#8211; tento je jedin\u00fd, kter\u00fd budete pot\u0159ebovat.<\/p>\n\n<h3 class=\"wp-block-heading\">Z\u00e1v\u011br: Revoluce v konektivit\u011b  <\/h3>\n\n<p>Mezi mno\u017estv\u00edm rozbo\u010dova\u010d\u016f USB vynik\u00e1 rozbo\u010dova\u010d DroiX NT8 Clear USB. D\u00edky p\u016fsobiv\u00e9 \u0159ad\u011b funkc\u00ed, kompaktn\u00edmu designu a univerz\u00e1ln\u00ed kompatibilit\u011b je to v\u00edc ne\u017e jen rozbo\u010dova\u010d &#8211; je to revoluce v oblasti p\u0159ipojen\u00ed. A\u0165 u\u017e jste technick\u00fd nad\u0161enec, hr\u00e1\u010d nebo profesion\u00e1l na cest\u00e1ch, DroiX NT8 je dokonal\u00fdm n\u00e1strojem, kter\u00fd zlep\u0161\u00ed va\u0161e technick\u00e9 z\u00e1\u017eitky. Vstupte do budoucnosti s DroiX NT8 &#8211; va\u0161e za\u0159\u00edzen\u00ed v\u00e1m budou vd\u011b\u010dn\u00e1!<\/p>\n\n<p>V\u00edce informac\u00ed najdete v na\u0161em pr\u016fvodci <strong>Za\u010d\u00edn\u00e1me s rozbo\u010dova\u010dem Droix NT8 Clear USB<\/strong>.<\/p>\n","protected":false},"excerpt":{"rendered":"<ul>\n<li>DroiX<strong> NT8<\/strong> Clear USB Hub<\/li>\n<li><strong>10\/100\/1000M<\/strong> Gigabit Ethernet<\/li>\n<li>100W nab\u00edjen\u00ed PD<\/li>\n<li><strong>Slot pro kartu MicroSD \/ SD<\/strong> 480Mbps<\/li>\n<li>V\u00fdstup <strong>HDMI 4K<\/strong> <\/li>\n<\/ul>\n[cg_accordion title=\"INFORMACE O PLATB\u011a\"]<\/p>\n<p>Pou\u017e\u00edv\u00e1me nejnov\u011bj\u0161\u00ed technologie zpracov\u00e1n\u00ed plateb, kter\u00e9 v\u00e1m umo\u017e\u0148uj\u00ed prov\u00e9st platbu prost\u0159ednictv\u00edm Apple Pay, Google Pay, va\u0161\u00ed debetn\u00ed\/kreditn\u00ed karty, PayPal nebo metod BNPL, jako jsou Klarna, Affirm nebo AfterPay, a zajistit tak rychl\u00e9 a bezpe\u010dn\u00e9 zpracov\u00e1n\u00ed.[\/cg_accordion]\n[cg_accordion title=\"Z\u00c1RUKA\"]<\/p>\n<p>2 roky z\u00e1ruky od spole\u010dnosti <a href=\"https:\/\/droix.net\/\" target=\"_blank\" rel=\"nofollow noopener\">DROIX Global pro<\/a> v\u00e1\u0161 klid.[\/cg_accordion]\n[cg_accordion title=\"CENY, DAN\u011a A DOPRAVA\"]<\/p>\n<p><strong><u>Pozn\u00e1mka:<\/u><\/strong><\/p>\n<ul>\n<li>Z\u00e1kazn\u00edci ze Spojen\u00fdch st\u00e1t\u016f: Z\u00e1kazn\u00edci: Zobrazen\u00e1 cena NEZAHRNUJE DAN\u011a ani cla. Odpov\u011bdnost za celn\u00ed odbaven\u00ed a zaplacen\u00ed souvisej\u00edc\u00ed dan\u011b\/celn\u00ed sazby nese z\u00e1kazn\u00edk. <\/li>\n<li>Z\u00e1kazn\u00edci z EU: V zobrazen\u00e9 cen\u011b je zahrnuta p\u0159\u00edslu\u0161n\u00e1 DA\u0147, kter\u00e1 m\u016f\u017ee \u010dinit a\u017e 25 % v z\u00e1vislosti na va\u0161\u00ed zemi.<\/li>\n<li>Z\u00e1kazn\u00edci z Kanady: V z\u00e1vislosti na va\u0161\u00ed provincii m\u016f\u017ee zobrazen\u00e1 cena zahrnovat p\u0159\u00edslu\u0161n\u00e9 dan\u011b, kter\u00e9 mohou zahrnovat 5% GST a dal\u0161\u00ed provin\u010dn\u00ed dan\u011b z prodeje (PST), harmonizovanou da\u0148 z prodeje (HST) nebo quebeckou da\u0148 z prodeje (QST).<\/li>\n<\/ul>\n<p><strong>Pouze pro z\u00e1kazn\u00edky z EU:<\/strong> Expresn\u00ed DDP (Delivered Duty Paid). To znamen\u00e1: <\/p>\n<ul>\n<li>Ve\u0161ker\u00e1 cla a dan\u011b jsou zahrnuty v cen\u011b uveden\u00e9 na str\u00e1nce produktu.<\/li>\n<li>P\u0159i doru\u010den\u00ed nemus\u00edte platit \u017e\u00e1dn\u00e9 dal\u0161\u00ed poplatky.<\/li>\n<li>Ve v\u00fdjime\u010dn\u00fdch p\u0159\u00edpadech, kdy se vyskytnou probl\u00e9my souvisej\u00edc\u00ed s celn\u00edm \u0159\u00edzen\u00edm, se n\u00e1\u0161 t\u00fdm postar\u00e1 o celn\u00ed odbaven\u00ed va\u0161\u00edm jm\u00e9nem, aby bylo doru\u010den\u00ed bezprobl\u00e9mov\u00e9.<\/li>\n<p>D\u016fle\u017eit\u00e9 informace o vr\u00e1cen\u00ed zbo\u017e\u00ed:<\/p>\n<li>Pokud se rozhodnete objedn\u00e1vku vr\u00e1tit nebo po\u017e\u00e1dat o vr\u00e1cen\u00ed pen\u011bz, m\u011bjte na pam\u011bti, \u017ee dan\u011b a cla zaplacen\u00e9 za v\u00e1s podle podm\u00ednek DDP nelze vr\u00e1tit.<\/li>\n<p>Podrobn\u00e9 informace naleznete v na\u0161ich <a href=\"https:\/\/gpdstore.net\/cs\/terms-of-service\/\" target=\"_blank\" rel=\"nofollow noopener\">smluvn\u00edch podm\u00ednk\u00e1ch<\/a>.\n<\/ul>\n<p>[\/cg_accordion]\n[cg_accordion title=\"Z\u00c1KAZNICK\u00c1 PODPORA\"]<\/p>\n<p>M\u00e1te dotaz? V\u00e1\u0161 probl\u00e9m vy\u0159e\u0161\u00edme kr\u00e1tkou textovou zpr\u00e1vou!<br \/>\n[\/cg_accordion]\n[cg_accordion title=\"CO JE SOU\u010c\u00c1ST\u00cd BALEN\u00cd\"]<\/p>\n<ul>\n<li>1x DroiX NT8 Clear USB Hub<\/li>\n<\/ul>\n<p>[\/cg_accordion]\n","protected":false},"featured_media":348476,"template":"","meta":{"_acf_changed":false},"product_brand":[],"product_cat":[5402],"product_tag":[6969],"woo-feed-brand":[5478],"class_list":{"0":"post-348326","1":"product","2":"type-product","3":"status-publish","4":"has-post-thumbnail","6":"product_cat-prislusenstvi","7":"product_tag-droix-hub-cs","8":"product_shipping_class-low-end","9":"pa_i-o-video-1x-hdmi-cs","10":"woo-feed-brand-droix-cs","12":"first","13":"outofstock","14":"sale","15":"taxable","16":"shipping-taxable","17":"purchasable","18":"product-type-simple"},"acf":[],"aioseo_notices":[],"_links":{"self":[{"href":"https:\/\/gpdstore.net\/cs\/wp-json\/wp\/v2\/product\/348326","targetHints":{"allow":["GET"]}}],"collection":[{"href":"https:\/\/gpdstore.net\/cs\/wp-json\/wp\/v2\/product"}],"about":[{"href":"https:\/\/gpdstore.net\/cs\/wp-json\/wp\/v2\/types\/product"}],"wp:featuredmedia":[{"embeddable":true,"href":"https:\/\/gpdstore.net\/cs\/wp-json\/wp\/v2\/media\/348476"}],"wp:attachment":[{"href":"https:\/\/gpdstore.net\/cs\/wp-json\/wp\/v2\/media?parent=348326"}],"wp:term":[{"taxonomy":"product_brand","embeddable":true,"href":"https:\/\/gpdstore.net\/cs\/wp-json\/wp\/v2\/product_brand?post=348326"},{"taxonomy":"product_cat","embeddable":true,"href":"https:\/\/gpdstore.net\/cs\/wp-json\/wp\/v2\/product_cat?post=348326"},{"taxonomy":"product_tag","embeddable":true,"href":"https:\/\/gpdstore.net\/cs\/wp-json\/wp\/v2\/product_tag?post=348326"},{"taxonomy":"woo-feed-brand","embeddable":true,"href":"https:\/\/gpdstore.net\/cs\/wp-json\/wp\/v2\/woo-feed-brand?post=348326"}],"curies":[{"name":"wp","href":"https:\/\/api.w.org\/{rel}","templated":true}]}}