{"id":337642,"date":"2024-07-12T12:39:31","date_gmt":"2024-07-12T12:39:31","guid":{"rendered":"https:\/\/gpdstore.net\/neza\u0159azen\u00e9\/156-prenosny-monitor-4k-s-podporou-stylusu\/"},"modified":"2025-12-23T10:13:53","modified_gmt":"2025-12-23T10:13:53","slug":"15-6-4k-portable-monitor-with-stylus-support","status":"publish","type":"product","link":"https:\/\/gpdstore.net\/cs\/product\/15-6-4k-portable-monitor-with-stylus-support\/","title":{"rendered":"15,6&#8243; p\u0159enosn\u00fd monitor 4K s podporou stylusu"},"content":{"rendered":"\n<p>P\u0159edstavujeme 15,6&#8243; p\u0159enosn\u00fd monitor 4K: Zlep\u0161ete sv\u016fj z\u00e1\u017eitek z mobiln\u00edho sledov\u00e1n\u00ed<\/p>\n\n<p>Objevte nov\u00fd standard p\u0159enosn\u00fdch displej\u016f s 15,6&#8243; p\u0159enosn\u00fdm monitorem 4K. Tato \u0161pi\u010dkov\u00e1 obrazovka, navr\u017een\u00e1 pro ty, kte\u0159\u00ed vy\u017eaduj\u00ed nejlep\u0161\u00ed vizu\u00e1ln\u00ed v\u00fdkon a flexibilitu, nov\u011b definuje pr\u00e1ci na cest\u00e1ch. A\u0165 u\u017e jste digit\u00e1ln\u00ed nom\u00e1d, fotograf nebo design\u00e9r, je to va\u0161e br\u00e1na k bezprobl\u00e9mov\u00e9 produktivit\u011b a pohlcuj\u00edc\u00ed z\u00e1bav\u011b, a\u0165 u\u017e jste kdekoli.<\/p>\n\n<p>Pohlcuj\u00edc\u00ed displej 4K UHD: Va\u0161e mobiln\u00ed okno do z\u00e1\u0159ivosti<\/p>\n\n<p>Na 15,6palcov\u00e9 obrazovce s rozli\u0161en\u00edm 4K UHD si u\u017eijete \u00fachvatnou \u010distotu obrazu. Jeho technologie podsv\u00edcen\u00ed LED s pln\u011b laminovan\u00fdm dotykov\u00fdm displejem G+G a \u0161iroko\u00fahl\u00fdm pom\u011brem stran 16:9 zaji\u0161\u0165uje \u017eiv\u00e9 barvy a ostr\u00e9 kontrasty pro obsah, kter\u00fd vystupuje z obrazovky. Rozli\u0161en\u00ed 3840 x 2160 a 10bitov\u00e1 barevn\u00e1 hloubka jsou ide\u00e1ln\u00ed pro sledov\u00e1n\u00ed m\u00e9di\u00ed v rozli\u0161en\u00ed 4K, \u00fapravy fotografi\u00ed nebo grafick\u00e9 projekty, proto\u017ee poskytuj\u00ed jedine\u010dn\u00e9 detaily.<\/p>\n\n<p>Elegantn\u00ed design, intuitivn\u00ed dotykov\u00fd displej: Navr\u017eeno pro snadnou interakci<\/p>\n\n<p>Monitor je vyroben z prvot\u0159\u00eddn\u00ed hlin\u00edkov\u00e9 slitiny a kombinuje odolnost s elegantn\u00edm profilem. \u00dazk\u00fd r\u00e1me\u010dek maximalizuje prostor na obrazovce, \u010d\u00edm\u017e vytv\u00e1\u0159\u00ed pohlcuj\u00edc\u00ed vizu\u00e1ln\u00ed z\u00e1\u017eitek. D\u00edky citliv\u00e9mu kapacitn\u00edmu 10bodov\u00e9mu dotykov\u00e9mu displeji je proch\u00e1zen\u00ed nab\u00eddek, \u00faprava fotografi\u00ed nebo kreslen\u00ed n\u00e1pad\u016f p\u0159irozen\u00e9 a intuitivn\u00ed.<\/p>\n\n<p>Vylep\u0161en\u00fd po\u017eitek ze sledov\u00e1n\u00ed: brilantn\u00ed z ka\u017ed\u00e9ho \u00fahlu<\/p>\n\n<p>D\u00edky rozs\u00e1hl\u00e9mu 15,6palcov\u00e9mu panelu s \u0161irok\u00fdmi pozorovac\u00edmi \u00fahly 85 stup\u0148\u016f m\u016f\u017eete bez n\u00e1mahy sd\u00edlet obrazovku, ani\u017e byste museli ob\u011btovat kvalitu obrazu. Vysok\u00fd kontrastn\u00ed pom\u011br 1500:1 a jas 600 cd\/m2 zaji\u0161\u0165uj\u00ed hlubokou \u010dernou a \u017eiv\u00e9 barvy i v dob\u0159e osv\u011btlen\u00e9m prost\u0159ed\u00ed.<\/p>\n\n<p>Bezprobl\u00e9mov\u00e9 p\u0159ipojen\u00ed, zv\u00fd\u0161en\u00e1 v\u0161estrannost<\/p>\n\n<p>P\u0159ipojen\u00ed je snadn\u00e9 d\u00edky port\u016fm HDMI Mini a typu C pro p\u0159enos videa a nap\u00e1jen\u00ed, kter\u00e9 jsou kompatibiln\u00ed s chytr\u00fdmi telefony, notebooky a hern\u00edmi konzolemi, jako je PlayStation 5 a Xbox. D\u00edky portu micro-USB se snadno prom\u011bn\u00ed v pracovn\u00ed stanici.<\/p>\n\n<p>Uvoln\u011bte kreativitu s p\u0159esnost\u00ed<\/p>\n\n<p>Pro kreativn\u00ed profesion\u00e1ly monitor podporuje stylus s p\u0159\u00edtlakem 4096 (prod\u00e1v\u00e1 se samostatn\u011b), kter\u00fd nab\u00edz\u00ed p\u0159esn\u00e9 ovl\u00e1d\u00e1n\u00ed pro skicov\u00e1n\u00ed, psan\u00ed pozn\u00e1mek nebo p\u0159irozen\u00e9 \u00fapravy fotografi\u00ed.<\/p>\n\n<p>P\u0159enosn\u00e1 elektr\u00e1rna: Pr\u00e1ce a z\u00e1bava bez omezen\u00ed<\/p>\n\n<p>D\u00edky vestav\u011bn\u00e9 baterii 10000 mAh si u\u017eijete 4-5 hodin nep\u0159etr\u017eit\u00e9ho pou\u017e\u00edv\u00e1n\u00ed &#8211; ide\u00e1ln\u00ed pro pr\u00e1ci na cest\u00e1ch nebo sledov\u00e1n\u00ed obl\u00edben\u00fdch po\u0159ad\u016f. Je kompaktn\u00ed a lehk\u00fd, snadno se vejde do ta\u0161ky a zajist\u00ed, \u017ee budete m\u00edt produktivitu a z\u00e1bavu ve vysok\u00e9m rozli\u0161en\u00ed v\u017edy po ruce.<\/p>\n\n<p>Zvy\u0161te svou produktivitu a z\u00e1bavu<\/p>\n\n<p>Bezprobl\u00e9mov\u011b roz\u0161i\u0159te plochu obrazovky pro multitasking, p\u0159ipojte hern\u00ed konzole pro pohlcuj\u00edc\u00ed hran\u00ed nebo si vychutnejte filmy v ohromuj\u00edc\u00edch detailech 4K UHD &#8211; tento monitor prom\u011bn\u00ed ka\u017ed\u00fd \u00fakol ve v\u00fdjime\u010dn\u00fd z\u00e1\u017eitek.<\/p>\n\n<p>Bohat\u00fd zvuk, spolehliv\u00e1 kompatibilita<\/p>\n\n<p>Dva vestav\u011bn\u00e9 reproduktory poskytuj\u00ed bohat\u00fd zvuk a umoc\u0148uj\u00ed va\u0161e pot\u011b\u0161en\u00ed ze sledov\u00e1n\u00ed film\u016f, hran\u00ed her nebo poslechu hudby. Je kompatibiln\u00ed s celou \u0159adou za\u0159\u00edzen\u00ed HDMI a Type-C a snadno se p\u0159izp\u016fsob\u00ed va\u0161im pot\u0159eb\u00e1m.<\/p>\n\n<p>Ur\u010deno pro profesion\u00e1ly: Kde se potk\u00e1v\u00e1 p\u0159esnost s v\u00fdkonem<\/p>\n\n<p>Monitor je ide\u00e1ln\u00ed pro fotografy a grafiky, proto\u017ee jeho rozli\u0161en\u00ed 4K UHD a p\u0159esn\u00e1 reprodukce barev zaji\u0161\u0165uj\u00ed v\u011brn\u00fd obraz. D\u00edky 100% pokryt\u00ed sRGB a 10bitov\u00e9 barevn\u00e9 hloubce spl\u0148uje po\u017eadavky i t\u011bch nejn\u00e1ro\u010dn\u011bj\u0161\u00edch profesion\u00e1l\u016f.<\/p>\n\n<p>Snadn\u00e9 nastaven\u00ed, spolehliv\u00e1 konstrukce<\/p>\n\n<p>D\u00edky jednoduch\u00e9mu zapojen\u00ed plug-and-play lze za\u0159\u00edzen\u00ed nastavit b\u011bhem n\u011bkolika sekund &#8211; nen\u00ed nutn\u00e1 \u017e\u00e1dn\u00e1 slo\u017eit\u00e1 instalace. Intuitivn\u00ed ovl\u00e1d\u00e1n\u00ed umo\u017e\u0148uje snadno p\u0159izp\u016fsobit nastaven\u00ed, jako je jas a kontrast, a zaji\u0161\u0165uje optim\u00e1ln\u00ed pohodl\u00ed p\u0159i dlouhodob\u00e9m pou\u017e\u00edv\u00e1n\u00ed.<\/p>\n\n<p>Odoln\u00e9, stylov\u00e9 a p\u0159ipraven\u00e9 na budoucnost<\/p>\n\n<p>D\u00edky elegantn\u00edmu pouzdru z hlin\u00edkov\u00e9 slitiny nab\u00edz\u00ed odolnou ochranu pro ka\u017edodenn\u00ed pou\u017eit\u00ed i cestov\u00e1n\u00ed. Jeho \u00fazk\u00fd design kombinuje estetiku s funk\u010dnost\u00ed a maximalizuje va\u0161e pot\u011b\u0161en\u00ed ze sledov\u00e1n\u00ed bez ru\u0161iv\u00fdch vliv\u016f.<\/p>\n\n<p>Z\u00e1v\u011br: 15,6&#8243; p\u0159enosn\u00fd monitor s rozli\u0161en\u00edm 4K m\u011bn\u00ed definici mobiln\u00edho zobrazen\u00ed<\/p>\n\n<p>Poznejte budoucnost mobiln\u00edch displej\u016f s 15,6&#8243; p\u0159enosn\u00fdm monitorem s rozli\u0161en\u00edm 4K &#8211; mistrovsk\u00fdm d\u00edlem jasnosti, v\u0161estrannosti a p\u0159enosnosti. A\u0165 u\u017e tvo\u0159\u00edte, hrajete hry nebo se bav\u00edte, p\u0159in\u00e1\u0161\u00ed bezkonkuren\u010dn\u00ed v\u00fdkon, a\u0165 u\u017e v\u00e1s \u017eivot zavede kamkoli.<\/p>\n\n<p>Klady:<\/p>\n\n<ul class=\"wp-block-list\">\n<li>Ohromuj\u00edc\u00ed displej 4K UHD<\/li>\n\n\n\n<li>Intuitivn\u00ed dotykov\u00fd displej<\/li>\n\n\n\n<li>V\u0161estrann\u00e9 mo\u017enosti p\u0159ipojen\u00ed<\/li>\n\n\n\n<li>Lehk\u00fd a p\u0159enosn\u00fd design<\/li>\n\n\n\n<li>Odoln\u00e1 a stylov\u00e1 konstrukce<\/li>\n<\/ul>\n\n<p>Nev\u00fdhody:<\/p>\n\n<ul class=\"wp-block-list\">\n<li>Stylus Pen se prod\u00e1v\u00e1 samostatn\u011b<\/li>\n\n\n\n<li>Omezen\u00e1 \u017eivotnost baterie p\u0159i del\u0161\u00edm pou\u017e\u00edv\u00e1n\u00ed<\/li>\n\n\n\n<li>Vestav\u011bn\u00e9 reproduktory nemus\u00ed spl\u0148ovat audiofilsk\u00e9 standardy<\/li>\n<\/ul>\n\n\r\n<div class=\"wp-block-jetpack-tiled-gallery aligncenter is-style-rectangular\">\r\n<div class=\"tiled-gallery__gallery\">\r\n<div class=\"tiled-gallery__row\">\r\n<div class=\"tiled-gallery__col\" style=\"flex-basis: 55.49556%;\">\r\n<figure class=\"tiled-gallery__item\"><img decoding=\"async\" src=\"https:\/\/i2.wp.com\/droix.net\/wp-content\/uploads\/2023\/04\/S23B_5-MONITOR-MARKETING-IMAGE-DONE-2.jpg?ssl=1\" alt=\"\" data-height=\"1000\" data-id=\"157015\" data-link=\"https:\/\/droix.net\/?attachment_id=157015\" data-url=\"https:\/\/droix.net\/wp-content\/uploads\/2023\/04\/S23B_5-MONITOR-MARKETING-IMAGE-DONE-2.jpg\" data-width=\"1000\" data-amp-layout=\"responsive\"><\/figure>\r\n<\/div>\r\n<div class=\"tiled-gallery__col\" style=\"flex-basis: 44.50444%;\">\r\n<figure class=\"tiled-gallery__item\"><img decoding=\"async\" src=\"https:\/\/i0.wp.com\/droix.net\/wp-content\/uploads\/2023\/04\/S23B_5-MONITOR-MARKETING-IMAGE-DONE-1.jpg?ssl=1\" alt=\"\" data-height=\"619\" data-id=\"157010\" data-link=\"https:\/\/droix.net\/?attachment_id=157010\" data-url=\"https:\/\/droix.net\/wp-content\/uploads\/2023\/04\/S23B_5-MONITOR-MARKETING-IMAGE-DONE-1.jpg\" data-width=\"1000\" data-amp-layout=\"responsive\"><\/figure>\r\n<figure class=\"tiled-gallery__item\"><img decoding=\"async\" src=\"https:\/\/i2.wp.com\/droix.net\/wp-content\/uploads\/2023\/04\/S23B_5-MONITOR-MARKETING-IMAGE-DONE-3.jpg?ssl=1\" alt=\"\" data-height=\"619\" data-id=\"157020\" data-link=\"https:\/\/droix.net\/?attachment_id=157020\" data-url=\"https:\/\/droix.net\/wp-content\/uploads\/2023\/04\/S23B_5-MONITOR-MARKETING-IMAGE-DONE-3.jpg\" data-width=\"1000\" data-amp-layout=\"responsive\"><\/figure>\r\n<\/div>\r\n<\/div>\r\n<div class=\"tiled-gallery__row\">\r\n<div class=\"tiled-gallery__col\" style=\"flex-basis: 37.61498%;\">\r\n<figure class=\"tiled-gallery__item\"><img decoding=\"async\" src=\"https:\/\/i2.wp.com\/droix.net\/wp-content\/uploads\/2023\/04\/S23B_5-MONITOR-MARKETING-IMAGE-DONE-4.jpg?ssl=1\" alt=\"\" data-height=\"1000\" data-id=\"157025\" data-link=\"https:\/\/droix.net\/?attachment_id=157025\" data-url=\"https:\/\/droix.net\/wp-content\/uploads\/2023\/04\/S23B_5-MONITOR-MARKETING-IMAGE-DONE-4.jpg\" data-width=\"1000\" data-amp-layout=\"responsive\"><\/figure>\r\n<figure class=\"tiled-gallery__item\"><img decoding=\"async\" src=\"https:\/\/i0.wp.com\/droix.net\/wp-content\/uploads\/2023\/04\/S23B_5-MONITOR-MARKETING-IMAGE-DONE-5.jpg?ssl=1\" alt=\"\" data-height=\"619\" data-id=\"157030\" data-link=\"https:\/\/droix.net\/?attachment_id=157030\" data-url=\"https:\/\/droix.net\/wp-content\/uploads\/2023\/04\/S23B_5-MONITOR-MARKETING-IMAGE-DONE-5.jpg\" data-width=\"1000\" data-amp-layout=\"responsive\"><\/figure>\r\n<\/div>\r\n<div class=\"tiled-gallery__col\" style=\"flex-basis: 62.38502%;\">\r\n<figure class=\"tiled-gallery__item\"><img decoding=\"async\" src=\"https:\/\/i0.wp.com\/droix.net\/wp-content\/uploads\/2023\/04\/S23B_5-MONITOR-MARKETING-IMAGE-DONE-6.jpg?ssl=1\" alt=\"\" data-height=\"981\" data-id=\"157035\" data-link=\"https:\/\/droix.net\/?attachment_id=157035\" data-url=\"https:\/\/droix.net\/wp-content\/uploads\/2023\/04\/S23B_5-MONITOR-MARKETING-IMAGE-DONE-6.jpg\" data-width=\"1000\" data-amp-layout=\"responsive\"><\/figure>\r\n<\/div>\r\n<\/div>\r\n<div class=\"tiled-gallery__row\">\r\n<div class=\"tiled-gallery__col\" style=\"flex-basis: 33.33333%;\">\r\n<figure class=\"tiled-gallery__item\"><img decoding=\"async\" src=\"https:\/\/i1.wp.com\/droix.net\/wp-content\/uploads\/2023\/04\/S23B_5-MONITOR-MARKETING-IMAGE-DONE-7.jpg?ssl=1\" alt=\"\" data-height=\"1000\" data-id=\"157040\" data-link=\"https:\/\/droix.net\/?attachment_id=157040\" data-url=\"https:\/\/droix.net\/wp-content\/uploads\/2023\/04\/S23B_5-MONITOR-MARKETING-IMAGE-DONE-7.jpg\" data-width=\"1000\" data-amp-layout=\"responsive\"><\/figure>\r\n<\/div>\r\n<div class=\"tiled-gallery__col\" style=\"flex-basis: 33.33333%;\">\r\n<figure class=\"tiled-gallery__item\"><img decoding=\"async\" src=\"https:\/\/i1.wp.com\/droix.net\/wp-content\/uploads\/2023\/04\/S23B_5-MONITOR-MARKETING-IMAGE-DONE-8.jpg?ssl=1\" alt=\"\" data-height=\"1000\" data-id=\"157045\" data-link=\"https:\/\/droix.net\/?attachment_id=157045\" data-url=\"https:\/\/droix.net\/wp-content\/uploads\/2023\/04\/S23B_5-MONITOR-MARKETING-IMAGE-DONE-8.jpg\" data-width=\"1000\" data-amp-layout=\"responsive\"><\/figure>\r\n<\/div>\r\n<div class=\"tiled-gallery__col\" style=\"flex-basis: 33.33333%;\">\r\n<figure class=\"tiled-gallery__item\"><img decoding=\"async\" src=\"https:\/\/i1.wp.com\/droix.net\/wp-content\/uploads\/2023\/04\/S23B_5-MONITOR-MARKETING-IMAGE-DONE-9.jpg?ssl=1\" alt=\"\" data-height=\"1000\" data-id=\"157050\" data-link=\"https:\/\/droix.net\/?attachment_id=157050\" data-url=\"https:\/\/droix.net\/wp-content\/uploads\/2023\/04\/S23B_5-MONITOR-MARKETING-IMAGE-DONE-9.jpg\" data-width=\"1000\" data-amp-layout=\"responsive\"><\/figure>\r\n<\/div>\r\n<\/div>\r\n<div class=\"tiled-gallery__row\">\r\n<div class=\"tiled-gallery__col\" style=\"flex-basis: 50.00000%;\">\r\n<figure class=\"tiled-gallery__item\"><img decoding=\"async\" src=\"https:\/\/i0.wp.com\/droix.net\/wp-content\/uploads\/2023\/04\/S23B_5-MONITOR-MARKETING-IMAGE-DONE-10.jpg?ssl=1\" alt=\"\" data-height=\"1000\" data-id=\"157055\" data-link=\"https:\/\/droix.net\/?attachment_id=157055\" data-url=\"https:\/\/droix.net\/wp-content\/uploads\/2023\/04\/S23B_5-MONITOR-MARKETING-IMAGE-DONE-10.jpg\" data-width=\"1000\" data-amp-layout=\"responsive\"><\/figure>\r\n<\/div>\r\n<div class=\"tiled-gallery__col\" style=\"flex-basis: 50.00000%;\">\r\n<figure class=\"tiled-gallery__item\"><img decoding=\"async\" src=\"https:\/\/i0.wp.com\/droix.net\/wp-content\/uploads\/2023\/04\/S23B_5-MONITOR-MARKETING-IMAGE-DONE-11.jpg?ssl=1\" alt=\"\" data-height=\"1000\" data-id=\"157060\" data-link=\"https:\/\/droix.net\/?attachment_id=157060\" data-url=\"https:\/\/droix.net\/wp-content\/uploads\/2023\/04\/S23B_5-MONITOR-MARKETING-IMAGE-DONE-11.jpg\" data-width=\"1000\" data-amp-layout=\"responsive\"><\/figure>\r\n<\/div>\r\n<\/div>\r\n<div class=\"tiled-gallery__row\">\r\n<div class=\"tiled-gallery__col\" style=\"flex-basis: 29.89199%;\">\r\n<figure class=\"tiled-gallery__item\"><img decoding=\"async\" src=\"https:\/\/i2.wp.com\/droix.net\/wp-content\/uploads\/2023\/04\/S23B_5-MONITOR-MARKETING-IMAGE-DONE-12.jpg?ssl=1\" alt=\"\" data-height=\"619\" data-id=\"157065\" data-link=\"https:\/\/droix.net\/?attachment_id=157065\" data-url=\"https:\/\/droix.net\/wp-content\/uploads\/2023\/04\/S23B_5-MONITOR-MARKETING-IMAGE-DONE-12.jpg\" data-width=\"1000\" data-amp-layout=\"responsive\"><\/figure>\r\n<figure class=\"tiled-gallery__item\"><img decoding=\"async\" src=\"https:\/\/i1.wp.com\/droix.net\/wp-content\/uploads\/2023\/04\/S23B_5-MONITOR-MARKETING-IMAGE-DONE-13.jpg?ssl=1\" alt=\"\" data-height=\"1000\" data-id=\"157070\" data-link=\"https:\/\/droix.net\/?attachment_id=157070\" data-url=\"https:\/\/droix.net\/wp-content\/uploads\/2023\/04\/S23B_5-MONITOR-MARKETING-IMAGE-DONE-13.jpg\" data-width=\"1000\" data-amp-layout=\"responsive\"><\/figure>\r\n<figure class=\"tiled-gallery__item\"><img decoding=\"async\" src=\"https:\/\/i2.wp.com\/droix.net\/wp-content\/uploads\/2023\/04\/S23B_5-MONITOR-MARKETING-IMAGE-DONE-14.jpg?ssl=1\" alt=\"\" data-height=\"822\" data-id=\"157075\" data-link=\"https:\/\/droix.net\/?attachment_id=157075\" data-url=\"https:\/\/droix.net\/wp-content\/uploads\/2023\/04\/S23B_5-MONITOR-MARKETING-IMAGE-DONE-14.jpg\" data-width=\"1000\" data-amp-layout=\"responsive\"><\/figure>\r\n<\/div>\r\n<div class=\"tiled-gallery__col\" style=\"flex-basis: 70.10801%;\">\r\n<figure class=\"tiled-gallery__item\"><img decoding=\"async\" src=\"https:\/\/i1.wp.com\/droix.net\/wp-content\/uploads\/2023\/04\/S23B_5-MONITOR-MARKETING-IMAGE-DONE-15-977x1024.jpg?ssl=1\" alt=\"\" data-height=\"1048\" data-id=\"157080\" data-link=\"https:\/\/droix.net\/?attachment_id=157080\" data-url=\"https:\/\/droix.net\/wp-content\/uploads\/2023\/04\/S23B_5-MONITOR-MARKETING-IMAGE-DONE-15-977x1024.jpg\" data-width=\"1000\" data-amp-layout=\"responsive\"><\/figure>\r\n<\/div>\r\n<\/div>\r\n<div class=\"tiled-gallery__row\">\r\n<div class=\"tiled-gallery__col\" style=\"flex-basis: 54.96322%;\">\r\n<figure class=\"tiled-gallery__item\"><img decoding=\"async\" src=\"https:\/\/i0.wp.com\/droix.net\/wp-content\/uploads\/2023\/04\/S23B_5-MONITOR-MARKETING-IMAGE-DONE-16.jpg?ssl=1\" alt=\"\" data-height=\"787\" data-id=\"157085\" data-link=\"https:\/\/droix.net\/?attachment_id=157085\" data-url=\"https:\/\/droix.net\/wp-content\/uploads\/2023\/04\/S23B_5-MONITOR-MARKETING-IMAGE-DONE-16.jpg\" data-width=\"1000\" data-amp-layout=\"responsive\"><\/figure>\r\n<\/div>\r\n<div class=\"tiled-gallery__col\" style=\"flex-basis: 45.03678%;\">\r\n<figure class=\"tiled-gallery__item\"><img decoding=\"async\" src=\"https:\/\/i1.wp.com\/droix.net\/wp-content\/uploads\/2023\/04\/S23B_5-MONITOR-MARKETING-IMAGE-DONE-17.jpg?ssl=1\" alt=\"\" data-height=\"961\" data-id=\"157090\" data-link=\"https:\/\/droix.net\/?attachment_id=157090\" data-url=\"https:\/\/droix.net\/wp-content\/uploads\/2023\/04\/S23B_5-MONITOR-MARKETING-IMAGE-DONE-17.jpg\" data-width=\"1000\" data-amp-layout=\"responsive\"><\/figure>\r\n<\/div>\r\n<\/div>\r\n<\/div>\r\n<\/div>\r\n","protected":false},"excerpt":{"rendered":"<ul>\n<li>Dotykov\u00fd displej Kompatibiln\u00ed se <strong>syst\u00e9mem MacOS<\/strong><\/li>\n<li>Mo\u017enost dotykov\u00e9 obrazovky <strong>V\u010detn\u011b stylusu<\/strong><\/li>\n<li>Skl\u00e1dac\u00ed pouzdro jako stojan na monitor<\/li>\n<li>P\u0159enosn\u00e9 a lehk\u00e9<\/li>\n<li><strong>Nap\u00e1jen\u00ed p\u0159es USB<\/strong>, podpora mini-HDMI, USB Type-C<\/li>\n<\/ul>\n[cg_accordion title=\"INFORMACE O PLATB\u011a\"]<\/p>\n<p>Pou\u017e\u00edv\u00e1me nejnov\u011bj\u0161\u00ed technologie zpracov\u00e1n\u00ed plateb, kter\u00e9 v\u00e1m umo\u017e\u0148uj\u00ed prov\u00e9st platbu prost\u0159ednictv\u00edm Apple Pay, Google Pay, va\u0161\u00ed debetn\u00ed\/kreditn\u00ed karty, PayPal nebo metod BNPL, jako jsou Klarna, Affirm nebo AfterPay, a zajistit tak rychl\u00e9 a bezpe\u010dn\u00e9 zpracov\u00e1n\u00ed.[\/cg_accordion]\n[cg_accordion title=\"Z\u00c1RUKA\"]<\/p>\n<p>2 roky z\u00e1ruky od spole\u010dnosti <a href=\"https:\/\/droix.net\/\" target=\"_blank\" rel=\"nofollow noopener\">DROIX Global pro<\/a> v\u00e1\u0161 klid.[\/cg_accordion]\n[cg_accordion title=\"CENY, DAN\u011a A DOPRAVA\"]<\/p>\n<p><strong><u>Pozn\u00e1mka:<\/u><\/strong><\/p>\n<ul>\n<li>Z\u00e1kazn\u00edci ze Spojen\u00fdch st\u00e1t\u016f: Z\u00e1kazn\u00edci: Zobrazen\u00e1 cena NEZAHRNUJE DAN\u011a ani cla. Odpov\u011bdnost za celn\u00ed odbaven\u00ed a zaplacen\u00ed souvisej\u00edc\u00ed dan\u011b\/celn\u00ed sazby nese z\u00e1kazn\u00edk. <\/li>\n<li>Z\u00e1kazn\u00edci z EU: V zobrazen\u00e9 cen\u011b je zahrnuta p\u0159\u00edslu\u0161n\u00e1 DA\u0147, kter\u00e1 m\u016f\u017ee \u010dinit a\u017e 25 % v z\u00e1vislosti na va\u0161\u00ed zemi.<\/li>\n<li>Z\u00e1kazn\u00edci z Kanady: V z\u00e1vislosti na va\u0161\u00ed provincii m\u016f\u017ee zobrazen\u00e1 cena zahrnovat p\u0159\u00edslu\u0161n\u00e9 dan\u011b, kter\u00e9 mohou zahrnovat 5% GST a dal\u0161\u00ed provin\u010dn\u00ed dan\u011b z prodeje (PST), harmonizovanou da\u0148 z prodeje (HST) nebo quebeckou da\u0148 z prodeje (QST).<\/li>\n<\/ul>\n<p><strong>Pouze pro z\u00e1kazn\u00edky z EU:<\/strong> Expresn\u00ed DDP (Delivered Duty Paid). To znamen\u00e1: <\/p>\n<ul>\n<li>Ve\u0161ker\u00e1 cla a dan\u011b jsou zahrnuty v cen\u011b uveden\u00e9 na str\u00e1nce produktu.<\/li>\n<li>P\u0159i doru\u010den\u00ed nemus\u00edte platit \u017e\u00e1dn\u00e9 dal\u0161\u00ed poplatky.<\/li>\n<li>Ve v\u00fdjime\u010dn\u00fdch p\u0159\u00edpadech, kdy se vyskytnou probl\u00e9my souvisej\u00edc\u00ed s celn\u00edm \u0159\u00edzen\u00edm, se n\u00e1\u0161 t\u00fdm postar\u00e1 o celn\u00ed odbaven\u00ed va\u0161\u00edm jm\u00e9nem, aby bylo doru\u010den\u00ed bezprobl\u00e9mov\u00e9.<\/li>\n<p>D\u016fle\u017eit\u00e9 informace o vr\u00e1cen\u00ed zbo\u017e\u00ed:<\/p>\n<li>Pokud se rozhodnete objedn\u00e1vku vr\u00e1tit nebo po\u017e\u00e1dat o vr\u00e1cen\u00ed pen\u011bz, m\u011bjte na pam\u011bti, \u017ee dan\u011b a cla zaplacen\u00e9 za v\u00e1s podle podm\u00ednek DDP nelze vr\u00e1tit.<\/li>\n<p>Podrobn\u00e9 informace naleznete v na\u0161ich <a href=\"https:\/\/gpdstore.net\/cs\/terms-of-service\/\" target=\"_blank\" rel=\"nofollow noopener\">smluvn\u00edch podm\u00ednk\u00e1ch<\/a>.\n<\/ul>\n<p>[\/cg_accordion]\n[cg_accordion title=\"Z\u00c1KAZNICK\u00c1 PODPORA\"]<\/p>\n<p>M\u00e1te dotaz? V\u00e1\u0161 probl\u00e9m vy\u0159e\u0161\u00edme kr\u00e1tkou textovou zpr\u00e1vou!<br \/>\n[\/cg_accordion]\n[cg_accordion title=\"CO JE SOU\u010c\u00c1ST\u00cd BALEN\u00cd\"]<\/p>\n<ul>\n<li>1x nap\u00e1jec\u00ed z\u00e1str\u010dka (EU\/USA)<\/li>\n<li>1x stylus<\/li>\n<li>1x u\u017eivatelsk\u00e1 p\u0159\u00edru\u010dka<\/li>\n<\/ul>\n<p>[\/cg_accordion]\n","protected":false},"featured_media":337831,"template":"","meta":{"_acf_changed":false},"product_brand":[],"product_cat":[5475],"product_tag":[18426,5477],"woo-feed-brand":[5478],"class_list":{"0":"post-337642","1":"product","2":"type-product","3":"status-publish","4":"has-post-thumbnail","6":"product_cat-prenosne-monitory-cs","7":"product_tag-30gpdsale-cs","8":"product_tag-droix-portable-monitor-cs","9":"product_shipping_class-standard","10":"pa_brand-droix","11":"woo-feed-brand-droix-cs","13":"first","14":"outofstock","15":"sale","16":"taxable","17":"shipping-taxable","18":"purchasable","19":"product-type-variable","20":"has-default-attributes"},"acf":[],"aioseo_notices":[],"_links":{"self":[{"href":"https:\/\/gpdstore.net\/cs\/wp-json\/wp\/v2\/product\/337642","targetHints":{"allow":["GET"]}}],"collection":[{"href":"https:\/\/gpdstore.net\/cs\/wp-json\/wp\/v2\/product"}],"about":[{"href":"https:\/\/gpdstore.net\/cs\/wp-json\/wp\/v2\/types\/product"}],"wp:featuredmedia":[{"embeddable":true,"href":"https:\/\/gpdstore.net\/cs\/wp-json\/wp\/v2\/media\/337831"}],"wp:attachment":[{"href":"https:\/\/gpdstore.net\/cs\/wp-json\/wp\/v2\/media?parent=337642"}],"wp:term":[{"taxonomy":"product_brand","embeddable":true,"href":"https:\/\/gpdstore.net\/cs\/wp-json\/wp\/v2\/product_brand?post=337642"},{"taxonomy":"product_cat","embeddable":true,"href":"https:\/\/gpdstore.net\/cs\/wp-json\/wp\/v2\/product_cat?post=337642"},{"taxonomy":"product_tag","embeddable":true,"href":"https:\/\/gpdstore.net\/cs\/wp-json\/wp\/v2\/product_tag?post=337642"},{"taxonomy":"woo-feed-brand","embeddable":true,"href":"https:\/\/gpdstore.net\/cs\/wp-json\/wp\/v2\/woo-feed-brand?post=337642"}],"curies":[{"name":"wp","href":"https:\/\/api.w.org\/{rel}","templated":true}]}}