{"id":321072,"date":"2024-05-17T08:45:56","date_gmt":"2024-05-17T08:45:56","guid":{"rendered":"https:\/\/gpdstore.net\/neza\u0159azen\u00e9\/herni-kapesni-pocitac-gpd-win-3\/"},"modified":"2025-12-23T10:17:54","modified_gmt":"2025-12-23T10:17:54","slug":"gpd-win-3","status":"publish","type":"product","link":"https:\/\/gpdstore.net\/cs\/product\/gpd-win-3\/","title":{"rendered":"GPD WIN 3 Hern\u00ed kapesn\u00ed po\u010d\u00edta\u010d"},"content":{"rendered":"\n<h3 class=\"wp-block-heading\"><br\/>P\u0159edstavujeme GPD WIN 3: nov\u00e1 definice kapesn\u00edch hern\u00edch po\u010d\u00edta\u010d\u016f<\/h3>\n\n<p>V\u00edtejte v \u010dele kapesn\u00edch her s GPD WIN 3. Toto za\u0159\u00edzen\u00ed p\u0159edstavuje velk\u00fd skok vp\u0159ed v p\u0159enosn\u00e9 hern\u00ed technologii, p\u0159in\u00e1\u0161\u00ed bezkonkuren\u010dn\u00ed v\u00fdkon, inovativn\u00ed design a dokonalou mobilitu. Po\u010d\u00edta\u010d GPD WIN 3 je ur\u010den pro hr\u00e1\u010de, kte\u0159\u00ed vy\u017eaduj\u00ed dokonalost, a kombinuje v\u00fdkon stoln\u00edho hern\u00edho po\u010d\u00edta\u010de s pohodl\u00edm p\u0159enosn\u00e9ho za\u0159\u00edzen\u00ed. A\u0165 u\u017e jste doma, na cest\u00e1ch nebo na v\u00fdlet\u011b, s po\u010d\u00edta\u010dem GPD WIN 3 budete m\u00edt sv\u00e9 obl\u00edben\u00e9 hry na dosah ruky, jen s vysouvac\u00ed kl\u00e1vesnic\u00ed. Za\u017eijte spojen\u00ed pohodl\u00ed a vysok\u00e9ho v\u00fdkonu a objevte novou \u00e9ru hran\u00ed s GPD WIN 3.<\/p>\n\n<h3 class=\"wp-block-heading\">P\u0159ehled produkt\u016f: Vrchol p\u0159enosn\u00e9ho hran\u00ed<\/h3>\n\n<p>GPD WIN 3 p\u0159edstavuje nejnov\u011bj\u0161\u00ed pokroky v oblasti kapesn\u00edch hern\u00edch technologi\u00ed. Tento hern\u00ed po\u010d\u00edta\u010d v\u00e1\u017e\u00ed pouh\u00fdch 560 g a m\u00e1 rozm\u011bry 198 x 92 x 27 mm, tak\u017ee se pohodln\u011b vejde do ruky nebo do ta\u0161ky. Jej\u00ed elegantn\u00ed v\u00fdsuvn\u00e1 kl\u00e1vesnice odhaluje nekone\u010dn\u00e9 hern\u00ed mo\u017enosti, tak\u017ee je ide\u00e1ln\u00ed pro hran\u00ed na cest\u00e1ch i doma.<\/p>\n\n<p>Po\u010d\u00edta\u010d GPD WIN 3 je poh\u00e1n\u011bn procesorem Intel Core i7-1195G7 a je navr\u017een tak, aby poskytoval v\u00fdjime\u010dn\u00e9 hern\u00ed z\u00e1\u017eitky. Kompaktn\u00ed design z n\u011bj d\u011bl\u00e1 nejen v\u00fdkonn\u00fd hern\u00ed po\u010d\u00edta\u010d, ale tak\u00e9 v\u0161estrann\u00fd n\u00e1stroj pro r\u016fzn\u00e1 prost\u0159ed\u00ed, a\u0165 u\u017e cestujete, nebo odpo\u010d\u00edv\u00e1te doma.<\/p>\n\n<h3 class=\"wp-block-heading\">Podrobn\u00e9 vlastnosti: V\u00fdkon bez z\u00e1t\u011b\u017ee<\/h3>\n\n<p><strong>V\u00fdkonnost:<\/strong> GPD WIN 3 je vybaven procesorem Intel Core i7-1195G7 a grafikou Intel Iris Xe, \u010d\u00edm\u017e nastavuje nov\u00e9 m\u011b\u0159\u00edtko pro v\u00fdkon kapesn\u00edch po\u010d\u00edta\u010d\u016f. Tento procesor se 4 j\u00e1dry a 8 vl\u00e1kny dosahuj\u00edc\u00edmi a\u017e 5,00 GHz s funkc\u00ed Turbo Boost zaji\u0161\u0165uje vynikaj\u00edc\u00ed v\u00fdkon. Integrovan\u00fd grafick\u00fd procesor s 96 prov\u00e1d\u011bc\u00edmi jednotkami poskytuje siln\u00e9 grafick\u00e9 schopnosti a podporuje rozli\u0161en\u00ed 4K p\u0159i 60 Hz.  <\/p>\n\n<p><strong>Pam\u011b\u0165 a \u00falo\u017ei\u0161t\u011b:<\/strong> GPD WIN 3 je vybaven 16 GB pam\u011bti LPDDR4x-4266 RAM, kter\u00e1 zaji\u0161\u0165uje rychl\u00e9 na\u010d\u00edt\u00e1n\u00ed her a bezprobl\u00e9mov\u00fd multitasking. Jeho 1TB NVMe SSD nab\u00edz\u00ed dostatek prostoru pro rozs\u00e1hlou hern\u00ed knihovnu a rychl\u00e9 na\u010d\u00edt\u00e1n\u00ed, tak\u017ee va\u0161e obl\u00edben\u00e9 hry a aplikace budou p\u0159ipraveny k pou\u017eit\u00ed. <\/p>\n\n<h3 class=\"wp-block-heading\">Zku\u0161enosti u\u017eivatel\u016f: Na m\u00edru hr\u00e1\u010d\u016fm<\/h3>\n\n<p>Po\u010d\u00edta\u010d GPD WIN 3 se syst\u00e9mem Windows podporuje \u0161irokou \u0161k\u00e1lu aplikac\u00ed, od nejnov\u011bj\u0161\u00edch her AAA a\u017e po klasick\u00e9 tituly a aplikace pro ka\u017edodenn\u00ed pou\u017eit\u00ed. Na 5,5palcov\u00e9m dotykov\u00e9m displeji H-IPS s ostr\u00fdm rozli\u0161en\u00edm 1280 \u00d7 720 a 268 PPI o\u017eije ka\u017ed\u00fd detail. P\u0159ipojen\u00ed je rozs\u00e1hl\u00e9 &#8211; Wi-Fi 6, Bluetooth 5.0 a n\u011bkolik port\u016f USB zaji\u0161\u0165uj\u00ed, \u017ee budete p\u0159ipojeni ke sv\u00fdm hr\u00e1m a periferi\u00edm, a\u0165 jste kdekoli.<\/p>\n\n<h3 class=\"wp-block-heading\">Z\u00e1v\u011br: Budoucnost her je ve va\u0161ich rukou<\/h3>\n\n<p>GPD WIN 3 je v\u00edc ne\u017e jen p\u0159enosn\u00e9 hern\u00ed za\u0159\u00edzen\u00ed; je to vizion\u00e1\u0159sk\u00fd skok do budoucnosti hran\u00ed. Spojen\u00edm vysoce v\u00fdkonn\u00e9ho hardwaru s p\u0159enosn\u00fdm inovativn\u00edm designem nab\u00edz\u00ed dokonal\u00fd hern\u00ed z\u00e1\u017eitek pro ty, kte\u0159\u00ed jsou na cest\u00e1ch. Toto za\u0159\u00edzen\u00ed nen\u00ed pouh\u00fdm krokem vp\u0159ed, je to transforma\u010dn\u00ed skok do budoucnosti her.<\/p>\n","protected":false},"excerpt":{"rendered":"<ul>\n<li>Intel\u00ae<b> Core\u2122 i5-1135G7\/ i7-1165G7\/ i7-1195G7<\/b> w\/ <b>Intel Iris Xe Graphics<\/b><\/li>\n<li><strong>16 GB dvoukan\u00e1lov\u00e9<\/strong> pam\u011bti LPDDR4x @ 4266 MHz<\/li>\n<li><strong>1TB<\/strong> vysokorychlostn\u00ed PCI-E <strong>NVMe<\/strong> <strong> SSD<\/strong><\/li>\n<li><strong>Port Thunderbolt 4<\/strong><\/li>\n<li>Podpora <strong>WiFi 6<\/strong> a <strong>Bluetooth 5.1<\/strong> <\/li>\n<li><strong>Hern\u00ed handheld<\/strong> AAA<\/li>\n<\/ul>\n[cg_accordion title=\"INFORMACE O PLATB\u011a\"]<\/p>\n<p>Pou\u017e\u00edv\u00e1me nejnov\u011bj\u0161\u00ed technologie zpracov\u00e1n\u00ed plateb, kter\u00e9 v\u00e1m umo\u017e\u0148uj\u00ed prov\u00e9st platbu prost\u0159ednictv\u00edm Apple Pay, Google Pay, va\u0161\u00ed debetn\u00ed\/kreditn\u00ed karty, PayPal nebo metod BNPL, jako jsou Klarna, Affirm nebo AfterPay, a zajistit tak rychl\u00e9 a bezpe\u010dn\u00e9 zpracov\u00e1n\u00ed.[\/cg_accordion]\n[cg_accordion title=\"Z\u00c1RUKA\"]<\/p>\n<p>2 roky z\u00e1ruky od spole\u010dnosti <a href=\"https:\/\/droix.net\/\" target=\"_blank\" rel=\"nofollow noopener\">DROIX Global pro<\/a> v\u00e1\u0161 klid.[\/cg_accordion]\n[cg_accordion title=\"CENY, DAN\u011a A DOPRAVA\"]<\/p>\n<p><strong><u>Pozn\u00e1mka:<\/u><\/strong><\/p>\n<ul>\n<li>Z\u00e1kazn\u00edci ze Spojen\u00fdch st\u00e1t\u016f: Z\u00e1kazn\u00edci: Zobrazen\u00e1 cena NEZAHRNUJE DAN\u011a ani cla. Odpov\u011bdnost za celn\u00ed odbaven\u00ed a zaplacen\u00ed souvisej\u00edc\u00ed dan\u011b\/celn\u00ed sazby nese z\u00e1kazn\u00edk. <\/li>\n<li>Z\u00e1kazn\u00edci z EU: V zobrazen\u00e9 cen\u011b je zahrnuta p\u0159\u00edslu\u0161n\u00e1 DA\u0147, kter\u00e1 m\u016f\u017ee \u010dinit a\u017e 25 % v z\u00e1vislosti na va\u0161\u00ed zemi.<\/li>\n<li>Z\u00e1kazn\u00edci z Kanady: V z\u00e1vislosti na va\u0161\u00ed provincii m\u016f\u017ee zobrazen\u00e1 cena zahrnovat p\u0159\u00edslu\u0161n\u00e9 dan\u011b, kter\u00e9 mohou zahrnovat 5% GST a dal\u0161\u00ed provin\u010dn\u00ed dan\u011b z prodeje (PST), harmonizovanou da\u0148 z prodeje (HST) nebo quebeckou da\u0148 z prodeje (QST).<\/li>\n<\/ul>\n<p><strong>Pouze pro z\u00e1kazn\u00edky z EU:<\/strong> Expresn\u00ed DDP (Delivered Duty Paid). To znamen\u00e1: <\/p>\n<ul>\n<li>Ve\u0161ker\u00e1 cla a dan\u011b jsou zahrnuty v cen\u011b uveden\u00e9 na str\u00e1nce produktu.<\/li>\n<li>P\u0159i doru\u010den\u00ed nemus\u00edte platit \u017e\u00e1dn\u00e9 dal\u0161\u00ed poplatky.<\/li>\n<li>Ve v\u00fdjime\u010dn\u00fdch p\u0159\u00edpadech, kdy se vyskytnou probl\u00e9my souvisej\u00edc\u00ed s celn\u00edm \u0159\u00edzen\u00edm, se n\u00e1\u0161 t\u00fdm postar\u00e1 o celn\u00ed odbaven\u00ed va\u0161\u00edm jm\u00e9nem, aby bylo doru\u010den\u00ed bezprobl\u00e9mov\u00e9.<\/li>\n<p>D\u016fle\u017eit\u00e9 informace o vr\u00e1cen\u00ed zbo\u017e\u00ed:<\/p>\n<li>Pokud se rozhodnete objedn\u00e1vku vr\u00e1tit nebo po\u017e\u00e1dat o vr\u00e1cen\u00ed pen\u011bz, m\u011bjte na pam\u011bti, \u017ee dan\u011b a cla zaplacen\u00e9 za v\u00e1s podle podm\u00ednek DDP nelze vr\u00e1tit.<\/li>\n<p>Podrobn\u00e9 informace naleznete v na\u0161ich <a href=\"https:\/\/gpdstore.net\/cs\/terms-of-service\/\" target=\"_blank\" rel=\"nofollow noopener\">smluvn\u00edch podm\u00ednk\u00e1ch<\/a>.\n<\/ul>\n<p>[\/cg_accordion]\n[cg_accordion title=\"Z\u00c1KAZNICK\u00c1 PODPORA\"]<\/p>\n<p>M\u00e1te dotaz? V\u00e1\u0161 probl\u00e9m vy\u0159e\u0161\u00edme kr\u00e1tkou textovou zpr\u00e1vou!<br \/>\n[\/cg_accordion]\n[cg_accordion title=\"CO JE SOU\u010c\u00c1ST\u00cd BALEN\u00cd\"]<\/p>\n<ul>\n<li>1x kabel USB typu C<\/li>\n<li>1x nap\u00e1jec\u00ed adapt\u00e9r<\/li>\n<li>1x u\u017eivatelsk\u00e1 p\u0159\u00edru\u010dka<\/li>\n<\/ul>\n<p>[\/cg_accordion]\n","protected":false},"featured_media":321185,"template":"","meta":{"_acf_changed":false},"product_brand":[],"product_cat":[18116],"product_tag":[9940],"woo-feed-brand":[5594],"class_list":{"0":"post-321072","1":"product","2":"type-product","3":"status-publish","4":"has-post-thumbnail","6":"product_cat-rucni-pocitac-gpd-pro-hrani-her","7":"product_tag-gpd-win-3-cs-2","8":"product_shipping_class-premium","9":"pa_bluetooth-5-1-cs","10":"pa_brand-gpd","11":"pa_graphics-gpu-model-grafika-intel-iris-xe-cs","12":"pa_i-o-video-core-i7-1195g7-1x-pres-thunderbolt-4-usb-typu-c","13":"pa_memory-ram-capacity-16-gb-cs","14":"pa_memory-ram-technology-lpddr4x-cs","15":"pa_storage-capacity-1-tb-cs","16":"pa_storage-technology-pcie-gen-4-cs","17":"pa_wi-fi-wi-fi-6-cs","18":"woo-feed-brand-gpd-cs","20":"first","21":"outofstock","22":"taxable","23":"shipping-taxable","24":"purchasable","25":"product-type-variable","26":"has-default-attributes"},"acf":[],"aioseo_notices":[],"_links":{"self":[{"href":"https:\/\/gpdstore.net\/cs\/wp-json\/wp\/v2\/product\/321072","targetHints":{"allow":["GET"]}}],"collection":[{"href":"https:\/\/gpdstore.net\/cs\/wp-json\/wp\/v2\/product"}],"about":[{"href":"https:\/\/gpdstore.net\/cs\/wp-json\/wp\/v2\/types\/product"}],"wp:featuredmedia":[{"embeddable":true,"href":"https:\/\/gpdstore.net\/cs\/wp-json\/wp\/v2\/media\/321185"}],"wp:attachment":[{"href":"https:\/\/gpdstore.net\/cs\/wp-json\/wp\/v2\/media?parent=321072"}],"wp:term":[{"taxonomy":"product_brand","embeddable":true,"href":"https:\/\/gpdstore.net\/cs\/wp-json\/wp\/v2\/product_brand?post=321072"},{"taxonomy":"product_cat","embeddable":true,"href":"https:\/\/gpdstore.net\/cs\/wp-json\/wp\/v2\/product_cat?post=321072"},{"taxonomy":"product_tag","embeddable":true,"href":"https:\/\/gpdstore.net\/cs\/wp-json\/wp\/v2\/product_tag?post=321072"},{"taxonomy":"woo-feed-brand","embeddable":true,"href":"https:\/\/gpdstore.net\/cs\/wp-json\/wp\/v2\/woo-feed-brand?post=321072"}],"curies":[{"name":"wp","href":"https:\/\/api.w.org\/{rel}","templated":true}]}}