{"id":261729,"date":"2024-01-23T13:57:51","date_gmt":"2024-01-23T13:57:51","guid":{"rendered":"https:\/\/gpdstore.net\/neza\u0159azen\u00e9\/kabel-usb-4-0-typu-c\/"},"modified":"2025-12-23T10:22:33","modified_gmt":"2025-12-23T10:22:33","slug":"usb-4-0-type-c-cable","status":"publish","type":"product","link":"https:\/\/gpdstore.net\/cs\/product\/usb-4-0-type-c-cable\/","title":{"rendered":"Kabel USB 4.0 typu C"},"content":{"rendered":"\n<h3 class=\"wp-block-heading\"><strong>Zlep\u0161ete konektivitu s na\u0161\u00edm \u0161pi\u010dkov\u00fdm kabelem USB 4.0 typu C<\/strong><br\/><strong>Objevte s\u00edlu bezprobl\u00e9mov\u00e9ho p\u0159ipojen\u00ed<\/strong><\/h3>\n\n<h4 class=\"wp-block-heading\"><strong>Uvoln\u011bte potenci\u00e1l dat<\/strong><\/h4>\n\n<p>Uvoln\u011bte potenci\u00e1l dat s na\u0161\u00edm revolu\u010dn\u00edm kabelem USB 4.0 typu C. S p\u016fsobivou rychlost\u00ed p\u0159enosu dat 40 Gb\/s zaji\u0161\u0165uje rychl\u00e9 p\u0159enosy soubor\u016f a odstra\u0148uje pot\u00ed\u017ee se zpo\u017ed\u011bn\u00fdmi p\u0159enosy. <\/p>\n\n<h4 class=\"wp-block-heading\"><strong>Kompatibilita p\u0159ipraven\u00e1 na budoucnost<\/strong><\/h4>\n\n<p>Z\u016fsta\u0148te na technologick\u00e9 \u0161pi\u010dce d\u00edky kompatibilit\u011b na\u0161eho kabelu s rozhran\u00edm Thunderbolt 3 a 4. To zaru\u010duje bezprobl\u00e9movou integraci s nejnov\u011bj\u0161\u00edmi za\u0159\u00edzen\u00edmi a zaji\u0161\u0165uje, \u017ee va\u0161e \u0159e\u0161en\u00ed p\u0159ipojen\u00ed z\u016fstane aktu\u00e1ln\u00ed i v budoucnosti. <\/p>\n\n<h4 class=\"wp-block-heading\"><strong>Bezkonkuren\u010dn\u00ed dod\u00e1vka energie<\/strong><\/h4>\n\n<p>S na\u0161\u00edm kabelem USB 4.0 typu C, kter\u00fd poskytuje vynikaj\u00edc\u00ed v\u00fdkon 240 W, z\u00edsk\u00e1te \u0161pi\u010dkov\u00e9 mo\u017enosti nap\u00e1jen\u00ed. To znamen\u00e1 rychlej\u0161\u00ed nab\u00edjen\u00ed a del\u0161\u00ed dobu provozu za\u0159\u00edzen\u00ed, co\u017e umo\u017e\u0148uje nep\u0159etr\u017eit\u00e9 p\u0159ipojen\u00ed. <\/p>\n\n<h4 class=\"wp-block-heading\"><strong>Pono\u0159te se do v\u00fdjime\u010dn\u00e9 vizu\u00e1ln\u00ed v\u011brnosti<\/strong><\/h4>\n\n<p>Pono\u0159te se do sv\u011bta ohromuj\u00edc\u00ed \u010distoty d\u00edky podpo\u0159e rozli\u0161en\u00ed a\u017e 8K p\u0159i 60 Hz. Ka\u017ed\u00fd detail o\u017e\u00edv\u00e1 s pozoruhodnou p\u0159esnost\u00ed, co\u017e vyhovuje tv\u016frc\u016fm obsahu ve vysok\u00e9m rozli\u0161en\u00ed, hr\u00e1\u010d\u016fm a milovn\u00edk\u016fm z\u00e1bavy. <\/p>\n\n<h4 class=\"wp-block-heading\"><strong>Inovativn\u00ed obrazovka vyu\u017eit\u00ed energie<\/strong><\/h4>\n\n<p>M\u011bjte p\u0159ehled o spot\u0159eb\u011b energie d\u00edky integrovan\u00e9mu displeji na konektoru USB, kter\u00fd poskytuje informace o spot\u0159eb\u011b energie v re\u00e1ln\u00e9m \u010dase. Sledujte vyu\u017eit\u00ed energie sv\u00fdch za\u0159\u00edzen\u00ed a z\u00edskejte efektivn\u011bj\u0161\u00ed a kontrolovan\u011bj\u0161\u00ed nab\u00edjen\u00ed. <\/p>\n\n<h4 class=\"wp-block-heading\"><strong>\u0158e\u0161en\u00ed na m\u00edru va\u0161im po\u017eadavk\u016fm<\/strong><\/h4>\n\n<p>Vyberte si d\u00e9lku, kter\u00e1 nejl\u00e9pe vyhovuje va\u0161emu nastaven\u00ed, v\u010detn\u011b standardn\u00edho kabelu o d\u00e9lce 0,8 m a 1,5 m nebo kabelu ve tvaru p\u00edsmene L, kter\u00fd je rovn\u011b\u017e k dispozici ve variant\u00e1ch 0,8 m a 1,5 m. A\u0165 u\u017e d\u00e1v\u00e1te p\u0159ednost flexibilit\u011b, nebo pot\u0159ebujete prostorov\u011b \u00fasporn\u00e9 \u0159e\u0161en\u00ed, n\u00e1\u0161 kabel USB 4.0 typu C vyhov\u00ed va\u0161im pot\u0159eb\u00e1m p\u0159ipojen\u00ed. <\/p>\n\n<h4 class=\"wp-block-heading\"><strong>Zku\u0161enosti s p\u0159ipojen\u00edm bez kompromis\u016f<\/strong><\/h4>\n\n<p>N\u00e1\u0161 kabel USB 4.0 typu C je precizn\u011b a odborn\u011b zpracovan\u00fd a je dokonal\u00fdm spole\u010dn\u00edkem pro technick\u00e9 nad\u0161ence, kreativn\u00ed profesion\u00e1ly i b\u011b\u017en\u00e9 u\u017eivatele, kte\u0159\u00ed vy\u017eaduj\u00ed dokonal\u00e9 \u0159e\u0161en\u00ed p\u0159ipojen\u00ed. Objevte sv\u011bt neomezen\u00fdch mo\u017enost\u00ed s kabelem USB 4.0 Type-C. <\/p>\n","protected":false},"excerpt":{"rendered":"<ul>\n<li>Rychlost p\u0159enosu dat <strong>40 Gb\/s<\/strong> <\/li>\n<li>Thunderbolt <strong>3<\/strong> a <strong>4<\/strong><\/li>\n<li>Nap\u00e1jen\u00ed a\u017e <strong>240 W<\/strong> <\/li>\n<li>Podpora v\u00fdstupu videa a\u017e <strong>8K @ 60Hz<\/strong> <\/li>\n<li>Vestav\u011bn\u00fd <strong>ukazatel p\u0159\u00edkonu<\/strong><\/li>\n<\/ul>\n[cg_accordion title=\"INFORMACE O PLATB\u011a\"]<\/p>\n<p>Pou\u017e\u00edv\u00e1me nejnov\u011bj\u0161\u00ed technologii zpracov\u00e1n\u00ed plateb, kter\u00e1 v\u00e1m umo\u017en\u00ed prov\u00e9st platbu prost\u0159ednictv\u00edm debetn\u00ed\/kreditn\u00ed karty nebo slu\u017eby PayPal, co\u017e je rychl\u00e9 a bezpe\u010dn\u00e9.[\/cg_accordion]\n[cg_accordion title=\"Z\u00c1RUKA\"]<\/p>\n<p>2 roky z\u00e1ruky od spole\u010dnosti <a href=\"https:\/\/droix.net\/\" target=\"_blank\" rel=\"nofollow noopener\">DROIX Global pro<\/a> v\u00e1\u0161 klid.[\/cg_accordion]\n[cg_accordion title=\"CENY, DAN\u011a A DOPRAVA\"]<\/p>\n<p><strong><u>Pozn\u00e1mka:<\/u><\/strong><\/p>\n<ul>\n<li>Z\u00e1kazn\u00edci ze Spojen\u00fdch st\u00e1t\u016f: Z\u00e1kazn\u00edci: Zobrazen\u00e1 cena NEZAHRNUJE DAN\u011a ani cla. Odpov\u011bdnost za celn\u00ed odbaven\u00ed a zaplacen\u00ed souvisej\u00edc\u00ed dan\u011b\/celn\u00ed sazby nese z\u00e1kazn\u00edk. <\/li>\n<li>Z\u00e1kazn\u00edci z EU: V zobrazen\u00e9 cen\u011b je zahrnuta p\u0159\u00edslu\u0161n\u00e1 DA\u0147, kter\u00e1 m\u016f\u017ee \u010dinit a\u017e 25 % v z\u00e1vislosti na va\u0161\u00ed zemi.<\/li>\n<li>Z\u00e1kazn\u00edci z Kanady: V z\u00e1vislosti na va\u0161\u00ed provincii m\u016f\u017ee zobrazen\u00e1 cena zahrnovat p\u0159\u00edslu\u0161n\u00e9 dan\u011b, kter\u00e9 mohou zahrnovat 5% GST a dal\u0161\u00ed provin\u010dn\u00ed dan\u011b z prodeje (PST), harmonizovanou da\u0148 z prodeje (HST) nebo quebeckou da\u0148 z prodeje (QST).<\/li>\n<\/ul>\n<p><strong>Pouze pro z\u00e1kazn\u00edky z EU:<\/strong> Expresn\u00ed DDP (Delivered Duty Paid). To znamen\u00e1: <\/p>\n<ul>\n<li>Ve\u0161ker\u00e1 cla a dan\u011b jsou zahrnuty v cen\u011b uveden\u00e9 na str\u00e1nce produktu.<\/li>\n<li>P\u0159i doru\u010den\u00ed nemus\u00edte platit \u017e\u00e1dn\u00e9 dal\u0161\u00ed poplatky.<\/li>\n<li>Ve v\u00fdjime\u010dn\u00fdch p\u0159\u00edpadech, kdy se vyskytnou probl\u00e9my souvisej\u00edc\u00ed s celn\u00edm \u0159\u00edzen\u00edm, se n\u00e1\u0161 t\u00fdm postar\u00e1 o celn\u00ed odbaven\u00ed va\u0161\u00edm jm\u00e9nem, aby bylo doru\u010den\u00ed bezprobl\u00e9mov\u00e9.<\/li>\n<p>D\u016fle\u017eit\u00e9 informace o vr\u00e1cen\u00ed zbo\u017e\u00ed:<\/p>\n<li>Pokud se rozhodnete objedn\u00e1vku vr\u00e1tit nebo po\u017e\u00e1dat o vr\u00e1cen\u00ed pen\u011bz, m\u011bjte na pam\u011bti, \u017ee dan\u011b a cla zaplacen\u00e9 za v\u00e1s podle podm\u00ednek DDP nelze vr\u00e1tit.<\/li>\n<p>Podrobn\u00e9 informace naleznete v na\u0161ich <a href=\"https:\/\/droix.net\/terms-and-conditions\/\" target=\"_blank\" rel=\"nofollow noopener\">smluvn\u00edch podm\u00ednk\u00e1ch<\/a>.\n<\/ul>\n<p>[\/cg_accordion]\n[cg_accordion title=\"Z\u00c1KAZNICK\u00c1 PODPORA\"]<\/p>\n<p>M\u00e1te dotaz? V\u00e1\u0161 probl\u00e9m vy\u0159e\u0161\u00edme kr\u00e1tkou textovou zpr\u00e1vou! <\/p>\n<p>Podrobn\u00e9 informace naleznete v na\u0161ich <a href=\"https:\/\/gpdstore.net\/cs\/terms-of-service\/\" target=\"_blank\" rel=\"nofollow noopener\">smluvn\u00edch podm\u00ednk\u00e1ch<\/a>.\n<\/ul>\n<p>[\/cg_accordion]\n[cg_accordion title=\"CO JE SOU\u010c\u00c1ST\u00cd BALEN\u00cd\"]<\/p>\n<ul>\n<li>1x kabel USB 4.0 typu C<\/li>\n<\/ul>\n<p>[\/cg_accordion]\n","protected":false},"featured_media":262649,"template":"","meta":{"_acf_changed":false},"product_brand":[],"product_cat":[5402],"product_tag":[12560,9457],"woo-feed-brand":[5478],"class_list":{"0":"post-261729","1":"product","2":"type-product","3":"status-publish","4":"has-post-thumbnail","6":"product_cat-prislusenstvi","7":"product_tag-40bfsale-cs","8":"product_tag-vseobecne-prislusenstvi","9":"product_shipping_class-low-end","10":"pa_accessory-type-kabel-cs","11":"pa_i-o-video-1x-pres-usb-4-0-type-c-dp-8k60hz-cs","12":"woo-feed-brand-droix-cs","14":"first","15":"outofstock","16":"sale","17":"taxable","18":"shipping-taxable","19":"purchasable","20":"product-type-variable","21":"has-default-attributes"},"acf":[],"aioseo_notices":[],"_links":{"self":[{"href":"https:\/\/gpdstore.net\/cs\/wp-json\/wp\/v2\/product\/261729","targetHints":{"allow":["GET"]}}],"collection":[{"href":"https:\/\/gpdstore.net\/cs\/wp-json\/wp\/v2\/product"}],"about":[{"href":"https:\/\/gpdstore.net\/cs\/wp-json\/wp\/v2\/types\/product"}],"wp:featuredmedia":[{"embeddable":true,"href":"https:\/\/gpdstore.net\/cs\/wp-json\/wp\/v2\/media\/262649"}],"wp:attachment":[{"href":"https:\/\/gpdstore.net\/cs\/wp-json\/wp\/v2\/media?parent=261729"}],"wp:term":[{"taxonomy":"product_brand","embeddable":true,"href":"https:\/\/gpdstore.net\/cs\/wp-json\/wp\/v2\/product_brand?post=261729"},{"taxonomy":"product_cat","embeddable":true,"href":"https:\/\/gpdstore.net\/cs\/wp-json\/wp\/v2\/product_cat?post=261729"},{"taxonomy":"product_tag","embeddable":true,"href":"https:\/\/gpdstore.net\/cs\/wp-json\/wp\/v2\/product_tag?post=261729"},{"taxonomy":"woo-feed-brand","embeddable":true,"href":"https:\/\/gpdstore.net\/cs\/wp-json\/wp\/v2\/woo-feed-brand?post=261729"}],"curies":[{"name":"wp","href":"https:\/\/api.w.org\/{rel}","templated":true}]}}