{"id":242293,"date":"2023-11-29T11:23:37","date_gmt":"2023-11-29T11:23:37","guid":{"rendered":"https:\/\/gpdstore.net\/neza\u0159azen\u00e9\/dokovaci-stanice-gpd-g1-2024-egpu\/"},"modified":"2026-03-27T11:13:13","modified_gmt":"2026-03-27T11:13:13","slug":"gpd-g1","status":"publish","type":"product","link":"https:\/\/gpdstore.net\/cs\/product\/gpd-g1\/","title":{"rendered":"Dokovac\u00ed stanice GPD G1 (2024) eGPU"},"content":{"rendered":"\n<figure class=\"wp-block-image aligncenter size-full\"><img decoding=\"async\" src=\"https:\/\/gpdstore.net\/wp-content\/uploads\/\" alt=\"Obr&#xE1;zek dokovac&#xED; stanice GPD G1 2024 eGPU s grafick&#xFD;m procesorem AMD Radeon RX 7600M XT, p&#x159;ep&#xED;na&#x10D;em TGP a v&#x161;estrann&#xFD;m p&#x159;ipojen&#xED;m. Ide&#xE1;ln&#xED; pro hr&#xE1;&#x10D;e i profesion&#xE1;ly. P&#x159;edobjednejte si nyn&#xED; revolu&#x10D;n&#xED; mo&#x17E;nosti\" class=\"wp-image-1471\"\/><\/figure>\n\n<h2 class=\"wp-block-heading\"><strong>Dokovac\u00ed stanice GPD G1 2024 eGPU: Revolu\u010dn\u00ed skok<\/strong><\/h2>\n\n<p>Dokovac\u00ed stanice GPD G1 2024 eGPU p\u0159edstavuje v\u00fdznamn\u00fd krok vp\u0159ed ve sv\u011bt\u011b extern\u00edch grafick\u00fdch procesor\u016f. Tato dokovac\u00ed stanice je ur\u010dena pro u\u017eivatele, kte\u0159\u00ed vy\u017eaduj\u00ed mobilitu i vysok\u00fd v\u00fdpo\u010detn\u00ed v\u00fdkon, a nov\u011b definuje standardy v oblasti eGPU. Dokovac\u00ed stanice GPD G1 eGPU se \u0161pi\u010dkovou technologi\u00ed, v\u010detn\u011b grafick\u00e9 karty AMD Radeon RX 7600M XT, a inovativn\u00edmi funkcemi, jako je p\u0159ep\u00edna\u010d TGP, je ur\u010dena jak pro hr\u00e1\u010de, tak pro profesion\u00e1ly. Jeho elegantn\u00ed a p\u0159enosn\u00fd design nejen\u017ee roz\u0161\u00ed\u0159\u00ed v\u00e1\u0161 pracovn\u00ed prostor, ale tak\u00e9 zajist\u00ed vysok\u00fd v\u00fdkon, a\u0165 jste kdekoli. Se za\u0159\u00edzen\u00edm GPD G1 se m\u016f\u017eete t\u011b\u0161it na budoucnost z\u00e1bavy a produktivity bez kompromis\u016f.<\/p>\n\n<figure class=\"wp-block-gallery has-nested-images columns-default is-cropped wp-block-gallery-1 is-layout-flex wp-block-gallery-is-layout-flex\">\n<figure class=\"wp-block-image size-large\"><img decoding=\"async\" data-id=\"1494\" src=\"https:\/\/gpdstore.net\/wp-content\/uploads\/\" alt=\"Obr&#xE1;zek ukazuje kapesn&#xED; za&#x159;&#xED;zen&#xED; GPD G1 p&#x159;ipojen&#xE9; k notebooku WIN Max 2, p&#x159;i&#x10D;em&#x17E; ob&#x11B; za&#x159;&#xED;zen&#xED; jsou p&#x159;ipojena k extern&#xED;m monitor&#x16F;m pro roz&#x161;&#xED;&#x159;en&#xE9; nastaven&#xED; zobrazen&#xED;.\" class=\"wp-image-1494\"\/><\/figure>\n\n\n\n<figure class=\"wp-block-image size-large\"><img decoding=\"async\" data-id=\"1493\" src=\"https:\/\/gpdstore.net\/wp-content\/uploads\/\" alt=\"Obr&#xE1;zek zachycuj&#xED;c&#xED; kapesn&#xED; za&#x159;&#xED;zen&#xED; GPD G1 p&#x159;ipojen&#xE9; k notebooku WIN 4 spolu s extern&#xED;mi monitory, co&#x17E; umo&#x17E;&#x148;uje nastaven&#xED; s v&#xED;ce displeji.\" class=\"wp-image-1493\"\/><\/figure>\n\n\n\n<figure class=\"wp-block-image size-large\"><img decoding=\"async\" data-id=\"1467\" src=\"https:\/\/gpdstore.net\/wp-content\/uploads\/\" alt=\"Obr&#xE1;zek ukazuje kapesn&#xED; za&#x159;&#xED;zen&#xED; GPD G1 p&#x159;ipojen&#xE9; k za&#x159;&#xED;zen&#xED; GPD Pocket 3, p&#x159;i&#x10D;em&#x17E; ob&#x11B; za&#x159;&#xED;zen&#xED; jsou propojena s extern&#xED;mi monitory pro konfiguraci s v&#xED;ce displeji.\" class=\"wp-image-1467\"\/><\/figure>\n\n\n\n<figure class=\"wp-block-image size-large\"><img decoding=\"async\" data-id=\"1464\" src=\"https:\/\/gpdstore.net\/wp-content\/uploads\/\" alt=\"GPD G1 2024, elegantn&#xED; kapesn&#xED; hern&#xED; za&#x159;&#xED;zen&#xED; s &#x17E;iv&#xFD;m displejem, ergonomick&#xFD;m ovl&#xE1;d&#xE1;n&#xED;m a modern&#xED;m designem.\" class=\"wp-image-1464\"\/><\/figure>\n\n\n\n<figure class=\"wp-block-image size-large\"><img fetchpriority=\"high\" decoding=\"async\" width=\"1000\" height=\"1000\" data-id=\"1465\" src=\"https:\/\/gpdstore.net\/wp-content\/uploads\/2024\/05\/GPD-G1_2024-USAGE-IMAGE-5.jpg\" alt=\"Obr&#xE1;zek ru&#x10D;n&#xED;ho za&#x159;&#xED;zen&#xED; GPD G1 p&#x159;ipojen&#xE9;ho k notebooku.\" class=\"wp-image-1465\" srcset=\"https:\/\/gpdstore.net\/wp-content\/uploads\/2024\/05\/GPD-G1_2024-USAGE-IMAGE-5.jpg 1000w, https:\/\/gpdstore.net\/wp-content\/uploads\/2024\/05\/GPD-G1_2024-USAGE-IMAGE-5-600x600.jpg 600w, https:\/\/gpdstore.net\/wp-content\/uploads\/2024\/05\/GPD-G1_2024-USAGE-IMAGE-5-150x150.jpg 150w, https:\/\/gpdstore.net\/wp-content\/uploads\/2024\/05\/GPD-G1_2024-USAGE-IMAGE-5-768x768.jpg 768w, https:\/\/gpdstore.net\/wp-content\/uploads\/2024\/05\/GPD-G1_2024-USAGE-IMAGE-5-990x990.jpg 990w, https:\/\/gpdstore.net\/wp-content\/uploads\/2024\/05\/GPD-G1_2024-USAGE-IMAGE-5-441x441.jpg 441w, https:\/\/gpdstore.net\/wp-content\/uploads\/2024\/05\/GPD-G1_2024-USAGE-IMAGE-5-100x100.jpg 100w\" sizes=\"(max-width: 1000px) 100vw, 1000px\" \/><\/figure>\n\n\n\n<figure class=\"wp-block-image size-large\"><img decoding=\"async\" data-id=\"1466\" src=\"https:\/\/gpdstore.net\/wp-content\/uploads\/\" alt=\"Dokovac&#xED; stanice GPD G1 2024 eGPU: GPU AMD Radeon RX 7600M XT, p&#x159;ep&#xED;na&#x10D; TGP a v&#x161;estrann&#xE9; mo&#x17E;nosti p&#x159;ipojen&#xED;. Ide&#xE1;ln&#xED; pro hr&#xE1;&#x10D;e a profesion&#xE1;ly.\" class=\"wp-image-1466\"\/><\/figure>\n<\/figure>\n\n<div class=\"wp-block-columns is-layout-flex wp-container-core-columns-is-layout-28f84493 wp-block-columns-is-layout-flex\">\n<div class=\"wp-block-column is-layout-flow wp-block-column-is-layout-flow\" style=\"flex-basis:66.66%\">\n<figure class=\"wp-block-image size-full\"><img decoding=\"async\" src=\"https:\/\/gpdstore.net\/wp-content\/uploads\/\" alt=\"Obr&#xE1;zek p&#x159;edstavuj&#xED;c&#xED; dokovac&#xED; stanici GPD G1 2024 eGPU s grafick&#xFD;m procesorem AMD Radeon RX 7600M XT, p&#x159;ep&#xED;na&#x10D;em TGP a v&#x161;estrann&#xFD;mi mo&#x17E;nostmi p&#x159;ipojen&#xED;. Ide&#xE1;ln&#xED; pro hr&#xE1;&#x10D;e a profesion&#xE1;ly, kte&#x159;&#xED; hledaj&#xED; bezkonkuren&#x10D;n&#xED; v&#xFD;kon a elegantn&#xED; design.\" class=\"wp-image-995\"\/><\/figure>\n<\/div>\n\n\n\n<div class=\"wp-block-column is-layout-flow wp-block-column-is-layout-flow\" style=\"flex-basis:33.33%\">\n<h2 class=\"wp-block-heading has-text-align-left\"><strong>GPD G1 2024 &#8211;<\/strong> <strong><strong>Nejmen\u0161\u00ed roz\u0161i\u0159uj\u00edc\u00ed dok pro grafick\u00e9 karty <\/strong><\/strong> <\/h2>\n\n\n\n<p>Dokovac\u00ed stanice eGPU nastavuje nov\u00e9 technologick\u00e9 standardy a nab\u00edz\u00ed bezkonkuren\u010dn\u00ed v\u00fdkon, design a funk\u010dnost. D\u00edky v\u00fdkonn\u00e9mu grafick\u00e9mu procesoru AMD Radeon RX 7600M XT, inovativn\u00edmu p\u0159ep\u00edna\u010di TGP a v\u0161estrann\u00fdm mo\u017enostem p\u0159ipojen\u00ed p\u0159edstavuje dokonal\u00e9 \u0159e\u0161en\u00ed pro hr\u00e1\u010de i profesion\u00e1ly. P\u0159edobjednejte si eGPU dokovac\u00ed stanici GPD G1 2024 je\u0161t\u011b dnes a bu\u010fte mezi prvn\u00edmi, kdo si vyzkou\u0161\u00ed jej\u00ed p\u0159evratn\u00e9 funkce. Vstupte do budoucnosti s GPD G1 &#8211; kde se v\u00fdkon snoub\u00ed s p\u0159enosnost\u00ed. <\/p>\n<\/div>\n<\/div>\n\n<h2 class=\"wp-block-heading has-text-align-center\">\u0158\u00edzen\u00ed v\u00fdkonu nov\u00e9 generace: TGP a konektivita pro v\u00fdkonn\u00e9 u\u017eivatele<\/h2>\n\n<div class=\"wp-block-columns is-layout-flex wp-container-core-columns-is-layout-28f84493 wp-block-columns-is-layout-flex\">\n<div class=\"wp-block-column is-layout-flow wp-block-column-is-layout-flow\">\n<figure class=\"wp-block-image size-full is-resized\"><img decoding=\"async\" src=\"https:\/\/gpdstore.net\/wp-content\/uploads\/\" alt=\"Obr&#xE1;zek dokovac&#xED; stanice GPD G1 2024 eGPU s grafick&#xFD;m procesorem AMD Radeon RX 7600M XT, p&#x159;ep&#xED;na&#x10D;em TGP pro lep&#x161;&#xED; &#x159;&#xED;zen&#xED; v&#xFD;konu a v&#x161;estrann&#xFD;m p&#x159;ipojen&#xED;m. Ide&#xE1;ln&#xED; pro hr&#xE1;&#x10D;e i profesion&#xE1;ly. P&#x159;edobjednejte si nyn&#xED; revolu&#x10D;n&#xED; mo&#x17E;nosti.\" class=\"wp-image-1510\" style=\"width:281px;height:auto\"\/><\/figure>\n\n\n\n<h3 class=\"wp-block-heading\"><strong>Tich\u00fd re\u017eim vs. zv\u00fd\u0161en\u00fd v\u00fdkon: Jak p\u0159ep\u00edna\u010d TGP (60W\/100W) optimalizuje va\u0161e z\u00e1\u017eitky?<\/strong><\/h3>\n\n\n\n<p>Exkluzivn\u00ed \u201eTGP Toggle Key\u201c, b\u011bhem hran\u00ed m\u016f\u017eete libovoln\u011b p\u0159ep\u00ednat mezi tich\u00fdm a v\u00fdkonn\u00fdm re\u017eimem.<br\/>P\u0159ep\u00edna\u010d TGP Toggle Switch umo\u017e\u0148uje u\u017eivatel\u016fm volit mezi tich\u00fdm re\u017eimem (60W TGP) pro ni\u017e\u0161\u00ed hluk a norm\u00e1ln\u00edm re\u017eimem (100W TGP) pro vy\u0161\u0161\u00ed v\u00fdkon, co\u017e nab\u00edz\u00ed flexibilitu podle pot\u0159eb u\u017eivatel\u016f.<\/p>\n<\/div>\n\n\n\n<div class=\"wp-block-column is-layout-flow wp-block-column-is-layout-flow\">\n<figure class=\"wp-block-image size-full is-resized\"><img decoding=\"async\" src=\"https:\/\/gpdstore.net\/wp-content\/uploads\/\" alt=\"Obr&#xE1;zek GPD G1 2024 M.2 Karta adapt&#xE9;ru rozhran&#xED; SFF-8612 s protokolem NVMe a Oculink, kter&#xE1; nab&#xED;z&#xED; kompaktn&#xED; roz&#x161;&#xED;&#x159;en&#xED; pro grafick&#xE9; karty\" class=\"wp-image-1507\" style=\"width:284px;height:auto\"\/><\/figure>\n\n\n\n<h3 class=\"wp-block-heading\"><strong>V\u00fdhoda Oculinku: Pro\u010d rozhran\u00ed SFF-8612 poskytuje vynikaj\u00edc\u00ed \u0161\u00ed\u0159ku p\u00e1sma pro eGPU?<\/strong><\/h3>\n\n\n\n<p>Z\u00e1kladn\u00ed desky ITX, jako je Z690I, obvykle poskytuj\u00ed t\u0159i rozhran\u00ed M.2, z nich\u017e jedno lze pou\u017e\u00edt k p\u0159ipojen\u00ed karty adapt\u00e9ru. Pro p\u0159ipojen\u00ed rozhran\u00ed Oculink SFF-8612 karty adapt\u00e9ru k rozhran\u00ed Oculink SFF-8612 GPD G1 lze pou\u017e\u00edt dvouportov\u00fd kabel Oculink SF-8611.<\/p>\n<\/div>\n\n\n\n<div class=\"wp-block-column is-layout-flow wp-block-column-is-layout-flow\">\n<figure class=\"wp-block-image size-full is-resized\"><img decoding=\"async\" src=\"https:\/\/gpdstore.net\/wp-content\/uploads\/\" alt=\"Obr&#xE1;zek karty GPD G1 2024 SFF-8612 Interface Adapter Card, nejmen&#x161;&#xED;ho roz&#x161;i&#x159;uj&#xED;c&#xED;ho doku pro grafick&#xE9; karty.\" class=\"wp-image-1508\" style=\"width:227px;height:auto\"\/><\/figure>\n\n\n\n<h3 class=\"wp-block-heading\"><strong>\u0158e\u0161en\u00ed probl\u00e9mu s polovi\u010dn\u00ed v\u00fd\u0161kou: pou\u017eit\u00ed dlouh\u00e9ho a kr\u00e1tk\u00e9ho dr\u017e\u00e1ku pro mont\u00e1\u017e grafick\u00e9 karty<\/strong><\/h3>\n\n\n\n<p>Grafick\u00e9 karty s polovi\u010dn\u00ed v\u00fd\u0161kou vhodn\u00e9 pro sk\u0159\u00edn\u011b ITX jsou vz\u00e1cn\u00e9 a v\u00fdkonn\u00e9 grafick\u00e9 karty s polovi\u010dn\u00ed v\u00fd\u0161kou t\u00e9m\u011b\u0159 neexistuj\u00ed. Proto m\u016f\u017eete pro p\u0159ipojen\u00ed GPD G1 nainstalovat kartu adapt\u00e9ru rozhran\u00ed PCIe 3.0 x4 na Oculink SFF-8612. Dlouh\u00fd a kr\u00e1tk\u00fd dr\u017e\u00e1k lze snadno vym\u011bnit.<\/p>\n\n\n\n<h3 class=\"wp-block-heading\"><strong><br\/><\/strong><\/h3>\n<\/div>\n<\/div>\n\n<h2 class=\"wp-block-heading\"><strong>P\u0159ehled produkt\u016f<\/strong><\/h2>\n\n<p>Dokovac\u00ed stanice GPD G1 2024 eGPU je zt\u011blesn\u011bn\u00edm technologick\u00e9ho pokroku a ergonomick\u00e9ho designu. D\u00edky grafick\u00e9mu procesoru AMD Radeon RX 7600M XT a architektu\u0159e RDNA 3.0 nab\u00edz\u00ed bezkonkuren\u010dn\u00ed grafick\u00fd v\u00fdkon vhodn\u00fd pro hran\u00ed her AAA v rozli\u0161en\u00ed a\u017e 4K. Toto za\u0159\u00edzen\u00ed je ur\u010deno r\u016fzn\u00fdm u\u017eivatel\u016fm, od hern\u00edch nad\u0161enc\u016f, kte\u0159\u00ed hledaj\u00ed \u0161pi\u010dkov\u00fd v\u00fdkon, a\u017e po profesion\u00e1ly, kte\u0159\u00ed pot\u0159ebuj\u00ed v\u00fdpo\u010detn\u00ed v\u00fdkon na cest\u00e1ch.<\/p>\n\n<figure class=\"wp-block-image size-full\"><img decoding=\"async\" src=\"https:\/\/gpdstore.net\/wp-content\/uploads\/\" alt=\"Obr&#xE1;zek dokovac&#xED; stanice GPD G1 2024 eGPU s grafick&#xFD;m procesorem AMD Radeon RX 7600M XT, p&#x159;ep&#xED;na&#x10D;em TGP a  \" class=\"wp-image-1511\"\/><\/figure>\n\n<p>Dokovac\u00ed stanice GPD G1 2024 eGPU nab\u00edz\u00ed d\u00edky mo\u017enostem p\u0159ipojen\u00ed OcuLink a USB 4 v\u00fdjime\u010dnou v\u0161estrannost a podporuje \u0161irokou \u0161k\u00e1lu p\u0159enosn\u00fdch hern\u00edch po\u010d\u00edta\u010d\u016f a za\u0159\u00edzen\u00ed. Jeho kompaktn\u00ed a lehk\u00e1 konstrukce s rozm\u011bry pouh\u00fdch 22,5 \u00d7 11,1 \u00d7 3,0 cm a hmotnost\u00ed 920 g zaji\u0161\u0165uje p\u0159enosnost bez ztr\u00e1ty v\u00fdkonu. A\u0165 u\u017e jste doma, nebo na cest\u00e1ch, dokovac\u00ed stanice GPD G1 eGPU v\u00e1m usnadn\u00ed hran\u00ed her i produktivn\u00ed \u00fakoly. Kompatibilita s ROG ALLY X nav\u00edc roz\u0161i\u0159uje jej\u00ed pou\u017eitelnost ve v\u00edce hern\u00edch syst\u00e9mech.<\/p>\n\n<figure class=\"wp-block-image aligncenter size-full\"><img decoding=\"async\" width=\"900\" height=\"559\" src=\"https:\/\/gpdstore.net\/wp-content\/uploads\/2024\/05\/3-1.png\" alt=\"Rozm&#x11B;ry GPD G1 eGPU: Kompaktn&#xED; a prostorov&#x11B; &#xFA;sporn&#xE9; pro bezprobl&#xE9;movou integraci.\" class=\"wp-image-1512\" srcset=\"https:\/\/gpdstore.net\/wp-content\/uploads\/2024\/05\/3-1.png 900w, https:\/\/gpdstore.net\/wp-content\/uploads\/2024\/05\/3-1-600x373.png 600w, https:\/\/gpdstore.net\/wp-content\/uploads\/2024\/05\/3-1-768x477.png 768w, https:\/\/gpdstore.net\/wp-content\/uploads\/2024\/05\/3-1-320x200.png 320w, https:\/\/gpdstore.net\/wp-content\/uploads\/2024\/05\/3-1-360x224.png 360w, https:\/\/gpdstore.net\/wp-content\/uploads\/2024\/05\/3-1-441x274.png 441w, https:\/\/gpdstore.net\/wp-content\/uploads\/2024\/05\/3-1-150x93.png 150w\" sizes=\"(max-width: 900px) 100vw, 900px\" \/><\/figure>\n\n<h2 class=\"wp-block-heading\"><strong>Podrobn\u00e9 funkce<\/strong><\/h2>\n\n<p><strong>V\u00fdkonnost:<\/strong> Dokovac\u00ed stanice GPD G1 2024 je vybavena grafick\u00fdm procesorem AMD Radeon RX 7600M XT s 32 v\u00fdpo\u010detn\u00edmi jednotkami s taktem a\u017e 2300 MHz a 8 GB pam\u011bti GDDR6. Integrovan\u00e1 240W nab\u00edje\u010dka GaN za\u0159\u00edzen\u00ed poskytuje dostate\u010dn\u00fd v\u00fdkon pro trval\u00fd v\u00fdkon. <\/p>\n\n<p><strong>Grafick\u00fd v\u00fdkon:<\/strong> Srdcem v\u00fdjime\u010dn\u00e9ho v\u00fdkonu GPD G1 je grafick\u00fd procesor. Dok\u00e1\u017ee poh\u00e1n\u011bt hry a aplikace v rozli\u0161en\u00ed a\u017e 4K, p\u0159in\u00e1\u0161\u00ed \u017eiv\u00fd obraz a plynulou hratelnost, co\u017e je ide\u00e1ln\u00ed pro tituly AAA. <\/p>\n\n<figure class=\"wp-block-image aligncenter size-full\"><img decoding=\"async\" src=\"https:\/\/gpdstore.net\/wp-content\/uploads\/\" alt=\"Obr&#xE1;zek dokovac&#xED; stanice GPD G1 2024 eGPU s grafick&#xFD;m procesorem AMD Radeon RX 7600M XT, p&#x159;ep&#xED;na&#x10D;em TGP a v&#x161;estrann&#xFD;mi mo&#x17E;nostmi p&#x159;ipojen&#xED;. Ide&#xE1;ln&#xED; pro hr&#xE1;&#x10D;e a profesion&#xE1;ly. P&#x159;edobjednejte si nyn&#xED; revolu&#x10D;n&#xED; mo&#x17E;nosti.\" class=\"wp-image-1505\"\/><\/figure>\n\n<h2 class=\"wp-block-heading\"><strong>Aktualizovan\u00e9 porty HDMI a USB<\/strong><\/h2>\n\n<p>Model GPD G1 2024 eGPU je vybaven aktualizovan\u00fdm portem HDMI 2.1 podporuj\u00edc\u00edm v\u00fdstup 4K 120 Hz a portem USB 4 s v\u00fdkonem 65 W, co\u017e zvy\u0161uje kvalitu obrazu a kompatibilitu za\u0159\u00edzen\u00ed.<\/p>\n\n<h2 class=\"wp-block-heading\"><strong>Zku\u0161enosti u\u017eivatel\u016f<\/strong><\/h2>\n\n<p>GPD G1 nov\u011b definuje u\u017eivatelsk\u00fd z\u00e1\u017eitek t\u00edm, \u017ee nab\u00edz\u00ed hern\u00ed v\u00fdkon na \u00farovni stoln\u00edho po\u010d\u00edta\u010de v p\u0159enosn\u00e9m form\u00e1tu. D\u00edky n\u011bkolika port\u016fm USB a v\u00fdstup\u016fm HDMI a du\u00e1ln\u00edmu DisplayPortu mohou u\u017eivatel\u00e9 vytv\u00e1\u0159et pohlcuj\u00edc\u00ed hern\u00ed sestavy nebo produktivn\u00ed prost\u0159ed\u00ed pro multitasking. Ergonomick\u00fd design za\u0159\u00edzen\u00ed a snadn\u00e9 nastaven\u00ed zaji\u0161\u0165uj\u00ed, \u017ee u\u017eivatel\u00e9 mohou za\u010d\u00edt hr\u00e1t nebo pracovat b\u011bhem n\u011bkolika minut.<\/p>\n\n<div class=\"wp-block-columns is-layout-flex wp-container-core-columns-is-layout-28f84493 wp-block-columns-is-layout-flex\">\n<div class=\"wp-block-column is-layout-flow wp-block-column-is-layout-flow\" style=\"flex-basis:100%\">\n<h2 class=\"wp-block-heading\"><strong>Z\u00e1v\u011br<\/strong><\/h2>\n<\/div>\n<\/div>\n\n<p>Dokovac\u00ed stanice GPD G1 2024 eGPU je \u0161pi\u010dkou v oblasti technologick\u00fdch inovac\u00ed a kombinuje vynikaj\u00edc\u00ed v\u00fdkon, elegantn\u00ed design a v\u00fdjime\u010dnou funk\u010dnost. Je vybavena impozantn\u00edm grafick\u00fdm procesorem AMD Radeon RX 7600M XT a pr\u016fkopnick\u00fdm p\u0159ep\u00edna\u010dem TGP, poskytuje v\u0161estrann\u00e9 mo\u017enosti p\u0159ipojen\u00ed a je kompatibiln\u00ed s ROG ALLY X. Dokovac\u00ed stanice GPD G1 eGPU je definitivn\u00ed volbou pro ty, kte\u0159\u00ed usiluj\u00ed o nejvy\u0161\u0161\u00ed \u00farove\u0148 hran\u00ed a produktivity.  Vstupte do budoucnosti z\u00e1bavy se za\u0159\u00edzen\u00edm, kter\u00e9 se vyma\u0148uje z omezen\u00ed b\u011b\u017en\u00fdch po\u010d\u00edta\u010d\u016f.<\/p>\n\n<h2 class=\"wp-block-heading has-text-align-center\">Nejlep\u0161\u00ed hern\u00ed kapesn\u00ed po\u010d\u00edta\u010de pro GPD G1<\/h2>\n\n<p>GPD G1 2024 je nejmodern\u011bj\u0161\u00ed eGPU, kter\u00e1 v\u00fdrazn\u011b zvy\u0161uje hern\u00ed v\u00fdkon r\u016fzn\u00fdch kapesn\u00edch po\u010d\u00edta\u010d\u016f a je ide\u00e1ln\u00edm p\u0159\u00edslu\u0161enstv\u00edm pro GPD Win Max 2 2024, Win 4 2024 a Win Mini 2024. GPD Win Max 2 2024 se m\u016f\u017ee pochlubit velkou 10,1palcovou obrazovkou, v\u00fdkonn\u00fdm procesorem Intel 12. generace a kl\u00e1vesnic\u00ed pln\u00e9 velikosti, tak\u017ee nab\u00edz\u00ed v\u0161estrann\u00e9 \u0159e\u0161en\u00ed pro hran\u00ed her i produktivitu. Model GPD Win 4 2024 m\u00e1 kompaktn\u00ed design s v\u00fdsuvnou kl\u00e1vesnic\u00ed a je poh\u00e1n\u011bn procesorem AMD Ryzen 7 7840U, \u010d\u00edm\u017e dosahuje dokonal\u00e9 rovnov\u00e1hy mezi p\u0159enosnost\u00ed a v\u00fdkonem. GPD Win Mini 2024, nejnov\u011bj\u0161\u00ed a nejmen\u0161\u00ed v \u0159ad\u011b, poskytuje p\u016fsobiv\u00fd v\u00fdkon d\u00edky efektivn\u00edmu designu a \u0161pi\u010dkov\u00fdm intern\u00edm komponent\u00e1m, co\u017e z n\u011bj \u010din\u00ed ide\u00e1ln\u00ed volbu pro hr\u00e1\u010de na cest\u00e1ch. Ve spojen\u00ed s GPD G1 2024 se tato za\u0159\u00edzen\u00ed prom\u011bn\u00ed v p\u0159enosn\u00e9 hern\u00ed elektr\u00e1rny, kter\u00e9 si hrav\u011b porad\u00ed s nejnov\u011bj\u0161\u00edmi AAA tituly a poskytnou plynul\u00fd a pohlcuj\u00edc\u00ed hern\u00ed z\u00e1\u017eitek.    <\/p>\n","protected":false},"excerpt":{"rendered":"<ul>\n<li>GPU: AMD Radeon\u2122<strong> RX 7600M XT<\/strong> eGPU  <\/li>\n<li>KOMPATIBILITA:<strong> OCuLink, USB 4, Thunderbolt 3 a 4<\/strong><\/li>\n<li>OCULINK:<strong> P\u0159ipojen\u00ed PCI Express<\/strong><\/li>\n<li>USB 4:<strong> a\u017e 40 Gb\/s<\/strong><\/li>\n<li>Ur\u010deno pro: <strong>GPD WIN<\/strong> MAX 2, WIN 4, WIN Mini, ROG Ally X  <\/li>\n<\/ul>\n[cg_accordion title=\"INFORMACE O PLATB\u011a\"]<\/p>\n<p>Pou\u017e\u00edv\u00e1me nejnov\u011bj\u0161\u00ed technologii zpracov\u00e1n\u00ed plateb, kter\u00e1 v\u00e1m umo\u017en\u00ed prov\u00e9st platbu prost\u0159ednictv\u00edm debetn\u00ed\/kreditn\u00ed karty nebo slu\u017eby PayPal, co\u017e je rychl\u00e9 a bezpe\u010dn\u00e9.[\/cg_accordion]\n[cg_accordion title=\"Z\u00c1RUKA\"]<\/p>\n<p>2 roky z\u00e1ruky od spole\u010dnosti <a href=\"https:\/\/droix.net\/\" target=\"_blank\" rel=\"nofollow noopener\">DROIX Global pro<\/a> v\u00e1\u0161 klid.[\/cg_accordion]\n[cg_accordion title=\"ZAJI\u0160T\u011aN\u00cd KVALITY A P\u0158EDEXPEDI\u010cN\u00cd TESTOV\u00c1N\u00cd\"]<\/p>\n<p>Zaji\u0161t\u011bn\u00ed spokojenosti z\u00e1kazn\u00edk\u016f na nejvy\u0161\u0161\u00ed \u00farovni: P\u0159ed odesl\u00e1n\u00edm proch\u00e1z\u00ed ka\u017ed\u00e9 za\u0159\u00edzen\u00ed p\u0159\u00edsn\u00fdm testov\u00e1n\u00edm a v\u00edcebodovou kontrolou kvality. N\u00e1\u0161 specializovan\u00fd t\u00fdm ov\u011b\u0159uje v\u00fdkon, funk\u010dnost a integritu sou\u010d\u00e1st\u00ed, aby bylo zaru\u010deno, \u017ee va\u0161e za\u0159\u00edzen\u00ed GPD je p\u0159i doru\u010den\u00ed v perfektn\u00edm funk\u010dn\u00edm stavu, co\u017e v\u00e1m poskytne jistotu a klid. [\/cg_accordion]\n[cg_accordion title=\"CENY, DAN\u011a A DOPRAVA\"]<\/p>\n<p><strong><u>Pozn\u00e1mka:<\/u><\/strong><\/p>\n<ul>\n<li>Z\u00e1kazn\u00edci ze Spojen\u00fdch st\u00e1t\u016f: Z\u00e1kazn\u00edci: Zobrazen\u00e1 cena NEZAHRNUJE DAN\u011a ani cla. Odpov\u011bdnost za celn\u00ed odbaven\u00ed a zaplacen\u00ed souvisej\u00edc\u00ed dan\u011b\/celn\u00ed sazby nese z\u00e1kazn\u00edk. <\/li>\n<li>Z\u00e1kazn\u00edci z EU: V zobrazen\u00e9 cen\u011b je zahrnuta p\u0159\u00edslu\u0161n\u00e1 DA\u0147, kter\u00e1 m\u016f\u017ee \u010dinit a\u017e 25 % v z\u00e1vislosti na va\u0161\u00ed zemi.<\/li>\n<li>Z\u00e1kazn\u00edci z Kanady: V z\u00e1vislosti na va\u0161\u00ed provincii m\u016f\u017ee zobrazen\u00e1 cena zahrnovat p\u0159\u00edslu\u0161n\u00e9 dan\u011b, kter\u00e9 mohou zahrnovat 5% GST a dal\u0161\u00ed provin\u010dn\u00ed dan\u011b z prodeje (PST), harmonizovanou da\u0148 z prodeje (HST) nebo quebeckou da\u0148 z prodeje (QST).<\/li>\n<\/ul>\n<p><strong>Pouze pro z\u00e1kazn\u00edky z EU:<\/strong> Expresn\u00ed DDP (Delivered Duty Paid). To znamen\u00e1: <\/p>\n<ul>\n<li>Ve\u0161ker\u00e1 cla a dan\u011b jsou zahrnuty v cen\u011b uveden\u00e9 na str\u00e1nce produktu.<\/li>\n<li>P\u0159i doru\u010den\u00ed nemus\u00edte platit \u017e\u00e1dn\u00e9 dal\u0161\u00ed poplatky.<\/li>\n<li>Ve v\u00fdjime\u010dn\u00fdch p\u0159\u00edpadech, kdy se vyskytnou probl\u00e9my souvisej\u00edc\u00ed s celn\u00edm \u0159\u00edzen\u00edm, se n\u00e1\u0161 t\u00fdm postar\u00e1 o celn\u00ed odbaven\u00ed va\u0161\u00edm jm\u00e9nem, aby bylo doru\u010den\u00ed bezprobl\u00e9mov\u00e9.<\/li>\n<p>D\u016fle\u017eit\u00e9 informace o vr\u00e1cen\u00ed zbo\u017e\u00ed:<\/p>\n<li>Pokud se rozhodnete objedn\u00e1vku vr\u00e1tit nebo po\u017e\u00e1dat o vr\u00e1cen\u00ed pen\u011bz, m\u011bjte na pam\u011bti, \u017ee dan\u011b a cla zaplacen\u00e9 za v\u00e1s podle podm\u00ednek DDP nelze vr\u00e1tit.<\/li>\n<p>Podrobn\u00e9 informace naleznete v na\u0161ich <a href=\"https:\/\/droix.net\/terms-and-conditions\/\" target=\"_blank\" rel=\"nofollow noopener\">smluvn\u00edch podm\u00ednk\u00e1ch<\/a>.\n<\/ul>\n<p>[\/cg_accordion]\n[cg_accordion title=\"Z\u00c1KAZNICK\u00c1 PODPORA\"]<\/p>\n<p>M\u00e1te dotaz? V\u00e1\u0161 probl\u00e9m vy\u0159e\u0161\u00edme kr\u00e1tkou textovou zpr\u00e1vou! <\/p>\n<p>Podrobn\u00e9 informace naleznete v na\u0161ich <a href=\"https:\/\/gpdstore.net\/cs\/terms-of-service\/\" target=\"_blank\" rel=\"nofollow noopener\">smluvn\u00edch podm\u00ednk\u00e1ch<\/a>.\n<\/ul>\n<p>[\/cg_accordion]\n[cg_accordion title=\"CO JE SOU\u010c\u00c1ST\u00cd BALEN\u00cd\"]<\/p>\n<ul>\n<li>1x GPD G1 2024<\/li>\n<li>1x nap\u00e1jec\u00ed adapt\u00e9r<\/li>\n<li>1x kabel USB typu C<\/li>\n<li>1x u\u017eivatelsk\u00e1 p\u0159\u00edru\u010dka<\/li>\n<\/ul>\n<p>[\/cg_accordion]\n","protected":false},"featured_media":118990,"template":"","meta":{"_acf_changed":false},"product_brand":[],"product_cat":[5402],"product_tag":[16626,5593],"woo-feed-brand":[5594],"class_list":{"0":"post-242293","1":"product","2":"type-product","3":"status-publish","4":"has-post-thumbnail","6":"product_cat-prislusenstvi","7":"product_tag-10xmsale-cs","8":"product_tag-gpd-g1-cs","9":"product_shipping_class-premium","10":"pa_brand-gpd","11":"pa_graphics-gpu-model-radeon-rx-7600m-xt-cs","12":"pa_i-o-video-1x-oculink-cs","13":"pa_i-o-video-pres-1x-usb-4-0-type-c-40gb-s","14":"woo-feed-brand-gpd-cs","16":"first","17":"outofstock","18":"taxable","19":"shipping-taxable","20":"purchasable","21":"product-type-variable","22":"has-default-attributes"},"acf":[],"aioseo_notices":[],"_links":{"self":[{"href":"https:\/\/gpdstore.net\/cs\/wp-json\/wp\/v2\/product\/242293","targetHints":{"allow":["GET"]}}],"collection":[{"href":"https:\/\/gpdstore.net\/cs\/wp-json\/wp\/v2\/product"}],"about":[{"href":"https:\/\/gpdstore.net\/cs\/wp-json\/wp\/v2\/types\/product"}],"wp:featuredmedia":[{"embeddable":true,"href":"https:\/\/gpdstore.net\/cs\/wp-json\/wp\/v2\/media\/118990"}],"wp:attachment":[{"href":"https:\/\/gpdstore.net\/cs\/wp-json\/wp\/v2\/media?parent=242293"}],"wp:term":[{"taxonomy":"product_brand","embeddable":true,"href":"https:\/\/gpdstore.net\/cs\/wp-json\/wp\/v2\/product_brand?post=242293"},{"taxonomy":"product_cat","embeddable":true,"href":"https:\/\/gpdstore.net\/cs\/wp-json\/wp\/v2\/product_cat?post=242293"},{"taxonomy":"product_tag","embeddable":true,"href":"https:\/\/gpdstore.net\/cs\/wp-json\/wp\/v2\/product_tag?post=242293"},{"taxonomy":"woo-feed-brand","embeddable":true,"href":"https:\/\/gpdstore.net\/cs\/wp-json\/wp\/v2\/woo-feed-brand?post=242293"}],"curies":[{"name":"wp","href":"https:\/\/api.w.org\/{rel}","templated":true}]}}