{"id":238355,"date":"2024-01-23T17:05:50","date_gmt":"2024-01-23T17:05:50","guid":{"rendered":"https:\/\/gpdstore.net\/neza\u0159azen\u00e9\/kabel-gpd-oculink-sff8611-a-karta-adapteru-m-2-8612\/"},"modified":"2026-01-06T01:53:58","modified_gmt":"2026-01-06T01:53:58","slug":"gpd-oculink-sff8611-cable","status":"publish","type":"product","link":"https:\/\/gpdstore.net\/cs\/product\/gpd-oculink-sff8611-cable\/","title":{"rendered":"Kabel GPD OCuLink SFF8611"},"content":{"rendered":"\n<h1 class=\"wp-block-heading\"><strong>Kabel<\/strong> GPD <strong>OCuLink SFF8611: Vrchol vysokorychlostn\u00edho p\u0159ipojen\u00ed grafick\u00fdch karet<\/strong><\/h1>\n\n<h4 class=\"wp-block-heading\"><strong>Vydejte se na cestu vysokorychlostn\u00edch p\u0159enos\u016f dat s Oculinkem<\/strong><\/h4>\n\n<p>V oblasti vysokorychlostn\u00edho p\u0159enosu dat a p\u0159ipojen\u00ed grafick\u00fdch karet vynik\u00e1 kabel OCuLink SFF8611 jako z\u00e1zrak modern\u00ed technologie. Tento \u0161pi\u010dkov\u00fd produkt zt\u011bles\u0148uje podstatu revolu\u010dn\u00edho p\u0159\u00edstupu spole\u010dnosti Oculink ke konektivit\u011b a vyu\u017e\u00edv\u00e1 v\u00fdkon technologie PCIe, kter\u00e1 nab\u00edz\u00ed bezprecedentn\u00ed rychlost a v\u00fdkon. Tato kombinace kabel\u016f je ur\u010dena pro ty, kte\u0159\u00ed se necht\u011bj\u00ed spokojit s ni\u010d\u00edm men\u0161\u00edm ne\u017e s t\u00edm nejlep\u0161\u00edm, a je vstupenkou k rychlostem p\u0159enosu dat, kter\u00e9 byly d\u0159\u00edve pova\u017eov\u00e1ny za nemo\u017en\u00e9.<\/p>\n\n<h4 class=\"wp-block-heading\"><strong>Oculink: Revolu\u010dn\u00ed \u0159e\u0161en\u00ed konektivity<\/strong><\/h4>\n\n<p>Srdcem tohoto produktu je transforma\u010dn\u00ed technologie Oculink. Oculink jako vysokorychlostn\u00ed rozhran\u00ed navr\u017een\u00e9 speci\u00e1ln\u011b pro p\u0159ipojen\u00ed grafick\u00fdch karet, jako je dokovac\u00ed stanice GPD G1 eGPU, k hostitelsk\u00fdm za\u0159\u00edzen\u00edm, zahajuje novou \u00e9ru konektivity. Tato technologie se odkl\u00e1n\u00ed od b\u011b\u017en\u00fdch metod a vyu\u017e\u00edv\u00e1 technologii PCIe, kter\u00e1 umo\u017e\u0148uje bleskov\u00fd p\u0159enos dat. S kabelem Oculink nez\u00edsk\u00e1te jen kabel, ale kus budoucnosti, kter\u00fd je vytvo\u0159en tak, aby revolu\u010dn\u00edm zp\u016fsobem zm\u011bnil v\u00e1\u0161 z\u00e1\u017eitek z interakce s daty.<\/p>\n\n<h4 class=\"wp-block-heading\"><strong>Uvoln\u011bte bezkonkuren\u010dn\u00ed rychlost p\u0159enosu dat<\/strong><\/h4>\n\n<p>P\u0159edstavte si p\u0159enos dat rychlost\u00ed, kter\u00e1 se vymyk\u00e1 va\u0161im p\u0159edstav\u00e1m. Kabel OCuLink SFF8611 vyu\u017e\u00edv\u00e1 v\u00fdkon protokol\u016f PCIe Gen 4.0 a Gen 5.0 a dosahuje rychlosti p\u0159enosu dat a\u017e 16 GT\/s, resp. 32 GT\/s na jednu linku. Tato obrovsk\u00e1 rychlost umo\u017e\u0148uje rychl\u00e9 a bezprobl\u00e9mov\u00e9 zpracov\u00e1n\u00ed obrovsk\u00fdch objem\u016f dat, co\u017e v\u00fdrazn\u011b zvy\u0161uje v\u00fdkon syst\u00e9mu a sni\u017euje latenci. A\u0165 u\u017e jste profesion\u00e1ln\u00ed st\u0159iha\u010d videa, hern\u00ed nad\u0161enec nebo v\u00fdzkumn\u00edk v oblasti um\u011bl\u00e9 inteligence, tento produkt je va\u0161\u00ed vstupn\u00ed branou do sv\u011bta rychl\u00e9ho a efektivn\u00edho zpracov\u00e1n\u00ed dat.<\/p>\n\n<h4 class=\"wp-block-heading\"><strong>Maxim\u00e1ln\u00ed \u0161\u00ed\u0159ka p\u00e1sma a \u0161k\u00e1lovateln\u00fd v\u00fdkon<\/strong><\/h4>\n\n<p>Jednou z nejv\u00fdrazn\u011bj\u0161\u00edch vlastnost\u00ed kabelu OCuLink SFF8611 je jeho schopnost maximalizovat \u0161\u00ed\u0159ku p\u00e1sma a poskytovat \u0161k\u00e1lovateln\u00fd v\u00fdkon. Umo\u017e\u0148uje soub\u011b\u017en\u00e9 p\u0159enosy dat ve v\u00edce p\u00e1smech a zaji\u0161\u0165uje tak efektivn\u00ed vyu\u017eit\u00ed dostupn\u00e9 \u0161\u00ed\u0159ky p\u00e1sma. Tato \u0161k\u00e1lovatelnost je v\u00fdhodn\u00e1 zejm\u00e9na pro \u0161pi\u010dkov\u00e9 grafick\u00e9 aplikace, podporuje konfigurace jako SLI nebo CrossFire a uspokojuje po\u017eadavky u\u017eivatel\u016f, kte\u0159\u00ed jsou nejn\u00e1ro\u010dn\u011bj\u0161\u00ed na v\u00fdkon.<\/p>\n\n<h4 class=\"wp-block-heading\"><strong>Kompaktn\u00ed design s vynikaj\u00edc\u00ed spr\u00e1vou nap\u00e1jen\u00ed<\/strong><\/h4>\n\n<p>Ve sv\u011bt\u011b v\u00fdpo\u010detn\u00ed techniky, kde je \u010dasto pot\u0159eba \u0161et\u0159it m\u00edstem, m\u011bn\u00ed kompaktn\u00ed proveden\u00ed kabelu OCuLink SFF8611 pravidla hry. V porovn\u00e1n\u00ed s alternativn\u00edmi mo\u017enostmi p\u0159ipojen\u00ed, jako je USB 4, nab\u00edz\u00ed efektivn\u011bj\u0161\u00ed a c\u00edlen\u011bj\u0161\u00ed p\u0159ipojen\u00ed ke grafick\u00fdm kart\u00e1m, zlep\u0161uje proud\u011bn\u00ed vzduchu v syst\u00e9mu a umo\u017e\u0148uje flexibiln\u011bj\u0161\u00ed konfigurace hardwaru. Jeho pokro\u010dil\u00e9 funkce spr\u00e1vy nap\u00e1jen\u00ed nav\u00edc inteligentn\u011b upravuj\u00ed spot\u0159ebu energie v z\u00e1vislosti na pracovn\u00edm zat\u00ed\u017een\u00ed, \u010d\u00edm\u017e zaji\u0161\u0165uj\u00ed chladn\u011bj\u0161\u00ed a energeticky \u00fasporn\u011bj\u0161\u00ed syst\u00e9m.<\/p>\n\n<h4 class=\"wp-block-heading\"><strong>Kompatibilita s budoucnost\u00ed pro v\u00fdzvy z\u00edt\u0159ka<\/strong><\/h4>\n\n<p>S kabelem OCuLink SFF8611 z\u00edsk\u00e1te \u0159e\u0161en\u00ed p\u0159ipojen\u00ed, kter\u00e9 je odoln\u00e9 v\u016f\u010di budoucnosti. Jeho zp\u011btn\u00e1 kompatibilita s p\u0159edchoz\u00edmi generacemi PCIe zaji\u0161\u0165uje bezprobl\u00e9mov\u00e9 p\u0159ipojen\u00ed k \u0161irok\u00e9 \u0161k\u00e1le star\u00fdch i nov\u00fdch za\u0159\u00edzen\u00ed. S v\u00fdvojem technologi\u00ed je tento produkt st\u00e1le o krok nap\u0159ed a zaji\u0161\u0165uje, \u017ee va\u0161e dne\u0161n\u00ed investice bude p\u0159in\u00e1\u0161et u\u017eitek i v n\u00e1sleduj\u00edc\u00edch letech.<\/p>\n\n<h4 class=\"wp-block-heading\"><strong>Z\u00e1v\u011br: Nov\u00e1 \u00e9ra p\u0159ipojen\u00ed grafick\u00fdch karet<\/strong><\/h4>\n\n<p>Kabel OCuLink SFF8611 je v\u00edc ne\u017e jen produkt; je to d\u016fkaz s\u00edly inovac\u00ed a ne\u00fanavn\u00e9 snahy o dokonalost. Nab\u00edz\u00ed mimo\u0159\u00e1dn\u011b rychl\u00fd p\u0159enos dat, zv\u00fd\u0161enou \u0161\u00ed\u0159ku p\u00e1sma, kompaktn\u00ed rozm\u011bry, efektivn\u00ed spr\u00e1vu nap\u00e1jen\u00ed a kompatibilitu s ohledem na budoucnost, a je tak vynikaj\u00edc\u00ed volbou pro ka\u017ed\u00e9ho, kdo hled\u00e1 nejvy\u0161\u0161\u00ed \u00farove\u0148 v\u00fdkonu a spolehlivosti. P\u0159i pohledu do budoucnosti je tento produkt i nad\u00e1le l\u00eddrem, kter\u00fd m\u011bn\u00ed prost\u0159ed\u00ed p\u0159ipojen\u00ed grafick\u00fdch karet a umo\u017e\u0148uje mimo\u0159\u00e1dn\u00e9 po\u010d\u00edta\u010dov\u00e9 z\u00e1\u017eitky.<\/p>\n\n<p><strong>P\u0159ijm\u011bte budoucnost p\u0159ipojen\u00ed s kabelem OCuLink SFF8611. Objednejte si nyn\u00ed a ud\u011blejte prvn\u00ed krok do sv\u011bta, kde rychlost, efektivita a v\u00fdkon nezn\u00e1 hranic!<\/strong><\/p>\n\n<h4 class=\"wp-block-heading\"><strong>V\u00fdhody kabelu OCuLink SFF8611:<\/strong><\/h4>\n\n<ul class=\"wp-block-list\">\n<li>Bezprecedentn\u00ed rychlost: Vyu\u017e\u00edv\u00e1 protokoly PCIe Gen 4.0 a Gen 5.0 a nab\u00edz\u00ed rychlost p\u0159enosu dat a\u017e 16 GT\/s a 32 GT\/s na jeden pruh, \u010d\u00edm\u017e p\u0159ekon\u00e1v\u00e1 v\u011bt\u0161inu konkurent\u016f.<\/li>\n\n\n\n<li>Vylep\u0161en\u00e1 \u0161\u00ed\u0159ka p\u00e1sma a \u0161k\u00e1lovatelnost: Podporuje simult\u00e1nn\u00ed p\u0159enosy dat na v\u00edce link\u00e1ch, \u010d\u00edm\u017e maximalizuje \u0161\u00ed\u0159ku p\u00e1sma pro n\u00e1ro\u010dn\u00e9 aplikace, jako je hran\u00ed her nebo v\u00fdzkum um\u011bl\u00e9 inteligence.<\/li>\n\n\n\n<li>Kompaktn\u00ed design a efektivn\u00ed spr\u00e1va nap\u00e1jen\u00ed: Nab\u00edz\u00ed zjednodu\u0161en\u00e9 p\u0159ipojen\u00ed grafick\u00fdch karet, zlep\u0161uje proud\u011bn\u00ed vzduchu v syst\u00e9mu a inteligentn\u011b upravuje spot\u0159ebu energie s ohledem na efektivitu.<\/li>\n\n\n\n<li>Kompatibilita pro budoucnost: Zp\u011btn\u00e1 kompatibilita s p\u0159edchoz\u00edmi generacemi PCIe zaji\u0161\u0165uje dlouhodobou pou\u017eitelnost s \u0159adou za\u0159\u00edzen\u00ed.<\/li>\n\n\n\n<li>Specializovan\u00e9 zam\u011b\u0159en\u00ed na p\u0159ipojen\u00ed grafick\u00fdch karet: Na rozd\u00edl od rozhran\u00ed USB 4, kter\u00e9 slou\u017e\u00ed pro v\u00edce typ\u016f za\u0159\u00edzen\u00ed, poskytuje specializovan\u00e9, vysoce v\u00fdkonn\u00e9 p\u0159ipojen\u00ed pro grafick\u00e9 karty.<\/li>\n<\/ul>\n\n<h4 class=\"wp-block-heading\"><strong>Nev\u00fdhody kabelu OCuLink SFF8611:<\/strong><\/h4>\n\n<ul class=\"wp-block-list\">\n<li>Omezen\u00e1 univerz\u00e1ln\u00ed v\u0161estrannost: USB 4 nemus\u00ed b\u00fdt tak univerz\u00e1ln\u00ed jako USB 4 pro p\u0159ipojen\u00ed \u0161ir\u0161\u00edho spektra za\u0159\u00edzen\u00ed.<\/li>\n\n\n\n<li>Obavy o kompatibilitu: Ne v\u0161echny syst\u00e9my mohou podporovat nejnov\u011bj\u0161\u00ed generace PCIe, co\u017e m\u016f\u017ee omezit v\u00fdkon.<\/li>\n<\/ul>\n","protected":false},"excerpt":{"rendered":"<ul>\n<li>Ofici\u00e1ln\u00ed kabel GPD OCuLink<\/li>\n<li>Kompatibiln\u00ed s GPD G1 eGPU<\/li>\n<li>Adapt\u00e9r pro za\u0159\u00edzen\u00ed bez OCuLink<\/li>\n<li>Podpora PCIe Gen 4.0 a 5.0<\/li>\n<li>Rychlosti a\u017e 16 GT\/s a 32 GT\/s na jeden pruh<\/li>\n<\/ul>\n[cg_accordion title=\"INFORMACE O PLATB\u011a\"]<\/p>\n<p>Pou\u017e\u00edv\u00e1me nejnov\u011bj\u0161\u00ed technologie zpracov\u00e1n\u00ed plateb, kter\u00e9 v\u00e1m umo\u017e\u0148uj\u00ed prov\u00e9st platbu prost\u0159ednictv\u00edm Apple Pay, Google Pay, va\u0161\u00ed debetn\u00ed\/kreditn\u00ed karty, PayPal nebo metod BNPL, jako jsou Klarna, Affirm nebo AfterPay, a zajistit tak rychl\u00e9 a bezpe\u010dn\u00e9 zpracov\u00e1n\u00ed.[\/cg_accordion]\n[cg_accordion title=\"Z\u00c1RUKA\"]<\/p>\n<p>2 roky z\u00e1ruky od spole\u010dnosti <a href=\"https:\/\/droix.net\/\" target=\"_blank\" rel=\"nofollow noopener\">DROIX Global pro<\/a> v\u00e1\u0161 klid.[\/cg_accordion]\n[cg_accordion title=\"CENY, DAN\u011a A DOPRAVA\"]<\/p>\n<p><strong><u>Pozn\u00e1mka:<\/u><\/strong><\/p>\n<ul>\n<li>Z\u00e1kazn\u00edci ze Spojen\u00fdch st\u00e1t\u016f: Z\u00e1kazn\u00edci: Zobrazen\u00e1 cena NEZAHRNUJE DAN\u011a ani cla. Odpov\u011bdnost za celn\u00ed odbaven\u00ed a zaplacen\u00ed souvisej\u00edc\u00ed dan\u011b\/celn\u00ed sazby nese z\u00e1kazn\u00edk. <\/li>\n<li>Z\u00e1kazn\u00edci z EU: V zobrazen\u00e9 cen\u011b je zahrnuta p\u0159\u00edslu\u0161n\u00e1 DA\u0147, kter\u00e1 m\u016f\u017ee \u010dinit a\u017e 25 % v z\u00e1vislosti na va\u0161\u00ed zemi.<\/li>\n<li>Z\u00e1kazn\u00edci z Kanady: V z\u00e1vislosti na va\u0161\u00ed provincii m\u016f\u017ee zobrazen\u00e1 cena zahrnovat p\u0159\u00edslu\u0161n\u00e9 dan\u011b, kter\u00e9 mohou zahrnovat 5% GST a dal\u0161\u00ed provin\u010dn\u00ed dan\u011b z prodeje (PST), harmonizovanou da\u0148 z prodeje (HST) nebo quebeckou da\u0148 z prodeje (QST).<\/li>\n<\/ul>\n<p><strong>Pouze pro z\u00e1kazn\u00edky z EU:<\/strong> Expresn\u00ed DDP (Delivered Duty Paid). To znamen\u00e1: <\/p>\n<ul>\n<li>Ve\u0161ker\u00e1 cla a dan\u011b jsou zahrnuty v cen\u011b uveden\u00e9 na str\u00e1nce produktu.<\/li>\n<li>P\u0159i doru\u010den\u00ed nemus\u00edte platit \u017e\u00e1dn\u00e9 dal\u0161\u00ed poplatky.<\/li>\n<li>Ve v\u00fdjime\u010dn\u00fdch p\u0159\u00edpadech, kdy se vyskytnou probl\u00e9my souvisej\u00edc\u00ed s celn\u00edm \u0159\u00edzen\u00edm, se n\u00e1\u0161 t\u00fdm postar\u00e1 o celn\u00ed odbaven\u00ed va\u0161\u00edm jm\u00e9nem, aby bylo doru\u010den\u00ed bezprobl\u00e9mov\u00e9.<\/li>\n<p>D\u016fle\u017eit\u00e9 informace o vr\u00e1cen\u00ed zbo\u017e\u00ed:<\/p>\n<li>Pokud se rozhodnete objedn\u00e1vku vr\u00e1tit nebo po\u017e\u00e1dat o vr\u00e1cen\u00ed pen\u011bz, m\u011bjte na pam\u011bti, \u017ee dan\u011b a cla zaplacen\u00e9 za v\u00e1s podle podm\u00ednek DDP nelze vr\u00e1tit.<\/li>\n<p>Podrobn\u00e9 informace naleznete v na\u0161ich <a href=\"https:\/\/gpdstore.net\/cs\/terms-of-service\/\" target=\"_blank\" rel=\"nofollow noopener\">smluvn\u00edch podm\u00ednk\u00e1ch<\/a>.\n<\/ul>\n<p>[\/cg_accordion]\n[cg_accordion title=\"Z\u00c1KAZNICK\u00c1 PODPORA\"]<\/p>\n<p>M\u00e1te dotaz? V\u00e1\u0161 probl\u00e9m vy\u0159e\u0161\u00edme kr\u00e1tkou textovou zpr\u00e1vou!<br \/>\n[\/cg_accordion]\n[cg_accordion title=\"CO JE SOU\u010c\u00c1ST\u00cd BALEN\u00cd\"]<\/p>\n<ul>\n<li>1x kabel GPD OCuLink SFF8611<\/li>\n<li>1x karta adapt\u00e9ru M.2 8612 <\/li>\n<\/ul>\n<p>[\/cg_accordion]\n","protected":false},"featured_media":1194126,"template":"","meta":{"_acf_changed":false},"product_brand":[],"product_cat":[5402],"product_tag":[14526,9410],"woo-feed-brand":[5594],"class_list":{"0":"post-238355","1":"product","2":"type-product","3":"status-publish","4":"has-post-thumbnail","6":"product_cat-prislusenstvi","7":"product_tag-8xmsale-cs-2","8":"product_tag-gpd-g1-accessory-cs","9":"product_shipping_class-low-end","10":"pa_accessory-type-kabel-cs","11":"woo-feed-brand-gpd-cs","13":"first","14":"instock","15":"sale","16":"taxable","17":"shipping-taxable","18":"purchasable","19":"product-type-simple"},"acf":[],"aioseo_notices":[],"_links":{"self":[{"href":"https:\/\/gpdstore.net\/cs\/wp-json\/wp\/v2\/product\/238355","targetHints":{"allow":["GET"]}}],"collection":[{"href":"https:\/\/gpdstore.net\/cs\/wp-json\/wp\/v2\/product"}],"about":[{"href":"https:\/\/gpdstore.net\/cs\/wp-json\/wp\/v2\/types\/product"}],"wp:featuredmedia":[{"embeddable":true,"href":"https:\/\/gpdstore.net\/cs\/wp-json\/wp\/v2\/media\/1194126"}],"wp:attachment":[{"href":"https:\/\/gpdstore.net\/cs\/wp-json\/wp\/v2\/media?parent=238355"}],"wp:term":[{"taxonomy":"product_brand","embeddable":true,"href":"https:\/\/gpdstore.net\/cs\/wp-json\/wp\/v2\/product_brand?post=238355"},{"taxonomy":"product_cat","embeddable":true,"href":"https:\/\/gpdstore.net\/cs\/wp-json\/wp\/v2\/product_cat?post=238355"},{"taxonomy":"product_tag","embeddable":true,"href":"https:\/\/gpdstore.net\/cs\/wp-json\/wp\/v2\/product_tag?post=238355"},{"taxonomy":"woo-feed-brand","embeddable":true,"href":"https:\/\/gpdstore.net\/cs\/wp-json\/wp\/v2\/woo-feed-brand?post=238355"}],"curies":[{"name":"wp","href":"https:\/\/api.w.org\/{rel}","templated":true}]}}