{"id":223096,"date":"2023-11-17T16:30:05","date_gmt":"2023-11-17T16:30:05","guid":{"rendered":"https:\/\/gpdstore.net\/neza\u0159azen\u00e9\/herni-kapesni-pocitac-gpd-win-max-2-2023\/"},"modified":"2025-12-19T16:31:13","modified_gmt":"2025-12-19T16:31:13","slug":"gpd-win-max-2-2023","status":"publish","type":"product","link":"https:\/\/gpdstore.net\/cs\/product\/gpd-win-max-2-2023\/","title":{"rendered":"Hern\u00ed kapesn\u00ed po\u010d\u00edta\u010d GPD WIN MAX 2 2023"},"content":{"rendered":"\n<figure class=\"wp-block-video\"><video controls=\"\" muted=\"\" poster=\"https:\/\/gpdstore.net\/wp-content\/uploads\/2024\/03\/q2hzxpbiybborpwbpolh-ezgif.com-webp-to-png-converter.png\" src=\"https:\/\/gpdstore.net\/wp-content\/uploads\/2024\/05\/gpd-win-max-2.mp4\"><\/video><\/figure>\n\n<div class=\"wp-block-columns is-layout-flex wp-container-core-columns-is-layout-28f84493 wp-block-columns-is-layout-flex\">\n<div class=\"wp-block-column is-layout-flow wp-block-column-is-layout-flow\" style=\"flex-basis:33.33%\">\n<figure class=\"wp-block-image size-full\"><img fetchpriority=\"high\" decoding=\"async\" width=\"669\" height=\"582\" src=\"https:\/\/gpdstore.net\/wp-content\/uploads\/2024\/05\/7044098-1.png\" alt=\"gpd win max 2\" class=\"wp-image-1642\" srcset=\"https:\/\/gpdstore.net\/wp-content\/uploads\/2024\/05\/7044098-1.png 669w, https:\/\/gpdstore.net\/wp-content\/uploads\/2024\/05\/7044098-1-150x130.png 150w, https:\/\/gpdstore.net\/wp-content\/uploads\/2024\/05\/7044098-1-600x522.png 600w, https:\/\/gpdstore.net\/wp-content\/uploads\/2024\/05\/7044098-1-441x384.png 441w\" sizes=\"(max-width: 669px) 100vw, 669px\" \/><\/figure>\n<\/div>\n\n\n\n<div class=\"wp-block-column is-layout-flow wp-block-column-is-layout-flow\" style=\"flex-basis:66.66%\">\n<h2 class=\"wp-block-heading\"><strong>GPD WIN MAX 2 2023 Handheld Gaming PC &#8211; AMD Ryzen 7 7840U (Zen 4), 10.1&#8243; 2.5K Display, 64GB RAM, OcuLink Support<\/strong><\/h2>\n\n\n\n<p>Why pay 2025 flagship prices when the GPD WIN MAX 2 2023 remains a top-tier contender? Powered by the legendary AMD Ryzen 7 7840U, this device is the ultimate &#8220;Silicon Sweet Spot&#8221; for gamers and professionals who demand 2.5K resolution and desktop-grade multitasking without the 2025 premium.<\/p>\n<\/div>\n<\/div>\n\n<h2 class=\"wp-block-heading has-text-align-center\">Engineered for Excellence: P\u0159esn\u00e9 ovl\u00e1d\u00e1n\u00ed, profesion\u00e1ln\u00ed v\u0161estrannost a inteligentn\u00ed chlazen\u00ed<\/h2>\n\n<div class=\"wp-block-columns is-layout-flex wp-container-core-columns-is-layout-28f84493 wp-block-columns-is-layout-flex\">\n<div class=\"wp-block-column is-layout-flow wp-block-column-is-layout-flow\">\n<figure class=\"wp-block-image size-full\"><img decoding=\"async\" width=\"300\" height=\"300\" src=\"https:\/\/gpdstore.net\/wp-content\/uploads\/2024\/05\/074b1b41-54da-4de3-8a68-9035e22feb91.__CR880899899_PT0_SX300_V1___-1.jpg\" alt=\"odstran&#x11B;n&#xED; tla&#x10D;&#xED;tka pro gpd win max 2\" class=\"wp-image-1643\" srcset=\"https:\/\/gpdstore.net\/wp-content\/uploads\/2024\/05\/074b1b41-54da-4de3-8a68-9035e22feb91.__CR880899899_PT0_SX300_V1___-1.jpg 300w, https:\/\/gpdstore.net\/wp-content\/uploads\/2024\/05\/074b1b41-54da-4de3-8a68-9035e22feb91.__CR880899899_PT0_SX300_V1___-1-150x150.jpg 150w, https:\/\/gpdstore.net\/wp-content\/uploads\/2024\/05\/074b1b41-54da-4de3-8a68-9035e22feb91.__CR880899899_PT0_SX300_V1___-1-100x100.jpg 100w\" sizes=\"(max-width: 300px) 100vw, 300px\" \/><\/figure>\n\n\n\n<h3 class=\"wp-block-heading\"><strong><strong><strong>V\u00fdhoda Hallova sn\u00edma\u010de:<\/strong> Jak magnetick\u00e1 indukce eliminuje &#8220;stick drift&#8221; a fyzick\u00e9 opot\u0159eben\u00ed.<\/strong><\/strong><\/h3>\n\n\n\n<p>Tradi\u010dn\u00ed potenciometrick\u00e1 ty\u010d, kter\u00e1 se p\u0159i generov\u00e1n\u00ed nap\u011b\u0165ov\u00e9ho sign\u00e1lu spol\u00e9h\u00e1 na odporov\u00fd kart\u00e1\u010d, je n\u00e1chyln\u00e1 k probl\u00e9m\u016fm s \u201edriftem\u201c zp\u016fsoben\u00fdm opot\u0159eben\u00edm p\u0159i dlouhodob\u00e9m pou\u017e\u00edv\u00e1n\u00ed. S WIN Max 2 2023 jsme poprv\u00e9 p\u0159edstavili Hallovy senzorov\u00e9 ty\u010de s vestav\u011bn\u00fdmi induk\u010dn\u00edmi c\u00edvkami. Princip fungov\u00e1n\u00ed magnetick\u00e9 indukce (p\u0159i ot\u00e1\u010den\u00ed ty\u010de do r\u016fzn\u00fdch poloh se generuj\u00ed r\u016fzn\u00e9 magnetick\u00e9 toky, kter\u00e9 n\u00e1sledn\u011b generuj\u00ed r\u016fzn\u00e9 nap\u011b\u0165ov\u00e9 sign\u00e1ly) ur\u010duje, \u017ee ty\u010de s Hallov\u00fdm senzorem se neopot\u0159ebov\u00e1vaj\u00ed, a proto se u nich nevyskytuje probl\u00e9m s driftem ty\u010d\u00ed.<\/p>\n<\/div>\n\n\n\n<div class=\"wp-block-column is-layout-flow wp-block-column-is-layout-flow\">\n<figure class=\"wp-block-image size-full\"><img decoding=\"async\" src=\"https:\/\/gpdstore.net\/wp-content\/uploads\/\" alt=\"magnetick&#xE9; kryty pro gpd\" class=\"wp-image-1645\"\/><\/figure>\n\n\n\n<h3 class=\"wp-block-heading\"><strong><strong><strong><strong>Magnetic Stealth Covers:<\/strong> Hide the joysticks for a clean, professional look in meetings.<\/strong><\/strong><\/strong><\/h3>\n\n\n\n<p>Hern\u00ed ovlada\u010d zabudovan\u00fd v kapesn\u00edm hern\u00edm po\u010d\u00edta\u010di m\u016f\u017ee b\u00fdt nevhodn\u00fd pro pracovi\u0161t\u011b! Abychom tento probl\u00e9m vy\u0159e\u0161ili, p\u0159idali jsme pro WIN Max 2 2023 dva kryty ty\u010d\u00ed. Magnetick\u00e1 konstrukce zaji\u0161\u0165uje, \u017ee oba kryty p\u0159i pou\u017e\u00edv\u00e1n\u00ed za\u0159\u00edzen\u00ed nespadnou. P\u0159i hran\u00ed her m\u016f\u017eete kryty ulo\u017eit do zadn\u00ed p\u0159ihr\u00e1dky, \u010d\u00edm\u017e zabr\u00e1n\u00edte jejich n\u00e1hodn\u00e9 ztr\u00e1t\u011b!<\/p>\n<\/div>\n\n\n\n<div class=\"wp-block-column is-layout-flow wp-block-column-is-layout-flow\">\n<figure class=\"wp-block-image size-full\"><img decoding=\"async\" width=\"300\" height=\"300\" src=\"https:\/\/gpdstore.net\/wp-content\/uploads\/2024\/05\/5f397565-522a-44f6-910c-e7d2cec4ed88.__CR107012291229_PT0_SX300_V1___-1.jpg\" alt=\"chlazen&#xED; win max 2\" class=\"wp-image-1646\" srcset=\"https:\/\/gpdstore.net\/wp-content\/uploads\/2024\/05\/5f397565-522a-44f6-910c-e7d2cec4ed88.__CR107012291229_PT0_SX300_V1___-1.jpg 300w, https:\/\/gpdstore.net\/wp-content\/uploads\/2024\/05\/5f397565-522a-44f6-910c-e7d2cec4ed88.__CR107012291229_PT0_SX300_V1___-1-150x150.jpg 150w, https:\/\/gpdstore.net\/wp-content\/uploads\/2024\/05\/5f397565-522a-44f6-910c-e7d2cec4ed88.__CR107012291229_PT0_SX300_V1___-1-100x100.jpg 100w\" sizes=\"(max-width: 300px) 100vw, 300px\" \/><\/figure>\n\n\n\n<h3 class=\"wp-block-heading\"><strong><strong>Pokro\u010dil\u00fd hardware:<\/strong> Vyu\u017eit\u00ed vysoce v\u00fdkonn\u00e9ho turbodmychadla a dvojit\u00fdch tepeln\u00fdch trubek pro robustn\u00ed proud\u011bn\u00ed vzduchu.<\/strong><\/h3>\n\n\n\n<p>GPD WIN MAX 2 2023 je vybaven vylep\u0161en\u00fdm chladic\u00edm syst\u00e9mem pro PC s velk\u00fdm turbodmychadlem + dv\u011bma tepeln\u00fdmi trubicemi, kter\u00fd se m\u016f\u017ee pochlubit velk\u00fdm objemem bo\u010dn\u00edho vyfukov\u00e1n\u00ed vzduchu a vysoce inteligentn\u00ed regulac\u00ed ot\u00e1\u010dek. Pokud je vnit\u0159n\u00ed teplota ni\u017e\u0161\u00ed ne\u017e 40 \u00b0C, ot\u00e1\u010dky ventil\u00e1toru nep\u0159ekro\u010d\u00ed 20 % jeho maxim\u00e1ln\u00edho v\u00fdkonu. Kdy\u017e vnit\u0159n\u00ed teplota dos\u00e1hne v\u00edce ne\u017e 40 \u00b0C, ot\u00e1\u010dky ventil\u00e1toru se zvy\u0161uj\u00ed v kroc\u00edch po 2 % PWM, dokud nedos\u00e1hnou maxim\u00e1ln\u00ed prahov\u00e9 hodnoty (100 %).<\/p>\n<\/div>\n<\/div>\n\n<h3 class=\"wp-block-heading\"><strong>VIZU\u00c1LN\u00cd POT\u011a\u0160EN\u00cd: 10,1&#8243; DOTYKOV\u00dd OVL\u00c1DAC\u00cd DISPLEJ<\/strong><\/h3>\n\n<figure class=\"wp-block-image size-large\"><img loading=\"lazy\" decoding=\"async\" width=\"1200\" height=\"782\" src=\"https:\/\/gpdstore.net\/wp-content\/uploads\/2024\/05\/7044066-1-1200x782.png\" alt=\"GPD win max s PC\" class=\"wp-image-1648\" srcset=\"https:\/\/gpdstore.net\/wp-content\/uploads\/2024\/05\/7044066-1-1200x782.png 1200w, https:\/\/gpdstore.net\/wp-content\/uploads\/2024\/05\/7044066-1-150x98.png 150w, https:\/\/gpdstore.net\/wp-content\/uploads\/2024\/05\/7044066-1-600x391.png 600w, https:\/\/gpdstore.net\/wp-content\/uploads\/2024\/05\/7044066-1-768x501.png 768w, https:\/\/gpdstore.net\/wp-content\/uploads\/2024\/05\/7044066-1-990x645.png 990w, https:\/\/gpdstore.net\/wp-content\/uploads\/2024\/05\/7044066-1-441x287.png 441w, https:\/\/gpdstore.net\/wp-content\/uploads\/2024\/05\/7044066-1.png 1442w\" sizes=\"(max-width: 1200px) 100vw, 1200px\" \/><\/figure>\n\n<p>P\u0159ipravte se na ohromen\u00ed 10,1&#8243; dotykov\u00fdm displejem GPD WIN MAX 2 2023 s 10bodov\u00fdm dotykov\u00fdm ovl\u00e1d\u00e1n\u00edm. Tato \u017eiv\u00e1 obrazovka s pom\u011brem stran 16:10 a rozli\u0161en\u00edm 1920 \u00d7 1200 p\u0159in\u00e1\u0161\u00ed ohromuj\u00edc\u00ed obraz. D\u00edky podpo\u0159e rozli\u0161en\u00ed a\u017e 2560&#215;1600 a hustot\u011b pixel\u016f 299 <a href=\"https:\/\/www.displayninja.com\/what-is-pixel-density\/\">PPI je ka\u017ed\u00fd detail ostr\u00fd a jasn\u00fd ,<\/a> co\u017e v\u00e1m zajist\u00ed pohlcuj\u00edc\u00ed hern\u00ed z\u00e1\u017eitek.  <\/p>\n\n<h2 class=\"wp-block-heading\"><strong><strong>Zen 4 Performance: The Emulation King<\/strong><\/strong><\/h2>\n\n<p>The 7840U Phoenix architecture remains a fan favorite in 2025 for its incredible efficiency.<\/p>\n\n<p>Native OcuLink: Skip the USB4 bottlenecks. Connect directly to the GPD G1 eGPU for a 4K desktop experience.<\/p>\n\n<p>Pro-Grade Emulation: Native AVX-512 support allows for superior PS3 (RPCS3) and Xbox 360 (Xenia) performance compared to many newer, more expensive handhelds.<\/p>\n\n<p>Software Boosted: Fully compatible with AMD AFMF 2 and FSR 3.1, allowing you to play AAA titles at smooth frame rates on the 10.1&#8243; screen.<\/p>\n\n<h2 class=\"wp-block-heading\"><strong>GRAFIKA, KTER\u00c1 OHROM\u00cd: GRAFICK\u00dd \u010cIP AMD RADEON 780M<\/strong><\/h2>\n\n<p>Nechte se ohromit ohromuj\u00edc\u00edmi vizu\u00e1ln\u00edmi efekty hry GPD WIN MAX 2 2023 d\u00edky <a href=\"https:\/\/www.notebookcheck.net\/AMD-Radeon-780M-GPU-Benchmarks-and-Specs.680539.0.html\" target=\"_blank\" rel=\"noreferrer noopener nofollow\">grafick\u00e9mu procesoru AMD Radeon 780M.<\/a> Tato v\u00fdkonn\u00e1 grafick\u00e1 karta poskytuje plynulou sn\u00edmkovou frekvenci a \u00fachvatnou grafiku pro vizu\u00e1ln\u011b ohromuj\u00edc\u00ed hern\u00ed z\u00e1\u017eitky.<\/p>\n\n<h2 class=\"wp-block-heading\"><strong>BEZKONKUREN\u010cN\u00cd PAM\u011a\u0164: A\u017d 64 GB LPDDR5 RAM<\/strong><\/h2>\n\n<p>GPD WIN MAX 2 2023 je vybaven bleskov\u011b rychlou <a href=\"https:\/\/en.wikipedia.org\/wiki\/LPDDR\">pam\u011bt\u00ed RAM LPDDR5<\/a> 6400 MT\/s, kter\u00e1 zaji\u0161\u0165uje rychl\u00e9 na\u010d\u00edt\u00e1n\u00ed, bezprobl\u00e9mov\u00fd multitasking a plynul\u00e9 hran\u00ed v n\u00e1ro\u010dn\u00fdch sc\u00e9n\u00e1\u0159\u00edch.<\/p>\n\n<h2 class=\"wp-block-heading\"><strong>VELK\u00dd \u00daLO\u017dN\u00dd PROSTOR: M.2 NVME 2280 SSD 4TB <\/strong><\/h2>\n\n<p>Zapome\u0148te na nedostatek \u00falo\u017en\u00e9ho prostoru s prostorn\u00fdm <a href=\"https:\/\/en.wikipedia.org\/wiki\/NVM_Express#:~:text=NVM%20Express%20(NVMe)%20or%20Non,via%20the%20PCI%20Express%20bus.\">SSD<\/a> diskem M.2 NVME 2280, kter\u00fd se py\u0161n\u00ed obrovskou kapacitou 4 TB. Rozlu\u010dte se s maz\u00e1n\u00edm her kv\u016fli m\u00edstu; s GPD WIN MAX 2 2023 jsou mo\u017enosti nekone\u010dn\u00e9.<\/p>\n\n<h2 class=\"wp-block-heading\"><strong>Z\u016eSTAT VE SPOJEN\u00cd: WI-FI 6 A BLUETOOTH 5.2<\/strong><\/h2>\n\n<p>P\u0159ipojen\u00ed je kl\u00ed\u010dov\u00e9 d\u00edky <a href=\"https:\/\/www.theverge.com\/2019\/2\/21\/18232026\/wi-fi-6-speed-explained-router-wifi-how-does-work\">WiFi 6<\/a> pro bleskurychl\u00e9 a stabiln\u00ed p\u0159ipojen\u00ed k internetu, kter\u00e9 zaji\u0161\u0165uje plynul\u00e9 hran\u00ed online her. <a href=\"https:\/\/www.bluetooth.com\/bluetooth-resources\/whats-new-in-core-spec-version-5-2\/\">Bluetooth 5.2<\/a> v\u00e1m umo\u017en\u00ed p\u0159ipojit bezdr\u00e1tov\u00e9 periferie pro skute\u010dn\u011b pohlcuj\u00edc\u00ed hern\u00ed z\u00e1\u017eitky.<\/p>\n\n<h2 class=\"wp-block-heading\"><strong>BEZPROBL\u00c9MOV\u00c9 P\u0158IPOJEN\u00cd: V\u0160ESTRANN\u00c9 PORTY<\/strong><\/h2>\n\n<p>GPD WIN MAX 2 2023 je vybaven \u0159adou port\u016f pro v\u0161echny hern\u00ed a perifern\u00ed pot\u0159eby. D\u00edky port\u016fm 1x USB 4, 1x USB 3.2 Gen 2 Type-C, 2x USB 3.2 Gen 2 Type-A a portu OCuLink(SFF-8612) snadno <a href=\"https:\/\/blog.fosketts.net\/2017\/06\/22\/what-is-oculink\/\" target=\"_blank\" rel=\"noreferrer noopener nofollow\">p\u0159ipoj\u00edte extern\u00ed<\/a> za\u0159\u00edzen\u00ed. <\/p>\n\n<h2 class=\"wp-block-heading\"><strong>VYLEP\u0160EN\u00c9 FUNKCE PRO BEZKONKUREN\u010cN\u00cd POHODL\u00cd<\/strong><\/h2>\n\n<p>GPD WIN MAX 2 2023 poskytuje bezprobl\u00e9mov\u00fd hern\u00ed z\u00e1\u017eitek d\u00edky sn\u00edma\u010di otisk\u016f prst\u016f pro rychl\u00e9 a bezpe\u010dn\u00e9 odemyk\u00e1n\u00ed za\u0159\u00edzen\u00ed. Touchpad Microsoft Precision Touchpad (PTP) zaji\u0161\u0165uje plynul\u00e9 a p\u0159esn\u00e9 ovl\u00e1d\u00e1n\u00ed kurzoru a podsv\u00edcen\u00e1 kl\u00e1vesnice umo\u017e\u0148uje hran\u00ed her v prost\u0159ed\u00ed se slab\u00fdm osv\u011btlen\u00edm. <\/p>\n\n<h2 class=\"wp-block-heading\"><strong>S\u00cdLA, KTER\u00c1 TRV\u00c1: DLOUH\u00c1 V\u00ddDR\u017d BATERIE<\/strong><\/h2>\n\n<p>67Wh li-polymerov\u00e1 baterie GPD WIN MAX 2 2023 poskytuje a\u017e 3 hodiny n\u00e1ro\u010dn\u00e9ho pou\u017e\u00edv\u00e1n\u00ed, 6-8 hodin st\u0159edn\u011b n\u00e1ro\u010dn\u00e9ho pou\u017e\u00edv\u00e1n\u00ed a p\u016fsobiv\u00fdch 14 hodin lehk\u00e9ho pou\u017e\u00edv\u00e1n\u00ed, co\u017e hr\u00e1\u010d\u016fm zaji\u0161\u0165uje spolehliv\u00fd a dlouhotrvaj\u00edc\u00ed zdroj energie.<\/p>\n\n<h2 class=\"wp-block-heading\"><strong>KOMPAKTN\u00cd A LEHK\u00c1 KONSTRUKCE<\/strong><\/h2>\n\n<p>GPD WIN MAX 2 2023 poskytuje vysok\u00fd v\u00fdkon v kompaktn\u00edm a lehk\u00e9m proveden\u00ed, m\u00e1 rozm\u011bry pouh\u00fdch 8,9 x 6,2 x 0,9 palce a v\u00e1\u017e\u00ed pouze 1005 g. Je vyroben z vysoce kvalitn\u00edch materi\u00e1l\u016f a zaru\u010duje odolnost a kvalitu proveden\u00ed pro hran\u00ed na cest\u00e1ch. <\/p>\n\n<h2 class=\"wp-block-heading\"><strong>P\u0158EDINSTALOVAN\u00dd SYST\u00c9M WINDOWS 11 HOME<\/strong><\/h2>\n\n<p>Po\u010d\u00edta\u010d GPD WIN MAX 2 2023 je dod\u00e1v\u00e1n s p\u0159edinstalovan\u00fdm <a href=\"https:\/\/www.microsoft.com\/en-gb\/windows\/windows-11\" target=\"_blank\" rel=\"noreferrer noopener nofollow\">syst\u00e9mem Windows 11 Home,<\/a> kter\u00fd nab\u00edz\u00ed optimalizovan\u00fd hern\u00ed z\u00e1\u017eitek d\u00edky intuitivn\u00edmu rozhran\u00ed a vylep\u0161en\u00fdm hern\u00edm funkc\u00edm.<\/p>\n\n<h2 class=\"wp-block-heading\"><strong>Z\u00c1V\u011aR<\/strong><\/h2>\n\n<p>GPD WIN MAX 2 2023 je dokonal\u00fd p\u0159enosn\u00fd hern\u00ed po\u010d\u00edta\u010d, kter\u00fd poskytuje \u0161pi\u010dkov\u00fd hern\u00ed v\u00fdkon v kompaktn\u00edm proveden\u00ed. S procesorem AMD Ryzen 7 7840U nebo Ryzen 5 7640U, grafick\u00fdm procesorem AMD Radeon 780M a a\u017e 64 GB pam\u011bti RAM zaji\u0161\u0165uje vynikaj\u00edc\u00ed v\u00fdkon pro n\u00e1ro\u010dn\u00e9 hry. D\u00edky 10,1&#8243; dotykov\u00e9mu ovl\u00e1dac\u00edmu displeji, v\u0161estrann\u00fdm mo\u017enostem p\u0159ipojen\u00ed a praktick\u00fdm funkc\u00edm je hran\u00ed na cest\u00e1ch hra\u010dka. D\u00edky dlouh\u00e9 v\u00fddr\u017ei baterie a kompaktn\u00edmu designu si hran\u00ed u\u017eije\u0161 bez omezen\u00ed.   <\/p>\n\n<h3 class=\"wp-block-heading\"><strong>V\u00fdhody produktu GPD WIN MAX 2 2023:<\/strong><\/h3>\n\n<ol class=\"wp-block-list\">\n<li>Powerful Performance: AMD Ryzen 7 7840U CPU and Ryzen 5 7640U with AMD Radeon 780M GPU deliver impressive performance for demanding games.<\/li>\n\n\n\n<li>Compact and Portable: The GPD WIN MAX 2 2023 offers unparalleled portability, making it easy to game on the go.<\/li>\n\n\n\n<li>Stunning Display: The 10.1&#8243; touch control display provides vibrant visuals and a high-resolution experience.<\/li>\n\n\n\n<li>Versatile Connectivity: The GPD WIN MAX 2 2023 offers a range of ports and wireless connectivity options, ensuring seamless integration with peripherals and online gaming experiences.<\/li>\n\n\n\n<li>Ample Storage: The spacious 4TB SSD eliminates the need to constantly delete and reinstall games.<\/li>\n<\/ol>\n\n<h3 class=\"wp-block-heading\">Order Your GPD WIN MAX 2 \u2013 In Stock &amp; Ready to Ship<\/h3>\n\n<p>Get the industry\u2019s most versatile work-and-play hybrid with a full 12-month official warranty.<\/p>\n\n<ul class=\"wp-block-list\">\n<li>Status: In Stock (Ships within 24 hours).<\/li>\n\n\n\n<li>Shipping: Insured worldwide express delivery.<\/li>\n\n\n\n<li>Support: Authorized GPD technical assistance included.<\/li>\n<\/ul>\n\n<p>P\u0159e\u010dt\u011bte si na\u0161i \u00faplnou recenzi GPD WIN MAX 2 2023 <a href=\"https:\/\/droix.net\/blogs\/gpd-win-max-2-2023-review\/\">, kde najdete<\/a> podrobn\u00e9 funkce, benchmarky, hratelnost a emula\u010dn\u00ed v\u00fdkon.<\/p>\n","protected":false},"excerpt":{"rendered":"<ul>\n<li>CPU: AMD Ryzen 5 \/ 7<strong> 7640U \/ 7840U <\/strong> <\/li>\n<li>GPU: AMD Radeon<strong> 760M \/ 780M<\/strong><\/li>\n<li>Opera\u010dn\u00ed pam\u011b\u0165: a\u017e<strong> 64 GB LPDDR5X @ 6400 MT\/s<\/strong><\/li>\n<li>\u00daLO\u017dI\u0160T\u011a: a\u017e 4TB <strong>PCI-E<\/strong> NVMe SSD<strong> Gen 3<\/strong> <\/li>\n<li>P\u0158IPOJEN\u00cd: Podpora Wi-Fi<strong> 6<\/strong> a Bluetooth <strong>5.2<\/strong> <\/li>\n<\/ul>\n[cg_accordion title=\"INFORMACE O PLATB\u011a\"]<\/p>\n<p>Pou\u017e\u00edv\u00e1me nejnov\u011bj\u0161\u00ed technologii zpracov\u00e1n\u00ed plateb, kter\u00e1 v\u00e1m umo\u017en\u00ed prov\u00e9st platbu prost\u0159ednictv\u00edm debetn\u00ed\/kreditn\u00ed karty nebo slu\u017eby PayPal, co\u017e je rychl\u00e9 a bezpe\u010dn\u00e9.[\/cg_accordion]\n[cg_accordion title=\"Z\u00c1RUKA\"]<\/p>\n<p>2 roky z\u00e1ruky od spole\u010dnosti <a href=\"https:\/\/droix.net\/\" target=\"_blank\" rel=\"nofollow noopener\">DROIX Global pro<\/a> v\u00e1\u0161 klid.[\/cg_accordion]\n[cg_accordion title=\"ZAJI\u0160T\u011aN\u00cd KVALITY A P\u0158EDEXPEDI\u010cN\u00cd TESTOV\u00c1N\u00cd\"]<\/p>\n<p>Zaji\u0161t\u011bn\u00ed spokojenosti z\u00e1kazn\u00edk\u016f na nejvy\u0161\u0161\u00ed \u00farovni: P\u0159ed odesl\u00e1n\u00edm proch\u00e1z\u00ed ka\u017ed\u00e9 za\u0159\u00edzen\u00ed p\u0159\u00edsn\u00fdm testov\u00e1n\u00edm a v\u00edcebodovou kontrolou kvality. N\u00e1\u0161 specializovan\u00fd t\u00fdm ov\u011b\u0159uje v\u00fdkon, funk\u010dnost a integritu sou\u010d\u00e1st\u00ed, aby bylo zaru\u010deno, \u017ee va\u0161e za\u0159\u00edzen\u00ed GPD je p\u0159i doru\u010den\u00ed v perfektn\u00edm funk\u010dn\u00edm stavu, co\u017e v\u00e1m poskytne jistotu a klid. [\/cg_accordion]\n[cg_accordion title=\"CENY, DAN\u011a A DOPRAVA\"]<\/p>\n<p><strong><u>Pozn\u00e1mka:<\/u><\/strong><\/p>\n<ul>\n<li>Z\u00e1kazn\u00edci ze Spojen\u00fdch st\u00e1t\u016f: Z\u00e1kazn\u00edci: Zobrazen\u00e1 cena NEZAHRNUJE DAN\u011a ani cla. Odpov\u011bdnost za celn\u00ed odbaven\u00ed a zaplacen\u00ed souvisej\u00edc\u00ed dan\u011b\/celn\u00ed sazby nese z\u00e1kazn\u00edk. <\/li>\n<li>Z\u00e1kazn\u00edci z EU: V zobrazen\u00e9 cen\u011b je zahrnuta p\u0159\u00edslu\u0161n\u00e1 DA\u0147, kter\u00e1 m\u016f\u017ee \u010dinit a\u017e 25 % v z\u00e1vislosti na va\u0161\u00ed zemi.<\/li>\n<li>Z\u00e1kazn\u00edci z Kanady: V z\u00e1vislosti na va\u0161\u00ed provincii m\u016f\u017ee zobrazen\u00e1 cena zahrnovat p\u0159\u00edslu\u0161n\u00e9 dan\u011b, kter\u00e9 mohou zahrnovat 5% GST a dal\u0161\u00ed provin\u010dn\u00ed dan\u011b z prodeje (PST), harmonizovanou da\u0148 z prodeje (HST) nebo quebeckou da\u0148 z prodeje (QST).<\/li>\n<\/ul>\n<p><strong>Pouze pro z\u00e1kazn\u00edky z EU:<\/strong> Expresn\u00ed DDP (Delivered Duty Paid). To znamen\u00e1: <\/p>\n<ul>\n<li>Ve\u0161ker\u00e1 cla a dan\u011b jsou zahrnuty v cen\u011b uveden\u00e9 na str\u00e1nce produktu.<\/li>\n<li>P\u0159i doru\u010den\u00ed nemus\u00edte platit \u017e\u00e1dn\u00e9 dal\u0161\u00ed poplatky.<\/li>\n<li>Ve v\u00fdjime\u010dn\u00fdch p\u0159\u00edpadech, kdy se vyskytnou probl\u00e9my souvisej\u00edc\u00ed s celn\u00edm \u0159\u00edzen\u00edm, se n\u00e1\u0161 t\u00fdm postar\u00e1 o celn\u00ed odbaven\u00ed va\u0161\u00edm jm\u00e9nem, aby bylo doru\u010den\u00ed bezprobl\u00e9mov\u00e9.<\/li>\n<p>D\u016fle\u017eit\u00e9 informace o vr\u00e1cen\u00ed zbo\u017e\u00ed:<\/p>\n<li>Pokud se rozhodnete objedn\u00e1vku vr\u00e1tit nebo po\u017e\u00e1dat o vr\u00e1cen\u00ed pen\u011bz, m\u011bjte na pam\u011bti, \u017ee dan\u011b a cla zaplacen\u00e9 za v\u00e1s podle podm\u00ednek DDP nelze vr\u00e1tit.<\/li>\n<p>Podrobn\u00e9 informace naleznete v na\u0161ich <a href=\"https:\/\/droix.net\/terms-and-conditions\/\" target=\"_blank\" rel=\"nofollow noopener\">smluvn\u00edch podm\u00ednk\u00e1ch<\/a>.\n<\/ul>\n<p>[\/cg_accordion]\n[cg_accordion title=\"Z\u00c1KAZNICK\u00c1 PODPORA\"]<\/p>\n<p>M\u00e1te dotaz? V\u00e1\u0161 probl\u00e9m vy\u0159e\u0161\u00edme kr\u00e1tkou textovou zpr\u00e1vou! <\/p>\n<p>Podrobn\u00e9 informace naleznete v na\u0161ich <a href=\"https:\/\/gpdstore.net\/cs\/terms-of-service\/\" target=\"_blank\" rel=\"nofollow noopener\">smluvn\u00edch podm\u00ednk\u00e1ch<\/a>.\n<\/ul>\n<p>[\/cg_accordion]\n[cg_accordion title=\"CO JE SOU\u010c\u00c1ST\u00cd BALEN\u00cd\"]<\/p>\n<ul>\n<li>1x GPD WIN MAX 2 2023<\/li>\n<li>1x nap\u00e1jec\u00ed adapt\u00e9r<\/li>\n<li>1x kabel USB typu C<\/li>\n<li>1x u\u017eivatelsk\u00e1 p\u0159\u00edru\u010dka<\/li>\n<\/ul>\n<p>[\/cg_accordion]\n","protected":false},"featured_media":223331,"template":"","meta":{"_acf_changed":false},"product_brand":[],"product_cat":[18116],"product_tag":[15867,17783],"woo-feed-brand":[5594],"class_list":{"0":"post-223096","1":"product","2":"type-product","3":"status-publish","4":"has-post-thumbnail","6":"product_cat-rucni-pocitac-gpd-pro-hrani-her","7":"product_tag-15xmsale-cs","8":"product_tag-gpd-win-max-2-cs","9":"product_shipping_class-premium","10":"pa_bluetooth-5-2-cs","11":"pa_brand-gpd","12":"pa_graphics-gpu-model-grafika-intel-iris-xe-cs","13":"pa_graphics-gpu-model-radeon-760m-cs","14":"pa_i-o-video-1x-hdmi-2-1-cs-2","15":"pa_i-o-video-1x-oculink-cs","16":"pa_i-o-video-pres-1x-usb-4-0-type-c-40gb-s","17":"pa_memory-ram-capacity-16-gb-cs","18":"pa_memory-ram-capacity-32-gb-cs","19":"pa_memory-ram-capacity-64-gb-cs-2","20":"pa_memory-ram-technology-lpddr5x-cs","21":"pa_processor-cpu-model-amd-ryzen-5-7640u","22":"pa_processor-cpu-model-amd-ryzen-7-7840u","23":"pa_storage-capacity-1-tb-cs","24":"pa_storage-capacity-2-tb-cs","25":"pa_storage-capacity-4-tb-cs","26":"pa_storage-technology-pcie-gen-3-cs","27":"pa_wi-fi-wi-fi-6-cs","28":"woo-feed-brand-gpd-cs","30":"first","31":"outofstock","32":"sale","33":"taxable","34":"shipping-taxable","35":"purchasable","36":"product-type-variable","37":"has-default-attributes"},"acf":[],"aioseo_notices":[],"_links":{"self":[{"href":"https:\/\/gpdstore.net\/cs\/wp-json\/wp\/v2\/product\/223096","targetHints":{"allow":["GET"]}}],"collection":[{"href":"https:\/\/gpdstore.net\/cs\/wp-json\/wp\/v2\/product"}],"about":[{"href":"https:\/\/gpdstore.net\/cs\/wp-json\/wp\/v2\/types\/product"}],"wp:featuredmedia":[{"embeddable":true,"href":"https:\/\/gpdstore.net\/cs\/wp-json\/wp\/v2\/media\/223331"}],"wp:attachment":[{"href":"https:\/\/gpdstore.net\/cs\/wp-json\/wp\/v2\/media?parent=223096"}],"wp:term":[{"taxonomy":"product_brand","embeddable":true,"href":"https:\/\/gpdstore.net\/cs\/wp-json\/wp\/v2\/product_brand?post=223096"},{"taxonomy":"product_cat","embeddable":true,"href":"https:\/\/gpdstore.net\/cs\/wp-json\/wp\/v2\/product_cat?post=223096"},{"taxonomy":"product_tag","embeddable":true,"href":"https:\/\/gpdstore.net\/cs\/wp-json\/wp\/v2\/product_tag?post=223096"},{"taxonomy":"woo-feed-brand","embeddable":true,"href":"https:\/\/gpdstore.net\/cs\/wp-json\/wp\/v2\/woo-feed-brand?post=223096"}],"curies":[{"name":"wp","href":"https:\/\/api.w.org\/{rel}","templated":true}]}}