{"id":219764,"date":"2023-03-24T15:33:39","date_gmt":"2023-03-24T15:33:39","guid":{"rendered":"https:\/\/gpdstore.net\/neza\u0159azen\u00e9\/ochranne-pouzdro-gpd-win-max-2\/"},"modified":"2025-12-23T10:33:45","modified_gmt":"2025-12-23T10:33:45","slug":"gpd-win-max-2-protective-case","status":"publish","type":"product","link":"https:\/\/gpdstore.net\/cs\/product\/gpd-win-max-2-protective-case\/","title":{"rendered":"GPD WIN Ko\u017een\u00e9 pouzdro pro Max 2 &#8211; pr\u00e9miov\u00e1 ochrana a styl!"},"content":{"rendered":"\n<p>Chra\u0148te sv\u016fj <strong>GPD WIN Max 2<\/strong> t\u00edmto <strong>elegantn\u00edm a odoln\u00fdm ko\u017een\u00fdm pouzdrem<\/strong>. Toto pr\u00e9miov\u00e9 p\u0159\u00edslu\u0161enstv\u00ed je navr\u017eeno tak, aby <strong>dokonale padlo<\/strong>, a udr\u017euje va\u0161e za\u0159\u00edzen\u00ed <strong>v bezpe\u010d\u00ed, jistot\u011b a stylu,<\/strong> a\u0165 u\u017e doma nebo na cest\u00e1ch. <\/p>\n\n<h2 class=\"wp-block-heading\"><strong>Kl\u00ed\u010dov\u00e9 vlastnosti:<\/strong><\/h2>\n\n<p><strong>Pr\u00e9miov\u00e1 ko\u017een\u00e1 konstrukce<\/strong> &#8211; Vyrobeno z vysoce kvalitn\u00ed k\u016f\u017ee pro sofistikovan\u00fd vzhled a vynikaj\u00edc\u00ed odolnost.<\/p>\n\n<p><strong>Dokonal\u00e9 uchycen\u00ed a v\u0161estrann\u00e1 ochrana<\/strong> &#8211; Vyrobeno na m\u00edru pro <strong>GPD WIN Max 2<\/strong>, zaji\u0161\u0165uje <strong>bezpe\u010dn\u00e9 a t\u011bsn\u00e9 uchycen\u00ed<\/strong> a z\u00e1rove\u0148 chr\u00e1n\u00ed za\u0159\u00edzen\u00ed p\u0159ed po\u0161kr\u00e1b\u00e1n\u00edm, prachem a drobn\u00fdmi n\u00e1razy.  <\/p>\n\n<p><strong>M\u011bkk\u00e1 vnit\u0159n\u00ed pod\u0161\u00edvka<\/strong> &#8211; Chr\u00e1n\u00ed obrazovku a t\u011blo za\u0159\u00edzen\u00ed p\u0159ed od\u0159en\u00edm a z\u00e1rove\u0148 je chr\u00e1n\u00ed p\u0159ed prachem.<\/p>\n\n<p><strong>Tenk\u00fd a lehk\u00fd design<\/strong> &#8211; nab\u00edz\u00ed vynikaj\u00edc\u00ed ochranu bez zbyte\u010dn\u011b velk\u00e9ho objemu, tak\u017ee je ide\u00e1ln\u00ed na cesty.<\/p>\n\n<p><strong>Magnetick\u00fd uz\u00e1v\u011br<\/strong> &#8211; udr\u017euje za\u0159\u00edzen\u00ed v bezpe\u010d\u00ed a z\u00e1rove\u0148 umo\u017e\u0148uje rychl\u00fd a snadn\u00fd p\u0159\u00edstup.  <\/p>\n\n<p>Vylep\u0161ete sv\u016fj <strong>GPD WIN Max 2<\/strong> t\u00edmto <strong>luxusn\u00edm ko\u017een\u00fdm pouzdrem, ve kter\u00e9m<\/strong> <strong>se styl snoub\u00ed s ochranou<\/strong>!<\/p>\n","protected":false},"excerpt":{"rendered":"<ul>\n<li><strong>Ofici\u00e1ln\u00ed<\/strong> ko\u017een\u00e9 pouzdro GPD WIN Max 2<\/li>\n<li><strong>Pr\u00e9miov\u00e1 k\u016f\u017ee<\/strong> &#8211; elegantn\u00ed, odoln\u00e1 a dlouhotrvaj\u00edc\u00ed.<\/li>\n<li><strong>M\u011bkk\u00e1 vnit\u0159n\u00ed pod\u0161\u00edvka<\/strong> &#8211; chr\u00e1n\u00ed p\u0159ed po\u0161kr\u00e1b\u00e1n\u00edm a prachem.<\/li>\n<li><strong>Lehk\u00fd a p\u0159enosn\u00fd<\/strong> &#8211; Snadno se p\u0159en\u00e1\u0161\u00ed bez velk\u00fdch rozm\u011br\u016f.<\/li>\n<li><strong>Magnetick\u00fd uz\u00e1v\u011br<\/strong> &#8211; bezpe\u010dn\u00fd a pohodln\u00fd p\u0159\u00edstup.<\/li>\n<\/ul>\n[cg_accordion title=\"INFORMACE O PLATB\u011a\"]<\/p>\n<p>Pou\u017e\u00edv\u00e1me nejnov\u011bj\u0161\u00ed technologie zpracov\u00e1n\u00ed plateb, kter\u00e9 v\u00e1m umo\u017e\u0148uj\u00ed prov\u00e9st platbu prost\u0159ednictv\u00edm Apple Pay, Google Pay, va\u0161\u00ed debetn\u00ed\/kreditn\u00ed karty, PayPal nebo metod BNPL, jako jsou Klarna, Affirm nebo AfterPay, a zajistit tak rychl\u00e9 a bezpe\u010dn\u00e9 zpracov\u00e1n\u00ed.[\/cg_accordion]\n[cg_accordion title=\"Z\u00c1RUKA\"]<\/p>\n<p>2 roky z\u00e1ruky od spole\u010dnosti <a href=\"https:\/\/droix.net\/\" target=\"_blank\" rel=\"nofollow noopener\">DROIX Global pro<\/a> v\u00e1\u0161 klid.[\/cg_accordion]\n[cg_accordion title=\"CENY, DAN\u011a A DOPRAVA\"]<\/p>\n<p><strong><u>Pozn\u00e1mka:<\/u><\/strong><\/p>\n<ul>\n<li>Z\u00e1kazn\u00edci ze Spojen\u00fdch st\u00e1t\u016f: Z\u00e1kazn\u00edci: Zobrazen\u00e1 cena NEZAHRNUJE DAN\u011a ani cla. Odpov\u011bdnost za celn\u00ed odbaven\u00ed a zaplacen\u00ed souvisej\u00edc\u00ed dan\u011b\/celn\u00ed sazby nese z\u00e1kazn\u00edk. <\/li>\n<li>Z\u00e1kazn\u00edci z EU: V zobrazen\u00e9 cen\u011b je zahrnuta p\u0159\u00edslu\u0161n\u00e1 DA\u0147, kter\u00e1 m\u016f\u017ee \u010dinit a\u017e 25 % v z\u00e1vislosti na va\u0161\u00ed zemi.<\/li>\n<li>Z\u00e1kazn\u00edci z Kanady: V z\u00e1vislosti na va\u0161\u00ed provincii m\u016f\u017ee zobrazen\u00e1 cena zahrnovat p\u0159\u00edslu\u0161n\u00e9 dan\u011b, kter\u00e9 mohou zahrnovat 5% GST a dal\u0161\u00ed provin\u010dn\u00ed dan\u011b z prodeje (PST), harmonizovanou da\u0148 z prodeje (HST) nebo quebeckou da\u0148 z prodeje (QST).<\/li>\n<\/ul>\n<p><strong>Pouze pro z\u00e1kazn\u00edky z EU:<\/strong> Expresn\u00ed DDP (Delivered Duty Paid). To znamen\u00e1: <\/p>\n<ul>\n<li>Ve\u0161ker\u00e1 cla a dan\u011b jsou zahrnuty v cen\u011b uveden\u00e9 na str\u00e1nce produktu.<\/li>\n<li>P\u0159i doru\u010den\u00ed nemus\u00edte platit \u017e\u00e1dn\u00e9 dal\u0161\u00ed poplatky.<\/li>\n<li>Ve v\u00fdjime\u010dn\u00fdch p\u0159\u00edpadech, kdy se vyskytnou probl\u00e9my souvisej\u00edc\u00ed s celn\u00edm \u0159\u00edzen\u00edm, se n\u00e1\u0161 t\u00fdm postar\u00e1 o celn\u00ed odbaven\u00ed va\u0161\u00edm jm\u00e9nem, aby bylo doru\u010den\u00ed bezprobl\u00e9mov\u00e9.<\/li>\n<p>D\u016fle\u017eit\u00e9 informace o vr\u00e1cen\u00ed zbo\u017e\u00ed:<\/p>\n<li>Pokud se rozhodnete objedn\u00e1vku vr\u00e1tit nebo po\u017e\u00e1dat o vr\u00e1cen\u00ed pen\u011bz, m\u011bjte na pam\u011bti, \u017ee dan\u011b a cla zaplacen\u00e9 za v\u00e1s podle podm\u00ednek DDP nelze vr\u00e1tit.<\/li>\n<p>Podrobn\u00e9 informace naleznete v na\u0161ich <a href=\"https:\/\/gpdstore.net\/cs\/terms-of-service\/\" target=\"_blank\" rel=\"nofollow noopener\">smluvn\u00edch podm\u00ednk\u00e1ch<\/a>.\n<\/ul>\n<p>[\/cg_accordion]\n[cg_accordion title=\"Z\u00c1KAZNICK\u00c1 PODPORA\"]<\/p>\n<p>M\u00e1te dotaz? V\u00e1\u0161 probl\u00e9m vy\u0159e\u0161\u00edme kr\u00e1tkou textovou zpr\u00e1vou!<br \/>\n[\/cg_accordion]\n[cg_accordion title=\"CO JE SOU\u010c\u00c1ST\u00cd BALEN\u00cd\"]<\/p>\n<ul>\n<li>1x pouzdro GPD WIN MAX 2<\/li>\n<\/ul>\n<p>[\/cg_accordion]\n","protected":false},"featured_media":1075585,"template":"","meta":{"_acf_changed":false},"product_brand":[],"product_cat":[5402],"product_tag":[15867,6076],"woo-feed-brand":[5594],"class_list":{"0":"post-219764","1":"product","2":"type-product","3":"status-publish","4":"has-post-thumbnail","6":"product_cat-prislusenstvi","7":"product_tag-15xmsale-cs","8":"product_tag-gpd-wm2-prislusenstvi","9":"product_shipping_class-low-end","10":"pa_accessory-type-ochranne-pouzdro","11":"pa_brand-gpd","12":"woo-feed-brand-gpd-cs","14":"first","15":"instock","16":"sale","17":"taxable","18":"shipping-taxable","19":"purchasable","20":"product-type-variable","21":"has-default-attributes"},"acf":[],"aioseo_notices":[],"_links":{"self":[{"href":"https:\/\/gpdstore.net\/cs\/wp-json\/wp\/v2\/product\/219764","targetHints":{"allow":["GET"]}}],"collection":[{"href":"https:\/\/gpdstore.net\/cs\/wp-json\/wp\/v2\/product"}],"about":[{"href":"https:\/\/gpdstore.net\/cs\/wp-json\/wp\/v2\/types\/product"}],"wp:featuredmedia":[{"embeddable":true,"href":"https:\/\/gpdstore.net\/cs\/wp-json\/wp\/v2\/media\/1075585"}],"wp:attachment":[{"href":"https:\/\/gpdstore.net\/cs\/wp-json\/wp\/v2\/media?parent=219764"}],"wp:term":[{"taxonomy":"product_brand","embeddable":true,"href":"https:\/\/gpdstore.net\/cs\/wp-json\/wp\/v2\/product_brand?post=219764"},{"taxonomy":"product_cat","embeddable":true,"href":"https:\/\/gpdstore.net\/cs\/wp-json\/wp\/v2\/product_cat?post=219764"},{"taxonomy":"product_tag","embeddable":true,"href":"https:\/\/gpdstore.net\/cs\/wp-json\/wp\/v2\/product_tag?post=219764"},{"taxonomy":"woo-feed-brand","embeddable":true,"href":"https:\/\/gpdstore.net\/cs\/wp-json\/wp\/v2\/woo-feed-brand?post=219764"}],"curies":[{"name":"wp","href":"https:\/\/api.w.org\/{rel}","templated":true}]}}