{"id":218561,"date":"2023-03-24T15:25:19","date_gmt":"2023-03-24T15:25:19","guid":{"rendered":"https:\/\/gpdstore.net\/neza\u0159azen\u00e9\/ochranna-folie-displeje-gpd-win-4\/"},"modified":"2025-12-23T10:33:41","modified_gmt":"2025-12-23T10:33:41","slug":"gpd-win-4-screen-protector","status":"publish","type":"product","link":"https:\/\/gpdstore.net\/cs\/product\/gpd-win-4-screen-protector\/","title":{"rendered":"Ochrann\u00e1 f\u00f3lie displeje GPD WIN 4"},"content":{"rendered":"\n<p>P\u0159edstavujeme ochrann\u00fd kryt obrazovky GPD Win 4 &#8211; dokonal\u00fd dopln\u011bk k va\u0161emu kapesn\u00edmu hern\u00edmu po\u010d\u00edta\u010di. N\u00e1\u0161 chr\u00e1ni\u010d obrazovky je vyroben z vysoce kvalitn\u00edch materi\u00e1l\u016f a nab\u00edz\u00ed vynikaj\u00edc\u00ed ochranu proti po\u0161kr\u00e1b\u00e1n\u00ed, prachu a dal\u0161\u00edm b\u011b\u017en\u00fdm nebezpe\u010d\u00edm, kter\u00e1 mohou po\u0161kodit v\u00e1\u0161 GPD Win 4. D\u00edky p\u0159esn\u00fdm v\u00fd\u0159ez\u016fm a dokonal\u00e9mu uchycen\u00ed nebude n\u00e1\u0161 chr\u00e1ni\u010d obrazovky naru\u0161ovat citlivost dotyku ani \u010distotu va\u0161eho za\u0159\u00edzen\u00ed. Jeho ultratenk\u00e9 proveden\u00ed zachov\u00e1v\u00e1 p\u016fvodn\u00ed vzhled a dojem z va\u0161eho kapesn\u00edho hern\u00edho po\u010d\u00edta\u010de. N\u00e1\u0161 chr\u00e1ni\u010d obrazovky se snadno instaluje a odstra\u0148uje a zaji\u0161\u0165uje, \u017ee v\u00e1\u0161 GPD Win 4 z\u016fstane v bezvadn\u00e9m stavu. Objednejte si sv\u016fj pr\u00e1v\u011b te\u010f!     <\/p>\n","protected":false},"excerpt":{"rendered":"<ul>\n<li>Navr\u017eeno spole\u010dnost\u00ed <strong>GPD<\/strong><\/li>\n<li><strong>Kompatibiln\u00ed s<\/strong> <strong>GPD WIN 4<\/strong><\/li>\n<li>Chr\u00e1n\u00ed p\u0159ed po\u0161kr\u00e1b\u00e1n\u00edm a prachem<\/li>\n<li>Snadn\u00e1 instalace a demont\u00e1\u017e<\/li>\n<li><strong>Vysoce kvalitn\u00ed<\/strong> materi\u00e1l<\/li>\n<\/ul>\n[cg_accordion title=\"INFORMACE O PLATB\u011a\"]<\/p>\n<p>Pou\u017e\u00edv\u00e1me nejnov\u011bj\u0161\u00ed technologie zpracov\u00e1n\u00ed plateb, kter\u00e9 v\u00e1m umo\u017e\u0148uj\u00ed prov\u00e9st platbu prost\u0159ednictv\u00edm Apple Pay, Google Pay, va\u0161\u00ed debetn\u00ed\/kreditn\u00ed karty, PayPal nebo metod BNPL, jako jsou Klarna, Affirm nebo AfterPay, a zajistit tak rychl\u00e9 a bezpe\u010dn\u00e9 zpracov\u00e1n\u00ed.[\/cg_accordion]\n[cg_accordion title=\"Z\u00c1RUKA\"]<\/p>\n<p>2 roky z\u00e1ruky od spole\u010dnosti <a href=\"https:\/\/droix.net\/\" target=\"_blank\" rel=\"nofollow noopener\">DROIX Global pro<\/a> v\u00e1\u0161 klid.[\/cg_accordion]\n[cg_accordion title=\"CENY, DAN\u011a A DOPRAVA\"]<\/p>\n<p><strong><u>Pozn\u00e1mka:<\/u><\/strong><\/p>\n<ul>\n<li>Z\u00e1kazn\u00edci ze Spojen\u00fdch st\u00e1t\u016f: Z\u00e1kazn\u00edci: Zobrazen\u00e1 cena NEZAHRNUJE DAN\u011a ani cla. Odpov\u011bdnost za celn\u00ed odbaven\u00ed a zaplacen\u00ed souvisej\u00edc\u00ed dan\u011b\/celn\u00ed sazby nese z\u00e1kazn\u00edk. <\/li>\n<li>Z\u00e1kazn\u00edci z EU: V zobrazen\u00e9 cen\u011b je zahrnuta p\u0159\u00edslu\u0161n\u00e1 DA\u0147, kter\u00e1 m\u016f\u017ee \u010dinit a\u017e 25 % v z\u00e1vislosti na va\u0161\u00ed zemi.<\/li>\n<li>Z\u00e1kazn\u00edci z Kanady: V z\u00e1vislosti na va\u0161\u00ed provincii m\u016f\u017ee zobrazen\u00e1 cena zahrnovat p\u0159\u00edslu\u0161n\u00e9 dan\u011b, kter\u00e9 mohou zahrnovat 5% GST a dal\u0161\u00ed provin\u010dn\u00ed dan\u011b z prodeje (PST), harmonizovanou da\u0148 z prodeje (HST) nebo quebeckou da\u0148 z prodeje (QST).<\/li>\n<\/ul>\n<p><strong>Pouze pro z\u00e1kazn\u00edky z EU:<\/strong> Expresn\u00ed DDP (Delivered Duty Paid). To znamen\u00e1: <\/p>\n<ul>\n<li>Ve\u0161ker\u00e1 cla a dan\u011b jsou zahrnuty v cen\u011b uveden\u00e9 na str\u00e1nce produktu.<\/li>\n<li>P\u0159i doru\u010den\u00ed nemus\u00edte platit \u017e\u00e1dn\u00e9 dal\u0161\u00ed poplatky.<\/li>\n<li>Ve v\u00fdjime\u010dn\u00fdch p\u0159\u00edpadech, kdy se vyskytnou probl\u00e9my souvisej\u00edc\u00ed s celn\u00edm \u0159\u00edzen\u00edm, se n\u00e1\u0161 t\u00fdm postar\u00e1 o celn\u00ed odbaven\u00ed va\u0161\u00edm jm\u00e9nem, aby bylo doru\u010den\u00ed bezprobl\u00e9mov\u00e9.<\/li>\n<p>D\u016fle\u017eit\u00e9 informace o vr\u00e1cen\u00ed zbo\u017e\u00ed:<\/p>\n<li>Pokud se rozhodnete objedn\u00e1vku vr\u00e1tit nebo po\u017e\u00e1dat o vr\u00e1cen\u00ed pen\u011bz, m\u011bjte na pam\u011bti, \u017ee dan\u011b a cla zaplacen\u00e9 za v\u00e1s podle podm\u00ednek DDP nelze vr\u00e1tit.<\/li>\n<p>Podrobn\u00e9 informace naleznete v na\u0161ich <a href=\"https:\/\/gpdstore.net\/cs\/terms-of-service\/\" target=\"_blank\" rel=\"nofollow noopener\">smluvn\u00edch podm\u00ednk\u00e1ch<\/a>.\n<\/ul>\n<p>[\/cg_accordion]\n[cg_accordion title=\"Z\u00c1KAZNICK\u00c1 PODPORA\"]<\/p>\n<p>M\u00e1te dotaz? V\u00e1\u0161 probl\u00e9m vy\u0159e\u0161\u00edme kr\u00e1tkou textovou zpr\u00e1vou!<br \/>\n[\/cg_accordion]\n[cg_accordion title=\"CO JE SOU\u010c\u00c1ST\u00cd BALEN\u00cd\"]<\/p>\n<ul>\n<li>1x GPD WIN 4 Screen Protector<\/li>\n<\/ul>\n<p>[\/cg_accordion]\n","protected":false},"featured_media":218594,"template":"","meta":{"_acf_changed":false},"product_brand":[],"product_cat":[5402],"product_tag":[5952],"woo-feed-brand":[5594],"class_list":{"0":"post-218561","1":"product","2":"type-product","3":"status-publish","4":"has-post-thumbnail","6":"product_cat-prislusenstvi","7":"product_tag-gpd-win-4-accessory-cs-2","8":"product_shipping_class-low-end","9":"pa_accessory-type-ochranny-kryt-obrazovky-cs","10":"woo-feed-brand-gpd-cs","12":"first","13":"outofstock","14":"taxable","15":"shipping-taxable","16":"purchasable","17":"product-type-simple"},"acf":[],"aioseo_notices":[],"_links":{"self":[{"href":"https:\/\/gpdstore.net\/cs\/wp-json\/wp\/v2\/product\/218561","targetHints":{"allow":["GET"]}}],"collection":[{"href":"https:\/\/gpdstore.net\/cs\/wp-json\/wp\/v2\/product"}],"about":[{"href":"https:\/\/gpdstore.net\/cs\/wp-json\/wp\/v2\/types\/product"}],"wp:featuredmedia":[{"embeddable":true,"href":"https:\/\/gpdstore.net\/cs\/wp-json\/wp\/v2\/media\/218594"}],"wp:attachment":[{"href":"https:\/\/gpdstore.net\/cs\/wp-json\/wp\/v2\/media?parent=218561"}],"wp:term":[{"taxonomy":"product_brand","embeddable":true,"href":"https:\/\/gpdstore.net\/cs\/wp-json\/wp\/v2\/product_brand?post=218561"},{"taxonomy":"product_cat","embeddable":true,"href":"https:\/\/gpdstore.net\/cs\/wp-json\/wp\/v2\/product_cat?post=218561"},{"taxonomy":"product_tag","embeddable":true,"href":"https:\/\/gpdstore.net\/cs\/wp-json\/wp\/v2\/product_tag?post=218561"},{"taxonomy":"woo-feed-brand","embeddable":true,"href":"https:\/\/gpdstore.net\/cs\/wp-json\/wp\/v2\/woo-feed-brand?post=218561"}],"curies":[{"name":"wp","href":"https:\/\/api.w.org\/{rel}","templated":true}]}}