{"id":208389,"date":"2023-03-26T17:56:24","date_gmt":"2023-03-26T17:56:24","guid":{"rendered":"https:\/\/gpdstore.net\/neza\u0159azen\u00e9\/herni-kapesni-pocitac-gpd-win-max-2021\/"},"modified":"2025-12-23T10:31:09","modified_gmt":"2025-12-23T10:31:09","slug":"gpd-win-max-2021","status":"publish","type":"product","link":"https:\/\/gpdstore.net\/cs\/product\/gpd-win-max-2021\/","title":{"rendered":"Hern\u00ed kapesn\u00ed po\u010d\u00edta\u010d GPD WIN MAX 2021"},"content":{"rendered":"\n<p>GPD WIN MAX 2021 je hern\u00ed ultrabook, kter\u00fd byl navr\u017een pro hran\u00ed po\u010d\u00edta\u010dov\u00fdch her na cest\u00e1ch. Toto v\u00fdkonn\u00e9 za\u0159\u00edzen\u00ed se dod\u00e1v\u00e1 ve dvou verz\u00edch, jedna s procesorem Intel\u00ae Core\u2122 i7-1195G7 a druh\u00e1 s procesorem AMD Ryzen\u2122 7 4800U. Krom\u011b rozd\u00edln\u00fdch mo\u017enost\u00ed procesoru jsou ob\u011b verze za\u0159\u00edzen\u00ed naprosto stejn\u00e9.<\/p>\n\n<p>V obchod\u011b GPD Store s hrdost\u00ed nab\u00edz\u00edme GPD WIN MAX 2021 hr\u00e1\u010d\u016fm, kte\u0159\u00ed cht\u011bj\u00ed v\u00fdkonn\u00fd kapesn\u00ed po\u010d\u00edta\u010d pro hran\u00ed po\u010d\u00edta\u010dov\u00fdch her, kter\u00fd si mohou vz\u00edt kamkoli s sebou. Tento ultrabook je ide\u00e1ln\u00ed pro hr\u00e1\u010de, kte\u0159\u00ed si cht\u011bj\u00ed u\u017e\u00edvat sv\u00e9 obl\u00edben\u00e9 hry na cest\u00e1ch, ani\u017e by museli ob\u011btovat v\u00fdkon nebo kvalitu.<\/p>\n\n<p>GPD WIN MAX 2021 je v\u00fdkonn\u00fd hern\u00ed ultrabook s 8,0&#8243; dotykov\u00fdm IPS displejem s rozli\u0161en\u00edm 1280 x 800 pixel\u016f. Za\u0159\u00edzen\u00ed je vybaveno integrovanou grafikou Intel\u00ae Iris\u00ae Xe nebo AMD Radeon\u2122 Graphics, tak\u017ee je ide\u00e1ln\u00ed pro spou\u0161t\u011bn\u00ed n\u00e1ro\u010dn\u00fdch her a aplikac\u00ed.<\/p>\n\n<p>Co se t\u00fd\u010de v\u00fdpo\u010detn\u00edho v\u00fdkonu, GPD WIN MAX 2021 je k dispozici s procesorem Intel\u00ae Core\u2122 i7-1195G7 nebo AMD Ryzen\u2122 7 4800U. Tyto v\u00fdkonn\u00e9 procesory zaji\u0161\u0165uj\u00ed, \u017ee za\u0159\u00edzen\u00ed hrav\u011b zvl\u00e1dne i ty nejn\u00e1ro\u010dn\u011bj\u0161\u00ed hry a aplikace.<\/p>\n\n<p>GPD WIN MAX 2021 je tak\u00e9 vybaven 16GB LPDDR4X 4266 MT\/s RAM a 1TB M.2. \u00dalo\u017ei\u0161t\u011b NVMe SSD, kter\u00e9 v\u00e1m zajist\u00ed dostatek prostoru pro ukl\u00e1d\u00e1n\u00ed her a dal\u0161\u00edch dat. Za\u0159\u00edzen\u00ed je tak\u00e9 vybaveno \u0159adou port\u016f, v\u010detn\u011b portu USB typu C, portu USB 3.0, portu HDMI a 3,5mm konektoru pro sluch\u00e1tka.<\/p>\n\n<p>Jednou z nejv\u00fdznamn\u011bj\u0161\u00edch vlastnost\u00ed modelu GPD WIN MAX 2021 jsou jeho kompaktn\u00ed rozm\u011bry. P\u0159esto\u017ee se jedn\u00e1 o v\u00fdkonn\u00fd ultrabook, jeho rozm\u011bry jsou jen 8,5 x 5,7 x 1,1 palce a hmotnost pouh\u00fdch 1,5 kg. D\u00edky tomu si ji m\u016f\u017eete snadno vz\u00edt s sebou, a\u0165 u\u017e cestujete, nebo si jen chcete vychutnat sv\u00e9 obl\u00edben\u00e9 hry na gau\u010di.<\/p>\n\n<p>GPD WIN MAX 2021 m\u00e1 tak\u00e9 vestav\u011bn\u00fd hern\u00ed ovlada\u010d s D-padem, analogov\u00fdmi p\u00e1\u010dkami a spou\u0161t\u011bc\u00edmi tla\u010d\u00edtky. D\u00edky tomu m\u016f\u017eete snadno hr\u00e1t sv\u00e9 obl\u00edben\u00e9 hry, ani\u017e byste museli p\u0159ipojovat extern\u00ed ovlada\u010d. Za\u0159\u00edzen\u00ed je tak\u00e9 vybaveno plnohodnotnou kl\u00e1vesnic\u00ed QWERTY, kter\u00e1 usnad\u0148uje psan\u00ed a navigaci v nab\u00eddk\u00e1ch.<\/p>\n\n<p>V obchod\u011b GPD Store v\u011b\u0159\u00edme, \u017ee GPD WIN MAX 2021 je dokonal\u00fd ultrabook pro hr\u00e1\u010de, kte\u0159\u00ed cht\u011bj\u00ed v\u00fdkonn\u00fd hern\u00ed kapesn\u00ed po\u010d\u00edta\u010d, kter\u00fd si mohou vz\u00edt kamkoli s sebou. Toto v\u00fdkonn\u00e9 za\u0159\u00edzen\u00ed je ide\u00e1ln\u00ed pro hr\u00e1\u010de, kte\u0159\u00ed si cht\u011bj\u00ed u\u017e\u00edt sv\u00e9 obl\u00edben\u00e9 hry na cest\u00e1ch, ani\u017e by museli ob\u011btovat v\u00fdkon nebo kvalitu.<\/p>\n\n<p>A\u0165 u\u017e jste p\u0159\u00edle\u017eitostn\u00fd hr\u00e1\u010d, nebo hardcore hr\u00e1\u010d, GPD WIN MAX 2021 je pro v\u00e1s ide\u00e1ln\u00edm za\u0159\u00edzen\u00edm. D\u00edky v\u00fdkonn\u00e9mu procesoru, kvalitn\u00ed grafice a kompaktn\u00edm rozm\u011br\u016fm je to dokonal\u00fd ultrabook pro hran\u00ed po\u010d\u00edta\u010dov\u00fdch her na cest\u00e1ch. Tak pro\u010d \u010dekat? Nav\u0161tivte obchod GPD Store je\u0161t\u011b dnes a po\u0159i\u010fte si GPD WIN MAX 2021.<\/p>\n","protected":false},"excerpt":{"rendered":"<ul>\n<li>AMD <strong>Ryzen 7 6800U<\/strong> @2,7GHz TDP 15-28W<\/li>\n<li>AMD Radeon 680M <strong>12 CU @2200 MHz<\/strong><\/li>\n<li><strong>a\u017e 32 GB LPDDR5-6400 MT\/s<\/strong><\/li>\n<li><strong>a\u017e 2 TB<\/strong> vysokorychlostn\u00ed PCI-E <strong>NVMe<\/strong> SSD<\/li>\n<li>Podpora WiFi 6 a Bluetooth <strong>5.2<\/strong>  <\/li>\n<\/ul>\n<p> [cg_accordion title=\"INFORMACE O PLATB\u011a\"] Pou\u017e\u00edv\u00e1me nejnov\u011bj\u0161\u00ed technologie zpracov\u00e1n\u00ed plateb, kter\u00e9 v\u00e1m umo\u017e\u0148uj\u00ed prov\u00e9st platbu prost\u0159ednictv\u00edm Apple Pay, Google Pay, va\u0161\u00ed debetn\u00ed\/kreditn\u00ed karty, PayPal nebo metod BNPL, jako jsou Klarna, Affirm nebo AfterPay, a zajistit tak rychl\u00e9 a bezpe\u010dn\u00e9 zpracov\u00e1n\u00ed.[\/cg_accordion] [cg_accordion title=\"Z\u00c1RUKA\"] 2 roky z\u00e1ruky od spole\u010dnosti <a href=\"https:\/\/droix.net\/\" target=\"_blank\" rel=\"nofollow noopener\">DROIX Global<\/a> pro v\u00e1\u0161 klid.[\/cg_accordion] [cg_accordion title=\"PRICING, TAXES AND SHIPPING\"] <strong><br \/>\n  <u>Pozn:<\/u><br \/>\n<\/strong><\/p>\n<ul>\n<li>Z\u00e1kazn\u00edci ze Spojen\u00fdch st\u00e1t\u016f: Z\u00e1kazn\u00edci: Zobrazen\u00e1 cena NEZAHRNUJE DAN\u011a ani cla. Odpov\u011bdnost za celn\u00ed odbaven\u00ed a zaplacen\u00ed souvisej\u00edc\u00ed dan\u011b\/celn\u00ed sazby nese z\u00e1kazn\u00edk. <\/li>\n<li>Z\u00e1kazn\u00edci z EU: V zobrazen\u00e9 cen\u011b je zahrnuta p\u0159\u00edslu\u0161n\u00e1 DA\u0147, kter\u00e1 m\u016f\u017ee \u010dinit a\u017e 25 % v z\u00e1vislosti na va\u0161\u00ed zemi.<\/li>\n<li>Z\u00e1kazn\u00edci z Kanady: V z\u00e1vislosti na va\u0161\u00ed provincii m\u016f\u017ee zobrazen\u00e1 cena zahrnovat p\u0159\u00edslu\u0161n\u00e9 dan\u011b, kter\u00e9 mohou zahrnovat 5% GST a dal\u0161\u00ed provin\u010dn\u00ed dan\u011b z prodeje (PST), harmonizovanou da\u0148 z prodeje (HST) nebo quebeckou da\u0148 z prodeje (QST).<\/li>\n<\/ul>\n<p><strong>Pouze pro z\u00e1kazn\u00edky z EU:<\/strong> Expresn\u00ed DDP (Delivered Duty Paid). To znamen\u00e1: <\/p>\n<ul>\n<li style=\"list-style-type: none;\">\n<ul>\n<li>Ve\u0161ker\u00e1 cla a dan\u011b jsou zahrnuty v cen\u011b uveden\u00e9 na str\u00e1nce produktu.<\/li>\n<li>P\u0159i doru\u010den\u00ed nemus\u00edte platit \u017e\u00e1dn\u00e9 dal\u0161\u00ed poplatky.<\/li>\n<li>Ve v\u00fdjime\u010dn\u00fdch p\u0159\u00edpadech, kdy se vyskytnou probl\u00e9my souvisej\u00edc\u00ed s celn\u00edm \u0159\u00edzen\u00edm, se n\u00e1\u0161 t\u00fdm postar\u00e1 o celn\u00ed odbaven\u00ed va\u0161\u00edm jm\u00e9nem, aby bylo doru\u010den\u00ed bezprobl\u00e9mov\u00e9.<\/li>\n<p>D\u016fle\u017eit\u00e9 informace o vr\u00e1cen\u00ed zbo\u017e\u00ed:<\/p>\n<li>Pokud se rozhodnete objedn\u00e1vku vr\u00e1tit nebo po\u017e\u00e1dat o vr\u00e1cen\u00ed pen\u011bz, m\u011bjte na pam\u011bti, \u017ee dan\u011b a cla zaplacen\u00e9 za v\u00e1s podle podm\u00ednek DDP nelze vr\u00e1tit.<\/li>\n<p>Pod\u00edvejte se pros\u00edm na na\u0161e<\/ul>\n<\/li>\n<\/ul>\n<p><a href=\"https:\/\/gpdstore.net\/cs\/terms-of-service\/\" target=\"_blank\" rel=\"nofollow noopener\">Podm\u00ednky a pravidla<\/a><\/p>\n<ul>podrobn\u00e9 informace.<\/ul>\n<p>[\/cg_accordion] [cg_accordion title=\"Z\u00c1KAZNICK\u00c1 PODPORA\"]  M\u00e1te dotaz? V\u00e1\u0161 probl\u00e9m vy\u0159e\u0161\u00edme kr\u00e1tkou textovou zpr\u00e1vou!   [\/cg_accordion] [cg_accordion title=\"WHAT'S INCLUDED\"]<\/p>\n<ul>\n<li>1x GPD WIN MAX 2021<\/li>\n<li>1x nap\u00e1jec\u00ed adapt\u00e9r<\/li>\n<li>1x kabel USB typu C<\/li>\n<li>1x u\u017eivatelsk\u00e1 p\u0159\u00edru\u010dka<\/li>\n<\/ul>\n<p>[\/cg_accordion]<\/p>\n","protected":false},"featured_media":208391,"template":"","meta":{"_acf_changed":false},"product_brand":[],"product_cat":[18116],"product_tag":[9228],"woo-feed-brand":[5594],"class_list":{"0":"post-208389","1":"product","2":"type-product","3":"status-publish","4":"has-post-thumbnail","6":"product_cat-rucni-pocitac-gpd-pro-hrani-her","7":"product_tag-gpd-win-max-cs","8":"product_shipping_class-premium","9":"pa_bluetooth-5-cs","10":"pa_bluetooth-5-2-cs","11":"pa_display-type-h-ips-cs","12":"pa_graphics-gpu-model-grafika-intel-iris-xe-cs","13":"pa_graphics-gpu-model-grafika-radeon-cs","14":"pa_i-o-video-1x-hdmi-2-0b-cs","15":"pa_memory-ram-capacity-16-gb-cs","16":"pa_memory-ram-technology-lpddr4x-cs","17":"pa_processor-cpu-model-amd-ryzen-7-4800u","18":"pa_processor-cpu-model-intel-core-i7-1195g7","19":"pa_storage-capacity-1-tb-cs","20":"pa_wi-fi-wi-fi-6-cs","21":"woo-feed-brand-gpd-cs","23":"first","24":"outofstock","25":"sale","26":"taxable","27":"shipping-taxable","28":"purchasable","29":"product-type-variable","30":"has-default-attributes"},"acf":[],"aioseo_notices":[],"_links":{"self":[{"href":"https:\/\/gpdstore.net\/cs\/wp-json\/wp\/v2\/product\/208389","targetHints":{"allow":["GET"]}}],"collection":[{"href":"https:\/\/gpdstore.net\/cs\/wp-json\/wp\/v2\/product"}],"about":[{"href":"https:\/\/gpdstore.net\/cs\/wp-json\/wp\/v2\/types\/product"}],"wp:featuredmedia":[{"embeddable":true,"href":"https:\/\/gpdstore.net\/cs\/wp-json\/wp\/v2\/media\/208391"}],"wp:attachment":[{"href":"https:\/\/gpdstore.net\/cs\/wp-json\/wp\/v2\/media?parent=208389"}],"wp:term":[{"taxonomy":"product_brand","embeddable":true,"href":"https:\/\/gpdstore.net\/cs\/wp-json\/wp\/v2\/product_brand?post=208389"},{"taxonomy":"product_cat","embeddable":true,"href":"https:\/\/gpdstore.net\/cs\/wp-json\/wp\/v2\/product_cat?post=208389"},{"taxonomy":"product_tag","embeddable":true,"href":"https:\/\/gpdstore.net\/cs\/wp-json\/wp\/v2\/product_tag?post=208389"},{"taxonomy":"woo-feed-brand","embeddable":true,"href":"https:\/\/gpdstore.net\/cs\/wp-json\/wp\/v2\/woo-feed-brand?post=208389"}],"curies":[{"name":"wp","href":"https:\/\/api.w.org\/{rel}","templated":true}]}}