{"id":206326,"date":"2023-03-26T17:49:20","date_gmt":"2023-03-26T17:49:20","guid":{"rendered":"https:\/\/gpdstore.net\/neza\u0159azen\u00e9\/uloziste-biwin-2230-nvme\/"},"modified":"2025-12-23T10:30:48","modified_gmt":"2025-12-23T10:30:48","slug":"biwin-2230-nvme-storage","status":"publish","type":"product","link":"https:\/\/gpdstore.net\/cs\/product\/biwin-2230-nvme-storage\/","title":{"rendered":"\u00dalo\u017ei\u0161t\u011b BiWin 2230 NVMe"},"content":{"rendered":"\n<p>Hled\u00e1te vysoce v\u00fdkonn\u00e9 roz\u0161\u00ed\u0159en\u00ed \u00falo\u017ei\u0161t\u011b pro GPD WIN MAX 2 nebo Valve Steam Deck? Nehledejte nic jin\u00e9ho ne\u017e BiWin 22*30 PCI-e NVMe SSD! Tento kompaktn\u00ed, ale v\u00fdkonn\u00fd disk SSD je navr\u017een tak, aby poskytoval bleskov\u00e9 rychlosti \u010dten\u00ed a z\u00e1pisu a zajistil rychl\u00e9 na\u010d\u00edt\u00e1n\u00ed a plynul\u00fd chod va\u0161ich obl\u00edben\u00fdch her a aplikac\u00ed.<\/p>\n\n<p>S rozm\u011bry pouh\u00fdch 22 x 30 mm je BiWin 22*30 jedn\u00edm z nejmen\u0161\u00edch SSD disk\u016f NVMe na sou\u010dasn\u00e9m trhu. Nenechte se v\u0161ak zm\u00e1st jeho kompaktn\u00edmi rozm\u011bry &#8211; tento SSD m\u00e1 po\u0159\u00e1dnou s\u00edlu! S rychlost\u00ed \u010dten\u00ed a\u017e 3500 MB\/s a z\u00e1pisu a\u017e 3000 MB\/s je v\u00edce ne\u017e schopen dr\u017eet krok i s t\u011bmi nejn\u00e1ro\u010dn\u011bj\u0161\u00edmi hrami a aplikacemi.<\/p>\n\n<p>Jednou z nejv\u011bt\u0161\u00edch v\u00fdhod za\u0159\u00edzen\u00ed BiWin<em>2230 je jeho kompatibilita se za\u0159\u00edzen\u00edm GPD WIN MAX 2 i se Steam Deck spole\u010dnosti Valve. Pokud chcete upgradovat \u00falo\u017ei\u0161t\u011b v n\u011bkter\u00e9m z t\u011bchto za\u0159\u00edzen\u00ed, je BiWin 2230 ide\u00e1ln\u00ed volbou<\/em>. Sta\u010d\u00ed nainstalovat SSD disk do slotu NVMe v za\u0159\u00edzen\u00ed a m\u016f\u017eete za\u010d\u00edt! <\/p>\n\n<p>Dal\u0161\u00ed v\u00fdhodou za\u0159\u00edzen\u00ed BiWin 22*30 je jeho kompatibilita s celou \u0159adou opera\u010dn\u00edch syst\u00e9m\u016f, v\u010detn\u011b syst\u00e9m\u016f Windows, Linux a macOS. D\u00edky tomu je univerz\u00e1ln\u00ed volbou pro ka\u017ed\u00e9ho, kdo chce upgradovat sv\u00e9 \u00falo\u017ei\u0161t\u011b, bez ohledu na pou\u017e\u00edvan\u00fd syst\u00e9m.<\/p>\n\n<p>Jedn\u00edm z nejlep\u0161\u00edch m\u00edst, kde si m\u016f\u017eete zakoupit BiWin 22*30, je samoz\u0159ejm\u011b obchod GPD Store. Jako p\u0159edn\u00ed prodejce produkt\u016f GPD je obchod GPD Store ide\u00e1ln\u00edm m\u00edstem, kde najdete ve\u0161ker\u00e9 p\u0159\u00edslu\u0161enstv\u00ed a vylep\u0161en\u00ed, kter\u00e9 pot\u0159ebujete k maxim\u00e1ln\u00edmu vyu\u017eit\u00ed sv\u00e9ho za\u0159\u00edzen\u00ed GPD WIN MAX 2 nebo Steam Deck. A d\u00edky rychl\u00e9 p\u0159eprav\u011b, skv\u011bl\u00fdm cen\u00e1m a \u0161pi\u010dkov\u00e9mu z\u00e1kaznick\u00e9mu servisu m\u016f\u017eete nakupovat s jistotou, \u017ee z\u00edsk\u00e1v\u00e1te tu nejlep\u0161\u00ed mo\u017enou nab\u00eddku.<\/p>\n\n<p>Pokud tedy hled\u00e1te vysoce v\u00fdkonn\u00fd SSD disk NVMe pro sv\u016fj po\u010d\u00edta\u010d GPD WIN MAX 2 nebo Steam Deck, nehledejte nic jin\u00e9ho ne\u017e BiWin 22*30. D\u00edky sv\u00fdm kompaktn\u00edm rozm\u011br\u016fm, bleskov\u00e9 rychlosti a \u0161irok\u00e9 kompatibilit\u011b je ide\u00e1ln\u00ed volbou pro ka\u017ed\u00e9ho, kdo chce sv\u00e9 hern\u00ed a po\u010d\u00edta\u010dov\u00e9 z\u00e1\u017eitky posunout na vy\u0161\u0161\u00ed \u00farove\u0148. A d\u00edky obchodu GPD Store, kter\u00fd je vzd\u00e1len pouh\u00e9 jedno kliknut\u00ed, nebylo nikdy jednodu\u0161\u0161\u00ed z\u00edskat produkty, kter\u00e9 pot\u0159ebujete k \u00fasp\u011bchu!<\/p>\n","protected":false},"excerpt":{"rendered":"<ul>\n<li>Kompatibiln\u00ed s ventilem Steam Deck, GPD WIN Max 2, GPD WIN 4.<\/li>\n<li>A\u017e 3200 MB\/s p\u0159i \u010dten\u00ed | 2600 MB\/s p\u0159i z\u00e1pisu<\/li>\n<li>0,107 ms latence \u010dten\u00ed | 0,109 ms latence z\u00e1pisu<\/li>\n<li>Podporovan\u00e9 funkce Garbage collection, TRIM a Modern Standby<\/li>\n<\/ul>\n[cg_accordion title=\"INFORMACE O PLATB\u011a\"]<\/p>\n<p>Pou\u017e\u00edv\u00e1me nejnov\u011bj\u0161\u00ed technologie zpracov\u00e1n\u00ed plateb, kter\u00e9 v\u00e1m umo\u017e\u0148uj\u00ed prov\u00e9st platbu prost\u0159ednictv\u00edm Apple Pay, Google Pay, va\u0161\u00ed debetn\u00ed\/kreditn\u00ed karty, PayPal nebo metod BNPL, jako jsou Klarna, Affirm nebo AfterPay, a zajistit tak rychl\u00e9 a bezpe\u010dn\u00e9 zpracov\u00e1n\u00ed.[\/cg_accordion]\n[cg_accordion title=\"Z\u00c1RUKA\"]<\/p>\n<p>2 roky z\u00e1ruky od spole\u010dnosti <a href=\"https:\/\/droix.net\/\" target=\"_blank\" rel=\"nofollow noopener\">DROIX Global pro<\/a> v\u00e1\u0161 klid.[\/cg_accordion]\n[cg_accordion title=\"CENY, DAN\u011a A DOPRAVA\"]<\/p>\n<p><strong><u>Pozn\u00e1mka:<\/u><\/strong><\/p>\n<ul>\n<li>Z\u00e1kazn\u00edci ze Spojen\u00fdch st\u00e1t\u016f: Z\u00e1kazn\u00edci: Zobrazen\u00e1 cena NEZAHRNUJE DAN\u011a ani cla. Odpov\u011bdnost za celn\u00ed odbaven\u00ed a zaplacen\u00ed souvisej\u00edc\u00ed dan\u011b\/celn\u00ed sazby nese z\u00e1kazn\u00edk. <\/li>\n<li>Z\u00e1kazn\u00edci z EU: V zobrazen\u00e9 cen\u011b je zahrnuta p\u0159\u00edslu\u0161n\u00e1 DA\u0147, kter\u00e1 m\u016f\u017ee \u010dinit a\u017e 25 % v z\u00e1vislosti na va\u0161\u00ed zemi.<\/li>\n<li>Z\u00e1kazn\u00edci z Kanady: V z\u00e1vislosti na va\u0161\u00ed provincii m\u016f\u017ee zobrazen\u00e1 cena zahrnovat p\u0159\u00edslu\u0161n\u00e9 dan\u011b, kter\u00e9 mohou zahrnovat 5% GST a dal\u0161\u00ed provin\u010dn\u00ed dan\u011b z prodeje (PST), harmonizovanou da\u0148 z prodeje (HST) nebo quebeckou da\u0148 z prodeje (QST).<\/li>\n<\/ul>\n<p><strong>Pouze pro z\u00e1kazn\u00edky z EU:<\/strong> Expresn\u00ed DDP (Delivered Duty Paid). To znamen\u00e1: <\/p>\n<ul>\n<li>Ve\u0161ker\u00e1 cla a dan\u011b jsou zahrnuty v cen\u011b uveden\u00e9 na str\u00e1nce produktu.<\/li>\n<li>P\u0159i doru\u010den\u00ed nemus\u00edte platit \u017e\u00e1dn\u00e9 dal\u0161\u00ed poplatky.<\/li>\n<li>Ve v\u00fdjime\u010dn\u00fdch p\u0159\u00edpadech, kdy se vyskytnou probl\u00e9my souvisej\u00edc\u00ed s celn\u00edm \u0159\u00edzen\u00edm, se n\u00e1\u0161 t\u00fdm postar\u00e1 o celn\u00ed odbaven\u00ed va\u0161\u00edm jm\u00e9nem, aby bylo doru\u010den\u00ed bezprobl\u00e9mov\u00e9.<\/li>\n<p>D\u016fle\u017eit\u00e9 informace o vr\u00e1cen\u00ed zbo\u017e\u00ed:<\/p>\n<li>Pokud se rozhodnete objedn\u00e1vku vr\u00e1tit nebo po\u017e\u00e1dat o vr\u00e1cen\u00ed pen\u011bz, m\u011bjte na pam\u011bti, \u017ee dan\u011b a cla zaplacen\u00e9 za v\u00e1s podle podm\u00ednek DDP nelze vr\u00e1tit.<\/li>\n<p>Podrobn\u00e9 informace naleznete v na\u0161ich <a href=\"https:\/\/gpdstore.net\/cs\/terms-of-service\/\" target=\"_blank\" rel=\"nofollow noopener\">smluvn\u00edch podm\u00ednk\u00e1ch<\/a>.\n<\/ul>\n<p>[\/cg_accordion]\n[cg_accordion title=\"Z\u00c1KAZNICK\u00c1 PODPORA\"]<\/p>\n<p>M\u00e1te dotaz? V\u00e1\u0161 probl\u00e9m vy\u0159e\u0161\u00edme kr\u00e1tkou textovou zpr\u00e1vou!<br \/>\n[\/cg_accordion]\n[cg_accordion title=\"CO JE SOU\u010c\u00c1ST\u00cd BALEN\u00cd\"]<\/p>\n<ul>\n<li>1x BiWIN 2230 NVMe<\/li>\n<\/ul>\n<p>[\/cg_accordion]\n","protected":false},"featured_media":206328,"template":"","meta":{"_acf_changed":false},"product_brand":[],"product_cat":[5402],"product_tag":[9067],"woo-feed-brand":[],"class_list":{"0":"post-206326","1":"product","2":"type-product","3":"status-publish","4":"has-post-thumbnail","6":"product_cat-prislusenstvi","7":"product_tag-hardware-cs-2","8":"product_shipping_class-low-end","9":"pa_accessory-type-doplnky","11":"first","12":"outofstock","13":"sold-individually","14":"taxable","15":"shipping-taxable","16":"purchasable","17":"product-type-simple"},"acf":[],"aioseo_notices":[],"_links":{"self":[{"href":"https:\/\/gpdstore.net\/cs\/wp-json\/wp\/v2\/product\/206326","targetHints":{"allow":["GET"]}}],"collection":[{"href":"https:\/\/gpdstore.net\/cs\/wp-json\/wp\/v2\/product"}],"about":[{"href":"https:\/\/gpdstore.net\/cs\/wp-json\/wp\/v2\/types\/product"}],"wp:featuredmedia":[{"embeddable":true,"href":"https:\/\/gpdstore.net\/cs\/wp-json\/wp\/v2\/media\/206328"}],"wp:attachment":[{"href":"https:\/\/gpdstore.net\/cs\/wp-json\/wp\/v2\/media?parent=206326"}],"wp:term":[{"taxonomy":"product_brand","embeddable":true,"href":"https:\/\/gpdstore.net\/cs\/wp-json\/wp\/v2\/product_brand?post=206326"},{"taxonomy":"product_cat","embeddable":true,"href":"https:\/\/gpdstore.net\/cs\/wp-json\/wp\/v2\/product_cat?post=206326"},{"taxonomy":"product_tag","embeddable":true,"href":"https:\/\/gpdstore.net\/cs\/wp-json\/wp\/v2\/product_tag?post=206326"},{"taxonomy":"woo-feed-brand","embeddable":true,"href":"https:\/\/gpdstore.net\/cs\/wp-json\/wp\/v2\/woo-feed-brand?post=206326"}],"curies":[{"name":"wp","href":"https:\/\/api.w.org\/{rel}","templated":true}]}}