{"id":205518,"date":"2023-03-26T17:20:14","date_gmt":"2023-03-26T17:20:14","guid":{"rendered":"https:\/\/gpdstore.net\/neza\u0159azen\u00e9\/herni-kapesni-pocitac-gpd-win-max-2\/"},"modified":"2026-04-02T03:46:02","modified_gmt":"2026-04-02T03:46:02","slug":"gpd-win-max-2","status":"publish","type":"product","link":"https:\/\/gpdstore.net\/cs\/product\/gpd-win-max-2\/","title":{"rendered":"Hern\u00ed kapesn\u00ed po\u010d\u00edta\u010d GPD WIN MAX 2"},"content":{"rendered":"\n<p>GPD WIN MAX 2, kter\u00fd je k dispozici v obchod\u011b GPD Store, je p\u016fsobiv\u00fd ultrabook, kter\u00fd spojuje pr\u00e1ci a z\u00e1bavu v jedin\u00e9m za\u0159\u00edzen\u00ed. Tento kapesn\u00ed hern\u00ed po\u010d\u00edta\u010d se m\u016f\u017ee pochlubit vysoce v\u00fdkonn\u00fdm procesorem AMD Ryzen 7 6800U s osmi j\u00e1dry a \u0161estn\u00e1cti vl\u00e1kny, kter\u00fd dok\u00e1\u017ee dos\u00e1hnout frekvence a\u017e 4,7 GHz mezi konfigurovateln\u00fdmi 15W-28W TDP. Procesor AMD Radeon 680M poskytuje v\u00fdkon a\u017e 2,2 GHz a zaji\u0161\u0165uje plynul\u00e9 zobrazen\u00ed na 10,1&#8243; dotykov\u00e9m displeji IPS.<\/p>\n\n<p>D\u00edky kompaktn\u00edm rozm\u011br\u016fm 8,9 \u00d7 6,2 \u00d7 0,9 palce (22,7 \u00d7 16,0 \u00d7 2,3 cm) a hmotnosti jen o m\u00e1lo vy\u0161\u0161\u00ed ne\u017e jeden kilogram je za\u0159\u00edzen\u00ed GPD WIN MAX 2 velmi snadno p\u0159enosn\u00e9 a snadno se vejde do bra\u0161ny nebo kufru na notebook. Tento p\u0159enosn\u00fd hern\u00ed po\u010d\u00edta\u010d podporuje a\u017e 32 GB pam\u011bti LPDDR5-6400 MT\/s RAM a a\u017e 2 TB SSD, p\u0159i\u010dem\u017e na zadn\u00ed stran\u011b je dal\u0161\u00ed slot pro a\u017e 2 TB m.2. PCIe 3.0 SSD.<\/p>\n\n<p>GPD WIN MAX 2 je tak\u00e9 vybaven plnohodnotn\u00fdmi hern\u00edmi ovl\u00e1dac\u00edmi prvky, v\u010detn\u011b dvou analogov\u00fdch p\u00e1\u010dek se sn\u00edma\u010dem Hallova efektu, hern\u00edho D-Padu a spou\u0161t\u011b\u010d\u016f s Hallov\u00fdm efektem. Na zadn\u00ed stran\u011b jsou dokonce dv\u011b dal\u0161\u00ed tla\u010d\u00edtka, kter\u00e1 si m\u016f\u017eete nastavit podle sv\u00fdch p\u0159edstav. Tento ultrabook se m\u016f\u017ee pochlubit tak\u00e9 rychl\u00fdm WiFi 6 a Bluetooth 5.2 s volitelnou podporou 4G LTE pro mobiln\u00ed data.<\/p>\n\n<p>GPD WIN MAX 2 je nap\u00e1jena 67Wh li-polymerovou bateri\u00ed, kter\u00e1 umo\u017e\u0148uje a\u017e 14 hodin lehk\u00e9ho provozu, 6-8 hodin st\u0159edn\u011b n\u00e1ro\u010dn\u00e9ho provozu a 3 hodiny n\u00e1ro\u010dn\u00e9ho provozu. D\u00edky portu Thunderbolt 4 nav\u00edc m\u016f\u017eete p\u0159ipojit extern\u00ed grafickou kartu (eGPU) a dos\u00e1hnout je\u0161t\u011b vy\u0161\u0161\u00edho v\u00fdkonu. Dokonce je v n\u011bm zabudov\u00e1no rozhran\u00ed HDMI 2.1 pro zobrazen\u00ed na dvou monitorech.<\/p>\n\n<p>Celkov\u011b je GPD WIN MAX 2 v\u00fdjime\u010dn\u00fd kapesn\u00ed hern\u00ed po\u010d\u00edta\u010d, kter\u00fd plynule p\u0159ech\u00e1z\u00ed mezi prac\u00ed a hrou a m\u00e1 skv\u011blou v\u00fddr\u017e baterie. A\u0165 u\u017e pracujete na n\u00e1ro\u010dn\u00fdch kancel\u00e1\u0159sk\u00fdch dokumentech, nebo se v\u011bnujete sv\u00fdm obl\u00edben\u00fdm hr\u00e1m AAA, tento ultrabook v\u00e1m je k dispozici.<\/p>\n\n<p><\/p>\n","protected":false},"excerpt":{"rendered":"<ul>\n<li>AMD <strong>Ryzen 7 6800U<\/strong> @2,7GHz TDP 15-28W<\/li>\n<li>AMD Radeon 680M <strong>12 CU @2200 MHz<\/strong><\/li>\n<li><strong>a\u017e 32 GB LPDDR5-6400 MT\/s<\/strong><\/li>\n<li><strong>a\u017e 2 TB<\/strong> vysokorychlostn\u00ed PCI-E <strong>NVMe<\/strong> SSD<\/li>\n<li>Podpora WiFi 6 a Bluetooth <strong>5.2<\/strong>  <\/li>\n<\/ul>\n[cg_accordion title=\"INFORMACE O PLATB\u011a\"]<\/p>\n<p>Pou\u017e\u00edv\u00e1me nejnov\u011bj\u0161\u00ed technologii zpracov\u00e1n\u00ed plateb, kter\u00e1 v\u00e1m umo\u017en\u00ed prov\u00e9st platbu prost\u0159ednictv\u00edm debetn\u00ed\/kreditn\u00ed karty nebo slu\u017eby PayPal, co\u017e je rychl\u00e9 a bezpe\u010dn\u00e9.[\/cg_accordion]\n[cg_accordion title=\"Z\u00c1RUKA\"]<\/p>\n<p>2 roky z\u00e1ruky od spole\u010dnosti <a href=\"https:\/\/droix.net\/\" target=\"_blank\" rel=\"nofollow noopener\">DROIX Global pro<\/a> v\u00e1\u0161 klid.[\/cg_accordion]\n[cg_accordion title=\"CENY, DAN\u011a A DOPRAVA\"]<\/p>\n<p><strong><u>Pozn\u00e1mka:<\/u><\/strong><\/p>\n<ul>\n<li>Z\u00e1kazn\u00edci ze Spojen\u00fdch st\u00e1t\u016f: Z\u00e1kazn\u00edci: Zobrazen\u00e1 cena NEZAHRNUJE DAN\u011a ani cla. Odpov\u011bdnost za celn\u00ed odbaven\u00ed a zaplacen\u00ed souvisej\u00edc\u00ed dan\u011b\/celn\u00ed sazby nese z\u00e1kazn\u00edk. <\/li>\n<li>Z\u00e1kazn\u00edci z EU: V zobrazen\u00e9 cen\u011b je zahrnuta p\u0159\u00edslu\u0161n\u00e1 DA\u0147, kter\u00e1 m\u016f\u017ee \u010dinit a\u017e 25 % v z\u00e1vislosti na va\u0161\u00ed zemi.<\/li>\n<li>Z\u00e1kazn\u00edci z Kanady: V z\u00e1vislosti na va\u0161\u00ed provincii m\u016f\u017ee zobrazen\u00e1 cena zahrnovat p\u0159\u00edslu\u0161n\u00e9 dan\u011b, kter\u00e9 mohou zahrnovat 5% GST a dal\u0161\u00ed provin\u010dn\u00ed dan\u011b z prodeje (PST), harmonizovanou da\u0148 z prodeje (HST) nebo quebeckou da\u0148 z prodeje (QST).<\/li>\n<\/ul>\n<p><strong>Pouze pro z\u00e1kazn\u00edky z EU:<\/strong> Expresn\u00ed DDP (Delivered Duty Paid). To znamen\u00e1: <\/p>\n<ul>\n<li>Ve\u0161ker\u00e1 cla a dan\u011b jsou zahrnuty v cen\u011b uveden\u00e9 na str\u00e1nce produktu.<\/li>\n<li>P\u0159i doru\u010den\u00ed nemus\u00edte platit \u017e\u00e1dn\u00e9 dal\u0161\u00ed poplatky.<\/li>\n<li>Ve v\u00fdjime\u010dn\u00fdch p\u0159\u00edpadech, kdy se vyskytnou probl\u00e9my souvisej\u00edc\u00ed s celn\u00edm \u0159\u00edzen\u00edm, se n\u00e1\u0161 t\u00fdm postar\u00e1 o celn\u00ed odbaven\u00ed va\u0161\u00edm jm\u00e9nem, aby bylo doru\u010den\u00ed bezprobl\u00e9mov\u00e9.<\/li>\n<p>D\u016fle\u017eit\u00e9 informace o vr\u00e1cen\u00ed zbo\u017e\u00ed:<\/p>\n<li>Pokud se rozhodnete objedn\u00e1vku vr\u00e1tit nebo po\u017e\u00e1dat o vr\u00e1cen\u00ed pen\u011bz, m\u011bjte na pam\u011bti, \u017ee dan\u011b a cla zaplacen\u00e9 za v\u00e1s podle podm\u00ednek DDP nelze vr\u00e1tit.<\/li>\n<p>Podrobn\u00e9 informace naleznete v na\u0161ich <a href=\"https:\/\/droix.net\/terms-and-conditions\/\" target=\"_blank\" rel=\"nofollow noopener\">smluvn\u00edch podm\u00ednk\u00e1ch<\/a>.\n<\/ul>\n<p>[\/cg_accordion]\n[cg_accordion title=\"Z\u00c1KAZNICK\u00c1 PODPORA\"]<\/p>\n<p>M\u00e1te dotaz? V\u00e1\u0161 probl\u00e9m vy\u0159e\u0161\u00edme kr\u00e1tkou textovou zpr\u00e1vou! <\/p>\n<p>Podrobn\u00e9 informace naleznete v na\u0161ich <a href=\"https:\/\/gpdstore.net\/cs\/terms-of-service\/\" target=\"_blank\" rel=\"nofollow noopener\">smluvn\u00edch podm\u00ednk\u00e1ch<\/a>.\n<\/ul>\n<p>[\/cg_accordion]\n[cg_accordion title=\"CO JE SOU\u010c\u00c1ST\u00cd BALEN\u00cd\"]<\/p>\n<ul>\n<li>1x GPD WIN MAX 2<\/li>\n<li>1x nap\u00e1jec\u00ed adapt\u00e9r<\/li>\n<li>1x kabel USB typu C<\/li>\n<li>1x u\u017eivatelsk\u00e1 p\u0159\u00edru\u010dka<\/li>\n<\/ul>\n<p>[\/cg_accordion]\n","protected":false},"featured_media":205519,"template":"","meta":{"_acf_changed":false},"product_brand":[],"product_cat":[18116],"product_tag":[17783],"woo-feed-brand":[5594],"class_list":{"0":"post-205518","1":"product","2":"type-product","3":"status-publish","4":"has-post-thumbnail","6":"product_cat-rucni-pocitac-gpd-pro-hrani-her","7":"product_tag-gpd-win-max-2-cs","8":"product_shipping_class-premium","9":"pa_bluetooth-5-2-cs","10":"pa_display-type-h-ips-cs","11":"pa_graphics-gpu-model-radeon-680m-cs","12":"pa_i-o-video-1x-hdmi-2-1-cs-2","13":"pa_i-o-video-pres-1x-usb-4-0-type-c-40gb-s","14":"pa_memory-ram-capacity-16-gb-cs","15":"pa_memory-ram-capacity-32-gb-cs","16":"pa_memory-ram-technology-lpddr5-cs","17":"pa_storage-capacity-1-tb-cs","18":"pa_storage-capacity-2-tb-cs","19":"pa_wi-fi-wi-fi-6-cs","20":"woo-feed-brand-gpd-cs","22":"first","23":"outofstock","24":"taxable","25":"shipping-taxable","26":"purchasable","27":"product-type-variable","28":"has-default-attributes"},"acf":[],"aioseo_notices":[],"_links":{"self":[{"href":"https:\/\/gpdstore.net\/cs\/wp-json\/wp\/v2\/product\/205518","targetHints":{"allow":["GET"]}}],"collection":[{"href":"https:\/\/gpdstore.net\/cs\/wp-json\/wp\/v2\/product"}],"about":[{"href":"https:\/\/gpdstore.net\/cs\/wp-json\/wp\/v2\/types\/product"}],"wp:featuredmedia":[{"embeddable":true,"href":"https:\/\/gpdstore.net\/cs\/wp-json\/wp\/v2\/media\/205519"}],"wp:attachment":[{"href":"https:\/\/gpdstore.net\/cs\/wp-json\/wp\/v2\/media?parent=205518"}],"wp:term":[{"taxonomy":"product_brand","embeddable":true,"href":"https:\/\/gpdstore.net\/cs\/wp-json\/wp\/v2\/product_brand?post=205518"},{"taxonomy":"product_cat","embeddable":true,"href":"https:\/\/gpdstore.net\/cs\/wp-json\/wp\/v2\/product_cat?post=205518"},{"taxonomy":"product_tag","embeddable":true,"href":"https:\/\/gpdstore.net\/cs\/wp-json\/wp\/v2\/product_tag?post=205518"},{"taxonomy":"woo-feed-brand","embeddable":true,"href":"https:\/\/gpdstore.net\/cs\/wp-json\/wp\/v2\/woo-feed-brand?post=205518"}],"curies":[{"name":"wp","href":"https:\/\/api.w.org\/{rel}","templated":true}]}}