{"id":196585,"date":"2023-03-26T13:55:57","date_gmt":"2023-03-26T13:55:57","guid":{"rendered":"https:\/\/gpdstore.net\/neza\u0159azen\u00e9\/mini-notebook-gpd-pocket-3\/"},"modified":"2026-01-07T00:08:51","modified_gmt":"2026-01-07T00:08:51","slug":"gpd-pocket-3","status":"publish","type":"product","link":"https:\/\/gpdstore.net\/cs\/product\/gpd-pocket-3\/","title":{"rendered":"Mini notebook GPD Pocket 3"},"content":{"rendered":"\n<figure class=\"wp-block-video\"><video controls=\"\" poster=\"https:\/\/gpdstore.net\/wp-content\/uploads\/2023\/03\/s-l1600-2025-11-11T121147209.webp\" src=\"https:\/\/gpdstore.net\/wp-content\/uploads\/2023\/03\/kaezXFcAdRaf7bFG0dm_1100204901809_mp4_265_hd-1.mp4\"><\/video><\/figure>\n\n<div class=\"wp-block-columns is-layout-flex wp-container-core-columns-is-layout-28f84493 wp-block-columns-is-layout-flex\">\n<div class=\"wp-block-column is-layout-flow wp-block-column-is-layout-flow\" style=\"flex-basis:33.33%\">\n<figure class=\"wp-block-image size-full\"><a href=\"https:\/\/gpdstore.net\/wp-content\/uploads\/2023\/03\/Wholesale-Price-GPD-Pocket-3-Mini-Laptop-16GB-1TB-i7-GPD-Pocket-3jpg_.webp\"><img fetchpriority=\"high\" decoding=\"async\" width=\"800\" height=\"800\" src=\"https:\/\/gpdstore.net\/wp-content\/uploads\/2023\/03\/Wholesale-Price-GPD-Pocket-3-Mini-Laptop-16GB-1TB-i7-GPD-Pocket-3jpg_.webp\" alt=\"GPD Pocket 3, kompaktn&#xED; a v&#xFD;konn&#xFD; mini notebook navr&#x17E;en&#xFD; pro v&#x161;estrannou pr&#xE1;ci s po&#x10D;&#xED;ta&#x10D;em a p&#x159;en&#xE1;&#x161;en&#xED;.\" class=\"wp-image-1263941\" srcset=\"https:\/\/gpdstore.net\/wp-content\/uploads\/2023\/03\/Wholesale-Price-GPD-Pocket-3-Mini-Laptop-16GB-1TB-i7-GPD-Pocket-3jpg_.webp 800w, https:\/\/gpdstore.net\/wp-content\/uploads\/2023\/03\/Wholesale-Price-GPD-Pocket-3-Mini-Laptop-16GB-1TB-i7-GPD-Pocket-3jpg_-600x600.webp 600w, https:\/\/gpdstore.net\/wp-content\/uploads\/2023\/03\/Wholesale-Price-GPD-Pocket-3-Mini-Laptop-16GB-1TB-i7-GPD-Pocket-3jpg_-150x150.webp 150w, https:\/\/gpdstore.net\/wp-content\/uploads\/2023\/03\/Wholesale-Price-GPD-Pocket-3-Mini-Laptop-16GB-1TB-i7-GPD-Pocket-3jpg_-768x768.webp 768w, https:\/\/gpdstore.net\/wp-content\/uploads\/2023\/03\/Wholesale-Price-GPD-Pocket-3-Mini-Laptop-16GB-1TB-i7-GPD-Pocket-3jpg_-65x65.webp 65w, https:\/\/gpdstore.net\/wp-content\/uploads\/2023\/03\/Wholesale-Price-GPD-Pocket-3-Mini-Laptop-16GB-1TB-i7-GPD-Pocket-3jpg_-360x360.webp 360w, https:\/\/gpdstore.net\/wp-content\/uploads\/2023\/03\/Wholesale-Price-GPD-Pocket-3-Mini-Laptop-16GB-1TB-i7-GPD-Pocket-3jpg_-441x441.webp 441w, https:\/\/gpdstore.net\/wp-content\/uploads\/2023\/03\/Wholesale-Price-GPD-Pocket-3-Mini-Laptop-16GB-1TB-i7-GPD-Pocket-3jpg_-100x100.webp 100w\" sizes=\"(max-width: 800px) 100vw, 800px\" \/><\/a><\/figure>\n<\/div>\n\n\n\n<div class=\"wp-block-column is-layout-flow wp-block-column-is-layout-flow\" style=\"flex-basis:66.66%\">\n<h2 class=\"wp-block-heading\"><strong><br\/><\/strong><strong>GPD Pocket 3: Kompaktn\u00ed v\u00fdkonn\u00fd po\u010d\u00edta\u010d s<br\/>Intel Pentium Gold 7505 Performance<\/strong><\/h2>\n\n\n\n<p><strong>GPD Pocket 3<\/strong> je nyn\u00ed k dispozici ve zjednodu\u0161en\u00e9 konfiguraci s <a href=\"https:\/\/www.intel.com\/content\/www\/us\/en\/products\/sku\/208667\/intel-pentium-gold-7505-processor-4m-cache-up-to-3-50-ghz-with-ipu\/specifications.html\" target=\"_blank\" rel=\"noopener nofollow\" title=\"\">procesorem Intel Pentium Gold 7505<\/a>. Se \u010dty\u0159mi j\u00e1dry a osmi vl\u00e1kny a rychlost\u00ed boostu a\u017e 3,5 GHz poskytuje tento procesor solidn\u00ed v\u00fdkon pro ka\u017edodenn\u00ed produktivitu a multitasking. <\/p>\n\n\n\n<p>Ve spojen\u00ed s 16 GB opera\u010dn\u00ed pam\u011bti LPDDR4x s frekvenc\u00ed 3733 MHz a rychl\u00fdm diskem M.2 <a href=\"https:\/\/droix.net\/product\/ayn-odin-2-super-dock\/\" target=\"_blank\" rel=\"noopener nofollow\" title=\"\">NVMe<\/a> SSD poskytuje Pocket 3 plynul\u00fd z\u00e1\u017eitek p\u0159i \u00faloh\u00e1ch, jako je \u00faprava dokument\u016f, prohl\u00ed\u017een\u00ed webu, streamov\u00e1n\u00ed videa a lehk\u00e1 kreativn\u00ed pr\u00e1ce. D\u00edky sv\u00e9mu kompaktn\u00edmu designu a modul\u00e1rn\u00edmu syst\u00e9mu port\u016f je ide\u00e1ln\u00ed pro profesion\u00e1ly a nad\u0161ence, kte\u0159\u00ed pot\u0159ebuj\u00ed v\u00fdkonn\u00e9 a z\u00e1rove\u0148 p\u0159enosn\u00e9 za\u0159\u00edzen\u00ed se syst\u00e9mem Windows. <\/p>\n\n\n\n<p>A\u0165 u\u017e pracujete na d\u00e1lku, cestujete nebo pot\u0159ebujete v\u0161estrann\u00fd ultrap\u0159enosn\u00fd po\u010d\u00edta\u010d, GPD Pocket 3 s procesorem Intel Pentium Gold p\u0159edstavuje dokonalou rovnov\u00e1hu mezi v\u00fdkonem a p\u0159enosnost\u00ed.<\/p>\n<\/div>\n<\/div>\n\n<h2 class=\"wp-block-heading has-text-align-center\">Navr\u017eeno pro profesion\u00e1ly: V\u0161estrannost, ovl\u00e1d\u00e1n\u00ed a dokonal\u00fd design<\/h2>\n\n<div class=\"wp-block-columns is-layout-flex wp-container-core-columns-is-layout-28f84493 wp-block-columns-is-layout-flex\">\n<div class=\"wp-block-column is-layout-flow wp-block-column-is-layout-flow\">\n<figure class=\"wp-block-image size-full\"><img decoding=\"async\" width=\"300\" height=\"300\" src=\"https:\/\/gpdstore.net\/wp-content\/uploads\/2023\/03\/87affa8a-19ce-4c6d-891b-43840ae1d1f6__CR00300300_PT0_SX300_V1___.jpg\" alt=\"Mini notebook GPD Pocket 3 s obrazovkou oto&#x10D;nou o 180 stup&#x148;&#x16F; a mo&#x17E;nost&#xED; p&#x159;eklopen&#xED; o 180 stup&#x148;&#x16F;, kter&#xFD; nab&#xED;z&#xED; flexibiln&#xED; mo&#x17E;nosti prohl&#xED;&#x17E;en&#xED; a pou&#x17E;&#xED;v&#xE1;n&#xED;.\" class=\"wp-image-1263942\" srcset=\"https:\/\/gpdstore.net\/wp-content\/uploads\/2023\/03\/87affa8a-19ce-4c6d-891b-43840ae1d1f6__CR00300300_PT0_SX300_V1___.jpg 300w, https:\/\/gpdstore.net\/wp-content\/uploads\/2023\/03\/87affa8a-19ce-4c6d-891b-43840ae1d1f6__CR00300300_PT0_SX300_V1___-150x150.jpg 150w, https:\/\/gpdstore.net\/wp-content\/uploads\/2023\/03\/87affa8a-19ce-4c6d-891b-43840ae1d1f6__CR00300300_PT0_SX300_V1___-65x65.jpg 65w, https:\/\/gpdstore.net\/wp-content\/uploads\/2023\/03\/87affa8a-19ce-4c6d-891b-43840ae1d1f6__CR00300300_PT0_SX300_V1___-100x100.jpg 100w\" sizes=\"(max-width: 300px) 100vw, 300px\" \/><\/figure>\n\n\n\n<h3 class=\"wp-block-heading\"><strong><strong>Displej, kter\u00fd se p\u0159izp\u016fsob\u00ed:<\/strong> Displej oto\u010dn\u00fd o 180\u00b0 s odolnost\u00ed pr\u00e1\u0161kov\u00e9 metalurgie.<\/strong><\/h3>\n\n\n\n<p>Na\u0161e inovativn\u011b navr\u017een\u00e9 oto\u010dn\u00e9 s\u00edto vyroben\u00e9 pomoc\u00ed pokro\u010dil\u00e9 technologie pr\u00e1\u0161kov\u00e9 metalurgie umo\u017e\u0148uje plynul\u00e9 ot\u00e1\u010den\u00ed kolem osy Y o 180 stup\u0148\u016f jednou rukou. \u00dasp\u011b\u0161n\u011b obst\u00e1lo v p\u0159\u00edsn\u00fdch testech odolnosti a vydr\u017eelo 100 000 nep\u0159etr\u017eit\u00fdch robotick\u00fdch operac\u00ed (v\u010detn\u011b ot\u00e1\u010den\u00ed, otev\u00edr\u00e1n\u00ed a zav\u00edr\u00e1n\u00ed) s p\u016fsobivou m\u00edrou provozuschopnosti 99,3 %. <\/p>\n<\/div>\n\n\n\n<div class=\"wp-block-column is-layout-flow wp-block-column-is-layout-flow\">\n<figure class=\"wp-block-image size-full\"><img decoding=\"async\" width=\"300\" height=\"300\" src=\"https:\/\/gpdstore.net\/wp-content\/uploads\/2023\/03\/9728f488-7c9a-4702-8194-6d4228a0fa83__CR00300300_PT0_SX300_V1___.jpg\" alt=\"Mini notebook GPD Pocket 3 s podporou stylusu, kter&#xFD; umo&#x17E;&#x148;uje p&#x159;esn&#xE9; zad&#xE1;v&#xE1;n&#xED; a vy&#x161;&#x161;&#xED; produktivitu.\" class=\"wp-image-1263943\" srcset=\"https:\/\/gpdstore.net\/wp-content\/uploads\/2023\/03\/9728f488-7c9a-4702-8194-6d4228a0fa83__CR00300300_PT0_SX300_V1___.jpg 300w, https:\/\/gpdstore.net\/wp-content\/uploads\/2023\/03\/9728f488-7c9a-4702-8194-6d4228a0fa83__CR00300300_PT0_SX300_V1___-150x150.jpg 150w, https:\/\/gpdstore.net\/wp-content\/uploads\/2023\/03\/9728f488-7c9a-4702-8194-6d4228a0fa83__CR00300300_PT0_SX300_V1___-65x65.jpg 65w, https:\/\/gpdstore.net\/wp-content\/uploads\/2023\/03\/9728f488-7c9a-4702-8194-6d4228a0fa83__CR00300300_PT0_SX300_V1___-100x100.jpg 100w\" sizes=\"(max-width: 300px) 100vw, 300px\" \/><\/figure>\n\n\n\n<h3 class=\"wp-block-heading\"><strong><strong><strong>P\u0159esn\u00fd vstup:<\/strong> Vyu\u017e\u00edv\u00e1 QWERTY kl\u00e1vesnici ocen\u011bnou Red Dot a stylus s 4096 \u00farovn\u011bmi.<\/strong><\/strong><\/h3>\n\n\n\n<p>Za\u0159\u00edzen\u00ed Pocket 3 je vybaveno podporou aktivn\u00edho stylusu s 4096 \u00farovn\u011bmi citlivosti na tlak, co\u017e zaji\u0161\u0165uje origin\u00e1ln\u00ed p\u0159esnost rukopisu. Je kompatibiln\u00ed s perem Surface Pen prost\u0159ednictv\u00edm protokolu Microsoft MPP 2.0 a umo\u017e\u0148uje bezprobl\u00e9mov\u00e9 psan\u00ed pozn\u00e1mek, anotac\u00ed a podpis\u016f, co\u017e umo\u017e\u0148uje kdykoli vytv\u00e1\u0159et p\u0159esn\u00fd a kreativn\u00ed obsah. <\/p>\n<\/div>\n\n\n\n<div class=\"wp-block-column is-layout-flow wp-block-column-is-layout-flow\">\n<figure class=\"wp-block-image size-full\"><img loading=\"lazy\" decoding=\"async\" width=\"300\" height=\"300\" src=\"https:\/\/gpdstore.net\/wp-content\/uploads\/2023\/03\/a2d68f01-c1f4-4886-afb1-90dae8b01b16__CR00300300_PT0_SX300_V1___.jpg\" alt=\"Mini notebook GPD Pocket 3 s ultratenkou kamerou s rozli&#x161;en&#xED;m 1080P, kter&#xE1; poskytuje vysokou kvalitu videa pro jasn&#xE9; a ostr&#xE9; videohovory.\" class=\"wp-image-1263944\" srcset=\"https:\/\/gpdstore.net\/wp-content\/uploads\/2023\/03\/a2d68f01-c1f4-4886-afb1-90dae8b01b16__CR00300300_PT0_SX300_V1___.jpg 300w, https:\/\/gpdstore.net\/wp-content\/uploads\/2023\/03\/a2d68f01-c1f4-4886-afb1-90dae8b01b16__CR00300300_PT0_SX300_V1___-150x150.jpg 150w, https:\/\/gpdstore.net\/wp-content\/uploads\/2023\/03\/a2d68f01-c1f4-4886-afb1-90dae8b01b16__CR00300300_PT0_SX300_V1___-65x65.jpg 65w, https:\/\/gpdstore.net\/wp-content\/uploads\/2023\/03\/a2d68f01-c1f4-4886-afb1-90dae8b01b16__CR00300300_PT0_SX300_V1___-100x100.jpg 100w\" sizes=\"(max-width: 300px) 100vw, 300px\" \/><\/figure>\n\n\n\n<h3 class=\"wp-block-heading\"><strong><strong><strong>Jasn\u00e1 komunikace:<\/strong> Kamera se \u0161irok\u00fdm \u00fahlem z\u00e1b\u011bru a rozli\u0161en\u00edm 1080P.<\/strong><\/strong><\/h3>\n\n\n\n<p>Ultratenk\u00e1 minikamera s vysok\u00fdm rozli\u0161en\u00edm 1080P, 2 miliony pixel\u016f a \u0161irok\u00fdm 77\u00b0 zorn\u00fdm polem. D\u00edky tomu m\u016f\u017eete kdykoli a kdekoli komunikovat s rodinou prost\u0159ednictv\u00edm \u017eiv\u00e9ho webov\u00e9ho vys\u00edl\u00e1n\u00ed nebo po\u0159\u00e1dat videokonference s kolegy. <\/p>\n<\/div>\n<\/div>\n\n<div class=\"wp-block-columns is-layout-flex wp-container-core-columns-is-layout-28f84493 wp-block-columns-is-layout-flex\">\n<div class=\"wp-block-column is-layout-flow wp-block-column-is-layout-flow\">\n<figure class=\"wp-block-image size-full\"><img loading=\"lazy\" decoding=\"async\" width=\"300\" height=\"400\" src=\"https:\/\/gpdstore.net\/wp-content\/uploads\/2023\/03\/dfaad9ca-c981-4178-9f69-19a4a5cf5f38__CR00300400_PT0_SX300_V1___.jpg\" alt=\"Mini notebook GPD Pocket 3 s ovl&#xE1;d&#xE1;n&#xED;m KVM, kter&#xFD; nab&#xED;z&#xED; bezprobl&#xE9;movou integraci a spr&#xE1;vu v&#xED;ce za&#x159;&#xED;zen&#xED; z jedin&#xE9;ho rozhran&#xED;.\" class=\"wp-image-1263945\" srcset=\"https:\/\/gpdstore.net\/wp-content\/uploads\/2023\/03\/dfaad9ca-c981-4178-9f69-19a4a5cf5f38__CR00300400_PT0_SX300_V1___.jpg 300w, https:\/\/gpdstore.net\/wp-content\/uploads\/2023\/03\/dfaad9ca-c981-4178-9f69-19a4a5cf5f38__CR00300400_PT0_SX300_V1___-150x200.jpg 150w\" sizes=\"(max-width: 300px) 100vw, 300px\" \/><\/figure>\n<\/div>\n\n\n\n<div class=\"wp-block-column is-layout-flow wp-block-column-is-layout-flow\">\n<h3 class=\"wp-block-heading\"><strong>V\u00fdkon spr\u00e1vy IT:<\/strong> P\u0159\u00edstup k serveru na \u00farovni hardwaru prost\u0159ednictv\u00edm modulu KVM s mo\u017enost\u00ed v\u00fdm\u011bny za provozu.<\/h3>\n\n\n\n<p>Na rozd\u00edl od &#8220;vzd\u00e1len\u00e9 plochy&#8221; se \u0159\u00eddic\u00ed modul KVM pou\u017e\u00edv\u00e1 pro \u0159\u00edzen\u00ed p\u0159\u00edstupu na \u00farovni hardwaru, kter\u00e9 pokr\u00fdv\u00e1 cel\u00fd proces pou\u017e\u00edv\u00e1n\u00ed c\u00edlov\u00e9ho serveru, od zav\u00e1d\u011bn\u00ed syst\u00e9mu, nastaven\u00ed syst\u00e9mu BIOS a\u017e po operace v r\u00e1mci opera\u010dn\u00edho syst\u00e9mu.<\/p>\n\n\n\n<p>Je vym\u011bniteln\u00fd za provozu, ale nem\u00e1 IP KVM, tak\u017ee nepodporuje vzd\u00e1lenou spr\u00e1vu a je vhodn\u00fd pro spr\u00e1vu za\u0159\u00edzen\u00ed m\u00edstn\u00ed s\u00edt\u011b, kter\u00e1 nemaj\u00ed kl\u00e1vesnici, my\u0161 a displej.<\/p>\n\n\n\n<p>*Modul KVM\/RS-232 Modul\/Stylus se prod\u00e1v\u00e1 samostatn\u011b<\/p>\n<\/div>\n\n\n\n<div class=\"wp-block-column is-layout-flow wp-block-column-is-layout-flow\">\n<figure class=\"wp-block-image size-full\"><img loading=\"lazy\" decoding=\"async\" width=\"350\" height=\"175\" src=\"https:\/\/gpdstore.net\/wp-content\/uploads\/2023\/03\/c011901a-1c49-4ed6-b6e2-a74a6089bf57__CR00350175_PT0_SX350_V1___-1.jpg\" alt=\"Mini notebook GPD Pocket 3 s kl&#xE1;vesnic&#xED; QWERTY, navr&#x17E;en&#xFD; pro pohodln&#xE9; a efektivn&#xED; psan&#xED; v kompaktn&#xED;m proveden&#xED;.\" class=\"wp-image-1263946\" srcset=\"https:\/\/gpdstore.net\/wp-content\/uploads\/2023\/03\/c011901a-1c49-4ed6-b6e2-a74a6089bf57__CR00350175_PT0_SX350_V1___-1.jpg 350w, https:\/\/gpdstore.net\/wp-content\/uploads\/2023\/03\/c011901a-1c49-4ed6-b6e2-a74a6089bf57__CR00350175_PT0_SX350_V1___-1-150x75.jpg 150w\" sizes=\"(max-width: 350px) 100vw, 350px\" \/><\/figure>\n\n\n\n<h3 class=\"wp-block-heading\"><strong>Kl\u00e1vesnice &#8220;QWERTY&#8221;<\/strong><\/h3>\n\n\n\n<p>Na\u0161e \u0161iroce uzn\u00e1van\u00e1 kl\u00e1vesnice &#8220;QWERTY&#8221; ve stylu chiclet \u010dokol\u00e1dy, kter\u00e1 z\u00edskala n\u011bmeck\u00e9 ocen\u011bn\u00ed Red Dot Award, je optimalizov\u00e1na pro psan\u00ed ob\u011bma rukama, proto\u017ee nejd\u016fle\u017eit\u011bj\u0161\u00ed kl\u00e1vesy jsou soust\u0159ed\u011bny uprost\u0159ed, tak\u017ee hran\u00ed her ovl\u00e1dan\u00fdch kl\u00e1vesnic\u00ed a my\u0161\u00ed je na tomto za\u0159\u00edzen\u00ed velmi pohodln\u00e9!<\/p>\n<\/div>\n<\/div>\n\n<h2 class=\"wp-block-heading has-text-align-center\">Vstupy profesion\u00e1ln\u00ed t\u0159\u00eddy: Hardwarov\u00e9 ovl\u00e1d\u00e1n\u00ed a ergonomick\u00e9 psan\u00ed<\/h2>\n\n<figure class=\"wp-block-image aligncenter size-full\"><img loading=\"lazy\" decoding=\"async\" width=\"1024\" height=\"678\" src=\"https:\/\/gpdstore.net\/wp-content\/uploads\/2023\/03\/GPD-POCKET-3-MARKETING-IMAGE-2-1024x678-1.jpg\" alt=\"Mini notebook GPD Pocket 3 s mo&#x17E;nost&#xED; p&#x159;ipojen&#xED; v&#xED;ce displej&#x16F; pro vy&#x161;&#x161;&#xED; produktivitu a multitasking\" class=\"wp-image-1263947\" srcset=\"https:\/\/gpdstore.net\/wp-content\/uploads\/2023\/03\/GPD-POCKET-3-MARKETING-IMAGE-2-1024x678-1.jpg 1024w, https:\/\/gpdstore.net\/wp-content\/uploads\/2023\/03\/GPD-POCKET-3-MARKETING-IMAGE-2-1024x678-1-600x397.jpg 600w, https:\/\/gpdstore.net\/wp-content\/uploads\/2023\/03\/GPD-POCKET-3-MARKETING-IMAGE-2-1024x678-1-768x509.jpg 768w, https:\/\/gpdstore.net\/wp-content\/uploads\/2023\/03\/GPD-POCKET-3-MARKETING-IMAGE-2-1024x678-1-360x238.jpg 360w, https:\/\/gpdstore.net\/wp-content\/uploads\/2023\/03\/GPD-POCKET-3-MARKETING-IMAGE-2-1024x678-1-990x655.jpg 990w, https:\/\/gpdstore.net\/wp-content\/uploads\/2023\/03\/GPD-POCKET-3-MARKETING-IMAGE-2-1024x678-1-441x292.jpg 441w, https:\/\/gpdstore.net\/wp-content\/uploads\/2023\/03\/GPD-POCKET-3-MARKETING-IMAGE-2-1024x678-1-150x99.jpg 150w\" sizes=\"(max-width: 1024px) 100vw, 1024px\" \/><\/figure>\n\n<p>Spole\u010dnost GPD se vrac\u00ed s t\u0159et\u00ed iterac\u00ed sv\u00e9 popul\u00e1rn\u00ed \u0159ady mini notebook\u016f, s p\u0159\u00edzna\u010dn\u00fdm n\u00e1zvem <strong>GPD Pocket 3<\/strong>! Tento funkcemi nabit\u00fd notebook mal\u00fdch rozm\u011br\u016f je pln\u011b vybaven\u00fd a dostate\u010dn\u011b flexibiln\u00ed na to, aby snadno splnil v\u0161echny va\u0161e ka\u017edodenn\u00ed po\u010d\u00edta\u010dov\u00e9 pot\u0159eby.<\/p>\n\n<p>Krom\u011b mno\u017estv\u00ed rozhran\u00ed, kter\u00fdmi za\u0159\u00edzen\u00ed ji\u017e disponuje (USB, Thunderbolt, RJ45 atd.), je GPD Pocket 3 vybaven tak\u00e9 &#8220;modul\u00e1rn\u00edm rozhran\u00edm pro p\u0159ipojen\u00ed&#8221;. To umo\u017e\u0148uje libovoln\u011b upravovat porty na za\u0159\u00edzen\u00ed <strong>GPD Pocket 3<\/strong> podle va\u0161ich pot\u0159eb. Chcete dal\u0161\u00ed port USB pro jin\u00e9 za\u0159\u00edzen\u00ed? \u017d\u00e1dn\u00fd probl\u00e9m. Pot\u0159ebujete propojen\u00ed se serverem? Se speci\u00e1ln\u00edm modulem KVM je to snadn\u00e9!*     <\/p>\n\n<p>Nakonec je <strong>GPD Pocket 3<\/strong> nabit\u00fd u\u017eite\u010dn\u00fdmi funkcemi a vlastnostmi. Vestav\u011bn\u00fd mikrofon? M\u00e1te ho k dispozici. Displej oto\u010dn\u00fd o 360 stup\u0148\u016f? Jist\u011b, port HDMI? U\u017e je tam!      <\/p>\n\n<p>A\u0165 u\u017e m\u00e1te z\u00e1jem o \u0161pi\u010dkov\u00fd nebo z\u00e1kladn\u00ed model, z\u00edsk\u00e1te notebook, kter\u00fd je vysoce p\u0159enosn\u00fd a p\u0159izp\u016fsobiteln\u00fd tak, aby v\u00e1m dokonale vyhovoval.<\/p>\n\n<figure class=\"wp-block-image aligncenter size-full\"><img loading=\"lazy\" decoding=\"async\" width=\"970\" height=\"600\" src=\"https:\/\/gpdstore.net\/wp-content\/uploads\/2023\/03\/28ee65cf-aa50-4535-b107-c1d20069d506__CR00970600_PT0_SX970_V1___.jpg\" alt=\"Parametry syst&#xE9;mu mini notebooku GPD Pocket 3 v&#x10D;etn&#x11B; specifikac&#xED; procesoru, pam&#x11B;ti, &#xFA;lo&#x17E;i&#x161;t&#x11B; a displeje pro optim&#xE1;ln&#xED; v&#xFD;kon.\" class=\"wp-image-1263948\" srcset=\"https:\/\/gpdstore.net\/wp-content\/uploads\/2023\/03\/28ee65cf-aa50-4535-b107-c1d20069d506__CR00970600_PT0_SX970_V1___.jpg 970w, https:\/\/gpdstore.net\/wp-content\/uploads\/2023\/03\/28ee65cf-aa50-4535-b107-c1d20069d506__CR00970600_PT0_SX970_V1___-600x371.jpg 600w, https:\/\/gpdstore.net\/wp-content\/uploads\/2023\/03\/28ee65cf-aa50-4535-b107-c1d20069d506__CR00970600_PT0_SX970_V1___-768x475.jpg 768w, https:\/\/gpdstore.net\/wp-content\/uploads\/2023\/03\/28ee65cf-aa50-4535-b107-c1d20069d506__CR00970600_PT0_SX970_V1___-360x223.jpg 360w, https:\/\/gpdstore.net\/wp-content\/uploads\/2023\/03\/28ee65cf-aa50-4535-b107-c1d20069d506__CR00970600_PT0_SX970_V1___-441x273.jpg 441w, https:\/\/gpdstore.net\/wp-content\/uploads\/2023\/03\/28ee65cf-aa50-4535-b107-c1d20069d506__CR00970600_PT0_SX970_V1___-150x93.jpg 150w\" sizes=\"(max-width: 970px) 100vw, 970px\" \/><\/figure>\n","protected":false},"excerpt":{"rendered":"<ul>\n<li>Intel\u00ae Pentium\u00ae Gold 7505 a\u017e 3,50 GHz ; 4 j\u00e1dra\/8 vl\u00e1ken<\/li>\n<li><strong>16GB LPDDR4x RAM<\/strong> @3733Mhz<\/li>\n<li><strong>Thunderbolt 4 \/ 8&#8243; dotykov\u00fd displej \/ sn\u00edma\u010d otisk\u016f prst\u016f<\/strong><\/li>\n<li><strong>A\u017e 4 TB<\/strong> PCI-E NVMe SSD<\/li>\n<li>Modul\u00e1rn\u00ed s <strong>porty KVM\/RS-232 <\/strong>(prod\u00e1v\u00e1 se samostatn\u011b)<\/li>\n<\/ul>\n<p><img loading=\"lazy\" decoding=\"async\" src=\"https:\/\/gpdstore.net\/wp-content\/uploads\/2024\/08\/POCKET-4-FREEBIE-LONG.jpg\" alt=\"Propaga\u010dn\u00ed banner pro GPD Pocket 4 s nab\u00eddkou ochrann\u00e9ho pouzdra zdarma. Text zn\u00ed: \"D\u00c1REK ZDARMA - OCHRANN\u00c9 POUZDRO - AUTOMATICKY P\u0158ID\u00c1NO DO KO\u0160\u00cdKU\" a obr\u00e1zek elegantn\u00edho \u010dern\u00e9ho ochrann\u00e9ho pouzdra.\" width=\"1000\" height=\"140\" class=\"alignnone size-full wp-image-973719\" srcset=\"https:\/\/gpdstore.net\/wp-content\/uploads\/2024\/08\/POCKET-4-FREEBIE-LONG.jpg 1000w, https:\/\/gpdstore.net\/wp-content\/uploads\/2024\/08\/POCKET-4-FREEBIE-LONG-600x84.jpg 600w, https:\/\/gpdstore.net\/wp-content\/uploads\/2024\/08\/POCKET-4-FREEBIE-LONG-768x108.jpg 768w, https:\/\/gpdstore.net\/wp-content\/uploads\/2024\/08\/POCKET-4-FREEBIE-LONG-360x50.jpg 360w, https:\/\/gpdstore.net\/wp-content\/uploads\/2024\/08\/POCKET-4-FREEBIE-LONG-990x139.jpg 990w, https:\/\/gpdstore.net\/wp-content\/uploads\/2024\/08\/POCKET-4-FREEBIE-LONG-441x62.jpg 441w, https:\/\/gpdstore.net\/wp-content\/uploads\/2024\/08\/POCKET-4-FREEBIE-LONG-150x21.jpg 150w\" sizes=\"(max-width: 1000px) 100vw, 1000px\" \/><\/p>\n<p> [cg_accordion title=\"INFORMACE O PLATB\u011a\"] Pou\u017e\u00edv\u00e1me nejnov\u011bj\u0161\u00ed technologii zpracov\u00e1n\u00ed plateb, kter\u00e1 v\u00e1m umo\u017en\u00ed prov\u00e9st platbu prost\u0159ednictv\u00edm debetn\u00ed\/kreditn\u00ed karty nebo slu\u017eby PayPal, co\u017e je rychl\u00e9 a bezpe\u010dn\u00e9.[\/cg_accordion] [cg_accordion title=\"Z\u00c1RUKA\"] 2 roky z\u00e1ruky od spole\u010dnosti <a href=\"https:\/\/droix.net\/\" target=\"_blank\" rel=\"nofollow noopener\">DROIX Global<\/a> pro v\u00e1\u0161 klid.[\/cg_accordion] [cg_accordion title=\"ZAJI\u0160T\u011aN\u00cd KVALITY A P\u0158EDEXPEDI\u010cN\u00cd TESTOV\u00c1N\u00cd\"] Zaji\u0161t\u011bn\u00ed spokojenosti z\u00e1kazn\u00edk\u016f na nejvy\u0161\u0161\u00ed \u00farovni: Ka\u017ed\u00e9 za\u0159\u00edzen\u00ed proch\u00e1z\u00ed p\u0159ed odesl\u00e1n\u00edm p\u0159\u00edsn\u00fdm testov\u00e1n\u00edm a v\u00edcebodovou kontrolou kvality. N\u00e1\u0161 specializovan\u00fd t\u00fdm ov\u011b\u0159uje v\u00fdkon, funk\u010dnost a integritu komponent, aby bylo zaru\u010deno, \u017ee va\u0161e za\u0159\u00edzen\u00ed GPD je p\u0159i p\u0159\u00edchodu v perfektn\u00edm stavu, co\u017e v\u00e1m poskytne jistotu a klid.[\/cg_accordion] [cg_accordion title=\"CENY, DAN\u011a A DOPRAVA\"] <strong><u>Pozn\u00e1mka:<\/u><\/strong><\/p>\n<ul>\n<li>Z\u00e1kazn\u00edci ze Spojen\u00fdch st\u00e1t\u016f: Z\u00e1kazn\u00edci: Zobrazen\u00e1 cena NEZAHRNUJE DAN\u011a ani cla. Odpov\u011bdnost za celn\u00ed odbaven\u00ed a zaplacen\u00ed souvisej\u00edc\u00ed dan\u011b\/celn\u00ed sazby nese z\u00e1kazn\u00edk. <\/li>\n<li>Z\u00e1kazn\u00edci z EU: V zobrazen\u00e9 cen\u011b je zahrnuta p\u0159\u00edslu\u0161n\u00e1 DA\u0147, kter\u00e1 m\u016f\u017ee \u010dinit a\u017e 25 % v z\u00e1vislosti na va\u0161\u00ed zemi.<\/li>\n<li>Z\u00e1kazn\u00edci z Kanady: V z\u00e1vislosti na va\u0161\u00ed provincii m\u016f\u017ee zobrazen\u00e1 cena zahrnovat p\u0159\u00edslu\u0161n\u00e9 dan\u011b, kter\u00e9 mohou zahrnovat 5% GST a dal\u0161\u00ed provin\u010dn\u00ed dan\u011b z prodeje (PST), harmonizovanou da\u0148 z prodeje (HST) nebo quebeckou da\u0148 z prodeje (QST).<\/li>\n<\/ul>\n<p><strong>Pouze pro z\u00e1kazn\u00edky z EU:<\/strong> Expresn\u00ed DDP (Delivered Duty Paid). To znamen\u00e1: <\/p>\n<ul>\n<li style=\"list-style-type: none;\">\n<ul>\n<li>Ve\u0161ker\u00e1 cla a dan\u011b jsou zahrnuty v cen\u011b uveden\u00e9 na str\u00e1nce produktu.<\/li>\n<li>P\u0159i doru\u010den\u00ed nemus\u00edte platit \u017e\u00e1dn\u00e9 dal\u0161\u00ed poplatky.<\/li>\n<li>Ve v\u00fdjime\u010dn\u00fdch p\u0159\u00edpadech, kdy se vyskytnou probl\u00e9my souvisej\u00edc\u00ed s celn\u00edm \u0159\u00edzen\u00edm, se n\u00e1\u0161 t\u00fdm postar\u00e1 o celn\u00ed odbaven\u00ed va\u0161\u00edm jm\u00e9nem, aby bylo doru\u010den\u00ed bezprobl\u00e9mov\u00e9.<\/li>\n<p>D\u016fle\u017eit\u00e9 informace o vr\u00e1cen\u00ed zbo\u017e\u00ed:<\/p>\n<li>Pokud se rozhodnete objedn\u00e1vku vr\u00e1tit nebo po\u017e\u00e1dat o vr\u00e1cen\u00ed pen\u011bz, m\u011bjte na pam\u011bti, \u017ee dan\u011b a cla zaplacen\u00e9 za v\u00e1s podle podm\u00ednek DDP nelze vr\u00e1tit.<\/li>\n<p>Pod\u00edvejte se pros\u00edm na na\u0161e<\/ul>\n<\/li>\n<\/ul>\n<p><a href=\"https:\/\/droix.net\/terms-and-conditions\/\" target=\"_blank\" rel=\"nofollow noopener\">Podm\u00ednky a pravidla<\/a><\/p>\n<ul>podrobn\u00e9 informace.<\/ul>\n<p>[\/cg_accordion] [cg_accordion title=\"Z\u00c1KAZNICK\u00c1 PODPORA\"]  M\u00e1te dotaz? V\u00e1\u0161 probl\u00e9m vy\u0159e\u0161\u00edme kr\u00e1tkou textovou zpr\u00e1vou!  Podrobn\u00e9 informace naleznete v na\u0161ich <a href=\"https:\/\/gpdstore.net\/en-gb\/terms-of-service\/\" target=\"_blank\" rel=\"nofollow noopener\">smluvn\u00edch podm\u00ednk\u00e1ch<\/a>.  [\/cg_accordion] [cg_accordion title=\"CO JE SOU\u010c\u00c1ST\u00cd BALEN\u00cd\"]<\/p>\n<ul>\n<li>1x GPD Pocket 3<\/li>\n<li>1x nap\u00e1jec\u00ed adapt\u00e9r<\/li>\n<li>1x kabel USB typu C<\/li>\n<li>1x u\u017eivatelsk\u00e1 p\u0159\u00edru\u010dka<\/li>\n<li>1x GPD Stylus<\/li>\n<\/ul>\n<p>[\/cg_accordion]<\/p>\n","protected":false},"featured_media":32164,"template":"","meta":{"_acf_changed":false},"product_brand":[],"product_cat":[8800,8804,17542],"product_tag":[14526,8806],"woo-feed-brand":[5594],"class_list":{"0":"post-196585","1":"product","2":"type-product","3":"status-publish","4":"has-post-thumbnail","6":"product_cat-notebooky","7":"product_cat-tablet-notebook","8":"product_cat-mini-notebooky-gpd-cs","9":"product_tag-8xmsale-cs-2","10":"product_tag-gpd-pocket-3-cs","11":"product_shipping_class-premium","12":"pa_bluetooth-5-cs","13":"pa_brand-gpd","14":"pa_display-type-h-ips-cs","15":"pa_graphics-gpu-model-core-i3-1125g4-grafika-uhd","16":"pa_graphics-gpu-model-core-i7-1195g7-grafika-iris-xe","17":"pa_graphics-gpu-model-pentium-gold-7505-grafika-uhd","18":"pa_i-o-video-1x-hdmi-2-0b-cs","19":"pa_i-o-video-pres-1x-usb-4-0-type-c-40gb-s","20":"pa_memory-ram-capacity-8-gb-cs","21":"pa_memory-ram-capacity-16-gb-cs","22":"pa_memory-ram-technology-lpddr4x-cs","23":"pa_processor-cpu-model-intel-core-i3-1125g4","24":"pa_processor-cpu-model-intel-core-i7-1195g7","25":"pa_processor-cpu-model-intel-pentium-gold-7505","26":"pa_processor-cpu-model-pentium-silver-n6000","27":"pa_storage-capacity-512-gb-cs","28":"pa_storage-capacity-1-tb-cs","29":"pa_wi-fi-wi-fi-6-cs","30":"woo-feed-brand-gpd-cs","32":"first","33":"instock","34":"sale","35":"taxable","36":"shipping-taxable","37":"purchasable","38":"product-type-variable","39":"has-default-attributes"},"acf":[],"aioseo_notices":[],"_links":{"self":[{"href":"https:\/\/gpdstore.net\/cs\/wp-json\/wp\/v2\/product\/196585","targetHints":{"allow":["GET"]}}],"collection":[{"href":"https:\/\/gpdstore.net\/cs\/wp-json\/wp\/v2\/product"}],"about":[{"href":"https:\/\/gpdstore.net\/cs\/wp-json\/wp\/v2\/types\/product"}],"wp:featuredmedia":[{"embeddable":true,"href":"https:\/\/gpdstore.net\/cs\/wp-json\/wp\/v2\/media\/32164"}],"wp:attachment":[{"href":"https:\/\/gpdstore.net\/cs\/wp-json\/wp\/v2\/media?parent=196585"}],"wp:term":[{"taxonomy":"product_brand","embeddable":true,"href":"https:\/\/gpdstore.net\/cs\/wp-json\/wp\/v2\/product_brand?post=196585"},{"taxonomy":"product_cat","embeddable":true,"href":"https:\/\/gpdstore.net\/cs\/wp-json\/wp\/v2\/product_cat?post=196585"},{"taxonomy":"product_tag","embeddable":true,"href":"https:\/\/gpdstore.net\/cs\/wp-json\/wp\/v2\/product_tag?post=196585"},{"taxonomy":"woo-feed-brand","embeddable":true,"href":"https:\/\/gpdstore.net\/cs\/wp-json\/wp\/v2\/woo-feed-brand?post=196585"}],"curies":[{"name":"wp","href":"https:\/\/api.w.org\/{rel}","templated":true}]}}