{"id":191679,"date":"2023-03-24T18:47:23","date_gmt":"2023-03-24T18:47:23","guid":{"rendered":"https:\/\/gpdstore.net\/neza\u0159azen\u00e9\/herni-kapesni-pocitac-gpd-win-4\/"},"modified":"2025-12-23T10:33:48","modified_gmt":"2025-12-23T10:33:48","slug":"gpd-win-4","status":"publish","type":"product","link":"https:\/\/gpdstore.net\/cs\/product\/gpd-win-4\/","title":{"rendered":"Hern\u00ed kapesn\u00ed po\u010d\u00edta\u010d GPD WIN 4"},"content":{"rendered":"\n<p>Pokud pat\u0159\u00edte mezi v\u00e1\u0161niv\u00e9 hr\u00e1\u010de, kte\u0159\u00ed si r\u00e1di berou hran\u00ed na cesty, jist\u011b v\u00e1s pot\u011b\u0161\u00ed informace o nejnov\u011bj\u0161\u00edm kapesn\u00edm hern\u00edm po\u010d\u00edta\u010di od spole\u010dnosti GPD, GPD WIN 4. D\u00edky kompaktn\u00edm rozm\u011br\u016fm a v\u00fdkonn\u00fdm specifikac\u00edm toto za\u0159\u00edzen\u00ed jist\u011b zaujme i ty nejn\u00e1ro\u010dn\u011bj\u0161\u00ed hr\u00e1\u010de. <\/p>\n\n<p>S rozm\u011bry pouh\u00fdch 8,6 \u00d7 3,6 \u00d7 1,10 palce (22,0 \u00d7 9,2 \u00d7 2,8 cm) a hmotnost\u00ed jen asi 570 g je GPD WIN 4 neuv\u011b\u0159iteln\u011b p\u0159enosn\u00fd. Je je\u0161t\u011b men\u0161\u00ed ne\u017e jeho p\u0159edch\u016fdce GPD WIN 3, tak\u017ee ho snadno str\u010d\u00edte do mal\u00e9 ta\u0161ky nebo kapsy u bundy a m\u016f\u017eete si ho vz\u00edt kamkoli s sebou. <\/p>\n\n<p>Jednou z v\u00fdrazn\u00fdch p\u0159ednost\u00ed GPD WIN 4 je procesor AMD Ryzen 7 6800U s osmi j\u00e1dry a \u0161estn\u00e1cti vl\u00e1kny s frekvenc\u00ed a\u017e 4,7 GHz p\u0159i spot\u0159eb\u011b 28 W TDP. To ve spojen\u00ed s procesorem Radeon 680M s frekvenc\u00ed a\u017e 2,2 GHz umo\u017e\u0148uje plynul\u00e9 hran\u00ed nejnov\u011bj\u0161\u00edch AAA her pro syst\u00e9m Windows na tomto kapesn\u00edm hern\u00edm po\u010d\u00edta\u010di p\u0159i hrateln\u00e9m nastaven\u00ed. A\u0165 u\u017e v\u00e1s bav\u00ed st\u0159\u00edle\u010dky z pohledu prvn\u00ed osoby, hry na hrdiny nebo sportovn\u00ed simulace, na GPD WIN 4 si p\u0159ijdete na sv\u00e9.  <\/p>\n\n<p>Pokud jde o pam\u011b\u0165 a \u00falo\u017ei\u0161t\u011b, GPD WIN 4 nab\u00edz\u00ed na v\u00fdb\u011br 16 GB nebo 32 GB opera\u010dn\u00ed pam\u011bti LPDDR5-6400 MT&#8217;s a a\u017e 2 TB rychl\u00e9 SSD s podporou a\u017e M.2. PCIe 4.0 NVMe 2280 SSD. To znamen\u00e1, \u017ee budete m\u00edt dostatek m\u00edsta pro ukl\u00e1d\u00e1n\u00ed her a dal\u0161\u00edch soubor\u016f, a d\u00edky bleskov\u00e9 rychlosti \u010dten\u00ed a z\u00e1pisu na SSD, nebudete muset dlouho \u010dekat na na\u010dten\u00ed her.  <\/p>\n\n<p>GPD WIN 4 se m\u016f\u017ee pochlubit tak\u00e9 rychl\u00fdm bezdr\u00e1tov\u00fdm p\u0159ipojen\u00edm pomoc\u00ed WiFi 6 802.11 a\/b\/g\/n\/ac\/ax a Bluetooth 5.2. A pokud jste na cest\u00e1ch a pot\u0159ebujete p\u0159\u00edstup k internetu, m\u016f\u017eete si zakoupit samostatn\u011b prod\u00e1van\u00fd p\u0159ipojiteln\u00fd modul, kter\u00fd podporuje nano-sim karty 4G LTE pro mobiln\u00ed data. <\/p>\n\n<p>Za\u0159\u00edzen\u00ed je vybaveno 6palcov\u00fdm dotykov\u00fdm displejem H-IPS s nativn\u00edm rozli\u0161en\u00edm 1920&#215;1080, kter\u00fd podporuje 40 Hz a 60 Hz pro konfigurovatelnou sn\u00edmkovou frekvenci. To zaru\u010duje, \u017ee star\u0161\u00ed hry pob\u011b\u017e\u00ed na GPD WIN 4 hladce a bez probl\u00e9m\u016f s ot\u00e1\u010den\u00edm displeje, kter\u00e9 se mohou vyskytnout u jin\u00fdch kapesn\u00edch po\u010d\u00edta\u010d\u016f. <\/p>\n\n<p>GPD WIN 4 nab\u00edz\u00ed tak\u00e9 p\u016fsobiv\u00e9 ovl\u00e1d\u00e1n\u00ed a design p\u0159ipom\u00ednaj\u00edc\u00ed Sony PSP, kter\u00e9 je vybaveno dv\u011bma joysticky s hallov\u00fdm senzorem, D-padem klasick\u00e9ho stylu a line\u00e1rn\u00edmi analogov\u00fdmi spou\u0161t\u011bc\u00edmi tla\u010d\u00edtky s LED osv\u011btlen\u00edm. Na zadn\u00ed stran\u011b za\u0159\u00edzen\u00ed jsou nav\u00edc dv\u011b p\u0159izp\u016fsobiteln\u00e1 tla\u010d\u00edtka, kter\u00e1 v\u00e1m umo\u017en\u00ed nastavit si ovl\u00e1d\u00e1n\u00ed podle sv\u00fdch p\u0159edstav. <\/p>\n\n<p>Pokud chcete v\u00fdkon GPD WIN 4 je\u0161t\u011b zv\u00fd\u0161it, m\u016f\u017eete p\u0159ipojit extern\u00ed grafickou kartu (eGPU) p\u0159es vysokorychlostn\u00ed port USB 4, kter\u00fd podporuje rychlost a\u017e 40 Gb\/s. Za\u0159\u00edzen\u00ed je tak\u00e9 vybaveno portem USB 3.2 Gen 2 pro p\u0159enos dat a nab\u00edjen\u00ed a portem USB typu A pro dal\u0161\u00ed perifern\u00ed za\u0159\u00edzen\u00ed. <\/p>\n\n<p>S 45,62Wh li-polymerovou bateri\u00ed vydr\u017e\u00ed GPD WIN 4 a\u017e 10 hodin p\u0159i lehk\u00e9m pou\u017e\u00edv\u00e1n\u00ed, 3-6 hodin p\u0159i st\u0159edn\u011b n\u00e1ro\u010dn\u00e9m pou\u017e\u00edv\u00e1n\u00ed a p\u0159ibli\u017en\u011b 2 hodiny p\u0159i n\u00e1ro\u010dn\u00e9m pou\u017e\u00edv\u00e1n\u00ed. To znamen\u00e1, \u017ee m\u016f\u017eete hr\u00e1t sv\u00e9 obl\u00edben\u00e9 hry na cest\u00e1ch bez obav, \u017ee v\u00e1m dojde energie. <\/p>\n\n<p>Z\u00e1v\u011brem lze \u0159\u00edci, \u017ee GPD WIN 4 je vysoce p\u0159enosn\u00fd hern\u00ed stroj, kter\u00fd je ide\u00e1ln\u00ed pro hran\u00ed na cest\u00e1ch. A\u0165 u\u017e doj\u00ed\u017ed\u00edte do pr\u00e1ce, cestujete nebo jen odpo\u010d\u00edv\u00e1te doma, tento kapesn\u00ed hern\u00ed po\u010d\u00edta\u010d v\u00e1m jist\u011b poskytne hodiny z\u00e1bavy. Tak pro\u010d si ho nevyzvednout je\u0161t\u011b dnes a nevyzkou\u0161et si \u0161pi\u010dkov\u00e9 AAA  <\/p>\n","protected":false},"excerpt":{"rendered":"<ul>\n<li><strong>AMD Ryzen 7 6800U<\/strong> \/ AMD Radeon 680M<\/li>\n<li><strong>a\u017e 32 GB<\/strong> LPDDR5 @ 6400 MT\/s<\/li>\n<li><strong>a\u017e 2TB vysokorychlostn\u00ed<\/strong> PCI-E M <strong>.2 2280 SSD<\/strong> <\/li>\n<li><strong>6&#8243; dotykov\u00fd<\/strong> displej <strong>s technologiou H-IPS<\/strong> <\/li>\n<li>Podpora <strong>WiFi 6<\/strong> a <strong>Bluetooth 5.2<\/strong>  <\/li>\n<\/ul>\n<p><img fetchpriority=\"high\" decoding=\"async\" src=\"https:\/\/gpdstore.net\/wp-content\/uploads\/2024\/03\/WIN-4-FREE-GIFTS.jpg\" alt=\"\" width=\"2000\" height=\"500\" class=\"alignnone size-full wp-image-4175\" srcset=\"https:\/\/gpdstore.net\/wp-content\/uploads\/2024\/03\/WIN-4-FREE-GIFTS.jpg 2000w, https:\/\/gpdstore.net\/wp-content\/uploads\/2024\/03\/WIN-4-FREE-GIFTS-600x150.jpg 600w, https:\/\/gpdstore.net\/wp-content\/uploads\/2024\/03\/WIN-4-FREE-GIFTS-1200x300.jpg 1200w, https:\/\/gpdstore.net\/wp-content\/uploads\/2024\/03\/WIN-4-FREE-GIFTS-768x192.jpg 768w, https:\/\/gpdstore.net\/wp-content\/uploads\/2024\/03\/WIN-4-FREE-GIFTS-1536x384.jpg 1536w, https:\/\/gpdstore.net\/wp-content\/uploads\/2024\/03\/WIN-4-FREE-GIFTS-360x90.jpg 360w, https:\/\/gpdstore.net\/wp-content\/uploads\/2024\/03\/WIN-4-FREE-GIFTS-990x248.jpg 990w, https:\/\/gpdstore.net\/wp-content\/uploads\/2024\/03\/WIN-4-FREE-GIFTS-441x110.jpg 441w, https:\/\/gpdstore.net\/wp-content\/uploads\/2024\/03\/WIN-4-FREE-GIFTS-150x38.jpg 150w\" sizes=\"(max-width: 2000px) 100vw, 2000px\" \/><\/p>\n[cg_accordion title=\"INFORMACE O PLATB\u011a\"]<\/p>\n<p>Pou\u017e\u00edv\u00e1me nejnov\u011bj\u0161\u00ed technologii zpracov\u00e1n\u00ed plateb, kter\u00e1 v\u00e1m umo\u017en\u00ed prov\u00e9st platbu prost\u0159ednictv\u00edm debetn\u00ed\/kreditn\u00ed karty nebo slu\u017eby PayPal, co\u017e je rychl\u00e9 a bezpe\u010dn\u00e9.[\/cg_accordion]\n[cg_accordion title=\"Z\u00c1RUKA\"]<\/p>\n<p>2 roky z\u00e1ruky od spole\u010dnosti <a href=\"https:\/\/droix.net\/\" target=\"_blank\" rel=\"nofollow noopener\">DROIX Global pro<\/a> v\u00e1\u0161 klid.[\/cg_accordion]\n[cg_accordion title=\"ZAJI\u0160T\u011aN\u00cd KVALITY A P\u0158EDEXPEDI\u010cN\u00cd TESTOV\u00c1N\u00cd\"]<\/p>\n<p>Zaji\u0161t\u011bn\u00ed spokojenosti z\u00e1kazn\u00edk\u016f na nejvy\u0161\u0161\u00ed \u00farovni: P\u0159ed odesl\u00e1n\u00edm proch\u00e1z\u00ed ka\u017ed\u00e9 za\u0159\u00edzen\u00ed p\u0159\u00edsn\u00fdm testov\u00e1n\u00edm a v\u00edcebodovou kontrolou kvality. N\u00e1\u0161 specializovan\u00fd t\u00fdm ov\u011b\u0159uje v\u00fdkon, funk\u010dnost a integritu sou\u010d\u00e1st\u00ed, aby bylo zaru\u010deno, \u017ee va\u0161e za\u0159\u00edzen\u00ed GPD je p\u0159i doru\u010den\u00ed v perfektn\u00edm funk\u010dn\u00edm stavu, co\u017e v\u00e1m poskytne jistotu a klid. [\/cg_accordion]\n[cg_accordion title=\"CENY, DAN\u011a A DOPRAVA\"]<\/p>\n<p><strong><u>Pozn\u00e1mka:<\/u><\/strong><\/p>\n<ul>\n<li>Z\u00e1kazn\u00edci ze Spojen\u00fdch st\u00e1t\u016f: Z\u00e1kazn\u00edci: Zobrazen\u00e1 cena NEZAHRNUJE DAN\u011a ani cla. Odpov\u011bdnost za celn\u00ed odbaven\u00ed a zaplacen\u00ed souvisej\u00edc\u00ed dan\u011b\/celn\u00ed sazby nese z\u00e1kazn\u00edk. <\/li>\n<li>Z\u00e1kazn\u00edci z EU: V zobrazen\u00e9 cen\u011b je zahrnuta p\u0159\u00edslu\u0161n\u00e1 DA\u0147, kter\u00e1 m\u016f\u017ee \u010dinit a\u017e 25 % v z\u00e1vislosti na va\u0161\u00ed zemi.<\/li>\n<li>Z\u00e1kazn\u00edci z Kanady: V z\u00e1vislosti na va\u0161\u00ed provincii m\u016f\u017ee zobrazen\u00e1 cena zahrnovat p\u0159\u00edslu\u0161n\u00e9 dan\u011b, kter\u00e9 mohou zahrnovat 5% GST a dal\u0161\u00ed provin\u010dn\u00ed dan\u011b z prodeje (PST), harmonizovanou da\u0148 z prodeje (HST) nebo quebeckou da\u0148 z prodeje (QST).<\/li>\n<\/ul>\n<p><strong>Pouze pro z\u00e1kazn\u00edky z EU:<\/strong> Expresn\u00ed DDP (Delivered Duty Paid). To znamen\u00e1: <\/p>\n<ul>\n<li>Ve\u0161ker\u00e1 cla a dan\u011b jsou zahrnuty v cen\u011b uveden\u00e9 na str\u00e1nce produktu.<\/li>\n<li>P\u0159i doru\u010den\u00ed nemus\u00edte platit \u017e\u00e1dn\u00e9 dal\u0161\u00ed poplatky.<\/li>\n<li>Ve v\u00fdjime\u010dn\u00fdch p\u0159\u00edpadech, kdy se vyskytnou probl\u00e9my souvisej\u00edc\u00ed s celn\u00edm \u0159\u00edzen\u00edm, se n\u00e1\u0161 t\u00fdm postar\u00e1 o celn\u00ed odbaven\u00ed va\u0161\u00edm jm\u00e9nem, aby bylo doru\u010den\u00ed bezprobl\u00e9mov\u00e9.<\/li>\n<p>D\u016fle\u017eit\u00e9 informace o vr\u00e1cen\u00ed zbo\u017e\u00ed:<\/p>\n<li>Pokud se rozhodnete objedn\u00e1vku vr\u00e1tit nebo po\u017e\u00e1dat o vr\u00e1cen\u00ed pen\u011bz, m\u011bjte na pam\u011bti, \u017ee dan\u011b a cla zaplacen\u00e9 za v\u00e1s podle podm\u00ednek DDP nelze vr\u00e1tit.<\/li>\n<p>Podrobn\u00e9 informace naleznete v na\u0161ich <a href=\"https:\/\/droix.net\/terms-and-conditions\/\" target=\"_blank\" rel=\"nofollow noopener\">smluvn\u00edch podm\u00ednk\u00e1ch<\/a>.\n<\/ul>\n<p>[\/cg_accordion]\n[cg_accordion title=\"Z\u00c1KAZNICK\u00c1 PODPORA\"]<\/p>\n<p>M\u00e1te dotaz? V\u00e1\u0161 probl\u00e9m vy\u0159e\u0161\u00edme kr\u00e1tkou textovou zpr\u00e1vou! <\/p>\n<p>Podrobn\u00e9 informace naleznete v na\u0161ich <a href=\"https:\/\/gpdstore.net\/cs\/terms-of-service\/\" target=\"_blank\" rel=\"nofollow noopener\">smluvn\u00edch podm\u00ednk\u00e1ch<\/a>.\n<\/ul>\n<p>[\/cg_accordion]\n[cg_accordion title=\"CO JE SOU\u010c\u00c1ST\u00cd BALEN\u00cd\"]<\/p>\n<ul>\n<li>1x GPD WIN 4<\/li>\n<li>1x nap\u00e1jec\u00ed adapt\u00e9r<\/li>\n<li>1x kabel USB typu C<\/li>\n<li>1x u\u017eivatelsk\u00e1 p\u0159\u00edru\u010dka<\/li>\n<\/ul>\n<p>[\/cg_accordion]\n","protected":false},"featured_media":191681,"template":"","meta":{"_acf_changed":false},"product_brand":[],"product_cat":[18116],"product_tag":[7230,6499],"woo-feed-brand":[5594],"class_list":{"0":"post-191679","1":"product","2":"type-product","3":"status-publish","4":"has-post-thumbnail","6":"product_cat-rucni-pocitac-gpd-pro-hrani-her","7":"product_tag-10gpdsale-cs","8":"product_tag-gpd-win-4-cs","9":"product_shipping_class-premium","10":"pa_bluetooth-5-2-cs","11":"pa_display-type-h-ips-cs","12":"pa_graphics-gpu-model-radeon-680m-cs","13":"pa_i-o-video-pres-1x-usb-4-0-type-c-40gb-s","14":"pa_memory-ram-capacity-16-gb-cs","15":"pa_memory-ram-capacity-32-gb-cs","16":"pa_memory-ram-technology-lpddr5-cs","17":"pa_processor-cpu-model-ryzen-7-6800u","18":"pa_storage-capacity-1-tb-cs","19":"pa_storage-capacity-2-tb-cs","20":"pa_storage-capacity-512-gb-cs","21":"pa_wi-fi-wi-fi-6-cs","22":"woo-feed-brand-gpd-cs","24":"first","25":"outofstock","26":"sale","27":"taxable","28":"shipping-taxable","29":"purchasable","30":"product-type-variable","31":"has-default-attributes"},"acf":[],"aioseo_notices":[],"_links":{"self":[{"href":"https:\/\/gpdstore.net\/cs\/wp-json\/wp\/v2\/product\/191679","targetHints":{"allow":["GET"]}}],"collection":[{"href":"https:\/\/gpdstore.net\/cs\/wp-json\/wp\/v2\/product"}],"about":[{"href":"https:\/\/gpdstore.net\/cs\/wp-json\/wp\/v2\/types\/product"}],"wp:featuredmedia":[{"embeddable":true,"href":"https:\/\/gpdstore.net\/cs\/wp-json\/wp\/v2\/media\/191681"}],"wp:attachment":[{"href":"https:\/\/gpdstore.net\/cs\/wp-json\/wp\/v2\/media?parent=191679"}],"wp:term":[{"taxonomy":"product_brand","embeddable":true,"href":"https:\/\/gpdstore.net\/cs\/wp-json\/wp\/v2\/product_brand?post=191679"},{"taxonomy":"product_cat","embeddable":true,"href":"https:\/\/gpdstore.net\/cs\/wp-json\/wp\/v2\/product_cat?post=191679"},{"taxonomy":"product_tag","embeddable":true,"href":"https:\/\/gpdstore.net\/cs\/wp-json\/wp\/v2\/product_tag?post=191679"},{"taxonomy":"woo-feed-brand","embeddable":true,"href":"https:\/\/gpdstore.net\/cs\/wp-json\/wp\/v2\/woo-feed-brand?post=191679"}],"curies":[{"name":"wp","href":"https:\/\/api.w.org\/{rel}","templated":true}]}}