{"id":134382,"date":"2024-01-23T12:16:16","date_gmt":"2024-01-23T12:16:16","guid":{"rendered":"https:\/\/gpdstore.net\/neza\u0159azen\u00e9\/gpd-micro-pc\/"},"modified":"2025-12-23T10:23:29","modified_gmt":"2025-12-23T10:23:29","slug":"gpd-micro-pc","status":"publish","type":"product","link":"https:\/\/gpdstore.net\/cs\/product\/gpd-micro-pc\/","title":{"rendered":"GPD Micro PC UMPC"},"content":{"rendered":"\n<figure class=\"wp-block-video\"><video controls=\"\" muted=\"\" poster=\"https:\/\/gpdstore.net\/wp-content\/uploads\/2024\/01\/gpd-hero.jpg\" src=\"https:\/\/gpdstore.net\/wp-content\/uploads\/2024\/01\/Video-Project-22.mp4\"><\/video><\/figure>\n\n<div class=\"wp-block-columns is-layout-flex wp-container-core-columns-is-layout-28f84493 wp-block-columns-is-layout-flex\">\n<div class=\"wp-block-column is-layout-flow wp-block-column-is-layout-flow\" style=\"flex-basis:33.33%\">\n<figure class=\"wp-block-image size-full\"><img fetchpriority=\"high\" decoding=\"async\" width=\"1200\" height=\"929\" src=\"https:\/\/gpdstore.net\/wp-content\/uploads\/2024\/05\/1271643.jpg\" alt=\"GPD Micro PC, kompaktn&#xED; a v&#x161;estrann&#xFD; minipo&#x10D;&#xED;ta&#x10D; ur&#x10D;en&#xFD; pro pr&#xE1;ci na cest&#xE1;ch a produktivitu.\" class=\"wp-image-1670\" srcset=\"https:\/\/gpdstore.net\/wp-content\/uploads\/2024\/05\/1271643.jpg 1200w, https:\/\/gpdstore.net\/wp-content\/uploads\/2024\/05\/1271643-150x116.jpg 150w, https:\/\/gpdstore.net\/wp-content\/uploads\/2024\/05\/1271643-600x465.jpg 600w, https:\/\/gpdstore.net\/wp-content\/uploads\/2024\/05\/1271643-768x595.jpg 768w, https:\/\/gpdstore.net\/wp-content\/uploads\/2024\/05\/1271643-990x766.jpg 990w, https:\/\/gpdstore.net\/wp-content\/uploads\/2024\/05\/1271643-441x341.jpg 441w\" sizes=\"(max-width: 1200px) 100vw, 1200px\" \/><\/figure>\n<\/div>\n\n\n\n<div class=\"wp-block-column is-layout-flow wp-block-column-is-layout-flow\" style=\"flex-basis:66.66%\">\n<h2 class=\"wp-block-heading\">Mobiln\u00ed n\u00e1stroj pro produktivitu s v\u00edce rozhran\u00edmi: 6&#8243; MicroPC!<\/h2>\n\n\n\n<p>Zat\u00edmco Microsoft Surface Go byl oslavov\u00e1n jako kompaktn\u00ed, lehk\u00fd a cenov\u011b dostupn\u00fd v\u00fdkonn\u00fd po\u010d\u00edta\u010d, 6&#8243; MicroPC jej posouv\u00e1 na vy\u0161\u0161\u00ed \u00farove\u0148. Nejen\u017ee je men\u0161\u00ed ne\u017e Surface Go, ale m\u00e1 tak\u00e9 v\u00edce rozhran\u00ed, co\u017e z n\u011bj d\u011bl\u00e1 neuv\u011b\u0159iteln\u011b v\u0161estrann\u00e9 za\u0159\u00edzen\u00ed. Tento z\u00e1zrak velikosti dlan\u011b, kter\u00fd v nejten\u010d\u00edm m\u00edst\u011b m\u011b\u0159\u00ed pouh\u00fdch 15 mm a v\u00e1\u017e\u00ed pouh\u00fdch 440 g, je navr\u017een pro mimo\u0159\u00e1dnou p\u0159enosnost bez kompromis\u016f ve v\u00fdkonu. D\u00edky tepeln\u00e9 konstrukci s p\u0159\u00edkonem pouh\u00fdch 10 W poskytuje MicroPC v\u00fdkon srovnateln\u00fd se Surface Go, a to v\u0161e za p\u0159\u00edzniv\u011bj\u0161\u00ed cenu. MicroPC je ide\u00e1ln\u00ed pro profesion\u00e1ly ve v\u0161ech odv\u011btv\u00edch a p\u0159edstavuje z\u00e1kladn\u00ed mobiln\u00ed n\u00e1stroj pro produktivitu!<\/p>\n<\/div>\n<\/div>\n\n<h2 class=\"wp-block-heading has-text-align-center\">Extr\u00e9mn\u00ed p\u0159enosnost se setk\u00e1v\u00e1 s praktick\u00fdm designem: Specifikace a tvar po\u010d\u00edta\u010de GPD Micro PC<\/h2>\n\n<div class=\"wp-block-columns is-layout-flex wp-container-core-columns-is-layout-28f84493 wp-block-columns-is-layout-flex\">\n<div class=\"wp-block-column is-layout-flow wp-block-column-is-layout-flow\">\n<figure class=\"wp-block-image size-full is-resized\"><img decoding=\"async\" width=\"1000\" height=\"899\" src=\"https:\/\/gpdstore.net\/wp-content\/uploads\/2024\/05\/714PPtewL._AC_UF10001000_QL80_.jpg\" alt=\"Po&#x10D;&#xED;ta&#x10D; GPD Micro PC s 6palcov&#xFD;m displejem IPS, kter&#xFD; je ide&#xE1;ln&#xED; pro p&#x159;enosn&#xE9; po&#x10D;&#xED;ta&#x10D;e a multimedi&#xE1;ln&#xED; &#xFA;lohy.\" class=\"wp-image-1675\" style=\"width:299px;height:auto\" srcset=\"https:\/\/gpdstore.net\/wp-content\/uploads\/2024\/05\/714PPtewL._AC_UF10001000_QL80_.jpg 1000w, https:\/\/gpdstore.net\/wp-content\/uploads\/2024\/05\/714PPtewL._AC_UF10001000_QL80_-150x135.jpg 150w, https:\/\/gpdstore.net\/wp-content\/uploads\/2024\/05\/714PPtewL._AC_UF10001000_QL80_-600x539.jpg 600w, https:\/\/gpdstore.net\/wp-content\/uploads\/2024\/05\/714PPtewL._AC_UF10001000_QL80_-768x690.jpg 768w, https:\/\/gpdstore.net\/wp-content\/uploads\/2024\/05\/714PPtewL._AC_UF10001000_QL80_-990x890.jpg 990w, https:\/\/gpdstore.net\/wp-content\/uploads\/2024\/05\/714PPtewL._AC_UF10001000_QL80_-441x396.jpg 441w\" sizes=\"(max-width: 1000px) 100vw, 1000px\" \/><\/figure>\n\n\n\n<h3 class=\"wp-block-heading\">Dokonal\u00fd kapesn\u00ed po\u010d\u00edta\u010d: Pro\u010d je 6palcov\u00fd form\u00e1t ide\u00e1ln\u00ed pro digit\u00e1ln\u00ed nom\u00e1dy?<\/h3>\n\n\n\n<p>Tento mini po\u010d\u00edta\u010d o rozm\u011brech pouh\u00fdch 6 \u00d7 4 palce a hmotnosti pouh\u00fdch 440 gram\u016f je ide\u00e1ln\u00ed pro profesion\u00e1ly, studenty a digit\u00e1ln\u00ed nom\u00e1dy, kte\u0159\u00ed jsou neust\u00e1le na cest\u00e1ch. D\u00edky \u010dty\u0159j\u00e1drov\u00e9mu procesoru Intel, 8 <a href=\"https:\/\/gpdstore.net\/cs\/product-attribute\/memory-ram-capacity\/8-gb-cs\/\" target=\"_blank\" rel=\"noreferrer noopener\">GB RAM<\/a> a 256GB, <a href=\"https:\/\/gpdstore.net\/cs\/product-attribute\/storage-capacity\/256-gb-cs\/\" target=\"_blank\" data-type=\"link\" data-id=\"https:\/\/gpdstore.net\/product-attribute\/storage-capacity\/256gb\/\" rel=\"noreferrer noopener\">512GB nebo<\/a> 1TB <a href=\"https:\/\/gpdstore.net\/cs\/product-attribute\/storage-capacity\/512-gb-cs\/\" target=\"_blank\" rel=\"noreferrer noopener\">\u00falo\u017ei\u0161ti<\/a> <a href=\"https:\/\/gpdstore.net\/cs\/product-attribute\/storage-capacity\/1-tb-cs\/\" target=\"_blank\" rel=\"noreferrer noopener\">poskytuje<\/a> svi\u017en\u00fd v\u00fdkon pro multitasking a z\u00e1bavu na displeji s vysok\u00fdm rozli\u0161en\u00edm.<\/p>\n<\/div>\n\n\n\n<div class=\"wp-block-column is-layout-flow wp-block-column-is-layout-flow\">\n<figure class=\"wp-block-image size-full\"><img decoding=\"async\" width=\"300\" height=\"300\" src=\"https:\/\/gpdstore.net\/wp-content\/uploads\/2024\/05\/078e6b89-8d78-4318-bf09-8caf8fecef63.__CR1800840840_PT0_SX300_V1___.jpg\" alt=\"GPD Micro PC, navr&#x17E;en&#xFD; tak, aby byl odoln&#xFD; proti n&#xE1;raz&#x16F;m a vydr&#x17E;el v r&#x16F;zn&#xFD;ch prost&#x159;ed&#xED;ch.\" class=\"wp-image-1672\" srcset=\"https:\/\/gpdstore.net\/wp-content\/uploads\/2024\/05\/078e6b89-8d78-4318-bf09-8caf8fecef63.__CR1800840840_PT0_SX300_V1___.jpg 300w, https:\/\/gpdstore.net\/wp-content\/uploads\/2024\/05\/078e6b89-8d78-4318-bf09-8caf8fecef63.__CR1800840840_PT0_SX300_V1___-150x150.jpg 150w, https:\/\/gpdstore.net\/wp-content\/uploads\/2024\/05\/078e6b89-8d78-4318-bf09-8caf8fecef63.__CR1800840840_PT0_SX300_V1___-100x100.jpg 100w\" sizes=\"(max-width: 300px) 100vw, 300px\" \/><\/figure>\n\n\n\n<h3 class=\"wp-block-heading\"><strong>Sko\u0159epina ABS leteck\u00e9 t\u0159\u00eddy: P\u0159ezkoum\u00e1n\u00ed odolnosti a ochrany po\u010d\u00edta\u010de GPD Micro PC<\/strong><\/h3>\n\n\n\n<p>Tento materi\u00e1l je vyroben z prvot\u0159\u00eddn\u00ed leteck\u00e9 syntetick\u00e9 prysky\u0159ice ABS LG-DOW 121H, kter\u00e1 je dov\u00e1\u017eena z Ji\u017en\u00ed Koreje a nab\u00edz\u00ed v\u00fdjime\u010dnou odolnost a ochranu proti n\u00e1raz\u016fm. D\u00edky zna\u010dn\u00e9 tlou\u0161\u0165ce 1 mm se m\u016f\u017ee pochlubit neho\u0159lavost\u00ed, odolnost\u00ed proti vysok\u00fdm teplot\u00e1m a certifikac\u00ed neho\u0159lavosti V-0. P\u016fsobiv\u00e1 tvrdost podle Rockwella a\u017e 109 R a pevnost v ohybu 26 000 kg\/cm\u00b2.<\/p>\n<\/div>\n\n\n\n<div class=\"wp-block-column is-layout-flow wp-block-column-is-layout-flow\">\n<figure class=\"wp-block-image size-full\"><img loading=\"lazy\" decoding=\"async\" width=\"300\" height=\"300\" src=\"https:\/\/gpdstore.net\/wp-content\/uploads\/2024\/05\/84908091-c530-4179-9369-d0a566b13ce8.__CR1260949949_PT0_SX300_V1___.jpg\" alt=\"GPD Micro PC s podporou roz&#x161;&#xED;&#x159;en&#xFD;ch periferi&#xED;, kter&#xE9; umo&#x17E;&#x148;uj&#xED; v&#x161;estrann&#xE9; p&#x159;ipojen&#xED; a funkce v kompaktn&#xED;m proveden&#xED;.\" class=\"wp-image-1674\" srcset=\"https:\/\/gpdstore.net\/wp-content\/uploads\/2024\/05\/84908091-c530-4179-9369-d0a566b13ce8.__CR1260949949_PT0_SX300_V1___.jpg 300w, https:\/\/gpdstore.net\/wp-content\/uploads\/2024\/05\/84908091-c530-4179-9369-d0a566b13ce8.__CR1260949949_PT0_SX300_V1___-150x150.jpg 150w, https:\/\/gpdstore.net\/wp-content\/uploads\/2024\/05\/84908091-c530-4179-9369-d0a566b13ce8.__CR1260949949_PT0_SX300_V1___-100x100.jpg 100w\" sizes=\"(max-width: 300px) 100vw, 300px\" \/><\/figure>\n\n\n\n<h3 class=\"wp-block-heading\"><strong>Roz\u0161\u00ed\u0159en\u00ed \u00falo\u017ei\u0161t\u011b a funk\u010dnosti: Pomoc\u00ed USB 3.0 a slotu Micro SD<\/strong><\/h3>\n\n\n\n<p>Toto za\u0159\u00edzen\u00ed je vybaveno t\u0159emi rozhran\u00edmi USB 3.0 a slotem Micro SD, tak\u017ee m\u016f\u017ee pojmout a\u017e \u010dty\u0159i extern\u00ed \u00falo\u017en\u00e1 za\u0159\u00edzen\u00ed a nab\u00edz\u00ed prakticky neomezenou \u00falo\u017enou kapacitu. T\u00edm v\u0161ak v\u0161estrannost nekon\u010d\u00ed. D\u00edky mo\u017enosti p\u0159ipojit dal\u0161\u00ed perifern\u00ed za\u0159\u00edzen\u00ed prost\u0159ednictv\u00edm rozbo\u010dova\u010de m\u016f\u017eete p\u0159izp\u016fsobit nastaven\u00ed sv\u00fdm pot\u0159eb\u00e1m, a\u0165 u\u017e jde o zv\u00fd\u0161en\u00ed produktivity nebo roz\u0161\u00ed\u0159en\u00ed funkc\u00ed.<\/p>\n<\/div>\n<\/div>\n\n<figure class=\"wp-block-image size-large\"><img loading=\"lazy\" decoding=\"async\" width=\"1200\" height=\"563\" src=\"https:\/\/gpdstore.net\/wp-content\/uploads\/2024\/05\/1068053-1200x563.jpg\" alt=\"GPD Micro PC, kompaktn&#xED; a v&#xFD;konn&#xFD; minipo&#x10D;&#xED;ta&#x10D; ide&#xE1;ln&#xED; pro mobiln&#xED; v&#xFD;po&#x10D;etn&#xED; techniku a produktivitu na cest&#xE1;ch.\" class=\"wp-image-1678\" srcset=\"https:\/\/gpdstore.net\/wp-content\/uploads\/2024\/05\/1068053-1200x563.jpg 1200w, https:\/\/gpdstore.net\/wp-content\/uploads\/2024\/05\/1068053-150x70.jpg 150w, https:\/\/gpdstore.net\/wp-content\/uploads\/2024\/05\/1068053-600x281.jpg 600w, https:\/\/gpdstore.net\/wp-content\/uploads\/2024\/05\/1068053-768x360.jpg 768w, https:\/\/gpdstore.net\/wp-content\/uploads\/2024\/05\/1068053-1536x720.jpg 1536w, https:\/\/gpdstore.net\/wp-content\/uploads\/2024\/05\/1068053-990x464.jpg 990w, https:\/\/gpdstore.net\/wp-content\/uploads\/2024\/05\/1068053-441x207.jpg 441w, https:\/\/gpdstore.net\/wp-content\/uploads\/2024\/05\/1068053.jpg 1920w\" sizes=\"(max-width: 1200px) 100vw, 1200px\" \/><\/figure>\n\n<p><br\/>Za\u017eijte \u0161pi\u010dkov\u00fd v\u00fdkon v kompaktn\u00edm balen\u00ed s po\u010d\u00edta\u010dem GPD Micro PC. Tento mini notebook s opera\u010dn\u00edm syst\u00e9mem Windows 10 PRO je ur\u010den pro ty, kte\u0159\u00ed hledaj\u00ed rychl\u00fd a v\u00fdkonn\u00fd pr\u016fmyslov\u00fd po\u010d\u00edta\u010d s robustn\u00edmi komunika\u010dn\u00edmi porty.<\/p>\n\n<figure class=\"wp-block-image size-large\"><img loading=\"lazy\" decoding=\"async\" width=\"1200\" height=\"600\" src=\"https:\/\/gpdstore.net\/wp-content\/uploads\/2024\/05\/MicroPC-1200x600.jpg\" alt=\"GPD Micro PC, mal&#xFD;, ale v&#xFD;konn&#xFD; p&#x159;enosn&#xFD; po&#x10D;&#xED;ta&#x10D; ur&#x10D;en&#xFD; pro v&#x161;estrann&#xE9; v&#xFD;po&#x10D;etn&#xED; &#xFA;lohy.\" class=\"wp-image-1677\" srcset=\"https:\/\/gpdstore.net\/wp-content\/uploads\/2024\/05\/MicroPC-1200x600.jpg 1200w, https:\/\/gpdstore.net\/wp-content\/uploads\/2024\/05\/MicroPC-150x75.jpg 150w, https:\/\/gpdstore.net\/wp-content\/uploads\/2024\/05\/MicroPC-600x300.jpg 600w, https:\/\/gpdstore.net\/wp-content\/uploads\/2024\/05\/MicroPC-768x384.jpg 768w, https:\/\/gpdstore.net\/wp-content\/uploads\/2024\/05\/MicroPC-1536x768.jpg 1536w, https:\/\/gpdstore.net\/wp-content\/uploads\/2024\/05\/MicroPC-990x495.jpg 990w, https:\/\/gpdstore.net\/wp-content\/uploads\/2024\/05\/MicroPC-441x221.jpg 441w, https:\/\/gpdstore.net\/wp-content\/uploads\/2024\/05\/MicroPC.jpg 1920w\" sizes=\"(max-width: 1200px) 100vw, 1200px\" \/><\/figure>\n\n<p>Po\u010d\u00edta\u010d <a href=\"https:\/\/gpdstore.net\/cs\/product-attribute\/memory-ram-technology\/lpddr4-cs\/\" target=\"_blank\" rel=\"noreferrer noopener\">Micro PC<\/a> je vybaven rychl\u00fdm \u010dty\u0159j\u00e1drov\u00fdm procesorem Intel\u00ae Celeron\u00ae N4120 s frekvenc\u00ed a\u017e 2,6 GHz a 8 GB rychl\u00e9 opera\u010dn\u00ed pam\u011bti <a href=\"https:\/\/gpdstore.net\/cs\/product-attribute\/memory-ram-capacity\/8-gb-cs\/\" target=\"_blank\" rel=\"noreferrer noopener\">LPDDR4<\/a>. Vyberte si ze t\u0159\u00ed mo\u017enost\u00ed ulo\u017een\u00ed: <a href=\"https:\/\/gpdstore.net\/cs\/product-attribute\/storage-capacity\/256-gb-cs\/\" target=\"_blank\" rel=\"noreferrer noopener\">256 GB,<\/a> 512 GB <a href=\"https:\/\/gpdstore.net\/cs\/product-attribute\/storage-capacity\/512-gb-cs\/\" target=\"_blank\" rel=\"noreferrer noopener\">nebo 1 TB<\/a> NGFF <a href=\"https:\/\/gpdstore.net\/cs\/product-attribute\/storage-capacity\/1-tb-cs\/\" target=\"_blank\" rel=\"noreferrer noopener\">M.2<\/a>. SATA SSD s mo\u017enost\u00ed pozd\u011bj\u0161\u00edho upgradu.<\/p>\n\n<p>Konektivita je \u0161pi\u010dkov\u00e1 a m\u016f\u017ee konkurovat i plnohodnotn\u00fdm pr\u016fmyslov\u00fdm po\u010d\u00edta\u010d\u016fm, nebo\u0165 je vybavena t\u0159emi porty USB 3.0 typu A, jedn\u00edm portem USB typu C, s\u00e9riov\u00fdm portem RS232, ethernetov\u00fdm portem RJ45 1 GB\/s, portem HDMI a \u010dte\u010dkou karet MicroSD. Mezi mo\u017enosti bezdr\u00e1tov\u00e9ho p\u0159ipojen\u00ed pat\u0159\u00ed 802.11b\/g\/n\/ac, dvoup\u00e1smov\u00e1 Wi-Fi 2,4G\/5G a Bluetooth 4.2.<\/p>\n\n<p>\u0160estipalcov\u00fd displej po\u010d\u00edta\u010de Micro PC m\u00e1 rozli\u0161en\u00ed 1280&#215;720 a je chr\u00e1n\u011bn sklem Corning Gorilla Glass 4 odoln\u00fdm proti po\u0161kr\u00e1b\u00e1n\u00ed. Navzdory v\u00fdkonn\u00e9mu hardwaru je toto za\u0159\u00edzen\u00ed kompaktn\u00ed, v zav\u0159en\u00e9m stavu m\u00e1 rozm\u011bry pouh\u00fdch 6&#8243; x 4,4&#8243; x 0,9&#8243; &#8211; dostate\u010dn\u011b mal\u00e9 na to, aby se ve\u0161lo do kapsy nebo mal\u00e9 ta\u0161ky.<\/p>\n\n<p>GPD Micro PC nab\u00edz\u00ed v\u00fdjime\u010dnou p\u0159enosnost, rozs\u00e1hl\u00e9 mo\u017enosti p\u0159ipojen\u00ed a vysok\u00fd v\u00fdkon, tak\u017ee je ide\u00e1ln\u00ed volbou pro nad\u0161ence do mikropo\u010d\u00edta\u010d\u016f se syst\u00e9mem Windows 10.<\/p>\n\n<figure class=\"wp-block-image size-large\"><img loading=\"lazy\" decoding=\"async\" width=\"1200\" height=\"500\" src=\"https:\/\/gpdstore.net\/wp-content\/uploads\/2024\/05\/1068559-1200x500.jpg\" alt=\"GPD Micro PC, kompaktn&#xED; a robustn&#xED; mini po&#x10D;&#xED;ta&#x10D; ide&#xE1;ln&#xED; pro mobiln&#xED; v&#xFD;po&#x10D;etn&#xED; techniku a produktivitu.\" class=\"wp-image-1676\" srcset=\"https:\/\/gpdstore.net\/wp-content\/uploads\/2024\/05\/1068559-1200x500.jpg 1200w, https:\/\/gpdstore.net\/wp-content\/uploads\/2024\/05\/1068559-150x63.jpg 150w, https:\/\/gpdstore.net\/wp-content\/uploads\/2024\/05\/1068559-600x250.jpg 600w, https:\/\/gpdstore.net\/wp-content\/uploads\/2024\/05\/1068559-768x320.jpg 768w, https:\/\/gpdstore.net\/wp-content\/uploads\/2024\/05\/1068559-1536x640.jpg 1536w, https:\/\/gpdstore.net\/wp-content\/uploads\/2024\/05\/1068559-990x413.jpg 990w, https:\/\/gpdstore.net\/wp-content\/uploads\/2024\/05\/1068559-441x184.jpg 441w, https:\/\/gpdstore.net\/wp-content\/uploads\/2024\/05\/1068559.jpg 1920w\" sizes=\"(max-width: 1200px) 100vw, 1200px\" \/><\/figure>\n","protected":false},"excerpt":{"rendered":"<ul>\n<li>Na m\u00edru pro IT profesion\u00e1ly<\/li>\n<li>\u010cipov\u00e1 sada Intel N4120<\/li>\n<li>Windows 10 <strong>Pro<\/strong><\/li>\n<li>S\u00e9riov\u00fd port RS-232<\/li>\n<li>Dvoup\u00e1smov\u00e1 Wi-Fi a 1 gigabitov\u00fd port RJ45<\/li>\n<\/ul>\n<p>[cg_accordion title=\"INFORMACE O PLATB\u011a\"]  Pou\u017e\u00edv\u00e1me nejnov\u011bj\u0161\u00ed technologii zpracov\u00e1n\u00ed plateb, kter\u00e1 v\u00e1m umo\u017en\u00ed prov\u00e9st platbu prost\u0159ednictv\u00edm debetn\u00ed\/kreditn\u00ed karty nebo slu\u017eby PayPal, co\u017e je rychl\u00e9 a bezpe\u010dn\u00e9.[\/cg_accordion] [cg_accordion title=\"Z\u00c1RUKA\"]  2 roky z\u00e1ruky od spole\u010dnosti <a href=\"https:\/\/droix.net\/\" target=\"_blank\" rel=\"nofollow noopener\">DROIX Global pro<\/a> v\u00e1\u0161 klid.[\/cg_accordion] [cg_accordion title=\"ZAJI\u0160T\u011aN\u00cd KVALITY A P\u0158EDEXPEDI\u010cN\u00cd TESTOV\u00c1N\u00cd\"]  Zaji\u0161t\u011bn\u00ed spokojenosti z\u00e1kazn\u00edk\u016f na nejvy\u0161\u0161\u00ed \u00farovni: P\u0159ed odesl\u00e1n\u00edm proch\u00e1z\u00ed ka\u017ed\u00e9 za\u0159\u00edzen\u00ed p\u0159\u00edsn\u00fdm testov\u00e1n\u00edm a v\u00edcebodovou kontrolou kvality. N\u00e1\u0161 specializovan\u00fd t\u00fdm ov\u011b\u0159uje v\u00fdkon, funk\u010dnost a integritu sou\u010d\u00e1st\u00ed, aby bylo zaru\u010deno, \u017ee va\u0161e za\u0159\u00edzen\u00ed GPD je p\u0159i doru\u010den\u00ed v perfektn\u00edm funk\u010dn\u00edm stavu, co\u017e v\u00e1m poskytne jistotu a klid. [\/cg_accordion] [cg_accordion title=\"PRICING, TAXES AND SHIPPING\"] <strong><u>Pozn\u00e1mka:<\/u><\/strong><\/p>\n<ul>\n<li>Z\u00e1kazn\u00edci ze Spojen\u00fdch st\u00e1t\u016f: Z\u00e1kazn\u00edci: Zobrazen\u00e1 cena NEZAHRNUJE DAN\u011a ani cla. Odpov\u011bdnost za celn\u00ed odbaven\u00ed a zaplacen\u00ed souvisej\u00edc\u00ed dan\u011b\/celn\u00ed sazby nese z\u00e1kazn\u00edk. <\/li>\n<li>Z\u00e1kazn\u00edci z EU: V zobrazen\u00e9 cen\u011b je zahrnuta p\u0159\u00edslu\u0161n\u00e1 DA\u0147, kter\u00e1 m\u016f\u017ee \u010dinit a\u017e 25 % v z\u00e1vislosti na va\u0161\u00ed zemi.<\/li>\n<li>Z\u00e1kazn\u00edci z Kanady: V z\u00e1vislosti na va\u0161\u00ed provincii m\u016f\u017ee zobrazen\u00e1 cena zahrnovat p\u0159\u00edslu\u0161n\u00e9 dan\u011b, kter\u00e9 mohou zahrnovat 5% GST a dal\u0161\u00ed provin\u010dn\u00ed dan\u011b z prodeje (PST), harmonizovanou da\u0148 z prodeje (HST) nebo quebeckou da\u0148 z prodeje (QST).<\/li>\n<\/ul>\n<p><strong>Pouze pro z\u00e1kazn\u00edky z EU:<\/strong> Expresn\u00ed DDP (Delivered Duty Paid). To znamen\u00e1: <\/p>\n<ul>\n<li style=\"list-style-type: none;\">\n<ul>\n<li>Ve\u0161ker\u00e1 cla a dan\u011b jsou zahrnuty v cen\u011b uveden\u00e9 na str\u00e1nce produktu.<\/li>\n<li>P\u0159i doru\u010den\u00ed nemus\u00edte platit \u017e\u00e1dn\u00e9 dal\u0161\u00ed poplatky.<\/li>\n<li>Ve v\u00fdjime\u010dn\u00fdch p\u0159\u00edpadech, kdy se vyskytnou probl\u00e9my souvisej\u00edc\u00ed s celn\u00edm \u0159\u00edzen\u00edm, se n\u00e1\u0161 t\u00fdm postar\u00e1 o celn\u00ed odbaven\u00ed va\u0161\u00edm jm\u00e9nem, aby bylo doru\u010den\u00ed bezprobl\u00e9mov\u00e9.<\/li>\n<p>D\u016fle\u017eit\u00e9 informace o vr\u00e1cen\u00ed zbo\u017e\u00ed:<\/p>\n<li>Pokud se rozhodnete objedn\u00e1vku vr\u00e1tit nebo po\u017e\u00e1dat o vr\u00e1cen\u00ed pen\u011bz, m\u011bjte na pam\u011bti, \u017ee dan\u011b a cla zaplacen\u00e9 za v\u00e1s podle podm\u00ednek DDP nelze vr\u00e1tit.<\/li>\n<p>Pod\u00edvejte se pros\u00edm na na\u0161e<\/ul>\n<\/li>\n<\/ul>\n<p><a href=\"https:\/\/droix.net\/terms-and-conditions\/\" target=\"_blank\" rel=\"nofollow noopener\">Podm\u00ednky a pravidla<\/a><\/p>\n<ul>podrobn\u00e9 informace.<\/ul>\n<p>[\/cg_accordion] [cg_accordion title=\"Z\u00c1KAZNICK\u00c1 PODPORA\"]  M\u00e1te dotaz? V\u00e1\u0161 probl\u00e9m vy\u0159e\u0161\u00edme kr\u00e1tkou textovou zpr\u00e1vou!  Podrobn\u00e9 informace naleznete v na\u0161ich <a href=\"https:\/\/gpdstore.net\/cs\/terms-of-service\/\" target=\"_blank\" rel=\"nofollow noopener\">smluvn\u00edch podm\u00ednk\u00e1ch<\/a>.  [\/cg_accordion] [cg_accordion title=\"WHAT'S INCLUDED\"]<\/p>\n<ul>\n<li>1x GPD Micro PC<\/li>\n<li>1x nap\u00e1jec\u00ed adapt\u00e9r<\/li>\n<li>1x kabel USB typu C<\/li>\n<li>1x u\u017eivatelsk\u00e1 p\u0159\u00edru\u010dka<\/li>\n<\/ul>\n<p>[\/cg_accordion]<\/p>\n","protected":false},"featured_media":118244,"template":"","meta":{"_acf_changed":false},"product_brand":[],"product_cat":[17542],"product_tag":[16626,7236],"woo-feed-brand":[5594],"class_list":{"0":"post-134382","1":"product","2":"type-product","3":"status-publish","4":"has-post-thumbnail","6":"product_cat-mini-notebooky-gpd-cs","7":"product_tag-10xmsale-cs","8":"product_tag-gpd-micro-pc-cs","9":"product_shipping_class-standard","10":"pa_bluetooth-4-2-cs-2","11":"pa_brand-gpd","12":"pa_graphics-gpu-model-grafika-uhd-600","13":"pa_i-o-video-1x-hdmi-2-0-typ-a-cs","14":"pa_memory-ram-capacity-8-gb-cs","15":"pa_memory-ram-technology-lpddr4-cs","16":"pa_processor-cpu-model-celeron-n4120-processor","17":"pa_storage-capacity-1-tb-cs","18":"pa_storage-capacity-1tb","19":"pa_storage-capacity-256-gb-cs","20":"pa_storage-capacity-256gb","21":"pa_storage-capacity-512-gb-cs","22":"pa_storage-capacity-512gb","23":"pa_storage-technology-ssd-m-2-2242-cs","24":"pa_wi-fi-dvoupasmove-pripojeni-2-4g-5g","25":"woo-feed-brand-gpd-cs","27":"first","28":"outofstock","29":"sale","30":"taxable","31":"shipping-taxable","32":"purchasable","33":"product-type-variable","34":"has-default-attributes"},"acf":[],"aioseo_notices":[],"_links":{"self":[{"href":"https:\/\/gpdstore.net\/cs\/wp-json\/wp\/v2\/product\/134382","targetHints":{"allow":["GET"]}}],"collection":[{"href":"https:\/\/gpdstore.net\/cs\/wp-json\/wp\/v2\/product"}],"about":[{"href":"https:\/\/gpdstore.net\/cs\/wp-json\/wp\/v2\/types\/product"}],"wp:featuredmedia":[{"embeddable":true,"href":"https:\/\/gpdstore.net\/cs\/wp-json\/wp\/v2\/media\/118244"}],"wp:attachment":[{"href":"https:\/\/gpdstore.net\/cs\/wp-json\/wp\/v2\/media?parent=134382"}],"wp:term":[{"taxonomy":"product_brand","embeddable":true,"href":"https:\/\/gpdstore.net\/cs\/wp-json\/wp\/v2\/product_brand?post=134382"},{"taxonomy":"product_cat","embeddable":true,"href":"https:\/\/gpdstore.net\/cs\/wp-json\/wp\/v2\/product_cat?post=134382"},{"taxonomy":"product_tag","embeddable":true,"href":"https:\/\/gpdstore.net\/cs\/wp-json\/wp\/v2\/product_tag?post=134382"},{"taxonomy":"woo-feed-brand","embeddable":true,"href":"https:\/\/gpdstore.net\/cs\/wp-json\/wp\/v2\/woo-feed-brand?post=134382"}],"curies":[{"name":"wp","href":"https:\/\/api.w.org\/{rel}","templated":true}]}}