{"id":1278843,"date":"2026-02-16T12:09:41","date_gmt":"2026-02-16T12:09:41","guid":{"rendered":"https:\/\/gpdstore.net\/product\/kabel-usb-4-0-typu-c\/"},"modified":"2026-04-24T10:30:53","modified_gmt":"2026-04-24T10:30:53","slug":"usb-4-0-type-c-cable-2","status":"publish","type":"product","link":"https:\/\/gpdstore.net\/cs\/product\/usb-4-0-type-c-cable-2\/","title":{"rendered":"Kabel USB 4.0 typu C"},"content":{"rendered":"\n<h2 class=\"wp-block-heading\"><strong>Kabel USB4 USB C: dokonal\u00e9 \u0159e\u0161en\u00ed nap\u00e1jen\u00ed a p\u0159enosu dat p\u0159es rozhran\u00ed Thunderbolt 4<\/strong><\/h2>\n\n<p>Kabel USB4 USB C je vysoce v\u00fdkonn\u00e9 \u0159e\u0161en\u00ed p\u0159ipojen\u00ed navr\u017een\u00e9 tak, aby spl\u0148ovalo n\u00e1ro\u010dn\u00e9 po\u017eadavky modern\u00edch profesion\u00e1ln\u00edch a hern\u00edch sestav. A\u0165 u\u017e p\u0159ipojujete \u0161pi\u010dkov\u00fd MacBook, eGPU nebo vysokorychlostn\u00ed SSD, tento kabel zajist\u00ed, \u017ee v\u00e1\u0161 hardware bude pracovat na absolutn\u00ed \u0161pi\u010dce. Proto\u017ee integruje nejnov\u011bj\u0161\u00ed standardy Thunderbolt 4, p\u0159edstavuje univerz\u00e1ln\u00ed most pro v\u0161echna va\u0161e za\u0159\u00edzen\u00ed typu C a poskytuje bezkonkuren\u010dn\u00ed v\u0161estrannost v jedin\u00e9m elegantn\u00edm balen\u00ed.  <\/p>\n\n<p>Tento kabel USB4 USB C je dokonal\u00fdm spole\u010dn\u00edkem pro nejnov\u011bj\u0161\u00ed generaci velmi v\u00fdkonn\u00fdch p\u0159enosn\u00fdch hern\u00edch po\u010d\u00edta\u010d\u016f. Pokud pou\u017e\u00edv\u00e1te <a href=\"https:\/\/gpdstore.net\/cs\/product\/gpd-win-5\/\" target=\"_blank\" rel=\"noopener\" title=\"\">GPD WIN 5 nebo<\/a> ONEXPLAYER APEX, tento kabel v\u00e1m umo\u017en\u00ed pln\u011b vyu\u017e\u00edt jejich porty USB4 40Gb\/s pro extern\u00ed dokovac\u00ed stanice GPU nebo vysokorychlostn\u00ed p\u0159enos dat. <\/p>\n\n<hr class=\"wp-block-separator has-alpha-channel-opacity\"\/>\n\n<h2 class=\"wp-block-heading\"><strong>Za\u017eijte ohromuj\u00edc\u00ed rychlosti s kabelem USB4 40Gb\/s USB C<\/strong><\/h2>\n\n<p>S t\u00edmto kabelem dosahuje p\u0159enos dat nov\u00fdch v\u00fd\u0161in a nab\u00edz\u00ed rychlost a\u017e 40 Gb\/s. To je v\u00fdrazn\u011b vy\u0161\u0161\u00ed rychlost ne\u017e u standardn\u00edch alternativ USB-C, tak\u017ee m\u016f\u017eete p\u0159en\u00e1\u0161et obrovsk\u00e9 soubory b\u011bhem n\u011bkolika sekund, nikoli minut. Proto\u017ee je pln\u011b kompatibiln\u00ed s <a href=\"https:\/\/www.thunderbolttechnology.net\/blog\/thunderbolt-3-usb-c-does-it-all\" target=\"_blank\" rel=\"noopener nofollow\" title=\"\">rozhran\u00edmi Thunderbolt 3 a<\/a> USB 3.2, m\u016f\u017eete jej pou\u017e\u00edvat na \u0161irok\u00e9 \u0161k\u00e1le star\u0161\u00edho i modern\u00edho hardwaru bez ztr\u00e1ty v\u00fdkonu. V d\u016fsledku toho je nezbytn\u00fdm n\u00e1strojem pro u\u017eivatele, kte\u0159\u00ed pot\u0159ebuj\u00ed p\u0159eklenout propast mezi sv\u00fdmi p\u0159enosn\u00fdmi za\u0159\u00edzen\u00edmi a periferiemi t\u0159\u00eddy stoln\u00edch po\u010d\u00edta\u010d\u016f.   <\/p>\n\n<h2 class=\"wp-block-heading\"><strong>Rychl\u00e9 240W nap\u00e1jen\u00ed pro v\u00fdkonn\u00e9 notebooky<\/strong><\/h2>\n\n<p>Nap\u00e1jen\u00ed za\u0159\u00edzen\u00ed je stejn\u011b efektivn\u00ed jako p\u0159enos dat. Kabel USB4 USB C podporuje technologii PD 3.1 EPR, kter\u00e1 umo\u017e\u0148uje masivn\u00ed rychl\u00e9 nab\u00edjen\u00ed s v\u00fdkonem 240 W (48 V\/5 A). To znamen\u00e1, \u017ee bez probl\u00e9m\u016f zvl\u00e1dne po\u017eadavky na nap\u00e1jen\u00ed 16palcov\u00e9ho MacBooku Pro nebo nejnov\u011bj\u0161\u00edch hern\u00edch notebook\u016f.  <\/p>\n\n<p>Pro zaji\u0161t\u011bn\u00ed bezpe\u010dnosti p\u0159i t\u011bchto vysokonap\u011b\u0165ov\u00fdch p\u0159enosech je kabel vybaven vestav\u011bn\u00fdm \u010dipem E-Marker, kter\u00fd inteligentn\u011b \u0159\u00edd\u00ed tok energie a zabra\u0148uje p\u0159eh\u0159\u00e1t\u00ed. Tato \u00farove\u0148 nap\u00e1jen\u00ed je pro <a href=\"https:\/\/gpdstore.net\/cs\/product\/gpd-win-5\/\" target=\"_blank\" rel=\"noopener\" title=\"\">GPD WIN 5 obzvl\u00e1\u0161t\u011b v\u00fdhodn\u00e1 a<\/a> poskytuje stabiln\u00ed nap\u00e1jen\u00ed b\u011bhem intenzivn\u00edch hern\u00edch seanc\u00ed s TDP 120 W nebo p\u0159i rychl\u00e9m nab\u00edjen\u00ed jejich vysokokapacitn\u00edch bateri\u00ed. <\/p>\n\n<hr class=\"wp-block-separator has-alpha-channel-opacity\"\/>\n\n<h2 class=\"wp-block-heading\"><strong>Vizu\u00e1ln\u00ed dokonalost s podporou 8K60Hz a du\u00e1ln\u00edho 4K<\/strong><\/h2>\n\n<p>Pokud jste kreativn\u00ed profesion\u00e1l nebo hern\u00ed nad\u0161enec, obrazov\u00e9 mo\u017enosti tohoto kabelu USB4 USB C v\u00e1s ohrom\u00ed. Podporuje jeden displej s rozli\u0161en\u00edm 8K Ultra HD a plynulou obnovovac\u00ed frekvenc\u00ed 60 Hz, co\u017e zaru\u010duje, \u017ee ka\u017ed\u00fd detail bude vykreslen s ostrou \u010distotou. P\u0159\u00edpadn\u011b m\u016f\u017ee kabel poh\u00e1n\u011bt dva monitory s rozli\u0161en\u00edm 4K, co\u017e z n\u011bj \u010din\u00ed nezbytn\u00fd n\u00e1stroj pro multi-tasking a pohlcuj\u00edc\u00ed pracovn\u00ed stanice. Krom\u011b toho mohou u\u017eivatel\u00e9 GPD WIN 5 vyu\u017e\u00edvat bezprobl\u00e9mov\u00fd v\u00fdstup 8K na extern\u00ed displeje pro skute\u010dn\u00fd z\u00e1\u017eitek ze stoln\u00edho po\u010d\u00edta\u010de.   <\/p>\n\n<h2 class=\"wp-block-heading\"><strong>Robustn\u00ed kvalita proveden\u00ed a univerz\u00e1ln\u00ed kompatibilita<\/strong><\/h2>\n\n<p>Z\u00e1kladem konstrukce je odolnost. Kabel je vyroben z PVC a 48\u017eilov\u00e9ho nylonov\u00e9ho opletu, kter\u00fd je speci\u00e1ln\u011b navr\u017een tak, aby vydr\u017eel v\u00edce ne\u017e 10 000 ohyb\u016f. Pl\u00e1\u0161\u0165 z hlin\u00edkov\u00e9 slitiny nav\u00edc poskytuje prvot\u0159\u00eddn\u00ed pocit a z\u00e1rove\u0148 chr\u00e1n\u00ed vnit\u0159n\u00ed j\u00e1dro z bezkysl\u00edkat\u00e9 m\u011bdi. Tato robustn\u00ed konstrukce zaji\u0161\u0165uje, \u017ee kabel USB4 USB C z\u016fstane spolehlivou sou\u010d\u00e1st\u00ed va\u0161\u00ed v\u00fdbavy po dlouh\u00e1 l\u00e9ta, a\u0165 u\u017e ho hod\u00edte do cestovn\u00ed ta\u0161ky s kapesn\u00edm po\u010d\u00edta\u010dem, nebo ho budete m\u00edt trvale p\u0159ipevn\u011bn\u00fd v doku na pracovn\u00edm stole.   <\/p>\n\n<hr class=\"wp-block-separator has-alpha-channel-opacity\"\/>\n\n<h2 class=\"wp-block-heading\"><strong>Zabezpe\u010dte si kabel USB4 USB C je\u0161t\u011b dnes<\/strong><\/h2>\n\n<p>Nedovolte, aby v\u00e1s pomal\u00e9 datov\u00e9 p\u0159enosy nebo slab\u00e9 nab\u00edjen\u00ed nad\u00e1le zdr\u017eovaly. Tento pr\u00e9miov\u00fd kabel je definitivn\u00edm upgradem pro ka\u017ed\u00e9ho, kdo pou\u017e\u00edv\u00e1 iPhone \u0159ady 15, iPad Pro, GPD WIN 5 nebo v\u00fdkonn\u00fd po\u010d\u00edta\u010d. Popt\u00e1vka po t\u00e9to specifick\u00e9 240W specifikaci Thunderbolt 4 je vysok\u00e1, tak\u017ee jednejte nyn\u00ed, abyste m\u011bli z\u00e1ruku, \u017ee sv\u016fj kabel obdr\u017e\u00edte v\u010das. Nav\u0161tivte n\u00e1\u0161 obchod je\u0161t\u011b dnes a poznejte budoucnost p\u0159ipojen\u00ed a zajist\u011bte, aby va\u0161e za\u0159\u00edzen\u00ed v\u017edy pracovala na pln\u00fd plyn!   <\/p>\n","protected":false},"excerpt":{"rendered":"<ul>\n<li><strong>Data 40 Gb\/s &#8211;<\/strong> bleskurychl\u00fd p\u0159enos pro obrovsk\u00e9 soubory.<\/li>\n<li><strong>240W nab\u00edjen\u00ed &#8211;<\/strong> PD 3.1 pro v\u00fdkonn\u00e9 notebooky.<\/li>\n<li><strong>Video 8K60Hz &#8211;<\/strong> podpora Sharp 8K nebo du\u00e1ln\u00edho displeje 4K.<\/li>\n<li><strong>E-Marker Chip &#8211;<\/strong> Inteligentn\u00ed zabezpe\u010den\u00ed pro stabiln\u00ed dod\u00e1vku energie.<\/li>\n<li><strong>Opleten\u00e1 konstrukce &#8211;<\/strong> zes\u00edlen\u00fd nylonov\u00fd a hlin\u00edkov\u00fd pl\u00e1\u0161\u0165.<\/li>\n<\/ul>\n[cg_accordion title=\"INFORMACE O PLATB\u011a\"]<\/p>\n<p>Pou\u017e\u00edv\u00e1me nejnov\u011bj\u0161\u00ed technologii zpracov\u00e1n\u00ed plateb, kter\u00e1 v\u00e1m umo\u017en\u00ed prov\u00e9st platbu prost\u0159ednictv\u00edm debetn\u00ed\/kreditn\u00ed karty nebo slu\u017eby PayPal, co\u017e je rychl\u00e9 a bezpe\u010dn\u00e9.[\/cg_accordion]\n[cg_accordion title=\"Z\u00c1RUKA\"]<\/p>\n<p>1 rok z\u00e1ruky od <a href=\"https:\/\/droix.net\/\" target=\"_blank\" rel=\"nofollow noopener\">spole\u010dnosti DROIX Global pro<\/a> v\u00e1\u0161 klid na du\u0161i[\/cg_accordion]\n[cg_accordion title=\"ZAJI\u0160T\u011aN\u00cd KVALITY A P\u0158EDEXPEDI\u010cN\u00cd TESTOV\u00c1N\u00cd\"]<\/p>\n<p>Zaji\u0161t\u011bn\u00ed spokojenosti z\u00e1kazn\u00edk\u016f na nejvy\u0161\u0161\u00ed \u00farovni: P\u0159ed odesl\u00e1n\u00edm proch\u00e1z\u00ed ka\u017ed\u00e9 za\u0159\u00edzen\u00ed p\u0159\u00edsn\u00fdm testov\u00e1n\u00edm a v\u00edcebodovou kontrolou kvality. N\u00e1\u0161 specializovan\u00fd t\u00fdm ov\u011b\u0159uje v\u00fdkon, funk\u010dnost a integritu sou\u010d\u00e1st\u00ed, aby bylo zaru\u010deno, \u017ee va\u0161e za\u0159\u00edzen\u00ed GPD je p\u0159i doru\u010den\u00ed v perfektn\u00edm funk\u010dn\u00edm stavu, co\u017e v\u00e1m poskytne jistotu a klid. [\/cg_accordion]\n[cg_accordion title=\"CENY, DAN\u011a A DOPRAVA\"]<\/p>\n<p><strong><u>Pozn\u00e1mka:<\/u><\/strong><\/p>\n<ul>\n<li>Z\u00e1kazn\u00edci ze Spojen\u00fdch st\u00e1t\u016f: Z\u00e1kazn\u00edci: Zobrazen\u00e1 cena NEZAHRNUJE DAN\u011a ani cla. Odpov\u011bdnost za celn\u00ed odbaven\u00ed a zaplacen\u00ed souvisej\u00edc\u00ed dan\u011b\/celn\u00ed sazby nese z\u00e1kazn\u00edk. <\/li>\n<li>Z\u00e1kazn\u00edci z EU: V zobrazen\u00e9 cen\u011b je zahrnuta p\u0159\u00edslu\u0161n\u00e1 DA\u0147, kter\u00e1 m\u016f\u017ee \u010dinit a\u017e 25 % v z\u00e1vislosti na va\u0161\u00ed zemi.<\/li>\n<li>Z\u00e1kazn\u00edci z Kanady: V z\u00e1vislosti na va\u0161\u00ed provincii m\u016f\u017ee zobrazen\u00e1 cena zahrnovat p\u0159\u00edslu\u0161n\u00e9 dan\u011b, kter\u00e9 mohou zahrnovat 5% GST a dal\u0161\u00ed provin\u010dn\u00ed dan\u011b z prodeje (PST), harmonizovanou da\u0148 z prodeje (HST) nebo quebeckou da\u0148 z prodeje (QST).<\/li>\n<\/ul>\n<p>Pro na\u0161e z\u00e1kazn\u00edky v USA: Objedn\u00e1vky jsou odes\u00edl\u00e1ny DAP (Delivered At Place). Z\u00e1kazn\u00edci jsou sice zodpov\u011bdn\u00ed za \u00fahradu v\u0161ech platn\u00fdch tarif\u016f, ale my \u010derp\u00e1me z na\u0161ich bohat\u00fdch zku\u0161enost\u00ed s p\u0159epravou ze Spojen\u00e9ho kr\u00e1lovstv\u00ed, abychom zajistili, \u017ee zaplat\u00edte co nejmen\u0161\u00ed poplatky. Podle na\u0161ich z\u00e1znam\u016f tyto poplatky obvykle nep\u0159esahuj\u00ed 10 % hodnoty zbo\u017e\u00ed.  <\/p>\n<p><strong>Pouze pro z\u00e1kazn\u00edky z EU:<\/strong> Expresn\u00ed DDP (Delivered Duty Paid). To znamen\u00e1: <\/p>\n<ul>\n<li>Ve\u0161ker\u00e1 cla a dan\u011b jsou zahrnuty v cen\u011b uveden\u00e9 na str\u00e1nce produktu.<\/li>\n<li>P\u0159i doru\u010den\u00ed nemus\u00edte platit \u017e\u00e1dn\u00e9 dal\u0161\u00ed poplatky.<\/li>\n<li>Ve v\u00fdjime\u010dn\u00fdch p\u0159\u00edpadech, kdy se vyskytnou probl\u00e9my souvisej\u00edc\u00ed s celn\u00edm \u0159\u00edzen\u00edm, se n\u00e1\u0161 t\u00fdm postar\u00e1 o celn\u00ed odbaven\u00ed va\u0161\u00edm jm\u00e9nem, aby bylo doru\u010den\u00ed bezprobl\u00e9mov\u00e9.<\/li>\n<p>D\u016fle\u017eit\u00e9 informace o vr\u00e1cen\u00ed zbo\u017e\u00ed:<\/p>\n<li>Pokud se rozhodnete objedn\u00e1vku vr\u00e1tit nebo po\u017e\u00e1dat o vr\u00e1cen\u00ed pen\u011bz, m\u011bjte na pam\u011bti, \u017ee dan\u011b a cla zaplacen\u00e9 za v\u00e1s podle podm\u00ednek DDP nelze vr\u00e1tit.<\/li>\n<p>Podrobn\u00e9 informace naleznete v na\u0161ich <a href=\"https:\/\/droix.net\/terms-and-conditions\/\" target=\"_blank\" rel=\"nofollow noopener\">smluvn\u00edch podm\u00ednk\u00e1ch<\/a>.\n<\/ul>\n<p>[\/cg_accordion]\n[cg_accordion title=\"Z\u00c1KAZNICK\u00c1 PODPORA\"]<\/p>\n<p>M\u00e1te dotaz? V\u00e1\u0161 probl\u00e9m vy\u0159e\u0161\u00edme kr\u00e1tkou textovou zpr\u00e1vou! <\/p>\n<p>Podrobn\u00e9 informace naleznete v na\u0161ich <a href=\"https:\/\/gpdstore.net\/cs\/terms-of-service\/\" target=\"_blank\" rel=\"nofollow noopener\">smluvn\u00edch podm\u00ednk\u00e1ch<\/a>.\n<\/ul>\n<p>[\/cg_accordion]\n[cg_accordion title=\"CO JE SOU\u010c\u00c1ST\u00cd BALEN\u00cd\"]<\/p>\n<ul>\n<li>1x kabel USB 4.0 typu C<\/li>\n<\/ul>\n<p>[\/cg_accordion]\n","protected":false},"featured_media":1278853,"template":"","meta":{"_acf_changed":false},"product_brand":[],"product_cat":[5402],"product_tag":[],"woo-feed-brand":[5478],"class_list":{"0":"post-1278843","1":"product","2":"type-product","3":"status-publish","4":"has-post-thumbnail","6":"product_cat-prislusenstvi","7":"product_shipping_class-low-end","8":"pa_i-o-video-1x-pres-usb-4-0-type-c-dp-8k60hz-cs","9":"woo-feed-brand-droix-cs","11":"first","12":"instock","13":"sale","14":"taxable","15":"shipping-taxable","16":"purchasable","17":"product-type-variable","18":"has-default-attributes"},"acf":[],"aioseo_notices":[],"_links":{"self":[{"href":"https:\/\/gpdstore.net\/cs\/wp-json\/wp\/v2\/product\/1278843","targetHints":{"allow":["GET"]}}],"collection":[{"href":"https:\/\/gpdstore.net\/cs\/wp-json\/wp\/v2\/product"}],"about":[{"href":"https:\/\/gpdstore.net\/cs\/wp-json\/wp\/v2\/types\/product"}],"wp:featuredmedia":[{"embeddable":true,"href":"https:\/\/gpdstore.net\/cs\/wp-json\/wp\/v2\/media\/1278853"}],"wp:attachment":[{"href":"https:\/\/gpdstore.net\/cs\/wp-json\/wp\/v2\/media?parent=1278843"}],"wp:term":[{"taxonomy":"product_brand","embeddable":true,"href":"https:\/\/gpdstore.net\/cs\/wp-json\/wp\/v2\/product_brand?post=1278843"},{"taxonomy":"product_cat","embeddable":true,"href":"https:\/\/gpdstore.net\/cs\/wp-json\/wp\/v2\/product_cat?post=1278843"},{"taxonomy":"product_tag","embeddable":true,"href":"https:\/\/gpdstore.net\/cs\/wp-json\/wp\/v2\/product_tag?post=1278843"},{"taxonomy":"woo-feed-brand","embeddable":true,"href":"https:\/\/gpdstore.net\/cs\/wp-json\/wp\/v2\/woo-feed-brand?post=1278843"}],"curies":[{"name":"wp","href":"https:\/\/api.w.org\/{rel}","templated":true}]}}