{"id":1275622,"date":"2026-01-22T10:18:28","date_gmt":"2026-01-22T10:18:28","guid":{"rendered":"https:\/\/gpdstore.net\/product\/mini-ctecka-ssd-biwin-rd510\/"},"modified":"2026-03-29T00:46:01","modified_gmt":"2026-03-29T00:46:01","slug":"biwin-rd510-mini-ssd-reader","status":"publish","type":"product","link":"https:\/\/gpdstore.net\/cs\/product\/biwin-rd510-mini-ssd-reader\/","title":{"rendered":"Mini \u010dte\u010dka SSD Biwin RD510"},"content":{"rendered":"\n<h2 class=\"wp-block-heading\">\u010cte\u010dka Biwin Mini SSD: USB 4.0 pro profesion\u00e1ly<\/h2>\n\n<p><strong>Miniaturn\u00ed \u010dte\u010dka SSD Biwin RD510 p\u0159edstavuje<\/strong> pr\u016flom v technologii p\u0159enosn\u00fdch \u00falo\u017ei\u0161\u0165. Tato vysoce v\u00fdkonn\u00e1 \u010dte\u010dka je prvn\u00ed sv\u00e9ho druhu, speci\u00e1ln\u011b navr\u017een\u00e1 pro ultrakompaktn\u00ed form\u00e1t &#8220;Mini SSD&#8221;. Tyto drobn\u00e9 disky o rozm\u011brech pouh\u00fdch 15,0 mm \u00d7 17,0 mm \u00d7 1,4 mm vy\u017eaduj\u00ed pro svou maxim\u00e1ln\u00ed funk\u010dnost p\u0159esn\u00e9 pouzdro.2 Proto\u017ee je toto \u0159e\u0161en\u00ed biwin SSD<sup>p\u0159izp\u016fsobeno<\/sup> tak <strong>mal\u00fdm rozm\u011br\u016fm<\/strong>, nab\u00edz\u00ed \u00farove\u0148 p\u0159enositelnosti, kter\u00e1 dosud nebyla na trhu profesion\u00e1ln\u00edho hardwaru k vid\u011bn\u00ed.  <\/p>\n\n<h2 class=\"wp-block-heading\">Bleskov\u00e1 rychlost s miniaturn\u00ed \u010dte\u010dkou SSD Biwin RD510<\/h2>\n\n<p>V\u00fdkon je to, v \u010dem tato <strong>\u010dte\u010dka biwinn mini SSD skute\u010dn\u011b<\/strong> z\u00e1\u0159\u00ed. Vyu\u017e\u00edv\u00e1 pokro\u010dil\u00fd protokol USB 4.0, kter\u00fd zaji\u0161\u0165uje ohromuj\u00edc\u00ed rychlost p\u0159enosu dat a\u017e 40 Gb\/s.3 <strong>\u010cte\u010dka<\/strong> Biwin RD510 Mini SSD<sup>proto<\/sup> <strong>dosahuje<\/strong> rychlosti <strong>sekven\u010dn\u00edho \u010dten\u00ed<\/strong> 3300 MB\/s a rychlosti z\u00e1pisu 3000 MB\/s.4 Tyto hodnoty p\u0159edstavuj\u00ed<sup>dokonal\u00fd soulad<\/sup> pro u\u017eivatele<sup>,<\/sup> kte\u0159\u00ed \u010dasto pracuj\u00ed s 8K video soubory nebo rozs\u00e1hl\u00fdmi softwarov\u00fdmi \u00falo\u017ei\u0161ti. <\/p>\n\n<p><strong>Architektura ovlada\u010d\u016f<\/strong> biwin <strong>SSD<\/strong> je nav\u00edc optimalizov\u00e1na pro modern\u00ed opera\u010dn\u00ed syst\u00e9my, aby byla zaji\u0161t\u011bna jednoduchost zapojen\u00ed a pou\u017eit\u00ed. Zjist\u00edte, \u017ee rozs\u00e1hl\u00e9 z\u00e1lohov\u00e1n\u00ed dat je dokon\u010deno b\u011bhem n\u011bkolika sekund, nikoli minut. Vzhledem k tomu, \u017ee rozhran\u00ed je tak efektivn\u00ed, je latence p\u0159i intenzivn\u00edch profesion\u00e1ln\u00edch aplikac\u00edch sn\u00ed\u017eena na naprost\u00e9 minimum.  <\/p>\n\n<h2 class=\"wp-block-heading\">Aktivn\u00ed chlazen\u00ed pro trval\u00fd v\u00fdkon SSD Biwin<\/h2>\n\n<p>Udr\u017eov\u00e1n\u00ed vysok\u00fdch rychlost\u00ed \u010dasto vede k tepeln\u00fdm probl\u00e9m\u016fm. Proto <strong>je Mini SSD \u010dte\u010dka<\/strong> Biwin <strong>RD510 vybavena<\/strong> vestav\u011bn\u00fdm chladic\u00edm ventil\u00e1torem pro aktivn\u00ed \u0159\u00edzen\u00ed tepla. Toto tepeln\u00e9 \u0159e\u0161en\u00ed zabra\u0148uje poklesu v\u00fdkonu spojen\u00e9mu s p\u0159eh\u0159\u00e1t\u00edm. V d\u016fsledku toho <strong>si<\/strong> v\u00e1\u0161 biwin <strong>SSD udr\u017e\u00ed<\/strong> maxim\u00e1ln\u00ed rychlost i p\u0159i hodinov\u00e9 migraci dat.   <\/p>\n\n<p>Robustn\u00ed konstrukce <strong>miniaturn\u00ed \u010dte\u010dky SSD Biwin RD510 zaru\u010duje<\/strong>, \u017ee p\u0159e\u017eije ka\u017edodenn\u00ed doj\u00ed\u017ed\u011bn\u00ed. Zat\u00edmco vn\u011bj\u0161\u00ed vzhled vypad\u00e1 elegantn\u011b a profesion\u00e1ln\u011b, vnit\u0159n\u00ed komponenty jsou chr\u00e1n\u011bny proti fyzick\u00fdm n\u00e1raz\u016fm. Prioritou je stabiln\u00ed a nep\u0159eru\u0161ovan\u00fd provoz, co\u017e v kone\u010dn\u00e9m d\u016fsledku pom\u00e1h\u00e1 prodlou\u017eit \u017eivotnost \u00falo\u017en\u00fdch m\u00e9di\u00ed.  <\/p>\n\n<h2 class=\"wp-block-heading\">P\u0159ipojen\u00ed v\u00edce platforem pro \u010dte\u010dku Biwinn Mini SSD<\/h2>\n\n<p>V\u0161estrannost je hlavn\u00ed p\u0159ednost\u00ed t\u00e9to <strong>\u010dte\u010dky biwinn mini SSD.<\/strong> Je dod\u00e1v\u00e1na s vysoce kvalitn\u00edm kabelem USB 4.0 Type-C na Type-C, kter\u00fd odemkne pln\u00fd potenci\u00e1l va\u0161eho hardwaru.5<sup>D\u00edky tomu<\/sup> <strong>je \u010dte\u010dka<\/strong> Biwin RD510 Mini <strong>SSD kompatibiln\u00ed s<\/strong> celou \u0159adou modern\u00edch ekosyst\u00e9m\u016f. <\/p>\n\n<figure class=\"wp-block-table\"><table class=\"has-fixed-layout\"><thead><tr><td><strong>Kategorie syst\u00e9mu<\/strong><\/td><td><strong>Podporovan\u00e9 platformy<\/strong><\/td><\/tr><\/thead><tbody><tr><td><strong>Po\u010d\u00edta\u010de<\/strong><\/td><td>Windows 10\/11, macOS 11.0+<\/td><\/tr><tr><td><strong>Mobiln\u00ed<\/strong><\/td><td>iOS 17.0+, Android 11.0+<\/td><\/tr><tr><td><strong>Hry<\/strong><\/td><td>PlayStation 5 (syst\u00e9m 08+)<\/td><\/tr><tr><td><strong>Opera\u010dn\u00ed syst\u00e9my<\/strong><\/td><td>HyperOS 1.0+, HarmonyOS 3.0+<\/td><\/tr><\/tbody><\/table><\/figure>\n","protected":false},"excerpt":{"rendered":"<ul>\n<li><strong>Biwin RD510 USB<\/strong> 4.0 Mini \u010dte\u010dka SSD disk\u016f<\/li>\n<li><strong>Rozhran\u00ed USB 4.0 &#8211; vysokorychlostn\u00ed<\/strong> p\u0159enos dat a\u017e 40 Gb\/s<\/li>\n<li><strong>3300 MB\/s p\u0159i \u010dten\u00ed a 3000 MB\/s p\u0159i z\u00e1pisu &#8211;<\/strong> optimalizov\u00e1no pro video 8K a velk\u00e9 soubory<\/li>\n<li><strong>Aktivn\u00ed chladic\u00ed syst\u00e9m &#8211;<\/strong> vestav\u011bn\u00fd ventil\u00e1tor pro trval\u00fd \u0161pi\u010dkov\u00fd v\u00fdkon<\/li>\n<li><strong>Ultrap\u0159enosn\u00fd design &#8211;<\/strong> speci\u00e1ln\u011b navr\u017een\u00fd pro miniaturn\u00ed SSD disky<\/li>\n<\/ul>\n[cg_accordion title=\"INFORMACE O PLATB\u011a\"]<\/p>\n<p>Pou\u017e\u00edv\u00e1me nejnov\u011bj\u0161\u00ed technologii zpracov\u00e1n\u00ed plateb, kter\u00e1 v\u00e1m umo\u017en\u00ed prov\u00e9st platbu prost\u0159ednictv\u00edm debetn\u00ed\/kreditn\u00ed karty nebo slu\u017eby PayPal, co\u017e je rychl\u00e9 a bezpe\u010dn\u00e9.[\/cg_accordion]\n[cg_accordion title=\"Z\u00c1RUKA\"]<\/p>\n<p>2 roky z\u00e1ruky od spole\u010dnosti <a href=\"https:\/\/droix.net\/\" target=\"_blank\" rel=\"nofollow noopener\">DROIX Global pro<\/a> v\u00e1\u0161 klid.[\/cg_accordion]\n[cg_accordion title=\"ZAJI\u0160T\u011aN\u00cd KVALITY A P\u0158EDEXPEDI\u010cN\u00cd TESTOV\u00c1N\u00cd\"]<\/p>\n<p>Zaji\u0161t\u011bn\u00ed spokojenosti z\u00e1kazn\u00edk\u016f na nejvy\u0161\u0161\u00ed \u00farovni: P\u0159ed odesl\u00e1n\u00edm proch\u00e1z\u00ed ka\u017ed\u00e9 za\u0159\u00edzen\u00ed p\u0159\u00edsn\u00fdm testov\u00e1n\u00edm a v\u00edcebodovou kontrolou kvality. N\u00e1\u0161 specializovan\u00fd t\u00fdm ov\u011b\u0159uje v\u00fdkon, funk\u010dnost a integritu sou\u010d\u00e1st\u00ed, aby bylo zaru\u010deno, \u017ee va\u0161e za\u0159\u00edzen\u00ed GPD je p\u0159i doru\u010den\u00ed v perfektn\u00edm funk\u010dn\u00edm stavu, co\u017e v\u00e1m poskytne jistotu a klid. [\/cg_accordion]\n[cg_accordion title=\"CENY, DAN\u011a A DOPRAVA\"]<\/p>\n<p><strong><u>Pozn\u00e1mka:<\/u><\/strong><\/p>\n<ul>\n<li>Z\u00e1kazn\u00edci ze Spojen\u00fdch st\u00e1t\u016f: Z\u00e1kazn\u00edci: Zobrazen\u00e1 cena NEZAHRNUJE DAN\u011a ani cla. Odpov\u011bdnost za celn\u00ed odbaven\u00ed a zaplacen\u00ed souvisej\u00edc\u00ed dan\u011b\/celn\u00ed sazby nese z\u00e1kazn\u00edk. <\/li>\n<li>Z\u00e1kazn\u00edci z EU: V zobrazen\u00e9 cen\u011b je zahrnuta p\u0159\u00edslu\u0161n\u00e1 DA\u0147, kter\u00e1 m\u016f\u017ee \u010dinit a\u017e 25 % v z\u00e1vislosti na va\u0161\u00ed zemi.<\/li>\n<li>Z\u00e1kazn\u00edci z Kanady: V z\u00e1vislosti na va\u0161\u00ed provincii m\u016f\u017ee zobrazen\u00e1 cena zahrnovat p\u0159\u00edslu\u0161n\u00e9 dan\u011b, kter\u00e9 mohou zahrnovat 5% GST a dal\u0161\u00ed provin\u010dn\u00ed dan\u011b z prodeje (PST), harmonizovanou da\u0148 z prodeje (HST) nebo quebeckou da\u0148 z prodeje (QST).<\/li>\n<\/ul>\n<p>Pro na\u0161e z\u00e1kazn\u00edky v USA: Objedn\u00e1vky jsou odes\u00edl\u00e1ny DAP (Delivered At Place). Z\u00e1kazn\u00edci jsou sice zodpov\u011bdn\u00ed za \u00fahradu v\u0161ech platn\u00fdch tarif\u016f, ale my \u010derp\u00e1me z na\u0161ich bohat\u00fdch zku\u0161enost\u00ed s p\u0159epravou ze Spojen\u00e9ho kr\u00e1lovstv\u00ed, abychom zajistili, \u017ee zaplat\u00edte co nejmen\u0161\u00ed poplatky. Podle na\u0161ich z\u00e1znam\u016f tyto poplatky obvykle nep\u0159esahuj\u00ed 10 % hodnoty zbo\u017e\u00ed.  <\/p>\n<p><strong>Pouze pro z\u00e1kazn\u00edky z EU:<\/strong> Expresn\u00ed DDP (Delivered Duty Paid). To znamen\u00e1: <\/p>\n<ul>\n<li>Ve\u0161ker\u00e1 cla a dan\u011b jsou zahrnuty v cen\u011b uveden\u00e9 na str\u00e1nce produktu.<\/li>\n<li>P\u0159i doru\u010den\u00ed nemus\u00edte platit \u017e\u00e1dn\u00e9 dal\u0161\u00ed poplatky.<\/li>\n<li>Ve v\u00fdjime\u010dn\u00fdch p\u0159\u00edpadech, kdy se vyskytnou probl\u00e9my souvisej\u00edc\u00ed s celn\u00edm \u0159\u00edzen\u00edm, se n\u00e1\u0161 t\u00fdm postar\u00e1 o celn\u00ed odbaven\u00ed va\u0161\u00edm jm\u00e9nem, aby bylo doru\u010den\u00ed bezprobl\u00e9mov\u00e9.<\/li>\n<p>D\u016fle\u017eit\u00e9 informace o vr\u00e1cen\u00ed zbo\u017e\u00ed:<\/p>\n<li>Pokud se rozhodnete objedn\u00e1vku vr\u00e1tit nebo po\u017e\u00e1dat o vr\u00e1cen\u00ed pen\u011bz, m\u011bjte na pam\u011bti, \u017ee dan\u011b a cla zaplacen\u00e9 za v\u00e1s podle podm\u00ednek DDP nelze vr\u00e1tit.<\/li>\n<p>Podrobn\u00e9 informace naleznete v na\u0161ich <a href=\"https:\/\/droix.net\/terms-and-conditions\/\" target=\"_blank\" rel=\"nofollow noopener\">smluvn\u00edch podm\u00ednk\u00e1ch<\/a>.\n<\/ul>\n<p>[\/cg_accordion]\n[cg_accordion title=\"Z\u00c1KAZNICK\u00c1 PODPORA\"]<\/p>\n<p>M\u00e1te dotaz? V\u00e1\u0161 probl\u00e9m vy\u0159e\u0161\u00edme kr\u00e1tkou textovou zpr\u00e1vou! <\/p>\n<p>Podrobn\u00e9 informace naleznete v na\u0161ich <a href=\"https:\/\/gpdstore.net\/terms-of-service\/\" target=\"_blank\" rel=\"nofollow noopener\">smluvn\u00edch podm\u00ednk\u00e1ch<\/a>.\n<\/ul>\n<p>[\/cg_accordion]\n[cg_accordion title=\"CO JE SOU\u010c\u00c1ST\u00cd BALEN\u00cd\"]<\/p>\n<ul>\n<li>1x Mini \u010dte\u010dka SSD Biwin RD510<\/li>\n<\/ul>\n<p>[\/cg_accordion]\n","protected":false},"featured_media":1275638,"template":"","meta":{"_acf_changed":false},"product_brand":[],"product_cat":[5402],"product_tag":[],"woo-feed-brand":[],"class_list":{"0":"post-1275622","1":"product","2":"type-product","3":"status-publish","4":"has-post-thumbnail","6":"product_cat-prislusenstvi","7":"product_shipping_class-low-end","9":"pa_brand-biwin","11":"first","12":"outofstock","13":"sale","14":"taxable","15":"shipping-taxable","16":"purchasable","17":"product-type-simple"},"acf":[],"aioseo_notices":[],"_links":{"self":[{"href":"https:\/\/gpdstore.net\/cs\/wp-json\/wp\/v2\/product\/1275622","targetHints":{"allow":["GET"]}}],"collection":[{"href":"https:\/\/gpdstore.net\/cs\/wp-json\/wp\/v2\/product"}],"about":[{"href":"https:\/\/gpdstore.net\/cs\/wp-json\/wp\/v2\/types\/product"}],"wp:featuredmedia":[{"embeddable":true,"href":"https:\/\/gpdstore.net\/cs\/wp-json\/wp\/v2\/media\/1275638"}],"wp:attachment":[{"href":"https:\/\/gpdstore.net\/cs\/wp-json\/wp\/v2\/media?parent=1275622"}],"wp:term":[{"taxonomy":"product_brand","embeddable":true,"href":"https:\/\/gpdstore.net\/cs\/wp-json\/wp\/v2\/product_brand?post=1275622"},{"taxonomy":"product_cat","embeddable":true,"href":"https:\/\/gpdstore.net\/cs\/wp-json\/wp\/v2\/product_cat?post=1275622"},{"taxonomy":"product_tag","embeddable":true,"href":"https:\/\/gpdstore.net\/cs\/wp-json\/wp\/v2\/product_tag?post=1275622"},{"taxonomy":"woo-feed-brand","embeddable":true,"href":"https:\/\/gpdstore.net\/cs\/wp-json\/wp\/v2\/woo-feed-brand?post=1275622"}],"curies":[{"name":"wp","href":"https:\/\/api.w.org\/{rel}","templated":true}]}}