{"id":1258251,"date":"2025-10-21T14:46:01","date_gmt":"2025-10-21T14:46:01","guid":{"rendered":"https:\/\/gpdstore.net\/product\/dokovaci-stanice-gpd-win-5\/"},"modified":"2026-01-19T15:24:56","modified_gmt":"2026-01-19T15:24:56","slug":"gpd-win-5-docking-station","status":"publish","type":"product","link":"https:\/\/gpdstore.net\/cs\/product\/gpd-win-5-docking-station\/","title":{"rendered":"Dokovac\u00ed stanice GPD WIN 5"},"content":{"rendered":"\n<p><strong>Dokovac\u00ed stanice GPD WIN 5 (<\/strong> \u010dasto ozna\u010dovan\u00e1 jako Smart Dock) je z\u00e1kladn\u00ed stoln\u00ed rozbo\u010dova\u010d navr\u017een\u00fd tak, aby pln\u011b vyu\u017eil potenci\u00e1l va\u0161eho <a href=\"https:\/\/gpdstore.net\/cs\/product\/gpd-win-5\/\" target=\"_blank\" rel=\"noopener\" title=\"\">kapesn\u00edho hern\u00edho po\u010d\u00edta\u010de GPD WIN 5 .<\/a> P\u0159em\u011b\u0148te sv\u016fj p\u0159enosn\u00fd v\u00fdkonn\u00fd po\u010d\u00edta\u010d na kompletn\u00ed stoln\u00ed hern\u00ed a produktivn\u00ed sestavu pomoc\u00ed jedin\u00e9ho jednoduch\u00e9ho p\u0159ipojen\u00ed, kter\u00e9 zajist\u00ed maxim\u00e1ln\u00ed v\u00fdkon a bezprobl\u00e9movou integraci perifern\u00edch za\u0159\u00edzen\u00ed.<\/p>\n\n<hr class=\"wp-block-separator has-alpha-channel-opacity\"\/>\n\n<h2 class=\"wp-block-heading\">Kl\u00ed\u010dov\u00e9 vlastnosti:<\/h2>\n\n<p>\u26a1 Maxim\u00e1ln\u00ed <strong>dod\u00e1vka energie pro \u0161pi\u010dkov\u00fd v\u00fdkon Dokovac\u00ed stanice je<\/strong> navr\u017eena tak, aby se dala p\u0159ipojit k vyhrazen\u00e9mu nap\u00e1jec\u00edmu portu GPD WIN 5 a umo\u017enila za\u0159\u00edzen\u00ed vyu\u017e\u00edvat pln\u00fd v\u00fdkon 100 W z nab\u00edje\u010dky. To umo\u017e\u0148uje vysoce v\u00fdkonn\u00e9mu APU Strix Halo udr\u017eet maxim\u00e1ln\u00ed TDP pro sn\u00edmkovou frekvenci desktopov\u00e9 t\u0159\u00eddy bez tepeln\u00e9ho \u0161krcen\u00ed. <\/p>\n\n<p>\ud83d\udcbb Okam\u017eit\u00e1 <strong>prom\u011bna stoln\u00edho po\u010d\u00edta\u010de Snadno p\u0159ipojte<\/strong> GPD WIN 5 <strong>k doku<\/strong> a okam\u017eit\u011b se p\u0159ipojte ke v\u0161em perifern\u00edm za\u0159\u00edzen\u00edm stoln\u00edho po\u010d\u00edta\u010de.<sup><\/sup> P\u0159em\u011b\u0148te svou kapesn\u00ed konzoli na plnohodnotn\u00fd po\u010d\u00edta\u010d s Windows 11, p\u0159ipraven\u00fd na z\u00e1vodn\u00ed hran\u00ed, pr\u00e1ci nebo konzumaci m\u00e9di\u00ed.<sup><\/sup><\/p>\n\n<p>\ud83d\udda5\ufe0f <strong>Vysokorychlostn\u00ed v\u00fdstup na displej 4K<\/strong> <strong>Dokovac\u00ed stanice Smart Dock<\/strong> <strong>je vybavena<\/strong> vyhrazen\u00fdm <strong>portem HDMI 2.1, kter\u00fd<\/strong> dok\u00e1\u017ee p\u0159en\u00e1\u0161et rozli\u0161en\u00ed a\u017e 4K <strong>p\u0159i <sup><\/sup>144<\/strong> Hz na extern\u00ed hern\u00ed monitor nebo televizor a poskytuje tak dokonale plynul\u00fd a v\u011brn\u00fd obraz, kter\u00fd se vyrovn\u00e1 tradi\u010dn\u00edm stoln\u00edm po\u010d\u00edta\u010d\u016fm.<sup><\/sup><\/p>\n\n<p><strong>\ud83d\udd0c Rozs\u00e1hl\u00e9 roz\u0161\u00ed\u0159en\u00ed vstup\u016f a v\u00fdstup\u016f V\u00fdrazn\u011b<\/strong> roz\u0161i\u0159te sv\u00e9 mo\u017enosti p\u0159ipojen\u00ed a po\u0159i\u010fte si ve\u0161ker\u00e9 hern\u00ed a pracovn\u00ed vybaven\u00ed:<\/p>\n\n<ul class=\"wp-block-list\">\n<li><strong>1x port HDMI 2.1:<\/strong> Pro v\u00fdstup na displej s vysok\u00fdm rozli\u0161en\u00edm a vysokou obnovovac\u00ed frekvenc\u00ed.<\/li>\n\n\n\n<li><strong>3x porty USB typu A:<\/strong> P\u0159ipojte extern\u00ed kl\u00e1vesnice, my\u0161i, flash disky a dal\u0161\u00ed perifern\u00ed za\u0159\u00edzen\u00ed.<\/li>\n\n\n\n<li><strong>1x ethernetov\u00fd port (RJ45):<\/strong> Zaji\u0161\u0165uje stabiln\u00ed kabelov\u00e9 p\u0159ipojen\u00ed s n\u00edzkou latenc\u00ed pro kompetitivn\u00ed online hran\u00ed.<\/li>\n\n\n\n<li><strong>1x port USB typu C:<\/strong> Pro datov\u00e1 nebo dal\u0161\u00ed perifern\u00ed p\u0159ipojen\u00ed.<\/li>\n<\/ul>\n\n<p>\ud83d\udd0b <strong>Chytr\u00e1 kol\u00e9bka<\/strong> v\u0161e v jednom <strong>Jedine\u010dn\u00e1 konstrukce<\/strong> slou\u017e\u00ed jako bezpe\u010dn\u00fd stojan a nap\u00e1jec\u00ed rozbo\u010dova\u010d. Poskytuje stabiln\u00ed, vzp\u0159\u00edmen\u00e9 m\u00edsto k odpo\u010dinku pro v\u00e1\u0161 GPD WIN 5 a z\u00e1rove\u0148 aktivn\u011b nab\u00edj\u00ed syst\u00e9m a poskytuje pot\u0159ebnou energii pro trval\u00e9 hran\u00ed her s vysok\u00fdm v\u00fdkonem. <\/p>\n\n<h2 class=\"wp-block-heading\">Pro\u010d si vybrat dokovac\u00ed stanici GPD WIN 5?<\/h2>\n\n<p>Po\u010d\u00edta\u010d GPD WIN 5 je ur\u010den jako n\u00e1hrada stoln\u00edho po\u010d\u00edta\u010de a tato dokovac\u00ed stanice Smart Dock je jeho m\u016fstkem. Eliminuje zm\u011b\u0165 kabel\u016f a z\u00e1rove\u0148 zaji\u0161\u0165uje, \u017ee v\u00e1\u0161 v\u00fdkonn\u00fd \u010dip Strix Halo dostane pln\u00fd v\u00fdkon 100 W, kter\u00fd pot\u0159ebuje k dosa\u017een\u00ed v\u00fdkonu t\u0159\u00eddy RTX 4060 na va\u0161\u00ed velk\u00e9 obrazovce. Jedn\u00e1 se o nezbytn\u00e9 p\u0159\u00edslu\u0161enstv\u00ed pro dokonal\u00fd z\u00e1\u017eitek z hran\u00ed na stoln\u00edm po\u010d\u00edta\u010di typu plug-and-play. <\/p>\n\n<hr class=\"wp-block-separator has-alpha-channel-opacity\"\/>\n\n<h3 class=\"wp-block-heading\">Specifikace:<\/h3>\n\n<figure class=\"wp-block-table\"><table class=\"has-fixed-layout\"><thead><tr><td>Detail<\/td><td>Specifikace<\/td><\/tr><\/thead><tbody><tr><td><strong>Kompatibilita<\/strong><\/td><td>Kapesn\u00ed hern\u00ed po\u010d\u00edta\u010d GPD WIN 5<\/td><\/tr><tr><td><strong>V\u00fdstup videa<\/strong><\/td><td>1\u00d7HDMI 2.1 (a\u017e 4K @144 Hz)<\/td><\/tr><tr><td><strong>Porty USB<\/strong><\/td><td>3\u00d7USB Type-A, 1\u00d7USB Type-C<\/td><\/tr><tr><td><strong>S\u00ed\u0165<\/strong><\/td><td>1\u00d7 Ethernetov\u00fd port (RJ45)<\/td><\/tr><tr><td><strong>P\u0159\u00edkon<\/strong><\/td><td>Barelov\u00fd zved\u00e1k (ur\u010den\u00fd pro 100 W GPD WIN 5 Charger)<\/td><\/tr><tr><td><strong>Funkce<\/strong><\/td><td>Dokov\u00e1n\u00ed, nab\u00edjen\u00ed, v\u00fdstup na displej, stojan<\/td><\/tr><\/tbody><\/table><\/figure>\n\n<p><\/p>\n","protected":false},"excerpt":{"rendered":"<ul>\n<li><strong>180W Power Passthrough:<\/strong> Dod\u00e1v\u00e1 maxim\u00e1ln\u00ed v\u00fdkon pro \u0161pi\u010dkov\u00fd v\u00fdkon.<\/li>\n<li><strong>Re\u017eim stoln\u00edho po\u010d\u00edta\u010de:<\/strong> Okam\u017eit\u011b p\u0159em\u011bn\u00ed kapesn\u00ed po\u010d\u00edta\u010d na plnohodnotn\u00fd stoln\u00ed po\u010d\u00edta\u010d.<\/li>\n<li><strong>Zobrazen\u00ed 4K Out:<\/strong> Je vybaven rozhran\u00edm HDMI 2.1 pro extern\u00ed monitory s vysok\u00fdm rozli\u0161en\u00edm.<\/li>\n<li><strong>Dr\u00e1tov\u00e9 hran\u00ed:<\/strong> Obsahuje ethernetov\u00fd port pro stabiln\u00ed online hran\u00ed bez zpo\u017ed\u011bn\u00ed.<\/li>\n<li><strong>Ofici\u00e1ln\u00ed v\u00fdbava:<\/strong> Na zak\u00e1zku navr\u017een\u00e9 p\u0159\u00edslu\u0161enstv\u00ed GPD pro WIN 5.<\/li>\n<\/ul>\n[cg_accordion title=\"INFORMACE O PLATB\u011a\"]<\/p>\n<p>Pou\u017e\u00edv\u00e1me nejnov\u011bj\u0161\u00ed technologii zpracov\u00e1n\u00ed plateb, kter\u00e1 v\u00e1m umo\u017en\u00ed prov\u00e9st platbu prost\u0159ednictv\u00edm debetn\u00ed\/kreditn\u00ed karty nebo slu\u017eby PayPal, co\u017e je rychl\u00e9 a bezpe\u010dn\u00e9.[\/cg_accordion]\n[cg_accordion title=\"Z\u00c1RUKA\"]<\/p>\n<p>2 roky z\u00e1ruky od spole\u010dnosti <a href=\"https:\/\/droix.net\/\" target=\"_blank\" rel=\"nofollow noopener\">DROIX Global pro<\/a> v\u00e1\u0161 klid.[\/cg_accordion]\n[cg_accordion title=\"ZAJI\u0160T\u011aN\u00cd KVALITY A P\u0158EDEXPEDI\u010cN\u00cd TESTOV\u00c1N\u00cd\"]<\/p>\n<p>Zaji\u0161t\u011bn\u00ed spokojenosti z\u00e1kazn\u00edk\u016f na nejvy\u0161\u0161\u00ed \u00farovni: P\u0159ed odesl\u00e1n\u00edm proch\u00e1z\u00ed ka\u017ed\u00e9 za\u0159\u00edzen\u00ed p\u0159\u00edsn\u00fdm testov\u00e1n\u00edm a v\u00edcebodovou kontrolou kvality. N\u00e1\u0161 specializovan\u00fd t\u00fdm ov\u011b\u0159uje v\u00fdkon, funk\u010dnost a integritu sou\u010d\u00e1st\u00ed, aby bylo zaru\u010deno, \u017ee va\u0161e za\u0159\u00edzen\u00ed GPD je p\u0159i doru\u010den\u00ed v perfektn\u00edm funk\u010dn\u00edm stavu, co\u017e v\u00e1m poskytne jistotu a klid. [\/cg_accordion]\n[cg_accordion title=\"CENY, DAN\u011a A DOPRAVA\"]<\/p>\n<p><strong><u>Pozn\u00e1mka:<\/u><\/strong><\/p>\n<ul>\n<li>Z\u00e1kazn\u00edci ze Spojen\u00fdch st\u00e1t\u016f: Z\u00e1kazn\u00edci: Zobrazen\u00e1 cena NEZAHRNUJE DAN\u011a ani cla. Odpov\u011bdnost za celn\u00ed odbaven\u00ed a zaplacen\u00ed souvisej\u00edc\u00ed dan\u011b\/celn\u00ed sazby nese z\u00e1kazn\u00edk. <\/li>\n<li>Z\u00e1kazn\u00edci z EU: V zobrazen\u00e9 cen\u011b je zahrnuta p\u0159\u00edslu\u0161n\u00e1 DA\u0147, kter\u00e1 m\u016f\u017ee \u010dinit a\u017e 25 % v z\u00e1vislosti na va\u0161\u00ed zemi.<\/li>\n<li>Z\u00e1kazn\u00edci z Kanady: V z\u00e1vislosti na va\u0161\u00ed provincii m\u016f\u017ee zobrazen\u00e1 cena zahrnovat p\u0159\u00edslu\u0161n\u00e9 dan\u011b, kter\u00e9 mohou zahrnovat 5% GST a dal\u0161\u00ed provin\u010dn\u00ed dan\u011b z prodeje (PST), harmonizovanou da\u0148 z prodeje (HST) nebo quebeckou da\u0148 z prodeje (QST).<\/li>\n<\/ul>\n<p>Pro na\u0161e z\u00e1kazn\u00edky v USA: Objedn\u00e1vky jsou odes\u00edl\u00e1ny DAP (Delivered At Place). Z\u00e1kazn\u00edci jsou sice zodpov\u011bdn\u00ed za \u00fahradu v\u0161ech platn\u00fdch tarif\u016f, ale my \u010derp\u00e1me z na\u0161ich bohat\u00fdch zku\u0161enost\u00ed s p\u0159epravou ze Spojen\u00e9ho kr\u00e1lovstv\u00ed, abychom zajistili, \u017ee zaplat\u00edte co nejmen\u0161\u00ed poplatky. Podle na\u0161ich z\u00e1znam\u016f tyto poplatky obvykle nep\u0159esahuj\u00ed 10 % hodnoty zbo\u017e\u00ed.  <\/p>\n<p><strong>Pouze pro z\u00e1kazn\u00edky z EU:<\/strong> Expresn\u00ed DDP (Delivered Duty Paid). To znamen\u00e1: <\/p>\n<ul>\n<li>Ve\u0161ker\u00e1 cla a dan\u011b jsou zahrnuty v cen\u011b uveden\u00e9 na str\u00e1nce produktu.<\/li>\n<li>P\u0159i doru\u010den\u00ed nemus\u00edte platit \u017e\u00e1dn\u00e9 dal\u0161\u00ed poplatky.<\/li>\n<li>Ve v\u00fdjime\u010dn\u00fdch p\u0159\u00edpadech, kdy se vyskytnou probl\u00e9my souvisej\u00edc\u00ed s celn\u00edm \u0159\u00edzen\u00edm, se n\u00e1\u0161 t\u00fdm postar\u00e1 o celn\u00ed odbaven\u00ed va\u0161\u00edm jm\u00e9nem, aby bylo doru\u010den\u00ed bezprobl\u00e9mov\u00e9.<\/li>\n<p>D\u016fle\u017eit\u00e9 informace o vr\u00e1cen\u00ed zbo\u017e\u00ed:<\/p>\n<li>Pokud se rozhodnete objedn\u00e1vku vr\u00e1tit nebo po\u017e\u00e1dat o vr\u00e1cen\u00ed pen\u011bz, m\u011bjte na pam\u011bti, \u017ee dan\u011b a cla zaplacen\u00e9 za v\u00e1s podle podm\u00ednek DDP nelze vr\u00e1tit.<\/li>\n<p>Podrobn\u00e9 informace naleznete v na\u0161ich <a href=\"https:\/\/droix.net\/terms-and-conditions\/\" target=\"_blank\" rel=\"nofollow noopener\">smluvn\u00edch podm\u00ednk\u00e1ch<\/a>.\n<\/ul>\n<p>[\/cg_accordion]\n[cg_accordion title=\"Z\u00c1KAZNICK\u00c1 PODPORA\"]<\/p>\n<p>M\u00e1te dotaz? V\u00e1\u0161 probl\u00e9m vy\u0159e\u0161\u00edme kr\u00e1tkou textovou zpr\u00e1vou! <\/p>\n<p>Podrobn\u00e9 informace naleznete v na\u0161ich <a href=\"https:\/\/gpdstore.net\/cs\/terms-of-service\/\" target=\"_blank\" rel=\"nofollow noopener\">smluvn\u00edch podm\u00ednk\u00e1ch<\/a>.\n<\/ul>\n<p>[\/cg_accordion]\n[cg_accordion title=\"CO JE SOU\u010c\u00c1ST\u00cd BALEN\u00cd\"]<\/p>\n<ul>\n<li>1x ofici\u00e1ln\u00ed dokovac\u00ed stanice GPD WIN 5<\/li>\n<\/ul>\n<p>[\/cg_accordion]\n","protected":false},"featured_media":1261011,"template":"","meta":{"_acf_changed":false},"product_brand":[],"product_cat":[5402],"product_tag":[],"woo-feed-brand":[],"class_list":{"0":"post-1258251","1":"product","2":"type-product","3":"status-publish","4":"has-post-thumbnail","6":"product_cat-prislusenstvi","7":"product_shipping_class-low-end","8":"product_shipping_class-premium","9":"pa_accessory-type-dokovaci-stanice","10":"pa_brand-gpd","12":"first","13":"instock","14":"taxable","15":"shipping-taxable","16":"purchasable","17":"product-type-variable","18":"has-default-attributes"},"acf":[],"aioseo_notices":[],"_links":{"self":[{"href":"https:\/\/gpdstore.net\/cs\/wp-json\/wp\/v2\/product\/1258251","targetHints":{"allow":["GET"]}}],"collection":[{"href":"https:\/\/gpdstore.net\/cs\/wp-json\/wp\/v2\/product"}],"about":[{"href":"https:\/\/gpdstore.net\/cs\/wp-json\/wp\/v2\/types\/product"}],"wp:featuredmedia":[{"embeddable":true,"href":"https:\/\/gpdstore.net\/cs\/wp-json\/wp\/v2\/media\/1261011"}],"wp:attachment":[{"href":"https:\/\/gpdstore.net\/cs\/wp-json\/wp\/v2\/media?parent=1258251"}],"wp:term":[{"taxonomy":"product_brand","embeddable":true,"href":"https:\/\/gpdstore.net\/cs\/wp-json\/wp\/v2\/product_brand?post=1258251"},{"taxonomy":"product_cat","embeddable":true,"href":"https:\/\/gpdstore.net\/cs\/wp-json\/wp\/v2\/product_cat?post=1258251"},{"taxonomy":"product_tag","embeddable":true,"href":"https:\/\/gpdstore.net\/cs\/wp-json\/wp\/v2\/product_tag?post=1258251"},{"taxonomy":"woo-feed-brand","embeddable":true,"href":"https:\/\/gpdstore.net\/cs\/wp-json\/wp\/v2\/woo-feed-brand?post=1258251"}],"curies":[{"name":"wp","href":"https:\/\/api.w.org\/{rel}","templated":true}]}}