{"id":1251765,"date":"2025-10-15T11:30:11","date_gmt":"2025-10-15T11:30:11","guid":{"rendered":"https:\/\/gpdstore.net\/product\/pouzdro-gpd-win-5\/"},"modified":"2026-01-19T14:24:03","modified_gmt":"2026-01-19T14:24:03","slug":"gpd-win-5-case","status":"publish","type":"product","link":"https:\/\/gpdstore.net\/cs\/product\/gpd-win-5-case\/","title":{"rendered":"Pouzdro GPD WIN 5"},"content":{"rendered":"\n<p><strong>Pouzdro GPD WIN 5 je<\/strong> robustn\u00ed, na m\u00edru \u0161it\u00fd a na cesty p\u0159ipraven\u00fd obal ur\u010den\u00fd v\u00fdhradn\u011b pro revolu\u010dn\u00ed hern\u00ed po\u010d\u00edta\u010d GPD WIN <strong>5Pouzdro<\/strong> GPD WIN 5 <strong>je robustn\u00ed<\/strong>, na m\u00edru \u0161it\u00fd a na cesty p\u0159ipraven\u00fd <strong>obal<\/strong> ur\u010den\u00fd v\u00fdhradn\u011b pro revolu\u010dn\u00ed hern\u00ed po\u010d\u00edta\u010d GPD WIN 5. Toto pouzdro je vyrobeno tak, aby vydr\u017eelo n\u00e1ro\u010dn\u00e9 cestov\u00e1n\u00ed a chr\u00e1nilo v\u00e1\u0161 vysoce v\u00fdkonn\u00fd stroj d\u00edky prvot\u0159\u00eddn\u00edm materi\u00e1l\u016fm a chytr\u00e9mu designu, a poskytuje maxim\u00e1ln\u00ed bezpe\u010dnost a elegantn\u00ed p\u0159enosnost &#8211; ide\u00e1ln\u00ed pro elitn\u00ed hr\u00e1\u010de na cest\u00e1ch. <\/p>\n\n<hr class=\"wp-block-separator has-alpha-channel-opacity\"\/>\n\n<h3 class=\"wp-block-heading\">Kl\u00ed\u010dov\u00e9 vlastnosti:<\/h3>\n\n<p>\ud83c\udfae <strong>Ochrana<\/strong> na m\u00edru <strong>pro GPD WIN 5<\/strong> Toto pouzdro, <strong>navr\u017een\u00e9<\/strong> v\u00fdhradn\u011b pro GPD WIN 5, zaji\u0161\u0165uje pevn\u00e9 uchycen\u00ed kapesn\u00edho za\u0159\u00edzen\u00ed a chr\u00e1n\u00ed jej p\u0159ed pohybem a vnit\u0159n\u00edm po\u0161kozen\u00edm p\u0159i p\u0159eprav\u011b.<\/p>\n\n<p>\ud83d\udcbc Tvrd\u00e1 sko\u0159epinov\u00e1 <strong>konstrukce Odoln\u00fd<\/strong> <strong>vn\u011bj\u0161\u00ed povrch z<\/strong> tvrd\u00e9 <strong>sko\u0159epiny<\/strong> EVA <strong>poskytuje zv\u00fd\u0161enou<\/strong> ochranu proti n\u00e1raz\u016fm, p\u00e1d\u016fm a po\u0161kr\u00e1b\u00e1n\u00ed a chr\u00e1n\u00ed konzoli a jej\u00ed v\u00fdkonn\u00e9 vnit\u0159n\u00ed sou\u010d\u00e1sti p\u0159i jak\u00e9mkoli n\u00e1ro\u010dn\u00e9m cestov\u00e1n\u00ed.<sup><\/sup><\/p>\n\n<p><strong>\ud83d\udc5c M\u011bkk\u00e9 vnit\u0159n\u00ed polstrov\u00e1n\u00ed Uvnit\u0159 je<\/strong> ply\u0161ov\u00e1 l\u00e1tkov\u00e1 <strong>pod\u0161\u00edvka a<\/strong> p\u011bna <strong>tlum\u00edc\u00ed n\u00e1razy<\/strong> <strong>, kter\u00e9<\/strong> poskytuj\u00ed jemnou p\u00e9\u010di va\u0161\u00ed konzoli a jej\u00edmu velk\u00e9mu 7palcov\u00e9mu displeji a zabra\u0148uj\u00ed po\u0161kr\u00e1b\u00e1n\u00ed a od\u0159en\u00ed povrchu.<\/p>\n\n<p>\ud83d\udd0b Modul\u00e1rn\u00ed <strong>p\u0159ihr\u00e1dka na p\u0159\u00edslu\u0161enstv\u00ed Obsahuje<\/strong> prostornou vnit\u0159n\u00ed <strong>p\u0159ihr\u00e1dku<\/strong> <strong>, kter\u00e1<\/strong> <strong>je ide\u00e1ln\u00ed pro ulo\u017een\u00ed<\/strong> nezbytn\u00fdch komponent, jako je odn\u00edmateln\u00e1 80Wh baterie, 180W nap\u00e1jec\u00ed adapt\u00e9r nebo jin\u00e9 drobn\u00e9 pot\u0159eby &#8211; abyste m\u011bli v\u0161echno sv\u00e9 vybaven\u00ed p\u0159ehledn\u011b a na jednom m\u00edst\u011b.<\/p>\n\n<p><strong>\ud83e\uddf2 Bezpe\u010dn\u00e9 uzav\u00edr\u00e1n\u00ed na zip Vysoce odoln\u00fd<\/strong> a kvalitn\u00ed <strong>zip<\/strong> zaji\u0161\u0165uje bezpe\u010dn\u00e9 uzav\u0159en\u00ed a ochranu <strong>pouzdra<\/strong>, tak\u017ee je v\u00e1\u0161 cenn\u00fd kapesn\u00ed po\u010d\u00edta\u010d v bezpe\u010d\u00ed, a\u0165 u\u017e doj\u00ed\u017ed\u00edte do pr\u00e1ce, cestujete nebo ho skladujete.<sup><\/sup><\/p>\n\n<p><strong>\ud83c\udf1f Tenk\u00fd a lehk\u00fd design Navzdory<\/strong> odoln\u00e9 ochran\u011b je kompaktn\u00ed proveden\u00ed navr\u017eeno pro maxim\u00e1ln\u00ed p\u0159enosnost. Snadno ho str\u010d\u00edte do batohu nebo ho p\u0159en\u00e1\u0161\u00edte samostatn\u011b s v\u011bdom\u00edm, \u017ee je v\u00e1\u0161 hern\u00ed v\u00fdkon v bezpe\u010d\u00ed. <\/p>\n\n<hr class=\"wp-block-separator has-alpha-channel-opacity\"\/>\n\n<h3 class=\"wp-block-heading\">Pro\u010d si vybrat pouzdro GPD WIN 5?<\/h3>\n\n<p>Toto pouzdro je ur\u010deno pro nejn\u00e1ro\u010dn\u011bj\u0161\u00ed hr\u00e1\u010de a kombinuje robustn\u00ed odolnost s promy\u0161len\u00fdm a nezbytn\u00fdm \u00falo\u017en\u00fdm prostorem pro jedine\u010dn\u00e9 modul\u00e1rn\u00ed komponenty a v\u00fdkonnou nab\u00edje\u010dku GPD WIN 5. A\u0165 u\u017e se p\u0159ipojujete k s\u00edti p\u0159i hran\u00ed s vysok\u00fdm TDP, nebo hrajete bez p\u0159ipojen\u00ed k s\u00edti, pouzdro GPD WIN 5 je ide\u00e1ln\u00edm spole\u010dn\u00edkem, kter\u00fd udr\u017e\u00ed v\u00e1\u0161 handheld Strix Halo v bezpe\u010d\u00ed a p\u0159ipraven\u00fd k akci. \ud83d\ude80<\/p>\n\n<hr class=\"wp-block-separator has-alpha-channel-opacity\"\/>\n\n<h3 class=\"wp-block-heading\">Specifikace:<\/h3>\n\n<figure class=\"wp-block-table\"><table class=\"has-fixed-layout\"><thead><tr><td>Detail<\/td><td>Specifikace<\/td><\/tr><\/thead><tbody><tr><td><strong>Materi\u00e1l<\/strong><\/td><td>Tvrd\u00e1 sko\u0159epina EVA + m\u011bkk\u00fd l\u00e1tkov\u00fd interi\u00e9r<\/td><\/tr><tr><td><strong>Kompatibilita<\/strong><\/td><td><a href=\"https:\/\/gpdstore.net\/cs\/product\/gpd-win-5\/\" target=\"_blank\" rel=\"noopener\" title=\"\">Kapesn\u00ed hern\u00ed po\u010d\u00edta\u010d GPD WIN 5<\/a><\/td><\/tr><tr><td><strong>Typ uz\u00e1v\u011bru<\/strong><\/td><td>Zip<\/td><\/tr><tr><td><strong>\u00dalo\u017ei\u0161t\u011b<\/strong><\/td><td>Vnit\u0159n\u00ed s\u00ed\u0165ovan\u00e1 kapsa \/ p\u0159ihr\u00e1dka na p\u0159\u00edslu\u0161enstv\u00ed (v\u010detn\u011b odn\u00edmateln\u00e9 baterie a nab\u00edje\u010dky)<\/td><\/tr><tr><td><strong>Rozm\u011bry<\/strong><\/td><td><strong>288 \u00d7 136 \u00d7 80 (25\/55) mm<\/strong><\/td><\/tr><\/tbody><\/table><\/figure>\n\n<p><\/p>\n","protected":false},"excerpt":{"rendered":"<ul>\n<li><strong>Ofici\u00e1ln\u00ed v\u00fdbava:<\/strong> Navr\u017eeno speci\u00e1ln\u011b pro kapesn\u00ed po\u010d\u00edta\u010d GPD WIN 5.<\/li>\n<li><strong>Bezpe\u010dn\u00e9 popruhy:<\/strong> Dr\u017e\u00ed za\u0159\u00edzen\u00ed a jeho extern\u00ed akumul\u00e1tor pevn\u011b na m\u00edst\u011b.<\/li>\n<li><strong>M\u011bkk\u00e1 pod\u0161\u00edvka:<\/strong> Chr\u00e1n\u00ed 7palcov\u00fd 120Hz displej p\u0159ed po\u0161kr\u00e1b\u00e1n\u00edm.<\/li>\n<li><strong>\u0158em\u00ednek na ruku:<\/strong> Umo\u017e\u0148uje snadn\u00e9 a bezpe\u010dn\u00e9 p\u0159en\u00e1\u0161en\u00ed na cest\u00e1ch.<\/li>\n<li><strong>Tvrd\u00e1 sko\u0159epina:<\/strong> Poskytuje odolnou a pevnou ochranu pro v\u00e1\u0161 v\u00fdkonn\u00fd hern\u00ed po\u010d\u00edta\u010d.<\/li>\n<\/ul>\n[cg_accordion title=\"INFORMACE O PLATB\u011a\"]<\/p>\n<p>Pou\u017e\u00edv\u00e1me nejnov\u011bj\u0161\u00ed technologii zpracov\u00e1n\u00ed plateb, kter\u00e1 v\u00e1m umo\u017en\u00ed prov\u00e9st platbu prost\u0159ednictv\u00edm debetn\u00ed\/kreditn\u00ed karty nebo slu\u017eby PayPal, co\u017e je rychl\u00e9 a bezpe\u010dn\u00e9.[\/cg_accordion]\n[cg_accordion title=\"Z\u00c1RUKA\"]<\/p>\n<p>2 roky z\u00e1ruky od spole\u010dnosti <a href=\"https:\/\/droix.net\/\" target=\"_blank\" rel=\"nofollow noopener\">DROIX Global pro<\/a> v\u00e1\u0161 klid.[\/cg_accordion]\n[cg_accordion title=\"ZAJI\u0160T\u011aN\u00cd KVALITY A P\u0158EDEXPEDI\u010cN\u00cd TESTOV\u00c1N\u00cd\"]<\/p>\n<p>Zaji\u0161t\u011bn\u00ed spokojenosti z\u00e1kazn\u00edk\u016f na nejvy\u0161\u0161\u00ed \u00farovni: P\u0159ed odesl\u00e1n\u00edm proch\u00e1z\u00ed ka\u017ed\u00e9 za\u0159\u00edzen\u00ed p\u0159\u00edsn\u00fdm testov\u00e1n\u00edm a v\u00edcebodovou kontrolou kvality. N\u00e1\u0161 specializovan\u00fd t\u00fdm ov\u011b\u0159uje v\u00fdkon, funk\u010dnost a integritu sou\u010d\u00e1st\u00ed, aby bylo zaru\u010deno, \u017ee va\u0161e za\u0159\u00edzen\u00ed GPD je p\u0159i doru\u010den\u00ed v perfektn\u00edm funk\u010dn\u00edm stavu, co\u017e v\u00e1m poskytne jistotu a klid. [\/cg_accordion]\n[cg_accordion title=\"CENY, DAN\u011a A DOPRAVA\"]<\/p>\n<p><strong><u>Pozn\u00e1mka:<\/u><\/strong><\/p>\n<ul>\n<li>Z\u00e1kazn\u00edci ze Spojen\u00fdch st\u00e1t\u016f: Z\u00e1kazn\u00edci: Zobrazen\u00e1 cena NEZAHRNUJE DAN\u011a ani cla. Odpov\u011bdnost za celn\u00ed odbaven\u00ed a zaplacen\u00ed souvisej\u00edc\u00ed dan\u011b\/celn\u00ed sazby nese z\u00e1kazn\u00edk. <\/li>\n<li>Z\u00e1kazn\u00edci z EU: V zobrazen\u00e9 cen\u011b je zahrnuta p\u0159\u00edslu\u0161n\u00e1 DA\u0147, kter\u00e1 m\u016f\u017ee \u010dinit a\u017e 25 % v z\u00e1vislosti na va\u0161\u00ed zemi.<\/li>\n<li>Z\u00e1kazn\u00edci z Kanady: V z\u00e1vislosti na va\u0161\u00ed provincii m\u016f\u017ee zobrazen\u00e1 cena zahrnovat p\u0159\u00edslu\u0161n\u00e9 dan\u011b, kter\u00e9 mohou zahrnovat 5% GST a dal\u0161\u00ed provin\u010dn\u00ed dan\u011b z prodeje (PST), harmonizovanou da\u0148 z prodeje (HST) nebo quebeckou da\u0148 z prodeje (QST).<\/li>\n<\/ul>\n<p>Pro na\u0161e z\u00e1kazn\u00edky v USA: Objedn\u00e1vky jsou odes\u00edl\u00e1ny DAP (Delivered At Place). Z\u00e1kazn\u00edci jsou sice zodpov\u011bdn\u00ed za \u00fahradu v\u0161ech platn\u00fdch tarif\u016f, ale my \u010derp\u00e1me z na\u0161ich bohat\u00fdch zku\u0161enost\u00ed s p\u0159epravou ze Spojen\u00e9ho kr\u00e1lovstv\u00ed, abychom zajistili, \u017ee zaplat\u00edte co nejmen\u0161\u00ed poplatky. Podle na\u0161ich z\u00e1znam\u016f tyto poplatky obvykle nep\u0159esahuj\u00ed 10 % hodnoty zbo\u017e\u00ed.  <\/p>\n<p><strong>Pouze pro z\u00e1kazn\u00edky z EU:<\/strong> Expresn\u00ed DDP (Delivered Duty Paid). To znamen\u00e1: <\/p>\n<ul>\n<li>Ve\u0161ker\u00e1 cla a dan\u011b jsou zahrnuty v cen\u011b uveden\u00e9 na str\u00e1nce produktu.<\/li>\n<li>P\u0159i doru\u010den\u00ed nemus\u00edte platit \u017e\u00e1dn\u00e9 dal\u0161\u00ed poplatky.<\/li>\n<li>Ve v\u00fdjime\u010dn\u00fdch p\u0159\u00edpadech, kdy se vyskytnou probl\u00e9my souvisej\u00edc\u00ed s celn\u00edm \u0159\u00edzen\u00edm, se n\u00e1\u0161 t\u00fdm postar\u00e1 o celn\u00ed odbaven\u00ed va\u0161\u00edm jm\u00e9nem, aby bylo doru\u010den\u00ed bezprobl\u00e9mov\u00e9.<\/li>\n<p>D\u016fle\u017eit\u00e9 informace o vr\u00e1cen\u00ed zbo\u017e\u00ed:<\/p>\n<li>Pokud se rozhodnete objedn\u00e1vku vr\u00e1tit nebo po\u017e\u00e1dat o vr\u00e1cen\u00ed pen\u011bz, m\u011bjte na pam\u011bti, \u017ee dan\u011b a cla zaplacen\u00e9 za v\u00e1s podle podm\u00ednek DDP nelze vr\u00e1tit.<\/li>\n<p>Podrobn\u00e9 informace naleznete v na\u0161ich <a href=\"https:\/\/droix.net\/terms-and-conditions\/\" target=\"_blank\" rel=\"nofollow noopener\">smluvn\u00edch podm\u00ednk\u00e1ch<\/a>.\n<\/ul>\n<p>[\/cg_accordion]\n[cg_accordion title=\"Z\u00c1KAZNICK\u00c1 PODPORA\"]<\/p>\n<p>M\u00e1te dotaz? V\u00e1\u0161 probl\u00e9m vy\u0159e\u0161\u00edme kr\u00e1tkou textovou zpr\u00e1vou! <\/p>\n<p>Podrobn\u00e9 informace naleznete v na\u0161ich <a href=\"https:\/\/gpdstore.net\/cs\/terms-of-service\/\" target=\"_blank\" rel=\"nofollow noopener\">smluvn\u00edch podm\u00ednk\u00e1ch<\/a>.\n<\/ul>\n<p>[\/cg_accordion]\n[cg_accordion title=\"CO JE SOU\u010c\u00c1ST\u00cd BALEN\u00cd\"]<\/p>\n<ul>\n<li>1x pouzdro GPD WIN 5<\/li>\n<\/ul>\n<p>[\/cg_accordion]\n","protected":false},"featured_media":1250937,"template":"","meta":{"_acf_changed":false},"product_brand":[],"product_cat":[5402],"product_tag":[],"woo-feed-brand":[],"class_list":{"0":"post-1251765","1":"product","2":"type-product","3":"status-publish","4":"has-post-thumbnail","6":"product_cat-prislusenstvi","7":"product_shipping_class-low-end","8":"pa_accessory-type-ochranne-pouzdro","9":"pa_brand-gpd","11":"first","12":"instock","13":"taxable","14":"shipping-taxable","15":"purchasable","16":"product-type-variable","17":"has-default-attributes"},"acf":[],"aioseo_notices":[],"_links":{"self":[{"href":"https:\/\/gpdstore.net\/cs\/wp-json\/wp\/v2\/product\/1251765","targetHints":{"allow":["GET"]}}],"collection":[{"href":"https:\/\/gpdstore.net\/cs\/wp-json\/wp\/v2\/product"}],"about":[{"href":"https:\/\/gpdstore.net\/cs\/wp-json\/wp\/v2\/types\/product"}],"wp:featuredmedia":[{"embeddable":true,"href":"https:\/\/gpdstore.net\/cs\/wp-json\/wp\/v2\/media\/1250937"}],"wp:attachment":[{"href":"https:\/\/gpdstore.net\/cs\/wp-json\/wp\/v2\/media?parent=1251765"}],"wp:term":[{"taxonomy":"product_brand","embeddable":true,"href":"https:\/\/gpdstore.net\/cs\/wp-json\/wp\/v2\/product_brand?post=1251765"},{"taxonomy":"product_cat","embeddable":true,"href":"https:\/\/gpdstore.net\/cs\/wp-json\/wp\/v2\/product_cat?post=1251765"},{"taxonomy":"product_tag","embeddable":true,"href":"https:\/\/gpdstore.net\/cs\/wp-json\/wp\/v2\/product_tag?post=1251765"},{"taxonomy":"woo-feed-brand","embeddable":true,"href":"https:\/\/gpdstore.net\/cs\/wp-json\/wp\/v2\/woo-feed-brand?post=1251765"}],"curies":[{"name":"wp","href":"https:\/\/api.w.org\/{rel}","templated":true}]}}