{"id":122917,"date":"2024-01-24T17:32:18","date_gmt":"2024-01-24T17:32:18","guid":{"rendered":"https:\/\/gpdstore.net\/neza\u0159azen\u00e9\/dokovaci-stanice-sd1\/"},"modified":"2025-12-23T10:21:01","modified_gmt":"2025-12-23T10:21:01","slug":"sd1-docking-station","status":"publish","type":"product","link":"https:\/\/gpdstore.net\/cs\/product\/sd1-docking-station\/","title":{"rendered":"Dokovac\u00ed stanice SD1"},"content":{"rendered":"\n<h1 class=\"wp-block-heading\"><strong>Vyu\u017eijte pln\u00fd potenci\u00e1l kapesn\u00edho hran\u00ed s dokovac\u00ed stanic\u00ed SD1!<\/strong><\/h1>\n\n<h3 class=\"wp-block-heading\">Bezprobl\u00e9mov\u00e1 hern\u00ed integrace na dosah ruky!<\/h3>\n\n<p>V\u00edtejte v dokonal\u00e9 zm\u011bn\u011b hern\u00edho p\u0159\u00edslu\u0161enstv\u00ed pro kapesn\u00ed po\u010d\u00edta\u010de! P\u0159edstavujeme dokovac\u00ed stanici SD1, speci\u00e1ln\u011b vytvo\u0159enou pro v\u00e1\u0161niv\u00e9 hr\u00e1\u010de, kte\u0159\u00ed tou\u017e\u00ed po plynul\u00e9m a nep\u0159eru\u0161ovan\u00e9m hran\u00ed. D\u00edky t\u00e9to modern\u00ed dokovac\u00ed stanici mohou hr\u00e1\u010di zv\u00fd\u0161it mo\u017enosti sv\u00fdch kapesn\u00edch hern\u00edch po\u010d\u00edta\u010d\u016f jako nikdy p\u0159edt\u00edm. Od obl\u00edben\u00e9ho Steam Deck a\u017e po vynikaj\u00edc\u00ed AYA NEO Geek 1S &#8211; SD1 je v\u0161estrann\u00fd a zajist\u00ed, \u017ee va\u0161e obl\u00edben\u00e9 kapesn\u00ed za\u0159\u00edzen\u00ed dostane pot\u0159ebnou podporu. Jednodu\u0161e ji dokujte, p\u0159ipojte kabelem USB typu C a sledujte, jak se kouzlo rozvine.<\/p>\n\n<h3 class=\"wp-block-heading\"><strong>Velmi rychl\u00e9 a stabiln\u00ed p\u0159ipojen\u00ed k internetu<\/strong><\/h3>\n\n<p>U\u017e \u017e\u00e1dn\u00e9 zpo\u017ed\u011bn\u00ed. U\u017e \u017e\u00e1dn\u00e9 p\u0159eru\u0161ov\u00e1n\u00ed. Pono\u0159te se do hern\u00edho vesm\u00edru d\u00edky gigabitov\u00e9mu ethernetu RJ45 na SD1. Tato dokovac\u00ed stanice s rychlost\u00ed a\u017e 1000M v\u00e1m zajist\u00ed n\u00e1skok ve hr\u00e1ch pro v\u00edce hr\u00e1\u010d\u016f a mimo\u0159\u00e1dn\u011b rychlou odezvu p\u0159i hran\u00ed. Rozlu\u010dte se s frustruj\u00edc\u00ed latenc\u00ed a p\u0159iv\u00edtejte plynul\u00e9 hern\u00ed interakce v re\u00e1ln\u00e9m \u010dase. Kdy\u017e z\u00e1le\u017e\u00ed na ka\u017ed\u00e9 milisekund\u011b, je SD1 v\u017edy o krok nap\u0159ed.<\/p>\n\n<h3 class=\"wp-block-heading\"><strong>\u017div\u00fd a ostr\u00fd z\u00e1\u017eitek ze zobrazen\u00ed<\/strong><\/h3>\n\n<p>Zlep\u0161ete sv\u016fj vizu\u00e1ln\u00ed z\u00e1\u017eitek z hran\u00ed! Dokovac\u00ed stanice SD1 je vybavena v\u00fdstupem HDMI 2.0, kter\u00fd hr\u00e1\u010d\u016fm umo\u017e\u0148uje pono\u0159it se do bohat\u00e9ho obrazu v rozli\u0161en\u00ed 4K p\u0159i hedv\u00e1bn\u011b hladk\u00e9 frekvenci 60 Hz. D\u00edky rozli\u0161en\u00ed a\u017e 4096&#215;2160 o\u017eije ka\u017ed\u00fd pixel a vy se ocitnete v centru d\u011bn\u00ed. Vychutnejte si hry v cel\u00e9 jejich kr\u00e1se, s dokonal\u00fdmi detaily, \u017eiv\u00fdmi barvami a bezkonkuren\u010dn\u00ed \u010distotou.<\/p>\n\n<h3 class=\"wp-block-heading\"><strong>Rychl\u00e9 a efektivn\u00ed nap\u00e1jen\u00ed<\/strong><\/h3>\n\n<p>Moc hr\u00e1t donekone\u010dna! Dokovac\u00ed stanice SD1 nen\u00ed jen o konektivit\u011b a vizu\u00e1ln\u00ed str\u00e1nce, ale tak\u00e9 o tom, aby va\u0161e hern\u00ed za\u0159\u00edzen\u00ed bylo st\u00e1le nabit\u00e9 energi\u00ed. D\u00edky neuv\u011b\u0159iteln\u00e9 100W nab\u00edjec\u00ed schopnosti PD rychle dopln\u00ed energii do va\u0161eho za\u0159\u00edzen\u00ed a zajist\u00ed, \u017ee v\u00e1m v z\u00e1palu boje nikdy nedojde baterie. Hrajte d\u00e1l s jistotou, \u017ee va\u0161e za\u0159\u00edzen\u00ed je nep\u0159etr\u017eit\u011b nap\u00e1jeno spolehliv\u00fdm a rychl\u00fdm nab\u00edjec\u00edm syst\u00e9mem.<\/p>\n\n<h3 class=\"wp-block-heading\"><strong>P\u0159\u00edstupnost v\u00edce port\u016f pro lep\u0161\u00ed pou\u017eitelnost<\/strong><\/h3>\n\n<p>V\u0161estrannost v nejlep\u0161\u00edm sv\u011btle! SD1 je vybaven t\u0159emi porty USB typu A 3.0, kter\u00e9 hr\u00e1\u010d\u016fm nab\u00edzej\u00ed luxusn\u00ed mo\u017enost p\u0159ipojen\u00ed v\u00edce perifern\u00edch za\u0159\u00edzen\u00ed. A\u0165 u\u017e jde o dal\u0161\u00ed ovlada\u010d, n\u00e1hlavn\u00ed soupravu nebo jak\u00e9koli jin\u00e9 p\u0159\u00edslu\u0161enstv\u00ed zalo\u017een\u00e9 na USB, dokovac\u00ed stanice SD1 v\u00e1m zajist\u00ed, \u017ee budete p\u0159ipraveni na jak\u00fdkoli hern\u00ed sc\u00e9n\u00e1\u0159. Za\u017eijte rychlej\u0161\u00ed p\u0159enos dat a u\u017eijte si hern\u00ed prost\u0159ed\u00ed bez nepo\u0159\u00e1dku.<\/p>\n\n<h3 class=\"wp-block-heading\"><strong>Robustn\u00ed a efektivn\u00ed p\u0159ipojen\u00ed<\/strong><\/h3>\n\n<p>Sv\u011bt hern\u00edch p\u0159\u00edle\u017eitost\u00ed odemkne\u0161 jedin\u00fdm kabelem. SD1 vyu\u017e\u00edv\u00e1 v\u00fdkon rozhran\u00ed USB typu C a zaji\u0161\u0165uje stabiln\u00ed a efektivn\u00ed p\u0159ipojen\u00ed mezi dokovac\u00ed stanic\u00ed a kapesn\u00edm hern\u00edm za\u0159\u00edzen\u00edm. Toto inovativn\u00ed \u0159e\u0161en\u00ed p\u0159ipojen\u00ed slibuje nejen vy\u0161\u0161\u00ed rychlost p\u0159enosu dat, ale tak\u00e9 univerz\u00e1ln\u00ed kompatibilitu s nejnov\u011bj\u0161\u00edmi hern\u00edmi za\u0159\u00edzen\u00edmi.<\/p>\n\n<h3 class=\"wp-block-heading\"><strong>Robustn\u00ed konstrukce s elegantn\u00ed estetikou<\/strong><\/h3>\n\n<p>Krom\u011b technick\u00e9 dokonalosti je SD1 d\u016fkazem elegantn\u00edho designu a robustn\u00ed konstrukce. Je vyroben z \u0161ed\u00e9ho hlin\u00edku, p\u016fsob\u00ed pr\u00e9miov\u00fdm dojmem a slibuje dlouhou \u017eivotnost. Aby byla va\u0161e cenn\u00e1 hern\u00ed za\u0159\u00edzen\u00ed v\u017edy chr\u00e1n\u011bna, je vybavena \u010dern\u00fdmi silikonov\u00fdmi podlo\u017ekami, kter\u00e9 poskytuj\u00ed dal\u0161\u00ed vrstvu ochrany proti po\u0161kr\u00e1b\u00e1n\u00ed a necht\u011bn\u00e9mu sklouznut\u00ed.<\/p>\n\n<h3 class=\"wp-block-heading\"><strong>Univerz\u00e1ln\u00ed kompatibilita: Pot\u011b\u0161en\u00ed pro hr\u00e1\u010de!<\/strong><\/h3>\n\n<p>Znakem skv\u011bl\u00e9ho p\u0159\u00edslu\u0161enstv\u00ed je jeho p\u0159izp\u016fsobivost a SD1 v tomto ohledu jasn\u011b z\u00e1\u0159\u00ed. Je navr\u017een pro \u0161irokou \u0161k\u00e1lu kapesn\u00edch hern\u00edch po\u010d\u00edta\u010d\u016f a zaji\u0161\u0165uje, \u017ee \u017e\u00e1dn\u00fd hr\u00e1\u010d nez\u016fstane pozadu. A\u0165 u\u017e vlastn\u00edte nejnov\u011bj\u0161\u00ed po\u010d\u00edta\u010d GPD WIN 4 2023 nebo ONEXPLAYER 2, tato dokovac\u00ed stanice p\u0159edstavuje komplexn\u00ed \u0159e\u0161en\u00ed pro lep\u0161\u00ed hern\u00ed mo\u017enosti. Testov\u00e1no se Steam Deck, ROG Ally, GPD WIN 4, GPD WIN 4 2023, ONEXPLAYER 2, AYA NEO 2S, AYA NEO Geek a AYA NEO Geek 1S.<\/p>\n\n<h3 class=\"wp-block-heading\"><strong>Z\u00e1v\u011brem<\/strong><\/h3>\n\n<p>Vstup do budoucnosti kapesn\u00edho hran\u00ed s dokovac\u00ed stanic\u00ed SD1. Nen\u00ed to jen dokovac\u00ed stanice, je to z\u00e1\u017eitek, cesta, nov\u00fd zp\u016fsob hran\u00ed. S dokovac\u00ed stanic\u00ed SD1 pozvednete \u00farove\u0148 sv\u00fdch hern\u00edch seanc\u00ed a vstoup\u00edte do nov\u00e9 \u00e9ry kapesn\u00edho hran\u00ed.<\/p>\n\n<p><\/p>\n","protected":false},"excerpt":{"rendered":"<ul>\n<li>Dokovac\u00ed stanice <strong>SD1 <\/strong><\/li>\n<li>Gigabitov\u00fd Ethernet<\/li>\n<li>100W PD USB-C<\/li>\n<li>V\u00fdstup HDMI<\/li>\n<li><strong>Kompatibiln\u00ed s<\/strong> GPD WIN 4 2024 a mnoha dal\u0161\u00edmi <strong>za\u0159\u00edzen\u00edmi<\/strong> <\/li>\n<\/ul>\n[cg_accordion title=\"INFORMACE O PLATB\u011a\"]<\/p>\n<p>Pou\u017e\u00edv\u00e1me nejnov\u011bj\u0161\u00ed technologie zpracov\u00e1n\u00ed plateb, kter\u00e9 v\u00e1m umo\u017e\u0148uj\u00ed prov\u00e9st platbu prost\u0159ednictv\u00edm Apple Pay, Google Pay, va\u0161\u00ed debetn\u00ed\/kreditn\u00ed karty, PayPal nebo metod BNPL, jako jsou Klarna, Affirm nebo AfterPay, a zajistit tak rychl\u00e9 a bezpe\u010dn\u00e9 zpracov\u00e1n\u00ed.[\/cg_accordion]\n[cg_accordion title=\"Z\u00c1RUKA\"]<\/p>\n<p>2 roky z\u00e1ruky od spole\u010dnosti <a href=\"https:\/\/droix.net\/\" target=\"_blank\" rel=\"nofollow noopener\">DROIX Global pro<\/a> v\u00e1\u0161 klid.[\/cg_accordion]\n[cg_accordion title=\"CENY, DAN\u011a A DOPRAVA\"]<\/p>\n<p><strong><u>Pozn\u00e1mka:<\/u><\/strong><\/p>\n<ul>\n<li>Z\u00e1kazn\u00edci ze Spojen\u00fdch st\u00e1t\u016f: Z\u00e1kazn\u00edci: Zobrazen\u00e1 cena NEZAHRNUJE DAN\u011a ani cla. Odpov\u011bdnost za celn\u00ed odbaven\u00ed a zaplacen\u00ed souvisej\u00edc\u00ed dan\u011b\/celn\u00ed sazby nese z\u00e1kazn\u00edk. <\/li>\n<li>Z\u00e1kazn\u00edci z EU: V zobrazen\u00e9 cen\u011b je zahrnuta p\u0159\u00edslu\u0161n\u00e1 DA\u0147, kter\u00e1 m\u016f\u017ee \u010dinit a\u017e 25 % v z\u00e1vislosti na va\u0161\u00ed zemi.<\/li>\n<li>Z\u00e1kazn\u00edci z Kanady: V z\u00e1vislosti na va\u0161\u00ed provincii m\u016f\u017ee zobrazen\u00e1 cena zahrnovat p\u0159\u00edslu\u0161n\u00e9 dan\u011b, kter\u00e9 mohou zahrnovat 5% GST a dal\u0161\u00ed provin\u010dn\u00ed dan\u011b z prodeje (PST), harmonizovanou da\u0148 z prodeje (HST) nebo quebeckou da\u0148 z prodeje (QST).<\/li>\n<\/ul>\n<p><strong>Pouze pro z\u00e1kazn\u00edky z EU:<\/strong> Expresn\u00ed DDP (Delivered Duty Paid). To znamen\u00e1: <\/p>\n<ul>\n<li>Ve\u0161ker\u00e1 cla a dan\u011b jsou zahrnuty v cen\u011b uveden\u00e9 na str\u00e1nce produktu.<\/li>\n<li>P\u0159i doru\u010den\u00ed nemus\u00edte platit \u017e\u00e1dn\u00e9 dal\u0161\u00ed poplatky.<\/li>\n<li>Ve v\u00fdjime\u010dn\u00fdch p\u0159\u00edpadech, kdy se vyskytnou probl\u00e9my souvisej\u00edc\u00ed s celn\u00edm \u0159\u00edzen\u00edm, se n\u00e1\u0161 t\u00fdm postar\u00e1 o celn\u00ed odbaven\u00ed va\u0161\u00edm jm\u00e9nem, aby bylo doru\u010den\u00ed bezprobl\u00e9mov\u00e9.<\/li>\n<p>D\u016fle\u017eit\u00e9 informace o vr\u00e1cen\u00ed zbo\u017e\u00ed:<\/p>\n<li>Pokud se rozhodnete objedn\u00e1vku vr\u00e1tit nebo po\u017e\u00e1dat o vr\u00e1cen\u00ed pen\u011bz, m\u011bjte na pam\u011bti, \u017ee dan\u011b a cla zaplacen\u00e9 za v\u00e1s podle podm\u00ednek DDP nelze vr\u00e1tit.<\/li>\n<p>Podrobn\u00e9 informace naleznete v na\u0161ich <a href=\"https:\/\/gpdstore.net\/cs\/terms-of-service\/\" target=\"_blank\" rel=\"nofollow noopener\">smluvn\u00edch podm\u00ednk\u00e1ch<\/a>.\n<\/ul>\n<p>[\/cg_accordion]\n[cg_accordion title=\"Z\u00c1KAZNICK\u00c1 PODPORA\"]<\/p>\n<p>M\u00e1te dotaz? V\u00e1\u0161 probl\u00e9m vy\u0159e\u0161\u00edme kr\u00e1tkou textovou zpr\u00e1vou!<br \/>\n[\/cg_accordion]\n[cg_accordion title=\"CO JE SOU\u010c\u00c1ST\u00cd BALEN\u00cd\"]<\/p>\n<ul>\n<li>1x dokovac\u00ed stanice SD1<\/li>\n<\/ul>\n<p>[\/cg_accordion]\n","protected":false},"featured_media":118819,"template":"","meta":{"_acf_changed":false},"product_brand":[],"product_cat":[5402],"product_tag":[18422,6969],"woo-feed-brand":[5478],"class_list":{"0":"post-122917","1":"product","2":"type-product","3":"status-publish","4":"has-post-thumbnail","6":"product_cat-prislusenstvi","7":"product_tag-40xmsale-cs","8":"product_tag-droix-hub-cs","9":"product_shipping_class-standard","11":"pa_accessory-type-dokovaci-stanice","12":"pa_i-o-video-1x-hdmi-cs","13":"woo-feed-brand-droix-cs","15":"first","16":"outofstock","17":"sale","18":"taxable","19":"shipping-taxable","20":"purchasable","21":"product-type-simple"},"acf":[],"aioseo_notices":[],"_links":{"self":[{"href":"https:\/\/gpdstore.net\/cs\/wp-json\/wp\/v2\/product\/122917","targetHints":{"allow":["GET"]}}],"collection":[{"href":"https:\/\/gpdstore.net\/cs\/wp-json\/wp\/v2\/product"}],"about":[{"href":"https:\/\/gpdstore.net\/cs\/wp-json\/wp\/v2\/types\/product"}],"wp:featuredmedia":[{"embeddable":true,"href":"https:\/\/gpdstore.net\/cs\/wp-json\/wp\/v2\/media\/118819"}],"wp:attachment":[{"href":"https:\/\/gpdstore.net\/cs\/wp-json\/wp\/v2\/media?parent=122917"}],"wp:term":[{"taxonomy":"product_brand","embeddable":true,"href":"https:\/\/gpdstore.net\/cs\/wp-json\/wp\/v2\/product_brand?post=122917"},{"taxonomy":"product_cat","embeddable":true,"href":"https:\/\/gpdstore.net\/cs\/wp-json\/wp\/v2\/product_cat?post=122917"},{"taxonomy":"product_tag","embeddable":true,"href":"https:\/\/gpdstore.net\/cs\/wp-json\/wp\/v2\/product_tag?post=122917"},{"taxonomy":"woo-feed-brand","embeddable":true,"href":"https:\/\/gpdstore.net\/cs\/wp-json\/wp\/v2\/woo-feed-brand?post=122917"}],"curies":[{"name":"wp","href":"https:\/\/api.w.org\/{rel}","templated":true}]}}