{"id":1062069,"date":"2025-01-09T09:45:24","date_gmt":"2025-01-09T09:45:24","guid":{"rendered":"https:\/\/gpdstore.net\/?post_type=product&#038;p=1062069"},"modified":"2026-03-29T00:39:34","modified_gmt":"2026-03-29T00:39:34","slug":"gpd-win-max-2-2025-4g-lte-add-on","status":"publish","type":"product","link":"https:\/\/gpdstore.net\/cs\/product\/gpd-win-max-2-2025-4g-lte-add-on\/","title":{"rendered":"Dopln\u011bk GPD WIN MAX 2025 4G LTE"},"content":{"rendered":"\n<h2 class=\"wp-block-heading\">Za\u017eijte skute\u010dnou p\u0159enosnost s p\u0159\u00eddavn\u00fdm modulem 4G LTE pro GPD WIN MAX 2 (2025)<\/h2>\n\n<p>S voliteln\u00fdm modulem 4G LTE prom\u011bn\u00edte sv\u016fj po\u010d\u00edta\u010d <a href=\"https:\/\/gpdstore.net\/gpd-win-max-2-2025-review\/gpd-win-max-2-2025\/\" target=\"_blank\" rel=\"noreferrer noopener\">GPD WIN MAX 2 (2025) v<\/a> dokonal\u00fd p\u0159enosn\u00fd hern\u00ed a produktivn\u00ed v\u00fdkon. Modul je navr\u017een v\u00fdhradn\u011b pro toto za\u0159\u00edzen\u00ed a zaji\u0161\u0165uje bezprobl\u00e9mov\u00e9 p\u0159ipojen\u00ed, kter\u00e9 v\u00e1m umo\u017en\u00ed b\u00fdt online kdykoli a kdekoli. <\/p>\n\n<p>Tento modul, navr\u017een\u00fd s ohledem na p\u0159esnost a snadn\u00e9 pou\u017eit\u00ed, podporuje \u0161irokou \u0161k\u00e1lu s\u00edt\u00ed, v\u010detn\u011b <strong>4G TD-LTE, FDD-LTE a 3G CDMA<\/strong>, a nab\u00edz\u00ed tak bezkonkuren\u010dn\u00ed v\u0161estrannost pro glob\u00e1ln\u00ed kompatibilitu. Nen\u00ed nutn\u00e1 demont\u00e1\u017e ani slo\u017eit\u00e1 instalace &#8211; zadn\u00ed slot pro modul 4G umo\u017e\u0148uje rychl\u00e9 a jednoduch\u00e9 nastaven\u00ed. <\/p>\n\n<p>A\u0165 u\u017e hrajete hry, pracujete nebo streamujete, modul 4G LTE poskytuje stabiln\u00ed vysokorychlostn\u00ed v\u00fdkon, kter\u00fd se vyrovn\u00e1 b\u011b\u017en\u00fdm notebook\u016fm. S t\u00edmto nezbytn\u00fdm p\u0159\u00edslu\u0161enstv\u00edm si m\u016f\u017eete u\u017e\u00edvat neru\u0161en\u00e9 hran\u00ed a produktivitu i ve slo\u017eit\u00fdch sc\u00e9n\u00e1\u0159\u00edch nebo na cest\u00e1ch.<\/p>\n\n<h4 class=\"wp-block-heading\">Vlastnosti:<\/h4>\n\n<ul class=\"wp-block-list\">\n<li><strong>\u00da\u010delov\u00fd design:<\/strong> Vyrobeno v\u00fdhradn\u011b pro GPD WIN MAX 2 (2025), aby dokonale sed\u011blo a fungovalo bez probl\u00e9m\u016f.<\/li>\n\n\n\n<li><strong>Spolehliv\u00e9 p\u0159ipojen\u00ed<\/strong>: Umo\u017e\u0148uje vysokorychlostn\u00ed p\u0159\u00edstup 4G LTE, tak\u017ee je ide\u00e1ln\u00ed pro hran\u00ed her, streamov\u00e1n\u00ed a pr\u00e1ci.<\/li>\n\n\n\n<li><strong>Podpora glob\u00e1ln\u00ed s\u00edt\u011b<\/strong>: Kompatibiln\u00ed s 4G TD-LTE, FDD-LTE a 3G CDMA pro celosv\u011btov\u00e9 pou\u017eit\u00ed.<\/li>\n\n\n\n<li><strong>Snadn\u00e1 instalace<\/strong>: Rychl\u00e1 a bezpe\u010dn\u00e1 instalace pomoc\u00ed zadn\u00edho slotu pro modul 4G.<\/li>\n<\/ul>\n\n<h4 class=\"wp-block-heading\">Ozn\u00e1men\u00ed:<\/h4>\n\n<ol class=\"wp-block-list\">\n<li>Toto p\u0159\u00edslu\u0161enstv\u00ed <strong>nen\u00ed kompatibiln\u00ed<\/strong> s d\u0159\u00edv\u011bj\u0161\u00edmi modely \u0159ady GPD WIN Max, v\u010detn\u011b <strong>verz\u00ed 2024, 2023 a 2021<\/strong>. Je ur\u010deno v\u00fdhradn\u011b pro model <strong>GPD WIN Max 2 (2025<\/strong>). <\/li>\n\n\n\n<li>P\u0159ed zakoupen\u00edm zkontrolujte modelov\u00fd rok sv\u00e9ho za\u0159\u00edzen\u00ed, abyste zajistili kompatibilitu.<\/li>\n<\/ol>\n","protected":false},"excerpt":{"rendered":"<ul>\n<li>Navr\u017eeno speci\u00e1ln\u011b pro GPD WIN MAX 2 (2025)<\/li>\n<li>Podpora &#8211; 4G TD-LTE, FDD-LTE, 3G CDMA.<\/li>\n<li>Podpora 4G TD-LTE, FDD-LTE a 3G CDMA<\/li>\n<li>Slot na kartu Nano-SIM pro snadn\u00e9 pou\u017eit\u00ed<\/li>\n<li>Quectel EG25-G Model<\/li>\n<\/ul>\n<pre><b>D\u016eLE\u017dIT\u00c9<\/b>\nINSTALACE VY\u017dADUJE OTEV\u0158EN\u00cd ZA\u0158\u00cdZEN\u00cd\nKOMPONENTY JSOU MAL\u00c9 A CHOULOSTIV\u00c9\nNENESEME ODPOV\u011aDNOST ZA \u0160KODY ZP\u016eSOBEN\u00c9 Z\u00c1KAZN\u00cdK\u016eM<\/pre>\n[cg_accordion title=\"INFORMACE O PLATB\u011a\"]<\/p>\n<p>Pou\u017e\u00edv\u00e1me nejnov\u011bj\u0161\u00ed technologii zpracov\u00e1n\u00ed plateb, kter\u00e1 v\u00e1m umo\u017en\u00ed prov\u00e9st platbu prost\u0159ednictv\u00edm debetn\u00ed\/kreditn\u00ed karty nebo slu\u017eby PayPal, co\u017e je rychl\u00e9 a bezpe\u010dn\u00e9.[\/cg_accordion]\n[cg_accordion title=\"Z\u00c1RUKA\"]<\/p>\n<p>2 roky z\u00e1ruky od spole\u010dnosti <a href=\"https:\/\/droix.net\/\" target=\"_blank\" rel=\"nofollow noopener\">DROIX Global pro<\/a> v\u00e1\u0161 klid.[\/cg_accordion]\n[cg_accordion title=\"ZAJI\u0160T\u011aN\u00cd KVALITY A P\u0158EDEXPEDI\u010cN\u00cd TESTOV\u00c1N\u00cd\"]<\/p>\n<p>Zaji\u0161t\u011bn\u00ed spokojenosti z\u00e1kazn\u00edk\u016f na nejvy\u0161\u0161\u00ed \u00farovni: P\u0159ed odesl\u00e1n\u00edm proch\u00e1z\u00ed ka\u017ed\u00e9 za\u0159\u00edzen\u00ed p\u0159\u00edsn\u00fdm testov\u00e1n\u00edm a v\u00edcebodovou kontrolou kvality. N\u00e1\u0161 specializovan\u00fd t\u00fdm ov\u011b\u0159uje v\u00fdkon, funk\u010dnost a integritu sou\u010d\u00e1st\u00ed, aby bylo zaru\u010deno, \u017ee va\u0161e za\u0159\u00edzen\u00ed GPD je p\u0159i doru\u010den\u00ed v perfektn\u00edm funk\u010dn\u00edm stavu, co\u017e v\u00e1m poskytne jistotu a klid. [\/cg_accordion]\n[cg_accordion title=\"CENY, DAN\u011a A DOPRAVA\"]<\/p>\n<p><strong><u>Pozn\u00e1mka:<\/u><\/strong><\/p>\n<ul>\n<li>Z\u00e1kazn\u00edci ze Spojen\u00fdch st\u00e1t\u016f: Z\u00e1kazn\u00edci: Zobrazen\u00e1 cena NEZAHRNUJE DAN\u011a ani cla. Odpov\u011bdnost za celn\u00ed odbaven\u00ed a zaplacen\u00ed souvisej\u00edc\u00ed dan\u011b\/celn\u00ed sazby nese z\u00e1kazn\u00edk. <\/li>\n<li>Z\u00e1kazn\u00edci z EU: V zobrazen\u00e9 cen\u011b je zahrnuta p\u0159\u00edslu\u0161n\u00e1 DA\u0147, kter\u00e1 m\u016f\u017ee \u010dinit a\u017e 25 % v z\u00e1vislosti na va\u0161\u00ed zemi.<\/li>\n<li>Z\u00e1kazn\u00edci z Kanady: V z\u00e1vislosti na va\u0161\u00ed provincii m\u016f\u017ee zobrazen\u00e1 cena zahrnovat p\u0159\u00edslu\u0161n\u00e9 dan\u011b, kter\u00e9 mohou zahrnovat 5% GST a dal\u0161\u00ed provin\u010dn\u00ed dan\u011b z prodeje (PST), harmonizovanou da\u0148 z prodeje (HST) nebo quebeckou da\u0148 z prodeje (QST).<\/li>\n<\/ul>\n<p>Pro na\u0161e z\u00e1kazn\u00edky v USA: Objedn\u00e1vky jsou odes\u00edl\u00e1ny DAP (Delivered At Place). Z\u00e1kazn\u00edci jsou sice zodpov\u011bdn\u00ed za \u00fahradu v\u0161ech platn\u00fdch tarif\u016f, ale my \u010derp\u00e1me z na\u0161ich bohat\u00fdch zku\u0161enost\u00ed s p\u0159epravou ze Spojen\u00e9ho kr\u00e1lovstv\u00ed, abychom zajistili, \u017ee zaplat\u00edte co nejmen\u0161\u00ed poplatky. Podle na\u0161ich z\u00e1znam\u016f tyto poplatky obvykle nep\u0159esahuj\u00ed 10 % hodnoty zbo\u017e\u00ed.  <\/p>\n<p><strong>Pouze pro z\u00e1kazn\u00edky z EU:<\/strong> Expresn\u00ed DDP (Delivered Duty Paid). To znamen\u00e1: <\/p>\n<ul>\n<li>Ve\u0161ker\u00e1 cla a dan\u011b jsou zahrnuty v cen\u011b uveden\u00e9 na str\u00e1nce produktu.<\/li>\n<li>P\u0159i doru\u010den\u00ed nemus\u00edte platit \u017e\u00e1dn\u00e9 dal\u0161\u00ed poplatky.<\/li>\n<li>Ve v\u00fdjime\u010dn\u00fdch p\u0159\u00edpadech, kdy se vyskytnou probl\u00e9my souvisej\u00edc\u00ed s celn\u00edm \u0159\u00edzen\u00edm, se n\u00e1\u0161 t\u00fdm postar\u00e1 o celn\u00ed odbaven\u00ed va\u0161\u00edm jm\u00e9nem, aby bylo doru\u010den\u00ed bezprobl\u00e9mov\u00e9.<\/li>\n<p>D\u016fle\u017eit\u00e9 informace o vr\u00e1cen\u00ed zbo\u017e\u00ed:<\/p>\n<li>Pokud se rozhodnete objedn\u00e1vku vr\u00e1tit nebo po\u017e\u00e1dat o vr\u00e1cen\u00ed pen\u011bz, m\u011bjte na pam\u011bti, \u017ee dan\u011b a cla zaplacen\u00e9 za v\u00e1s podle podm\u00ednek DDP nelze vr\u00e1tit.<\/li>\n<p>Podrobn\u00e9 informace naleznete v na\u0161ich <a href=\"https:\/\/droix.net\/terms-and-conditions\/\" target=\"_blank\" rel=\"nofollow noopener\">smluvn\u00edch podm\u00ednk\u00e1ch<\/a>.\n<\/ul>\n<p>[\/cg_accordion]\n[cg_accordion title=\"Z\u00c1KAZNICK\u00c1 PODPORA\"]<\/p>\n<p>M\u00e1te dotaz? V\u00e1\u0161 probl\u00e9m vy\u0159e\u0161\u00edme kr\u00e1tkou textovou zpr\u00e1vou! <\/p>\n<p>Podrobn\u00e9 informace naleznete v na\u0161ich <a href=\"https:\/\/gpdstore.net\/cs\/terms-of-service\/\" target=\"_blank\" rel=\"nofollow noopener\">smluvn\u00edch podm\u00ednk\u00e1ch<\/a>.\n<\/ul>\n<p>[\/cg_accordion]\n[cg_accordion title=\"CO JE SOU\u010c\u00c1ST\u00cd BALEN\u00cd\"]<\/p>\n<ul>\n<li>1x modul GPD WIN MAX 2 2025 LTE<\/li>\n<\/ul>\n<p>[\/cg_accordion]\n","protected":false},"featured_media":102712,"template":"","meta":{"_acf_changed":false},"product_brand":[],"product_cat":[5402],"product_tag":[15838,6076],"woo-feed-brand":[],"class_list":{"0":"post-1062069","1":"product","2":"type-product","3":"status-publish","4":"has-post-thumbnail","6":"product_cat-prislusenstvi","7":"product_tag-20xmsale-cs-2","8":"product_tag-gpd-wm2-prislusenstvi","9":"product_shipping_class-low-end","11":"pa_accessory-type-doplnky","12":"pa_brand-gpd","14":"first","15":"instock","16":"sale","17":"taxable","18":"shipping-taxable","19":"purchasable","20":"product-type-simple"},"acf":[],"aioseo_notices":[],"_links":{"self":[{"href":"https:\/\/gpdstore.net\/cs\/wp-json\/wp\/v2\/product\/1062069","targetHints":{"allow":["GET"]}}],"collection":[{"href":"https:\/\/gpdstore.net\/cs\/wp-json\/wp\/v2\/product"}],"about":[{"href":"https:\/\/gpdstore.net\/cs\/wp-json\/wp\/v2\/types\/product"}],"wp:featuredmedia":[{"embeddable":true,"href":"https:\/\/gpdstore.net\/cs\/wp-json\/wp\/v2\/media\/102712"}],"wp:attachment":[{"href":"https:\/\/gpdstore.net\/cs\/wp-json\/wp\/v2\/media?parent=1062069"}],"wp:term":[{"taxonomy":"product_brand","embeddable":true,"href":"https:\/\/gpdstore.net\/cs\/wp-json\/wp\/v2\/product_brand?post=1062069"},{"taxonomy":"product_cat","embeddable":true,"href":"https:\/\/gpdstore.net\/cs\/wp-json\/wp\/v2\/product_cat?post=1062069"},{"taxonomy":"product_tag","embeddable":true,"href":"https:\/\/gpdstore.net\/cs\/wp-json\/wp\/v2\/product_tag?post=1062069"},{"taxonomy":"woo-feed-brand","embeddable":true,"href":"https:\/\/gpdstore.net\/cs\/wp-json\/wp\/v2\/woo-feed-brand?post=1062069"}],"curies":[{"name":"wp","href":"https:\/\/api.w.org\/{rel}","templated":true}]}}