{"id":1059871,"date":"2025-01-03T15:47:35","date_gmt":"2025-01-03T15:47:35","guid":{"rendered":"https:\/\/gpdstore.net\/?post_type=product&#038;p=1059871"},"modified":"2026-01-23T10:36:32","modified_gmt":"2026-01-23T10:36:32","slug":"universal-stylus-pen-for-gpd","status":"publish","type":"product","link":"https:\/\/gpdstore.net\/cs\/product\/universal-stylus-pen-for-gpd\/","title":{"rendered":"Univerz\u00e1ln\u00ed kapacitn\u00ed stylus pro GPD"},"content":{"rendered":"\n<h2 class=\"wp-block-heading\"><strong>Uvoln\u011bte svou kreativitu s univerz\u00e1ln\u00edm kapacitn\u00edm stylusem pro GPD<\/strong><\/h2>\n\n<p>Toto pokro\u010dil\u00e9 kapacitn\u00ed stylusov\u00e9 pero, navr\u017een\u00e9 pro p\u0159esnost, v\u00fdkon a bezprobl\u00e9movou kompatibilitu s va\u0161imi obl\u00edben\u00fdmi za\u0159\u00edzen\u00edmi, je dokonal\u00fdm n\u00e1strojem pro kreslen\u00ed, psan\u00ed nebo navigaci &#8211; ide\u00e1ln\u00ed pro b\u011b\u017en\u00e9 i profesion\u00e1ln\u00ed pou\u017eit\u00ed.<\/p>\n\n<hr class=\"wp-block-separator has-alpha-channel-opacity\"\/>\n\n<h3 class=\"wp-block-heading\"><strong>Kl\u00ed\u010dov\u00e9 vlastnosti:<\/strong> <\/h3>\n\n<p><strong>1. Nen\u00ed nutn\u00e9 p\u00e1rov\u00e1n\u00ed<\/strong><br\/>Za\u010dn\u011bte okam\u017eit\u011b! D\u00edky kapacitn\u00edmu induk\u010dn\u00edmu sp\u00edna\u010di jej jednodu\u0161e zapnete dvojit\u00fdm poklep\u00e1n\u00edm &#8211; nen\u00ed nutn\u00e9 \u017e\u00e1dn\u00e9 slo\u017eit\u00e9 p\u00e1rov\u00e1n\u00ed. <\/p>\n\n<p><strong>2. Mimo\u0159\u00e1dn\u011b p\u0159esn\u00e9 a bez zpo\u017ed\u011bn\u00ed<\/strong> <br\/>Za\u017eijte plynul\u00e9 a p\u0159esn\u00e9 tahy d\u00edky p\u0159izp\u016fsoben\u00e9 ant\u00e9n\u011b satelitn\u00edho sign\u00e1lu, kter\u00e1 zaji\u0161\u0165uje vysokou rychlost odezvy a minim\u00e1ln\u00ed zpo\u017ed\u011bn\u00ed.<\/p>\n\n<p><strong>3. Univerz\u00e1ln\u00ed kompatibilita<\/strong><br\/>Bezprobl\u00e9mov\u011b spolupracuje se v\u0161emi kapacitn\u00edmi dotykov\u00fdmi za\u0159\u00edzen\u00edmi, v\u010detn\u011b kapesn\u00edch po\u010d\u00edta\u010d\u016f GPD, tablet\u016f, chytr\u00fdch telefon\u016f a dal\u0161\u00edch, a podporuje opera\u010dn\u00ed syst\u00e9my iOS, Android a Windows.<\/p>\n\n<p><strong>4. Dlouh\u00e1 v\u00fddr\u017e baterie<\/strong><br\/>U\u017eijte si nep\u0159eru\u0161ovanou kreativitu d\u00edky kontrolce baterie a efektivn\u00edmu nab\u00edjen\u00ed typu C pro del\u0161\u00ed dobu pou\u017e\u00edv\u00e1n\u00ed.<\/p>\n\n<p><strong>5. Elegantn\u00ed, lehk\u00fd design<\/strong><br\/>\u0160t\u00edhl\u00e1, ergonomick\u00e1 konstrukce zaji\u0161\u0165uje pohodln\u00e9 pou\u017e\u00edv\u00e1n\u00ed, a\u0165 u\u017e kresl\u00edte slo\u017eit\u00e9 n\u00e1vrhy, nebo si zapisujete rychl\u00e9 pozn\u00e1mky.<\/p>\n\n<hr class=\"wp-block-separator has-alpha-channel-opacity\"\/>\n\n<h3 class=\"wp-block-heading\"><strong>Ide\u00e1ln\u00ed pro za\u0159\u00edzen\u00ed GPD<\/strong><\/h3>\n\n<p>Tento kapacitn\u00ed stylus, navr\u017een\u00fd speci\u00e1ln\u011b s ohledem na u\u017eivatele GPD, dopl\u0148uje va\u0161e kapesn\u00ed hern\u00ed po\u010d\u00edta\u010de a tablety a je nezbytn\u00fdm p\u0159\u00edslu\u0161enstv\u00edm pro produktivitu i z\u00e1bavu.<\/p>\n\n<hr class=\"wp-block-separator has-alpha-channel-opacity\"\/>\n\n<h3 class=\"wp-block-heading\"><strong>Pro\u010d si vybrat univerz\u00e1ln\u00ed kapacitn\u00ed stylus pro GPD?<\/strong><\/h3>\n\n<ul class=\"wp-block-list\">\n<li>Bezprobl\u00e9mov\u00e9 nastaven\u00ed bez nutnosti p\u00e1rov\u00e1n\u00ed<\/li>\n\n\n\n<li>Vysok\u00e1 citlivost pro detailn\u00ed pr\u00e1ci a plynul\u00fd provoz<\/li>\n\n\n\n<li>Univerz\u00e1ln\u00ed kompatibilita s kapacitn\u00edmi dotykov\u00fdmi za\u0159\u00edzen\u00edmi a platformami<\/li>\n\n\n\n<li>Odoln\u00e9, lehk\u00e9 a p\u0159enosn\u00e9 pro pou\u017eit\u00ed na cest\u00e1ch<\/li>\n<\/ul>\n\n<p>A\u0165 u\u017e jste kreativn\u00ed profesion\u00e1l, student nebo technick\u00fd nad\u0161enec, univerz\u00e1ln\u00ed kapacitn\u00ed stylus pro GPD je va\u0161\u00edm dokonal\u00fdm spole\u010dn\u00edkem pro p\u0159esnou a snadnou interakci s va\u0161imi za\u0159\u00edzen\u00edmi.<\/p>\n\n<p><strong>Objednejte si ji je\u0161t\u011b dnes a vylep\u0161ete sv\u00e9 digit\u00e1ln\u00ed z\u00e1\u017eitky!<\/strong><\/p>\n\n<hr class=\"wp-block-separator has-alpha-channel-opacity\"\/>\n","protected":false},"excerpt":{"rendered":"<ul>\n<li>Kompatibiln\u00ed se za\u0159\u00edzen\u00edmi <strong>GPD<\/strong>, tablety a chytr\u00fdmi telefony<\/li>\n<li><strong>\u017d\u00e1dn\u00e9 p\u00e1rov\u00e1n\u00ed<\/strong> &#8211; snadn\u00e1 aktivace dvojit\u00fdm poklep\u00e1n\u00edm<\/li>\n<li>Elegantn\u00ed a <strong>ergonomick\u00fd<\/strong> design<\/li>\n<li>P\u0159esn\u00fd v\u00fdkon <strong>bez zpo\u017ed\u011bn\u00ed<\/strong> <\/li>\n<li>Indik\u00e1tor baterie s <strong>nab\u00edjen\u00edm typu C<\/strong><\/li>\n<\/ul>\n[cg_accordion title=\"INFORMACE O PLATB\u011a\"]<\/p>\n<p>Pou\u017e\u00edv\u00e1me nejnov\u011bj\u0161\u00ed technologii zpracov\u00e1n\u00ed plateb, kter\u00e1 v\u00e1m umo\u017en\u00ed prov\u00e9st platbu prost\u0159ednictv\u00edm debetn\u00ed\/kreditn\u00ed karty nebo slu\u017eby PayPal, co\u017e je rychl\u00e9 a bezpe\u010dn\u00e9.[\/cg_accordion]\n[cg_accordion title=\"Z\u00c1RUKA\"]<\/p>\n<p>2 roky z\u00e1ruky od spole\u010dnosti <a href=\"https:\/\/droix.net\/\" target=\"_blank\" rel=\"nofollow noopener\">DROIX Global pro<\/a> v\u00e1\u0161 klid.[\/cg_accordion]\n[cg_accordion title=\"ZAJI\u0160T\u011aN\u00cd KVALITY A P\u0158EDEXPEDI\u010cN\u00cd TESTOV\u00c1N\u00cd\"]<\/p>\n<p>Zaji\u0161t\u011bn\u00ed spokojenosti z\u00e1kazn\u00edk\u016f na nejvy\u0161\u0161\u00ed \u00farovni: P\u0159ed odesl\u00e1n\u00edm proch\u00e1z\u00ed ka\u017ed\u00e9 za\u0159\u00edzen\u00ed p\u0159\u00edsn\u00fdm testov\u00e1n\u00edm a v\u00edcebodovou kontrolou kvality. N\u00e1\u0161 specializovan\u00fd t\u00fdm ov\u011b\u0159uje v\u00fdkon, funk\u010dnost a integritu sou\u010d\u00e1st\u00ed, aby bylo zaru\u010deno, \u017ee va\u0161e za\u0159\u00edzen\u00ed GPD je p\u0159i doru\u010den\u00ed v perfektn\u00edm funk\u010dn\u00edm stavu, co\u017e v\u00e1m poskytne jistotu a klid. [\/cg_accordion]\n[cg_accordion title=\"CENY, DAN\u011a A DOPRAVA\"]<\/p>\n<p><strong><u>Pozn\u00e1mka:<\/u><\/strong><\/p>\n<ul>\n<li>Z\u00e1kazn\u00edci ze Spojen\u00fdch st\u00e1t\u016f: Z\u00e1kazn\u00edci: Zobrazen\u00e1 cena NEZAHRNUJE DAN\u011a ani cla. Odpov\u011bdnost za celn\u00ed odbaven\u00ed a zaplacen\u00ed souvisej\u00edc\u00ed dan\u011b\/celn\u00ed sazby nese z\u00e1kazn\u00edk. <\/li>\n<li>Z\u00e1kazn\u00edci z EU: V zobrazen\u00e9 cen\u011b je zahrnuta p\u0159\u00edslu\u0161n\u00e1 DA\u0147, kter\u00e1 m\u016f\u017ee \u010dinit a\u017e 25 % v z\u00e1vislosti na va\u0161\u00ed zemi.<\/li>\n<li>Z\u00e1kazn\u00edci z Kanady: V z\u00e1vislosti na va\u0161\u00ed provincii m\u016f\u017ee zobrazen\u00e1 cena zahrnovat p\u0159\u00edslu\u0161n\u00e9 dan\u011b, kter\u00e9 mohou zahrnovat 5% GST a dal\u0161\u00ed provin\u010dn\u00ed dan\u011b z prodeje (PST), harmonizovanou da\u0148 z prodeje (HST) nebo quebeckou da\u0148 z prodeje (QST).<\/li>\n<\/ul>\n<p>Pro na\u0161e z\u00e1kazn\u00edky v USA: Objedn\u00e1vky jsou odes\u00edl\u00e1ny DAP (Delivered At Place). Z\u00e1kazn\u00edci jsou sice zodpov\u011bdn\u00ed za \u00fahradu v\u0161ech platn\u00fdch tarif\u016f, ale my \u010derp\u00e1me z na\u0161ich bohat\u00fdch zku\u0161enost\u00ed s p\u0159epravou ze Spojen\u00e9ho kr\u00e1lovstv\u00ed, abychom zajistili, \u017ee zaplat\u00edte co nejmen\u0161\u00ed poplatky. Podle na\u0161ich z\u00e1znam\u016f tyto poplatky obvykle nep\u0159esahuj\u00ed 10 % hodnoty zbo\u017e\u00ed.  <\/p>\n<p><strong>Pouze pro z\u00e1kazn\u00edky z EU:<\/strong> Expresn\u00ed DDP (Delivered Duty Paid). To znamen\u00e1: <\/p>\n<ul>\n<li>Ve\u0161ker\u00e1 cla a dan\u011b jsou zahrnuty v cen\u011b uveden\u00e9 na str\u00e1nce produktu.<\/li>\n<li>P\u0159i doru\u010den\u00ed nemus\u00edte platit \u017e\u00e1dn\u00e9 dal\u0161\u00ed poplatky.<\/li>\n<li>Ve v\u00fdjime\u010dn\u00fdch p\u0159\u00edpadech, kdy se vyskytnou probl\u00e9my souvisej\u00edc\u00ed s celn\u00edm \u0159\u00edzen\u00edm, se n\u00e1\u0161 t\u00fdm postar\u00e1 o celn\u00ed odbaven\u00ed va\u0161\u00edm jm\u00e9nem, aby bylo doru\u010den\u00ed bezprobl\u00e9mov\u00e9.<\/li>\n<p>D\u016fle\u017eit\u00e9 informace o vr\u00e1cen\u00ed zbo\u017e\u00ed:<\/p>\n<li>Pokud se rozhodnete objedn\u00e1vku vr\u00e1tit nebo po\u017e\u00e1dat o vr\u00e1cen\u00ed pen\u011bz, m\u011bjte na pam\u011bti, \u017ee dan\u011b a cla zaplacen\u00e9 za v\u00e1s podle podm\u00ednek DDP nelze vr\u00e1tit.<\/li>\n<p>Podrobn\u00e9 informace naleznete v na\u0161ich <a href=\"https:\/\/droix.net\/terms-and-conditions\/\" target=\"_blank\" rel=\"nofollow noopener\">smluvn\u00edch podm\u00ednk\u00e1ch<\/a>.\n<\/ul>\n<p>[\/cg_accordion]\n[cg_accordion title=\"Z\u00c1KAZNICK\u00c1 PODPORA\"]<\/p>\n<p>M\u00e1te dotaz? V\u00e1\u0161 probl\u00e9m vy\u0159e\u0161\u00edme kr\u00e1tkou textovou zpr\u00e1vou! <\/p>\n<p>Podrobn\u00e9 informace naleznete v na\u0161ich <a href=\"https:\/\/gpdstore.net\/cs\/terms-of-service\/\" target=\"_blank\" rel=\"nofollow noopener\">smluvn\u00edch podm\u00ednk\u00e1ch<\/a>.\n<\/ul>\n<p>[\/cg_accordion]\n[cg_accordion title=\"CO JE SOU\u010c\u00c1ST\u00cd BALEN\u00cd\"]<\/p>\n<ul>\n<li>1x univerz\u00e1ln\u00ed stylus pro GPD<\/li>\n<\/ul>\n<p>[\/cg_accordion]\n","protected":false},"featured_media":1061346,"template":"","meta":{"_acf_changed":false},"product_brand":[],"product_cat":[5402],"product_tag":[15867,6076],"woo-feed-brand":[5478],"class_list":{"0":"post-1059871","1":"product","2":"type-product","3":"status-publish","4":"has-post-thumbnail","6":"product_cat-prislusenstvi","7":"product_tag-15xmsale-cs","8":"product_tag-gpd-wm2-prislusenstvi","9":"product_shipping_class-low-end","10":"pa_accessory-type-stylus-cs","11":"pa_brand-gpd","12":"woo-feed-brand-droix-cs","14":"first","15":"instock","16":"taxable","17":"shipping-taxable","18":"purchasable","19":"product-type-variable","20":"has-default-attributes"},"acf":[],"aioseo_notices":[],"_links":{"self":[{"href":"https:\/\/gpdstore.net\/cs\/wp-json\/wp\/v2\/product\/1059871","targetHints":{"allow":["GET"]}}],"collection":[{"href":"https:\/\/gpdstore.net\/cs\/wp-json\/wp\/v2\/product"}],"about":[{"href":"https:\/\/gpdstore.net\/cs\/wp-json\/wp\/v2\/types\/product"}],"wp:featuredmedia":[{"embeddable":true,"href":"https:\/\/gpdstore.net\/cs\/wp-json\/wp\/v2\/media\/1061346"}],"wp:attachment":[{"href":"https:\/\/gpdstore.net\/cs\/wp-json\/wp\/v2\/media?parent=1059871"}],"wp:term":[{"taxonomy":"product_brand","embeddable":true,"href":"https:\/\/gpdstore.net\/cs\/wp-json\/wp\/v2\/product_brand?post=1059871"},{"taxonomy":"product_cat","embeddable":true,"href":"https:\/\/gpdstore.net\/cs\/wp-json\/wp\/v2\/product_cat?post=1059871"},{"taxonomy":"product_tag","embeddable":true,"href":"https:\/\/gpdstore.net\/cs\/wp-json\/wp\/v2\/product_tag?post=1059871"},{"taxonomy":"woo-feed-brand","embeddable":true,"href":"https:\/\/gpdstore.net\/cs\/wp-json\/wp\/v2\/woo-feed-brand?post=1059871"}],"curies":[{"name":"wp","href":"https:\/\/api.w.org\/{rel}","templated":true}]}}