{"id":102458,"date":"2024-03-18T17:00:25","date_gmt":"2024-03-18T17:00:25","guid":{"rendered":"https:\/\/gpdstore.net\/neza\u0159azen\u00e9\/doplnek-gpd-win-max-2-2024-4g-lte\/"},"modified":"2025-12-23T10:19:37","modified_gmt":"2025-12-23T10:19:37","slug":"gpd-win-max-2-4g-lte-add-on","status":"publish","type":"product","link":"https:\/\/gpdstore.net\/cs\/product\/gpd-win-max-2-4g-lte-add-on\/","title":{"rendered":"Dopln\u011bk GPD WIN MAX 2 \/ 2024 4G LTE"},"content":{"rendered":"\n<p><br\/>P\u0159edstavujeme nejnov\u011bj\u0161\u00ed roz\u0161\u00ed\u0159en\u00ed modulu 4G LTE pro za\u0159\u00edzen\u00ed GPD WIN MAX 2 \/ GPD WIN MAX 2 2024. Toto p\u0159elomov\u00e9 roz\u0161\u00ed\u0159en\u00ed umo\u017e\u0148uje hern\u00edm nad\u0161enc\u016fm odd\u00e1vat se nep\u0159etr\u017eit\u00fdm hern\u00edm maraton\u016fm, a\u0165 jsou kdekoli, d\u00edky bezprobl\u00e9mov\u00e9mu p\u0159ipojen\u00ed 4G a komplexn\u00ed podpo\u0159e oper\u00e1tora. <\/p>\n\n<p>Tento modul 4G LTE, kter\u00fd byl vytvo\u0159en na z\u00e1klad\u011b zp\u011btn\u00e9 vazby od u\u017eivatel\u016f a pe\u010dliv\u011b navr\u017een tak, aby p\u0159ekonal technick\u00e9 p\u0159ek\u00e1\u017eky, umo\u017e\u0148uje p\u0159ipojen\u00ed k s\u00edt\u00edm 4G TD-LTE, FDD-LTE a 3G CDMA a poskytuje v\u00fdkon srovnateln\u00fd s b\u011b\u017en\u00fdmi notebooky. Jeho bezprobl\u00e9mov\u00e1 integrace do \u0159ady WIN Max 2 2024 otev\u00edr\u00e1 oblast slo\u017eit\u00fdch hern\u00edch z\u00e1\u017eitk\u016f, kter\u00e9 byly d\u0159\u00edve mimo dosah p\u0159enosn\u00fdch za\u0159\u00edzen\u00ed. <\/p>\n","protected":false},"excerpt":{"rendered":"<ul>\n<li>Ofici\u00e1ln\u00ed modul GPD WIN MAX 2 2024 LTE<\/li>\n<li>Podpora &#8211; 4G TD-LTE, FDD-LTE, 3G CDMA.<\/li>\n<li>Podpora 4G TD-LTE, FDD-LTE a 3G CDMA<\/li>\n<li>Slot na kartu Nano-SIM pro snadn\u00e9 pou\u017eit\u00ed<\/li>\n<li>Quectel EG25-G Model<\/li>\n<\/ul>\n<pre><b>D\u016eLE\u017dIT\u00c9<\/b>\nINSTALACE VY\u017dADUJE OTEV\u0158EN\u00cd ZA\u0158\u00cdZEN\u00cd\nKOMPONENTY JSOU MAL\u00c9 A CHOULOSTIV\u00c9\nNENESEME ODPOV\u011aDNOST ZA \u0160KODY ZP\u016eSOBEN\u00c9 Z\u00c1KAZN\u00cdK\u016eM<\/pre>\n[cg_accordion title=\"INFORMACE O PLATB\u011a\"]<\/p>\n<p>Pou\u017e\u00edv\u00e1me nejnov\u011bj\u0161\u00ed technologie zpracov\u00e1n\u00ed plateb, kter\u00e9 v\u00e1m umo\u017e\u0148uj\u00ed prov\u00e9st platbu prost\u0159ednictv\u00edm Apple Pay, Google Pay, va\u0161\u00ed debetn\u00ed\/kreditn\u00ed karty, PayPal nebo metod BNPL, jako jsou Klarna, Affirm nebo AfterPay, a zajistit tak rychl\u00e9 a bezpe\u010dn\u00e9 zpracov\u00e1n\u00ed.[\/cg_accordion]\n[cg_accordion title=\"Z\u00c1RUKA\"]<\/p>\n<p>2 roky z\u00e1ruky od spole\u010dnosti <a href=\"https:\/\/droix.net\/\" target=\"_blank\" rel=\"nofollow noopener\">DROIX Global pro<\/a> v\u00e1\u0161 klid.[\/cg_accordion]\n[cg_accordion title=\"CENY, DAN\u011a A DOPRAVA\"]<\/p>\n<p><strong><u>Pozn\u00e1mka:<\/u><\/strong><\/p>\n<ul>\n<li>Z\u00e1kazn\u00edci ze Spojen\u00fdch st\u00e1t\u016f: Z\u00e1kazn\u00edci: Zobrazen\u00e1 cena NEZAHRNUJE DAN\u011a ani cla. Odpov\u011bdnost za celn\u00ed odbaven\u00ed a zaplacen\u00ed souvisej\u00edc\u00ed dan\u011b\/celn\u00ed sazby nese z\u00e1kazn\u00edk. <\/li>\n<li>Z\u00e1kazn\u00edci z EU: V zobrazen\u00e9 cen\u011b je zahrnuta p\u0159\u00edslu\u0161n\u00e1 DA\u0147, kter\u00e1 m\u016f\u017ee \u010dinit a\u017e 25 % v z\u00e1vislosti na va\u0161\u00ed zemi.<\/li>\n<li>Z\u00e1kazn\u00edci z Kanady: V z\u00e1vislosti na va\u0161\u00ed provincii m\u016f\u017ee zobrazen\u00e1 cena zahrnovat p\u0159\u00edslu\u0161n\u00e9 dan\u011b, kter\u00e9 mohou zahrnovat 5% GST a dal\u0161\u00ed provin\u010dn\u00ed dan\u011b z prodeje (PST), harmonizovanou da\u0148 z prodeje (HST) nebo quebeckou da\u0148 z prodeje (QST).<\/li>\n<\/ul>\n<p><strong>Pouze pro z\u00e1kazn\u00edky z EU:<\/strong> Expresn\u00ed DDP (Delivered Duty Paid). To znamen\u00e1: <\/p>\n<ul>\n<li>Ve\u0161ker\u00e1 cla a dan\u011b jsou zahrnuty v cen\u011b uveden\u00e9 na str\u00e1nce produktu.<\/li>\n<li>P\u0159i doru\u010den\u00ed nemus\u00edte platit \u017e\u00e1dn\u00e9 dal\u0161\u00ed poplatky.<\/li>\n<li>Ve v\u00fdjime\u010dn\u00fdch p\u0159\u00edpadech, kdy se vyskytnou probl\u00e9my souvisej\u00edc\u00ed s celn\u00edm \u0159\u00edzen\u00edm, se n\u00e1\u0161 t\u00fdm postar\u00e1 o celn\u00ed odbaven\u00ed va\u0161\u00edm jm\u00e9nem, aby bylo doru\u010den\u00ed bezprobl\u00e9mov\u00e9.<\/li>\n<p>D\u016fle\u017eit\u00e9 informace o vr\u00e1cen\u00ed zbo\u017e\u00ed:<\/p>\n<li>Pokud se rozhodnete objedn\u00e1vku vr\u00e1tit nebo po\u017e\u00e1dat o vr\u00e1cen\u00ed pen\u011bz, m\u011bjte na pam\u011bti, \u017ee dan\u011b a cla zaplacen\u00e9 za v\u00e1s podle podm\u00ednek DDP nelze vr\u00e1tit.<\/li>\n<p>Podrobn\u00e9 informace naleznete v na\u0161ich <a href=\"https:\/\/gpdstore.net\/cs\/terms-of-service\/\" target=\"_blank\" rel=\"nofollow noopener\">smluvn\u00edch podm\u00ednk\u00e1ch<\/a>.\n<\/ul>\n<p>[\/cg_accordion]\n[cg_accordion title=\"Z\u00c1KAZNICK\u00c1 PODPORA\"]<\/p>\n<p>M\u00e1te dotaz? V\u00e1\u0161 probl\u00e9m vy\u0159e\u0161\u00edme kr\u00e1tkou textovou zpr\u00e1vou!<br \/>\n[\/cg_accordion]\n[cg_accordion title=\"CO JE SOU\u010c\u00c1ST\u00cd BALEN\u00cd\"]<\/p>\n<ul>\n<li>1x modul GPD WIN MAX 2 LTE<\/li>\n<\/ul>\n<p>[\/cg_accordion]\n","protected":false},"featured_media":102712,"template":"","meta":{"_acf_changed":false},"product_brand":[],"product_cat":[5402],"product_tag":[15838,6076],"woo-feed-brand":[5594],"class_list":{"0":"post-102458","1":"product","2":"type-product","3":"status-publish","4":"has-post-thumbnail","6":"product_cat-prislusenstvi","7":"product_tag-20xmsale-cs-2","8":"product_tag-gpd-wm2-prislusenstvi","9":"product_shipping_class-low-end","10":"pa_accessory-type-doplnky","11":"pa_brand-gpd","12":"woo-feed-brand-gpd-cs","14":"first","15":"outofstock","16":"sale","17":"taxable","18":"shipping-taxable","19":"purchasable","20":"product-type-simple"},"acf":[],"aioseo_notices":[],"_links":{"self":[{"href":"https:\/\/gpdstore.net\/cs\/wp-json\/wp\/v2\/product\/102458","targetHints":{"allow":["GET"]}}],"collection":[{"href":"https:\/\/gpdstore.net\/cs\/wp-json\/wp\/v2\/product"}],"about":[{"href":"https:\/\/gpdstore.net\/cs\/wp-json\/wp\/v2\/types\/product"}],"wp:featuredmedia":[{"embeddable":true,"href":"https:\/\/gpdstore.net\/cs\/wp-json\/wp\/v2\/media\/102712"}],"wp:attachment":[{"href":"https:\/\/gpdstore.net\/cs\/wp-json\/wp\/v2\/media?parent=102458"}],"wp:term":[{"taxonomy":"product_brand","embeddable":true,"href":"https:\/\/gpdstore.net\/cs\/wp-json\/wp\/v2\/product_brand?post=102458"},{"taxonomy":"product_cat","embeddable":true,"href":"https:\/\/gpdstore.net\/cs\/wp-json\/wp\/v2\/product_cat?post=102458"},{"taxonomy":"product_tag","embeddable":true,"href":"https:\/\/gpdstore.net\/cs\/wp-json\/wp\/v2\/product_tag?post=102458"},{"taxonomy":"woo-feed-brand","embeddable":true,"href":"https:\/\/gpdstore.net\/cs\/wp-json\/wp\/v2\/woo-feed-brand?post=102458"}],"curies":[{"name":"wp","href":"https:\/\/api.w.org\/{rel}","templated":true}]}}