{"id":808300,"date":"2024-11-19T15:05:51","date_gmt":"2024-11-19T15:05:51","guid":{"rendered":"https:\/\/gpdstore.net\/znalostni-baze\/"},"modified":"2024-11-29T18:40:10","modified_gmt":"2024-11-29T18:40:10","slug":"znalostni-baze","status":"publish","type":"page","link":"https:\/\/gpdstore.net\/cs\/znalostni-baze\/","title":{"rendered":"Znalostn\u00ed b\u00e1ze"},"content":{"rendered":"\t\t<div data-elementor-type=\"wp-page\" data-elementor-id=\"808300\" class=\"elementor elementor-808300 elementor-808169\" data-elementor-settings=\"{&quot;element_pack_global_tooltip_width&quot;:{&quot;unit&quot;:&quot;px&quot;,&quot;size&quot;:&quot;&quot;,&quot;sizes&quot;:[]},&quot;element_pack_global_tooltip_width_tablet&quot;:{&quot;unit&quot;:&quot;px&quot;,&quot;size&quot;:&quot;&quot;,&quot;sizes&quot;:[]},&quot;element_pack_global_tooltip_width_mobile&quot;:{&quot;unit&quot;:&quot;px&quot;,&quot;size&quot;:&quot;&quot;,&quot;sizes&quot;:[]},&quot;element_pack_global_tooltip_padding&quot;:{&quot;unit&quot;:&quot;px&quot;,&quot;top&quot;:&quot;&quot;,&quot;right&quot;:&quot;&quot;,&quot;bottom&quot;:&quot;&quot;,&quot;left&quot;:&quot;&quot;,&quot;isLinked&quot;:true},&quot;element_pack_global_tooltip_padding_tablet&quot;:{&quot;unit&quot;:&quot;px&quot;,&quot;top&quot;:&quot;&quot;,&quot;right&quot;:&quot;&quot;,&quot;bottom&quot;:&quot;&quot;,&quot;left&quot;:&quot;&quot;,&quot;isLinked&quot;:true},&quot;element_pack_global_tooltip_padding_mobile&quot;:{&quot;unit&quot;:&quot;px&quot;,&quot;top&quot;:&quot;&quot;,&quot;right&quot;:&quot;&quot;,&quot;bottom&quot;:&quot;&quot;,&quot;left&quot;:&quot;&quot;,&quot;isLinked&quot;:true},&quot;element_pack_global_tooltip_border_radius&quot;:{&quot;unit&quot;:&quot;px&quot;,&quot;top&quot;:&quot;&quot;,&quot;right&quot;:&quot;&quot;,&quot;bottom&quot;:&quot;&quot;,&quot;left&quot;:&quot;&quot;,&quot;isLinked&quot;:true},&quot;element_pack_global_tooltip_border_radius_tablet&quot;:{&quot;unit&quot;:&quot;px&quot;,&quot;top&quot;:&quot;&quot;,&quot;right&quot;:&quot;&quot;,&quot;bottom&quot;:&quot;&quot;,&quot;left&quot;:&quot;&quot;,&quot;isLinked&quot;:true},&quot;element_pack_global_tooltip_border_radius_mobile&quot;:{&quot;unit&quot;:&quot;px&quot;,&quot;top&quot;:&quot;&quot;,&quot;right&quot;:&quot;&quot;,&quot;bottom&quot;:&quot;&quot;,&quot;left&quot;:&quot;&quot;,&quot;isLinked&quot;:true}}\" data-elementor-post-type=\"page\">\n\t\t\t\t\t\t<section class=\"elementor-section elementor-top-section elementor-element elementor-element-8e9f53a elementor-section-full_width elementor-section-height-default elementor-section-height-default\" data-id=\"8e9f53a\" data-element_type=\"section\">\n\t\t\t\t\t\t<div class=\"elementor-container elementor-column-gap-default\">\n\t\t\t\t\t<div class=\"elementor-column elementor-col-66 elementor-top-column elementor-element elementor-element-76cc777\" data-id=\"76cc777\" data-element_type=\"column\">\n\t\t\t<div class=\"elementor-widget-wrap elementor-element-populated\">\n\t\t\t\t\t\t<div class=\"elementor-element elementor-element-d949eb0 elementor-widget elementor-widget-betterdocs-search-form\" data-id=\"d949eb0\" data-element_type=\"widget\" data-widget_type=\"betterdocs-search-form.default\">\n\t\t\t\t\t<div class=\"betterdocs-search-modal-layout-1\" id=\"betterdocs-search-modal\" data-placeholder=\"Vyhled\u00e1v\u00e1n\u00ed\" data-headingtag=\"h1\" data-subheadingtag=\"p\" data-buttontext=\"Search\" data-numberofdocs=\"5\" data-numberoffaqs=\"5\" data-enable_faq_search=\"1\" data-enable_docs_search=\"1\" data-searchbutton=\"1\"><\/div>\t\t\t\t<\/div>\n\t\t\t\t\t<\/div>\n\t\t<\/div>\n\t\t\t\t<div class=\"elementor-column elementor-col-33 elementor-top-column elementor-element elementor-element-4daa003\" data-id=\"4daa003\" data-element_type=\"column\">\n\t\t\t<div class=\"elementor-widget-wrap elementor-element-populated\">\n\t\t\t\t\t\t<div class=\"elementor-element elementor-element-05bb09e elementor-widget elementor-widget-betterdocs-popular-view\" data-id=\"05bb09e\" data-element_type=\"widget\" data-widget_type=\"betterdocs-popular-view.default\">\n\t\t\t\t\t<aside\n    class=\"betterdocs-popular-articles-wrapper single-kb betterdocs-elementor\">\n    <h2 class=\"betterdocs-popular-articles-heading\">Popular Docs<\/h2>\n<ul class=\"betterdocs-articles-list\">\n\t<li><svg version=\"1.1\" id=\"Layer_1\" xmlns=\"http:\/\/www.w3.org\/2000\/svg\" xmlns:xlink=\"http:\/\/www.w3.org\/1999\/xlink\" x=\"0px\" y=\"0px\"\n\t viewBox=\"0 0 100 100\" style=\"enable-background:new 0 0 100 100;\" xml:space=\"preserve\">\n<g id=\"Icon\">\n\t<path class=\"st0\" d=\"M90.6,87c0,3.4-1.3,6.6-3.7,9c-2.4,2.4-5.6,3.7-9,3.7H22.5c-3.4,0-6.6-1.3-9-3.7c-2.4-2.4-3.7-5.6-3.7-9V13.1\n\t\tc0-3.4,1.3-6.6,3.7-9c2.4-2.4,5.6-3.7,9-3.7h39.7c2.1,0,4.2,0.8,5.7,2.4l20.4,20.4c1.5,1.5,2.4,3.6,2.4,5.7V87z M83.7,87V28.9\n\t\tc0-0.3-0.1-0.6-0.3-0.8L62.9,7.7c-0.2-0.2-0.5-0.3-0.8-0.3H22.5c-1.5,0-3,0.6-4.1,1.7c-1.1,1.1-1.7,2.5-1.7,4.1V87\n\t\tc0,1.5,0.6,3,1.7,4.1c1.1,1.1,2.5,1.7,4.1,1.7h55.4c1.5,0,3-0.6,4.1-1.7C83.1,90,83.7,88.6,83.7,87z\"\/>\n\t<path class=\"st0\" d=\"M60.6,6.2c0-1.9,1.6-3.5,3.5-3.5s3.5,1.6,3.5,3.5v16.2c0,0.6,0.5,1.2,1.2,1.2h16.2c1.9,0,3.5,1.6,3.5,3.5\n\t\ts-1.6,3.5-3.5,3.5H68.7c-4.5,0-8.1-3.6-8.1-8.1V6.2z\"\/>\n\t<path class=\"st0\" d=\"M31.7,46.6c-1.9,0-3.5-1.6-3.5-3.5c0-1.9,1.6-3.5,3.5-3.5h36.9c1.9,0,3.5,1.6,3.5,3.5c0,1.9-1.6,3.5-3.5,3.5\n\t\tH31.7z\"\/>\n\t<path class=\"st0\" d=\"M31.7,62.8c-1.9,0-3.5-1.6-3.5-3.5c0-1.9,1.6-3.5,3.5-3.5h36.9c1.9,0,3.5,1.6,3.5,3.5c0,1.9-1.6,3.5-3.5,3.5\n\t\tH31.7z\"\/>\n\t<path class=\"st0\" d=\"M31.7,79c-1.9,0-3.5-1.6-3.5-3.5c0-1.9,1.6-3.5,3.5-3.5h20.8c1.9,0,3.5,1.6,3.5,3.5c0,1.9-1.6,3.5-3.5,3.5\n\t\tH31.7z\"\/>\n<\/g>\n<\/svg>\n<a href=\"https:\/\/gpdstore.net\/cs\/kb\/gpd-pocket-4-support-hub-cs-2\/kb-article\/zaciname-s-gpd-pocket-4\/\"><span>Za\u010d\u00edn\u00e1me s GPD Pocket 4<\/span> <\/a><\/li><li><svg version=\"1.1\" id=\"Layer_1\" xmlns=\"http:\/\/www.w3.org\/2000\/svg\" xmlns:xlink=\"http:\/\/www.w3.org\/1999\/xlink\" x=\"0px\" y=\"0px\"\n\t viewBox=\"0 0 100 100\" style=\"enable-background:new 0 0 100 100;\" xml:space=\"preserve\">\n<g id=\"Icon\">\n\t<path class=\"st0\" d=\"M90.6,87c0,3.4-1.3,6.6-3.7,9c-2.4,2.4-5.6,3.7-9,3.7H22.5c-3.4,0-6.6-1.3-9-3.7c-2.4-2.4-3.7-5.6-3.7-9V13.1\n\t\tc0-3.4,1.3-6.6,3.7-9c2.4-2.4,5.6-3.7,9-3.7h39.7c2.1,0,4.2,0.8,5.7,2.4l20.4,20.4c1.5,1.5,2.4,3.6,2.4,5.7V87z M83.7,87V28.9\n\t\tc0-0.3-0.1-0.6-0.3-0.8L62.9,7.7c-0.2-0.2-0.5-0.3-0.8-0.3H22.5c-1.5,0-3,0.6-4.1,1.7c-1.1,1.1-1.7,2.5-1.7,4.1V87\n\t\tc0,1.5,0.6,3,1.7,4.1c1.1,1.1,2.5,1.7,4.1,1.7h55.4c1.5,0,3-0.6,4.1-1.7C83.1,90,83.7,88.6,83.7,87z\"\/>\n\t<path class=\"st0\" d=\"M60.6,6.2c0-1.9,1.6-3.5,3.5-3.5s3.5,1.6,3.5,3.5v16.2c0,0.6,0.5,1.2,1.2,1.2h16.2c1.9,0,3.5,1.6,3.5,3.5\n\t\ts-1.6,3.5-3.5,3.5H68.7c-4.5,0-8.1-3.6-8.1-8.1V6.2z\"\/>\n\t<path class=\"st0\" d=\"M31.7,46.6c-1.9,0-3.5-1.6-3.5-3.5c0-1.9,1.6-3.5,3.5-3.5h36.9c1.9,0,3.5,1.6,3.5,3.5c0,1.9-1.6,3.5-3.5,3.5\n\t\tH31.7z\"\/>\n\t<path class=\"st0\" d=\"M31.7,62.8c-1.9,0-3.5-1.6-3.5-3.5c0-1.9,1.6-3.5,3.5-3.5h36.9c1.9,0,3.5,1.6,3.5,3.5c0,1.9-1.6,3.5-3.5,3.5\n\t\tH31.7z\"\/>\n\t<path class=\"st0\" d=\"M31.7,79c-1.9,0-3.5-1.6-3.5-3.5c0-1.9,1.6-3.5,3.5-3.5h20.8c1.9,0,3.5,1.6,3.5,3.5c0,1.9-1.6,3.5-3.5,3.5\n\t\tH31.7z\"\/>\n<\/g>\n<\/svg>\n<a href=\"https:\/\/gpdstore.net\/cs\/kb\/software-guides-cs\/kb-article\/jak-odinstalovat-a-nainstalovat-ovladace-grafiky-amd\/\"><span>Jak odinstalovat a nainstalovat ovlada\u010de grafiky AMD<\/span> <\/a><\/li><li><svg version=\"1.1\" id=\"Layer_1\" xmlns=\"http:\/\/www.w3.org\/2000\/svg\" xmlns:xlink=\"http:\/\/www.w3.org\/1999\/xlink\" x=\"0px\" y=\"0px\"\n\t viewBox=\"0 0 100 100\" style=\"enable-background:new 0 0 100 100;\" xml:space=\"preserve\">\n<g id=\"Icon\">\n\t<path class=\"st0\" d=\"M90.6,87c0,3.4-1.3,6.6-3.7,9c-2.4,2.4-5.6,3.7-9,3.7H22.5c-3.4,0-6.6-1.3-9-3.7c-2.4-2.4-3.7-5.6-3.7-9V13.1\n\t\tc0-3.4,1.3-6.6,3.7-9c2.4-2.4,5.6-3.7,9-3.7h39.7c2.1,0,4.2,0.8,5.7,2.4l20.4,20.4c1.5,1.5,2.4,3.6,2.4,5.7V87z M83.7,87V28.9\n\t\tc0-0.3-0.1-0.6-0.3-0.8L62.9,7.7c-0.2-0.2-0.5-0.3-0.8-0.3H22.5c-1.5,0-3,0.6-4.1,1.7c-1.1,1.1-1.7,2.5-1.7,4.1V87\n\t\tc0,1.5,0.6,3,1.7,4.1c1.1,1.1,2.5,1.7,4.1,1.7h55.4c1.5,0,3-0.6,4.1-1.7C83.1,90,83.7,88.6,83.7,87z\"\/>\n\t<path class=\"st0\" d=\"M60.6,6.2c0-1.9,1.6-3.5,3.5-3.5s3.5,1.6,3.5,3.5v16.2c0,0.6,0.5,1.2,1.2,1.2h16.2c1.9,0,3.5,1.6,3.5,3.5\n\t\ts-1.6,3.5-3.5,3.5H68.7c-4.5,0-8.1-3.6-8.1-8.1V6.2z\"\/>\n\t<path class=\"st0\" d=\"M31.7,46.6c-1.9,0-3.5-1.6-3.5-3.5c0-1.9,1.6-3.5,3.5-3.5h36.9c1.9,0,3.5,1.6,3.5,3.5c0,1.9-1.6,3.5-3.5,3.5\n\t\tH31.7z\"\/>\n\t<path class=\"st0\" d=\"M31.7,62.8c-1.9,0-3.5-1.6-3.5-3.5c0-1.9,1.6-3.5,3.5-3.5h36.9c1.9,0,3.5,1.6,3.5,3.5c0,1.9-1.6,3.5-3.5,3.5\n\t\tH31.7z\"\/>\n\t<path class=\"st0\" d=\"M31.7,79c-1.9,0-3.5-1.6-3.5-3.5c0-1.9,1.6-3.5,3.5-3.5h20.8c1.9,0,3.5,1.6,3.5,3.5c0,1.9-1.6,3.5-3.5,3.5\n\t\tH31.7z\"\/>\n<\/g>\n<\/svg>\n<a href=\"https:\/\/gpdstore.net\/cs\/kb\/accessories-support-hub-cs\/kb-article\/zaciname-s-156-prenosnym-monitorem-4k\/\"><span>Za\u010d\u00edn\u00e1me s 15,6&#8243; p\u0159enosn\u00fdm monitorem 4K<\/span> <\/a><\/li><li><svg version=\"1.1\" id=\"Layer_1\" xmlns=\"http:\/\/www.w3.org\/2000\/svg\" xmlns:xlink=\"http:\/\/www.w3.org\/1999\/xlink\" x=\"0px\" y=\"0px\"\n\t viewBox=\"0 0 100 100\" style=\"enable-background:new 0 0 100 100;\" xml:space=\"preserve\">\n<g id=\"Icon\">\n\t<path class=\"st0\" d=\"M90.6,87c0,3.4-1.3,6.6-3.7,9c-2.4,2.4-5.6,3.7-9,3.7H22.5c-3.4,0-6.6-1.3-9-3.7c-2.4-2.4-3.7-5.6-3.7-9V13.1\n\t\tc0-3.4,1.3-6.6,3.7-9c2.4-2.4,5.6-3.7,9-3.7h39.7c2.1,0,4.2,0.8,5.7,2.4l20.4,20.4c1.5,1.5,2.4,3.6,2.4,5.7V87z M83.7,87V28.9\n\t\tc0-0.3-0.1-0.6-0.3-0.8L62.9,7.7c-0.2-0.2-0.5-0.3-0.8-0.3H22.5c-1.5,0-3,0.6-4.1,1.7c-1.1,1.1-1.7,2.5-1.7,4.1V87\n\t\tc0,1.5,0.6,3,1.7,4.1c1.1,1.1,2.5,1.7,4.1,1.7h55.4c1.5,0,3-0.6,4.1-1.7C83.1,90,83.7,88.6,83.7,87z\"\/>\n\t<path class=\"st0\" d=\"M60.6,6.2c0-1.9,1.6-3.5,3.5-3.5s3.5,1.6,3.5,3.5v16.2c0,0.6,0.5,1.2,1.2,1.2h16.2c1.9,0,3.5,1.6,3.5,3.5\n\t\ts-1.6,3.5-3.5,3.5H68.7c-4.5,0-8.1-3.6-8.1-8.1V6.2z\"\/>\n\t<path class=\"st0\" d=\"M31.7,46.6c-1.9,0-3.5-1.6-3.5-3.5c0-1.9,1.6-3.5,3.5-3.5h36.9c1.9,0,3.5,1.6,3.5,3.5c0,1.9-1.6,3.5-3.5,3.5\n\t\tH31.7z\"\/>\n\t<path class=\"st0\" d=\"M31.7,62.8c-1.9,0-3.5-1.6-3.5-3.5c0-1.9,1.6-3.5,3.5-3.5h36.9c1.9,0,3.5,1.6,3.5,3.5c0,1.9-1.6,3.5-3.5,3.5\n\t\tH31.7z\"\/>\n\t<path class=\"st0\" d=\"M31.7,79c-1.9,0-3.5-1.6-3.5-3.5c0-1.9,1.6-3.5,3.5-3.5h20.8c1.9,0,3.5,1.6,3.5,3.5c0,1.9-1.6,3.5-3.5,3.5\n\t\tH31.7z\"\/>\n<\/g>\n<\/svg>\n<a href=\"https:\/\/gpdstore.net\/cs\/kb\/gpd-duo\/kb-article\/selling-your-gpdstore-purchase-heres-how-to-transfer-the-warranty\/\"><span>Prod\u00e1v\u00e1te sv\u016fj n\u00e1kup v GPDSTORE? Zde je n\u00e1vod, jak p\u0159ev\u00e9st z\u00e1ruku<\/span> <\/a><\/li><\/ul>\n<\/aside>\n\t\t\t\t<\/div>\n\t\t\t\t\t<\/div>\n\t\t<\/div>\n\t\t\t\t\t<\/div>\n\t\t<\/section>\n\t\t\t\t<section class=\"elementor-section elementor-top-section elementor-element elementor-element-0dc95fc elementor-section-full_width elementor-section-height-default elementor-section-height-default\" data-id=\"0dc95fc\" data-element_type=\"section\">\n\t\t\t\t\t\t<div class=\"elementor-container elementor-column-gap-default\">\n\t\t\t\t\t<div class=\"elementor-column elementor-col-100 elementor-top-column elementor-element elementor-element-ff331be\" data-id=\"ff331be\" data-element_type=\"column\">\n\t\t\t<div class=\"elementor-widget-wrap elementor-element-populated\">\n\t\t\t\t\t\t<div class=\"elementor-element elementor-element-afd5bbe elementor-widget elementor-widget-betterdocs-category-box\" data-id=\"afd5bbe\" data-element_type=\"widget\" data-widget_type=\"betterdocs-category-box.default\">\n\t\t\t\t\t\n<div\n\tid=\"el-betterdocs-cat-box-afd5bbe\" class=\"betterdocs-category-box-wrapper betterdocs-category-box-folder-wrapper el-layout-4 betterdocs-elementor\">\n\t<div\n\t\tclass=\"betterdocs-category-box-inner-wrapper betterdocs-categories-folder layout-4 docs-col-2\" style=\"--column: 2;--count: 8;--reminder: 0;\">\n\t\t\n<a\n\thref=\"https:\/\/gpdstore.net\/cs\/kb-category\/accessories-support-hub-cs\/\" data-id=\"13841\" class=\"category-box category-accessories-support-hub-cs layout-4\">\n\t<div class=\"betterdocs-single-category-inner\">\n\t\t\n<div class=\"betterdocs-category-header\">\n\t<div class=\"betterdocs-category-header-inner\">\n\t\t\n<div class=\"betterdocs-category-icon\">\n\t<span class=\"betterdocs-folder-icon toggle-arrow arrow-right\">\n    <svg width=\"21\" height=\"20\" viewBox=\"0 0 21 20\" fill=\"none\" xmlns=\"http:\/\/www.w3.org\/2000\/svg\">\n    <mask id=\"mask0_7203_1520\" style=\"mask-type:alpha\" maskUnits=\"userSpaceOnUse\" x=\"0\" y=\"0\" width=\"21\" height=\"20\">\n    <rect x=\"0.5\" width=\"20\" height=\"20\" fill=\"#C4C4C4\"\/>\n    <\/mask>\n    <g mask=\"url(#mask0_7203_1520)\">\n    <path d=\"M3.83341 16.6673C3.37508 16.6673 2.98272 16.5041 2.65633 16.1777C2.32994 15.8513 2.16675 15.459 2.16675 15.0007V5.00065C2.16675 4.54232 2.32994 4.14996 2.65633 3.82357C2.98272 3.49718 3.37508 3.33398 3.83341 3.33398H8.14591C8.36814 3.33398 8.57994 3.37565 8.78133 3.45898C8.98272 3.54232 9.1598 3.66037 9.31258 3.81315L10.5001 5.00065H17.1667C17.6251 5.00065 18.0174 5.16385 18.3438 5.49023C18.6702 5.81662 18.8334 6.20898 18.8334 6.66732V15.0007C18.8334 15.459 18.6702 15.8513 18.3438 16.1777C18.0174 16.5041 17.6251 16.6673 17.1667 16.6673H3.83341Z\" fill=\"#C4C4C4\"\/>\n    <\/g>\n    <\/svg>\n<\/span>\n<\/div>\n<div class=\"betterdocs-dynamic-wrapper betterdocs-category-title-counts\"><h2 class=\"betterdocs-category-title\">Accessories<\/h2>\n<div data-count=\"5\" class=\"betterdocs-sub-category-items-counts\">\n\t\t<span>\n\t\t 5 Docs\t<\/span>\n<\/div>\n<p class=\"betterdocs-last-update\">\n\tLast Updated: 30 prosince, 2024<\/p>\n\n<\/div>\t<\/div>\n<\/div>\n\t<\/div>\n<\/a>\n\n<a\n\thref=\"https:\/\/gpdstore.net\/cs\/kb-category\/faq-cs\/\" data-id=\"13865\" class=\"category-box category-faq-cs layout-4 no-border-right\">\n\t<div class=\"betterdocs-single-category-inner\">\n\t\t\n<div class=\"betterdocs-category-header\">\n\t<div class=\"betterdocs-category-header-inner\">\n\t\t\n<div class=\"betterdocs-category-icon\">\n\t<span class=\"betterdocs-folder-icon toggle-arrow arrow-right\">\n    <svg width=\"21\" height=\"20\" viewBox=\"0 0 21 20\" fill=\"none\" xmlns=\"http:\/\/www.w3.org\/2000\/svg\">\n    <mask id=\"mask0_7203_1520\" style=\"mask-type:alpha\" maskUnits=\"userSpaceOnUse\" x=\"0\" y=\"0\" width=\"21\" height=\"20\">\n    <rect x=\"0.5\" width=\"20\" height=\"20\" fill=\"#C4C4C4\"\/>\n    <\/mask>\n    <g mask=\"url(#mask0_7203_1520)\">\n    <path d=\"M3.83341 16.6673C3.37508 16.6673 2.98272 16.5041 2.65633 16.1777C2.32994 15.8513 2.16675 15.459 2.16675 15.0007V5.00065C2.16675 4.54232 2.32994 4.14996 2.65633 3.82357C2.98272 3.49718 3.37508 3.33398 3.83341 3.33398H8.14591C8.36814 3.33398 8.57994 3.37565 8.78133 3.45898C8.98272 3.54232 9.1598 3.66037 9.31258 3.81315L10.5001 5.00065H17.1667C17.6251 5.00065 18.0174 5.16385 18.3438 5.49023C18.6702 5.81662 18.8334 6.20898 18.8334 6.66732V15.0007C18.8334 15.459 18.6702 15.8513 18.3438 16.1777C18.0174 16.5041 17.6251 16.6673 17.1667 16.6673H3.83341Z\" fill=\"#C4C4C4\"\/>\n    <\/g>\n    <\/svg>\n<\/span>\n<\/div>\n<div class=\"betterdocs-dynamic-wrapper betterdocs-category-title-counts\"><h2 class=\"betterdocs-category-title\">\u010cASTO KLADEN\u00c9 DOTAZY<\/h2>\n<div data-count=\"9\" class=\"betterdocs-sub-category-items-counts\">\n\t\t<span>\n\t\t 9 Docs\t<\/span>\n<\/div>\n<p class=\"betterdocs-last-update\">\n\tLast Updated: 8 \u0159\u00edjna, 2025<\/p>\n\n<\/div>\t<\/div>\n<\/div>\n\t<\/div>\n<\/a>\n\n<a\n\thref=\"https:\/\/gpdstore.net\/cs\/kb-category\/gpd-duo\/\" data-id=\"11095\" class=\"category-box category-gpd-duo layout-4\">\n\t<div class=\"betterdocs-single-category-inner\">\n\t\t\n<div class=\"betterdocs-category-header\">\n\t<div class=\"betterdocs-category-header-inner\">\n\t\t\n<div class=\"betterdocs-category-icon\">\n\t<span class=\"betterdocs-folder-icon\"><img decoding=\"async\" alt=\"GPD DUO dual-screen laptop in open position. Top screen displays Windows 11 desktop with blue floral wallpaper and start menu. Bottom screen shows Adobe Photoshop interface with &#039;DroiK&#039; logo being edited. The device features a 360-degree hinge, allowing for various usage modes. The laptop has a compact form factor typical of GPD devices, designed for portability and productivity\" class=\"betterdocs-category-folder-img\" src=\"https:\/\/gpdstore.net\/wp-content\/uploads\/2024\/07\/GPD-DUO-LISTING-DONE-01-150x150.png\" \/><\/span><\/div>\n<div class=\"betterdocs-dynamic-wrapper betterdocs-category-title-counts\"><h2 class=\"betterdocs-category-title\">GPD DUO<\/h2>\n<div data-count=\"13\" class=\"betterdocs-sub-category-items-counts\">\n\t\t<span>\n\t\t 13 Docs\t<\/span>\n<\/div>\n<p class=\"betterdocs-last-update\">\n\tLast Updated: 31 b\u0159ezna, 2026<\/p>\n\n<\/div>\t<\/div>\n<\/div>\n\t<\/div>\n<\/a>\n\n<a\n\thref=\"https:\/\/gpdstore.net\/cs\/kb-category\/gpd-g1-support-hub-cs\/\" data-id=\"13888\" class=\"category-box category-gpd-g1-support-hub-cs layout-4 no-border-right\">\n\t<div class=\"betterdocs-single-category-inner\">\n\t\t\n<div class=\"betterdocs-category-header\">\n\t<div class=\"betterdocs-category-header-inner\">\n\t\t\n<div class=\"betterdocs-category-icon\">\n\t<span class=\"betterdocs-folder-icon\"><img decoding=\"async\" alt=\"Front view of the GPD G1 2024, a sleek handheld gaming device featuring a vibrant display, ergonomic controls, and a modern design.\" class=\"betterdocs-category-folder-img\" src=\"https:\/\/gpdstore.net\/wp-content\/uploads\/2023\/11\/GPD-G1_2024-LISTING_DONE-IMAGE-1-150x150.png\" \/><\/span><\/div>\n<div class=\"betterdocs-dynamic-wrapper betterdocs-category-title-counts\"><h2 class=\"betterdocs-category-title\">GPD G1 2023, 2024<\/h2>\n<div data-count=\"6\" class=\"betterdocs-sub-category-items-counts\">\n\t\t<span>\n\t\t 6 Docs\t<\/span>\n<\/div>\n<p class=\"betterdocs-last-update\">\n\tLast Updated: 23 \u0159\u00edjna, 2025<\/p>\n\n<\/div>\t<\/div>\n<\/div>\n\t<\/div>\n<\/a>\n\n<a\n\thref=\"https:\/\/gpdstore.net\/cs\/kb-category\/gpd-micropc-2-cs\/\" data-id=\"19295\" class=\"category-box category-gpd-micropc-2-cs layout-4\">\n\t<div class=\"betterdocs-single-category-inner\">\n\t\t\n<div class=\"betterdocs-category-header\">\n\t<div class=\"betterdocs-category-header-inner\">\n\t\t\n<div class=\"betterdocs-category-icon\">\n\t<span class=\"betterdocs-folder-icon\"><img decoding=\"async\" alt=\"GPD MicroPC 2\" class=\"betterdocs-category-folder-img\" src=\"https:\/\/gpdstore.net\/wp-content\/uploads\/2025\/07\/GPD-MicroPC-2-150x150.png\" \/><\/span><\/div>\n<div class=\"betterdocs-dynamic-wrapper betterdocs-category-title-counts\"><h2 class=\"betterdocs-category-title\">GPD MicroPC 2<\/h2>\n<div data-count=\"9\" class=\"betterdocs-sub-category-items-counts\">\n\t\t<span>\n\t\t 9 Docs\t<\/span>\n<\/div>\n<p class=\"betterdocs-last-update\">\n\tLast Updated: 31 b\u0159ezna, 2026<\/p>\n\n<\/div>\t<\/div>\n<\/div>\n\t<\/div>\n<\/a>\n\n<a\n\thref=\"https:\/\/gpdstore.net\/cs\/kb-category\/gpd-p2-max-support-hub-cs\/\" data-id=\"13911\" class=\"category-box category-gpd-p2-max-support-hub-cs layout-4 no-border-right\">\n\t<div class=\"betterdocs-single-category-inner\">\n\t\t\n<div class=\"betterdocs-category-header\">\n\t<div class=\"betterdocs-category-header-inner\">\n\t\t\n<div class=\"betterdocs-category-icon\">\n\t<span class=\"betterdocs-folder-icon\"><img decoding=\"async\" alt=\"Small, portable laptop with a sleek design, featuring a compact keyboard and a screen displaying spreadsheets and a presentation. The device has a modern, metallic finish and a thin, lightweight form factor, ideal for on-the-go productivity\" class=\"betterdocs-category-folder-img\" src=\"https:\/\/gpdstore.net\/wp-content\/uploads\/2024\/08\/GPD-P2-MAX-2022-LISTING-IMAGE-1-768x768-1-150x150.webp\" \/><\/span><\/div>\n<div class=\"betterdocs-dynamic-wrapper betterdocs-category-title-counts\"><h2 class=\"betterdocs-category-title\">GPD P2 Max<\/h2>\n<div data-count=\"4\" class=\"betterdocs-sub-category-items-counts\">\n\t\t<span>\n\t\t 4 Docs\t<\/span>\n<\/div>\n<p class=\"betterdocs-last-update\">\n\tLast Updated: 31 b\u0159ezna, 2026<\/p>\n\n<\/div>\t<\/div>\n<\/div>\n\t<\/div>\n<\/a>\n\n<a\n\thref=\"https:\/\/gpdstore.net\/cs\/kb-category\/gpd-pocket-3-support-hub-cs\/\" data-id=\"13937\" class=\"category-box category-gpd-pocket-3-support-hub-cs layout-4 no-border-bottom\">\n\t<div class=\"betterdocs-single-category-inner\">\n\t\t\n<div class=\"betterdocs-category-header\">\n\t<div class=\"betterdocs-category-header-inner\">\n\t\t\n<div class=\"betterdocs-category-icon\">\n\t<span class=\"betterdocs-folder-icon\"><img decoding=\"async\" alt=\"GPD Pocket 3 Ultrabook for Professionals shown from the front\" class=\"betterdocs-category-folder-img\" src=\"https:\/\/gpdstore.net\/wp-content\/uploads\/2023\/03\/GPD-POCKET-3-LISTING-IMAGE-1-150x150.png\" \/><\/span><\/div>\n<div class=\"betterdocs-dynamic-wrapper betterdocs-category-title-counts\"><h2 class=\"betterdocs-category-title\">GPD Pocket 3<\/h2>\n<div data-count=\"8\" class=\"betterdocs-sub-category-items-counts\">\n\t\t<span>\n\t\t 8 Docs\t<\/span>\n<\/div>\n<p class=\"betterdocs-last-update\">\n\tLast Updated: 31 b\u0159ezna, 2026<\/p>\n\n<\/div>\t<\/div>\n<\/div>\n\t<\/div>\n<\/a>\n\n<a\n\thref=\"https:\/\/gpdstore.net\/cs\/kb-category\/gpd-pocket-4-support-hub-cs-2\/\" data-id=\"14040\" class=\"category-box category-gpd-pocket-4-support-hub-cs-2 layout-4 no-border-right no-border-bottom\">\n\t<div class=\"betterdocs-single-category-inner\">\n\t\t\n<div class=\"betterdocs-category-header\">\n\t<div class=\"betterdocs-category-header-inner\">\n\t\t\n<div class=\"betterdocs-category-icon\">\n\t<span class=\"betterdocs-folder-icon\"><img decoding=\"async\" alt=\"Images showing the GPD Pocket 4\" class=\"betterdocs-category-folder-img\" src=\"https:\/\/gpdstore.net\/wp-content\/uploads\/2024\/09\/GPD-POCKET-4-LISTING-ORIGINAL-02-150x150.png\" \/><\/span><\/div>\n<div class=\"betterdocs-dynamic-wrapper betterdocs-category-title-counts\"><h2 class=\"betterdocs-category-title\">GPD Pocket 4<\/h2>\n<div data-count=\"14\" class=\"betterdocs-sub-category-items-counts\">\n\t\t<span>\n\t\t 14 Docs\t<\/span>\n<\/div>\n<p class=\"betterdocs-last-update\">\n\tLast Updated: 31 b\u0159ezna, 2026<\/p>\n\n<\/div>\t<\/div>\n<\/div>\n\t<\/div>\n<\/a>\n\t<\/div>\n\t\t<div class=\"clearfix\"><\/div>\n\t<\/div>\n\t\t\t\t<\/div>\n\t\t\t\t\t<\/div>\n\t\t<\/div>\n\t\t\t\t\t<\/div>\n\t\t<\/section>\n\t\t\t\t<\/div>\n\t\t","protected":false},"excerpt":{"rendered":"<p>Popular Docs How to uninstall and install AMD graphics drivers Getting Started with the GPD Pocket 4 How to reinstall Windows on your GPD How to factory reset your GPD Accessories 5 Docs Last Updated: Accessories 5 Docs Last Updated: Accessories 5 Docs Last Updated: Accessories 5 Docs Last Updated: October 3, 2024 Accessories 5 [&hellip;]<\/p>\n","protected":false},"author":1,"featured_media":0,"parent":0,"menu_order":0,"comment_status":"closed","ping_status":"closed","template":"","meta":{"_acf_changed":false,"footnotes":""},"class_list":["post-808300","page","type-page","status-publish","hentry"],"acf":[],"aioseo_notices":[],"_links":{"self":[{"href":"https:\/\/gpdstore.net\/cs\/wp-json\/wp\/v2\/pages\/808300","targetHints":{"allow":["GET"]}}],"collection":[{"href":"https:\/\/gpdstore.net\/cs\/wp-json\/wp\/v2\/pages"}],"about":[{"href":"https:\/\/gpdstore.net\/cs\/wp-json\/wp\/v2\/types\/page"}],"author":[{"embeddable":true,"href":"https:\/\/gpdstore.net\/cs\/wp-json\/wp\/v2\/users\/1"}],"replies":[{"embeddable":true,"href":"https:\/\/gpdstore.net\/cs\/wp-json\/wp\/v2\/comments?post=808300"}],"version-history":[{"count":0,"href":"https:\/\/gpdstore.net\/cs\/wp-json\/wp\/v2\/pages\/808300\/revisions"}],"wp:attachment":[{"href":"https:\/\/gpdstore.net\/cs\/wp-json\/wp\/v2\/media?parent=808300"}],"curies":[{"name":"wp","href":"https:\/\/api.w.org\/{rel}","templated":true}]}}