{"id":221278,"date":"2023-03-23T16:49:44","date_gmt":"2023-03-23T16:49:44","guid":{"rendered":"https:\/\/gpdstore.net\/zasady-pouzivani-souboru-cookie\/"},"modified":"2024-12-11T13:40:35","modified_gmt":"2024-12-11T13:40:35","slug":"zasady-pouzivani-souboru-cookie","status":"publish","type":"page","link":"https:\/\/gpdstore.net\/cs\/zasady-pouzivani-souboru-cookie\/","title":{"rendered":"Z\u00e1sady pou\u017e\u00edv\u00e1n\u00ed soubor\u016f cookie"},"content":{"rendered":"\n<p>N\u00e1sleduj\u00edc\u00ed Z\u00e1sady pou\u017e\u00edv\u00e1n\u00ed soubor\u016f cookie je t\u0159eba br\u00e1t v souladu (ve dvojici) se <a href=\"https:\/\/gpdstore.net\/cs\/podminky-sluzby\/\" target=\"_blank\" data-type=\"URL\" data-id=\"\/terms-of-service\/\" rel=\"noreferrer noopener\">Smluvn\u00edmi podm\u00edn<\/a>kami, <a href=\"https:\/\/gpdstore.net\/cs\/zasady-vraceni-penez-a-vraceni-zbozi\/\" target=\"_blank\" data-type=\"URL\" data-id=\"\/refund-and-returns-policy\/\" rel=\"noreferrer noopener\">Z\u00e1sadami pro vracen\u00ed a vr\u00e1cen\u00ed pen\u011bz<\/a> a <a href=\"https:\/\/gpdstore.net\/cs\/zasady-ochrany-osobnich-udaju\/\" target=\"_blank\" data-type=\"URL\" data-id=\"\/privacy-policy\/\" rel=\"noreferrer noopener\">Z\u00e1sadami ochrany osobn\u00edch \u00fadaj\u016f<\/a>.<\/p>\n\n<ol class=\"wp-block-list\">\n<li>Tyto prodejn\u00ed podm\u00ednky se vztahuj\u00ed na ve\u0161ker\u00e9 zbo\u017e\u00ed dod\u00e1van\u00e9 spole\u010dnost\u00ed DroiX US Corp(Dodavatel).\n<ol class=\"wp-block-list\">\n<li>V uveden\u00e9 smlouv\u011b jsou odkazy na: My (DroiX US Corp) jsme dodavatel a vy (z\u00e1kazn\u00edk).<\/li>\n<\/ol>\n<\/li>\n<\/ol>\n\n<ol class=\"wp-block-list\">\n<li>Webov\u00e9 str\u00e1nky dodavatele pou\u017e\u00edvaj\u00ed soubory cookie k rozli\u0161en\u00ed z\u00e1kazn\u00edka, tj. v\u00e1s, od ostatn\u00edch u\u017eivatel\u016f webov\u00fdch str\u00e1nek. To pom\u00e1h\u00e1 Dodavateli poskytovat v\u00e1m p\u0159i prohl\u00ed\u017een\u00ed webov\u00fdch str\u00e1nek Dodavatele dobr\u00fd z\u00e1\u017eitek a tak\u00e9 umo\u017e\u0148uje Dodavateli zlep\u0161ovat na\u0161e str\u00e1nky. Pokra\u010dov\u00e1n\u00edm v prohl\u00ed\u017een\u00ed str\u00e1nek souhlas\u00edte s t\u00edm, \u017ee Dodavatel pou\u017e\u00edv\u00e1 soubory cookie.  <\/li>\n\n\n\n<li>Soubor cookie je mal\u00fd soubor slo\u017een\u00fd z p\u00edsmen a \u010d\u00edsel, kter\u00fd dodavatel ulo\u017e\u00ed do va\u0161eho prohl\u00ed\u017ee\u010de nebo na pevn\u00fd disk va\u0161eho po\u010d\u00edta\u010de \u010di mobiln\u00edho telefonu, pokud s t\u00edm souhlas\u00edte. Soubory cookie obsahuj\u00ed informace, kter\u00e9 se p\u0159en\u00e1\u0161ej\u00ed na pevn\u00fd disk va\u0161eho po\u010d\u00edta\u010de. <\/li>\n\n\n\n<li>Dodavatel pou\u017e\u00edv\u00e1 n\u00e1sleduj\u00edc\u00ed soubory cookie:\n<ol class=\"wp-block-list\">\n<li>Nezbytn\u011b nutn\u00e9 soubory cookie. Jedn\u00e1 se o soubory cookie, kter\u00e9 jsou nezbytn\u00e9 pro provoz webov\u00fdch str\u00e1nek dodavatele. Pat\u0159\u00ed mezi n\u011b nap\u0159\u00edklad soubory cookie, kter\u00e9 umo\u017e\u0148uj\u00ed p\u0159ihl\u00e1\u0161en\u00ed do zabezpe\u010den\u00fdch oblast\u00ed webov\u00fdch str\u00e1nek Dodavatele a prov\u00e1d\u011bn\u00ed transakc\u00ed.  <\/li>\n\n\n\n<li>Analytick\u00e9\/v\u00fdkonnostn\u00ed soubory cookie. Umo\u017e\u0148uj\u00ed dodavateli rozpoznat a spo\u010d\u00edtat po\u010det n\u00e1v\u0161t\u011bvn\u00edk\u016f a zjistit, jak se n\u00e1v\u0161t\u011bvn\u00edci pohybuj\u00ed po webov\u00fdch str\u00e1nk\u00e1ch dodavatele, kdy\u017e je pou\u017e\u00edvaj\u00ed. To Dodavateli pom\u00e1h\u00e1 zlep\u0161ovat fungov\u00e1n\u00ed webov\u00fdch str\u00e1nek, nap\u0159\u00edklad t\u00edm, \u017ee zaji\u0161\u0165uje, aby u\u017eivatel\u00e9 snadno a bez pot\u00ed\u017e\u00ed na\u0161li to, co hledaj\u00ed.  <\/li>\n\n\n\n<li>Dodavatel pou\u017e\u00edv\u00e1 soubory cookie slu\u017eby Google Analytics. Google Analytics shroma\u017e\u010fuje informace anonymn\u011b. Uv\u00e1d\u00ed trendy na webov\u00fdch str\u00e1nk\u00e1ch bez identifikace jednotliv\u00fdch n\u00e1v\u0161t\u011bvn\u00edk\u016f. Slu\u017ebu Google Analytics m\u016f\u017eete odhl\u00e1sit, ani\u017e by to m\u011blo vliv na zp\u016fsob, jak\u00fdm tyto str\u00e1nky nav\u0161t\u011bvujete. Dal\u0161\u00ed informace o slu\u017eb\u011b Google Analytics naleznete zde.    <\/li>\n\n\n\n<li>C\u00edlen\u00ed soubor\u016f cookie. Tyto soubory cookie zaznamen\u00e1vaj\u00ed va\u0161i n\u00e1v\u0161t\u011bvu webov\u00fdch str\u00e1nek dodavatele, nav\u0161t\u00edven\u00e9 str\u00e1nky a odkazy, kter\u00e9 jste n\u00e1sledovali. Dodavatel tyto informace pou\u017e\u00edv\u00e1 k tomu, aby webov\u00e9 str\u00e1nky a reklama na nich zobrazovan\u00e1 l\u00e9pe odpov\u00eddaly va\u0161im z\u00e1jm\u016fm. Dodavatel m\u016f\u017ee tyto informace za t\u00edmto \u00fa\u010delem sd\u00edlet tak\u00e9 s t\u0159et\u00edmi stranami.   <\/li>\n<\/ol>\n<\/li>\n\n\n\n<li>Vezm\u011bte pros\u00edm na v\u011bdom\u00ed, \u017ee t\u0159et\u00ed strany (v\u010detn\u011b nap\u0159\u00edklad reklamn\u00edch s\u00edt\u00ed a poskytovatel\u016f extern\u00edch slu\u017eeb, jako jsou slu\u017eby anal\u00fdzy webov\u00e9ho provozu) mohou rovn\u011b\u017e pou\u017e\u00edvat soubory cookie, nad kter\u00fdmi nem\u00e1 dodavatel kontrolu. Tyto soubory cookie budou pravd\u011bpodobn\u011b analytick\u00e9\/v\u00fdkonnostn\u00ed nebo c\u00edlen\u00e9 soubory cookie. <\/li>\n\n\n\n<li>Soubory cookie m\u016f\u017eete zablokovat aktivac\u00ed nastaven\u00ed prohl\u00ed\u017ee\u010de, kter\u00e9 umo\u017e\u0148uje odm\u00edtnout nastaven\u00ed v\u0161ech nebo n\u011bkter\u00fdch soubor\u016f cookie. Pokud v\u0161ak pomoc\u00ed nastaven\u00ed prohl\u00ed\u017ee\u010de zablokujete v\u0161echny soubory cookie (v\u010detn\u011b z\u00e1kladn\u00edch soubor\u016f cookie), je mo\u017en\u00e9, \u017ee nebudete m\u00edt p\u0159\u00edstup ke v\u0161em webov\u00fdm str\u00e1nk\u00e1m dodavatele nebo k jejich \u010d\u00e1stem. <\/li>\n<\/ol>\n\n<p>Posledn\u00ed aktualizace z\u00e1sad pou\u017e\u00edv\u00e1n\u00ed soubor\u016f cookie: 23. b\u0159ezna 2023 &#8211; 16:48.<\/p>\n","protected":false},"excerpt":{"rendered":"<p>N\u00e1sleduj\u00edc\u00ed Z\u00e1sady pou\u017e\u00edv\u00e1n\u00ed soubor\u016f cookie je t\u0159eba br\u00e1t v souladu (ve dvojici) se Smluvn\u00edmi podm\u00ednkami, Z\u00e1sadami pro vracen\u00ed a vr\u00e1cen\u00ed pen\u011bz a Z\u00e1sadami ochrany osobn\u00edch \u00fadaj\u016f. Posledn\u00ed aktualizace z\u00e1sad pou\u017e\u00edv\u00e1n\u00ed soubor\u016f cookie: 23. b\u0159ezna 2023 &#8211; 16:48.<\/p>\n","protected":false},"author":1,"featured_media":0,"parent":0,"menu_order":0,"comment_status":"closed","ping_status":"closed","template":"template-fullwidth.php","meta":{"_acf_changed":false,"footnotes":""},"class_list":["post-221278","page","type-page","status-publish","hentry"],"acf":[],"aioseo_notices":[],"_links":{"self":[{"href":"https:\/\/gpdstore.net\/cs\/wp-json\/wp\/v2\/pages\/221278","targetHints":{"allow":["GET"]}}],"collection":[{"href":"https:\/\/gpdstore.net\/cs\/wp-json\/wp\/v2\/pages"}],"about":[{"href":"https:\/\/gpdstore.net\/cs\/wp-json\/wp\/v2\/types\/page"}],"author":[{"embeddable":true,"href":"https:\/\/gpdstore.net\/cs\/wp-json\/wp\/v2\/users\/1"}],"replies":[{"embeddable":true,"href":"https:\/\/gpdstore.net\/cs\/wp-json\/wp\/v2\/comments?post=221278"}],"version-history":[{"count":0,"href":"https:\/\/gpdstore.net\/cs\/wp-json\/wp\/v2\/pages\/221278\/revisions"}],"wp:attachment":[{"href":"https:\/\/gpdstore.net\/cs\/wp-json\/wp\/v2\/media?parent=221278"}],"curies":[{"name":"wp","href":"https:\/\/api.w.org\/{rel}","templated":true}]}}